{"id":14521,"date":"2026-04-21T15:56:52","date_gmt":"2026-04-21T08:56:52","guid":{"rendered":"https:\/\/thietbidienlama.com\/?post_type=product&#038;p=14521"},"modified":"2026-04-21T15:57:21","modified_gmt":"2026-04-21T08:57:21","slug":"mat-cong-tac-vuong-panasonic-dung-2-thiet-bi","status":"publish","type":"product","link":"https:\/\/www.thietbidienlama.com\/en\/mat-cong-tac-vuong-panasonic-dung-2-thiet-bi\/","title":{"rendered":"M\u1eb7t C\u00f4ng T\u1eafc Vu\u00f4ng Panasonic D\u00f9ng 2 Thi\u1ebft B\u1ecb Wide Tr\u1eafng Panasonic"},"content":{"rendered":"<h1 style=\"text-align: center;\"><span style=\"font-family: 'times new roman', times, serif; font-size: 18pt; color: #000000;\">M\u1eb7t C\u00f4ng T\u1eafc Vu\u00f4ng Panasonic D\u00f9ng 2 Thi\u1ebft B\u1ecb Wide Tr\u1eafng Panasonic<\/span><\/h1>\n<div data-sfc-cp=\"\" data-sfc-root=\"c\" data-sfc-cb=\"\" data-hveid=\"CAEIARAA\" data-processed=\"true\" data-complete=\"true\"><span style=\"font-family: 'times new roman', times, serif; font-size: 14pt; color: #000000;\"><span style=\"color: #ff6600;\"><strong><a style=\"color: #ff6600;\" href=\"https:\/\/thietbidienlama.com\/mat-vuong-panasonic\/\">M\u1eb7t c\u00f4ng t\u1eafc vu\u00f4ng Panasonic<\/a><\/strong><\/span> Wide (m\u00e3 WEB7812SW)\u00a0l\u00e0 phi\u00ean b\u1ea3n thi\u1ebft k\u1ebf d\u1ea1ng vu\u00f4ng d\u00f9ng \u0111\u1ec3 l\u1eafp \u0111\u1eb7t cho\u00a02 thi\u1ebft b\u1ecb (2 h\u1ea1t c\u00f4ng t\u1eafc ho\u1eb7c 2 h\u1ea1t \u1ed5 c\u1eafm \u0111\u01a1n). \u0110\u00e2y l\u00e0 l\u1ef1a ch\u1ecdn ho\u00e0n h\u1ea3o \u0111\u1ec3 t\u1ed1i \u01b0u h\u00f3a kh\u00f4ng gian b\u1ea3ng \u0111i\u1ec7n m\u00e0 v\u1eabn gi\u1eef \u0111\u01b0\u1ee3c s\u1ef1 c\u00e2n \u0111\u1ed1i v\u00e0 sang tr\u1ecdng cho ng\u00f4i nh\u00e0.<\/span><\/div>\n<div data-sfc-cp=\"\" data-sfc-root=\"c\" data-sfc-cb=\"\" data-hveid=\"CAEIARAA\" data-processed=\"true\" data-complete=\"true\">\n<div id=\"attachment_14522\" style=\"width: 410px\" class=\"wp-caption aligncenter\"><img fetchpriority=\"high\" decoding=\"async\" aria-describedby=\"caption-attachment-14522\" class=\"wp-image-14522 size-full\" src=\"http:\/\/thietbidienlama.com\/wp-content\/uploads\/2026\/04\/Mat-Cong-Tac-Vuong-Panasonic-Dung-2-Thiet-Bi-Wide-Trang-Panasonic.jpg\" alt=\"M\u1eb7t C\u00f4ng T\u1eafc Vu\u00f4ng Panasonic D\u00f9ng 2 Thi\u1ebft B\u1ecb Wide Tr\u1eafng Panasonic\" width=\"400\" height=\"400\" srcset=\"https:\/\/www.thietbidienlama.com\/wp-content\/uploads\/2026\/04\/Mat-Cong-Tac-Vuong-Panasonic-Dung-2-Thiet-Bi-Wide-Trang-Panasonic.jpg 400w, https:\/\/www.thietbidienlama.com\/wp-content\/uploads\/2026\/04\/Mat-Cong-Tac-Vuong-Panasonic-Dung-2-Thiet-Bi-Wide-Trang-Panasonic-300x300.jpg 300w, https:\/\/www.thietbidienlama.com\/wp-content\/uploads\/2026\/04\/Mat-Cong-Tac-Vuong-Panasonic-Dung-2-Thiet-Bi-Wide-Trang-Panasonic-150x150.jpg 150w, https:\/\/www.thietbidienlama.com\/wp-content\/uploads\/2026\/04\/Mat-Cong-Tac-Vuong-Panasonic-Dung-2-Thiet-Bi-Wide-Trang-Panasonic-12x12.jpg 12w\" sizes=\"(max-width: 400px) 100vw, 400px\" \/><p id=\"caption-attachment-14522\" class=\"wp-caption-text\">M\u1eb7t C\u00f4ng T\u1eafc Vu\u00f4ng Panasonic D\u00f9ng 2 Thi\u1ebft B\u1ecb<\/p><\/div>\n<\/div>\n<h2 role=\"heading\" aria-level=\"3\" data-sfc-root=\"c\" data-complete=\"true\" data-processed=\"true\"><span style=\"font-family: 'times new roman', times, serif; font-size: 18pt; color: #ff6600;\">Th\u00f4ng s\u1ed1 k\u1ef9 thu\u1eadt<\/span><\/h2>\n<ul data-sfc-root=\"c\" data-sfc-cb=\"\" data-complete=\"true\" data-processed=\"true\">\n<li data-sfc-cp=\"\" data-sfc-root=\"c\" data-sfc-cb=\"\" data-hveid=\"CAEIAxAA\" data-complete=\"true\" data-sae=\"\"><span style=\"font-family: 'times new roman', times, serif; font-size: 14pt; color: #000000;\">M\u00e3 s\u1ea3n ph\u1ea9m:\u00a0WEB7812SW.<\/span><\/li>\n<li data-sfc-cp=\"\" data-sfc-root=\"c\" data-sfc-cb=\"\" data-hveid=\"CAEIAxAB\" data-complete=\"true\" data-sae=\"\"><span style=\"font-family: 'times new roman', times, serif; font-size: 14pt; color: #000000;\">D\u00f2ng s\u1ea3n ph\u1ea9m:\u00a0Wide Series.<\/span><\/li>\n<li data-sfc-cp=\"\" data-sfc-root=\"c\" data-sfc-cb=\"\" data-hveid=\"CAEIAxAC\" data-complete=\"true\" data-sae=\"\"><span style=\"font-family: 'times new roman', times, serif; font-size: 14pt; color: #000000;\">S\u1ed1 thi\u1ebft b\u1ecb:\u00a0D\u00f9ng cho 2 thi\u1ebft b\u1ecb (1 gang 2 devices).<\/span><\/li>\n<li data-sfc-cp=\"\" data-sfc-root=\"c\" data-sfc-cb=\"\" data-hveid=\"CAEIAxAD\" data-complete=\"true\" data-sae=\"\"><span style=\"font-family: 'times new roman', times, serif; font-size: 14pt; color: #000000;\">M\u00e0u s\u1eafc:\u00a0Tr\u1eafng tuy\u1ebft (Snow White).<\/span><\/li>\n<li data-sfc-cp=\"\" data-sfc-root=\"c\" data-sfc-cb=\"\" data-hveid=\"CAEIAxAE\" data-complete=\"true\" data-sae=\"\"><span style=\"font-family: 'times new roman', times, serif; font-size: 14pt; color: #000000;\">Ch\u1ea5t li\u1ec7u:\u00a0Nh\u1ef1a Urea Resin cao c\u1ea5p, b\u1ec1 m\u1eb7t b\u00f3ng m\u1ecbn, ch\u1ed1ng b\u00e1m b\u1ea9n v\u00e0 ch\u1ed1ng ch\u00e1y.<\/span><\/li>\n<li data-sfc-cp=\"\" data-sfc-root=\"c\" data-sfc-cb=\"\" data-hveid=\"CAEIAxAF\" data-complete=\"true\" data-sae=\"\"><span style=\"font-family: 'times new roman', times, serif; font-size: 14pt; color: #000000;\">K\u00edch th\u01b0\u1edbc:\u00a0Theo ti\u00eau chu\u1ea9n m\u1eb7t vu\u00f4ng Panasonic.<\/span><\/li>\n<li data-sfc-cp=\"\" data-sfc-root=\"c\" data-sfc-cb=\"\" data-hveid=\"CAEIAxAG\" data-complete=\"true\" data-sae=\"\"><span style=\"font-family: 'times new roman', times, serif; font-size: 14pt; color: #000000;\">\u0110\u1ebf t\u01b0\u01a1ng th\u00edch:\u00a0S\u1eed d\u1ee5ng v\u1edbi c\u00e1c lo\u1ea1i\u00a0\u0111\u1ebf vu\u00f4ng \u00e2m t\u01b0\u1eddng ho\u1eb7c n\u1ed5i.<\/span><\/li>\n<\/ul>\n<h2 role=\"heading\" aria-level=\"3\" data-sfc-root=\"c\" data-complete=\"true\" data-processed=\"true\"><span style=\"font-family: 'times new roman', times, serif; font-size: 18pt; color: #ff6600;\">\u0110\u1eb7c \u0111i\u1ec3m n\u1ed5i b\u1eadt<\/span><\/h2>\n<ul data-sfc-root=\"c\" data-sfc-cb=\"\" data-complete=\"true\" data-processed=\"true\">\n<li data-sfc-cp=\"\" data-sfc-root=\"c\" data-sfc-cb=\"\" data-hveid=\"CAEIBRAA\" data-complete=\"true\" data-sae=\"\"><span style=\"font-family: 'times new roman', times, serif; font-size: 14pt; color: #000000;\">Th\u1ea9m m\u1ef9 hi\u1ec7n \u0111\u1ea1i:\u00a0Thi\u1ebft k\u1ebf vu\u00f4ng v\u1ee9c gi\u00fap t\u1ea1o s\u1ef1 kh\u00e1c bi\u1ec7t so v\u1edbi c\u00e1c d\u00f2ng m\u1eb7t ch\u1eef nh\u1eadt ph\u1ed5 bi\u1ebfn, mang l\u1ea1i c\u1ea3m gi\u00e1c \u0111\u1eb3ng c\u1ea5p cho kh\u00f4ng gian n\u1ed9i th\u1ea5t.<\/span><\/li>\n<li data-sfc-cp=\"\" data-sfc-root=\"c\" data-sfc-cb=\"\" data-hveid=\"CAEIBRAB\" data-complete=\"true\" data-sae=\"\"><span style=\"font-family: 'times new roman', times, serif; font-size: 14pt; color: #000000;\">Ch\u1ea5t l\u01b0\u1ee3ng Nh\u1eadt B\u1ea3n:\u00a0\u0110\u1ed9 b\u1ec1n c\u1ef1c cao, kh\u00f4ng b\u1ecb gi\u00f2n g\u00e3y hay ng\u1ea3 v\u00e0ng sau nhi\u1ec1u n\u0103m s\u1eed d\u1ee5ng.<\/span><\/li>\n<li data-sfc-cp=\"\" data-sfc-root=\"c\" data-sfc-cb=\"\" data-hveid=\"CAEIBRAC\" data-complete=\"true\" data-sae=\"\"><span style=\"font-family: 'times new roman', times, serif; font-size: 14pt; color: #000000;\" data-sfc-cp=\"\" data-sfc-root=\"c\" data-sfc-cb=\"\" data-complete=\"true\" aria-owns=\"action-menu-parent-container\">Ti\u1ec7n d\u1ee5ng:\u00a0Cho ph\u00e9p k\u1ebft h\u1ee3p linh ho\u1ea1t 2 thi\u1ebft b\u1ecb kh\u00e1c nhau tr\u00ean c\u00f9ng m\u1ed9t m\u1eb7t n\u1ea1 (v\u00ed d\u1ee5: 1 c\u00f4ng t\u1eafc + 1 \u1ed5 c\u1eafm ho\u1eb7c 2 c\u00f4ng t\u1eafc)<\/span><\/li>\n<\/ul>\n<p><span style=\"font-family: 'times new roman', times, serif; font-size: 14pt; color: #000000;\"><strong>Facebook:\u00a0<span style=\"color: #ff6600;\"><a style=\"color: #ff6600;\" href=\"https:\/\/www.facebook.com\/thietbidienlama\" target=\"_blank\" rel=\"noopener\">THI\u1ebeT\u00a0B\u1eca \u0110I\u1ec6N LAMA<\/a><\/span><\/strong><\/span><\/p>\n<p><span style=\"font-family: 'times new roman', times, serif; font-size: 14pt; color: #000000;\"><strong>Tiktok:\u00a0<span style=\"color: #ff6600;\"><a style=\"color: #ff6600;\" href=\"https:\/\/www.tiktok.com\/@thietbidienlama\" target=\"_blank\" rel=\"noopener\">THI\u1ebeT\u00a0B\u1eca \u0110I\u1ec6N LAMA<\/a><\/span><\/strong><\/span><\/p>\n<p><span style=\"font-family: 'times new roman', times, serif; font-size: 14pt; color: #000000;\"><strong>Youtube:\u00a0<span style=\"color: #ff6600;\"><a style=\"color: #ff6600;\" href=\"https:\/\/www.youtube.com\/@thietbidienlama\" target=\"_blank\" rel=\"noopener\">THI\u1ebeT\u00a0B\u1eca \u0110I\u1ec6N LAMA<\/a><\/span><\/strong><\/span><\/p>","protected":false},"excerpt":{"rendered":"<p>M\u1eb7t C\u00f4ng T\u1eafc Vu\u00f4ng Panasonic D\u00f9ng 2 Thi\u1ebft B\u1ecb Wide Tr\u1eafng Panasonic M\u1eb7t c\u00f4ng t\u1eafc vu\u00f4ng Panasonic Wide (m\u00e3 WEB7812SW)\u00a0l\u00e0<\/p>","protected":false},"featured_media":14522,"comment_status":"closed","ping_status":"closed","template":"","meta":[],"product_brand":[],"product_cat":[911,955],"product_tag":[1078],"class_list":{"0":"post-14521","1":"product","2":"type-product","3":"status-publish","4":"has-post-thumbnail","6":"product_cat-mat-panasonic","7":"product_cat-mat-vuong-panasonic","8":"product_tag-mat-cong-tac-vuong-panasonic","10":"first","11":"instock","12":"sale","13":"shipping-taxable","14":"purchasable","15":"product-type-simple"},"_links":{"self":[{"href":"https:\/\/www.thietbidienlama.com\/en\/wp-json\/wp\/v2\/product\/14521","targetHints":{"allow":["GET"]}}],"collection":[{"href":"https:\/\/www.thietbidienlama.com\/en\/wp-json\/wp\/v2\/product"}],"about":[{"href":"https:\/\/www.thietbidienlama.com\/en\/wp-json\/wp\/v2\/types\/product"}],"replies":[{"embeddable":true,"href":"https:\/\/www.thietbidienlama.com\/en\/wp-json\/wp\/v2\/comments?post=14521"}],"version-history":[{"count":3,"href":"https:\/\/www.thietbidienlama.com\/en\/wp-json\/wp\/v2\/product\/14521\/revisions"}],"predecessor-version":[{"id":14525,"href":"https:\/\/www.thietbidienlama.com\/en\/wp-json\/wp\/v2\/product\/14521\/revisions\/14525"}],"wp:featuredmedia":[{"embeddable":true,"href":"https:\/\/www.thietbidienlama.com\/en\/wp-json\/wp\/v2\/media\/14522"}],"wp:attachment":[{"href":"https:\/\/www.thietbidienlama.com\/en\/wp-json\/wp\/v2\/media?parent=14521"}],"wp:term":[{"taxonomy":"product_brand","embeddable":true,"href":"https:\/\/www.thietbidienlama.com\/en\/wp-json\/wp\/v2\/product_brand?post=14521"},{"taxonomy":"product_cat","embeddable":true,"href":"https:\/\/www.thietbidienlama.com\/en\/wp-json\/wp\/v2\/product_cat?post=14521"},{"taxonomy":"product_tag","embeddable":true,"href":"https:\/\/www.thietbidienlama.com\/en\/wp-json\/wp\/v2\/product_tag?post=14521"}],"curies":[{"name":"wp","href":"https:\/\/api.w.org\/{rel}","templated":true}]}}