{"id":14507,"date":"2026-04-21T12:58:56","date_gmt":"2026-04-21T05:58:56","guid":{"rendered":"https:\/\/thietbidienlama.com\/?post_type=product&#038;p=14507"},"modified":"2026-04-21T12:58:57","modified_gmt":"2026-04-21T05:58:57","slug":"den-led-op-tran-cam-bien-loai-vuong-noi-12w","status":"publish","type":"product","link":"https:\/\/www.thietbidienlama.com\/en\/den-led-op-tran-cam-bien-loai-vuong-noi-12w\/","title":{"rendered":"\u0110\u00e8n Led \u1ed0p Tr\u1ea7n C\u1ea3m Bi\u1ebfn Lo\u1ea1i Vu\u00f4ng N\u1ed5i 12W Nanoco NPL126SS"},"content":{"rendered":"<h1 style=\"text-align: center;\" data-sfc-root=\"c\" data-hveid=\"CAEIAhAA\" data-complete=\"true\" data-processed=\"true\"><span style=\"font-family: 'times new roman', times, serif; font-size: 18pt; color: #000000;\">\u0110\u00e8n Led \u1ed0p Tr\u1ea7n C\u1ea3m Bi\u1ebfn Lo\u1ea1i Vu\u00f4ng N\u1ed5i 12W Nanoco NPL126SS<\/span><\/h1>\n<div data-sfc-cp=\"\" data-sfc-root=\"c\" data-sfc-cb=\"\" data-hveid=\"CAEIAhAA\" data-complete=\"true\" data-processed=\"true\"><span style=\"font-family: 'times new roman', times, serif; font-size: 14pt; color: #000000;\"><strong><span style=\"color: #ff6600;\"><a style=\"color: #ff6600;\" href=\"https:\/\/thietbidienlama.com\/den-tran-nanoco\/\">\u0110\u00e8n LED \u1ed1p tr\u1ea7n<\/a><\/span><\/strong> c\u1ea3m bi\u1ebfn Nanoco NPL126SS (12W)\u00a0l\u00e0 d\u00f2ng \u0111\u00e8n l\u1eafp n\u1ed5i d\u1ea1ng vu\u00f4ng, t\u00edch h\u1ee3p c\u1ea3m bi\u1ebfn chuy\u1ec3n \u0111\u1ed9ng h\u1ed3ng ngo\u1ea1i hi\u1ec7n \u0111\u1ea1i. \u0110\u00e2y l\u00e0 gi\u1ea3i ph\u00e1p chi\u1ebfu s\u00e1ng th\u00f4ng minh, gi\u00fap t\u1ef1 \u0111\u1ed9ng h\u00f3a vi\u1ec7c b\u1eadt\/t\u1eaft \u0111\u00e8n, c\u1ef1c k\u1ef3 ti\u1ec7n l\u1ee3i cho c\u00e1c khu v\u1ef1c \u00edt ng\u01b0\u1eddi qua l\u1ea1i th\u01b0\u1eddng xuy\u00ean nh\u01b0 c\u1ea7u thang, h\u00e0nh lang, nh\u00e0 kho ho\u1eb7c ban c\u00f4ng.<\/span><\/div>\n<div data-sfc-cp=\"\" data-sfc-root=\"c\" data-sfc-cb=\"\" data-hveid=\"CAEIAhAA\" data-complete=\"true\" data-processed=\"true\">\n<div id=\"attachment_14509\" style=\"width: 610px\" class=\"wp-caption aligncenter\"><img fetchpriority=\"high\" decoding=\"async\" aria-describedby=\"caption-attachment-14509\" class=\"wp-image-14509 size-full\" src=\"http:\/\/thietbidienlama.com\/wp-content\/uploads\/2026\/04\/Den-Led-Op-Tran-Cam-Bien-Loai-Vuong-Noi-12W-Nanoco-NPL126SS.jpg\" alt=\"\u0110\u00e8n Led \u1ed0p Tr\u1ea7n C\u1ea3m Bi\u1ebfn Lo\u1ea1i Vu\u00f4ng N\u1ed5i 12W Nanoco NPL126SS\" width=\"600\" height=\"600\" srcset=\"https:\/\/www.thietbidienlama.com\/wp-content\/uploads\/2026\/04\/Den-Led-Op-Tran-Cam-Bien-Loai-Vuong-Noi-12W-Nanoco-NPL126SS.jpg 600w, https:\/\/www.thietbidienlama.com\/wp-content\/uploads\/2026\/04\/Den-Led-Op-Tran-Cam-Bien-Loai-Vuong-Noi-12W-Nanoco-NPL126SS-300x300.jpg 300w, https:\/\/www.thietbidienlama.com\/wp-content\/uploads\/2026\/04\/Den-Led-Op-Tran-Cam-Bien-Loai-Vuong-Noi-12W-Nanoco-NPL126SS-150x150.jpg 150w, https:\/\/www.thietbidienlama.com\/wp-content\/uploads\/2026\/04\/Den-Led-Op-Tran-Cam-Bien-Loai-Vuong-Noi-12W-Nanoco-NPL126SS-12x12.jpg 12w\" sizes=\"(max-width: 600px) 100vw, 600px\" \/><p id=\"caption-attachment-14509\" class=\"wp-caption-text\">\u00a0 \u00a0 \u00a0 \u00a0 \u00a0 \u00a0 \u00a0 \u00a0 \u00a0 \u00a0\u0110\u00e8n Led \u1ed0p Tr\u1ea7n C\u1ea3m Bi\u1ebfn Lo\u1ea1i Vu\u00f4ng N\u1ed5i 12W Nanoco NPL126SS<\/p><\/div>\n<\/div>\n<h2 role=\"heading\" aria-level=\"3\" data-sfc-root=\"c\" data-complete=\"true\" data-processed=\"true\"><span style=\"font-family: 'times new roman', times, serif; font-size: 18pt; color: #ff6600;\">Th\u00f4ng s\u1ed1 k\u1ef9 thu\u1eadt chi ti\u1ebft<\/span><\/h2>\n<ul data-sfc-root=\"c\" data-sfc-cb=\"\" data-processed=\"true\" data-complete=\"true\">\n<li data-sfc-root=\"c\" data-sfc-cb=\"\" data-hveid=\"CAEIBBAA\" data-complete=\"true\" data-sae=\"\"><span style=\"font-family: 'times new roman', times, serif; font-size: 14pt; color: #000000;\">C\u00f4ng su\u1ea5t:\u00a012W.<\/span><\/li>\n<li data-sfc-root=\"c\" data-sfc-cb=\"\" data-hveid=\"CAEIBBAB\" data-complete=\"true\" data-sae=\"\"><span style=\"font-family: 'times new roman', times, serif; font-size: 14pt; color: #000000;\">\u0110i\u1ec7n th\u1ebf:\u00a0220V &#8211; 240V \/ 50-60Hz.<\/span><\/li>\n<li data-sfc-root=\"c\" data-sfc-cb=\"\" data-hveid=\"CAEIBBAC\" data-complete=\"true\" data-sae=\"\"><span style=\"font-family: 'times new roman', times, serif; font-size: 14pt; color: #000000;\">\u00c1nh s\u00e1ng:\u00a0Tr\u1eafng (6500K).<\/span><\/li>\n<li data-sfc-root=\"c\" data-sfc-cb=\"\" data-hveid=\"CAEIBBAD\" data-complete=\"true\" data-sae=\"\"><span style=\"font-family: 'times new roman', times, serif; font-size: 14pt; color: #000000;\">Quang th\u00f4ng:\u00a0840lm.<\/span><\/li>\n<li data-sfc-root=\"c\" data-sfc-cb=\"\" data-hveid=\"CAEIBBAE\" data-complete=\"true\" data-sae=\"\"><span style=\"font-family: 'times new roman', times, serif; font-size: 14pt; color: #000000;\">K\u00edch th\u01b0\u1edbc:\u00a0170 x 170 x 38mm (M\u1ed9t s\u1ed1 ngu\u1ed3n ghi 162 x 162 x 40mm).<\/span><\/li>\n<li data-sfc-root=\"c\" data-sfc-cb=\"\" data-hveid=\"CAEIBBAF\" data-complete=\"true\" data-sae=\"\"><span style=\"font-family: 'times new roman', times, serif; font-size: 14pt; color: #000000;\">Ch\u1ec9 s\u1ed1 ho\u00e0n m\u00e0u:\u00a0CRI Ra80 (gi\u00fap m\u00e0u s\u1eafc v\u1eadt th\u1ec3 trung th\u1ef1c).<\/span><\/li>\n<li data-sfc-root=\"c\" data-sfc-cb=\"\" data-hveid=\"CAEIBBAG\" data-complete=\"true\" data-sae=\"\"><span style=\"font-family: 'times new roman', times, serif; font-size: 14pt; color: #000000;\">G\u00f3c chi\u1ebfu:\u00a0120\u00b0.<\/span><\/li>\n<li data-sfc-root=\"c\" data-sfc-cb=\"\" data-hveid=\"CAEIBBAH\" data-complete=\"true\" data-sae=\"\"><span style=\"font-family: 'times new roman', times, serif; font-size: 14pt; color: #000000;\">Tu\u1ed5i th\u1ecd:\u00a025.000 gi\u1edd.<\/span><\/li>\n<li data-sfc-root=\"c\" data-sfc-cb=\"\" data-hveid=\"CAEIBBAI\" data-sae=\"\" data-complete=\"true\"><span style=\"font-family: 'times new roman', times, serif; font-size: 14pt; color: #000000;\">C\u1ea5p b\u1ea3o v\u1ec7:\u00a0IP20 (s\u1eed d\u1ee5ng trong nh\u00e0).<\/span><\/li>\n<\/ul>\n<div id=\"attachment_14508\" style=\"width: 610px\" class=\"wp-caption aligncenter\"><img decoding=\"async\" aria-describedby=\"caption-attachment-14508\" class=\"wp-image-14508 size-full\" src=\"http:\/\/thietbidienlama.com\/wp-content\/uploads\/2026\/04\/Den-Led-Op-Tran-Cam-Bien-Loai-Vuong-bat-den-khi-co-chuyen-dong.jpg\" alt=\"\u0110\u00e8n Led \u1ed0p Tr\u1ea7n C\u1ea3m Bi\u1ebfn Lo\u1ea1i Vu\u00f4ng B\u1eadt \u0111\u00e8n Khi C\u00f3 Chuy\u1ec3n \u0111\u1ed9ng\" width=\"600\" height=\"600\" srcset=\"https:\/\/www.thietbidienlama.com\/wp-content\/uploads\/2026\/04\/Den-Led-Op-Tran-Cam-Bien-Loai-Vuong-bat-den-khi-co-chuyen-dong.jpg 600w, https:\/\/www.thietbidienlama.com\/wp-content\/uploads\/2026\/04\/Den-Led-Op-Tran-Cam-Bien-Loai-Vuong-bat-den-khi-co-chuyen-dong-300x300.jpg 300w, https:\/\/www.thietbidienlama.com\/wp-content\/uploads\/2026\/04\/Den-Led-Op-Tran-Cam-Bien-Loai-Vuong-bat-den-khi-co-chuyen-dong-150x150.jpg 150w, https:\/\/www.thietbidienlama.com\/wp-content\/uploads\/2026\/04\/Den-Led-Op-Tran-Cam-Bien-Loai-Vuong-bat-den-khi-co-chuyen-dong-12x12.jpg 12w\" sizes=\"(max-width: 600px) 100vw, 600px\" \/><p id=\"caption-attachment-14508\" class=\"wp-caption-text\">\u00a0 \u00a0 \u00a0 \u00a0 \u00a0 \u00a0 \u00a0 \u00a0 \u00a0 \u00a0 \u00a0\u0110\u00e8n Led \u1ed0p Tr\u1ea7n C\u1ea3m Bi\u1ebfn Lo\u1ea1i Vu\u00f4ng B\u1eadt \u0111\u00e8n Khi C\u00f3 Chuy\u1ec3n \u0111\u1ed9ng<\/p><\/div>\n<h2 role=\"heading\" aria-level=\"3\" data-sfc-root=\"c\" data-complete=\"true\" data-processed=\"true\"><span style=\"font-family: 'times new roman', times, serif; font-size: 18pt; color: #ff6600;\">\u0110\u1eb7c \u0111i\u1ec3m n\u1ed5i b\u1eadt &amp; Ho\u1ea1t \u0111\u1ed9ng<\/span><\/h2>\n<ul data-sfc-root=\"c\" data-sfc-cb=\"\" data-complete=\"true\" data-processed=\"true\">\n<li data-sfc-root=\"c\" data-sfc-cb=\"\" data-hveid=\"CAEIBhAA\" data-complete=\"true\" data-sae=\"\"><span style=\"font-family: 'times new roman', times, serif; font-size: 14pt; color: #000000;\">C\u1ea3m bi\u1ebfn th\u00f4ng minh:\u00a0\u0110\u00e8n t\u1ef1 \u0111\u1ed9ng b\u1eadt khi ph\u00e1t hi\u1ec7n c\u00f3 ng\u01b0\u1eddi di chuy\u1ec3n v\u00e0o v\u00f9ng qu\u00e9t v\u00e0 t\u1ef1 \u0111\u1ed9ng t\u1eaft sau kho\u1ea3ng\u00a030 &#8211; 45 gi\u00e2y\u00a0khi kh\u00f4ng c\u00f2n chuy\u1ec3n \u0111\u1ed9ng.<\/span><\/li>\n<li data-sfc-root=\"c\" data-sfc-cb=\"\" data-hveid=\"CAEIBhAB\" data-complete=\"true\" data-sae=\"\"><span style=\"font-family: 'times new roman', times, serif; font-size: 14pt; color: #000000;\">Ch\u1ea5t li\u1ec7u cao c\u1ea5p:\u00a0Khung \u0111\u00e8n b\u1eb1ng kim lo\u1ea1i ch\u1eafc ch\u1eafn k\u1ebft h\u1ee3p v\u1edbi ch\u00f3a \u0111\u00e8n nh\u1ef1a cao c\u1ea5p gi\u00fap t\u00e1n quang \u0111\u1ed3ng \u0111\u1ec1u, kh\u00f4ng g\u00e2y ch\u00f3i m\u1eaft.<\/span><\/li>\n<li data-sfc-root=\"c\" data-sfc-cb=\"\" data-hveid=\"CAEIBhAC\" data-complete=\"true\" data-sae=\"\"><span style=\"font-family: 'times new roman', times, serif; font-size: 14pt; color: #000000;\">Ti\u1ebft ki\u1ec7m \u0111i\u1ec7n n\u0103ng:\u00a0Gi\u1ea3m t\u1edbi 80% \u0111i\u1ec7n n\u0103ng so v\u1edbi \u0111\u00e8n s\u1ee3i \u0111\u1ed1t v\u00e0 60% so v\u1edbi \u0111\u00e8n hu\u1ef3nh quang nh\u1edd kh\u1ea3 n\u0103ng t\u1ef1 \u0111\u1ed9ng t\u1eaft khi kh\u00f4ng c\u1ea7n thi\u1ebft.<\/span><\/li>\n<li data-sfc-root=\"c\" data-sfc-cb=\"\" data-hveid=\"CAEIBhAD\" data-complete=\"true\" data-sae=\"\"><span style=\"font-family: 'times new roman', times, serif; font-size: 14pt; color: #000000;\">Thi\u1ebft k\u1ebf hi\u1ec7n \u0111\u1ea1i:\u00a0Ki\u1ec3u d\u00e1ng vu\u00f4ng v\u1ee9c, tinh t\u1ebf, ph\u00f9 h\u1ee3p cho c\u00e1c kh\u00f4ng gian n\u1ed9i th\u1ea5t t\u1ed1i gi\u1ea3n v\u00e0 hi\u1ec7n \u0111\u1ea1i.<span aria-hidden=\"true\" aria-owns=\"action-menu-parent-container\">\u00a0<\/span><\/span><\/li>\n<\/ul>\n<p><span style=\"font-family: 'times new roman', times, serif; font-size: 14pt; color: #000000;\"><strong>Facebook:\u00a0<span style=\"color: #ff6600;\"><a style=\"color: #ff6600;\" href=\"https:\/\/www.facebook.com\/thietbidienlama\" target=\"_blank\" rel=\"noopener\">THI\u1ebeT\u00a0B\u1eca \u0110I\u1ec6N LAMA<\/a><\/span><\/strong><\/span><\/p>\n<p><span style=\"font-family: 'times new roman', times, serif; font-size: 14pt; color: #000000;\"><strong>Tiktok:\u00a0<span style=\"color: #ff6600;\"><a style=\"color: #ff6600;\" href=\"https:\/\/www.tiktok.com\/@thietbidienlama\" target=\"_blank\" rel=\"noopener\">THI\u1ebeT\u00a0B\u1eca \u0110I\u1ec6N LAMA<\/a><\/span><\/strong><\/span><\/p>\n<p><span style=\"font-family: 'times new roman', times, serif; font-size: 14pt; color: #000000;\"><strong>Youtube:\u00a0<span style=\"color: #ff6600;\"><a style=\"color: #ff6600;\" href=\"https:\/\/www.youtube.com\/@thietbidienlama\" target=\"_blank\" rel=\"noopener\">THI\u1ebeT\u00a0B\u1eca \u0110I\u1ec6N LAMA<\/a><\/span><\/strong><\/span><\/p>","protected":false},"excerpt":{"rendered":"<p>\u0110\u00e8n Led \u1ed0p Tr\u1ea7n C\u1ea3m Bi\u1ebfn Lo\u1ea1i Vu\u00f4ng N\u1ed5i 12W Nanoco NPL126SS \u0110\u00e8n LED \u1ed1p tr\u1ea7n c\u1ea3m bi\u1ebfn Nanoco NPL126SS<\/p>","protected":false},"featured_media":14509,"comment_status":"closed","ping_status":"closed","template":"","meta":[],"product_brand":[],"product_cat":[1069,872,866],"product_tag":[1076],"class_list":{"0":"post-14507","1":"product","2":"type-product","3":"status-publish","4":"has-post-thumbnail","6":"product_cat-den-op-tran","7":"product_cat-den-tran-nanoco","8":"product_cat-thiet-bi-dien-nanoco","9":"product_tag-den-led-op-tran-cam-bien","11":"first","12":"instock","13":"sale","14":"shipping-taxable","15":"purchasable","16":"product-type-simple"},"_links":{"self":[{"href":"https:\/\/www.thietbidienlama.com\/en\/wp-json\/wp\/v2\/product\/14507","targetHints":{"allow":["GET"]}}],"collection":[{"href":"https:\/\/www.thietbidienlama.com\/en\/wp-json\/wp\/v2\/product"}],"about":[{"href":"https:\/\/www.thietbidienlama.com\/en\/wp-json\/wp\/v2\/types\/product"}],"replies":[{"embeddable":true,"href":"https:\/\/www.thietbidienlama.com\/en\/wp-json\/wp\/v2\/comments?post=14507"}],"version-history":[{"count":2,"href":"https:\/\/www.thietbidienlama.com\/en\/wp-json\/wp\/v2\/product\/14507\/revisions"}],"predecessor-version":[{"id":14511,"href":"https:\/\/www.thietbidienlama.com\/en\/wp-json\/wp\/v2\/product\/14507\/revisions\/14511"}],"wp:featuredmedia":[{"embeddable":true,"href":"https:\/\/www.thietbidienlama.com\/en\/wp-json\/wp\/v2\/media\/14509"}],"wp:attachment":[{"href":"https:\/\/www.thietbidienlama.com\/en\/wp-json\/wp\/v2\/media?parent=14507"}],"wp:term":[{"taxonomy":"product_brand","embeddable":true,"href":"https:\/\/www.thietbidienlama.com\/en\/wp-json\/wp\/v2\/product_brand?post=14507"},{"taxonomy":"product_cat","embeddable":true,"href":"https:\/\/www.thietbidienlama.com\/en\/wp-json\/wp\/v2\/product_cat?post=14507"},{"taxonomy":"product_tag","embeddable":true,"href":"https:\/\/www.thietbidienlama.com\/en\/wp-json\/wp\/v2\/product_tag?post=14507"}],"curies":[{"name":"wp","href":"https:\/\/api.w.org\/{rel}","templated":true}]}}