{"id":14502,"date":"2026-04-21T11:28:42","date_gmt":"2026-04-21T04:28:42","guid":{"rendered":"https:\/\/thietbidienlama.com\/?post_type=product&#038;p=14502"},"modified":"2026-04-21T12:36:52","modified_gmt":"2026-04-21T05:36:52","slug":"den-op-tran-cam-bien-loai-tron-noi-18w-nanoco","status":"publish","type":"product","link":"https:\/\/www.thietbidienlama.com\/en\/den-op-tran-cam-bien-loai-tron-noi-18w-nanoco\/","title":{"rendered":"\u0110\u00e8n \u1ed0p Tr\u1ea7n C\u1ea3m Bi\u1ebfn Lo\u1ea1i Tr\u00f2n N\u1ed5i 18W Nanoco NPL186RS"},"content":{"rendered":"<h1 style=\"text-align: center;\" data-sfc-root=\"c\" data-hveid=\"CAEIAhAA\" data-complete=\"true\" data-processed=\"true\"><span style=\"font-family: 'times new roman', times, serif; font-size: 18pt; color: #000000;\">\u0110\u00e8n \u1ed0p Tr\u1ea7n C\u1ea3m Bi\u1ebfn Lo\u1ea1i Tr\u00f2n N\u1ed5i 18W Nanoco NPL186RS<\/span><\/h1>\n<div data-sfc-cp=\"\" data-sfc-root=\"c\" data-sfc-cb=\"\" data-hveid=\"CAEIAhAA\" data-complete=\"true\" data-processed=\"true\"><span style=\"font-family: 'times new roman', times, serif; font-size: 14pt; color: #000000;\"><strong><span style=\"color: #ff6600;\"><a style=\"color: #ff6600;\" href=\"https:\/\/thietbidienlama.com\/den-tran-nanoco\/\">\u0110\u00e8n \u1ed1p tr\u1ea7n<\/a><\/span><\/strong> c\u1ea3m bi\u1ebfn Nanoco NPL186RS (18W)\u00a0l\u00e0 phi\u00ean b\u1ea3n c\u00f4ng su\u1ea5t l\u1edbn h\u01a1n, ph\u00f9 h\u1ee3p cho c\u00e1c kh\u00f4ng gian r\u1ed9ng nh\u01b0 s\u1ea3nh ch\u1edd, gara ho\u1eb7c h\u00e0nh lang l\u1edbn. \u0110\u00e8n s\u1eed d\u1ee5ng c\u00f4ng ngh\u1ec7 c\u1ea3m bi\u1ebfn h\u1ed3ng ngo\u1ea1i, t\u1ef1 \u0111\u1ed9ng b\u1eadt s\u00e1ng khi ph\u00e1t hi\u1ec7n chuy\u1ec3n \u0111\u1ed9ng v\u00e0 t\u1eaft sau m\u1ed9t kho\u1ea3ng th\u1eddi gian ch\u1edd \u0111\u1ec3 ti\u1ebft ki\u1ec7m \u0111i\u1ec7n.<\/span><\/div>\n<div data-sfc-cp=\"\" data-sfc-root=\"c\" data-sfc-cb=\"\" data-hveid=\"CAEIAhAA\" data-complete=\"true\" data-processed=\"true\">\n<div id=\"attachment_14505\" style=\"width: 610px\" class=\"wp-caption aligncenter\"><img fetchpriority=\"high\" decoding=\"async\" aria-describedby=\"caption-attachment-14505\" class=\"wp-image-14505 size-full\" src=\"http:\/\/thietbidienlama.com\/wp-content\/uploads\/2026\/04\/Den-Op-Tran-Cam-Bien-Loai-Tron-Noi-18W-Nanoco-NPL186RS.jpg\" alt=\"\u0110\u00e8n \u1ed0p Tr\u1ea7n C\u1ea3m Bi\u1ebfn Lo\u1ea1i Tr\u00f2n N\u1ed5i 18W Nanoco NPL186RS\" width=\"600\" height=\"600\" srcset=\"https:\/\/www.thietbidienlama.com\/wp-content\/uploads\/2026\/04\/Den-Op-Tran-Cam-Bien-Loai-Tron-Noi-18W-Nanoco-NPL186RS.jpg 600w, https:\/\/www.thietbidienlama.com\/wp-content\/uploads\/2026\/04\/Den-Op-Tran-Cam-Bien-Loai-Tron-Noi-18W-Nanoco-NPL186RS-300x300.jpg 300w, https:\/\/www.thietbidienlama.com\/wp-content\/uploads\/2026\/04\/Den-Op-Tran-Cam-Bien-Loai-Tron-Noi-18W-Nanoco-NPL186RS-150x150.jpg 150w, https:\/\/www.thietbidienlama.com\/wp-content\/uploads\/2026\/04\/Den-Op-Tran-Cam-Bien-Loai-Tron-Noi-18W-Nanoco-NPL186RS-12x12.jpg 12w\" sizes=\"(max-width: 600px) 100vw, 600px\" \/><p id=\"caption-attachment-14505\" class=\"wp-caption-text\">\u00a0 \u00a0 \u00a0 \u00a0 \u00a0 \u00a0 \u00a0 \u00a0 \u00a0 \u00a0 \u00a0 \u0110\u00e8n \u1ed0p Tr\u1ea7n C\u1ea3m Bi\u1ebfn Lo\u1ea1i Tr\u00f2n N\u1ed5i 18W Nanoco NPL186RS<\/p><\/div>\n<\/div>\n<h2 role=\"heading\" aria-level=\"3\" data-sfc-root=\"c\" data-complete=\"true\" data-processed=\"true\"><span style=\"font-family: 'times new roman', times, serif; font-size: 18pt; color: #ff6600;\">Th\u00f4ng s\u1ed1 \u0110\u00e8n \u1ed0p Tr\u1ea7n C\u1ea3m Bi\u1ebfn<\/span><\/h2>\n<ul data-sfc-root=\"c\" data-sfc-cb=\"\" data-complete=\"true\" data-processed=\"true\">\n<li data-sfc-cp=\"\" data-sfc-root=\"c\" data-sfc-cb=\"\" data-hveid=\"CAEIBBAA\" data-complete=\"true\" data-sae=\"\"><span style=\"font-family: 'times new roman', times, serif; font-size: 14pt; color: #000000;\">C\u00f4ng su\u1ea5t:\u00a018W.<\/span><\/li>\n<li data-sfc-cp=\"\" data-sfc-root=\"c\" data-sfc-cb=\"\" data-hveid=\"CAEIBBAB\" data-complete=\"true\" data-sae=\"\"><span style=\"font-family: 'times new roman', times, serif; font-size: 14pt; color: #000000;\">\u0110i\u1ec7n \u00e1p:\u00a0220V\/50Hz.<\/span><\/li>\n<li data-sfc-cp=\"\" data-sfc-root=\"c\" data-sfc-cb=\"\" data-hveid=\"CAEIBBAC\" data-complete=\"true\" data-sae=\"\"><span style=\"font-family: 'times new roman', times, serif; font-size: 14pt; color: #000000;\">Quang th\u00f4ng:\u00a01300 lm (Cung c\u1ea5p \u0111\u1ed9 s\u00e1ng m\u1ea1nh h\u01a1n \u0111\u00e1ng k\u1ec3 so v\u1edbi b\u1ea3n 12W).<\/span><\/li>\n<li data-sfc-cp=\"\" data-sfc-root=\"c\" data-sfc-cb=\"\" data-hveid=\"CAEIBBAD\" data-complete=\"true\" data-sae=\"\"><span style=\"font-family: 'times new roman', times, serif; font-size: 14pt; color: #000000;\">\u00c1nh s\u00e1ng:\u00a0Tr\u1eafng (Nhi\u1ec7t \u0111\u1ed9 m\u00e0u 6500K).<\/span><\/li>\n<li data-sfc-cp=\"\" data-sfc-root=\"c\" data-sfc-cb=\"\" data-hveid=\"CAEIBBAE\" data-complete=\"true\" data-sae=\"\"><span style=\"font-family: 'times new roman', times, serif; font-size: 14pt; color: #000000;\">K\u00edch th\u01b0\u1edbc:\u00a0\u0110\u01b0\u1eddng k\u00ednh \u00d8224mm x Chi\u1ec1u cao 38mm.<\/span><\/li>\n<li data-sfc-cp=\"\" data-sfc-root=\"c\" data-sfc-cb=\"\" data-hveid=\"CAEIBBAF\" data-complete=\"true\" data-sae=\"\"><span style=\"font-family: 'times new roman', times, serif; font-size: 14pt; color: #000000;\">Ch\u1ec9 s\u1ed1 ho\u00e0n m\u00e0u (CRI):\u00a0Ra80.<\/span><\/li>\n<li data-sfc-cp=\"\" data-sfc-root=\"c\" data-sfc-cb=\"\" data-hveid=\"CAEIBBAG\" data-complete=\"true\" data-sae=\"\"><span style=\"font-family: 'times new roman', times, serif; font-size: 14pt; color: #000000;\">G\u00f3c chi\u1ebfu:\u00a0120\u00b0.<\/span><\/li>\n<li data-sfc-cp=\"\" data-sfc-root=\"c\" data-sfc-cb=\"\" data-hveid=\"CAEIBBAH\" data-complete=\"true\" data-sae=\"\"><span style=\"font-family: 'times new roman', times, serif; font-size: 14pt; color: #000000;\">Tu\u1ed5i th\u1ecd:\u00a025.000 gi\u1edd.<\/span><\/li>\n<li data-sfc-cp=\"\" data-sfc-root=\"c\" data-sfc-cb=\"\" data-hveid=\"CAEIBBAI\" data-complete=\"true\" data-sae=\"\"><span style=\"font-family: 'times new roman', times, serif; font-size: 14pt; color: #000000;\">C\u1ea3m bi\u1ebfn:\u00a0T\u1ef1 \u0111\u1ed9ng t\u1eaft sau\u00a030 &#8211; 45 gi\u00e2y\u00a0khi kh\u00f4ng c\u00f2n chuy\u1ec3n \u0111\u1ed9ng.<\/span><\/li>\n<\/ul>\n<div id=\"attachment_14504\" style=\"width: 610px\" class=\"wp-caption aligncenter\"><img decoding=\"async\" aria-describedby=\"caption-attachment-14504\" class=\"wp-image-14504 size-full\" src=\"http:\/\/thietbidienlama.com\/wp-content\/uploads\/2026\/04\/Den-Led-Op-Tran-Cam-Bien-Chuyen-dong-18W.jpg\" alt=\"\u0110\u00e8n Led \u1ed0p Tr\u1ea7n C\u1ea3m Bi\u1ebfn Chuy\u1ec3n \u0111\u1ed9ng 18W\" width=\"600\" height=\"223\" srcset=\"https:\/\/www.thietbidienlama.com\/wp-content\/uploads\/2026\/04\/Den-Led-Op-Tran-Cam-Bien-Chuyen-dong-18W.jpg 600w, https:\/\/www.thietbidienlama.com\/wp-content\/uploads\/2026\/04\/Den-Led-Op-Tran-Cam-Bien-Chuyen-dong-18W-300x112.jpg 300w, https:\/\/www.thietbidienlama.com\/wp-content\/uploads\/2026\/04\/Den-Led-Op-Tran-Cam-Bien-Chuyen-dong-18W-18x7.jpg 18w, https:\/\/www.thietbidienlama.com\/wp-content\/uploads\/2026\/04\/Den-Led-Op-Tran-Cam-Bien-Chuyen-dong-18W-150x56.jpg 150w\" sizes=\"(max-width: 600px) 100vw, 600px\" \/><p id=\"caption-attachment-14504\" class=\"wp-caption-text\">\u00a0 \u00a0 \u00a0 \u00a0 \u00a0 \u00a0 \u00a0 \u00a0 \u00a0 \u00a0 \u00a0 \u00a0 \u00a0 \u00a0 \u00a0 \u00a0 \u00a0 \u00a0 \u00a0 \u00a0 \u0110\u00e8n Led \u1ed0p Tr\u1ea7n C\u1ea3m Bi\u1ebfn Chuy\u1ec3n \u0111\u1ed9ng 18W<\/p><\/div>\n<h2 role=\"heading\" aria-level=\"3\" data-sfc-root=\"c\" data-complete=\"true\" data-processed=\"true\"><span style=\"font-family: 'times new roman', times, serif; font-size: 18pt; color: #ff6600;\">\u0110\u1eb7c \u0111i\u1ec3m v\u00e0 \u1ee8ng d\u1ee5ng<\/span><\/h2>\n<ul data-sfc-root=\"c\" data-sfc-cb=\"\" data-processed=\"true\" data-complete=\"true\">\n<li data-sfc-cp=\"\" data-sfc-root=\"c\" data-sfc-cb=\"\" data-hveid=\"CAEIBhAA\" data-sae=\"\" data-complete=\"true\"><span style=\"font-family: 'times new roman', times, serif; font-size: 14pt; color: #000000;\">Thi\u1ebft k\u1ebf:\u00a0D\u1ea1ng tr\u00f2n l\u1eafp n\u1ed5i, khung kim lo\u1ea1i ch\u1eafc ch\u1eafn v\u1edbi ch\u00f3a \u0111\u00e8n nh\u1ef1a gi\u00fap t\u00e1n quang \u0111\u1ec1u, kh\u00f4ng g\u00e2y ch\u00f3i.<\/span><\/li>\n<li data-sfc-cp=\"\" data-sfc-root=\"c\" data-sfc-cb=\"\" data-hveid=\"CAEIBhAB\" data-complete=\"true\" data-processed=\"true\" data-sae=\"\"><span style=\"font-family: 'times new roman', times, serif; font-size: 14pt; color: #000000;\">L\u1eafp \u0111\u1eb7t:\u00a0Ph\u00f9 h\u1ee3p cho c\u00e1c b\u1ec1 m\u1eb7t tr\u1ea7n b\u00ea t\u00f4ng ho\u1eb7c tr\u1ea7n th\u1ea1ch cao kh\u00f4ng mu\u1ed1n kho\u00e9t l\u1ed7.<\/span><\/li>\n<li data-sfc-cp=\"\" data-sfc-root=\"c\" data-sfc-cb=\"\" data-hveid=\"CAEIBhAC\" data-complete=\"true\" data-processed=\"true\" data-sae=\"\"><span style=\"font-family: 'times new roman', times, serif; font-size: 14pt; color: #000000;\" data-sfc-cp=\"\" data-sfc-root=\"c\" data-sfc-cb=\"\" data-complete=\"true\" aria-owns=\"action-menu-parent-container\">Ti\u1ec7n \u00edch:\u00a0Lo\u1ea1i b\u1ecf vi\u1ec7c ph\u1ea3i t\u00ecm c\u00f4ng t\u1eafc trong b\u00f3ng t\u1ed1i, \u0111\u1ed3ng th\u1eddi \u0111\u1ea3m b\u1ea3o an ninh cho khu v\u1ef1c l\u1ed1i \u0111i.<\/span><\/li>\n<\/ul>\n<div id=\"attachment_14503\" style=\"width: 610px\" class=\"wp-caption aligncenter\"><img decoding=\"async\" aria-describedby=\"caption-attachment-14503\" class=\"wp-image-14503 size-full\" src=\"http:\/\/thietbidienlama.com\/wp-content\/uploads\/2026\/04\/Den-Led-Op-Tran-Cam-Bien-bat-den-khi-co-chuyen-dong-18W.jpg\" alt=\"\u0110\u00e8n Led \u1ed0p Tr\u1ea7n C\u1ea3m Bi\u1ebfn B\u1eadt \u0111\u00e8n Khi C\u00f3 Chuy\u1ec3n \u0111\u1ed9ng 18W\" width=\"600\" height=\"600\" srcset=\"https:\/\/www.thietbidienlama.com\/wp-content\/uploads\/2026\/04\/Den-Led-Op-Tran-Cam-Bien-bat-den-khi-co-chuyen-dong-18W.jpg 600w, https:\/\/www.thietbidienlama.com\/wp-content\/uploads\/2026\/04\/Den-Led-Op-Tran-Cam-Bien-bat-den-khi-co-chuyen-dong-18W-300x300.jpg 300w, https:\/\/www.thietbidienlama.com\/wp-content\/uploads\/2026\/04\/Den-Led-Op-Tran-Cam-Bien-bat-den-khi-co-chuyen-dong-18W-150x150.jpg 150w, https:\/\/www.thietbidienlama.com\/wp-content\/uploads\/2026\/04\/Den-Led-Op-Tran-Cam-Bien-bat-den-khi-co-chuyen-dong-18W-12x12.jpg 12w\" sizes=\"(max-width: 600px) 100vw, 600px\" \/><p id=\"caption-attachment-14503\" class=\"wp-caption-text\">\u00a0 \u00a0 \u00a0 \u00a0 \u00a0 \u00a0 \u00a0 \u00a0 \u00a0 \u00a0 \u00a0 \u00a0 \u0110\u00e8n Led \u1ed0p Tr\u1ea7n C\u1ea3m Bi\u1ebfn B\u1eadt \u0111\u00e8n Khi C\u00f3 Chuy\u1ec3n \u0111\u1ed9ng 18W<\/p><\/div>\n<p><span style=\"font-family: 'times new roman', times, serif; font-size: 14pt; color: #000000;\"><strong>Facebook:\u00a0<span style=\"color: #ff6600;\"><a style=\"color: #ff6600;\" href=\"https:\/\/www.facebook.com\/thietbidienlama\" target=\"_blank\" rel=\"noopener\">THI\u1ebeT\u00a0B\u1eca \u0110I\u1ec6N LAMA<\/a><\/span><\/strong><\/span><\/p>\n<p><span style=\"font-family: 'times new roman', times, serif; font-size: 14pt; color: #000000;\"><strong>Tiktok:\u00a0<span style=\"color: #ff6600;\"><a style=\"color: #ff6600;\" href=\"https:\/\/www.tiktok.com\/@thietbidienlama\" target=\"_blank\" rel=\"noopener\">THI\u1ebeT\u00a0B\u1eca \u0110I\u1ec6N LAMA<\/a><\/span><\/strong><\/span><\/p>\n<p><span style=\"font-family: 'times new roman', times, serif; font-size: 14pt; color: #000000;\"><strong>Youtube:\u00a0<span style=\"color: #ff6600;\"><a style=\"color: #ff6600;\" href=\"https:\/\/www.youtube.com\/@thietbidienlama\" target=\"_blank\" rel=\"noopener\">THI\u1ebeT\u00a0B\u1eca \u0110I\u1ec6N LAMA<\/a><\/span><\/strong><\/span><\/p>","protected":false},"excerpt":{"rendered":"<p>\u0110\u00e8n \u1ed0p Tr\u1ea7n C\u1ea3m Bi\u1ebfn Lo\u1ea1i Tr\u00f2n N\u1ed5i 18W Nanoco NPL186RS \u0110\u00e8n \u1ed1p tr\u1ea7n c\u1ea3m bi\u1ebfn Nanoco NPL186RS (18W)\u00a0l\u00e0 phi\u00ean<\/p>","protected":false},"featured_media":14505,"comment_status":"closed","ping_status":"closed","template":"","meta":[],"product_brand":[],"product_cat":[1069,872,866,505],"product_tag":[1077],"class_list":{"0":"post-14502","1":"product","2":"type-product","3":"status-publish","4":"has-post-thumbnail","6":"product_cat-den-op-tran","7":"product_cat-den-tran-nanoco","8":"product_cat-thiet-bi-dien-nanoco","9":"product_cat-den-trang-tri","10":"product_tag-den-op-tran-cam-bien","12":"first","13":"instock","14":"sale","15":"shipping-taxable","16":"purchasable","17":"product-type-simple"},"_links":{"self":[{"href":"https:\/\/www.thietbidienlama.com\/en\/wp-json\/wp\/v2\/product\/14502","targetHints":{"allow":["GET"]}}],"collection":[{"href":"https:\/\/www.thietbidienlama.com\/en\/wp-json\/wp\/v2\/product"}],"about":[{"href":"https:\/\/www.thietbidienlama.com\/en\/wp-json\/wp\/v2\/types\/product"}],"replies":[{"embeddable":true,"href":"https:\/\/www.thietbidienlama.com\/en\/wp-json\/wp\/v2\/comments?post=14502"}],"version-history":[{"count":1,"href":"https:\/\/www.thietbidienlama.com\/en\/wp-json\/wp\/v2\/product\/14502\/revisions"}],"predecessor-version":[{"id":14506,"href":"https:\/\/www.thietbidienlama.com\/en\/wp-json\/wp\/v2\/product\/14502\/revisions\/14506"}],"wp:featuredmedia":[{"embeddable":true,"href":"https:\/\/www.thietbidienlama.com\/en\/wp-json\/wp\/v2\/media\/14505"}],"wp:attachment":[{"href":"https:\/\/www.thietbidienlama.com\/en\/wp-json\/wp\/v2\/media?parent=14502"}],"wp:term":[{"taxonomy":"product_brand","embeddable":true,"href":"https:\/\/www.thietbidienlama.com\/en\/wp-json\/wp\/v2\/product_brand?post=14502"},{"taxonomy":"product_cat","embeddable":true,"href":"https:\/\/www.thietbidienlama.com\/en\/wp-json\/wp\/v2\/product_cat?post=14502"},{"taxonomy":"product_tag","embeddable":true,"href":"https:\/\/www.thietbidienlama.com\/en\/wp-json\/wp\/v2\/product_tag?post=14502"}],"curies":[{"name":"wp","href":"https:\/\/api.w.org\/{rel}","templated":true}]}}