{"id":14479,"date":"2026-04-20T12:59:10","date_gmt":"2026-04-20T05:59:10","guid":{"rendered":"https:\/\/thietbidienlama.com\/?post_type=product&#038;p=14479"},"modified":"2026-04-21T12:37:51","modified_gmt":"2026-04-21T05:37:51","slug":"den-op-tran-vuong-tran-vien-22w-nanoco","status":"publish","type":"product","link":"https:\/\/www.thietbidienlama.com\/en\/den-op-tran-vuong-tran-vien-22w-nanoco\/","title":{"rendered":"\u0110\u00e8n \u1ed0p Tr\u1ea7n Vu\u00f4ng Tr\u00e0n Vi\u1ec1n 22W Nanoco"},"content":{"rendered":"<h1 style=\"text-align: center;\" data-sfc-root=\"c\" data-hveid=\"CAEIARAA\" data-processed=\"true\" data-complete=\"true\"><span style=\"font-family: 'times new roman', times, serif; font-size: 18pt; color: #000000;\">\u0110\u00e8n \u1ed0p Tr\u1ea7n Vu\u00f4ng Tr\u00e0n Vi\u1ec1n 22W Nanoco<\/span><\/h1>\n<div data-sfc-cp=\"\" data-sfc-root=\"c\" data-sfc-cb=\"\" data-hveid=\"CAEIARAA\" data-processed=\"true\" data-complete=\"true\"><span style=\"font-family: 'times new roman', times, serif; font-size: 14pt; color: #000000;\"><span style=\"color: #ff6600;\"><strong><a style=\"color: #ff6600;\" href=\"https:\/\/thietbidienlama.com\/den-tran-nanoco\/\">\u0110\u00e8n \u1ed0p Tr\u1ea7n<\/a><\/strong><\/span> Vu\u00f4ng Tr\u00e0n Vi\u1ec1n 22W (Nancy Series) c\u1ee7a Nanoco. \u0110\u00e2y l\u00e0 phi\u00ean b\u1ea3n c\u00f4ng su\u1ea5t l\u1edbn h\u01a1n c\u1ee7a m\u1eabu vu\u00f4ng, thi\u1ebft k\u1ebf \u0111\u1ec3 chi\u1ebfu s\u00e1ng cho nh\u1eefng kh\u00f4ng gian r\u1ed9ng h\u01a1n.<\/span><\/div>\n<div data-sfc-cp=\"\" data-sfc-root=\"c\" data-sfc-cb=\"\" data-hveid=\"CAEIARAA\" data-processed=\"true\" data-complete=\"true\">\n<div id=\"attachment_14480\" style=\"width: 610px\" class=\"wp-caption aligncenter\"><img fetchpriority=\"high\" decoding=\"async\" aria-describedby=\"caption-attachment-14480\" class=\"wp-image-14480 size-full\" src=\"http:\/\/thietbidienlama.com\/wp-content\/uploads\/2026\/04\/Den-Op-Tran-Vuong-Tran-Vien-22W-Nanoco.png\" alt=\"\u0110\u00e8n \u1ed0p Tr\u1ea7n Vu\u00f4ng Tr\u00e0n Vi\u1ec1n 22W Nanoco\" width=\"600\" height=\"600\" srcset=\"https:\/\/www.thietbidienlama.com\/wp-content\/uploads\/2026\/04\/Den-Op-Tran-Vuong-Tran-Vien-22W-Nanoco.png 600w, https:\/\/www.thietbidienlama.com\/wp-content\/uploads\/2026\/04\/Den-Op-Tran-Vuong-Tran-Vien-22W-Nanoco-300x300.png 300w, https:\/\/www.thietbidienlama.com\/wp-content\/uploads\/2026\/04\/Den-Op-Tran-Vuong-Tran-Vien-22W-Nanoco-150x150.png 150w, https:\/\/www.thietbidienlama.com\/wp-content\/uploads\/2026\/04\/Den-Op-Tran-Vuong-Tran-Vien-22W-Nanoco-12x12.png 12w\" sizes=\"(max-width: 600px) 100vw, 600px\" \/><p id=\"caption-attachment-14480\" class=\"wp-caption-text\">\u00a0 \u00a0 \u00a0 \u00a0 \u00a0 \u00a0 \u00a0 \u00a0 \u00a0 \u00a0 \u00a0 \u00a0 \u00a0 \u00a0 \u00a0 \u00a0 \u00a0 \u00a0 \u00a0 \u00a0\u0110\u00e8n \u1ed0p Tr\u1ea7n Vu\u00f4ng Tr\u00e0n Vi\u1ec1n 22W Nanoco<\/p><\/div>\n<\/div>\n<div data-sfc-cp=\"\" data-sfc-root=\"c\" data-sfc-cb=\"\" data-hveid=\"CAEIAhAA\" data-complete=\"true\" data-processed=\"true\"><span style=\"font-family: 'times new roman', times, serif; font-size: 14pt; color: #000000;\">D\u01b0\u1edbi \u0111\u00e2y l\u00e0 chi ti\u1ebft k\u1ef9 thu\u1eadt t\u1eeb h\u00ecnh \u1ea3nh b\u1ea1n cung c\u1ea5p:<\/span><\/div>\n<h2 role=\"heading\" aria-level=\"3\" data-sfc-root=\"c\" data-complete=\"true\" data-processed=\"true\"><span style=\"font-family: 'times new roman', times, serif; font-size: 18pt; color: #ff6600;\">1. Th\u00f4ng s\u1ed1 \u0110\u00e8n \u1ed0p Tr\u1ea7n Vu\u00f4ng<\/span><\/h2>\n<ul data-sfc-root=\"c\" data-sfc-cb=\"\" data-processed=\"true\" data-complete=\"true\">\n<li data-sfc-root=\"c\" data-sfc-cb=\"\" data-hveid=\"CAEIBBAA\" data-complete=\"true\" data-sae=\"\"><span style=\"font-family: 'times new roman', times, serif; font-size: 14pt; color: #000000;\">C\u00f4ng su\u1ea5t:\u00a022W.<\/span><\/li>\n<li data-sfc-root=\"c\" data-sfc-cb=\"\" data-hveid=\"CAEIBBAB\" data-complete=\"true\" data-sae=\"\"><span style=\"font-family: 'times new roman', times, serif; font-size: 14pt; color: #000000;\">\u0110i\u1ec7n \u00e1p:\u00a0220V.<\/span><\/li>\n<li data-sfc-root=\"c\" data-sfc-cb=\"\" data-hveid=\"CAEIBBAC\" data-complete=\"true\" data-processed=\"true\" data-sae=\"\"><span style=\"font-family: 'times new roman', times, serif; font-size: 14pt; color: #000000;\">Quang th\u00f4ng:\u00a01.980 Lm (hi\u1ec7u su\u1ea5t cao, \u00e1nh s\u00e1ng m\u1ea1nh).<\/span><\/li>\n<li data-sfc-root=\"c\" data-sfc-cb=\"\" data-hveid=\"CAEIBBAD\" data-complete=\"true\" data-processed=\"true\" data-sae=\"\"><span style=\"font-family: 'times new roman', times, serif; font-size: 14pt; color: #000000;\">K\u00edch th\u01b0\u1edbc:\u00a0220 x 220 x 38 (mm) \u2014 K\u00edch th\u01b0\u1edbc m\u1eb7t vu\u00f4ng 22cm.<\/span><\/li>\n<li data-sfc-root=\"c\" data-sfc-cb=\"\" data-hveid=\"CAEIBBAE\" data-complete=\"true\" data-processed=\"true\" data-sae=\"\"><span style=\"font-family: 'times new roman', times, serif; font-size: 14pt; color: #000000;\">\u0110\u00f3ng g\u00f3i: 20 b\u1ed9\/th\u00f9ng.<\/span><\/li>\n<\/ul>\n<h2 role=\"heading\" aria-level=\"3\" data-sfc-root=\"c\" data-complete=\"true\" data-processed=\"true\"><span style=\"font-family: 'times new roman', times, serif; font-size: 18pt; color: #ff6600;\">2. C\u00e1c m\u00e3 s\u1ea3n ph\u1ea9m theo m\u00e0u \u00e1nh s\u00e1ng<\/span><\/h2>\n<ul data-sfc-root=\"c\" data-sfc-cb=\"\" data-complete=\"true\" data-processed=\"true\">\n<li data-sfc-root=\"c\" data-sfc-cb=\"\" data-hveid=\"CAEIBhAA\" data-complete=\"true\" data-sae=\"\"><span style=\"font-family: 'times new roman', times, serif; font-size: 14pt; color: #000000;\">NRP2261S:\u00a0\u00c1nh s\u00e1ng\u00a0Tr\u1eafng (6500K)\u00a0\u2013 Cho kh\u00f4ng gian hi\u1ec7n \u0111\u1ea1i, c\u1ea7n s\u1ef1 t\u1ec9nh t\u00e1o.<\/span><\/li>\n<li data-sfc-root=\"c\" data-sfc-cb=\"\" data-hveid=\"CAEIBhAB\" data-complete=\"true\" data-sae=\"\"><span style=\"font-family: 'times new roman', times, serif; font-size: 14pt; color: #000000;\">NRP2241S:\u00a0\u00c1nh s\u00e1ng\u00a0Trung t\u00ednh (4000K)\u00a0\u2013 D\u1ecbu nh\u1eb9, gi\u1ed1ng \u00e1nh s\u00e1ng ban ng\u00e0y t\u1ef1 nhi\u00ean.<\/span><\/li>\n<li data-sfc-root=\"c\" data-sfc-cb=\"\" data-hveid=\"CAEIBhAC\" data-complete=\"true\" data-sae=\"\"><span style=\"font-family: 'times new roman', times, serif; font-size: 14pt; color: #000000;\">NRP2231S:\u00a0\u00c1nh s\u00e1ng\u00a0V\u00e0ng (3000K) \u2013 T\u1ea1o kh\u00f4ng gian \u1ea5m c\u00fang, sang tr\u1ecdng.<\/span><\/li>\n<\/ul>\n<div id=\"attachment_14481\" style=\"width: 610px\" class=\"wp-caption aligncenter\"><img decoding=\"async\" aria-describedby=\"caption-attachment-14481\" class=\"wp-image-14481 size-full\" src=\"http:\/\/thietbidienlama.com\/wp-content\/uploads\/2026\/04\/Den-Op-Tran-Vuong-Tran-Vien-3000k-4000k-6500k.jpg\" alt=\"\u0110\u00e8n \u1ed0p Tr\u1ea7n Vu\u00f4ng Tr\u00e0n Vi\u1ec1n 3000k 4000k 6500k\" width=\"600\" height=\"600\" srcset=\"https:\/\/www.thietbidienlama.com\/wp-content\/uploads\/2026\/04\/Den-Op-Tran-Vuong-Tran-Vien-3000k-4000k-6500k.jpg 600w, https:\/\/www.thietbidienlama.com\/wp-content\/uploads\/2026\/04\/Den-Op-Tran-Vuong-Tran-Vien-3000k-4000k-6500k-300x300.jpg 300w, https:\/\/www.thietbidienlama.com\/wp-content\/uploads\/2026\/04\/Den-Op-Tran-Vuong-Tran-Vien-3000k-4000k-6500k-150x150.jpg 150w, https:\/\/www.thietbidienlama.com\/wp-content\/uploads\/2026\/04\/Den-Op-Tran-Vuong-Tran-Vien-3000k-4000k-6500k-12x12.jpg 12w\" sizes=\"(max-width: 600px) 100vw, 600px\" \/><p id=\"caption-attachment-14481\" class=\"wp-caption-text\">\u00a0 \u00a0 \u00a0 \u00a0 \u00a0 \u00a0 \u00a0 \u00a0 \u00a0 \u00a0 \u00a0 \u00a0 \u00a0 \u00a0 \u00a0 \u00a0 \u0110\u00e8n \u1ed0p Tr\u1ea7n Vu\u00f4ng Tr\u00e0n Vi\u1ec1n 3000k 4000k 6500k<\/p><\/div>\n<h2 role=\"heading\" aria-level=\"3\" data-sfc-root=\"c\" data-processed=\"true\" data-complete=\"true\"><span style=\"font-family: 'times new roman', times, serif; font-size: 18pt; color: #ff6600;\">3. \u01afu \u0111i\u1ec3m n\u1ed5i b\u1eadt c\u1ee7a m\u1eabu vu\u00f4ng 22W<\/span><\/h2>\n<ul data-sfc-root=\"c\" data-sfc-cb=\"\" data-complete=\"true\" data-processed=\"true\">\n<li data-sfc-root=\"c\" data-sfc-cb=\"\" data-hveid=\"CAEICBAA\" data-complete=\"true\" data-sae=\"\"><span style=\"font-family: 'times new roman', times, serif; font-size: 14pt; color: #000000;\">Hi\u1ec7u \u1ee9ng tr\u00e0n vi\u1ec1n:\u00a0M\u1eb7t \u0111\u00e8n bao ph\u1ee7 ho\u00e0n to\u00e0n ph\u1ea7n khung, gi\u00fap \u00e1nh s\u00e1ng kh\u00f4ng ch\u1ec9 chi\u1ebfu xu\u1ed1ng d\u01b0\u1edbi m\u00e0 c\u00f2n h\u1eaft nh\u1eb9 sang hai b\u00ean, l\u00e0m s\u00e1ng c\u1ea3 khu v\u1ef1c tr\u1ea7n xung quanh.<\/span><\/li>\n<li data-sfc-root=\"c\" data-sfc-cb=\"\" data-hveid=\"CAEICBAB\" data-complete=\"true\" data-sae=\"\"><span style=\"font-family: 'times new roman', times, serif; font-size: 14pt; color: #000000;\">\u0110\u1ed9 b\u1ec1n v\u01b0\u1ee3t tr\u1ed9i:\u00a0Ch\u1ec9 s\u1ed1\u00a0IP54\u00a0cho ph\u00e9p ch\u1ed1ng b\u1ee5i v\u00e0 h\u01a1i \u1ea9m c\u1ef1c t\u1ed1t, r\u1ea5t b\u1ec1n khi l\u1eafp \u1edf ban c\u00f4ng ho\u1eb7c c\u00e1c khu v\u1ef1c s\u00e1t ngo\u00e0i tr\u1eddi.<\/span><\/li>\n<li data-sfc-root=\"c\" data-sfc-cb=\"\" data-hveid=\"CAEICBAC\" data-complete=\"true\" data-sae=\"\"><span style=\"font-family: 'times new roman', times, serif; font-size: 14pt; color: #000000;\">G\u00f3c chi\u1ebfu r\u1ed9ng: G\u00f3c m\u1edf 120\u00b0 gi\u00fap \u00e1nh s\u00e1ng lan t\u1ecfa \u0111\u1ec1u, \u00edt t\u1ea1o b\u00f3ng r\u00e2m trong ph\u00f2ng.<\/span><\/li>\n<\/ul>\n<div data-sfc-cp=\"\" data-sfc-root=\"c\" data-sfc-cb=\"\" data-hveid=\"CAEIChAA\" data-complete=\"true\" data-processed=\"true\"><span style=\"font-family: 'times new roman', times, serif; font-size: 14pt; color: #000000;\">M\u1eabu 22W vu\u00f4ng n\u00e0y th\u01b0\u1eddng \u0111\u01b0\u1ee3c d\u00f9ng ch\u1ee7 \u0111\u1ea1o cho\u00a0ph\u00f2ng kh\u00e1ch nh\u1ecf, ph\u00f2ng b\u1ebfp ho\u1eb7c s\u1ea3nh h\u00e0nh lang chung c\u01b0.<\/span><\/div>\n<div data-sfc-cp=\"\" data-sfc-root=\"c\" data-sfc-cb=\"\" data-hveid=\"CAEIChAA\" data-complete=\"true\" data-processed=\"true\">\n<p><span style=\"font-family: 'times new roman', times, serif; font-size: 14pt; color: #000000;\"><strong>Facebook:\u00a0<span style=\"color: #ff6600;\"><a style=\"color: #ff6600;\" href=\"https:\/\/www.facebook.com\/thietbidienlama\" target=\"_blank\" rel=\"noopener\">THI\u1ebeT\u00a0B\u1eca \u0110I\u1ec6N LAMA<\/a><\/span><\/strong><\/span><\/p>\n<p><span style=\"font-family: 'times new roman', times, serif; font-size: 14pt; color: #000000;\"><strong>Tiktok:\u00a0<span style=\"color: #ff6600;\"><a style=\"color: #ff6600;\" href=\"https:\/\/www.tiktok.com\/@thietbidienlama\" target=\"_blank\" rel=\"noopener\">THI\u1ebeT\u00a0B\u1eca \u0110I\u1ec6N LAMA<\/a><\/span><\/strong><\/span><\/p>\n<p><span style=\"font-family: 'times new roman', times, serif; font-size: 14pt; color: #000000;\"><strong>Youtube:\u00a0<span style=\"color: #ff6600;\"><a style=\"color: #ff6600;\" href=\"https:\/\/www.youtube.com\/@thietbidienlama\" target=\"_blank\" rel=\"noopener\">THI\u1ebeT\u00a0B\u1eca \u0110I\u1ec6N LAMA<\/a><\/span><\/strong><\/span><\/p>\n<\/div>","protected":false},"excerpt":{"rendered":"<p>\u0110\u00e8n \u1ed0p Tr\u1ea7n Vu\u00f4ng Tr\u00e0n Vi\u1ec1n 22W Nanoco \u0110\u00e8n \u1ed0p Tr\u1ea7n Vu\u00f4ng Tr\u00e0n Vi\u1ec1n 22W (Nancy Series) c\u1ee7a Nanoco. \u0110\u00e2y<\/p>","protected":false},"featured_media":14480,"comment_status":"closed","ping_status":"closed","template":"","meta":[],"product_brand":[],"product_cat":[1069,872],"product_tag":[891],"class_list":{"0":"post-14479","1":"product","2":"type-product","3":"status-publish","4":"has-post-thumbnail","6":"product_cat-den-op-tran","7":"product_cat-den-tran-nanoco","8":"product_tag-den-op-tran-vuong","10":"first","11":"instock","12":"sale","13":"shipping-taxable","14":"purchasable","15":"product-type-simple"},"_links":{"self":[{"href":"https:\/\/www.thietbidienlama.com\/en\/wp-json\/wp\/v2\/product\/14479","targetHints":{"allow":["GET"]}}],"collection":[{"href":"https:\/\/www.thietbidienlama.com\/en\/wp-json\/wp\/v2\/product"}],"about":[{"href":"https:\/\/www.thietbidienlama.com\/en\/wp-json\/wp\/v2\/types\/product"}],"replies":[{"embeddable":true,"href":"https:\/\/www.thietbidienlama.com\/en\/wp-json\/wp\/v2\/comments?post=14479"}],"version-history":[{"count":1,"href":"https:\/\/www.thietbidienlama.com\/en\/wp-json\/wp\/v2\/product\/14479\/revisions"}],"predecessor-version":[{"id":14482,"href":"https:\/\/www.thietbidienlama.com\/en\/wp-json\/wp\/v2\/product\/14479\/revisions\/14482"}],"wp:featuredmedia":[{"embeddable":true,"href":"https:\/\/www.thietbidienlama.com\/en\/wp-json\/wp\/v2\/media\/14480"}],"wp:attachment":[{"href":"https:\/\/www.thietbidienlama.com\/en\/wp-json\/wp\/v2\/media?parent=14479"}],"wp:term":[{"taxonomy":"product_brand","embeddable":true,"href":"https:\/\/www.thietbidienlama.com\/en\/wp-json\/wp\/v2\/product_brand?post=14479"},{"taxonomy":"product_cat","embeddable":true,"href":"https:\/\/www.thietbidienlama.com\/en\/wp-json\/wp\/v2\/product_cat?post=14479"},{"taxonomy":"product_tag","embeddable":true,"href":"https:\/\/www.thietbidienlama.com\/en\/wp-json\/wp\/v2\/product_tag?post=14479"}],"curies":[{"name":"wp","href":"https:\/\/api.w.org\/{rel}","templated":true}]}}