{"id":14437,"date":"2026-04-18T16:20:01","date_gmt":"2026-04-18T09:20:01","guid":{"rendered":"https:\/\/thietbidienlama.com\/?post_type=product&#038;p=14437"},"modified":"2026-04-18T16:20:01","modified_gmt":"2026-04-18T09:20:01","slug":"den-op-tran-noi-tran-vien-15w-nanoco","status":"publish","type":"product","link":"https:\/\/www.thietbidienlama.com\/en\/den-op-tran-noi-tran-vien-15w-nanoco\/","title":{"rendered":"\u0110\u00e8n \u1ed0p Tr\u1ea7n N\u1ed5i Tr\u00e0n Vi\u1ec1n 15W Nanoco"},"content":{"rendered":"<h1 style=\"text-align: center;\" data-sfc-root=\"c\" data-hveid=\"CAEIAhAA\" data-complete=\"true\" data-processed=\"true\"><span style=\"font-family: 'times new roman', times, serif; font-size: 18pt; color: #000000;\">\u0110\u00e8n \u1ed0p Tr\u1ea7n N\u1ed5i Tr\u00e0n Vi\u1ec1n 15W Nanoco<\/span><\/h1>\n<h2 data-sfc-root=\"c\" data-hveid=\"CAEIAhAA\" data-complete=\"true\" data-processed=\"true\"><span style=\"font-family: 'times new roman', times, serif; font-size: 18pt; color: #ff6600;\">Th\u00f4ng s\u1ed1 k\u1ef9 thu\u1eadt <a style=\"color: #ff6600;\" href=\"https:\/\/thietbidienlama.com\/den-tran-nanoco\/\">\u0111\u00e8n \u1ed1p tr\u1ea7n n\u1ed5i<\/a>:<\/span><\/h2>\n<h3 role=\"heading\" aria-level=\"3\" data-sfc-root=\"c\" data-complete=\"true\" data-processed=\"true\"><span style=\"font-family: 'times new roman', times, serif; font-size: 14pt; color: #000000;\">1. C\u00e1c phi\u00ean b\u1ea3n theo m\u00e0u \u00e1nh s\u00e1ng<\/span><\/h3>\n<div data-sfc-cp=\"\" data-sfc-root=\"c\" data-sfc-cb=\"\" data-hveid=\"CAEIBBAA\" data-complete=\"true\" data-processed=\"true\"><span style=\"font-family: 'times new roman', times, serif; font-size: 14pt; color: #000000;\">D\u00f2ng \u0111\u00e8n n\u00e0y c\u00f3 3 m\u00e3 s\u1ea3n ph\u1ea9m t\u01b0\u01a1ng \u1ee9ng v\u1edbi 3 nhi\u1ec7t \u0111\u1ed9 m\u00e0u kh\u00e1c nhau:<\/span><\/div>\n<ul data-sfc-root=\"c\" data-sfc-cb=\"\" data-complete=\"true\" data-processed=\"true\">\n<li data-sfc-root=\"c\" data-sfc-cb=\"\" data-hveid=\"CAEIBRAA\" data-complete=\"true\" data-sae=\"\"><span style=\"font-family: 'times new roman', times, serif; font-size: 14pt; color: #000000;\">NRP1561R:\u00a0\u00c1nh s\u00e1ng\u00a0Tr\u1eafng (6500K)\u00a0\u2013 Ph\u00f9 h\u1ee3p cho ph\u00f2ng kh\u00e1ch, v\u0103n ph\u00f2ng, n\u01a1i c\u1ea7n s\u1ef1 t\u1ec9nh t\u00e1o.<\/span><\/li>\n<li data-sfc-root=\"c\" data-sfc-cb=\"\" data-hveid=\"CAEIBRAB\" data-complete=\"true\" data-sae=\"\"><span style=\"font-family: 'times new roman', times, serif; font-size: 14pt; color: #000000;\">NRP1541R:\u00a0\u00c1nh s\u00e1ng\u00a0Trung t\u00ednh (4000K)\u00a0\u2013 \u00c1nh s\u00e1ng d\u1ecbu nh\u1eb9, t\u1ef1 nhi\u00ean, ph\u00f9 h\u1ee3p cho ph\u00f2ng \u0103n, ph\u00f2ng tr\u01b0ng b\u00e0y.<\/span><\/li>\n<li data-sfc-root=\"c\" data-sfc-cb=\"\" data-hveid=\"CAEIBRAC\" data-complete=\"true\" data-sae=\"\"><span style=\"font-family: 'times new roman', times, serif; font-size: 14pt; color: #000000;\">NRP1531R:\u00a0\u00c1nh s\u00e1ng\u00a0V\u00e0ng (3000K) \u2013 T\u1ea1o c\u1ea3m gi\u00e1c \u1ea5m c\u00fang, th\u01b0 gi\u00e3n, ph\u00f9 h\u1ee3p cho ph\u00f2ng ng\u1ee7.<\/span><\/li>\n<\/ul>\n<div id=\"attachment_14441\" style=\"width: 610px\" class=\"wp-caption aligncenter\"><img fetchpriority=\"high\" decoding=\"async\" aria-describedby=\"caption-attachment-14441\" class=\"wp-image-14441 size-full\" src=\"http:\/\/thietbidienlama.com\/wp-content\/uploads\/2026\/04\/Den-Op-Tran-Noi-Tran-Vien-15W-Nanoco-3-mau-khach-nhau.jpg\" alt=\"\u0110\u00e8n \u1ed0p Tr\u1ea7n N\u1ed5i Tr\u00e0n Vi\u1ec1n 15W Nanoco 3 M\u00e0u Kh\u00e1ch Nhau\" width=\"600\" height=\"600\" srcset=\"https:\/\/www.thietbidienlama.com\/wp-content\/uploads\/2026\/04\/Den-Op-Tran-Noi-Tran-Vien-15W-Nanoco-3-mau-khach-nhau.jpg 600w, https:\/\/www.thietbidienlama.com\/wp-content\/uploads\/2026\/04\/Den-Op-Tran-Noi-Tran-Vien-15W-Nanoco-3-mau-khach-nhau-300x300.jpg 300w, https:\/\/www.thietbidienlama.com\/wp-content\/uploads\/2026\/04\/Den-Op-Tran-Noi-Tran-Vien-15W-Nanoco-3-mau-khach-nhau-150x150.jpg 150w, https:\/\/www.thietbidienlama.com\/wp-content\/uploads\/2026\/04\/Den-Op-Tran-Noi-Tran-Vien-15W-Nanoco-3-mau-khach-nhau-12x12.jpg 12w\" sizes=\"(max-width: 600px) 100vw, 600px\" \/><p id=\"caption-attachment-14441\" class=\"wp-caption-text\">\u00a0 \u00a0 \u00a0 \u00a0 \u00a0 \u00a0 \u00a0 \u00a0 \u00a0 \u00a0 \u00a0 \u00a0 \u00a0 \u00a0 \u00a0 \u0110\u00e8n \u1ed0p Tr\u1ea7n N\u1ed5i Tr\u00e0n Vi\u1ec1n 15W Nanoco 3 M\u00e0u Kh\u00e1ch Nhau<\/p><\/div>\n<h3 role=\"heading\" aria-level=\"3\" data-sfc-root=\"c\" data-processed=\"true\" data-complete=\"true\"><span style=\"font-family: 'times new roman', times, serif; font-size: 14pt; color: #000000;\">2. Th\u00f4ng s\u1ed1 k\u1ef9 thu\u1eadt chung<\/span><\/h3>\n<ul data-sfc-root=\"c\" data-sfc-cb=\"\" data-complete=\"true\" data-processed=\"true\">\n<li data-sfc-root=\"c\" data-sfc-cb=\"\" data-hveid=\"CAEIBxAA\" data-complete=\"true\" data-sae=\"\"><span style=\"font-family: 'times new roman', times, serif; font-size: 14pt; color: #000000;\">C\u00f4ng su\u1ea5t:\u00a015W.<\/span><\/li>\n<li data-sfc-root=\"c\" data-sfc-cb=\"\" data-hveid=\"CAEIBxAB\" data-complete=\"true\" data-sae=\"\"><span style=\"font-family: 'times new roman', times, serif; font-size: 14pt; color: #000000;\">\u0110i\u1ec7n \u00e1p:\u00a0220V.<\/span><\/li>\n<li data-sfc-root=\"c\" data-sfc-cb=\"\" data-hveid=\"CAEIBxAC\" data-complete=\"true\" data-sae=\"\"><span style=\"font-family: 'times new roman', times, serif; font-size: 14pt; color: #000000;\">Quang th\u00f4ng:\u00a01.350 lm (\u0111\u1ed9 s\u00e1ng kh\u00e1 cao cho c\u00f4ng su\u1ea5t 15W).<\/span><\/li>\n<li data-sfc-root=\"c\" data-sfc-cb=\"\" data-hveid=\"CAEIBxAD\" data-complete=\"true\" data-sae=\"\"><span style=\"font-family: 'times new roman', times, serif; font-size: 14pt; color: #000000;\">K\u00edch th\u01b0\u1edbc: \u00a0(\u0110\u01b0\u1eddng k\u00ednh 170mm, \u0111\u1ed9 d\u00e0y 36mm).<\/span><\/li>\n<li data-sfc-root=\"c\" data-sfc-cb=\"\" data-hveid=\"CAEIBxAF\" data-complete=\"true\" data-sae=\"\"><span style=\"font-family: 'times new roman', times, serif; font-size: 14pt; color: #000000;\">\u0110\u00f3ng g\u00f3i:\u00a020 b\u1ed9\/th\u00f9ng.<\/span><\/li>\n<li data-sfc-root=\"c\" data-sfc-cb=\"\" data-hveid=\"CAEIBxAG\" data-complete=\"true\" data-sae=\"\"><span style=\"font-family: 'times new roman', times, serif; font-size: 14pt; color: #000000;\">Gi\u00e1 ni\u00eam y\u1ebft: 220.000 VN\u0110\/b\u1ed9.<\/span><\/li>\n<\/ul>\n<h2 data-sfc-root=\"c\" data-hveid=\"CAEIARAA\" data-processed=\"true\" data-complete=\"true\"><span style=\"font-family: 'times new roman', times, serif; font-size: 18pt; color: #ff6600;\">D\u00f2ng\u00a0\u0111\u00e8n \u1ed1p tr\u1ea7n n\u1ed5i tr\u00e0n vi\u1ec1n 15W c\u1ee7a Nanoco (m\u00e3 NRP15x1R) s\u1edf h\u1eefu nhi\u1ec1u \u01b0u \u0111i\u1ec3m v\u01b0\u1ee3t tr\u1ed9i v\u1ec1 c\u1ea3 th\u1ea9m m\u1ef9 l\u1eabn c\u00f4ng n\u0103ng, c\u1ee5 th\u1ec3 nh\u01b0 sau:<\/span><\/h2>\n<h3 role=\"heading\" aria-level=\"3\" data-sfc-root=\"c\" data-complete=\"true\" data-processed=\"true\"><span style=\"font-family: 'times new roman', times, serif; font-size: 14pt; color: #000000;\">1. Thi\u1ebft k\u1ebf tr\u00e0n vi\u1ec1n th\u1ea9m m\u1ef9 (Frameless)<\/span><\/h3>\n<ul data-sfc-root=\"c\" data-sfc-cb=\"\" data-complete=\"true\" data-processed=\"true\">\n<li data-sfc-root=\"c\" data-sfc-cb=\"\" data-hveid=\"CAEIAxAA\" data-complete=\"true\" data-sae=\"\"><span style=\"font-family: 'times new roman', times, serif; font-size: 14pt; color: #000000;\">G\u00f3c chi\u1ebfu r\u1ed9ng:\u00a0Kh\u00e1c v\u1edbi \u0111\u00e8n \u1ed1p tr\u1ea7n c\u00f3 vi\u1ec1n nh\u1ef1a d\u00e0y, thi\u1ebft k\u1ebf tr\u00e0n vi\u1ec1n gi\u00fap b\u1ec1 m\u1eb7t ph\u00e1t s\u00e1ng t\u1ed1i \u0111a. \u00c1nh s\u00e1ng kh\u00f4ng ch\u1ec9 chi\u1ebfu xu\u1ed1ng d\u01b0\u1edbi m\u00e0 c\u00f2n t\u1ecfa sang hai b\u00ean, gi\u00fap kh\u00f4ng gian s\u00e1ng \u0111\u1ec1u v\u00e0 gi\u1ea3m v\u00f9ng t\u1ed1i \u1edf c\u00e1c g\u00f3c tr\u1ea7n.<\/span><\/li>\n<li data-sfc-root=\"c\" data-sfc-cb=\"\" data-hveid=\"CAEIAxAB\" data-complete=\"true\" data-sae=\"\"><span style=\"font-family: 'times new roman', times, serif; font-size: 14pt; color: #000000;\"><span style=\"font-family: 'times new roman', times, serif; font-size: 14pt; color: #000000;\">V\u1ebb ngo\u00e0i hi\u1ec7n \u0111\u1ea1i:\u00a0\u0110\u00e8n c\u00f3 \u0111\u1ed9 d\u00e0y ch\u1ec9\u00a036mm, t\u1ea1o c\u1ea3m gi\u00e1c thanh tho\u00e1t, tinh t\u1ebf nh\u01b0 m\u1ed9t ph\u1ee5 ki\u1ec7n trang tr\u00ed sang tr\u1ecdng cho tr\u1ea7n nh\u00e0.<\/span><\/span>\n<p><div id=\"attachment_14439\" style=\"width: 610px\" class=\"wp-caption aligncenter\"><img decoding=\"async\" aria-describedby=\"caption-attachment-14439\" class=\"wp-image-14439 size-full\" src=\"http:\/\/thietbidienlama.com\/wp-content\/uploads\/2026\/04\/Den-Op-Tran-Noi-Tran-Vien-15W.jpg\" alt=\"\u0110\u00e8n \u1ed0p Tr\u1ea7n N\u1ed5i Tr\u00e0n Vi\u1ec1n 15W\" width=\"600\" height=\"600\" srcset=\"https:\/\/www.thietbidienlama.com\/wp-content\/uploads\/2026\/04\/Den-Op-Tran-Noi-Tran-Vien-15W.jpg 600w, https:\/\/www.thietbidienlama.com\/wp-content\/uploads\/2026\/04\/Den-Op-Tran-Noi-Tran-Vien-15W-300x300.jpg 300w, https:\/\/www.thietbidienlama.com\/wp-content\/uploads\/2026\/04\/Den-Op-Tran-Noi-Tran-Vien-15W-150x150.jpg 150w, https:\/\/www.thietbidienlama.com\/wp-content\/uploads\/2026\/04\/Den-Op-Tran-Noi-Tran-Vien-15W-12x12.jpg 12w\" sizes=\"(max-width: 600px) 100vw, 600px\" \/><p id=\"caption-attachment-14439\" class=\"wp-caption-text\">\u0110\u00e8n \u1ed0p Tr\u1ea7n N\u1ed5i Tr\u00e0n Vi\u1ec1n 15W<\/p><\/div><\/li>\n<\/ul>\n<h3 role=\"heading\" aria-level=\"3\" data-sfc-root=\"c\" data-processed=\"true\" data-complete=\"true\"><span style=\"font-family: 'times new roman', times, serif; font-size: 14pt; color: #000000;\">2. Hi\u1ec7u su\u1ea5t chi\u1ebfu s\u00e1ng cao<\/span><\/h3>\n<ul data-sfc-root=\"c\" data-sfc-cb=\"\" data-complete=\"true\" data-processed=\"true\">\n<li data-sfc-root=\"c\" data-sfc-cb=\"\" data-hveid=\"CAEIBRAA\" data-complete=\"true\" data-sae=\"\"><span style=\"font-family: 'times new roman', times, serif; font-size: 14pt; color: #000000;\">Quang th\u00f4ng l\u1edbn:\u00a0V\u1edbi c\u00f4ng su\u1ea5t 15W nh\u01b0ng \u0111\u1ea1t t\u1edbi\u00a01.350 lumen, \u0111\u00e8n cho hi\u1ec7u su\u1ea5t ph\u00e1t quang cao, gi\u00fap ti\u1ebft ki\u1ec7m \u0111i\u1ec7n n\u0103ng \u0111\u00e1ng k\u1ec3 so v\u1edbi c\u00e1c d\u00f2ng \u0111\u00e8n led th\u00f4ng th\u01b0\u1eddng c\u00f9ng c\u00f4ng su\u1ea5t.<\/span><\/li>\n<li data-sfc-root=\"c\" data-sfc-cb=\"\" data-hveid=\"CAEIBRAB\" data-complete=\"true\" data-sae=\"\"><span style=\"font-family: 'times new roman', times, serif; font-size: 14pt; color: #000000;\">\u00c1nh s\u00e1ng trung th\u1ef1c: Ch\u1ec9 s\u1ed1 ho\u00e0n m\u00e0u cao (th\u01b0\u1eddng Ra &gt; 80) gi\u00fap m\u00e0u s\u1eafc v\u1eadt th\u1ec3 d\u01b0\u1edbi \u00e1nh \u0111\u00e8n tr\u1edf n\u00ean trung th\u1ef1c, kh\u00f4ng g\u00e2y m\u1ecfi m\u1eaft.<\/span><\/li>\n<\/ul>\n<h3 role=\"heading\" aria-level=\"3\" data-sfc-root=\"c\" data-complete=\"true\" data-processed=\"true\"><span style=\"font-family: 'times new roman', times, serif; font-size: 14pt; color: #000000;\">3. \u0110a d\u1ea1ng l\u1ef1a ch\u1ecdn \u00e1nh s\u00e1ng<\/span><\/h3>\n<div data-sfc-cp=\"\" data-sfc-root=\"c\" data-sfc-cb=\"\" data-hveid=\"CAEIBxAA\" data-complete=\"true\" data-processed=\"true\"><span style=\"font-family: 'times new roman', times, serif; font-size: 14pt; color: #000000;\">B\u1ea1n c\u00f3 th\u1ec3 d\u1ec5 d\u00e0ng ch\u1ecdn m\u00e3 h\u00e0ng ph\u00f9 h\u1ee3p v\u1edbi nhu c\u1ea7u s\u1eed d\u1ee5ng c\u1ee7a t\u1eebng khu v\u1ef1c:<\/span><\/div>\n<ul data-sfc-root=\"c\" data-sfc-cb=\"\" data-complete=\"true\" data-processed=\"true\">\n<li data-sfc-root=\"c\" data-sfc-cb=\"\" data-hveid=\"CAEICBAA\" data-complete=\"true\" data-sae=\"\"><span style=\"font-family: 'times new roman', times, serif; font-size: 14pt; color: #000000;\">Tr\u1eafng (6500K):\u00a0Cho kh\u00f4ng gian c\u1ea7n s\u1ef1 t\u1ec9nh t\u00e1o, hi\u1ec7n \u0111\u1ea1i.<\/span><\/li>\n<li data-sfc-root=\"c\" data-sfc-cb=\"\" data-hveid=\"CAEICBAB\" data-complete=\"true\" data-sae=\"\"><span style=\"font-family: 'times new roman', times, serif; font-size: 14pt; color: #000000;\">Trung t\u00ednh (4000K):\u00a0\u00c1nh s\u00e1ng d\u1ecbu, sang tr\u1ecdng, gi\u1ed1ng \u00e1nh s\u00e1ng t\u1ef1 nhi\u00ean.<\/span><\/li>\n<li data-sfc-root=\"c\" data-sfc-cb=\"\" data-hveid=\"CAEICBAC\" data-complete=\"true\" data-sae=\"\"><span style=\"font-family: 'times new roman', times, serif; font-size: 14pt; color: #000000;\">V\u00e0ng (3000K): T\u1ea1o kh\u00f4ng gian th\u01b0 gi\u00e3n, \u1ea5m c\u00fang.<\/span><\/li>\n<\/ul>\n<h3 role=\"heading\" aria-level=\"3\" data-sfc-root=\"c\" data-complete=\"true\" data-processed=\"true\"><span style=\"font-family: 'times new roman', times, serif; font-size: 14pt; color: #000000;\">4. L\u1eafp \u0111\u1eb7t d\u1ec5 d\u00e0ng &amp; Linh ho\u1ea1t<\/span><\/h3>\n<ul data-sfc-root=\"c\" data-sfc-cb=\"\" data-complete=\"true\" data-processed=\"true\">\n<li data-sfc-root=\"c\" data-sfc-cb=\"\" data-hveid=\"CAEIChAA\" data-complete=\"true\" data-sae=\"\"><span style=\"font-family: 'times new roman', times, serif; font-size: 14pt; color: #000000;\">\u1ed0p n\u1ed5i ti\u1ec7n l\u1ee3i:\u00a0Kh\u00f4ng c\u1ea7n \u0111\u1ee5c l\u1ed7 hay kho\u00e9t tr\u1ea7n, r\u1ea5t ph\u00f9 h\u1ee3p cho tr\u1ea7n b\u00ea t\u00f4ng ho\u1eb7c nh\u1eefng n\u01a1i kh\u00f4ng ti\u1ec7n thi c\u00f4ng tr\u1ea7n th\u1ea1ch cao.<\/span><\/li>\n<li data-sfc-root=\"c\" data-sfc-cb=\"\" data-hveid=\"CAEIChAB\" data-complete=\"true\" data-sae=\"\"><span style=\"font-family: 'times new roman', times, serif; font-size: 14pt; color: #000000;\">D\u1ea3i \u0111i\u1ec7n \u00e1p r\u1ed9ng:\u00a0Ho\u1ea1t \u0111\u1ed9ng \u1ed5n \u0111\u1ecbnh \u1edf m\u1ee9c\u00a0220V, ph\u00f9 h\u1ee3p v\u1edbi h\u1ea1 t\u1ea7ng \u0111i\u1ec7n t\u1ea1i Vi\u1ec7t Nam, b\u1ea3o v\u1ec7 chip LED kh\u1ecfi bi\u1ebfn \u0111\u1ed9ng \u0111i\u1ec7n \u00e1p.<\/span><\/li>\n<\/ul>\n<div id=\"attachment_14440\" style=\"width: 610px\" class=\"wp-caption aligncenter\"><img decoding=\"async\" aria-describedby=\"caption-attachment-14440\" class=\"wp-image-14440 size-full\" src=\"http:\/\/thietbidienlama.com\/wp-content\/uploads\/2026\/04\/Den-Op-Tran-Noi-Tran-Vien-15W-Nanoco-Lap-vao-thuc-te.jpg\" alt=\"\u0110\u00e8n \u1ed0p Tr\u1ea7n N\u1ed5i Tr\u00e0n Vi\u1ec1n 15W Nanoco L\u1eafp V\u00e0o Th\u1ef1c T\u1ebf\" width=\"600\" height=\"600\" srcset=\"https:\/\/www.thietbidienlama.com\/wp-content\/uploads\/2026\/04\/Den-Op-Tran-Noi-Tran-Vien-15W-Nanoco-Lap-vao-thuc-te.jpg 600w, https:\/\/www.thietbidienlama.com\/wp-content\/uploads\/2026\/04\/Den-Op-Tran-Noi-Tran-Vien-15W-Nanoco-Lap-vao-thuc-te-300x300.jpg 300w, https:\/\/www.thietbidienlama.com\/wp-content\/uploads\/2026\/04\/Den-Op-Tran-Noi-Tran-Vien-15W-Nanoco-Lap-vao-thuc-te-150x150.jpg 150w, https:\/\/www.thietbidienlama.com\/wp-content\/uploads\/2026\/04\/Den-Op-Tran-Noi-Tran-Vien-15W-Nanoco-Lap-vao-thuc-te-12x12.jpg 12w\" sizes=\"(max-width: 600px) 100vw, 600px\" \/><p id=\"caption-attachment-14440\" class=\"wp-caption-text\">\u00a0 \u00a0 \u00a0 \u00a0 \u00a0 \u00a0 \u00a0 \u00a0 \u00a0 \u00a0 \u00a0 \u00a0 \u00a0 \u00a0\u0110\u00e8n \u1ed0p Tr\u1ea7n N\u1ed5i Tr\u00e0n Vi\u1ec1n 15W Nanoco L\u1eafp V\u00e0o Th\u1ef1c T\u1ebf<\/p><\/div>\n<h3 role=\"heading\" aria-level=\"3\" data-sfc-root=\"c\" data-complete=\"true\" data-processed=\"true\"><span style=\"font-family: 'times new roman', times, serif; font-size: 14pt; color: #000000;\">5. \u0110\u1ed9 b\u1ec1n v\u00e0 Th\u01b0\u01a1ng hi\u1ec7u<\/span><\/h3>\n<ul data-sfc-root=\"c\" data-sfc-cb=\"\" data-complete=\"true\" data-processed=\"true\">\n<li data-sfc-root=\"c\" data-sfc-cb=\"\" data-hveid=\"CAEIDBAA\" data-complete=\"true\" data-sae=\"\"><span style=\"font-family: 'times new roman', times, serif; font-size: 14pt; color: #000000;\">Ch\u1ea5t li\u1ec7u cao c\u1ea5p:\u00a0Th\u00e2n \u0111\u00e8n th\u01b0\u1eddng \u0111\u01b0\u1ee3c l\u00e0m b\u1eb1ng nh\u00f4m \u0111\u00fac ho\u1eb7c nh\u1ef1a ch\u1ed1ng ch\u00e1y ch\u1ecbu nhi\u1ec7t t\u1ed1t, gi\u00fap t\u1ea3n nhi\u1ec7t nhanh v\u00e0 k\u00e9o d\u00e0i tu\u1ed5i th\u1ecd chip LED.<\/span><\/li>\n<li data-sfc-root=\"c\" data-sfc-cb=\"\" data-hveid=\"CAEIDBAB\" data-complete=\"true\" data-sae=\"\"><span style=\"font-family: 'times new roman', times, serif; font-size: 14pt; color: #000000;\">Th\u01b0\u01a1ng hi\u1ec7u uy t\u00edn: Nanoco l\u00e0 \u0111\u1ed1i t\u00e1c chi\u1ebfn l\u01b0\u1ee3c c\u1ee7a Panasonic, \u0111\u1ea3m b\u1ea3o ti\u00eau chu\u1ea9n ch\u1ea5t l\u01b0\u1ee3ng nghi\u00eam ng\u1eb7t v\u00e0 ch\u1ebf \u0111\u1ed9 b\u1ea3o h\u00e0nh chu \u0111\u00e1o.<\/span><\/li>\n<\/ul>\n<p class=\"Y3BBE\" data-hveid=\"CAEICBAA\" data-complete=\"true\" data-processed=\"true\"><span style=\"font-family: 'times new roman', times, serif; font-size: 14pt; color: #000000;\"><strong>LI\u00caN H\u1ec6 : Hotline: 0935 228 204 ( Ms Lam )<\/strong><\/span><\/p>\n<p><span style=\"font-family: 'times new roman', times, serif; font-size: 14pt; color: #000000;\"><strong>Facebook:\u00a0<span style=\"color: #ff6600;\"><a style=\"color: #ff6600;\" href=\"https:\/\/www.facebook.com\/thietbidienlama\" target=\"_blank\" rel=\"noopener\">THI\u1ebeT\u00a0B\u1eca \u0110I\u1ec6N LAMA<\/a><\/span><\/strong><\/span><\/p>\n<p><span style=\"font-family: 'times new roman', times, serif; font-size: 14pt; color: #000000;\"><strong>Tiktok:\u00a0<span style=\"color: #ff6600;\"><a style=\"color: #ff6600;\" href=\"https:\/\/www.tiktok.com\/@thietbidienlama\" target=\"_blank\" rel=\"noopener\">THI\u1ebeT\u00a0B\u1eca \u0110I\u1ec6N LAMA<\/a><\/span><\/strong><\/span><\/p>\n<p><span style=\"font-family: 'times new roman', times, serif; font-size: 14pt; color: #000000;\"><strong>Youtube:\u00a0<span style=\"color: #ff6600;\"><a style=\"color: #ff6600;\" href=\"https:\/\/www.youtube.com\/@thietbidienlama\" target=\"_blank\" rel=\"noopener\">THI\u1ebeT\u00a0B\u1eca \u0110I\u1ec6N LAMA<\/a><\/span><\/strong><\/span><\/p>","protected":false},"excerpt":{"rendered":"<p>\u0110\u00e8n \u1ed0p Tr\u1ea7n N\u1ed5i Tr\u00e0n Vi\u1ec1n 15W Nanoco Th\u00f4ng s\u1ed1 k\u1ef9 thu\u1eadt \u0111\u00e8n \u1ed1p tr\u1ea7n n\u1ed5i: 1. C\u00e1c phi\u00ean b\u1ea3n<\/p>","protected":false},"featured_media":14438,"comment_status":"closed","ping_status":"closed","template":"","meta":[],"product_brand":[],"product_cat":[1069,872],"product_tag":[889],"class_list":{"0":"post-14437","1":"product","2":"type-product","3":"status-publish","4":"has-post-thumbnail","6":"product_cat-den-op-tran","7":"product_cat-den-tran-nanoco","8":"product_tag-den-op-tran-noi","10":"first","11":"instock","12":"shipping-taxable","13":"product-type-simple"},"_links":{"self":[{"href":"https:\/\/www.thietbidienlama.com\/en\/wp-json\/wp\/v2\/product\/14437","targetHints":{"allow":["GET"]}}],"collection":[{"href":"https:\/\/www.thietbidienlama.com\/en\/wp-json\/wp\/v2\/product"}],"about":[{"href":"https:\/\/www.thietbidienlama.com\/en\/wp-json\/wp\/v2\/types\/product"}],"replies":[{"embeddable":true,"href":"https:\/\/www.thietbidienlama.com\/en\/wp-json\/wp\/v2\/comments?post=14437"}],"version-history":[{"count":2,"href":"https:\/\/www.thietbidienlama.com\/en\/wp-json\/wp\/v2\/product\/14437\/revisions"}],"predecessor-version":[{"id":14443,"href":"https:\/\/www.thietbidienlama.com\/en\/wp-json\/wp\/v2\/product\/14437\/revisions\/14443"}],"wp:featuredmedia":[{"embeddable":true,"href":"https:\/\/www.thietbidienlama.com\/en\/wp-json\/wp\/v2\/media\/14438"}],"wp:attachment":[{"href":"https:\/\/www.thietbidienlama.com\/en\/wp-json\/wp\/v2\/media?parent=14437"}],"wp:term":[{"taxonomy":"product_brand","embeddable":true,"href":"https:\/\/www.thietbidienlama.com\/en\/wp-json\/wp\/v2\/product_brand?post=14437"},{"taxonomy":"product_cat","embeddable":true,"href":"https:\/\/www.thietbidienlama.com\/en\/wp-json\/wp\/v2\/product_cat?post=14437"},{"taxonomy":"product_tag","embeddable":true,"href":"https:\/\/www.thietbidienlama.com\/en\/wp-json\/wp\/v2\/product_tag?post=14437"}],"curies":[{"name":"wp","href":"https:\/\/api.w.org\/{rel}","templated":true}]}}