{"id":14177,"date":"2026-03-30T15:39:19","date_gmt":"2026-03-30T08:39:19","guid":{"rendered":"https:\/\/thietbidienlama.com\/?post_type=product&#038;p=14177"},"modified":"2026-03-30T15:43:24","modified_gmt":"2026-03-30T08:43:24","slug":"den-lon-tran-nanoco-10w-than-den","status":"publish","type":"product","link":"https:\/\/www.thietbidienlama.com\/en\/den-lon-tran-nanoco-10w-than-den\/","title":{"rendered":"\u0110\u00e8n Lon Tr\u1ea7n Nanoco 10W Th\u00e2n \u0110en NSDL105B\/104B\/103B"},"content":{"rendered":"<h1 style=\"text-align: center;\" data-sfc-root=\"c\" data-hveid=\"CAEIAhAA\" data-complete=\"true\" data-processed=\"true\"><span style=\"font-family: 'times new roman', times, serif; font-size: 18pt; color: #000000;\">\u0110\u00e8n Lon Tr\u1ea7n Nanoco 10W Th\u00e2n \u0110en NSDL105B\/104B\/103B<\/span><\/h1>\n<p data-sfc-root=\"c\" data-hveid=\"CAEIAhAA\" data-complete=\"true\" data-processed=\"true\"><span style=\"font-family: 'times new roman', times, serif; font-size: 14pt; color: #000000;\">D\u00f2ng <span style=\"color: #ff6600;\"><strong><a style=\"color: #ff6600;\" href=\"https:\/\/thietbidienlama.com\/den-lon-nanoco\/\">\u0111\u00e8n lon n\u1ed5i<\/a><\/strong><\/span> (\u0111\u00e8n \u1ed1ng b\u01a1) 10W c\u1ee7a\u00a0Nanoco\u00a0v\u1edbi c\u00e1c m\u00e3\u00a0NSDL103B, NSDL104B, NSDL105B\u00a0l\u00e0 phi\u00ean b\u1ea3n\u00a0th\u00e2n \u0111en sang tr\u1ecdng, thi\u1ebft k\u1ebf h\u00ecnh tr\u1ee5 nh\u1ecf g\u1ecdn ph\u00f9 h\u1ee3p cho c\u00e1c kh\u00f4ng gian n\u1ed9i th\u1ea5t hi\u1ec7n \u0111\u1ea1i, qu\u00e1n cafe ho\u1eb7c shop th\u1eddi trang.<\/span><\/p>\n<div id=\"attachment_14179\" style=\"width: 510px\" class=\"wp-caption aligncenter\"><img fetchpriority=\"high\" decoding=\"async\" aria-describedby=\"caption-attachment-14179\" class=\"wp-image-14179 size-full\" src=\"http:\/\/thietbidienlama.com\/wp-content\/uploads\/2026\/03\/Den-Lon-Tran-Nanoco-10W.jpg\" alt=\"\u0110\u00e8n Lon Tr\u1ea7n Nanoco 10W\" width=\"500\" height=\"500\" srcset=\"https:\/\/www.thietbidienlama.com\/wp-content\/uploads\/2026\/03\/Den-Lon-Tran-Nanoco-10W.jpg 500w, https:\/\/www.thietbidienlama.com\/wp-content\/uploads\/2026\/03\/Den-Lon-Tran-Nanoco-10W-300x300.jpg 300w, https:\/\/www.thietbidienlama.com\/wp-content\/uploads\/2026\/03\/Den-Lon-Tran-Nanoco-10W-150x150.jpg 150w, https:\/\/www.thietbidienlama.com\/wp-content\/uploads\/2026\/03\/Den-Lon-Tran-Nanoco-10W-12x12.jpg 12w\" sizes=\"(max-width: 500px) 100vw, 500px\" \/><p id=\"caption-attachment-14179\" class=\"wp-caption-text\">\u0110\u00e8n Lon Tr\u1ea7n Nanoco 10W<\/p><\/div>\n<div data-sfc-cp=\"\" data-sfc-root=\"c\" data-sfc-cb=\"\" data-hveid=\"CAEIAhAA\" data-complete=\"true\" data-processed=\"true\">\n<h2 role=\"heading\" aria-level=\"3\" data-sfc-root=\"c\" data-complete=\"true\" data-processed=\"true\"><span style=\"font-family: 'times new roman', times, serif; font-size: 18pt; color: #ff6600;\">1. Th\u00f4ng s\u1ed1 k\u1ef9 thu\u1eadt chi ti\u1ebft<\/span><\/h2>\n<div data-sfc-cp=\"\" data-sfc-root=\"c\" data-sfc-cb=\"\" data-hveid=\"CAEIBBAA\" data-complete=\"true\" data-processed=\"true\"><span style=\"font-family: 'times new roman', times, serif; font-size: 14pt; color: #000000;\">D\u00f2ng <span style=\"color: #ff6600;\"><strong><a style=\"color: #ff6600;\" href=\"https:\/\/thietbidienlama.com\/den-lon-trang-tri\/\">\u0111\u00e8n lon trang tr\u00ed<\/a><\/strong><\/span> s\u1ea3n ph\u1ea9m n\u00e0y s\u1eed d\u1ee5ng chip LED SMD v\u1edbi g\u00f3c chi\u1ebfu r\u1ed9ng, \u0111\u1ea3m b\u1ea3o \u0111\u1ed9 ph\u1ee7 s\u00e1ng t\u1ed1t.<\/span><\/div>\n<ul data-sfc-root=\"c\" data-sfc-cb=\"\" data-complete=\"true\" data-processed=\"true\">\n<li data-sfc-root=\"c\" data-sfc-cb=\"\" data-hveid=\"CAEIBRAA\" data-complete=\"true\" data-sae=\"\"><span style=\"font-family: 'times new roman', times, serif; font-size: 14pt; color: #000000;\">C\u00f4ng su\u1ea5t:\u00a010W.<\/span><\/li>\n<li data-sfc-root=\"c\" data-sfc-cb=\"\" data-hveid=\"CAEIBRAB\" data-complete=\"true\" data-sae=\"\"><span style=\"font-family: 'times new roman', times, serif; font-size: 14pt; color: #000000;\">Quang th\u00f4ng:\u00a0800 Lm.<\/span><\/li>\n<li data-sfc-root=\"c\" data-sfc-cb=\"\" data-hveid=\"CAEIBRAC\" data-complete=\"true\" data-sae=\"\"><span style=\"font-family: 'times new roman', times, serif; font-size: 14pt; color: #000000;\">K\u00edch th\u01b0\u1edbc:\u00a0\u0110\u01b0\u1eddng k\u00ednh \u00d871mm, Chi\u1ec1u cao 75mm.<\/span><\/li>\n<li data-sfc-root=\"c\" data-sfc-cb=\"\" data-hveid=\"CAEIBRAD\" data-complete=\"true\" data-sae=\"\"><span style=\"font-family: 'times new roman', times, serif; font-size: 14pt; color: #000000;\">\u0110i\u1ec7n \u00e1p:\u00a0220V &#8211; 240V.<\/span><\/li>\n<li data-sfc-root=\"c\" data-sfc-cb=\"\" data-hveid=\"CAEIBRAE\" data-complete=\"true\" data-sae=\"\"><span style=\"font-family: 'times new roman', times, serif; font-size: 14pt; color: #000000;\">G\u00f3c chi\u1ebfu:\u00a0110\u00b0 (d\u00f2ng NSDL) ho\u1eb7c 36\u00b0 (d\u00f2ng NSDLC chuy\u00ean chi\u1ebfu \u0111i\u1ec3m).<\/span><\/li>\n<li data-sfc-root=\"c\" data-sfc-cb=\"\" data-hveid=\"CAEIBRAF\" data-complete=\"true\" data-sae=\"\"><span style=\"font-family: 'times new roman', times, serif; font-size: 14pt; color: #000000;\">Ch\u1ec9 s\u1ed1 ho\u00e0n m\u00e0u (CRI):\u00a0Ra80.<\/span><\/li>\n<li data-sfc-root=\"c\" data-sfc-cb=\"\" data-hveid=\"CAEIBRAG\" data-complete=\"true\" data-sae=\"\"><span style=\"font-family: 'times new roman', times, serif; font-size: 14pt; color: #000000;\">Tu\u1ed5i th\u1ecd:\u00a050.000 gi\u1edd.<\/span><\/li>\n<li data-sfc-root=\"c\" data-sfc-cb=\"\" data-hveid=\"CAEIBRAH\" data-complete=\"true\" data-sae=\"\"><span style=\"font-family: 'times new roman', times, serif; font-size: 14pt; color: #000000;\">Ch\u1ea5t li\u1ec7u:\u00a0Th\u00e2n nh\u00f4m \u0111\u00fac, ch\u00f3a \u0111\u00e8n b\u1eb1ng nh\u1ef1a cao c\u1ea5p.<\/span><\/li>\n<\/ul>\n<div id=\"attachment_14178\" style=\"width: 510px\" class=\"wp-caption aligncenter\"><img decoding=\"async\" aria-describedby=\"caption-attachment-14178\" class=\"wp-image-14178 size-full\" src=\"http:\/\/thietbidienlama.com\/wp-content\/uploads\/2026\/03\/Den-Lon-Tran-Nanoco-10W-Than-Den.jpg\" alt=\"\u0110\u00e8n Lon Tr\u1ea7n Nanoco 10W Th\u00e2n \u0110en\" width=\"500\" height=\"500\" srcset=\"https:\/\/www.thietbidienlama.com\/wp-content\/uploads\/2026\/03\/Den-Lon-Tran-Nanoco-10W-Than-Den.jpg 500w, https:\/\/www.thietbidienlama.com\/wp-content\/uploads\/2026\/03\/Den-Lon-Tran-Nanoco-10W-Than-Den-300x300.jpg 300w, https:\/\/www.thietbidienlama.com\/wp-content\/uploads\/2026\/03\/Den-Lon-Tran-Nanoco-10W-Than-Den-150x150.jpg 150w, https:\/\/www.thietbidienlama.com\/wp-content\/uploads\/2026\/03\/Den-Lon-Tran-Nanoco-10W-Than-Den-12x12.jpg 12w\" sizes=\"(max-width: 500px) 100vw, 500px\" \/><p id=\"caption-attachment-14178\" class=\"wp-caption-text\">\u0110\u00e8n Lon Tr\u1ea7n Nanoco 10W Th\u00e2n \u0110en<\/p><\/div>\n<h2 role=\"heading\" aria-level=\"3\" data-sfc-root=\"c\" data-complete=\"true\" data-processed=\"true\"><span style=\"font-family: 'times new roman', times, serif; font-size: 18pt; color: #ff6600;\">2. Ph\u00e2n lo\u1ea1i theo nhi\u1ec7t \u0111\u1ed9 m\u00e0u<\/span><\/h2>\n<div data-sfc-cp=\"\" data-sfc-root=\"c\" data-sfc-cb=\"\" data-hveid=\"CAEIBxAA\" data-complete=\"true\" data-processed=\"true\"><span style=\"font-family: 'times new roman', times, serif; font-size: 14pt; color: #000000;\">M\u1ed7i m\u00e3 s\u1ea3n ph\u1ea9m t\u01b0\u01a1ng \u1ee9ng v\u1edbi m\u1ed9t m\u00e0u \u00e1nh s\u00e1ng kh\u00e1c nhau:<\/span><\/div>\n<ul data-sfc-root=\"c\" data-sfc-cb=\"\" data-complete=\"true\" data-processed=\"true\">\n<li data-sfc-root=\"c\" data-sfc-cb=\"\" data-hveid=\"CAEICBAA\" data-complete=\"true\" data-sae=\"\"><span style=\"font-family: 'times new roman', times, serif; font-size: 14pt; color: #000000;\">Nanoco NSDL103W:\u00a0\u00c1nh s\u00e1ng V\u00e0ng (3000K).<\/span><\/li>\n<li data-sfc-root=\"c\" data-sfc-cb=\"\" data-hveid=\"CAEICBAC\" data-complete=\"true\" data-sae=\"\"><span style=\"font-family: 'times new roman', times, serif; font-size: 14pt; color: #000000;\">Nanoco NSDL104W:\u00a0\u00c1nh s\u00e1ng Trung t\u00ednh (4000K).<\/span><\/li>\n<li data-sfc-root=\"c\" data-sfc-cb=\"\" data-hveid=\"CAEICBAE\" data-complete=\"true\" data-sae=\"\"><span style=\"font-family: 'times new roman', times, serif; font-size: 14pt; color: #000000;\" data-sfc-cp=\"\" data-sfc-root=\"c\" data-sfc-cb=\"\" data-complete=\"true\" aria-owns=\"action-menu-parent-container\">Nanoco NSDL105W:\u00a0\u00c1nh s\u00e1ng Tr\u1eafng (5000K).<\/span><\/li>\n<\/ul>\n<div id=\"attachment_14163\" style=\"width: 493px\" class=\"wp-caption aligncenter\"><img decoding=\"async\" aria-describedby=\"caption-attachment-14163\" class=\"wp-image-14163 size-full\" src=\"http:\/\/thietbidienlama.com\/wp-content\/uploads\/2026\/03\/De-Den-Lon-Tha-Tran-Nanoco.jpg\" alt=\"\u0110\u1ebf \u0110\u00e8n Lon Th\u1ea3 Tr\u1ea7n Nanoco\" width=\"483\" height=\"218\" srcset=\"https:\/\/www.thietbidienlama.com\/wp-content\/uploads\/2026\/03\/De-Den-Lon-Tha-Tran-Nanoco.jpg 483w, https:\/\/www.thietbidienlama.com\/wp-content\/uploads\/2026\/03\/De-Den-Lon-Tha-Tran-Nanoco-300x135.jpg 300w, https:\/\/www.thietbidienlama.com\/wp-content\/uploads\/2026\/03\/De-Den-Lon-Tha-Tran-Nanoco-18x8.jpg 18w, https:\/\/www.thietbidienlama.com\/wp-content\/uploads\/2026\/03\/De-Den-Lon-Tha-Tran-Nanoco-150x68.jpg 150w\" sizes=\"(max-width: 483px) 100vw, 483px\" \/><p id=\"caption-attachment-14163\" class=\"wp-caption-text\">\u0110\u1ebf \u0110\u00e8n Lon Th\u1ea3 Tr\u1ea7n Nanoco<\/p><\/div>\n<p class=\"Y3BBE\" data-hveid=\"CAEICBAA\" data-complete=\"true\" data-processed=\"true\"><span style=\"font-size: 14pt; color: #000000; font-family: 'times new roman', times, serif;\"><strong>LI\u00caN H\u1ec6 : Hotline: 0935 228 204 ( Ms Lam )<\/strong><\/span><\/p>\n<p><span style=\"font-size: 14pt; color: #000000; font-family: 'times new roman', times, serif;\"><strong>Facebook:\u00a0<span style=\"color: #ff6600;\"><a style=\"color: #ff6600;\" href=\"https:\/\/www.facebook.com\/thietbidienlama\" target=\"_blank\" rel=\"noopener\">THI\u1ebeT\u00a0B\u1eca \u0110I\u1ec6N LAMA<\/a><\/span><\/strong><\/span><\/p>\n<p><span style=\"font-size: 14pt; color: #000000; font-family: 'times new roman', times, serif;\"><strong>Tiktok:\u00a0<span style=\"color: #ff6600;\"><a style=\"color: #ff6600;\" href=\"https:\/\/www.tiktok.com\/@thietbidienlama\" target=\"_blank\" rel=\"noopener\">THI\u1ebeT\u00a0B\u1eca \u0110I\u1ec6N LAMA<\/a><\/span><\/strong><\/span><\/p>\n<p><span style=\"font-size: 14pt; color: #000000; font-family: 'times new roman', times, serif;\"><strong>Youtube: <span style=\"color: #ff6600;\"><a style=\"color: #ff6600;\" href=\"https:\/\/www.youtube.com\/@thietbidienlama\" target=\"_blank\" rel=\"noopener\">THI\u1ebeT\u00a0B\u1eca \u0110I\u1ec6N LAMA<\/a><\/span><\/strong><\/span><\/p>\n<\/div>","protected":false},"excerpt":{"rendered":"<p>\u0110\u00e8n Lon Tr\u1ea7n Nanoco 10W Th\u00e2n \u0110en NSDL105B\/104B\/103B D\u00f2ng \u0111\u00e8n lon n\u1ed5i (\u0111\u00e8n \u1ed1ng b\u01a1) 10W c\u1ee7a\u00a0Nanoco\u00a0v\u1edbi c\u00e1c m\u00e3\u00a0NSDL103B, NSDL104B,<\/p>","protected":false},"featured_media":14178,"comment_status":"closed","ping_status":"closed","template":"","meta":[],"product_brand":[],"product_cat":[505,869,846],"product_tag":[895,894,871],"class_list":{"0":"post-14177","1":"product","2":"type-product","3":"status-publish","4":"has-post-thumbnail","6":"product_cat-den-trang-tri","7":"product_cat-den-lon-nanoco","8":"product_cat-den-lon-trang-tri","9":"product_tag-den-lon-op-tran","10":"product_tag-den-lon-tran","11":"product_tag-den-lon-trang-tri","13":"first","14":"instock","15":"sale","16":"shipping-taxable","17":"purchasable","18":"product-type-simple"},"_links":{"self":[{"href":"https:\/\/www.thietbidienlama.com\/en\/wp-json\/wp\/v2\/product\/14177","targetHints":{"allow":["GET"]}}],"collection":[{"href":"https:\/\/www.thietbidienlama.com\/en\/wp-json\/wp\/v2\/product"}],"about":[{"href":"https:\/\/www.thietbidienlama.com\/en\/wp-json\/wp\/v2\/types\/product"}],"replies":[{"embeddable":true,"href":"https:\/\/www.thietbidienlama.com\/en\/wp-json\/wp\/v2\/comments?post=14177"}],"version-history":[{"count":4,"href":"https:\/\/www.thietbidienlama.com\/en\/wp-json\/wp\/v2\/product\/14177\/revisions"}],"predecessor-version":[{"id":14182,"href":"https:\/\/www.thietbidienlama.com\/en\/wp-json\/wp\/v2\/product\/14177\/revisions\/14182"}],"wp:featuredmedia":[{"embeddable":true,"href":"https:\/\/www.thietbidienlama.com\/en\/wp-json\/wp\/v2\/media\/14178"}],"wp:attachment":[{"href":"https:\/\/www.thietbidienlama.com\/en\/wp-json\/wp\/v2\/media?parent=14177"}],"wp:term":[{"taxonomy":"product_brand","embeddable":true,"href":"https:\/\/www.thietbidienlama.com\/en\/wp-json\/wp\/v2\/product_brand?post=14177"},{"taxonomy":"product_cat","embeddable":true,"href":"https:\/\/www.thietbidienlama.com\/en\/wp-json\/wp\/v2\/product_cat?post=14177"},{"taxonomy":"product_tag","embeddable":true,"href":"https:\/\/www.thietbidienlama.com\/en\/wp-json\/wp\/v2\/product_tag?post=14177"}],"curies":[{"name":"wp","href":"https:\/\/api.w.org\/{rel}","templated":true}]}}