{"id":14170,"date":"2026-03-30T14:19:06","date_gmt":"2026-03-30T07:19:06","guid":{"rendered":"https:\/\/thietbidienlama.com\/?post_type=product&#038;p=14170"},"modified":"2026-03-30T14:20:05","modified_gmt":"2026-03-30T07:20:05","slug":"den-lon-op-tran-nanoco-10w-than-trang","status":"publish","type":"product","link":"https:\/\/www.thietbidienlama.com\/en\/den-lon-op-tran-nanoco-10w-than-trang\/","title":{"rendered":"\u0110\u00e8n Lon \u1ed0p Tr\u1ea7n Nanoco 10W Th\u00e2n Tr\u1eafng NSDL105W\/104W\/103W"},"content":{"rendered":"<h1 style=\"text-align: center;\"><span style=\"font-family: 'times new roman', times, serif; font-size: 18pt; color: #000000;\">\u0110\u00e8n Lon \u1ed0p Tr\u1ea7n Nanoco 10W Th\u00e2n Tr\u1eafng NSDL105W\/104W\/103W<\/span><\/h1>\n<div data-sfc-cp=\"\" data-sfc-root=\"c\" data-sfc-cb=\"\" data-hveid=\"CAEIAhAA\" data-processed=\"true\" data-complete=\"true\"><span style=\"font-family: 'times new roman', times, serif; font-size: 14pt; color: #000000;\"><strong><span style=\"color: #ff6600;\"><a style=\"color: #ff6600;\" href=\"https:\/\/thietbidienlama.com\/den-lon-trang-tri\/\">\u0110\u00e8n lon n\u1ed5i<\/a><\/span><\/strong> (\u0111\u00e8n \u1ed1ng b\u01a1) 10W c\u1ee7a Nanoco v\u1edbi c\u00e1c m\u00e3\u00a0NSDL103W, NSDL104W, NSDL105W\u00a0l\u00e0 d\u00f2ng \u0111\u00e8n LED \u1ed1p tr\u1ea7n n\u1ed5i th\u00e2n tr\u1eafng, thi\u1ebft k\u1ebf h\u00ecnh tr\u1ee5 hi\u1ec7n \u0111\u1ea1i, ph\u00f9 h\u1ee3p cho chi\u1ebfu s\u00e1ng trang tr\u00ed v\u00e0 d\u00e2n d\u1ee5ng.<\/span><\/div>\n<div data-sfc-cp=\"\" data-sfc-root=\"c\" data-sfc-cb=\"\" data-complete=\"true\" data-processed=\"true\">\n<div id=\"attachment_14172\" style=\"width: 310px\" class=\"wp-caption aligncenter\"><img fetchpriority=\"high\" decoding=\"async\" aria-describedby=\"caption-attachment-14172\" class=\"wp-image-14172 size-medium\" src=\"http:\/\/thietbidienlama.com\/wp-content\/uploads\/2026\/03\/Den-Lon-Op-Tran-300x300.jpg\" alt=\"\u0110\u00e8n Lon \u1ed0p Tr\u1ea7n\" width=\"300\" height=\"300\" srcset=\"https:\/\/www.thietbidienlama.com\/wp-content\/uploads\/2026\/03\/Den-Lon-Op-Tran-300x300.jpg 300w, https:\/\/www.thietbidienlama.com\/wp-content\/uploads\/2026\/03\/Den-Lon-Op-Tran-150x150.jpg 150w, https:\/\/www.thietbidienlama.com\/wp-content\/uploads\/2026\/03\/Den-Lon-Op-Tran-12x12.jpg 12w, https:\/\/www.thietbidienlama.com\/wp-content\/uploads\/2026\/03\/Den-Lon-Op-Tran.jpg 500w\" sizes=\"(max-width: 300px) 100vw, 300px\" \/><p id=\"caption-attachment-14172\" class=\"wp-caption-text\">\u0110\u00e8n Lon \u1ed0p Tr\u1ea7n<\/p><\/div>\n<\/div>\n<h2 role=\"heading\" aria-level=\"3\" data-sfc-root=\"c\" data-complete=\"true\" data-processed=\"true\"><span style=\"font-family: 'times new roman', times, serif; font-size: 18pt; color: #ff6600;\">1. Th\u00f4ng s\u1ed1 k\u1ef9 thu\u1eadt chi ti\u1ebft<\/span><\/h2>\n<div data-sfc-cp=\"\" data-sfc-root=\"c\" data-sfc-cb=\"\" data-hveid=\"CAEIBBAA\" data-complete=\"true\" data-processed=\"true\"><span style=\"font-family: 'times new roman', times, serif; font-size: 14pt; color: #000000;\">D\u00f2ng s\u1ea3n ph\u1ea9m n\u00e0y c\u00f3 c\u00e1c th\u00f4ng s\u1ed1 k\u1ef9 thu\u1eadt chung nh\u01b0 sau:<\/span><\/div>\n<ul data-sfc-root=\"c\" data-sfc-cb=\"\" data-complete=\"true\" data-processed=\"true\">\n<li data-sfc-root=\"c\" data-sfc-cb=\"\" data-hveid=\"CAEIBRAA\" data-complete=\"true\" data-sae=\"\"><span style=\"font-family: 'times new roman', times, serif; font-size: 14pt; color: #000000;\">C\u00f4ng su\u1ea5t:\u00a010W.<\/span><\/li>\n<li data-sfc-root=\"c\" data-sfc-cb=\"\" data-hveid=\"CAEIBRAB\" data-complete=\"true\" data-sae=\"\"><span style=\"font-family: 'times new roman', times, serif; font-size: 14pt; color: #000000;\">Quang th\u00f4ng:\u00a0800 Lm.<\/span><\/li>\n<li data-sfc-root=\"c\" data-sfc-cb=\"\" data-hveid=\"CAEIBRAC\" data-complete=\"true\" data-sae=\"\"><span style=\"font-family: 'times new roman', times, serif; font-size: 14pt; color: #000000;\">K\u00edch th\u01b0\u1edbc:\u00a0\u0110\u01b0\u1eddng k\u00ednh \u00d871mm, Chi\u1ec1u cao 75mm.<\/span><\/li>\n<li data-sfc-root=\"c\" data-sfc-cb=\"\" data-hveid=\"CAEIBRAD\" data-complete=\"true\" data-sae=\"\"><span style=\"font-family: 'times new roman', times, serif; font-size: 14pt; color: #000000;\">\u0110i\u1ec7n \u00e1p:\u00a0220V &#8211; 240V.<\/span><\/li>\n<li data-sfc-root=\"c\" data-sfc-cb=\"\" data-hveid=\"CAEIBRAE\" data-complete=\"true\" data-sae=\"\"><span style=\"font-family: 'times new roman', times, serif; font-size: 14pt; color: #000000;\">G\u00f3c chi\u1ebfu:\u00a0110\u00b0 (d\u00f2ng NSDL) ho\u1eb7c 36\u00b0 (d\u00f2ng NSDLC chuy\u00ean chi\u1ebfu \u0111i\u1ec3m).<\/span><\/li>\n<li data-sfc-root=\"c\" data-sfc-cb=\"\" data-hveid=\"CAEIBRAF\" data-complete=\"true\" data-sae=\"\"><span style=\"font-family: 'times new roman', times, serif; font-size: 14pt; color: #000000;\">Ch\u1ec9 s\u1ed1 ho\u00e0n m\u00e0u (CRI):\u00a0Ra80.<\/span><\/li>\n<li data-sfc-root=\"c\" data-sfc-cb=\"\" data-hveid=\"CAEIBRAG\" data-complete=\"true\" data-sae=\"\"><span style=\"font-family: 'times new roman', times, serif; font-size: 14pt; color: #000000;\">Tu\u1ed5i th\u1ecd:\u00a050.000 gi\u1edd.<\/span><\/li>\n<li data-sfc-root=\"c\" data-sfc-cb=\"\" data-hveid=\"CAEIBRAH\" data-complete=\"true\" data-sae=\"\"><span style=\"font-family: 'times new roman', times, serif; font-size: 14pt; color: #000000;\">Ch\u1ea5t li\u1ec7u:\u00a0Th\u00e2n nh\u00f4m \u0111\u00fac, ch\u00f3a \u0111\u00e8n b\u1eb1ng nh\u1ef1a cao c\u1ea5p.<\/span><\/li>\n<\/ul>\n<div id=\"attachment_14171\" style=\"width: 510px\" class=\"wp-caption aligncenter\"><img decoding=\"async\" aria-describedby=\"caption-attachment-14171\" class=\"wp-image-14171 size-full\" src=\"http:\/\/thietbidienlama.com\/wp-content\/uploads\/2026\/03\/Den-Lon-Op-Tran-Nanoco-10W-Than-Trang.jpg\" alt=\"\u0110\u00e8n Lon \u1ed0p Tr\u1ea7n Nanoco 10W Th\u00e2n Tr\u1eafng\" width=\"500\" height=\"500\" srcset=\"https:\/\/www.thietbidienlama.com\/wp-content\/uploads\/2026\/03\/Den-Lon-Op-Tran-Nanoco-10W-Than-Trang.jpg 500w, https:\/\/www.thietbidienlama.com\/wp-content\/uploads\/2026\/03\/Den-Lon-Op-Tran-Nanoco-10W-Than-Trang-300x300.jpg 300w, https:\/\/www.thietbidienlama.com\/wp-content\/uploads\/2026\/03\/Den-Lon-Op-Tran-Nanoco-10W-Than-Trang-150x150.jpg 150w, https:\/\/www.thietbidienlama.com\/wp-content\/uploads\/2026\/03\/Den-Lon-Op-Tran-Nanoco-10W-Than-Trang-12x12.jpg 12w\" sizes=\"(max-width: 500px) 100vw, 500px\" \/><p id=\"caption-attachment-14171\" class=\"wp-caption-text\">\u0110\u00e8n Lon \u1ed0p Tr\u1ea7n Nanoco 10W Th\u00e2n Tr\u1eafng<\/p><\/div>\n<h2 role=\"heading\" aria-level=\"3\" data-sfc-root=\"c\" data-complete=\"true\" data-processed=\"true\"><span style=\"font-family: 'times new roman', times, serif; font-size: 18pt; color: #ff6600;\">2. Ph\u00e2n lo\u1ea1i theo nhi\u1ec7t \u0111\u1ed9 m\u00e0u<\/span><\/h2>\n<div data-sfc-cp=\"\" data-sfc-root=\"c\" data-sfc-cb=\"\" data-hveid=\"CAEIBxAA\" data-complete=\"true\" data-processed=\"true\"><span style=\"font-family: 'times new roman', times, serif; font-size: 14pt; color: #000000;\">M\u1ed7i m\u00e3 s\u1ea3n ph\u1ea9m t\u01b0\u01a1ng \u1ee9ng v\u1edbi m\u1ed9t m\u00e0u \u00e1nh s\u00e1ng kh\u00e1c nhau:<\/span><\/div>\n<ul data-sfc-root=\"c\" data-sfc-cb=\"\" data-complete=\"true\" data-processed=\"true\">\n<li data-sfc-root=\"c\" data-sfc-cb=\"\" data-hveid=\"CAEICBAA\" data-complete=\"true\" data-sae=\"\"><span style=\"font-family: 'times new roman', times, serif; font-size: 14pt; color: #000000;\">Nanoco NSDL103W:\u00a0\u00c1nh s\u00e1ng V\u00e0ng (3000K).<\/span><\/li>\n<li data-sfc-root=\"c\" data-sfc-cb=\"\" data-hveid=\"CAEICBAC\" data-complete=\"true\" data-sae=\"\"><span style=\"font-family: 'times new roman', times, serif; font-size: 14pt; color: #000000;\">Nanoco NSDL104W:\u00a0\u00c1nh s\u00e1ng Trung t\u00ednh (4000K).<\/span><\/li>\n<li data-sfc-root=\"c\" data-sfc-cb=\"\" data-hveid=\"CAEICBAE\" data-complete=\"true\" data-sae=\"\"><span style=\"font-family: 'times new roman', times, serif; font-size: 14pt; color: #000000;\" data-sfc-cp=\"\" data-sfc-root=\"c\" data-sfc-cb=\"\" data-complete=\"true\" aria-owns=\"action-menu-parent-container\">Nanoco NSDL105W:\u00a0\u00c1nh s\u00e1ng Tr\u1eafng (5000K).<\/span><\/li>\n<\/ul>\n<div id=\"attachment_14168\" style=\"width: 510px\" class=\"wp-caption aligncenter\"><img decoding=\"async\" aria-describedby=\"caption-attachment-14168\" class=\"wp-image-14168 size-full\" src=\"http:\/\/thietbidienlama.com\/wp-content\/uploads\/2026\/03\/Den-Lon-Tha-Cao-Cap-Nanoco.jpg\" alt=\"\u0110\u00e8n Lon Th\u1ea3 Cao C\u1ea5p Nanoco\" width=\"500\" height=\"217\" srcset=\"https:\/\/www.thietbidienlama.com\/wp-content\/uploads\/2026\/03\/Den-Lon-Tha-Cao-Cap-Nanoco.jpg 500w, https:\/\/www.thietbidienlama.com\/wp-content\/uploads\/2026\/03\/Den-Lon-Tha-Cao-Cap-Nanoco-300x130.jpg 300w, https:\/\/www.thietbidienlama.com\/wp-content\/uploads\/2026\/03\/Den-Lon-Tha-Cao-Cap-Nanoco-18x8.jpg 18w, https:\/\/www.thietbidienlama.com\/wp-content\/uploads\/2026\/03\/Den-Lon-Tha-Cao-Cap-Nanoco-150x65.jpg 150w\" sizes=\"(max-width: 500px) 100vw, 500px\" \/><p id=\"caption-attachment-14168\" class=\"wp-caption-text\">\u0110\u00e8n Lon Th\u1ea3 Cao C\u1ea5p Nanoco<\/p><\/div>\n<p class=\"Y3BBE\" data-hveid=\"CAEICBAA\" data-complete=\"true\" data-processed=\"true\"><span style=\"font-size: 14pt; color: #000000; font-family: 'times new roman', times, serif;\"><strong>LI\u00caN H\u1ec6 : Hotline: 0935 228 204 ( Ms Lam )<\/strong><\/span><\/p>\n<p><span style=\"font-size: 14pt; color: #000000; font-family: 'times new roman', times, serif;\"><strong>Facebook:\u00a0<span style=\"color: #ff6600;\"><a style=\"color: #ff6600;\" href=\"https:\/\/www.facebook.com\/thietbidienlama\" target=\"_blank\" rel=\"noopener\">THI\u1ebeT\u00a0B\u1eca \u0110I\u1ec6N LAMA<\/a><\/span><\/strong><\/span><\/p>\n<p><span style=\"font-size: 14pt; color: #000000; font-family: 'times new roman', times, serif;\"><strong>Tiktok:\u00a0<span style=\"color: #ff6600;\"><a style=\"color: #ff6600;\" href=\"https:\/\/www.tiktok.com\/@thietbidienlama\" target=\"_blank\" rel=\"noopener\">THI\u1ebeT\u00a0B\u1eca \u0110I\u1ec6N LAMA<\/a><\/span><\/strong><\/span><\/p>\n<p><span style=\"font-size: 14pt; color: #000000; font-family: 'times new roman', times, serif;\"><strong>Youtube: <span style=\"color: #ff6600;\"><a style=\"color: #ff6600;\" href=\"https:\/\/www.youtube.com\/@thietbidienlama\" target=\"_blank\" rel=\"noopener\">THI\u1ebeT\u00a0B\u1eca \u0110I\u1ec6N LAMA<\/a><\/span><\/strong><\/span><\/p>","protected":false},"excerpt":{"rendered":"<p>\u0110\u00e8n Lon \u1ed0p Tr\u1ea7n Nanoco 10W Th\u00e2n Tr\u1eafng NSDL105W\/104W\/103W \u0110\u00e8n lon n\u1ed5i (\u0111\u00e8n \u1ed1ng b\u01a1) 10W c\u1ee7a Nanoco v\u1edbi c\u00e1c<\/p>","protected":false},"featured_media":14172,"comment_status":"closed","ping_status":"closed","template":"","meta":[],"product_brand":[],"product_cat":[505,869,846],"product_tag":[895,894,871],"class_list":{"0":"post-14170","1":"product","2":"type-product","3":"status-publish","4":"has-post-thumbnail","6":"product_cat-den-trang-tri","7":"product_cat-den-lon-nanoco","8":"product_cat-den-lon-trang-tri","9":"product_tag-den-lon-op-tran","10":"product_tag-den-lon-tran","11":"product_tag-den-lon-trang-tri","13":"first","14":"instock","15":"sale","16":"shipping-taxable","17":"purchasable","18":"product-type-simple"},"_links":{"self":[{"href":"https:\/\/www.thietbidienlama.com\/en\/wp-json\/wp\/v2\/product\/14170","targetHints":{"allow":["GET"]}}],"collection":[{"href":"https:\/\/www.thietbidienlama.com\/en\/wp-json\/wp\/v2\/product"}],"about":[{"href":"https:\/\/www.thietbidienlama.com\/en\/wp-json\/wp\/v2\/types\/product"}],"replies":[{"embeddable":true,"href":"https:\/\/www.thietbidienlama.com\/en\/wp-json\/wp\/v2\/comments?post=14170"}],"version-history":[{"count":1,"href":"https:\/\/www.thietbidienlama.com\/en\/wp-json\/wp\/v2\/product\/14170\/revisions"}],"predecessor-version":[{"id":14173,"href":"https:\/\/www.thietbidienlama.com\/en\/wp-json\/wp\/v2\/product\/14170\/revisions\/14173"}],"wp:featuredmedia":[{"embeddable":true,"href":"https:\/\/www.thietbidienlama.com\/en\/wp-json\/wp\/v2\/media\/14172"}],"wp:attachment":[{"href":"https:\/\/www.thietbidienlama.com\/en\/wp-json\/wp\/v2\/media?parent=14170"}],"wp:term":[{"taxonomy":"product_brand","embeddable":true,"href":"https:\/\/www.thietbidienlama.com\/en\/wp-json\/wp\/v2\/product_brand?post=14170"},{"taxonomy":"product_cat","embeddable":true,"href":"https:\/\/www.thietbidienlama.com\/en\/wp-json\/wp\/v2\/product_cat?post=14170"},{"taxonomy":"product_tag","embeddable":true,"href":"https:\/\/www.thietbidienlama.com\/en\/wp-json\/wp\/v2\/product_tag?post=14170"}],"curies":[{"name":"wp","href":"https:\/\/api.w.org\/{rel}","templated":true}]}}