{"id":14161,"date":"2026-03-30T13:56:44","date_gmt":"2026-03-30T06:56:44","guid":{"rendered":"https:\/\/thietbidienlama.com\/?post_type=product&#038;p=14161"},"modified":"2026-03-30T13:56:44","modified_gmt":"2026-03-30T06:56:44","slug":"den-lon-noi-10w-nanoco-than-den","status":"publish","type":"product","link":"https:\/\/www.thietbidienlama.com\/en\/den-lon-noi-10w-nanoco-than-den\/","title":{"rendered":"\u0110\u00e8n Lon N\u1ed5i 10W Nanoco Th\u00e2n \u0110en NSDLC105B\/104B\/103B"},"content":{"rendered":"<h1 style=\"text-align: center;\"><span style=\"font-family: 'times new roman', times, serif; font-size: 18pt; color: #000000;\">\u0110\u00e8n Lon N\u1ed5i 10W Nanoco Th\u00e2n \u0110en NSDLC105B\/104B\/103B<\/span><\/h1>\n<div data-sfc-cp=\"\" data-sfc-root=\"c\" data-sfc-cb=\"\" data-hveid=\"CAEIAhAA\" data-complete=\"true\" data-processed=\"true\"><span style=\"font-family: 'times new roman', times, serif; font-size: 14pt; color: #000000;\">D\u00f2ng \u0111\u00e8n lon n\u1ed5i (\u0111\u00e8n \u1ed1ng b\u01a1) 10W c\u1ee7a Nanoco v\u1edbi th\u00e2n \u0111en bao g\u1ed3m c\u00e1c m\u00e3\u00a0NSDLC105B,\u00a0NSDLC104B, v\u00e0\u00a0NSDLC103B\u00a0l\u00e0 gi\u1ea3i ph\u00e1p chi\u1ebfu s\u00e1ng \u0111i\u1ec3m hi\u1ec7n \u0111\u1ea1i, th\u01b0\u1eddng \u0111\u01b0\u1ee3c d\u00f9ng \u0111\u1ec3 t\u1ea1o \u0111i\u1ec3m nh\u1ea5n cho kh\u00f4ng gian n\u1ed9i th\u1ea5t.<\/span><\/p>\n<div data-animation-skip=\"\" data-sfc-root=\"c\" data-sfc-cb=\"\" data-ved=\"2ahUKEwij0J-O_8aTAxUpslYBHftzBKYQ3s0SegYIAQgCEAI\" data-complete=\"true\"><\/div>\n<\/div>\n<div data-sfc-cp=\"\" data-sfc-root=\"c\" data-sfc-cb=\"\" data-hveid=\"CAEIAhAA\" data-complete=\"true\" data-processed=\"true\">\n<div id=\"attachment_14165\" style=\"width: 510px\" class=\"wp-caption aligncenter\"><img fetchpriority=\"high\" decoding=\"async\" aria-describedby=\"caption-attachment-14165\" class=\"wp-image-14165 size-full\" src=\"http:\/\/thietbidienlama.com\/wp-content\/uploads\/2026\/03\/Den-Lon-Noi.jpg\" alt=\"\u0110\u00e8n Lon N\u1ed5i\" width=\"500\" height=\"500\" srcset=\"https:\/\/www.thietbidienlama.com\/wp-content\/uploads\/2026\/03\/Den-Lon-Noi.jpg 500w, https:\/\/www.thietbidienlama.com\/wp-content\/uploads\/2026\/03\/Den-Lon-Noi-300x300.jpg 300w, https:\/\/www.thietbidienlama.com\/wp-content\/uploads\/2026\/03\/Den-Lon-Noi-150x150.jpg 150w, https:\/\/www.thietbidienlama.com\/wp-content\/uploads\/2026\/03\/Den-Lon-Noi-12x12.jpg 12w\" sizes=\"(max-width: 500px) 100vw, 500px\" \/><p id=\"caption-attachment-14165\" class=\"wp-caption-text\">\u0110\u00e8n Lon N\u1ed5i<\/p><\/div>\n<\/div>\n<div data-sfc-cp=\"\" data-sfc-root=\"c\" data-sfc-cb=\"\" data-hveid=\"CAEIAxAA\" data-complete=\"true\" data-processed=\"true\"><strong><span style=\"font-family: 'times new roman', times, serif; font-size: 14pt; color: #000000;\">S\u1ef1 kh\u00e1c bi\u1ec7t duy nh\u1ea5t gi\u1eefa ba m\u00e3 s\u1ea3n ph\u1ea9m n\u00e0y n\u1eb1m \u1edf\u00a0nhi\u1ec7t \u0111\u1ed9 m\u00e0u (\u00e1nh s\u00e1ng):<\/span><\/strong><\/div>\n<ul data-sfc-root=\"c\" data-sfc-cb=\"\" data-complete=\"true\" data-processed=\"true\">\n<li data-sfc-root=\"c\" data-sfc-cb=\"\" data-hveid=\"CAEIBBAA\" data-complete=\"true\" data-sae=\"\"><span style=\"font-family: 'times new roman', times, serif; font-size: 14pt; color: #000000;\">NSDLC105B: \u00c1nh s\u00e1ng tr\u1eafng (5000K) &#8211; ph\u00f9 h\u1ee3p cho kh\u00f4ng gian c\u1ea7n s\u1ef1 t\u1ec9nh t\u00e1o, hi\u1ec7n \u0111\u1ea1i.<\/span><\/li>\n<li data-sfc-root=\"c\" data-sfc-cb=\"\" data-hveid=\"CAEIBBAB\" data-complete=\"true\" data-sae=\"\"><span style=\"font-family: 'times new roman', times, serif; font-size: 14pt; color: #000000;\">NSDLC104B: \u00c1nh s\u00e1ng trung t\u00ednh (4000K) &#8211; t\u1ea1o c\u1ea3m gi\u00e1c d\u1ec5 ch\u1ecbu, t\u1ef1 nhi\u00ean.<\/span><\/li>\n<li data-sfc-root=\"c\" data-sfc-cb=\"\" data-hveid=\"CAEIBBAC\" data-complete=\"true\" data-sae=\"\"><span style=\"font-family: 'times new roman', times, serif; font-size: 14pt; color: #000000;\">NSDLC103B: \u00c1nh s\u00e1ng v\u00e0ng (3000K) &#8211; mang l\u1ea1i s\u1ef1 \u1ea5m c\u00fang, sang tr\u1ecdng<\/span><\/li>\n<\/ul>\n<h2><span style=\"font-family: 'times new roman', times, serif; font-size: 18pt; color: #ff6600;\">Th\u00f4ng s\u1ed1 k\u1ef9 thu\u1eadt \u0111\u00e8n lon n\u1ed5i<\/span><\/h2>\n<div data-sfc-cp=\"\" data-sfc-root=\"c\" data-sfc-cb=\"\" data-hveid=\"CAEIBhAA\" data-processed=\"true\" data-complete=\"true\"><span style=\"font-family: 'times new roman', times, serif; font-size: 14pt; color: #000000;\">D\u00f2ng <span style=\"color: #ff6600;\"><strong><a style=\"color: #ff6600;\" href=\"https:\/\/thietbidienlama.com\/den-lon-nanoco\/\">\u0111\u00e8n lon nanoco<\/a><\/strong><\/span> n\u00e0y s\u1eed d\u1ee5ng chip LED COB t\u1eeb th\u01b0\u01a1ng hi\u1ec7u Bridgelux (M\u1ef9) v\u1edbi \u0111\u1ed9 b\u1ec1n cao:<\/span><\/div>\n<ul data-sfc-root=\"c\" data-sfc-cb=\"\" data-complete=\"true\" data-processed=\"true\">\n<li data-sfc-root=\"c\" data-sfc-cb=\"\" data-hveid=\"CAEIBxAA\" data-complete=\"true\" data-sae=\"\"><span style=\"font-family: 'times new roman', times, serif; font-size: 14pt; color: #000000;\">C\u00f4ng su\u1ea5t: 10W.<\/span><\/li>\n<li data-sfc-root=\"c\" data-sfc-cb=\"\" data-hveid=\"CAEIBxAB\" data-complete=\"true\" data-sae=\"\"><span style=\"font-family: 'times new roman', times, serif; font-size: 14pt; color: #000000;\">Quang th\u00f4ng: 800 Lm.<\/span><\/li>\n<li data-sfc-root=\"c\" data-sfc-cb=\"\" data-hveid=\"CAEIBxAC\" data-complete=\"true\" data-sae=\"\"><span style=\"font-family: 'times new roman', times, serif; font-size: 14pt; color: #000000;\">G\u00f3c chi\u1ebfu: 36\u00b0 (chi\u1ebfu \u0111i\u1ec3m t\u1eadp trung).<\/span><\/li>\n<li data-sfc-root=\"c\" data-sfc-cb=\"\" data-hveid=\"CAEIBxAD\" data-complete=\"true\" data-sae=\"\"><span style=\"font-family: 'times new roman', times, serif; font-size: 14pt; color: #000000;\">K\u00edch th\u01b0\u1edbc: \u03a671 x H75 mm.<\/span><\/li>\n<li data-sfc-root=\"c\" data-sfc-cb=\"\" data-hveid=\"CAEIBxAE\" data-complete=\"true\" data-sae=\"\"><span style=\"font-family: 'times new roman', times, serif; font-size: 14pt; color: #000000;\">Ch\u1ea5t li\u1ec7u: Th\u00e2n b\u1eb1ng nh\u00f4m \u0111\u00fac m\u00e0u \u0111en, ch\u00f3a \u0111\u00e8n nh\u1ef1a.<\/span><\/li>\n<li data-sfc-root=\"c\" data-sfc-cb=\"\" data-hveid=\"CAEIBxAF\" data-complete=\"true\" data-sae=\"\"><span style=\"font-family: 'times new roman', times, serif; font-size: 14pt; color: #000000;\">Tu\u1ed5i th\u1ecd: L\u00ean \u0111\u1ebfn 50.000 gi\u1edd.<\/span><\/li>\n<li data-sfc-root=\"c\" data-sfc-cb=\"\" data-hveid=\"CAEIBxAG\" data-complete=\"true\" data-sae=\"\"><span style=\"font-family: 'times new roman', times, serif; font-size: 14pt; color: #000000;\" data-sfc-cp=\"\" data-sfc-root=\"c\" data-sfc-cb=\"\" data-complete=\"true\" aria-owns=\"action-menu-parent-container\">Ch\u1ec9 s\u1ed1 ho\u00e0n m\u00e0u (CRI): Ra80<\/span><\/li>\n<\/ul>\n<div id=\"attachment_14163\" style=\"width: 493px\" class=\"wp-caption aligncenter\"><img decoding=\"async\" aria-describedby=\"caption-attachment-14163\" class=\"wp-image-14163 size-full\" src=\"http:\/\/thietbidienlama.com\/wp-content\/uploads\/2026\/03\/De-Den-Lon-Tha-Tran-Nanoco.jpg\" alt=\"\u0110\u1ebf \u0110\u00e8n Lon Th\u1ea3 Tr\u1ea7n Nanoco\" width=\"483\" height=\"218\" srcset=\"https:\/\/www.thietbidienlama.com\/wp-content\/uploads\/2026\/03\/De-Den-Lon-Tha-Tran-Nanoco.jpg 483w, https:\/\/www.thietbidienlama.com\/wp-content\/uploads\/2026\/03\/De-Den-Lon-Tha-Tran-Nanoco-300x135.jpg 300w, https:\/\/www.thietbidienlama.com\/wp-content\/uploads\/2026\/03\/De-Den-Lon-Tha-Tran-Nanoco-18x8.jpg 18w, https:\/\/www.thietbidienlama.com\/wp-content\/uploads\/2026\/03\/De-Den-Lon-Tha-Tran-Nanoco-150x68.jpg 150w\" sizes=\"(max-width: 483px) 100vw, 483px\" \/><p id=\"caption-attachment-14163\" class=\"wp-caption-text\">\u0110\u1ebf \u0110\u00e8n Lon Th\u1ea3 Tr\u1ea7n Nanoco<\/p><\/div>\n<p class=\"Y3BBE\" data-hveid=\"CAEICBAA\" data-complete=\"true\" data-processed=\"true\"><span style=\"font-size: 14pt; color: #000000; font-family: 'times new roman', times, serif;\"><strong>LI\u00caN H\u1ec6 : Hotline: 0935 228 204 ( Ms Lam )<\/strong><\/span><\/p>\n<p><span style=\"font-size: 14pt; color: #000000; font-family: 'times new roman', times, serif;\"><strong>Facebook:\u00a0<span style=\"color: #ff6600;\"><a style=\"color: #ff6600;\" href=\"https:\/\/www.facebook.com\/thietbidienlama\" target=\"_blank\" rel=\"noopener\">THI\u1ebeT\u00a0B\u1eca \u0110I\u1ec6N LAMA<\/a><\/span><\/strong><\/span><\/p>\n<p><span style=\"font-size: 14pt; color: #000000; font-family: 'times new roman', times, serif;\"><strong>Tiktok:\u00a0<span style=\"color: #ff6600;\"><a style=\"color: #ff6600;\" href=\"https:\/\/www.tiktok.com\/@thietbidienlama\" target=\"_blank\" rel=\"noopener\">THI\u1ebeT\u00a0B\u1eca \u0110I\u1ec6N LAMA<\/a><\/span><\/strong><\/span><\/p>\n<p><span style=\"font-size: 14pt; color: #000000; font-family: 'times new roman', times, serif;\"><strong>Youtube: <span style=\"color: #ff6600;\"><a style=\"color: #ff6600;\" href=\"https:\/\/www.youtube.com\/@thietbidienlama\" target=\"_blank\" rel=\"noopener\">THI\u1ebeT\u00a0B\u1eca \u0110I\u1ec6N LAMA<\/a><\/span><\/strong><\/span><\/p>","protected":false},"excerpt":{"rendered":"<p>\u0110\u00e8n Lon N\u1ed5i 10W Nanoco Th\u00e2n \u0110en NSDLC105B\/104B\/103B D\u00f2ng \u0111\u00e8n lon n\u1ed5i (\u0111\u00e8n \u1ed1ng b\u01a1) 10W c\u1ee7a Nanoco v\u1edbi th\u00e2n<\/p>","protected":false},"featured_media":14164,"comment_status":"closed","ping_status":"closed","template":"","meta":[],"product_brand":[],"product_cat":[869,846,505],"product_tag":[896,870,894,871],"class_list":{"0":"post-14161","1":"product","2":"type-product","3":"status-publish","4":"has-post-thumbnail","6":"product_cat-den-lon-nanoco","7":"product_cat-den-lon-trang-tri","8":"product_cat-den-trang-tri","9":"product_tag-den-lon","10":"product_tag-den-lon-noi","11":"product_tag-den-lon-tran","12":"product_tag-den-lon-trang-tri","14":"first","15":"instock","16":"sale","17":"shipping-taxable","18":"purchasable","19":"product-type-simple"},"_links":{"self":[{"href":"https:\/\/www.thietbidienlama.com\/en\/wp-json\/wp\/v2\/product\/14161","targetHints":{"allow":["GET"]}}],"collection":[{"href":"https:\/\/www.thietbidienlama.com\/en\/wp-json\/wp\/v2\/product"}],"about":[{"href":"https:\/\/www.thietbidienlama.com\/en\/wp-json\/wp\/v2\/types\/product"}],"replies":[{"embeddable":true,"href":"https:\/\/www.thietbidienlama.com\/en\/wp-json\/wp\/v2\/comments?post=14161"}],"version-history":[{"count":2,"href":"https:\/\/www.thietbidienlama.com\/en\/wp-json\/wp\/v2\/product\/14161\/revisions"}],"predecessor-version":[{"id":14175,"href":"https:\/\/www.thietbidienlama.com\/en\/wp-json\/wp\/v2\/product\/14161\/revisions\/14175"}],"wp:featuredmedia":[{"embeddable":true,"href":"https:\/\/www.thietbidienlama.com\/en\/wp-json\/wp\/v2\/media\/14164"}],"wp:attachment":[{"href":"https:\/\/www.thietbidienlama.com\/en\/wp-json\/wp\/v2\/media?parent=14161"}],"wp:term":[{"taxonomy":"product_brand","embeddable":true,"href":"https:\/\/www.thietbidienlama.com\/en\/wp-json\/wp\/v2\/product_brand?post=14161"},{"taxonomy":"product_cat","embeddable":true,"href":"https:\/\/www.thietbidienlama.com\/en\/wp-json\/wp\/v2\/product_cat?post=14161"},{"taxonomy":"product_tag","embeddable":true,"href":"https:\/\/www.thietbidienlama.com\/en\/wp-json\/wp\/v2\/product_tag?post=14161"}],"curies":[{"name":"wp","href":"https:\/\/api.w.org\/{rel}","templated":true}]}}