{"id":14138,"date":"2026-03-28T15:43:36","date_gmt":"2026-03-28T08:43:36","guid":{"rendered":"https:\/\/thietbidienlama.com\/?post_type=product&#038;p=14138"},"modified":"2026-03-30T14:01:13","modified_gmt":"2026-03-30T07:01:13","slug":"den-lon-noi-10w-nanoco-nsdlc105w-nsdlc104w-nsdlc103w","status":"publish","type":"product","link":"https:\/\/www.thietbidienlama.com\/en\/den-lon-noi-10w-nanoco-nsdlc105w-nsdlc104w-nsdlc103w\/","title":{"rendered":"\u0110\u00e8n Lon N\u1ed5i 10W Nanoco NSDLC105W\/NSDLC104W\/NSDLC103W"},"content":{"rendered":"<h1 style=\"text-align: center;\"><span style=\"font-family: 'times new roman', times, serif; font-size: 18pt; color: #000000;\">\u0110\u00e8n Lon N\u1ed5i 10W Nanoco NSDLC105W\/NSDLC104W\/NSDLC103W <\/span><\/h1>\n<div class=\"Y3BBE\" data-sfc-cp=\"\" data-sfc-root=\"c\" data-sfc-cb=\"\" data-hveid=\"CAEIAhAA\" data-complete=\"true\" data-processed=\"true\"><span style=\"font-family: 'times new roman', times, serif; font-size: 14pt; color: #000000;\">D\u00f2ng \u0111\u00e8n LED Downlight tr\u1ee5 ( <strong><span style=\"color: #ff6600;\"><a style=\"color: #ff6600;\" href=\"https:\/\/thietbidienlama.com\/den-lon-trang-tri\/\">\u0110\u00e8n Lon N\u1ed5i<\/a><\/span><\/strong>) <strong class=\"Yjhzub\" data-sfc-root=\"c\" data-sfc-cb=\"\" data-complete=\"true\" data-processed=\"true\">Nanoco<\/strong>\u00a0m\u00e3\u00a0<span style=\"color: #ff6600;\"><strong class=\"Yjhzub\" data-sfc-root=\"c\" data-sfc-cb=\"\" data-complete=\"true\" data-processed=\"true\">NSDLC105W<\/strong>,\u00a0<strong class=\"Yjhzub\" data-sfc-root=\"c\" data-sfc-cb=\"\" data-complete=\"true\" data-processed=\"true\">NSDLC104W<\/strong>\u00a0v\u00e0\u00a0<strong class=\"Yjhzub\" data-sfc-root=\"c\" data-sfc-cb=\"\" data-complete=\"true\" data-processed=\"true\">NSDLC103W<\/strong><\/span>\u00a0l\u00e0 c\u00e1c m\u1eabu \u0111\u00e8n \u1ed1p n\u1ed5i tr\u00ean tr\u1ea7n, s\u1eed d\u1ee5ng chip LED COB v\u1edbi thi\u1ebft k\u1ebf h\u00ecnh tr\u1ee5 sang tr\u1ecdng. \u0110i\u1ec3m kh\u00e1c bi\u1ec7t ch\u00ednh gi\u1eefa ba m\u00e3 n\u00e0y l\u00e0 nhi\u1ec7t \u0111\u1ed9 m\u00e0u (m\u00e0u s\u1eafc \u00e1nh s\u00e1ng):<\/span><\/div>\n<ul class=\"KsbFXc U6u95\" data-sfc-root=\"c\" data-sfc-cb=\"\" data-complete=\"true\" data-processed=\"true\">\n<li class=\"dF3vjf\" data-sfc-root=\"c\" data-sfc-cb=\"\" data-hveid=\"CAEIAxAA\" data-complete=\"true\" data-sae=\"\"><span class=\"T286Pc\" style=\"font-family: 'times new roman', times, serif; font-size: 14pt; color: #000000;\" data-sfc-cp=\"\" data-sfc-root=\"c\" data-sfc-cb=\"\" data-complete=\"true\"><strong class=\"Yjhzub\" data-sfc-root=\"c\" data-sfc-cb=\"\" data-complete=\"true\">Nanoco NSDLC105W<\/strong>: \u00c1nh s\u00e1ng Tr\u1eafng (5000K)<\/span><\/li>\n<li class=\"dF3vjf\" data-sfc-root=\"c\" data-sfc-cb=\"\" data-hveid=\"CAEIAxAC\" data-complete=\"true\" data-sae=\"\"><span class=\"T286Pc\" style=\"font-family: 'times new roman', times, serif; font-size: 14pt; color: #000000;\" data-sfc-cp=\"\" data-sfc-root=\"c\" data-sfc-cb=\"\" data-complete=\"true\"><strong class=\"Yjhzub\" data-sfc-root=\"c\" data-sfc-cb=\"\" data-complete=\"true\">Nanoco NSDLC104W<\/strong>: \u00c1nh s\u00e1ng Trung t\u00ednh (4000K<\/span>).<\/li>\n<li class=\"dF3vjf\" data-sfc-root=\"c\" data-sfc-cb=\"\" data-hveid=\"CAEIAxAE\" data-complete=\"true\" data-sae=\"\"><span class=\"T286Pc\" style=\"font-family: 'times new roman', times, serif; font-size: 14pt; color: #000000;\" data-sfc-cp=\"\" data-sfc-root=\"c\" data-sfc-cb=\"\" data-complete=\"true\"><strong class=\"Yjhzub\" data-sfc-root=\"c\" data-sfc-cb=\"\" data-complete=\"true\">Nanoco NSDLC103W<\/strong>: \u00c1nh s\u00e1ng V\u00e0ng (3000K<\/span>).<\/li>\n<\/ul>\n<div class=\"Fsg96\" data-sfc-cp=\"\" data-sfc-root=\"c\" data-sfc-cb=\"\" data-complete=\"true\" data-processed=\"true\">\n<div id=\"attachment_14139\" style=\"width: 510px\" class=\"wp-caption aligncenter\"><img fetchpriority=\"high\" decoding=\"async\" aria-describedby=\"caption-attachment-14139\" class=\"wp-image-14139 size-full\" src=\"http:\/\/thietbidienlama.com\/wp-content\/uploads\/2026\/03\/Den-Lon-Gan-Noi-10W-Nanoco.jpg\" alt=\"\u0110\u00e8n Lon G\u1eafn N\u1ed5i 10W Nanoco\" width=\"500\" height=\"500\" srcset=\"https:\/\/www.thietbidienlama.com\/wp-content\/uploads\/2026\/03\/Den-Lon-Gan-Noi-10W-Nanoco.jpg 500w, https:\/\/www.thietbidienlama.com\/wp-content\/uploads\/2026\/03\/Den-Lon-Gan-Noi-10W-Nanoco-300x300.jpg 300w, https:\/\/www.thietbidienlama.com\/wp-content\/uploads\/2026\/03\/Den-Lon-Gan-Noi-10W-Nanoco-150x150.jpg 150w, https:\/\/www.thietbidienlama.com\/wp-content\/uploads\/2026\/03\/Den-Lon-Gan-Noi-10W-Nanoco-12x12.jpg 12w\" sizes=\"(max-width: 500px) 100vw, 500px\" \/><p id=\"caption-attachment-14139\" class=\"wp-caption-text\">\u0110\u00e8n Lon G\u1eafn N\u1ed5i 10W Nanoco<\/p><\/div>\n<\/div>\n<h2 class=\"otQkpb\" role=\"heading\" aria-level=\"3\" data-sfc-root=\"c\" data-complete=\"true\" data-processed=\"true\"><span style=\"font-family: 'times new roman', times, serif; font-size: 18pt; color: #ff6600;\">Th\u00f4ng S\u1ed1 \u0110\u00e8n Lon N\u1ed5i<\/span><\/h2>\n<div class=\"Y3BBE\" data-sfc-cp=\"\" data-sfc-root=\"c\" data-sfc-cb=\"\" data-hveid=\"CAEIBRAA\" data-complete=\"true\" data-processed=\"true\"><span style=\"font-family: 'times new roman', times, serif; font-size: 14pt; color: #000000;\">D\u01b0\u1edbi \u0111\u00e2y l\u00e0 c\u00e1c th\u00f4ng s\u1ed1 chung \u00e1p d\u1ee5ng cho c\u1ea3 ba m\u00e3 s\u1ea3n ph\u1ea9m (v\u1ecf tr\u1eafng):<\/span><\/div>\n<div class=\"Fsg96\" data-sfc-cp=\"\" data-sfc-root=\"c\" data-sfc-cb=\"\" data-complete=\"true\" data-processed=\"true\"><\/div>\n<div class=\"Fv6NCb\" data-sfc-cp=\"\" data-sfc-root=\"c\" data-sfc-cb=\"\" data-ved=\"2ahUKEwisp8eBjsKTAxVCm1YBHQhaDhoQ-q4QegYIAQgGEAA\" data-processed=\"true\" data-complete=\"true\">\n<table class=\"NRefec\" style=\"width: 44.8146%; height: 341px;\" data-animation-nesting=\"\" data-sae=\"\">\n<tbody>\n<tr class=\"cZCYO\" data-sfc-cp=\"\" data-sfc-root=\"c\" data-sfc-cb=\"\" data-complete=\"true\">\n<th class=\"iry6k\" style=\"width: 134.297px;\" colspan=\"undefined\" data-sfc-cp=\"\" data-sfc-root=\"c\" data-sfc-cb=\"\" data-complete=\"true\"><span style=\"font-family: 'times new roman', times, serif; font-size: 14pt; color: #000000;\">Th\u00f4ng s\u1ed1<\/span><\/th>\n<th class=\"iry6k\" style=\"width: 286.297px;\" colspan=\"undefined\" data-sfc-cp=\"\" data-sfc-root=\"c\" data-sfc-cb=\"\" data-complete=\"true\"><span style=\"font-family: 'times new roman', times, serif; font-size: 14pt; color: #000000;\">Chi ti\u1ebft<\/span><\/th>\n<\/tr>\n<tr class=\"cZCYO\" data-sfc-cp=\"\" data-sfc-root=\"c\" data-sfc-cb=\"\" data-complete=\"true\">\n<td class=\"cOeeGf\" style=\"width: 134.297px;\" colspan=\"undefined\" data-sfc-cp=\"\" data-sfc-root=\"c\" data-sfc-cb=\"\" data-complete=\"true\"><span style=\"font-family: 'times new roman', times, serif; font-size: 14pt; color: #000000;\"><strong class=\"Yjhzub\" data-sfc-root=\"c\" data-sfc-cb=\"\" data-complete=\"true\">C\u00f4ng su\u1ea5t<\/strong><\/span><\/td>\n<td class=\"cOeeGf\" style=\"width: 286.297px;\" colspan=\"undefined\" data-sfc-cp=\"\" data-sfc-root=\"c\" data-sfc-cb=\"\" data-complete=\"true\">\n<div style=\"text-align: center;\" data-xpm-copy-root=\"\"><span style=\"font-family: 'times new roman', times, serif; font-size: 14pt; color: #000000;\"><img decoding=\"async\" role=\"presentation\" draggable=\"false\" src=\"data:image\/gif;base64,R0lGODlhAQABAIAAAP\/\/\/wAAACH5BAEAAAAALAAAAAABAAEAAAICRAEAOw==\" aria-hidden=\"true\" data-xpm-latex=\"10W\" data-imglogged=\"true\" \/>10W<\/span><\/div>\n<\/td>\n<\/tr>\n<tr class=\"cZCYO\" data-sfc-cp=\"\" data-sfc-root=\"c\" data-sfc-cb=\"\" data-complete=\"true\">\n<td class=\"cOeeGf\" style=\"width: 134.297px;\" colspan=\"undefined\" data-sfc-cp=\"\" data-sfc-root=\"c\" data-sfc-cb=\"\" data-complete=\"true\"><span style=\"font-family: 'times new roman', times, serif; font-size: 14pt; color: #000000;\"><strong class=\"Yjhzub\" data-sfc-root=\"c\" data-sfc-cb=\"\" data-complete=\"true\">Quang th\u00f4ng<\/strong><\/span><\/td>\n<td class=\"cOeeGf\" style=\"width: 286.297px;\" colspan=\"undefined\" data-sfc-cp=\"\" data-sfc-root=\"c\" data-sfc-cb=\"\" data-complete=\"true\">\n<div style=\"text-align: center;\" data-xpm-copy-root=\"\"><span style=\"font-family: 'times new roman', times, serif; font-size: 14pt; color: #000000;\"><img decoding=\"async\" role=\"presentation\" draggable=\"false\" src=\"data:image\/gif;base64,R0lGODlhAQABAIAAAP\/\/\/wAAACH5BAEAAAAALAAAAAABAAEAAAICRAEAOw==\" aria-hidden=\"true\" data-xpm-latex=\"800lm\" data-imglogged=\"true\" \/>800lm<\/span><\/div>\n<\/td>\n<\/tr>\n<tr class=\"cZCYO\" data-sfc-cp=\"\" data-sfc-root=\"c\" data-sfc-cb=\"\" data-complete=\"true\">\n<td class=\"cOeeGf\" style=\"width: 134.297px;\" colspan=\"undefined\" data-sfc-cp=\"\" data-sfc-root=\"c\" data-sfc-cb=\"\" data-complete=\"true\"><span style=\"font-family: 'times new roman', times, serif; font-size: 14pt; color: #000000;\"><strong class=\"Yjhzub\" data-sfc-root=\"c\" data-sfc-cb=\"\" data-complete=\"true\">G\u00f3c chi\u1ebfu<\/strong><\/span><\/td>\n<td class=\"cOeeGf\" style=\"width: 286.297px;\" colspan=\"undefined\" data-sfc-cp=\"\" data-sfc-root=\"c\" data-sfc-cb=\"\" data-complete=\"true\">\n<div data-xpm-copy-root=\"\"><span style=\"font-family: 'times new roman', times, serif; font-size: 14pt; color: #000000;\"><img decoding=\"async\" role=\"presentation\" draggable=\"false\" src=\"data:image\/gif;base64,R0lGODlhAQABAIAAAP\/\/\/wAAACH5BAEAAAAALAAAAAABAAEAAAICRAEAOw==\" aria-hidden=\"true\" data-xpm-latex=\"36^{\\circ }\" data-imglogged=\"true\" \/>36 \u0111\u1ed9 <span style=\"font-size: 14pt;\">(ph\u00f9 h\u1ee3p chi\u1ebfu \u0111i\u1ec3m, t\u1ea1o \u0111i\u1ec3m nh\u1ea5n)<\/span><\/span><\/div>\n<\/td>\n<\/tr>\n<tr class=\"cZCYO\" data-sfc-cp=\"\" data-sfc-root=\"c\" data-sfc-cb=\"\" data-complete=\"true\">\n<td class=\"cOeeGf\" style=\"width: 134.297px;\" colspan=\"undefined\" data-sfc-cp=\"\" data-sfc-root=\"c\" data-sfc-cb=\"\" data-complete=\"true\"><span style=\"font-family: 'times new roman', times, serif; font-size: 14pt; color: #000000;\"><strong class=\"Yjhzub\" data-sfc-root=\"c\" data-sfc-cb=\"\" data-complete=\"true\">K\u00edch th\u01b0\u1edbc<\/strong><\/span><\/td>\n<td class=\"cOeeGf\" style=\"width: 286.297px;\" colspan=\"undefined\" data-sfc-cp=\"\" data-sfc-root=\"c\" data-sfc-cb=\"\" data-complete=\"true\">\n<div><span style=\"font-family: 'times new roman', times, serif; font-size: 14pt; color: #000000;\"><span style=\"font-family: 'times new roman', times, serif; font-size: 14pt; color: #000000;\"><img decoding=\"async\" role=\"presentation\" draggable=\"false\" src=\"data:image\/gif;base64,R0lGODlhAQABAIAAAP\/\/\/wAAACH5BAEAAAAALAAAAAABAAEAAAICRAEAOw==\" aria-hidden=\"true\" data-xpm-latex=\"\\varnothing 71 \" data-imglogged=\"true\" \/>\u00f875mm x H75mm<\/span><\/span><\/div>\n<\/td>\n<\/tr>\n<tr class=\"cZCYO\" data-sfc-cp=\"\" data-sfc-root=\"c\" data-sfc-cb=\"\" data-complete=\"true\">\n<td class=\"cOeeGf\" style=\"width: 134.297px;\" colspan=\"undefined\" data-sfc-cp=\"\" data-sfc-root=\"c\" data-sfc-cb=\"\" data-complete=\"true\"><span style=\"font-family: 'times new roman', times, serif; font-size: 14pt; color: #000000;\"><strong class=\"Yjhzub\" data-sfc-root=\"c\" data-sfc-cb=\"\" data-complete=\"true\">Ch\u1ea5t li\u1ec7u<\/strong><\/span><\/td>\n<td class=\"cOeeGf\" style=\"width: 286.297px;\" colspan=\"undefined\" data-sfc-cp=\"\" data-sfc-root=\"c\" data-sfc-cb=\"\" data-complete=\"true\"><span style=\"font-family: 'times new roman', times, serif; font-size: 14pt; color: #000000;\">Th\u00e2n nh\u00f4m b\u1ec1n ch\u1eafc, ch\u00f3a nh\u1ef1a trong<\/span><\/td>\n<\/tr>\n<tr class=\"cZCYO\" data-sfc-cp=\"\" data-sfc-root=\"c\" data-sfc-cb=\"\" data-complete=\"true\">\n<td class=\"cOeeGf\" style=\"width: 134.297px;\" colspan=\"undefined\" data-sfc-cp=\"\" data-sfc-root=\"c\" data-sfc-cb=\"\" data-complete=\"true\"><span style=\"font-family: 'times new roman', times, serif; font-size: 14pt; color: #000000;\"><strong class=\"Yjhzub\" data-sfc-root=\"c\" data-sfc-cb=\"\" data-complete=\"true\">Ch\u1ec9 s\u1ed1 ho\u00e0n m\u00e0u<\/strong><\/span><\/td>\n<td class=\"cOeeGf\" style=\"width: 286.297px;\" colspan=\"undefined\" data-sfc-cp=\"\" data-sfc-root=\"c\" data-sfc-cb=\"\" data-complete=\"true\">\n<div><span style=\"font-family: 'times new roman', times, serif; font-size: 14pt; color: #000000;\"><img decoding=\"async\" role=\"presentation\" draggable=\"false\" src=\"data:image\/gif;base64,R0lGODlhAQABAIAAAP\/\/\/wAAACH5BAEAAAAALAAAAAABAAEAAAICRAEAOw==\" aria-hidden=\"true\" data-xpm-latex=\"Ra \" data-imglogged=\"true\" \/>Ra&gt;80 <\/span><span style=\"font-family: 'times new roman', times, serif; font-size: 14pt; color: #000000;\"><span style=\"font-size: 14pt;\">(cho m\u00e0u s\u1eafc trung th\u1ef1c)<\/span><\/span><\/div>\n<\/td>\n<\/tr>\n<tr class=\"cZCYO\" data-sfc-cp=\"\" data-sfc-root=\"c\" data-sfc-cb=\"\" data-complete=\"true\">\n<td class=\"cOeeGf\" style=\"width: 134.297px;\" colspan=\"undefined\" data-sfc-cp=\"\" data-sfc-root=\"c\" data-sfc-cb=\"\" data-complete=\"true\"><span style=\"font-family: 'times new roman', times, serif; font-size: 14pt; color: #000000;\"><strong class=\"Yjhzub\" data-sfc-root=\"c\" data-sfc-cb=\"\" data-complete=\"true\">Tu\u1ed5i th\u1ecd<\/strong><\/span><\/td>\n<td class=\"cOeeGf\" style=\"width: 286.297px;\" colspan=\"undefined\" data-sfc-cp=\"\" data-sfc-root=\"c\" data-sfc-cb=\"\" data-complete=\"true\"><span style=\"font-family: 'times new roman', times, serif; font-size: 14pt; color: #000000;\">L\u00ean \u0111\u1ebfn <\/span><span style=\"font-family: 'times new roman', times, serif; font-size: 14pt; color: #000000;\">gi\u1edd 50.000 gi\u1edd<\/span><\/td>\n<\/tr>\n<tr class=\"cZCYO\" data-sfc-cp=\"\" data-sfc-root=\"c\" data-sfc-cb=\"\" data-complete=\"true\">\n<td class=\"cOeeGf\" style=\"width: 134.297px;\" colspan=\"undefined\" data-sfc-cp=\"\" data-sfc-root=\"c\" data-sfc-cb=\"\" data-complete=\"true\"><span style=\"font-family: 'times new roman', times, serif; font-size: 14pt; color: #000000;\"><strong class=\"Yjhzub\" data-sfc-root=\"c\" data-sfc-cb=\"\" data-complete=\"true\">\u0110i\u1ec7n \u00e1p<\/strong><\/span><\/td>\n<td class=\"cOeeGf\" style=\"width: 286.297px;\" colspan=\"undefined\" data-sfc-cp=\"\" data-sfc-root=\"c\" data-sfc-cb=\"\" data-complete=\"true\">\n<div><span style=\"font-family: 'times new roman', times, serif; font-size: 14pt; color: #000000;\"><img decoding=\"async\" role=\"presentation\" draggable=\"false\" src=\"data:image\/gif;base64,R0lGODlhAQABAIAAAP\/\/\/wAAACH5BAEAAAAALAAAAAABAAEAAAICRAEAOw==\" aria-hidden=\"true\" data-xpm-latex=\"220 \" \/> 220V-240Vac<\/span><\/div>\n<\/td>\n<\/tr>\n<\/tbody>\n<\/table>\n<\/div>\n<div class=\"Fsg96\" data-sfc-cp=\"\" data-sfc-root=\"c\" data-sfc-cb=\"\" data-complete=\"true\" data-processed=\"true\">\n<div id=\"attachment_14142\" style=\"width: 510px\" class=\"wp-caption aligncenter\"><img decoding=\"async\" aria-describedby=\"caption-attachment-14142\" class=\"wp-image-14142 size-full\" src=\"http:\/\/thietbidienlama.com\/wp-content\/uploads\/2026\/03\/Den-Lon-Op-Tran-Voi-3-Anh-Sang.jpg\" alt=\"\u0110\u00e8n Lon \u1ed0p Tr\u1ea7n V\u1edbi 3 \u00c1nh S\u00e1ng\" width=\"500\" height=\"500\" srcset=\"https:\/\/www.thietbidienlama.com\/wp-content\/uploads\/2026\/03\/Den-Lon-Op-Tran-Voi-3-Anh-Sang.jpg 500w, https:\/\/www.thietbidienlama.com\/wp-content\/uploads\/2026\/03\/Den-Lon-Op-Tran-Voi-3-Anh-Sang-300x300.jpg 300w, https:\/\/www.thietbidienlama.com\/wp-content\/uploads\/2026\/03\/Den-Lon-Op-Tran-Voi-3-Anh-Sang-150x150.jpg 150w, https:\/\/www.thietbidienlama.com\/wp-content\/uploads\/2026\/03\/Den-Lon-Op-Tran-Voi-3-Anh-Sang-12x12.jpg 12w\" sizes=\"(max-width: 500px) 100vw, 500px\" \/><p id=\"caption-attachment-14142\" class=\"wp-caption-text\">\u0110\u00e8n Lon \u1ed0p Tr\u1ea7n V\u1edbi 3 \u00c1nh S\u00e1ng<\/p><\/div>\n<\/div>\n<h2 class=\"otQkpb\" role=\"heading\" aria-level=\"3\" data-sfc-root=\"c\" data-complete=\"true\" data-processed=\"true\"><span style=\"font-family: 'times new roman', times, serif; font-size: 18pt; color: #ff6600;\">\u0110\u1eb7c \u0111i\u1ec3m n\u1ed5i b\u1eadt<\/span><\/h2>\n<ul class=\"KsbFXc U6u95\" data-sfc-root=\"c\" data-sfc-cb=\"\" data-complete=\"true\" data-processed=\"true\">\n<li class=\"dF3vjf\" data-sfc-root=\"c\" data-sfc-cb=\"\" data-hveid=\"CAEICBAA\" data-complete=\"true\" data-sae=\"\"><span class=\"T286Pc\" style=\"font-family: 'times new roman', times, serif; font-size: 14pt; color: #000000;\" data-sfc-cp=\"\" data-sfc-root=\"c\" data-sfc-cb=\"\" data-complete=\"true\"><strong class=\"Yjhzub\" data-sfc-root=\"c\" data-sfc-cb=\"\" data-complete=\"true\">Thi\u1ebft k\u1ebf hi\u1ec7n \u0111\u1ea1i<\/strong>: D\u1ea1ng tr\u1ee5 \u0111\u1ee9ng tinh t\u1ebf, d\u1ec5 d\u00e0ng l\u1eafp \u0111\u1eb7t \u1ed1p n\u1ed5i tr\u1ef1c ti\u1ebfp l\u00ean tr\u1ea7n m\u00e0 kh\u00f4ng c\u1ea7n kho\u00e9t l\u1ed7.<\/span><\/li>\n<li class=\"dF3vjf\" data-sfc-root=\"c\" data-sfc-cb=\"\" data-hveid=\"CAEICBAB\" data-complete=\"true\" data-sae=\"\"><span class=\"T286Pc\" style=\"font-family: 'times new roman', times, serif; font-size: 14pt; color: #000000;\" data-sfc-cp=\"\" data-sfc-root=\"c\" data-sfc-cb=\"\" data-complete=\"true\"><strong class=\"Yjhzub\" data-sfc-root=\"c\" data-sfc-cb=\"\" data-complete=\"true\">Ch\u1ed1ng c\u00f4n tr\u00f9ng<\/strong>: C\u1ea5u t\u1ea1o h\u1ea1n ch\u1ebf b\u1ee5i v\u00e0 c\u00f4n tr\u00f9ng x\u00e2m nh\u1eadp v\u00e0o b\u00ean trong \u0111\u00e8n.<\/span><\/li>\n<li class=\"dF3vjf\" data-sfc-root=\"c\" data-sfc-cb=\"\" data-hveid=\"CAEICBAB\" data-complete=\"true\" data-sae=\"\"><span class=\"T286Pc\" style=\"font-family: 'times new roman', times, serif; font-size: 14pt; color: #000000;\" data-sfc-cp=\"\" data-sfc-root=\"c\" data-sfc-cb=\"\" data-complete=\"true\"><strong class=\"Yjhzub\" data-sfc-root=\"c\" data-sfc-cb=\"\" data-complete=\"true\">Chip LED cao c\u1ea5p<\/strong>: S\u1eed d\u1ee5ng chip LED Bridgelux t\u1eeb H\u00e0n Qu\u1ed1c gi\u00fap ti\u1ebft ki\u1ec7m \u0111i\u1ec7n n\u0103ng \u0111\u1ebfn 80% v\u00e0 v\u1eadn h\u00e0nh \u1ed5n \u0111\u1ecbnh.<\/span><\/li>\n<li class=\"dF3vjf\" data-sfc-root=\"c\" data-sfc-cb=\"\" data-hveid=\"CAEICBAE\" data-complete=\"true\" data-sae=\"\"><span class=\"T286Pc\" style=\"font-family: 'times new roman', times, serif; font-size: 14pt; color: #000000;\" data-sfc-cp=\"\" data-sfc-root=\"c\" data-sfc-cb=\"\" data-complete=\"true\"><strong class=\"Yjhzub\" data-sfc-root=\"c\" data-sfc-cb=\"\" data-complete=\"true\">\u0110\u1ed9 b\u1ec1n<\/strong>: Th\u00e2n \u0111\u00e8n b\u1eb1ng nh\u00f4m t\u1ea3n nhi\u1ec7t t\u1ed1t, gi\u00fap duy tr\u00ec tu\u1ed5i th\u1ecd l\u00e2u d\u00e0i.<\/span><\/li>\n<\/ul>\n<div id=\"attachment_14141\" style=\"width: 510px\" class=\"wp-caption aligncenter\"><img decoding=\"async\" aria-describedby=\"caption-attachment-14141\" class=\"wp-image-14141 size-full\" src=\"http:\/\/thietbidienlama.com\/wp-content\/uploads\/2026\/03\/Den-Lon-Op-Tran-Voi-3-Anh-Sang-3-Khung-Canh.jpg\" alt=\"\u0110\u00e8n Lon \u1ed0p Tr\u1ea7n V\u1edbi 3 \u00c1nh S\u00e1ng 3 Khung C\u1ea3nh\" width=\"500\" height=\"500\" srcset=\"https:\/\/www.thietbidienlama.com\/wp-content\/uploads\/2026\/03\/Den-Lon-Op-Tran-Voi-3-Anh-Sang-3-Khung-Canh.jpg 500w, https:\/\/www.thietbidienlama.com\/wp-content\/uploads\/2026\/03\/Den-Lon-Op-Tran-Voi-3-Anh-Sang-3-Khung-Canh-300x300.jpg 300w, https:\/\/www.thietbidienlama.com\/wp-content\/uploads\/2026\/03\/Den-Lon-Op-Tran-Voi-3-Anh-Sang-3-Khung-Canh-150x150.jpg 150w, https:\/\/www.thietbidienlama.com\/wp-content\/uploads\/2026\/03\/Den-Lon-Op-Tran-Voi-3-Anh-Sang-3-Khung-Canh-12x12.jpg 12w\" sizes=\"(max-width: 500px) 100vw, 500px\" \/><p id=\"caption-attachment-14141\" class=\"wp-caption-text\">\u0110\u00e8n Lon \u1ed0p Tr\u1ea7n V\u1edbi 3 \u00c1nh S\u00e1ng 3 Khung C\u1ea3nh<\/p><\/div>\n<div id=\"attachment_14168\" style=\"width: 510px\" class=\"wp-caption aligncenter\"><img loading=\"lazy\" decoding=\"async\" aria-describedby=\"caption-attachment-14168\" class=\"wp-image-14168 size-full\" src=\"http:\/\/thietbidienlama.com\/wp-content\/uploads\/2026\/03\/Den-Lon-Tha-Cao-Cap-Nanoco.jpg\" alt=\"\u0110\u00e8n Lon Th\u1ea3 Cao C\u1ea5p Nanoco\" width=\"500\" height=\"217\" srcset=\"https:\/\/www.thietbidienlama.com\/wp-content\/uploads\/2026\/03\/Den-Lon-Tha-Cao-Cap-Nanoco.jpg 500w, https:\/\/www.thietbidienlama.com\/wp-content\/uploads\/2026\/03\/Den-Lon-Tha-Cao-Cap-Nanoco-300x130.jpg 300w, https:\/\/www.thietbidienlama.com\/wp-content\/uploads\/2026\/03\/Den-Lon-Tha-Cao-Cap-Nanoco-18x8.jpg 18w, https:\/\/www.thietbidienlama.com\/wp-content\/uploads\/2026\/03\/Den-Lon-Tha-Cao-Cap-Nanoco-150x65.jpg 150w\" sizes=\"(max-width: 500px) 100vw, 500px\" \/><p id=\"caption-attachment-14168\" class=\"wp-caption-text\">\u0110\u00e8n Lon Th\u1ea3 Cao C\u1ea5p Nanoco<\/p><\/div>\n<p class=\"Y3BBE\" data-hveid=\"CAEICBAA\" data-complete=\"true\" data-processed=\"true\"><span style=\"font-size: 14pt; color: #000000; font-family: 'times new roman', times, serif;\"><strong>LI\u00caN H\u1ec6 : Hotline: 0935 228 204 ( Ms Lam )<\/strong><\/span><\/p>\n<p><span style=\"font-size: 14pt; color: #000000; font-family: 'times new roman', times, serif;\"><strong>Facebook:\u00a0<span style=\"color: #ff6600;\"><a style=\"color: #ff6600;\" href=\"https:\/\/www.facebook.com\/thietbidienlama\" target=\"_blank\" rel=\"noopener\">THI\u1ebeT\u00a0B\u1eca \u0110I\u1ec6N LAMA<\/a><\/span><\/strong><\/span><\/p>\n<p><span style=\"font-size: 14pt; color: #000000; font-family: 'times new roman', times, serif;\"><strong>Tiktok:\u00a0<span style=\"color: #ff6600;\"><a style=\"color: #ff6600;\" href=\"https:\/\/www.tiktok.com\/@thietbidienlama\" target=\"_blank\" rel=\"noopener\">THI\u1ebeT\u00a0B\u1eca \u0110I\u1ec6N LAMA<\/a><\/span><\/strong><\/span><\/p>\n<p><span style=\"font-size: 14pt; color: #000000; font-family: 'times new roman', times, serif;\"><strong>Youtube: <span style=\"color: #ff6600;\"><a style=\"color: #ff6600;\" href=\"https:\/\/www.youtube.com\/@thietbidienlama\" target=\"_blank\" rel=\"noopener\">THI\u1ebeT\u00a0B\u1eca \u0110I\u1ec6N LAMA<\/a><\/span><\/strong><\/span><\/p>","protected":false},"excerpt":{"rendered":"<p>\u0110\u00e8n Lon N\u1ed5i 10W Nanoco NSDLC105W\/NSDLC104W\/NSDLC103W D\u00f2ng \u0111\u00e8n LED Downlight tr\u1ee5 ( \u0110\u00e8n Lon N\u1ed5i) Nanoco\u00a0m\u00e3\u00a0NSDLC105W,\u00a0NSDLC104W\u00a0v\u00e0\u00a0NSDLC103W\u00a0l\u00e0 c\u00e1c m\u1eabu \u0111\u00e8n \u1ed1p<\/p>","protected":false},"featured_media":14140,"comment_status":"closed","ping_status":"closed","template":"","meta":[],"product_brand":[],"product_cat":[869,846,505],"product_tag":[870,894,871],"class_list":{"0":"post-14138","1":"product","2":"type-product","3":"status-publish","4":"has-post-thumbnail","6":"product_cat-den-lon-nanoco","7":"product_cat-den-lon-trang-tri","8":"product_cat-den-trang-tri","9":"product_tag-den-lon-noi","10":"product_tag-den-lon-tran","11":"product_tag-den-lon-trang-tri","13":"first","14":"instock","15":"sale","16":"shipping-taxable","17":"purchasable","18":"product-type-simple"},"_links":{"self":[{"href":"https:\/\/www.thietbidienlama.com\/en\/wp-json\/wp\/v2\/product\/14138","targetHints":{"allow":["GET"]}}],"collection":[{"href":"https:\/\/www.thietbidienlama.com\/en\/wp-json\/wp\/v2\/product"}],"about":[{"href":"https:\/\/www.thietbidienlama.com\/en\/wp-json\/wp\/v2\/types\/product"}],"replies":[{"embeddable":true,"href":"https:\/\/www.thietbidienlama.com\/en\/wp-json\/wp\/v2\/comments?post=14138"}],"version-history":[{"count":4,"href":"https:\/\/www.thietbidienlama.com\/en\/wp-json\/wp\/v2\/product\/14138\/revisions"}],"predecessor-version":[{"id":14169,"href":"https:\/\/www.thietbidienlama.com\/en\/wp-json\/wp\/v2\/product\/14138\/revisions\/14169"}],"wp:featuredmedia":[{"embeddable":true,"href":"https:\/\/www.thietbidienlama.com\/en\/wp-json\/wp\/v2\/media\/14140"}],"wp:attachment":[{"href":"https:\/\/www.thietbidienlama.com\/en\/wp-json\/wp\/v2\/media?parent=14138"}],"wp:term":[{"taxonomy":"product_brand","embeddable":true,"href":"https:\/\/www.thietbidienlama.com\/en\/wp-json\/wp\/v2\/product_brand?post=14138"},{"taxonomy":"product_cat","embeddable":true,"href":"https:\/\/www.thietbidienlama.com\/en\/wp-json\/wp\/v2\/product_cat?post=14138"},{"taxonomy":"product_tag","embeddable":true,"href":"https:\/\/www.thietbidienlama.com\/en\/wp-json\/wp\/v2\/product_tag?post=14138"}],"curies":[{"name":"wp","href":"https:\/\/api.w.org\/{rel}","templated":true}]}}