{"id":14000,"date":"2026-03-11T11:18:39","date_gmt":"2026-03-11T04:18:39","guid":{"rendered":"https:\/\/thietbidienlama.com\/?post_type=product&#038;p=14000"},"modified":"2026-04-02T13:15:18","modified_gmt":"2026-04-02T06:15:18","slug":"den-tuong-trang-tri-hien-dai-cn-356-euroto","status":"publish","type":"product","link":"https:\/\/www.thietbidienlama.com\/en\/den-tuong-trang-tri-hien-dai-cn-356-euroto\/","title":{"rendered":"\u0110\u00e8n T\u01b0\u1eddng Trang Tr\u00ed Hi\u1ec7n \u0110\u1ea1i CN-356 Euroto"},"content":{"rendered":"<h1 style=\"text-align: center;\" data-hveid=\"CAEIAhAA\" data-complete=\"true\" data-processed=\"true\"><span style=\"color: #000000; font-size: 18pt; font-family: 'times new roman', times, serif;\">\u0110\u00e8n T\u01b0\u1eddng Trang Tr\u00ed Hi\u1ec7n \u0110\u1ea1i CN-356 Euroto<\/span><\/h1>\n<div data-sfc-cp=\"\" data-sfc-cb=\"\" data-hveid=\"CAEIAhAA\" data-complete=\"true\" data-processed=\"true\"><span style=\"color: #000000; font-family: 'times new roman', times, serif; font-size: 14pt;\"><strong><span style=\"color: #ff6600;\"><a style=\"color: #ff6600;\" href=\"https:\/\/thietbidienlama.com\/den-tuong-trang-tri\/\">\u0110\u00e8n t\u01b0\u1eddng trang tr\u00ed<\/a><\/span><\/strong> hi\u1ec7n \u0111\u1ea1i Euroto CN-356 l\u00e0 phi\u00ean b\u1ea3n h\u1eaft s\u00e1ng 2 \u0111\u1ea7u c\u1ee7a d\u00f2ng CN-355, \u0111\u01b0\u1ee3c thi\u1ebft k\u1ebf theo phong c\u00e1ch hi\u1ec7n \u0111\u1ea1i v\u1edbi kh\u1ea3 n\u0103ng chi\u1ebfu s\u00e1ng c\u1ea3 ph\u00eda tr\u00ean v\u00e0 ph\u00eda d\u01b0\u1edbi. S\u1ea3n ph\u1ea9m s\u1eed d\u1ee5ng b\u00f3ng LED r\u1eddi gi\u00fap vi\u1ec7c thay th\u1ebf tr\u1edf n\u00ean linh ho\u1ea1t, ph\u00f9 h\u1ee3p cho c\u00e1c kh\u00f4ng gian nh\u01b0 c\u1ed9t s\u1ea3nh, m\u1eb7t ti\u1ec1n ho\u1eb7c b\u1edd t\u01b0\u1eddng bao quanh nh\u00e0.<\/span><\/div>\n<div data-sfc-cp=\"\" data-sfc-cb=\"\" data-complete=\"true\" data-processed=\"true\">\n<div id=\"attachment_14001\" style=\"width: 310px\" class=\"wp-caption aligncenter\"><img fetchpriority=\"high\" decoding=\"async\" aria-describedby=\"caption-attachment-14001\" class=\"wp-image-14001 size-medium\" src=\"http:\/\/thietbidienlama.com\/wp-content\/uploads\/2026\/03\/Den-Tuong-Trang-Tri-Hien-Dai-CN-356-Euroto-300x300.jpg\" alt=\"\u0110\u00e8n T\u01b0\u1eddng Trang Tr\u00ed Hi\u1ec7n \u0110\u1ea1i CN 356 Euroto\" width=\"300\" height=\"300\" srcset=\"https:\/\/www.thietbidienlama.com\/wp-content\/uploads\/2026\/03\/Den-Tuong-Trang-Tri-Hien-Dai-CN-356-Euroto-300x300.jpg 300w, https:\/\/www.thietbidienlama.com\/wp-content\/uploads\/2026\/03\/Den-Tuong-Trang-Tri-Hien-Dai-CN-356-Euroto-150x150.jpg 150w, https:\/\/www.thietbidienlama.com\/wp-content\/uploads\/2026\/03\/Den-Tuong-Trang-Tri-Hien-Dai-CN-356-Euroto-12x12.jpg 12w, https:\/\/www.thietbidienlama.com\/wp-content\/uploads\/2026\/03\/Den-Tuong-Trang-Tri-Hien-Dai-CN-356-Euroto.jpg 500w\" sizes=\"(max-width: 300px) 100vw, 300px\" \/><p id=\"caption-attachment-14001\" class=\"wp-caption-text\">\u0110\u00e8n T\u01b0\u1eddng Trang Tr\u00ed Hi\u1ec7n \u0110\u1ea1i CN 356 Euroto<\/p><\/div>\n<\/div>\n<h2 role=\"heading\" aria-level=\"3\" data-complete=\"true\" data-processed=\"true\"><span style=\"font-size: 18pt; color: #000000; font-family: 'times new roman', times, serif;\">Th\u00f4ng s\u1ed1 k\u1ef9 thu\u1eadt \u0111\u00e8n t\u01b0\u1eddng trang tr\u00ed<\/span><\/h2>\n<div data-sfc-cp=\"\" data-sfc-cb=\"\" data-hveid=\"CAEIBBAA\" data-complete=\"true\" data-processed=\"true\"><span style=\"color: #000000; font-family: 'times new roman', times, serif; font-size: 14pt;\">Theo th\u00f4ng tin t\u1eeb c\u00e1c \u0111\u01a1n v\u1ecb ph\u00e2n ph\u1ed1i nh\u01b0\u00a0Thi\u1ebft b\u1ecb \u0111i\u1ec7n DGP\u00a0v\u00e0\u00a0Th\u1ebf Gi\u1edbi \u00c1nh S\u00e1ng, th\u00f4ng s\u1ed1 c\u1ee7a m\u00e3 CN-356 nh\u01b0 sau:<\/span><\/div>\n<ul data-sfc-cb=\"\" data-complete=\"true\" data-processed=\"true\">\n<li data-sfc-cb=\"\" data-hveid=\"CAEIBRAA\" data-complete=\"true\" data-sae=\"\"><span style=\"color: #000000; font-family: 'times new roman', times, serif; font-size: 14pt;\">K\u00edch th\u01b0\u1edbc:\u00a0Chi\u1ec1u d\u00e0i 70mm x Chi\u1ec1u r\u1ed9ng 80mm x Chi\u1ec1u cao 150mm.<\/span><\/li>\n<li data-sfc-cb=\"\" data-hveid=\"CAEIBRAB\" data-complete=\"true\" data-sae=\"\"><span style=\"color: #000000; font-family: 'times new roman', times, serif; font-size: 14pt;\">Lo\u1ea1i b\u00f3ng:\u00a0S\u1eed d\u1ee5ng 02 b\u00f3ng\u00a0LED GU10\u00a0(c\u00f4ng su\u1ea5t m\u1ed7i b\u00f3ng\u00a05W), t\u1ed5ng c\u00f4ng su\u1ea5t l\u00e0 10W.<\/span><\/li>\n<li data-sfc-cb=\"\" data-hveid=\"CAEIBRAC\" data-complete=\"true\" data-sae=\"\"><span style=\"color: #000000; font-family: 'times new roman', times, serif; font-size: 14pt;\">\u00c1nh s\u00e1ng:\u00a0M\u00e0u v\u00e0ng \u1ea5m, t\u1ea1o hi\u1ec7u \u1ee9ng h\u1eaft s\u00e1ng trang tr\u00ed sang tr\u1ecdng.<\/span><\/li>\n<li data-sfc-cb=\"\" data-hveid=\"CAEIBRAD\" data-complete=\"true\" data-sae=\"\"><span style=\"color: #000000; font-family: 'times new roman', times, serif; font-size: 14pt;\">Ch\u1ea5t li\u1ec7u:\u00a0Th\u00e2n \u0111\u00e8n b\u1eb1ng\u00a0h\u1ee3p kim nh\u00f4m\u00a0s\u01a1n t\u0129nh \u0111i\u1ec7n b\u1ec1n b\u1ec9, chao \u0111\u00e8n b\u1eb1ng mica.<\/span><\/li>\n<li data-sfc-cb=\"\" data-hveid=\"CAEIBRAE\" data-complete=\"true\" data-sae=\"\"><span style=\"color: #000000; font-family: 'times new roman', times, serif; font-size: 14pt;\">Ti\u00eau chu\u1ea9n b\u1ea3o v\u1ec7:\u00a0IP65, c\u00f3 kh\u1ea3 n\u0103ng ch\u1ed1ng th\u1ea5m n\u01b0\u1edbc v\u00e0 b\u1ee5i b\u1ea9n, chuy\u00ean d\u1ee5ng cho l\u1eafp \u0111\u1eb7t ngo\u00e0i tr\u1eddi.<\/span><\/li>\n<li data-sfc-cb=\"\" data-hveid=\"CAEIBRAE\" data-complete=\"true\" data-sae=\"\"><span style=\"color: #000000; font-family: 'times new roman', times, serif; font-size: 14pt;\">B\u1ea3o h\u00e0nh:\u00a0Ch\u00ednh h\u00e3ng 24 th\u00e1ng.<\/span><\/li>\n<\/ul>\n<div id=\"attachment_14214\" style=\"width: 510px\" class=\"wp-caption aligncenter\"><img decoding=\"async\" aria-describedby=\"caption-attachment-14214\" class=\"wp-image-14214 size-full\" src=\"http:\/\/thietbidienlama.com\/wp-content\/uploads\/2026\/03\/Den-Tuong-Trang-Tri-Hien-Dai-CN-356-Euroto-1.jpg\" alt=\"\u0110\u00e8n T\u01b0\u1eddng Trang Tr\u00ed Hi\u1ec7n \u0110\u1ea1i CN 356 Euroto\" width=\"500\" height=\"500\" srcset=\"https:\/\/www.thietbidienlama.com\/wp-content\/uploads\/2026\/03\/Den-Tuong-Trang-Tri-Hien-Dai-CN-356-Euroto-1.jpg 500w, https:\/\/www.thietbidienlama.com\/wp-content\/uploads\/2026\/03\/Den-Tuong-Trang-Tri-Hien-Dai-CN-356-Euroto-1-300x300.jpg 300w, https:\/\/www.thietbidienlama.com\/wp-content\/uploads\/2026\/03\/Den-Tuong-Trang-Tri-Hien-Dai-CN-356-Euroto-1-150x150.jpg 150w, https:\/\/www.thietbidienlama.com\/wp-content\/uploads\/2026\/03\/Den-Tuong-Trang-Tri-Hien-Dai-CN-356-Euroto-1-12x12.jpg 12w\" sizes=\"(max-width: 500px) 100vw, 500px\" \/><p id=\"caption-attachment-14214\" class=\"wp-caption-text\">\u0110\u00e8n T\u01b0\u1eddng Trang Tr\u00ed Hi\u1ec7n \u0110\u1ea1i CN 356 Euroto<\/p><\/div>\n<h2 role=\"heading\" aria-level=\"3\" data-processed=\"true\" data-complete=\"true\"><span style=\"font-size: 18pt; color: #000000; font-family: 'times new roman', times, serif;\">\u0110\u1eb7c \u0111i\u1ec3m v\u00e0 \u1ee8ng d\u1ee5ng<\/span><\/h2>\n<ul data-sfc-cb=\"\" data-complete=\"true\" data-processed=\"true\">\n<li data-sfc-cb=\"\" data-hveid=\"CAEIBxAA\" data-complete=\"true\" data-sae=\"\"><span style=\"color: #000000; font-family: 'times new roman', times, serif; font-size: 14pt;\">Hi\u1ec7u \u1ee9ng 2 \u0111\u1ea7u:\u00a0Kh\u00e1c v\u1edbi m\u00e3 CN-355 ch\u1ec9 h\u1eaft 1 \u0111\u1ea7u, CN-356 t\u1ea1o ra hai lu\u1ed3ng s\u00e1ng \u0111\u1ed1i x\u1ee9ng, gi\u00fap c\u00e1c m\u1ea3ng t\u01b0\u1eddng tr\u1ed1ng tr\u1edf n\u00ean n\u1ed5i b\u1eadt v\u00e0 c\u00f3 chi\u1ec1u s\u00e2u h\u01a1n.<\/span><\/li>\n<li data-sfc-cb=\"\" data-hveid=\"CAEIBxAB\" data-complete=\"true\" data-sae=\"\"><span style=\"color: #000000; font-family: 'times new roman', times, serif; font-size: 14pt;\">D\u1ec5 b\u1ea3o tr\u00ec:\u00a0Thi\u1ebft k\u1ebf s\u1eed d\u1ee5ng b\u00f3ng ch\u00e2n GU10 cho ph\u00e9p b\u1ea1n t\u1ef1 thay b\u00f3ng t\u1ea1i nh\u00e0 n\u1ebfu x\u1ea3y ra s\u1ef1 c\u1ed1 ch\u00e1y b\u00f3ng m\u00e0 kh\u00f4ng c\u1ea7n thay c\u1ea3 b\u1ed9 \u0111\u00e8n.<\/span><\/li>\n<li data-sfc-cb=\"\" data-hveid=\"CAEIBxAC\" data-complete=\"true\" data-sae=\"\"><span style=\"color: #000000; font-family: 'times new roman', times, serif; font-size: 14pt;\" data-sfc-cp=\"\" data-sfc-cb=\"\" data-complete=\"true\" aria-owns=\"action-menu-parent-container\">\u0110\u1ed9 b\u1ec1n:\u00a0L\u1edbp s\u01a1n t\u0129nh \u0111i\u1ec7n cao c\u1ea5p gi\u00fap \u0111\u00e8n ch\u1ecbu \u0111\u01b0\u1ee3c \u0111i\u1ec1u ki\u1ec7n th\u1eddi ti\u1ebft kh\u1eafc nghi\u1ec7t, ch\u1ed1ng oxy h\u00f3a hi\u1ec7u qu\u1ea3.<\/span><\/li>\n<\/ul>\n<p class=\"Y3BBE\" data-hveid=\"CAEICBAA\" data-complete=\"true\" data-processed=\"true\"><span style=\"font-size: 14pt; color: #000000; font-family: 'times new roman', times, serif;\"><strong>LI\u00caN H\u1ec6 : Hotline: 0935 228 204 ( Ms Lam )<\/strong><\/span><\/p>\n<p><span style=\"font-size: 14pt; color: #000000; font-family: 'times new roman', times, serif;\"><strong>Facebook:\u00a0<span style=\"color: #ff6600;\"><a style=\"color: #ff6600;\" href=\"https:\/\/www.facebook.com\/thietbidienlama\" target=\"_blank\" rel=\"noopener\">THI\u1ebeT\u00a0B\u1eca \u0110I\u1ec6N LAMA<\/a><\/span><\/strong><\/span><\/p>\n<p><span style=\"font-size: 14pt; color: #000000; font-family: 'times new roman', times, serif;\"><strong>Tiktok:\u00a0<span style=\"color: #ff6600;\"><a style=\"color: #ff6600;\" href=\"https:\/\/www.tiktok.com\/@thietbidienlama\" target=\"_blank\" rel=\"noopener\">THI\u1ebeT\u00a0B\u1eca \u0110I\u1ec6N LAMA<\/a><\/span><\/strong><\/span><\/p>\n<p><span style=\"font-size: 14pt; color: #000000; font-family: 'times new roman', times, serif;\"><strong>Youtube: <span style=\"color: #ff6600;\"><a style=\"color: #ff6600;\" href=\"https:\/\/www.youtube.com\/@thietbidienlama\" target=\"_blank\" rel=\"noopener\">THI\u1ebeT\u00a0B\u1eca \u0110I\u1ec6N LAMA<\/a><\/span><\/strong><\/span><\/p>","protected":false},"excerpt":{"rendered":"<p>\u0110\u00e8n T\u01b0\u1eddng Trang Tr\u00ed Hi\u1ec7n \u0110\u1ea1i CN-356 Euroto \u0110\u00e8n t\u01b0\u1eddng trang tr\u00ed hi\u1ec7n \u0111\u1ea1i Euroto CN-356 l\u00e0 phi\u00ean b\u1ea3n h\u1eaft<\/p>","protected":false},"featured_media":14001,"comment_status":"closed","ping_status":"closed","template":"","meta":[],"product_brand":[],"product_cat":[505,847,848,845],"product_tag":[790],"class_list":{"0":"post-14000","1":"product","2":"type-product","3":"status-publish","4":"has-post-thumbnail","6":"product_cat-den-trang-tri","7":"product_cat-den-trang-tri-ngoai-troi","8":"product_cat-den-tuong-euroto","9":"product_cat-den-tuong-trang-tri","10":"product_tag-den-tuong-trang-tri","12":"first","13":"instock","14":"sale","15":"shipping-taxable","16":"purchasable","17":"product-type-simple"},"_links":{"self":[{"href":"https:\/\/www.thietbidienlama.com\/en\/wp-json\/wp\/v2\/product\/14000","targetHints":{"allow":["GET"]}}],"collection":[{"href":"https:\/\/www.thietbidienlama.com\/en\/wp-json\/wp\/v2\/product"}],"about":[{"href":"https:\/\/www.thietbidienlama.com\/en\/wp-json\/wp\/v2\/types\/product"}],"replies":[{"embeddable":true,"href":"https:\/\/www.thietbidienlama.com\/en\/wp-json\/wp\/v2\/comments?post=14000"}],"version-history":[{"count":5,"href":"https:\/\/www.thietbidienlama.com\/en\/wp-json\/wp\/v2\/product\/14000\/revisions"}],"predecessor-version":[{"id":14216,"href":"https:\/\/www.thietbidienlama.com\/en\/wp-json\/wp\/v2\/product\/14000\/revisions\/14216"}],"wp:featuredmedia":[{"embeddable":true,"href":"https:\/\/www.thietbidienlama.com\/en\/wp-json\/wp\/v2\/media\/14001"}],"wp:attachment":[{"href":"https:\/\/www.thietbidienlama.com\/en\/wp-json\/wp\/v2\/media?parent=14000"}],"wp:term":[{"taxonomy":"product_brand","embeddable":true,"href":"https:\/\/www.thietbidienlama.com\/en\/wp-json\/wp\/v2\/product_brand?post=14000"},{"taxonomy":"product_cat","embeddable":true,"href":"https:\/\/www.thietbidienlama.com\/en\/wp-json\/wp\/v2\/product_cat?post=14000"},{"taxonomy":"product_tag","embeddable":true,"href":"https:\/\/www.thietbidienlama.com\/en\/wp-json\/wp\/v2\/product_tag?post=14000"}],"curies":[{"name":"wp","href":"https:\/\/api.w.org\/{rel}","templated":true}]}}