{"id":13997,"date":"2026-03-11T11:08:23","date_gmt":"2026-03-11T04:08:23","guid":{"rendered":"https:\/\/thietbidienlama.com\/?post_type=product&#038;p=13997"},"modified":"2026-04-02T13:19:31","modified_gmt":"2026-04-02T06:19:31","slug":"den-trang-tri-ngoai-troi-cn-355-euroto","status":"publish","type":"product","link":"https:\/\/www.thietbidienlama.com\/en\/den-trang-tri-ngoai-troi-cn-355-euroto\/","title":{"rendered":"\u0110\u00e8n Trang Tr\u00ed Ngo\u00e0i Tr\u1eddi CN-355 Euroto"},"content":{"rendered":"<h2 style=\"text-align: center;\"><span style=\"color: #000000;\">\u0110\u00e8n Trang Tr\u00ed Ngo\u00e0i Tr\u1eddi CN-355 Euroto<\/span><\/h2>\n<div data-sfc-cp=\"\" data-sfc-cb=\"\" data-hveid=\"CAEIAhAA\" data-processed=\"true\" data-complete=\"true\"><span style=\"color: #000000;\"><strong><span style=\"color: #ff6600;\"><a style=\"color: #ff6600;\" href=\"https:\/\/thietbidienlama.com\/den-trang-tri-ngoai-troi\/\">\u0110\u00e8n trang tr\u00ed ngo\u00e0i tr\u1eddi<\/a><\/span><\/strong> Euroto CN-355\u00a0l\u00e0 m\u1eabu \u0111\u00e8n v\u00e1ch hi\u1ec7n \u0111\u1ea1i, s\u1eed d\u1ee5ng b\u00f3ng LED r\u1eddi (ch\u00e2n GU10) gi\u00fap d\u1ec5 d\u00e0ng thay th\u1ebf v\u00e0 b\u1ea3o tr\u00ec. V\u1edbi k\u00edch th\u01b0\u1edbc nh\u1ecf g\u1ecdn v\u00e0 thi\u1ebft k\u1ebf h\u1eaft s\u00e1ng t\u1eadp trung, s\u1ea3n ph\u1ea9m th\u01b0\u1eddng \u0111\u01b0\u1ee3c d\u00f9ng \u0111\u1ec3 t\u1ea1o \u0111i\u1ec3m nh\u1ea5n cho m\u1eb7t ti\u1ec1n, c\u1ed9t s\u1ea3nh ho\u1eb7c c\u00e1c m\u1ea3ng t\u01b0\u1eddng trang tr\u00ed ngo\u1ea1i th\u1ea5t.<\/span><\/div>\n<div data-sfc-cp=\"\" data-sfc-cb=\"\" data-complete=\"true\" data-processed=\"true\"><img fetchpriority=\"high\" decoding=\"async\" class=\"alignnone size-medium wp-image-13998 aligncenter\" src=\"http:\/\/thietbidienlama.com\/wp-content\/uploads\/2026\/03\/Den-Trang-Tri-Ngoai-Troi-CN-355-Euroto-300x300.jpg\" alt=\"\" width=\"300\" height=\"300\" srcset=\"https:\/\/www.thietbidienlama.com\/wp-content\/uploads\/2026\/03\/Den-Trang-Tri-Ngoai-Troi-CN-355-Euroto-300x300.jpg 300w, https:\/\/www.thietbidienlama.com\/wp-content\/uploads\/2026\/03\/Den-Trang-Tri-Ngoai-Troi-CN-355-Euroto-150x150.jpg 150w, https:\/\/www.thietbidienlama.com\/wp-content\/uploads\/2026\/03\/Den-Trang-Tri-Ngoai-Troi-CN-355-Euroto-12x12.jpg 12w, https:\/\/www.thietbidienlama.com\/wp-content\/uploads\/2026\/03\/Den-Trang-Tri-Ngoai-Troi-CN-355-Euroto.jpg 500w\" sizes=\"(max-width: 300px) 100vw, 300px\" \/><\/div>\n<h3 role=\"heading\" aria-level=\"3\" data-complete=\"true\" data-processed=\"true\"><span style=\"color: #000000; font-size: 14pt;\">Th\u00f4ng s\u1ed1 k\u1ef9 thu\u1eadt chi ti\u1ebft<\/span><\/h3>\n<div data-sfc-cp=\"\" data-sfc-cb=\"\" data-hveid=\"CAEIBBAA\" data-complete=\"true\" data-processed=\"true\"><span style=\"color: #000000;\">D\u1ef1a tr\u00ean th\u00f4ng tin t\u1eeb nh\u00e0 s\u1ea3n xu\u1ea5t\u00a0Euroto Lighting\u00a0v\u00e0 c\u00e1c \u0111\u01a1n v\u1ecb ph\u00e2n ph\u1ed1i nh\u01b0\u00a0Th\u1ebf Gi\u1edbi \u0110\u00e8n Trang Tr\u00ed, th\u00f4ng s\u1ed1 c\u1ee7a m\u00e3 CN-355 c\u1ee5 th\u1ec3 nh\u01b0 sau:<\/span><\/div>\n<ul data-sfc-cb=\"\" data-complete=\"true\" data-processed=\"true\">\n<li data-sfc-cb=\"\" data-hveid=\"CAEIBRAA\" data-complete=\"true\" data-sae=\"\"><span style=\"color: #000000;\">K\u00edch th\u01b0\u1edbc:\u00a0Chi\u1ec1u d\u00e0i 70mm x Chi\u1ec1u r\u1ed9ng 85mm x Chi\u1ec1u cao 80mm.<\/span><\/li>\n<li data-sfc-cb=\"\" data-hveid=\"CAEIBRAB\" data-complete=\"true\" data-sae=\"\"><span style=\"color: #000000;\">Lo\u1ea1i b\u00f3ng:\u00a0S\u1eed d\u1ee5ng b\u00f3ng\u00a0LED GU10, c\u00f4ng su\u1ea5t\u00a05W.<\/span><\/li>\n<li data-sfc-cb=\"\" data-hveid=\"CAEIBRAC\" data-complete=\"true\" data-sae=\"\"><span style=\"color: #000000;\">\u00c1nh s\u00e1ng:\u00a0M\u00e0u v\u00e0ng \u1ea5m (3000K), t\u1ea1o hi\u1ec7u \u1ee9ng sang tr\u1ecdng v\u00e0 th\u01b0 gi\u00e3n.<\/span><\/li>\n<li data-sfc-cb=\"\" data-hveid=\"CAEIBRAD\" data-complete=\"true\" data-sae=\"\"><span style=\"color: #000000;\">Ch\u1ea5t li\u1ec7u:\u00a0Khung v\u1ecf l\u00e0m b\u1eb1ng\u00a0h\u1ee3p kim nh\u00f4m\u00a0s\u01a1n t\u0129nh \u0111i\u1ec7n m\u00e0u \u0111en b\u1ec1n b\u1ec9.<\/span><\/li>\n<li data-sfc-cb=\"\" data-hveid=\"CAEIBRAE\" data-complete=\"true\" data-sae=\"\"><span style=\"color: #000000;\">Kh\u1ea3 n\u0103ng b\u1ea3o v\u1ec7:\u00a0M\u1eb7t k\u00ednh chao \u0111\u00e8n c\u00f3 ron ch\u1ed1ng n\u01b0\u1edbc, \u0111\u1ea3m b\u1ea3o ho\u1ea1t \u0111\u1ed9ng \u1ed5n \u0111\u1ecbnh trong \u0111i\u1ec1u ki\u1ec7n m\u01b0a gi\u00f3 ngo\u00e0i tr\u1eddi.<\/span><\/li>\n<\/ul>\n<div id=\"attachment_14218\" style=\"width: 510px\" class=\"wp-caption aligncenter\"><img decoding=\"async\" aria-describedby=\"caption-attachment-14218\" class=\"wp-image-14218 size-full\" src=\"http:\/\/thietbidienlama.com\/wp-content\/uploads\/2026\/03\/Den-Trang-Tri-Ngoai-Troi-CN-355-Euroto-1.jpg\" alt=\"\u0110\u00e8n Trang Tr\u00ed Ngo\u00e0i Tr\u1eddi CN 355 Euroto\" width=\"500\" height=\"500\" srcset=\"https:\/\/www.thietbidienlama.com\/wp-content\/uploads\/2026\/03\/Den-Trang-Tri-Ngoai-Troi-CN-355-Euroto-1.jpg 500w, https:\/\/www.thietbidienlama.com\/wp-content\/uploads\/2026\/03\/Den-Trang-Tri-Ngoai-Troi-CN-355-Euroto-1-300x300.jpg 300w, https:\/\/www.thietbidienlama.com\/wp-content\/uploads\/2026\/03\/Den-Trang-Tri-Ngoai-Troi-CN-355-Euroto-1-150x150.jpg 150w, https:\/\/www.thietbidienlama.com\/wp-content\/uploads\/2026\/03\/Den-Trang-Tri-Ngoai-Troi-CN-355-Euroto-1-12x12.jpg 12w\" sizes=\"(max-width: 500px) 100vw, 500px\" \/><p id=\"caption-attachment-14218\" class=\"wp-caption-text\">\u0110\u00e8n Trang Tr\u00ed Ngo\u00e0i Tr\u1eddi CN 355 Euroto<\/p><\/div>\n<h3 role=\"heading\" aria-level=\"3\" data-complete=\"true\" data-processed=\"true\"><span style=\"color: #000000; font-size: 14pt;\">\u0110\u1eb7c \u0111i\u1ec3m n\u1ed5i b\u1eadt<\/span><\/h3>\n<ul data-sfc-cb=\"\" data-complete=\"true\" data-processed=\"true\">\n<li data-sfc-cb=\"\" data-hveid=\"CAEIBxAA\" data-complete=\"true\" data-sae=\"\"><span style=\"color: #000000;\">T\u00ednh linh ho\u1ea1t:\u00a0Kh\u00e1c v\u1edbi c\u00e1c d\u00f2ng LED t\u00edch h\u1ee3p, CN-355 s\u1eed d\u1ee5ng b\u00f3ng GU10 cho ph\u00e9p ng\u01b0\u1eddi d\u00f9ng ch\u1ee7 \u0111\u1ed9ng thay \u0111\u1ed5i c\u00f4ng su\u1ea5t ho\u1eb7c m\u00e0u s\u1eafc \u00e1nh s\u00e1ng khi c\u1ea7n thi\u1ebft.<\/span><\/li>\n<li data-sfc-cb=\"\" data-hveid=\"CAEIBxAB\" data-complete=\"true\" data-sae=\"\"><span style=\"color: #000000;\">Thi\u1ebft k\u1ebf t\u1ed1i gi\u1ea3n:\u00a0Ki\u1ec3u d\u00e1ng h\u00ecnh kh\u1ed1i vu\u00f4ng v\u1eafn, g\u1ecdn g\u00e0ng ph\u00f9 h\u1ee3p v\u1edbi c\u00e1c phong c\u00e1ch ki\u1ebfn tr\u00fac hi\u1ec7n \u0111\u1ea1i, nh\u00e0 ph\u1ed1 ho\u1eb7c bi\u1ec7t th\u1ef1.<\/span><\/li>\n<li data-sfc-cb=\"\" data-hveid=\"CAEIBxAC\" data-complete=\"true\" data-sae=\"\"><span style=\"color: #000000;\" data-sfc-cp=\"\" data-sfc-cb=\"\" data-complete=\"true\" aria-owns=\"action-menu-parent-container\">\u0110\u1ed9 b\u1ec1n cao: Th\u00e2n nh\u00f4m \u0111\u00fac gi\u00fap t\u1ea3n nhi\u1ec7t t\u1ed1t cho b\u00f3ng LED b\u00ean trong v\u00e0 ch\u1ed1ng oxy h\u00f3a hi\u1ec7u qu\u1ea3.<\/span><\/li>\n<\/ul>\n<p class=\"Y3BBE\" data-hveid=\"CAEICBAA\" data-complete=\"true\" data-processed=\"true\"><span style=\"font-size: 12pt; color: #000000;\"><strong>LI\u00caN H\u1ec6 : Hotline: 0935 228 204 ( Ms Lam )<\/strong><\/span><\/p>\n<p><span style=\"font-size: 12pt; color: #000000;\"><strong>Facebook:\u00a0<span style=\"color: #ff6600;\"><a style=\"color: #ff6600;\" href=\"https:\/\/www.facebook.com\/thietbidienlama\" target=\"_blank\" rel=\"noopener\">THI\u1ebeT\u00a0B\u1eca \u0110I\u1ec6N LAMA<\/a><\/span><\/strong><\/span><\/p>\n<p><span style=\"font-size: 12pt; color: #000000;\"><strong>Tiktok:\u00a0<span style=\"color: #ff6600;\"><a style=\"color: #ff6600;\" href=\"https:\/\/www.tiktok.com\/@thietbidienlama\" target=\"_blank\" rel=\"noopener\">THI\u1ebeT\u00a0B\u1eca \u0110I\u1ec6N LAMA<\/a><\/span><\/strong><\/span><\/p>\n<p><span style=\"font-size: 12pt; color: #000000;\"><strong>Youtube: <span style=\"color: #ff6600;\"><a style=\"color: #ff6600;\" href=\"https:\/\/www.youtube.com\/@thietbidienlama\" target=\"_blank\" rel=\"noopener\">THI\u1ebeT\u00a0B\u1eca \u0110I\u1ec6N LAMA<\/a><\/span><\/strong><\/span><\/p>","protected":false},"excerpt":{"rendered":"<p>\u0110\u00e8n Trang Tr\u00ed Ngo\u00e0i Tr\u1eddi CN-355 Euroto \u0110\u00e8n trang tr\u00ed ngo\u00e0i tr\u1eddi Euroto CN-355\u00a0l\u00e0 m\u1eabu \u0111\u00e8n v\u00e1ch hi\u1ec7n \u0111\u1ea1i, s\u1eed<\/p>","protected":false},"featured_media":13998,"comment_status":"closed","ping_status":"closed","template":"","meta":[],"product_brand":[],"product_cat":[505,847,848,845],"product_tag":[785],"class_list":{"0":"post-13997","1":"product","2":"type-product","3":"status-publish","4":"has-post-thumbnail","6":"product_cat-den-trang-tri","7":"product_cat-den-trang-tri-ngoai-troi","8":"product_cat-den-tuong-euroto","9":"product_cat-den-tuong-trang-tri","10":"product_tag-den-trang-tri-ngoai-troi","12":"first","13":"instock","14":"sale","15":"shipping-taxable","16":"purchasable","17":"product-type-simple"},"_links":{"self":[{"href":"https:\/\/www.thietbidienlama.com\/en\/wp-json\/wp\/v2\/product\/13997","targetHints":{"allow":["GET"]}}],"collection":[{"href":"https:\/\/www.thietbidienlama.com\/en\/wp-json\/wp\/v2\/product"}],"about":[{"href":"https:\/\/www.thietbidienlama.com\/en\/wp-json\/wp\/v2\/types\/product"}],"replies":[{"embeddable":true,"href":"https:\/\/www.thietbidienlama.com\/en\/wp-json\/wp\/v2\/comments?post=13997"}],"version-history":[{"count":3,"href":"https:\/\/www.thietbidienlama.com\/en\/wp-json\/wp\/v2\/product\/13997\/revisions"}],"predecessor-version":[{"id":14219,"href":"https:\/\/www.thietbidienlama.com\/en\/wp-json\/wp\/v2\/product\/13997\/revisions\/14219"}],"wp:featuredmedia":[{"embeddable":true,"href":"https:\/\/www.thietbidienlama.com\/en\/wp-json\/wp\/v2\/media\/13998"}],"wp:attachment":[{"href":"https:\/\/www.thietbidienlama.com\/en\/wp-json\/wp\/v2\/media?parent=13997"}],"wp:term":[{"taxonomy":"product_brand","embeddable":true,"href":"https:\/\/www.thietbidienlama.com\/en\/wp-json\/wp\/v2\/product_brand?post=13997"},{"taxonomy":"product_cat","embeddable":true,"href":"https:\/\/www.thietbidienlama.com\/en\/wp-json\/wp\/v2\/product_cat?post=13997"},{"taxonomy":"product_tag","embeddable":true,"href":"https:\/\/www.thietbidienlama.com\/en\/wp-json\/wp\/v2\/product_tag?post=13997"}],"curies":[{"name":"wp","href":"https:\/\/api.w.org\/{rel}","templated":true}]}}