{"id":13993,"date":"2026-03-11T10:59:09","date_gmt":"2026-03-11T03:59:09","guid":{"rendered":"https:\/\/thietbidienlama.com\/?post_type=product&#038;p=13993"},"modified":"2026-04-02T13:23:06","modified_gmt":"2026-04-02T06:23:06","slug":"den-trang-tri-tuong-rao-cn-352-euroto","status":"publish","type":"product","link":"https:\/\/www.thietbidienlama.com\/en\/den-trang-tri-tuong-rao-cn-352-euroto\/","title":{"rendered":"\u0110\u00e8n Trang Tr\u00ed T\u01b0\u1eddng R\u00e0o CN-352 Euroto"},"content":{"rendered":"<h2 style=\"text-align: center;\">\u0110<span style=\"color: #000000;\">\u00e8n Trang Tr\u00ed T\u01b0\u1eddng R\u00e0o CN-352 Euroto<\/span><\/h2>\n<div data-sfc-cp=\"\" data-sfc-cb=\"\" data-hveid=\"CAEIAhAA\" data-processed=\"true\" data-complete=\"true\"><span style=\"color: #000000;\"><span style=\"color: #ff6600;\"><strong><a style=\"color: #ff6600;\" href=\"https:\/\/thietbidienlama.com\/den-tuong-trang-tri\/\">\u0110\u00e8n trang tr\u00ed t\u01b0\u1eddng r\u00e0o<\/a><\/strong><\/span> Euroto CN-352\u00a0l\u00e0 phi\u00ean b\u1ea3n n\u00e2ng c\u1ea5p h\u1eaft s\u00e1ng 2 \u0111\u1ea7u (tr\u00ean v\u00e0 d\u01b0\u1edbi) t\u1eeb d\u00f2ng CN-351, chuy\u00ean d\u1ee5ng cho c\u00e1c b\u1edd t\u01b0\u1eddng r\u00e0o, m\u1eb7t ti\u1ec1n nh\u00e0 ph\u1ed1 ho\u1eb7c c\u1ed9t s\u1ea3nh. V\u1edbi thi\u1ebft k\u1ebf h\u1eaft 2 chi\u1ec1u, \u0111\u00e8n t\u1ea1o ra c\u00e1c hi\u1ec7u \u1ee9ng v\u1ec7t s\u00e1ng \u0111\u1ed1i x\u1ee9ng b\u1eaft m\u1eaft, gi\u00fap kh\u00f4ng gian ngo\u1ea1i th\u1ea5t tr\u1edf n\u00ean b\u1ec1 th\u1ebf v\u00e0 sang tr\u1ecdng h\u01a1n.<\/span><\/div>\n<div data-sfc-cp=\"\" data-sfc-cb=\"\" data-complete=\"true\" data-processed=\"true\"><img fetchpriority=\"high\" decoding=\"async\" class=\"alignnone size-medium wp-image-13994 aligncenter\" src=\"http:\/\/thietbidienlama.com\/wp-content\/uploads\/2026\/03\/Den-Trang-Tri-Tuong-Rao-CN-352-Euroto-300x300.jpg\" alt=\"\" width=\"300\" height=\"300\" srcset=\"https:\/\/www.thietbidienlama.com\/wp-content\/uploads\/2026\/03\/Den-Trang-Tri-Tuong-Rao-CN-352-Euroto-300x300.jpg 300w, https:\/\/www.thietbidienlama.com\/wp-content\/uploads\/2026\/03\/Den-Trang-Tri-Tuong-Rao-CN-352-Euroto-150x150.jpg 150w, https:\/\/www.thietbidienlama.com\/wp-content\/uploads\/2026\/03\/Den-Trang-Tri-Tuong-Rao-CN-352-Euroto-768x768.jpg 768w, https:\/\/www.thietbidienlama.com\/wp-content\/uploads\/2026\/03\/Den-Trang-Tri-Tuong-Rao-CN-352-Euroto-12x12.jpg 12w, https:\/\/www.thietbidienlama.com\/wp-content\/uploads\/2026\/03\/Den-Trang-Tri-Tuong-Rao-CN-352-Euroto-600x600.jpg 600w, https:\/\/www.thietbidienlama.com\/wp-content\/uploads\/2026\/03\/Den-Trang-Tri-Tuong-Rao-CN-352-Euroto.jpg 850w\" sizes=\"(max-width: 300px) 100vw, 300px\" \/><\/div>\n<h3 role=\"heading\" aria-level=\"3\" data-complete=\"true\" data-processed=\"true\"><span style=\"color: #000000; font-size: 14pt;\">Th\u00f4ng s\u1ed1 k\u1ef9 thu\u1eadt chi ti\u1ebft<\/span><\/h3>\n<div data-sfc-cp=\"\" data-sfc-cb=\"\" data-hveid=\"CAEIBBAA\" data-complete=\"true\" data-processed=\"true\"><span style=\"color: #000000;\">D\u01b0\u1edbi \u0111\u00e2y l\u00e0 th\u00f4ng s\u1ed1 k\u1ef9 thu\u1eadt c\u1ee7a m\u00e3 CN-352 theo d\u1eef li\u1ec7u t\u1eeb Euroto Lighting v\u00e0 c\u00e1c \u0111\u1ea1i l\u00fd ph\u00e2n ph\u1ed1i:<\/span><\/div>\n<ul data-sfc-cb=\"\" data-complete=\"true\" data-processed=\"true\">\n<li data-sfc-cb=\"\" data-hveid=\"CAEIBRAA\" data-complete=\"true\" data-sae=\"\"><span style=\"color: #000000;\">C\u00f4ng su\u1ea5t:\u00a014W (g\u1ed3m 2 \u0111\u1ea7u, m\u1ed7i \u0111\u1ea7u 7 b\u00f3ng LED 1W).<\/span><\/li>\n<li data-sfc-cb=\"\" data-hveid=\"CAEIBRAB\" data-complete=\"true\" data-sae=\"\"><span style=\"color: #000000;\">K\u00edch th\u01b0\u1edbc:\u00a0\u0110\u01b0\u1eddng k\u00ednh \u00d890mm x Chi\u1ec1u cao H260mm (d\u00e0i h\u01a1n \u0111\u00e1ng k\u1ec3 so v\u1edbi m\u00e3 CN-351 cao 160mm).<\/span><\/li>\n<li data-sfc-cb=\"\" data-hveid=\"CAEIBRAC\" data-complete=\"true\" data-sae=\"\"><span style=\"color: #000000;\">\u00c1nh s\u00e1ng:\u00a0M\u00e0u v\u00e0ng \u1ea5m (3000K), t\u1ea1o c\u1ea3m gi\u00e1c d\u1ec5 ch\u1ecbu v\u00e0 cao c\u1ea5p.<\/span><\/li>\n<li data-sfc-cb=\"\" data-hveid=\"CAEIBRAD\" data-complete=\"true\" data-sae=\"\"><span style=\"color: #000000;\">Ch\u1ea5t li\u1ec7u:\u00a0Th\u00e2n h\u1ee3p kim nh\u00f4m s\u01a1n t\u0129nh \u0111i\u1ec7n b\u1ec1n b\u1ec9, chao \u0111\u00e8n mica ch\u1ecbu nhi\u1ec7t.<\/span><\/li>\n<li data-sfc-cb=\"\" data-hveid=\"CAEIBRAE\" data-complete=\"true\" data-sae=\"\"><span style=\"color: #000000;\">Ti\u00eau chu\u1ea9n b\u1ea3o v\u1ec7: IP65 (ch\u1ed1ng n\u01b0\u1edbc m\u01b0a v\u00e0 b\u1ee5i b\u1ea9n ho\u00e0n h\u1ea3o cho l\u1eafp \u0111\u1eb7t ngo\u00e0i tr\u1eddi)<span aria-hidden=\"true\">\u00a0<\/span><\/span><\/li>\n<\/ul>\n<div id=\"attachment_14221\" style=\"width: 510px\" class=\"wp-caption aligncenter\"><img decoding=\"async\" aria-describedby=\"caption-attachment-14221\" class=\"wp-image-14221 size-full\" src=\"http:\/\/thietbidienlama.com\/wp-content\/uploads\/2026\/03\/Den-Trang-Tri-Tuong-Rao-CN-352-Euroto-1.jpg\" alt=\"\u0110\u00e8n Trang Tr\u00ed T\u01b0\u1eddng R\u00e0o CN 352 Euroto\" width=\"500\" height=\"500\" srcset=\"https:\/\/www.thietbidienlama.com\/wp-content\/uploads\/2026\/03\/Den-Trang-Tri-Tuong-Rao-CN-352-Euroto-1.jpg 500w, https:\/\/www.thietbidienlama.com\/wp-content\/uploads\/2026\/03\/Den-Trang-Tri-Tuong-Rao-CN-352-Euroto-1-300x300.jpg 300w, https:\/\/www.thietbidienlama.com\/wp-content\/uploads\/2026\/03\/Den-Trang-Tri-Tuong-Rao-CN-352-Euroto-1-150x150.jpg 150w, https:\/\/www.thietbidienlama.com\/wp-content\/uploads\/2026\/03\/Den-Trang-Tri-Tuong-Rao-CN-352-Euroto-1-12x12.jpg 12w\" sizes=\"(max-width: 500px) 100vw, 500px\" \/><p id=\"caption-attachment-14221\" class=\"wp-caption-text\">\u0110\u00e8n Trang Tr\u00ed T\u01b0\u1eddng R\u00e0o CN 352 Euroto<\/p><\/div>\n<h3 role=\"heading\" aria-level=\"3\" data-complete=\"true\" data-processed=\"true\"><span style=\"color: #000000; font-size: 14pt;\">S\u1ef1 kh\u00e1c bi\u1ec7t gi\u1eefa \u0111\u00e8n trang tr\u00ed t\u01b0\u1eddng r\u00e0o CN-351 v\u00e0 CN-352<\/span><\/h3>\n<ul data-sfc-cb=\"\" data-complete=\"true\" data-processed=\"true\">\n<li data-sfc-cb=\"\" data-hveid=\"CAEIBxAA\" data-complete=\"true\" data-sae=\"\"><span style=\"color: #000000;\">Ki\u1ec3u h\u1eaft s\u00e1ng:\u00a0CN-351 ch\u1ec9 h\u1eaft 1 \u0111\u1ea7u, trong khi CN-352 h\u1eaft s\u00e1ng \u0111\u1ed3ng th\u1eddi c\u1ea3 2 \u0111\u1ea7u.<\/span><\/li>\n<li data-sfc-cb=\"\" data-hveid=\"CAEIBxAB\" data-complete=\"true\" data-sae=\"\"><span style=\"color: #000000;\">\u0110\u1ed9 ph\u1ee7 s\u00e1ng:\u00a0Do h\u1eaft 2 \u0111\u1ea7u, CN-352 ph\u00f9 h\u1ee3p cho c\u00e1c m\u1ea3ng t\u01b0\u1eddng cao ho\u1eb7c v\u1ecb tr\u00ed c\u1ea7n \u0111i\u1ec3m nh\u1ea5n m\u1ea1nh m\u1ebd c\u1ea3 ph\u00eda tr\u00ean v\u00e0 ph\u00eda d\u01b0\u1edbi.<\/span><\/li>\n<\/ul>\n<p class=\"Y3BBE\" data-hveid=\"CAEICBAA\" data-complete=\"true\" data-processed=\"true\"><span style=\"font-size: 12pt; color: #000000;\"><strong>LI\u00caN H\u1ec6 : Hotline: 0935 228 204 ( Ms Lam )<\/strong><\/span><\/p>\n<p><span style=\"font-size: 12pt; color: #000000;\"><strong>Facebook:\u00a0<span style=\"color: #ff6600;\"><a style=\"color: #ff6600;\" href=\"https:\/\/www.facebook.com\/thietbidienlama\" target=\"_blank\" rel=\"noopener\">THI\u1ebeT\u00a0B\u1eca \u0110I\u1ec6N LAMA<\/a><\/span><\/strong><\/span><\/p>\n<p><span style=\"font-size: 12pt; color: #000000;\"><strong>Tiktok:\u00a0<span style=\"color: #ff6600;\"><a style=\"color: #ff6600;\" href=\"https:\/\/www.tiktok.com\/@thietbidienlama\" target=\"_blank\" rel=\"noopener\">THI\u1ebeT\u00a0B\u1eca \u0110I\u1ec6N LAMA<\/a><\/span><\/strong><\/span><\/p>\n<p><span style=\"font-size: 12pt; color: #000000;\"><strong>Youtube: <span style=\"color: #ff6600;\"><a style=\"color: #ff6600;\" href=\"https:\/\/www.youtube.com\/@thietbidienlama\" target=\"_blank\" rel=\"noopener\">THI\u1ebeT\u00a0B\u1eca \u0110I\u1ec6N LAMA<\/a><\/span><\/strong><\/span><\/p>","protected":false},"excerpt":{"rendered":"<p>\u0110\u00e8n Trang Tr\u00ed T\u01b0\u1eddng R\u00e0o CN-352 Euroto \u0110\u00e8n trang tr\u00ed t\u01b0\u1eddng r\u00e0o Euroto CN-352\u00a0l\u00e0 phi\u00ean b\u1ea3n n\u00e2ng c\u1ea5p h\u1eaft s\u00e1ng<\/p>","protected":false},"featured_media":13994,"comment_status":"closed","ping_status":"closed","template":"","meta":[],"product_brand":[],"product_cat":[505,847,848,845],"product_tag":[974],"class_list":{"0":"post-13993","1":"product","2":"type-product","3":"status-publish","4":"has-post-thumbnail","6":"product_cat-den-trang-tri","7":"product_cat-den-trang-tri-ngoai-troi","8":"product_cat-den-tuong-euroto","9":"product_cat-den-tuong-trang-tri","10":"product_tag-den-trang-tri-tuong-rao","12":"first","13":"instock","14":"sale","15":"shipping-taxable","16":"purchasable","17":"product-type-simple"},"_links":{"self":[{"href":"https:\/\/www.thietbidienlama.com\/en\/wp-json\/wp\/v2\/product\/13993","targetHints":{"allow":["GET"]}}],"collection":[{"href":"https:\/\/www.thietbidienlama.com\/en\/wp-json\/wp\/v2\/product"}],"about":[{"href":"https:\/\/www.thietbidienlama.com\/en\/wp-json\/wp\/v2\/types\/product"}],"replies":[{"embeddable":true,"href":"https:\/\/www.thietbidienlama.com\/en\/wp-json\/wp\/v2\/comments?post=13993"}],"version-history":[{"count":4,"href":"https:\/\/www.thietbidienlama.com\/en\/wp-json\/wp\/v2\/product\/13993\/revisions"}],"predecessor-version":[{"id":14222,"href":"https:\/\/www.thietbidienlama.com\/en\/wp-json\/wp\/v2\/product\/13993\/revisions\/14222"}],"wp:featuredmedia":[{"embeddable":true,"href":"https:\/\/www.thietbidienlama.com\/en\/wp-json\/wp\/v2\/media\/13994"}],"wp:attachment":[{"href":"https:\/\/www.thietbidienlama.com\/en\/wp-json\/wp\/v2\/media?parent=13993"}],"wp:term":[{"taxonomy":"product_brand","embeddable":true,"href":"https:\/\/www.thietbidienlama.com\/en\/wp-json\/wp\/v2\/product_brand?post=13993"},{"taxonomy":"product_cat","embeddable":true,"href":"https:\/\/www.thietbidienlama.com\/en\/wp-json\/wp\/v2\/product_cat?post=13993"},{"taxonomy":"product_tag","embeddable":true,"href":"https:\/\/www.thietbidienlama.com\/en\/wp-json\/wp\/v2\/product_tag?post=13993"}],"curies":[{"name":"wp","href":"https:\/\/api.w.org\/{rel}","templated":true}]}}