{"id":13990,"date":"2026-03-11T10:51:38","date_gmt":"2026-03-11T03:51:38","guid":{"rendered":"https:\/\/thietbidienlama.com\/?post_type=product&#038;p=13990"},"modified":"2026-04-02T13:27:28","modified_gmt":"2026-04-02T06:27:28","slug":"den-gan-tuong-trang-tri-cn-351-euroto","status":"publish","type":"product","link":"https:\/\/www.thietbidienlama.com\/en\/den-gan-tuong-trang-tri-cn-351-euroto\/","title":{"rendered":"\u0110\u00e8n G\u1eafn T\u01b0\u1eddng Trang Tr\u00ed CN-351 Euroto"},"content":{"rendered":"<h2 style=\"text-align: center;\"><span style=\"color: #000000;\">\u0110\u00e8n G\u1eafn T\u01b0\u1eddng Trang Tr\u00ed CN-351 Euroto<\/span><\/h2>\n<div data-sfc-cp=\"\" data-sfc-cb=\"\" data-hveid=\"CAIQAA\" data-complete=\"true\" data-processed=\"true\"><span style=\"color: #000000;\"><strong><span style=\"color: #ff6600;\"><a style=\"color: #ff6600;\" href=\"https:\/\/thietbidienlama.com\/den-gan-tuong-trang-tri-cn-351-euroto\/\">\u0110\u00e8n g\u1eafn t\u01b0\u1eddng trang tr\u00ed<\/a><\/span><\/strong> Euroto CN-351\u00a0l\u00e0 d\u00f2ng \u0111\u00e8n LED g\u1eafn t\u01b0\u1eddng hi\u1ec7n \u0111\u1ea1i, \u0111\u01b0\u1ee3c thi\u1ebft k\u1ebf chuy\u00ean d\u1ee5ng \u0111\u1ec3 h\u1eaft s\u00e1ng trang tr\u00ed cho c\u1ea3 kh\u00f4ng gian n\u1ed9i th\u1ea5t v\u00e0 ngo\u1ea1i th\u1ea5t. V\u1edbi ch\u1ec9 s\u1ed1 b\u1ea3o v\u1ec7\u00a0IP65, s\u1ea3n ph\u1ea9m c\u00f3 kh\u1ea3 n\u0103ng ch\u1ed1ng th\u1ea5m n\u01b0\u1edbc v\u00e0 b\u1ee5i b\u1ea9n, ph\u00f9 h\u1ee3p l\u1eafp \u0111\u1eb7t t\u1ea1i c\u00e1c khu v\u1ef1c nh\u01b0 h\u00e0nh lang, s\u00e2n v\u01b0\u1eddn ho\u1eb7c m\u1eb7t ti\u1ec1n t\u00f2a nh\u00e0.<\/span><\/div>\n<div data-sfc-cp=\"\" data-sfc-cb=\"\" data-complete=\"true\" data-processed=\"true\"><img fetchpriority=\"high\" decoding=\"async\" class=\"alignnone size-medium wp-image-13991 aligncenter\" src=\"http:\/\/thietbidienlama.com\/wp-content\/uploads\/2026\/03\/Den-Gan-Tuong-Trang-Tri-CN-351-Euroto-300x300.jpg\" alt=\"\" width=\"300\" height=\"300\" srcset=\"https:\/\/www.thietbidienlama.com\/wp-content\/uploads\/2026\/03\/Den-Gan-Tuong-Trang-Tri-CN-351-Euroto-300x300.jpg 300w, https:\/\/www.thietbidienlama.com\/wp-content\/uploads\/2026\/03\/Den-Gan-Tuong-Trang-Tri-CN-351-Euroto-150x150.jpg 150w, https:\/\/www.thietbidienlama.com\/wp-content\/uploads\/2026\/03\/Den-Gan-Tuong-Trang-Tri-CN-351-Euroto-768x768.jpg 768w, https:\/\/www.thietbidienlama.com\/wp-content\/uploads\/2026\/03\/Den-Gan-Tuong-Trang-Tri-CN-351-Euroto-12x12.jpg 12w, https:\/\/www.thietbidienlama.com\/wp-content\/uploads\/2026\/03\/Den-Gan-Tuong-Trang-Tri-CN-351-Euroto-600x600.jpg 600w, https:\/\/www.thietbidienlama.com\/wp-content\/uploads\/2026\/03\/Den-Gan-Tuong-Trang-Tri-CN-351-Euroto.jpg 850w\" sizes=\"(max-width: 300px) 100vw, 300px\" \/><\/div>\n<h3 role=\"heading\" aria-level=\"3\" data-complete=\"true\" data-processed=\"true\"><span style=\"color: #000000; font-size: 14pt;\">Th\u00f4ng s\u1ed1 k\u1ef9 thu\u1eadt chi ti\u1ebft<\/span><\/h3>\n<div data-sfc-cp=\"\" data-sfc-cb=\"\" data-hveid=\"CAQQAA\" data-complete=\"true\" data-processed=\"true\"><span style=\"color: #000000;\">Theo th\u00f4ng tin t\u1eeb nh\u00e0 s\u1ea3n xu\u1ea5t v\u00e0 c\u00e1c \u0111\u01a1n v\u1ecb ph\u00e2n ph\u1ed1i nh\u01b0\u00a0Euroto Lighting\u00a0v\u00e0\u00a0Thi\u1ebft b\u1ecb \u0111i\u1ec7n DGP, th\u00f4ng s\u1ed1 c\u1ee7a m\u00e3 CN-351 nh\u01b0 sau:<\/span><\/div>\n<ul data-sfc-cb=\"\" data-complete=\"true\" data-processed=\"true\">\n<li data-sfc-cb=\"\" data-hveid=\"CAUQAA\" data-complete=\"true\" data-sae=\"\"><span style=\"color: #000000;\">C\u00f4ng su\u1ea5t:\u00a07W (bao g\u1ed3m 7 b\u00f3ng LED 1W).<\/span><\/li>\n<li data-sfc-cb=\"\" data-hveid=\"CAUQAQ\" data-complete=\"true\" data-sae=\"\"><span style=\"color: #000000;\">K\u00edch th\u01b0\u1edbc:\u00a0\u0110\u01b0\u1eddng k\u00ednh \u00d890mm x Chi\u1ec1u cao H160mm.<\/span><\/li>\n<li data-sfc-cb=\"\" data-hveid=\"CAUQAg\" data-complete=\"true\" data-sae=\"\"><span style=\"color: #000000;\">\u00c1nh s\u00e1ng:\u00a0M\u00e0u v\u00e0ng \u1ea5m (nhi\u1ec7t \u0111\u1ed9 m\u00e0u 3000K).<\/span><\/li>\n<li data-sfc-cb=\"\" data-hveid=\"CAUQAw\" data-complete=\"true\" data-sae=\"\"><span style=\"color: #000000;\">Ti\u00eau chu\u1ea9n b\u1ea3o v\u1ec7:\u00a0IP65 (ch\u1ed1ng n\u01b0\u1edbc, s\u1eed d\u1ee5ng \u0111\u01b0\u1ee3c ngo\u00e0i tr\u1eddi).<\/span><\/li>\n<li data-sfc-cb=\"\" data-hveid=\"CAUQBA\" data-complete=\"true\" data-sae=\"\"><span style=\"color: #000000;\">Th\u01b0\u01a1ng hi\u1ec7u:\u00a0Euroto Lighting.<\/span><\/li>\n<\/ul>\n<div data-sfc-cp=\"\" data-sfc-cb=\"\" data-complete=\"true\" data-processed=\"true\">\n<div id=\"attachment_14223\" style=\"width: 510px\" class=\"wp-caption aligncenter\"><img decoding=\"async\" aria-describedby=\"caption-attachment-14223\" class=\"wp-image-14223 size-full\" src=\"http:\/\/thietbidienlama.com\/wp-content\/uploads\/2026\/03\/Den-Gan-Tuong-Trang-Tri-CN-351-Euroto-1.jpg\" alt=\"\u0110\u00e8n G\u1eafn T\u01b0\u1eddng Trang Tr\u00ed CN 351 Euroto\" width=\"500\" height=\"500\" srcset=\"https:\/\/www.thietbidienlama.com\/wp-content\/uploads\/2026\/03\/Den-Gan-Tuong-Trang-Tri-CN-351-Euroto-1.jpg 500w, https:\/\/www.thietbidienlama.com\/wp-content\/uploads\/2026\/03\/Den-Gan-Tuong-Trang-Tri-CN-351-Euroto-1-300x300.jpg 300w, https:\/\/www.thietbidienlama.com\/wp-content\/uploads\/2026\/03\/Den-Gan-Tuong-Trang-Tri-CN-351-Euroto-1-150x150.jpg 150w, https:\/\/www.thietbidienlama.com\/wp-content\/uploads\/2026\/03\/Den-Gan-Tuong-Trang-Tri-CN-351-Euroto-1-12x12.jpg 12w\" sizes=\"(max-width: 500px) 100vw, 500px\" \/><p id=\"caption-attachment-14223\" class=\"wp-caption-text\">\u0110\u00e8n G\u1eafn T\u01b0\u1eddng Trang Tr\u00ed CN 351 Euroto<\/p><\/div>\n<\/div>\n<h3 role=\"heading\" aria-level=\"3\" data-processed=\"true\" data-complete=\"true\"><span style=\"color: #000000; font-size: 14pt;\">\u0110\u1eb7c \u0111i\u1ec3m n\u1ed5i b\u1eadt v\u00e0 \u1ee8ng d\u1ee5ng<\/span><\/h3>\n<ul data-sfc-cb=\"\" data-complete=\"true\" data-processed=\"true\">\n<li data-sfc-cb=\"\" data-hveid=\"CAcQAA\" data-complete=\"true\" data-sae=\"\"><span style=\"color: #000000;\">Thi\u1ebft k\u1ebf hi\u1ec7n \u0111\u1ea1i:\u00a0\u0110\u00e8n c\u00f3 d\u1ea1ng h\u00ecnh tr\u1ee5 g\u1ecdn g\u00e0ng, t\u1ea1o hi\u1ec7u \u1ee9ng h\u1eaft s\u00e1ng trang tr\u00ed gi\u00fap kh\u00f4ng gian tr\u1edf n\u00ean sang tr\u1ecdng v\u00e0 \u1ea5n t\u01b0\u1ee3ng h\u01a1n.<\/span><\/li>\n<li data-sfc-cb=\"\" data-hveid=\"CAcQAQ\" data-complete=\"true\" data-sae=\"\"><span style=\"color: #000000;\">Ti\u1ebft ki\u1ec7m \u0111i\u1ec7n:\u00a0S\u1eed d\u1ee5ng c\u00f4ng ngh\u1ec7 LED gi\u00fap t\u1ed1i \u01b0u h\u00f3a n\u0103ng l\u01b0\u1ee3ng so v\u1edbi c\u00e1c d\u00f2ng \u0111\u00e8n truy\u1ec1n th\u1ed1ng.<\/span><\/li>\n<li data-sfc-cb=\"\" data-hveid=\"CAcQAg\" data-complete=\"true\" data-sae=\"\"><span style=\"color: #000000;\" data-sfc-cp=\"\" data-sfc-cb=\"\" data-complete=\"true\" aria-owns=\"action-menu-parent-container\">\u0110\u1ed9 b\u1ec1n cao:\u00a0V\u1ecf \u0111\u00e8n th\u01b0\u1eddng \u0111\u01b0\u1ee3c l\u00e0m t\u1eeb v\u1eadt li\u1ec7u b\u1ec1n b\u1ec9, ch\u1ecbu \u0111\u01b0\u1ee3c t\u00e1c \u0111\u1ed9ng c\u1ee7a th\u1eddi ti\u1ebft kh\u1eafc nghi\u1ec7t khi l\u1eafp \u0111\u1eb7t ngo\u00e0i tr\u1eddi.<\/span><\/li>\n<\/ul>\n<p class=\"Y3BBE\" data-hveid=\"CAEICBAA\" data-complete=\"true\" data-processed=\"true\"><span style=\"font-size: 12pt; color: #000000;\"><strong>LI\u00caN H\u1ec6 : Hotline: 0935 228 204 ( Ms Lam )<\/strong><\/span><\/p>\n<p><span style=\"font-size: 12pt; color: #000000;\"><strong>Facebook:\u00a0<span style=\"color: #ff6600;\"><a style=\"color: #ff6600;\" href=\"https:\/\/www.facebook.com\/thietbidienlama\" target=\"_blank\" rel=\"noopener\">THI\u1ebeT\u00a0B\u1eca \u0110I\u1ec6N LAMA<\/a><\/span><\/strong><\/span><\/p>\n<p><span style=\"font-size: 12pt; color: #000000;\"><strong>Tiktok:\u00a0<span style=\"color: #ff6600;\"><a style=\"color: #ff6600;\" href=\"https:\/\/www.tiktok.com\/@thietbidienlama\" target=\"_blank\" rel=\"noopener\">THI\u1ebeT\u00a0B\u1eca \u0110I\u1ec6N LAMA<\/a><\/span><\/strong><\/span><\/p>\n<p><span style=\"font-size: 12pt; color: #000000;\"><strong>Youtube: <span style=\"color: #ff6600;\"><a style=\"color: #ff6600;\" href=\"https:\/\/www.youtube.com\/@thietbidienlama\" target=\"_blank\" rel=\"noopener\">THI\u1ebeT\u00a0B\u1eca \u0110I\u1ec6N LAMA<\/a><\/span><\/strong><\/span><\/p>","protected":false},"excerpt":{"rendered":"<p>\u0110\u00e8n G\u1eafn T\u01b0\u1eddng Trang Tr\u00ed CN-351 Euroto \u0110\u00e8n g\u1eafn t\u01b0\u1eddng trang tr\u00ed Euroto CN-351\u00a0l\u00e0 d\u00f2ng \u0111\u00e8n LED g\u1eafn t\u01b0\u1eddng hi\u1ec7n<\/p>","protected":false},"featured_media":13991,"comment_status":"closed","ping_status":"closed","template":"","meta":[],"product_brand":[],"product_cat":[505,847,848,845],"product_tag":[902],"class_list":{"0":"post-13990","1":"product","2":"type-product","3":"status-publish","4":"has-post-thumbnail","6":"product_cat-den-trang-tri","7":"product_cat-den-trang-tri-ngoai-troi","8":"product_cat-den-tuong-euroto","9":"product_cat-den-tuong-trang-tri","10":"product_tag-den-gan-tuong-trang-tri","12":"first","13":"instock","14":"sale","15":"shipping-taxable","16":"purchasable","17":"product-type-simple"},"_links":{"self":[{"href":"https:\/\/www.thietbidienlama.com\/en\/wp-json\/wp\/v2\/product\/13990","targetHints":{"allow":["GET"]}}],"collection":[{"href":"https:\/\/www.thietbidienlama.com\/en\/wp-json\/wp\/v2\/product"}],"about":[{"href":"https:\/\/www.thietbidienlama.com\/en\/wp-json\/wp\/v2\/types\/product"}],"replies":[{"embeddable":true,"href":"https:\/\/www.thietbidienlama.com\/en\/wp-json\/wp\/v2\/comments?post=13990"}],"version-history":[{"count":3,"href":"https:\/\/www.thietbidienlama.com\/en\/wp-json\/wp\/v2\/product\/13990\/revisions"}],"predecessor-version":[{"id":14225,"href":"https:\/\/www.thietbidienlama.com\/en\/wp-json\/wp\/v2\/product\/13990\/revisions\/14225"}],"wp:featuredmedia":[{"embeddable":true,"href":"https:\/\/www.thietbidienlama.com\/en\/wp-json\/wp\/v2\/media\/13991"}],"wp:attachment":[{"href":"https:\/\/www.thietbidienlama.com\/en\/wp-json\/wp\/v2\/media?parent=13990"}],"wp:term":[{"taxonomy":"product_brand","embeddable":true,"href":"https:\/\/www.thietbidienlama.com\/en\/wp-json\/wp\/v2\/product_brand?post=13990"},{"taxonomy":"product_cat","embeddable":true,"href":"https:\/\/www.thietbidienlama.com\/en\/wp-json\/wp\/v2\/product_cat?post=13990"},{"taxonomy":"product_tag","embeddable":true,"href":"https:\/\/www.thietbidienlama.com\/en\/wp-json\/wp\/v2\/product_tag?post=13990"}],"curies":[{"name":"wp","href":"https:\/\/api.w.org\/{rel}","templated":true}]}}