{"id":13968,"date":"2026-03-01T09:41:34","date_gmt":"2026-03-01T02:41:34","guid":{"rendered":"https:\/\/thietbidienlama.com\/?post_type=product&#038;p=13968"},"modified":"2026-04-02T13:34:10","modified_gmt":"2026-04-02T06:34:10","slug":"den-trang-tri-treo-tuong-cn-334-euroto","status":"publish","type":"product","link":"https:\/\/www.thietbidienlama.com\/en\/den-trang-tri-treo-tuong-cn-334-euroto\/","title":{"rendered":"\u0110\u00e8n Trang Tr\u00ed Treo T\u01b0\u1eddng CN-334 Euroto"},"content":{"rendered":"<h2 style=\"text-align: center;\"><span style=\"font-size: 18pt; color: #000000;\">\u0110\u00e8n Trang Tr\u00ed Treo T\u01b0\u1eddng CN-334 Euroto<\/span><\/h2>\n<div data-sfc-cp=\"\" data-hveid=\"CAEIAhAA\" data-complete=\"true\" data-processed=\"true\"><span style=\"font-size: 12pt; color: #000000;\"><strong><span style=\"color: #ff6600;\"><a style=\"color: #ff6600;\" href=\"https:\/\/thietbidienlama.com\/den-tuong-trang-tri\/\">\u0110\u00e8n trang tr\u00ed treo t\u01b0\u1eddng<\/a><\/span><\/strong> CN-334\u00a0c\u1ee7a th\u01b0\u01a1ng hi\u1ec7u Euroto\u00a0l\u00e0 m\u1eabu \u0111\u00e8n h\u1eaft t\u01b0\u1eddng LED hi\u1ec7n \u0111\u1ea1i, \u0111\u01b0\u1ee3c thi\u1ebft k\u1ebf chuy\u00ean d\u1ee5ng cho c\u1ea3 kh\u00f4ng gian n\u1ed9i th\u1ea5t v\u00e0 ngo\u1ea1i th\u1ea5t nh\u1edd ch\u1ec9 s\u1ed1 b\u1ea3o v\u1ec7 ch\u1ed1ng b\u1ee5i v\u00e0 n\u01b0\u1edbc\u00a0IP54. S\u1ea3n ph\u1ea9m n\u1ed5i b\u1eadt v\u1edbi kh\u1ea3 n\u0103ng chi\u1ebfu s\u00e1ng hai \u0111\u1ea7u (l\u00ean v\u00e0 xu\u1ed1ng) t\u1ea1o hi\u1ec7u \u1ee9ng th\u1ea9m m\u1ef9 cao cho c\u00e1c khu v\u1ef1c nh\u01b0 m\u1eb7t ti\u1ec1n, c\u1ed9t nh\u00e0, c\u1ea7u thang ho\u1eb7c b\u1edd r\u00e0o.<\/span><\/div>\n<div data-sfc-cp=\"\" data-complete=\"true\" data-processed=\"true\"><img fetchpriority=\"high\" decoding=\"async\" class=\"aligncenter wp-image-13969 size-full\" src=\"http:\/\/thietbidienlama.com\/wp-content\/uploads\/2026\/03\/Den-Trang-Tri-Treo-Tuong-CN-334-Euroto.jpg\" alt=\"\" width=\"500\" height=\"500\" srcset=\"https:\/\/www.thietbidienlama.com\/wp-content\/uploads\/2026\/03\/Den-Trang-Tri-Treo-Tuong-CN-334-Euroto.jpg 500w, https:\/\/www.thietbidienlama.com\/wp-content\/uploads\/2026\/03\/Den-Trang-Tri-Treo-Tuong-CN-334-Euroto-300x300.jpg 300w, https:\/\/www.thietbidienlama.com\/wp-content\/uploads\/2026\/03\/Den-Trang-Tri-Treo-Tuong-CN-334-Euroto-150x150.jpg 150w, https:\/\/www.thietbidienlama.com\/wp-content\/uploads\/2026\/03\/Den-Trang-Tri-Treo-Tuong-CN-334-Euroto-12x12.jpg 12w\" sizes=\"(max-width: 500px) 100vw, 500px\" \/><\/div>\n<h3 role=\"heading\" aria-level=\"3\" data-complete=\"true\" data-processed=\"true\"><span style=\"font-size: 14pt; color: #000000;\">Th\u00f4ng s\u1ed1 k\u1ef9 thu\u1eadt chi ti\u1ebft<\/span><\/h3>\n<div data-sfc-cp=\"\" data-hveid=\"CAEIBBAA\" data-complete=\"true\" data-processed=\"true\"><span style=\"font-size: 12pt; color: #000000;\">D\u01b0\u1edbi \u0111\u00e2y l\u00e0 c\u00e1c th\u00f4ng s\u1ed1 k\u1ef9 thu\u1eadt ch\u00ednh \u0111\u01b0\u1ee3c cung c\u1ea5p b\u1edfi c\u00e1c nh\u00e0 ph\u00e2n ph\u1ed1i nh\u01b0\u00a0Hoanggia Lighting\u00a0v\u00e0\u00a0Th\u1ebf Gi\u1edbi \u0110\u00e8n Trang Tr\u00ed:<\/span><\/div>\n<ul data-complete=\"true\" data-processed=\"true\">\n<li data-hveid=\"CAEIBRAA\" data-complete=\"true\" data-sae=\"\"><span style=\"font-size: 12pt; color: #000000;\">C\u00f4ng su\u1ea5t:\u00a012W (g\u1ed3m 2 b\u00f3ng LED 6W).<\/span><\/li>\n<li data-hveid=\"CAEIBRAB\" data-complete=\"true\" data-sae=\"\"><span style=\"font-size: 12pt; color: #000000;\">\u00c1nh s\u00e1ng:\u00a0V\u00e0ng \u1ea5m (nhi\u1ec7t \u0111\u1ed9 m\u00e0u 3000K).<\/span><\/li>\n<li data-hveid=\"CAEIBRAC\" data-complete=\"true\" data-sae=\"\"><span style=\"font-size: 12pt; color: #000000;\">K\u00edch th\u01b0\u1edbc:\u00a065 x 65 x D80 x H192 mm.<\/span><\/li>\n<li data-hveid=\"CAEIBRAD\" data-complete=\"true\" data-sae=\"\"><span style=\"font-size: 12pt; color: #000000;\">Ch\u1ea5t li\u1ec7u:\u00a0Th\u00e2n \u0111\u00e8n b\u1eb1ng kim lo\u1ea1i s\u01a1n t\u0129nh \u0111i\u1ec7n, b\u1ec1n b\u1ec9 v\u1edbi th\u1eddi ti\u1ebft kh\u1eafc nghi\u1ec7t.<\/span><\/li>\n<li data-hveid=\"CAEIBRAE\" data-complete=\"true\" data-sae=\"\"><span style=\"font-size: 12pt; color: #000000;\">C\u1ea5p b\u1ea3o v\u1ec7:\u00a0IP54 (ch\u1ed1ng b\u1ee5i v\u00e0 tia n\u01b0\u1edbc), ph\u00f9 h\u1ee3p l\u1eafp \u0111\u1eb7t ngo\u00e0i tr\u1eddi.<\/span><\/li>\n<li data-hveid=\"CAEIBRAF\" data-complete=\"true\" data-sae=\"\"><span style=\"font-size: 12pt; color: #000000;\" data-sfc-cp=\"\" data-complete=\"true\" aria-owns=\"action-menu-parent-container\">B\u1ea3o h\u00e0nh:\u00a0Ch\u00ednh h\u00e3ng 24 th\u00e1ng.<\/span><\/li>\n<\/ul>\n<div id=\"attachment_14227\" style=\"width: 510px\" class=\"wp-caption aligncenter\"><img decoding=\"async\" aria-describedby=\"caption-attachment-14227\" class=\"wp-image-14227 size-full\" src=\"http:\/\/thietbidienlama.com\/wp-content\/uploads\/2026\/03\/Den-Trang-Tri-Treo-Tuong-CN-334-Euroto-1.jpg\" alt=\"\u0110\u00e8n Trang Tr\u00ed Treo T\u01b0\u1eddng CN 334 Euroto\" width=\"500\" height=\"500\" srcset=\"https:\/\/www.thietbidienlama.com\/wp-content\/uploads\/2026\/03\/Den-Trang-Tri-Treo-Tuong-CN-334-Euroto-1.jpg 500w, https:\/\/www.thietbidienlama.com\/wp-content\/uploads\/2026\/03\/Den-Trang-Tri-Treo-Tuong-CN-334-Euroto-1-300x300.jpg 300w, https:\/\/www.thietbidienlama.com\/wp-content\/uploads\/2026\/03\/Den-Trang-Tri-Treo-Tuong-CN-334-Euroto-1-150x150.jpg 150w, https:\/\/www.thietbidienlama.com\/wp-content\/uploads\/2026\/03\/Den-Trang-Tri-Treo-Tuong-CN-334-Euroto-1-12x12.jpg 12w\" sizes=\"(max-width: 500px) 100vw, 500px\" \/><p id=\"caption-attachment-14227\" class=\"wp-caption-text\">\u0110\u00e8n Trang Tr\u00ed Treo T\u01b0\u1eddng CN 334 Euroto<\/p><\/div>\n<p class=\"Y3BBE\" data-hveid=\"CAEICBAA\" data-complete=\"true\" data-processed=\"true\"><span style=\"font-size: 12pt; color: #000000;\"><strong>LI\u00caN H\u1ec6 : Hotline: 0935 228 204 ( Ms Lam )<\/strong><\/span><\/p>\n<p><span style=\"font-size: 12pt; color: #000000;\"><strong>Facebook:\u00a0<span style=\"color: #ff6600;\"><a style=\"color: #ff6600;\" href=\"https:\/\/www.facebook.com\/thietbidienlama\" target=\"_blank\" rel=\"noopener\">THI\u1ebeT\u00a0B\u1eca \u0110I\u1ec6N LAMA<\/a><\/span><\/strong><\/span><\/p>\n<p><span style=\"font-size: 12pt; color: #000000;\"><strong>Tiktok:\u00a0<span style=\"color: #ff6600;\"><a style=\"color: #ff6600;\" href=\"https:\/\/www.tiktok.com\/@thietbidienlama\" target=\"_blank\" rel=\"noopener\">THI\u1ebeT\u00a0B\u1eca \u0110I\u1ec6N LAMA<\/a><\/span><\/strong><\/span><\/p>\n<p><span style=\"font-size: 12pt; color: #000000;\"><strong>Youtube: <span style=\"color: #ff6600;\"><a style=\"color: #ff6600;\" href=\"https:\/\/www.youtube.com\/@thietbidienlama\" target=\"_blank\" rel=\"noopener\">THI\u1ebeT\u00a0B\u1eca \u0110I\u1ec6N LAMA<\/a><\/span><\/strong><\/span><\/p>","protected":false},"excerpt":{"rendered":"<p>\u0110\u00e8n Trang Tr\u00ed Treo T\u01b0\u1eddng CN-334 Euroto \u0110\u00e8n trang tr\u00ed treo t\u01b0\u1eddng CN-334\u00a0c\u1ee7a th\u01b0\u01a1ng hi\u1ec7u Euroto\u00a0l\u00e0 m\u1eabu \u0111\u00e8n h\u1eaft t\u01b0\u1eddng<\/p>","protected":false},"featured_media":13969,"comment_status":"closed","ping_status":"closed","template":"","meta":[],"product_brand":[],"product_cat":[505,848,845],"product_tag":[789],"class_list":{"0":"post-13968","1":"product","2":"type-product","3":"status-publish","4":"has-post-thumbnail","6":"product_cat-den-trang-tri","7":"product_cat-den-tuong-euroto","8":"product_cat-den-tuong-trang-tri","9":"product_tag-den-trang-tri-treo-tuong","11":"first","12":"instock","13":"sale","14":"shipping-taxable","15":"purchasable","16":"product-type-simple"},"_links":{"self":[{"href":"https:\/\/www.thietbidienlama.com\/en\/wp-json\/wp\/v2\/product\/13968","targetHints":{"allow":["GET"]}}],"collection":[{"href":"https:\/\/www.thietbidienlama.com\/en\/wp-json\/wp\/v2\/product"}],"about":[{"href":"https:\/\/www.thietbidienlama.com\/en\/wp-json\/wp\/v2\/types\/product"}],"replies":[{"embeddable":true,"href":"https:\/\/www.thietbidienlama.com\/en\/wp-json\/wp\/v2\/comments?post=13968"}],"version-history":[{"count":4,"href":"https:\/\/www.thietbidienlama.com\/en\/wp-json\/wp\/v2\/product\/13968\/revisions"}],"predecessor-version":[{"id":14228,"href":"https:\/\/www.thietbidienlama.com\/en\/wp-json\/wp\/v2\/product\/13968\/revisions\/14228"}],"wp:featuredmedia":[{"embeddable":true,"href":"https:\/\/www.thietbidienlama.com\/en\/wp-json\/wp\/v2\/media\/13969"}],"wp:attachment":[{"href":"https:\/\/www.thietbidienlama.com\/en\/wp-json\/wp\/v2\/media?parent=13968"}],"wp:term":[{"taxonomy":"product_brand","embeddable":true,"href":"https:\/\/www.thietbidienlama.com\/en\/wp-json\/wp\/v2\/product_brand?post=13968"},{"taxonomy":"product_cat","embeddable":true,"href":"https:\/\/www.thietbidienlama.com\/en\/wp-json\/wp\/v2\/product_cat?post=13968"},{"taxonomy":"product_tag","embeddable":true,"href":"https:\/\/www.thietbidienlama.com\/en\/wp-json\/wp\/v2\/product_tag?post=13968"}],"curies":[{"name":"wp","href":"https:\/\/api.w.org\/{rel}","templated":true}]}}