{"id":13951,"date":"2026-02-23T15:18:13","date_gmt":"2026-02-23T08:18:13","guid":{"rendered":"https:\/\/thietbidienlama.com\/?post_type=product&#038;p=13951"},"modified":"2026-02-23T15:18:13","modified_gmt":"2026-02-23T08:18:13","slug":"den-tuong-phong-khach-cn-333-euroto","status":"publish","type":"product","link":"https:\/\/www.thietbidienlama.com\/en\/den-tuong-phong-khach-cn-333-euroto\/","title":{"rendered":"\u0110\u00e8n T\u01b0\u1eddng Ph\u00f2ng Kh\u00e1ch CN-333 Euroto"},"content":{"rendered":"<h2 style=\"text-align: center;\" data-hveid=\"CAEIAhAA\" data-complete=\"true\" data-processed=\"true\"><span style=\"font-size: 18pt; color: #000000;\">\u0110\u00e8n T\u01b0\u1eddng Ph\u00f2ng Kh\u00e1ch CN-333 Euroto<\/span><\/h2>\n<div class=\"Y3BBE\" data-sfc-cp=\"\" data-hveid=\"CAEIAhAA\" data-complete=\"true\" data-processed=\"true\"><span style=\"font-size: 12pt; color: #000000;\"><strong><span style=\"color: #ff6600;\"><a style=\"color: #ff6600;\" href=\"https:\/\/thietbidienlama.com\/den-tuong-phong-khach-cn-333-euroto\/\">\u0110\u00e8n t\u01b0\u1eddng ph\u00f2ng kh\u00e1ch<\/a><\/span><\/strong> <strong class=\"Yjhzub\" data-complete=\"true\" data-processed=\"true\">Euroto CN-333<\/strong>\u00a0l\u00e0 m\u1eabu \u0111\u00e8n h\u1eaft t\u01b0\u1eddng hi\u1ec7n \u0111\u1ea1i v\u1edbi thi\u1ebft k\u1ebf h\u00ecnh tr\u1ee5 vu\u00f4ng t\u1ed1i gi\u1ea3n, cung c\u1ea5p \u00e1nh s\u00e1ng v\u00e0ng \u1ea5m \u00e1p t\u1ea1o \u0111i\u1ec3m nh\u1ea5n tinh t\u1ebf cho ph\u00f2ng kh\u00e1ch, c\u1ea7u thang ho\u1eb7c h\u00e0nh lang.<\/span><\/p>\n<div class=\"Fwa2Od\" data-animation-skip=\"\" data-signal-inputs=\"scS1X=rHleVc_d\/scS1X\" data-ved=\"2ahUKEwirkIuGlO-SAxUnnq8BHVMZNYkQ3s0SegYIAQgCEAI\" data-complete=\"true\"><img fetchpriority=\"high\" decoding=\"async\" class=\"alignnone size-medium wp-image-13952 aligncenter\" src=\"http:\/\/thietbidienlama.com\/wp-content\/uploads\/2026\/02\/Den-Tuong-Phong-Khach-CN-333-Euroto-300x300.jpg\" alt=\"\" width=\"300\" height=\"300\" srcset=\"https:\/\/www.thietbidienlama.com\/wp-content\/uploads\/2026\/02\/Den-Tuong-Phong-Khach-CN-333-Euroto-300x300.jpg 300w, https:\/\/www.thietbidienlama.com\/wp-content\/uploads\/2026\/02\/Den-Tuong-Phong-Khach-CN-333-Euroto-150x150.jpg 150w, https:\/\/www.thietbidienlama.com\/wp-content\/uploads\/2026\/02\/Den-Tuong-Phong-Khach-CN-333-Euroto-12x12.jpg 12w, https:\/\/www.thietbidienlama.com\/wp-content\/uploads\/2026\/02\/Den-Tuong-Phong-Khach-CN-333-Euroto.jpg 500w\" sizes=\"(max-width: 300px) 100vw, 300px\" \/><\/div>\n<\/div>\n<h3 class=\"otQkpb\" role=\"heading\" aria-level=\"3\" data-complete=\"true\" data-processed=\"true\"><span style=\"font-size: 14pt; color: #000000;\">Th\u00f4ng s\u1ed1 k\u1ef9 thu\u1eadt chi ti\u1ebft<\/span><\/h3>\n<ul class=\"KsbFXc U6u95\" data-complete=\"true\" data-processed=\"true\">\n<li data-hveid=\"CAEIBRAA\" data-complete=\"true\" data-sae=\"\"><span class=\"T286Pc\" style=\"font-size: 12pt; color: #000000;\" data-sfc-cp=\"\" data-complete=\"true\"><strong class=\"Yjhzub\" data-complete=\"true\">C\u00f4ng su\u1ea5t<\/strong>: 6W.<\/span><\/li>\n<li data-hveid=\"CAEIBRAB\" data-complete=\"true\" data-sae=\"\"><span class=\"T286Pc\" style=\"font-size: 12pt; color: #000000;\" data-sfc-cp=\"\" data-complete=\"true\"><strong class=\"Yjhzub\" data-complete=\"true\">K\u00edch th\u01b0\u1edbc<\/strong>: Vu\u00f4ng 65 mm x R\u1ed9ng 80 mm x Cao 125 mm.<\/span><\/li>\n<li data-hveid=\"CAEIBRAC\" data-complete=\"true\" data-sae=\"\"><span class=\"T286Pc\" style=\"font-size: 12pt; color: #000000;\" data-sfc-cp=\"\" data-complete=\"true\"><strong class=\"Yjhzub\" data-complete=\"true\">\u00c1nh s\u00e1ng<\/strong>: 3000K (V\u00e0ng \u1ea5m).<\/span><\/li>\n<li data-hveid=\"CAEIBRAD\" data-complete=\"true\" data-sae=\"\"><span class=\"T286Pc\" style=\"font-size: 12pt; color: #000000;\" data-sfc-cp=\"\" data-complete=\"true\"><strong class=\"Yjhzub\" data-complete=\"true\">Ch\u1ec9 s\u1ed1 b\u1ea3o v\u1ec7<\/strong>:\u00a0<strong class=\"Yjhzub\" data-complete=\"true\">IP54<\/strong>\u00a0(Kh\u00e1ng b\u1ee5i v\u00e0 ch\u1ed1ng \u1ea9m, s\u1eed d\u1ee5ng t\u1ed1t trong nh\u00e0 ho\u1eb7c khu v\u1ef1c c\u00f3 m\u00e1i che, kh\u00f4ng l\u1eafp \u0111\u1eb7t tr\u1ef1c ti\u1ebfp ngo\u00e0i tr\u1eddi m\u01b0a).<\/span><\/li>\n<li data-hveid=\"CAEIBRAE\" data-complete=\"true\" data-sae=\"\"><span class=\"T286Pc\" style=\"font-size: 12pt; color: #000000;\" data-sfc-cp=\"\" data-complete=\"true\" aria-owns=\"action-menu-parent-container\"><strong class=\"Yjhzub\" data-complete=\"true\">Ch\u1ea5t li\u1ec7u<\/strong>: Th\u00e2n \u0111\u00e8n b\u1eb1ng h\u1ee3p kim nh\u00f4m s\u01a1n t\u0129nh \u0111i\u1ec7n cao c\u1ea5p gi\u00fap t\u1ea3n nhi\u1ec7t hi\u1ec7u qu\u1ea3.<\/span><\/li>\n<\/ul>\n<p class=\"Y3BBE\" data-hveid=\"CAEICBAA\" data-complete=\"true\" data-processed=\"true\"><span style=\"font-size: 12pt; color: #000000;\"><strong>LI\u00caN H\u1ec6 : Hotline: 0935 228 204 ( Ms Lam )<\/strong><\/span><\/p>\n<p><span style=\"font-size: 12pt; color: #000000;\"><strong>Facebook:\u00a0<span style=\"color: #ff6600;\"><a style=\"color: #ff6600;\" href=\"https:\/\/www.facebook.com\/thietbidienlama\" target=\"_blank\" rel=\"noopener\">THI\u1ebeT\u00a0B\u1eca \u0110I\u1ec6N LAMA<\/a><\/span><\/strong><\/span><\/p>\n<p><span style=\"font-size: 12pt; color: #000000;\"><strong>Tiktok:\u00a0<span style=\"color: #ff6600;\"><a style=\"color: #ff6600;\" href=\"https:\/\/www.tiktok.com\/@thietbidienlama\" target=\"_blank\" rel=\"noopener\">THI\u1ebeT\u00a0B\u1eca \u0110I\u1ec6N LAMA<\/a><\/span><\/strong><\/span><\/p>\n<p><span style=\"font-size: 12pt; color: #000000;\"><strong>Youtube: <span style=\"color: #ff6600;\"><a style=\"color: #ff6600;\" href=\"https:\/\/www.youtube.com\/@thietbidienlama\" target=\"_blank\" rel=\"noopener\">THI\u1ebeT\u00a0B\u1eca \u0110I\u1ec6N LAMA<\/a><\/span><\/strong><\/span><\/p>","protected":false},"excerpt":{"rendered":"<p>\u0110\u00e8n T\u01b0\u1eddng Ph\u00f2ng Kh\u00e1ch CN-333 Euroto \u0110\u00e8n t\u01b0\u1eddng ph\u00f2ng kh\u00e1ch Euroto CN-333\u00a0l\u00e0 m\u1eabu \u0111\u00e8n h\u1eaft t\u01b0\u1eddng hi\u1ec7n \u0111\u1ea1i v\u1edbi thi\u1ebft<\/p>","protected":false},"featured_media":13952,"comment_status":"closed","ping_status":"closed","template":"","meta":[],"product_brand":[],"product_cat":[505,851,848,845],"product_tag":[],"class_list":{"0":"post-13951","1":"product","2":"type-product","3":"status-publish","4":"has-post-thumbnail","6":"product_cat-den-trang-tri","7":"product_cat-den-tran-phong-khach","8":"product_cat-den-tuong-euroto","9":"product_cat-den-tuong-trang-tri","11":"first","12":"instock","13":"sale","14":"shipping-taxable","15":"purchasable","16":"product-type-simple"},"_links":{"self":[{"href":"https:\/\/www.thietbidienlama.com\/en\/wp-json\/wp\/v2\/product\/13951","targetHints":{"allow":["GET"]}}],"collection":[{"href":"https:\/\/www.thietbidienlama.com\/en\/wp-json\/wp\/v2\/product"}],"about":[{"href":"https:\/\/www.thietbidienlama.com\/en\/wp-json\/wp\/v2\/types\/product"}],"replies":[{"embeddable":true,"href":"https:\/\/www.thietbidienlama.com\/en\/wp-json\/wp\/v2\/comments?post=13951"}],"version-history":[{"count":2,"href":"https:\/\/www.thietbidienlama.com\/en\/wp-json\/wp\/v2\/product\/13951\/revisions"}],"predecessor-version":[{"id":14229,"href":"https:\/\/www.thietbidienlama.com\/en\/wp-json\/wp\/v2\/product\/13951\/revisions\/14229"}],"wp:featuredmedia":[{"embeddable":true,"href":"https:\/\/www.thietbidienlama.com\/en\/wp-json\/wp\/v2\/media\/13952"}],"wp:attachment":[{"href":"https:\/\/www.thietbidienlama.com\/en\/wp-json\/wp\/v2\/media?parent=13951"}],"wp:term":[{"taxonomy":"product_brand","embeddable":true,"href":"https:\/\/www.thietbidienlama.com\/en\/wp-json\/wp\/v2\/product_brand?post=13951"},{"taxonomy":"product_cat","embeddable":true,"href":"https:\/\/www.thietbidienlama.com\/en\/wp-json\/wp\/v2\/product_cat?post=13951"},{"taxonomy":"product_tag","embeddable":true,"href":"https:\/\/www.thietbidienlama.com\/en\/wp-json\/wp\/v2\/product_tag?post=13951"}],"curies":[{"name":"wp","href":"https:\/\/api.w.org\/{rel}","templated":true}]}}