{"id":13948,"date":"2026-02-23T14:54:52","date_gmt":"2026-02-23T07:54:52","guid":{"rendered":"https:\/\/thietbidienlama.com\/?post_type=product&#038;p=13948"},"modified":"2026-04-03T12:31:47","modified_gmt":"2026-04-03T05:31:47","slug":"den-tuong-dep-cn-332-euroto","status":"publish","type":"product","link":"https:\/\/www.thietbidienlama.com\/en\/den-tuong-dep-cn-332-euroto\/","title":{"rendered":"\u0110\u00e8n t\u01b0\u1eddng \u0110\u1eb9p CN-332 Euroto"},"content":{"rendered":"<h1 style=\"text-align: center;\" data-hveid=\"CAEIAhAA\" data-complete=\"true\" data-processed=\"true\"><span style=\"font-size: 18pt; font-family: 'times new roman', times, serif; color: #ff6600;\">\u0110\u00e8n T\u01b0\u1eddng \u0110\u1eb9p CN-332 Euroto<\/span><\/h1>\n<div class=\"Y3BBE\" data-sfc-cp=\"\" data-hveid=\"CAEIAhAA\" data-complete=\"true\" data-processed=\"true\"><span style=\"color: #000000; font-size: 14pt; font-family: 'times new roman', times, serif;\"><span style=\"color: #ff6600;\"><strong><a style=\"color: #ff6600;\" href=\"https:\/\/thietbidienlama.com\/den-tuong-trang-tri\/\">\u0110\u00e8n t\u01b0\u1eddng \u0111\u1eb9p<\/a><\/strong><\/span> <strong class=\"Yjhzub\" data-complete=\"true\" data-processed=\"true\">Euroto CN-332<\/strong>\u00a0l\u00e0 m\u1eabu \u0111\u00e8n h\u1eaft t\u01b0\u1eddng hi\u1ec7n \u0111\u1ea1i v\u1edbi thi\u1ebft k\u1ebf h\u1eaft s\u00e1ng hai \u0111\u1ea7u, c\u00f3 kh\u1ea3 n\u0103ng \u0111i\u1ec1u ch\u1ec9nh g\u00f3c chi\u1ebfu linh ho\u1ea1t. \u0110\u00e2y l\u00e0 phi\u00ean b\u1ea3n n\u00e2ng c\u1ea5p c\u1ee7a m\u1eabu CN-331, th\u01b0\u1eddng \u0111\u01b0\u1ee3c s\u1eed d\u1ee5ng \u0111\u1ec3 t\u1ea1o \u0111i\u1ec3m nh\u1ea5n ngh\u1ec7 thu\u1eadt cho ph\u00f2ng kh\u00e1ch, h\u00e0nh lang ho\u1eb7c ban c\u00f4ng c\u00f3 m\u00e1i che.<\/span><\/div>\n<div data-sfc-cp=\"\" data-hveid=\"CAEIAhAA\" data-complete=\"true\" data-processed=\"true\">\n<div id=\"attachment_13949\" style=\"width: 510px\" class=\"wp-caption aligncenter\"><img fetchpriority=\"high\" decoding=\"async\" aria-describedby=\"caption-attachment-13949\" class=\"wp-image-13949 size-full\" src=\"http:\/\/thietbidienlama.com\/wp-content\/uploads\/2026\/02\/Den-Tuong-Dep-CN-332-Euroto.jpg\" alt=\"\u0110\u00e8n T\u01b0\u1eddng \u0110\u1eb9p CN 332 Euroto\" width=\"500\" height=\"500\" srcset=\"https:\/\/www.thietbidienlama.com\/wp-content\/uploads\/2026\/02\/Den-Tuong-Dep-CN-332-Euroto.jpg 500w, https:\/\/www.thietbidienlama.com\/wp-content\/uploads\/2026\/02\/Den-Tuong-Dep-CN-332-Euroto-300x300.jpg 300w, https:\/\/www.thietbidienlama.com\/wp-content\/uploads\/2026\/02\/Den-Tuong-Dep-CN-332-Euroto-150x150.jpg 150w, https:\/\/www.thietbidienlama.com\/wp-content\/uploads\/2026\/02\/Den-Tuong-Dep-CN-332-Euroto-12x12.jpg 12w\" sizes=\"(max-width: 500px) 100vw, 500px\" \/><p id=\"caption-attachment-13949\" class=\"wp-caption-text\"><\/span> <span style=\"font-family: 'times new roman', times, serif; font-size: 14pt;\">\u0110\u00e8n T\u01b0\u1eddng \u0110\u1eb9p CN 332 Euroto<\/span><\/p><\/div>\n<\/div>\n<div data-sfc-cp=\"\" data-hveid=\"CAEIAhAA\" data-complete=\"true\" data-processed=\"true\">\n<h2 class=\"otQkpb\" role=\"heading\" aria-level=\"3\" data-complete=\"true\" data-processed=\"true\"><span style=\"color: #ff6600; font-size: 18pt; font-family: 'times new roman', times, serif;\">Th\u00f4ng s\u1ed1 k\u1ef9 thu\u1eadt \u0111\u00e8n t\u01b0\u1eddng \u0111\u1eb9p<\/span><\/h2>\n<\/div>\n<ul class=\"KsbFXc U6u95\" data-complete=\"true\" data-processed=\"true\">\n<li data-hveid=\"CAEIBRAA\" data-complete=\"true\" data-sae=\"\"><span class=\"T286Pc\" style=\"color: #000000; font-size: 14pt; font-family: 'times new roman', times, serif;\" data-sfc-cp=\"\" data-complete=\"true\"><strong class=\"Yjhzub\" data-complete=\"true\">C\u00f4ng su\u1ea5t:<\/strong>\u00a012W (LED 6W x 2 \u0111\u1ea7u).<\/span><\/li>\n<li data-hveid=\"CAEIBRAB\" data-complete=\"true\" data-sae=\"\"><span class=\"T286Pc\" style=\"color: #000000; font-size: 14pt; font-family: 'times new roman', times, serif;\" data-sfc-cp=\"\" data-complete=\"true\"><strong class=\"Yjhzub\" data-complete=\"true\">\u00c1nh s\u00e1ng:<\/strong>\u00a03000K (V\u00e0ng \u1ea5m) t\u1ea1o c\u1ea3m gi\u00e1c sang tr\u1ecdng v\u00e0 d\u1ec5 ch\u1ecbu.<\/span><\/li>\n<li data-hveid=\"CAEIBRAC\" data-complete=\"true\" data-sae=\"\"><span class=\"T286Pc\" style=\"color: #000000; font-size: 14pt; font-family: 'times new roman', times, serif;\" data-sfc-cp=\"\" data-complete=\"true\"><strong class=\"Yjhzub\" data-complete=\"true\">K\u00edch th\u01b0\u1edbc:<\/strong>\u00a0\u00d865 x W80 x H192 mm (\u0110\u01b0\u1eddng k\u00ednh 65mm, Chi\u1ec1u s\u00e2u t\u1eeb t\u01b0\u1eddng ra 80mm, Chi\u1ec1u cao 192mm).<\/span><\/li>\n<li data-hveid=\"CAEIBRAD\" data-complete=\"true\" data-sae=\"\"><span class=\"T286Pc\" style=\"color: #000000; font-size: 14pt; font-family: 'times new roman', times, serif;\" data-sfc-cp=\"\" data-complete=\"true\"><strong class=\"Yjhzub\" data-complete=\"true\">Ch\u1ec9 s\u1ed1 b\u1ea3o v\u1ec7:<\/strong>\u00a0<strong class=\"Yjhzub\" data-complete=\"true\">IP54<\/strong>\u00a0(Kh\u00e1ng b\u1ee5i v\u00e0 ch\u1ed1ng \u1ea9m, ph\u00f9 h\u1ee3p l\u1eafp trong nh\u00e0 ho\u1eb7c khu v\u1ef1c d\u01b0\u1edbi m\u00e1i hi\u00ean).<\/span><\/li>\n<li data-hveid=\"CAEIBRAD\" data-complete=\"true\" data-sae=\"\"><span class=\"T286Pc\" style=\"color: #000000; font-size: 14pt; font-family: 'times new roman', times, serif;\" data-sfc-cp=\"\" data-complete=\"true\"><strong class=\"Yjhzub\" data-complete=\"true\">Ch\u1ea5t li\u1ec7u:<\/strong>\u00a0Th\u00e2n b\u1eb1ng h\u1ee3p kim nh\u00f4m s\u01a1n t\u0129nh \u0111i\u1ec7n cao c\u1ea5p, b\u1ec1n m\u00e0u v\u00e0 t\u1ea3n nhi\u1ec7t t\u1ed1t.<\/span><\/li>\n<\/ul>\n<div id=\"attachment_14236\" style=\"width: 510px\" class=\"wp-caption aligncenter\"><img decoding=\"async\" aria-describedby=\"caption-attachment-14236\" class=\"wp-image-14236 size-full\" src=\"http:\/\/thietbidienlama.com\/wp-content\/uploads\/2026\/02\/Den-tuong-Dep-CN-332-Euroto-1.jpg\" alt=\"\u0110\u00e8n T\u01b0\u1eddng \u0110\u1eb9p CN 332 Euroto\" width=\"500\" height=\"500\" srcset=\"https:\/\/www.thietbidienlama.com\/wp-content\/uploads\/2026\/02\/Den-tuong-Dep-CN-332-Euroto-1.jpg 500w, https:\/\/www.thietbidienlama.com\/wp-content\/uploads\/2026\/02\/Den-tuong-Dep-CN-332-Euroto-1-300x300.jpg 300w, https:\/\/www.thietbidienlama.com\/wp-content\/uploads\/2026\/02\/Den-tuong-Dep-CN-332-Euroto-1-150x150.jpg 150w, https:\/\/www.thietbidienlama.com\/wp-content\/uploads\/2026\/02\/Den-tuong-Dep-CN-332-Euroto-1-12x12.jpg 12w\" sizes=\"(max-width: 500px) 100vw, 500px\" \/><p id=\"caption-attachment-14236\" class=\"wp-caption-text\"><\/span> <span style=\"font-family: 'times new roman', times, serif; font-size: 14pt;\">\u0110\u00e8n T\u01b0\u1eddng \u0110\u1eb9p CN 332 Euroto<\/span><\/p><\/div>\n<h2 class=\"otQkpb\" role=\"heading\" aria-level=\"3\" data-complete=\"true\" data-processed=\"true\"><span style=\"color: #ff6600; font-size: 18pt; font-family: 'times new roman', times, serif;\">\u0110\u1eb7c \u0111i\u1ec3m n\u1ed5i b\u1eadt<\/span><\/h2>\n<ul class=\"KsbFXc U6u95\" data-complete=\"true\" data-processed=\"true\">\n<li data-hveid=\"CAEIChAA\" data-complete=\"true\" data-sae=\"\"><span class=\"T286Pc\" style=\"color: #000000; font-size: 14pt; font-family: 'times new roman', times, serif;\" data-sfc-cp=\"\" data-complete=\"true\"><strong class=\"Yjhzub\" data-complete=\"true\">Hi\u1ec7u \u1ee9ng \u00e1nh s\u00e1ng:<\/strong>\u00a0Thi\u1ebft k\u1ebf h\u1eaft s\u00e1ng hai \u0111\u1ea7u (tr\u00ean v\u00e0 d\u01b0\u1edbi) gi\u00fap t\u1ea1o ra c\u00e1c d\u1ea3i s\u00e1ng s\u1eafc n\u00e9t tr\u00ean b\u1ec1 m\u1eb7t t\u01b0\u1eddng, l\u00e0m n\u1ed5i b\u1eadt ki\u1ebfn tr\u00fac c\u1ee7a ng\u00f4i nh\u00e0.<\/span><\/li>\n<li data-hveid=\"CAEIChAB\" data-complete=\"true\" data-sae=\"\"><span class=\"T286Pc\" style=\"color: #000000; font-size: 14pt; font-family: 'times new roman', times, serif;\" data-sfc-cp=\"\" data-complete=\"true\"><strong class=\"Yjhzub\" data-complete=\"true\">T\u00ednh linh ho\u1ea1t:<\/strong>\u00a0\u0110\u00e8n th\u01b0\u1eddng cho ph\u00e9p ng\u01b0\u1eddi d\u00f9ng\u00a0<strong class=\"Yjhzub\" data-complete=\"true\">\u0111i\u1ec1u ch\u1ec9nh c\u00e1nh g\u1ea1t<\/strong>\u00a0b\u00ean trong \u0111\u1ec3 thay \u0111\u1ed5i g\u00f3c h\u1eaft s\u00e1ng (r\u1ed9ng ho\u1eb7c h\u1eb9p) theo \u00fd th\u00edch.<\/span><\/li>\n<li data-hveid=\"CAEIChAC\" data-complete=\"true\" data-sae=\"\"><span class=\"T286Pc\" style=\"color: #000000; font-size: 14pt; font-family: 'times new roman', times, serif;\" data-sfc-cp=\"\" data-complete=\"true\" aria-owns=\"action-menu-parent-container\"><strong class=\"Yjhzub\" data-complete=\"true\">\u0110\u1ed9 b\u1ec1n:<\/strong>\u00a0S\u1eed d\u1ee5ng chip LED hi\u1ec7n \u0111\u1ea1i c\u00f3 tu\u1ed5i th\u1ecd cao v\u00e0 ti\u1ebft ki\u1ec7m \u0111i\u1ec7n n\u0103ng t\u1ed1i \u01b0u.<\/span><\/li>\n<\/ul>\n<p class=\"Y3BBE\" data-hveid=\"CAEICBAA\" data-complete=\"true\" data-processed=\"true\"><span style=\"font-size: 14pt; color: #000000; font-family: 'times new roman', times, serif;\"><strong>LI\u00caN H\u1ec6 : Hotline: 0935 228 204 ( Ms Lam )<\/strong><\/span><\/p>\n<p><span style=\"font-size: 14pt; color: #000000; font-family: 'times new roman', times, serif;\"><strong>Facebook:\u00a0<span style=\"color: #ff6600;\"><a style=\"color: #ff6600;\" href=\"https:\/\/www.facebook.com\/thietbidienlama\" target=\"_blank\" rel=\"noopener\">THI\u1ebeT\u00a0B\u1eca \u0110I\u1ec6N LAMA<\/a><\/span><\/strong><\/span><\/p>\n<p><span style=\"font-size: 14pt; color: #000000; font-family: 'times new roman', times, serif;\"><strong>Tiktok:\u00a0<span style=\"color: #ff6600;\"><a style=\"color: #ff6600;\" href=\"https:\/\/www.tiktok.com\/@thietbidienlama\" target=\"_blank\" rel=\"noopener\">THI\u1ebeT\u00a0B\u1eca \u0110I\u1ec6N LAMA<\/a><\/span><\/strong><\/span><\/p>\n<p><span style=\"font-size: 14pt; color: #000000; font-family: 'times new roman', times, serif;\"><strong>Youtube: <span style=\"color: #ff6600;\"><a style=\"color: #ff6600;\" href=\"https:\/\/www.youtube.com\/@thietbidienlama\" target=\"_blank\" rel=\"noopener\">THI\u1ebeT\u00a0B\u1eca \u0110I\u1ec6N LAMA<\/a><\/span><\/strong><\/span><\/p>","protected":false},"excerpt":{"rendered":"<p>\u0110\u00e8n T\u01b0\u1eddng \u0110\u1eb9p CN-332 Euroto \u0110\u00e8n t\u01b0\u1eddng \u0111\u1eb9p Euroto CN-332\u00a0l\u00e0 m\u1eabu \u0111\u00e8n h\u1eaft t\u01b0\u1eddng hi\u1ec7n \u0111\u1ea1i v\u1edbi thi\u1ebft k\u1ebf h\u1eaft<\/p>","protected":false},"featured_media":13949,"comment_status":"closed","ping_status":"closed","template":"","meta":[],"product_brand":[],"product_cat":[505,850,848,845],"product_tag":[1047],"class_list":{"0":"post-13948","1":"product","2":"type-product","3":"status-publish","4":"has-post-thumbnail","6":"product_cat-den-trang-tri","7":"product_cat-den-trang-tri-phong-khach","8":"product_cat-den-tuong-euroto","9":"product_cat-den-tuong-trang-tri","10":"product_tag-den-tuong-dep","12":"first","13":"instock","14":"sale","15":"shipping-taxable","16":"purchasable","17":"product-type-simple"},"_links":{"self":[{"href":"https:\/\/www.thietbidienlama.com\/en\/wp-json\/wp\/v2\/product\/13948","targetHints":{"allow":["GET"]}}],"collection":[{"href":"https:\/\/www.thietbidienlama.com\/en\/wp-json\/wp\/v2\/product"}],"about":[{"href":"https:\/\/www.thietbidienlama.com\/en\/wp-json\/wp\/v2\/types\/product"}],"replies":[{"embeddable":true,"href":"https:\/\/www.thietbidienlama.com\/en\/wp-json\/wp\/v2\/comments?post=13948"}],"version-history":[{"count":4,"href":"https:\/\/www.thietbidienlama.com\/en\/wp-json\/wp\/v2\/product\/13948\/revisions"}],"predecessor-version":[{"id":14238,"href":"https:\/\/www.thietbidienlama.com\/en\/wp-json\/wp\/v2\/product\/13948\/revisions\/14238"}],"wp:featuredmedia":[{"embeddable":true,"href":"https:\/\/www.thietbidienlama.com\/en\/wp-json\/wp\/v2\/media\/13949"}],"wp:attachment":[{"href":"https:\/\/www.thietbidienlama.com\/en\/wp-json\/wp\/v2\/media?parent=13948"}],"wp:term":[{"taxonomy":"product_brand","embeddable":true,"href":"https:\/\/www.thietbidienlama.com\/en\/wp-json\/wp\/v2\/product_brand?post=13948"},{"taxonomy":"product_cat","embeddable":true,"href":"https:\/\/www.thietbidienlama.com\/en\/wp-json\/wp\/v2\/product_cat?post=13948"},{"taxonomy":"product_tag","embeddable":true,"href":"https:\/\/www.thietbidienlama.com\/en\/wp-json\/wp\/v2\/product_tag?post=13948"}],"curies":[{"name":"wp","href":"https:\/\/api.w.org\/{rel}","templated":true}]}}