{"id":13943,"date":"2026-02-23T14:28:03","date_gmt":"2026-02-23T07:28:03","guid":{"rendered":"https:\/\/thietbidienlama.com\/?post_type=product&#038;p=13943"},"modified":"2026-04-03T12:40:59","modified_gmt":"2026-04-03T05:40:59","slug":"den-tuong-cau-thang-dep-cn-331","status":"publish","type":"product","link":"https:\/\/www.thietbidienlama.com\/en\/den-tuong-cau-thang-dep-cn-331\/","title":{"rendered":"\u0110\u00e8n T\u01b0\u1eddng C\u1ea7u Thang \u0110\u1eb9p CN-331 Euroto"},"content":{"rendered":"<h2 style=\"text-align: center;\"><span style=\"color: #000000; font-size: 18pt;\">\u0110\u00e8n T\u01b0\u1eddng C\u1ea7u Thang \u0110\u1eb9p CN-331 Euroto<\/span><\/h2>\n<div data-sfc-cp=\"\" data-hveid=\"CAEIAhAA\" data-complete=\"true\" data-processed=\"true\"><span style=\"color: #000000; font-size: 12pt;\"><a href=\"https:\/\/thietbidienlama.com\/den-tuong-trang-tri\/\"><span style=\"color: #ff6600;\"><strong>\u0110\u00e8n T\u01b0\u1eddng C\u1ea7u Thang \u0110\u1eb9p<\/strong><\/span><\/a> Euroto CN-331\u00a0l\u00e0 m\u1eabu \u0111\u00e8n v\u00e1ch hi\u1ec7n \u0111\u1ea1i v\u1edbi thi\u1ebft k\u1ebf h\u1eaft s\u00e1ng m\u1ed9t \u0111\u1ea7u, c\u00f3 kh\u1ea3 n\u0103ng \u0111i\u1ec1u ch\u1ec9nh g\u00f3c chi\u1ebfu linh ho\u1ea1t. V\u1edbi ki\u1ec3u d\u00e1ng nh\u1ecf g\u1ecdn v\u00e0 \u00e1nh s\u00e1ng v\u00e0ng \u1ea5m, \u0111\u00e8n l\u00e0 l\u1ef1a ch\u1ecdn ph\u1ed5 bi\u1ebfn \u0111\u1ec3 t\u1ea1o \u0111i\u1ec3m nh\u1ea5n cho ph\u00f2ng kh\u00e1ch, c\u1ea7u thang ho\u1eb7c h\u00e0nh lang trong nh\u00e0.<\/span><\/div>\n<div data-sfc-cp=\"\" data-complete=\"true\" data-processed=\"true\">\n<div id=\"attachment_14241\" style=\"width: 510px\" class=\"wp-caption aligncenter\"><img fetchpriority=\"high\" decoding=\"async\" aria-describedby=\"caption-attachment-14241\" class=\"wp-image-14241 size-full\" src=\"http:\/\/thietbidienlama.com\/wp-content\/uploads\/2026\/02\/Den-Tuong-Cau-Thang-Dep.jpg\" alt=\"\u0110\u00e8n T\u01b0\u1eddng C\u1ea7u Thang \u0110\u1eb9p\" width=\"500\" height=\"500\" srcset=\"https:\/\/www.thietbidienlama.com\/wp-content\/uploads\/2026\/02\/Den-Tuong-Cau-Thang-Dep.jpg 500w, https:\/\/www.thietbidienlama.com\/wp-content\/uploads\/2026\/02\/Den-Tuong-Cau-Thang-Dep-300x300.jpg 300w, https:\/\/www.thietbidienlama.com\/wp-content\/uploads\/2026\/02\/Den-Tuong-Cau-Thang-Dep-150x150.jpg 150w, https:\/\/www.thietbidienlama.com\/wp-content\/uploads\/2026\/02\/Den-Tuong-Cau-Thang-Dep-12x12.jpg 12w\" sizes=\"(max-width: 500px) 100vw, 500px\" \/><p id=\"caption-attachment-14241\" class=\"wp-caption-text\">\u0110\u00e8n T\u01b0\u1eddng C\u1ea7u Thang \u0110\u1eb9p<\/p><\/div>\n<\/div>\n<h3 style=\"text-align: left;\" role=\"heading\" aria-level=\"3\" data-complete=\"true\" data-processed=\"true\"><span style=\"color: #000000; font-size: 14pt;\">Th\u00f4ng s\u1ed1 k\u1ef9 thu\u1eadt chi ti\u1ebft<\/span><\/h3>\n<ul data-complete=\"true\" data-processed=\"true\">\n<li data-hveid=\"CAEIBRAA\" data-complete=\"true\" data-sae=\"\"><span style=\"color: #000000; font-size: 12pt;\">C\u00f4ng su\u1ea5t:\u00a06W.<\/span><\/li>\n<li data-hveid=\"CAEIBRAB\" data-complete=\"true\" data-sae=\"\"><span style=\"color: #000000; font-size: 12pt;\">\u00c1nh s\u00e1ng:\u00a03000K (V\u00e0ng \u1ea5m).<\/span><\/li>\n<li data-hveid=\"CAEIBRAC\" data-complete=\"true\" data-sae=\"\"><span style=\"color: #000000; font-size: 12pt;\">K\u00edch th\u01b0\u1edbc:\u00a0\u00d865 x W80 x H125 mm (\u0110\u01b0\u1eddng k\u00ednh 65mm, Chi\u1ec1u s\u00e2u t\u1eeb t\u01b0\u1eddng ra 80mm, Chi\u1ec1u cao 125mm).<\/span><\/li>\n<li data-hveid=\"CAEIBRAD\" data-complete=\"true\" data-sae=\"\"><span style=\"color: #000000; font-size: 12pt;\">Ch\u1ec9 s\u1ed1 b\u1ea3o v\u1ec7:\u00a0IP54\u00a0(Kh\u00e1ng b\u1ee5i v\u00e0 ch\u1ed1ng \u1ea9m, th\u00edch h\u1ee3p d\u00f9ng trong nh\u00e0 ho\u1eb7c d\u01b0\u1edbi m\u00e1i hi\u00ean, kh\u00f4ng n\u00ean l\u1eafp \u0111\u1eb7t tr\u1ef1c ti\u1ebfp ngo\u00e0i tr\u1eddi m\u01b0a).<\/span><\/li>\n<li data-hveid=\"CAEIBRAE\" data-complete=\"true\" data-sae=\"\"><span style=\"color: #000000; font-size: 12pt;\" data-sfc-cp=\"\" data-complete=\"true\" aria-owns=\"action-menu-parent-container\">Ch\u1ea5t li\u1ec7u: Th\u00e2n \u0111\u00e8n b\u1eb1ng h\u1ee3p kim nh\u00f4m s\u01a1n t\u0129nh \u0111i\u1ec7n b\u1ec1n b\u1ec9.<\/span><\/li>\n<\/ul>\n<div id=\"attachment_14239\" style=\"width: 510px\" class=\"wp-caption aligncenter\"><img decoding=\"async\" aria-describedby=\"caption-attachment-14239\" class=\"wp-image-14239 size-full\" src=\"http:\/\/thietbidienlama.com\/wp-content\/uploads\/2026\/02\/Den-Tuong-Cau-Thang-Dep-CN-331-Euroto.jpg\" alt=\"\u0110\u00e8n T\u01b0\u1eddng C\u1ea7u Thang \u0110\u1eb9p CN 331 Euroto\" width=\"500\" height=\"500\" srcset=\"https:\/\/www.thietbidienlama.com\/wp-content\/uploads\/2026\/02\/Den-Tuong-Cau-Thang-Dep-CN-331-Euroto.jpg 500w, https:\/\/www.thietbidienlama.com\/wp-content\/uploads\/2026\/02\/Den-Tuong-Cau-Thang-Dep-CN-331-Euroto-300x300.jpg 300w, https:\/\/www.thietbidienlama.com\/wp-content\/uploads\/2026\/02\/Den-Tuong-Cau-Thang-Dep-CN-331-Euroto-150x150.jpg 150w, https:\/\/www.thietbidienlama.com\/wp-content\/uploads\/2026\/02\/Den-Tuong-Cau-Thang-Dep-CN-331-Euroto-12x12.jpg 12w\" sizes=\"(max-width: 500px) 100vw, 500px\" \/><p id=\"caption-attachment-14239\" class=\"wp-caption-text\">\u0110\u00e8n T\u01b0\u1eddng C\u1ea7u Thang \u0110\u1eb9p CN 331 Euroto<\/p><\/div>\n<p><span style=\"color: #000000; font-size: 12pt;\">M\u1eabu\u00a0CN-331\u00a0l\u00e0 d\u00f2ng \u0111\u00e8n h\u1eaft t\u01b0\u1eddng hi\u1ec7n \u0111\u1ea1i, n\u1ebfu b\u1ea1n mu\u1ed1n trang tr\u00ed ph\u00f2ng kh\u00e1ch theo phong c\u00e1ch t\u1ed1i gi\u1ea3n v\u00e0 tinh t\u1ebf th\u00ec \u0111\u00e2y l\u00e0 s\u1ef1 l\u1ef1a ch\u1ecdn ph\u00f9 h\u1ee3p nh\u1ea5t.<\/span><\/p>\n<p class=\"Y3BBE\" data-hveid=\"CAEICBAA\" data-complete=\"true\" data-processed=\"true\"><span style=\"font-size: 12pt; color: #000000;\"><strong>LI\u00caN H\u1ec6 : Hotline: 0935 228 204 ( Ms Lam )<\/strong><\/span><\/p>\n<p><span style=\"font-size: 12pt; color: #000000;\"><strong>Facebook:\u00a0<span style=\"color: #ff6600;\"><a style=\"color: #ff6600;\" href=\"https:\/\/www.facebook.com\/thietbidienlama\" target=\"_blank\" rel=\"noopener\">THI\u1ebeT\u00a0B\u1eca \u0110I\u1ec6N LAMA<\/a><\/span><\/strong><\/span><\/p>\n<p><span style=\"font-size: 12pt; color: #000000;\"><strong>Tiktok:\u00a0<span style=\"color: #ff6600;\"><a style=\"color: #ff6600;\" href=\"https:\/\/www.tiktok.com\/@thietbidienlama\" target=\"_blank\" rel=\"noopener\">THI\u1ebeT\u00a0B\u1eca \u0110I\u1ec6N LAMA<\/a><\/span><\/strong><\/span><\/p>\n<p><span style=\"font-size: 12pt; color: #000000;\"><strong>Youtube: <span style=\"color: #ff6600;\"><a style=\"color: #ff6600;\" href=\"https:\/\/www.youtube.com\/@thietbidienlama\" target=\"_blank\" rel=\"noopener\">THI\u1ebeT\u00a0B\u1eca \u0110I\u1ec6N LAMA<\/a><\/span><\/strong><\/span><\/p>","protected":false},"excerpt":{"rendered":"<p>\u0110\u00e8n T\u01b0\u1eddng C\u1ea7u Thang \u0110\u1eb9p CN-331 Euroto \u0110\u00e8n T\u01b0\u1eddng C\u1ea7u Thang \u0110\u1eb9p Euroto CN-331\u00a0l\u00e0 m\u1eabu \u0111\u00e8n v\u00e1ch hi\u1ec7n \u0111\u1ea1i v\u1edbi<\/p>","protected":false},"featured_media":14241,"comment_status":"closed","ping_status":"closed","template":"","meta":[],"product_brand":[],"product_cat":[850,848,845,196,505],"product_tag":[1046],"class_list":{"0":"post-13943","1":"product","2":"type-product","3":"status-publish","4":"has-post-thumbnail","6":"product_cat-den-trang-tri-phong-khach","7":"product_cat-den-tuong-euroto","8":"product_cat-den-tuong-trang-tri","9":"product_cat-chua-phan-loai","10":"product_cat-den-trang-tri","11":"product_tag-den-tuong-cau-thang-dep","13":"first","14":"instock","15":"sale","16":"shipping-taxable","17":"purchasable","18":"product-type-simple"},"_links":{"self":[{"href":"https:\/\/www.thietbidienlama.com\/en\/wp-json\/wp\/v2\/product\/13943","targetHints":{"allow":["GET"]}}],"collection":[{"href":"https:\/\/www.thietbidienlama.com\/en\/wp-json\/wp\/v2\/product"}],"about":[{"href":"https:\/\/www.thietbidienlama.com\/en\/wp-json\/wp\/v2\/types\/product"}],"replies":[{"embeddable":true,"href":"https:\/\/www.thietbidienlama.com\/en\/wp-json\/wp\/v2\/comments?post=13943"}],"version-history":[{"count":5,"href":"https:\/\/www.thietbidienlama.com\/en\/wp-json\/wp\/v2\/product\/13943\/revisions"}],"predecessor-version":[{"id":14242,"href":"https:\/\/www.thietbidienlama.com\/en\/wp-json\/wp\/v2\/product\/13943\/revisions\/14242"}],"wp:featuredmedia":[{"embeddable":true,"href":"https:\/\/www.thietbidienlama.com\/en\/wp-json\/wp\/v2\/media\/14241"}],"wp:attachment":[{"href":"https:\/\/www.thietbidienlama.com\/en\/wp-json\/wp\/v2\/media?parent=13943"}],"wp:term":[{"taxonomy":"product_brand","embeddable":true,"href":"https:\/\/www.thietbidienlama.com\/en\/wp-json\/wp\/v2\/product_brand?post=13943"},{"taxonomy":"product_cat","embeddable":true,"href":"https:\/\/www.thietbidienlama.com\/en\/wp-json\/wp\/v2\/product_cat?post=13943"},{"taxonomy":"product_tag","embeddable":true,"href":"https:\/\/www.thietbidienlama.com\/en\/wp-json\/wp\/v2\/product_tag?post=13943"}],"curies":[{"name":"wp","href":"https:\/\/api.w.org\/{rel}","templated":true}]}}