{"id":13916,"date":"2026-02-23T11:27:40","date_gmt":"2026-02-23T04:27:40","guid":{"rendered":"https:\/\/thietbidienlama.com\/?post_type=product&#038;p=13916"},"modified":"2026-04-03T13:07:28","modified_gmt":"2026-04-03T06:07:28","slug":"den-treo-tuong-trong-nha-cn-39-euroto","status":"publish","type":"product","link":"https:\/\/www.thietbidienlama.com\/en\/den-treo-tuong-trong-nha-cn-39-euroto\/","title":{"rendered":"\u0110\u00e8n Treo T\u01b0\u1eddng Trong Nh\u00e0 CN-39 Euroto"},"content":{"rendered":"<h1 style=\"text-align: center;\"><span style=\"color: #000000; font-family: 'times new roman', times, serif; font-size: 18pt;\">\u0110\u00e8n Treo T\u01b0\u1eddng Trong Nh\u00e0 CN-39 Euroto<\/span><\/h1>\n<div data-sfc-cp=\"\" data-hveid=\"CAEIAhAA\" data-complete=\"true\" data-processed=\"true\"><span style=\"color: #000000; font-family: 'times new roman', times, serif; font-size: 14pt;\"><span style=\"color: #ff6600;\"><a style=\"color: #ff6600;\" href=\"https:\/\/thietbidienlama.com\/den-trang-tri-phong-khach\/\"><strong>\u0110\u00e8n treo t\u01b0\u1eddng trong nh\u00e0<\/strong><\/a><\/span> Euroto CN-39\u00a0l\u00e0 m\u1eabu \u0111\u00e8n h\u1eaft t\u01b0\u1eddng hi\u1ec7n \u0111\u1ea1i n\u1eb1m trong d\u00f2ng s\u1ea3n ph\u1ea9m CN Series (c\u00f9ng b\u1ed9 v\u1edbi CN-37 v\u00e0 CN-41). \u0110\u00e2y l\u00e0 l\u1ef1a ch\u1ecdn n\u00e2ng c\u1ea5p v\u1ec1 c\u00f4ng su\u1ea5t cho c\u00e1c kh\u00f4ng gian n\u1ed9i th\u1ea5t c\u1ea7n c\u01b0\u1eddng \u0111\u1ed9 s\u00e1ng m\u1ea1nh h\u01a1n so v\u1edbi m\u1eabu CN-37.<\/span><\/div>\n<div data-sfc-cp=\"\" data-complete=\"true\" data-processed=\"true\">\n<div id=\"attachment_14244\" style=\"width: 510px\" class=\"wp-caption aligncenter\"><img fetchpriority=\"high\" decoding=\"async\" aria-describedby=\"caption-attachment-14244\" class=\"wp-image-14244 size-full\" src=\"http:\/\/thietbidienlama.com\/wp-content\/uploads\/2026\/02\/Den-Tuong-Phong-Khach-Dep-CN-41-Euroto-3.jpg\" alt=\"\u0110\u00e8n T\u01b0\u1eddng Ph\u00f2ng Kh\u00e1ch \u0110\u1eb9p\" width=\"500\" height=\"500\" srcset=\"https:\/\/www.thietbidienlama.com\/wp-content\/uploads\/2026\/02\/Den-Tuong-Phong-Khach-Dep-CN-41-Euroto-3.jpg 500w, https:\/\/www.thietbidienlama.com\/wp-content\/uploads\/2026\/02\/Den-Tuong-Phong-Khach-Dep-CN-41-Euroto-3-300x300.jpg 300w, https:\/\/www.thietbidienlama.com\/wp-content\/uploads\/2026\/02\/Den-Tuong-Phong-Khach-Dep-CN-41-Euroto-3-150x150.jpg 150w, https:\/\/www.thietbidienlama.com\/wp-content\/uploads\/2026\/02\/Den-Tuong-Phong-Khach-Dep-CN-41-Euroto-3-12x12.jpg 12w\" sizes=\"(max-width: 500px) 100vw, 500px\" \/><p id=\"caption-attachment-14244\" class=\"wp-caption-text\"><\/span> <span style=\"font-family: 'times new roman', times, serif; font-size: 14pt;\">\u0110\u00e8n T\u01b0\u1eddng Ph\u00f2ng Kh\u00e1ch \u0110\u1eb9p<\/span><\/p><\/div>\n<\/div>\n<h2 role=\"heading\" aria-level=\"3\" data-complete=\"true\" data-processed=\"true\"><span style=\"color: #ff6600; font-size: 18pt; font-family: 'times new roman', times, serif;\">Th\u00f4ng s\u1ed1 k\u1ef9 thu\u1eadt chi ti\u1ebft<\/span><\/h2>\n<ul data-complete=\"true\" data-processed=\"true\">\n<li data-hveid=\"CAEIBRAA\" data-complete=\"true\" data-sae=\"\"><span style=\"color: #000000; font-family: 'times new roman', times, serif; font-size: 14pt;\"><strong>C\u00f4ng su\u1ea5t:<\/strong> 7W (Cao h\u01a1n m\u1eabu CN-37 ch\u1ec9 c\u00f3 5W).<\/span><\/li>\n<li data-hveid=\"CAEIBRAA\" data-complete=\"true\" data-sae=\"\"><span style=\"color: #000000; font-family: 'times new roman', times, serif; font-size: 14pt;\"><strong>K\u00edch Th\u01b0\u1edbc:<\/strong>\u00a0<\/span><\/li>\n<\/ul>\n<p><span class=\"T286Pc\" style=\"color: #000000; font-family: 'times new roman', times, serif; font-size: 14pt;\" data-sfc-cp=\"\" data-complete=\"true\"><strong class=\"Yjhzub\" data-complete=\"true\">Chi\u1ec1u ngang (L)<\/strong>: Kho\u1ea3ng 100mm &#8211; 110mm.<\/span><\/p>\n<p><span class=\"T286Pc\" style=\"color: #000000; font-family: 'times new roman', times, serif; font-size: 14pt;\" data-sfc-cp=\"\" data-complete=\"true\"><strong class=\"Yjhzub\" data-complete=\"true\">Chi\u1ec1u s\u00e2u (W)<\/strong>: Kho\u1ea3ng 70mm &#8211; 80mm.<\/span><\/p>\n<p><span class=\"T286Pc\" style=\"color: #000000; font-family: 'times new roman', times, serif; font-size: 14pt;\" data-sfc-cp=\"\" data-complete=\"true\" aria-owns=\"action-menu-parent-container\"><strong class=\"Yjhzub\" data-complete=\"true\">Chi\u1ec1u cao (H)<\/strong>: Kho\u1ea3ng\u00a0<strong class=\"Yjhzub\" data-complete=\"true\">210mm \u0111\u1ebfn 250mm<\/strong><\/span><\/p>\n<ul data-complete=\"true\" data-processed=\"true\">\n<li data-hveid=\"CAEIBRAB\" data-complete=\"true\" data-sae=\"\"><span style=\"color: #000000; font-family: 'times new roman', times, serif; font-size: 14pt;\"><strong>\u00c1nh s\u00e1ng:<\/strong> 3000K (V\u00e0ng \u1ea5m), t\u1ea1o hi\u1ec7u \u1ee9ng sang tr\u1ecdng v\u00e0 \u1ea5m c\u00fang.<\/span><\/li>\n<li data-hveid=\"CAEIBRAC\" data-complete=\"true\" data-sae=\"\"><span style=\"color: #000000; font-family: 'times new roman', times, serif; font-size: 14pt;\"><strong>Ch\u1ec9 s\u1ed1 b\u1ea3o v\u1ec7:<\/strong> IP54 (Ch\u1ed1ng b\u1ee5i v\u00e0 n\u01b0\u1edbc b\u1eafn, an to\u00e0n khi l\u1eafp \u1edf h\u00e0nh lang ho\u1eb7c khu v\u1ef1c c\u00f3 \u0111\u1ed9 \u1ea9m cao).<\/span><\/li>\n<li data-hveid=\"CAEIBRAD\" data-complete=\"true\" data-sae=\"\"><span style=\"color: #000000; font-family: 'times new roman', times, serif; font-size: 14pt;\"><strong>Ch\u1ea5t li\u1ec7u:<\/strong> Th\u00e2n h\u1ee3p kim nh\u00f4m s\u01a1n t\u0129nh \u0111i\u1ec7n, b\u1ec1n b\u1ec9 v\u00e0 t\u1ea3n nhi\u1ec7t t\u1ed1t.<\/span><\/li>\n<\/ul>\n<div data-sfc-cp=\"\" data-complete=\"true\" data-processed=\"true\">\n<div id=\"attachment_14245\" style=\"width: 510px\" class=\"wp-caption aligncenter\"><img decoding=\"async\" aria-describedby=\"caption-attachment-14245\" class=\"wp-image-14245 size-full\" src=\"http:\/\/thietbidienlama.com\/wp-content\/uploads\/2026\/02\/Den-Tuong-Phong-Khach-Dep.jpg\" alt=\"\u0110\u00e8n T\u01b0\u1eddng Ph\u00f2ng Kh\u00e1ch \u0110\u1eb9p\" width=\"500\" height=\"500\" srcset=\"https:\/\/www.thietbidienlama.com\/wp-content\/uploads\/2026\/02\/Den-Tuong-Phong-Khach-Dep.jpg 500w, https:\/\/www.thietbidienlama.com\/wp-content\/uploads\/2026\/02\/Den-Tuong-Phong-Khach-Dep-300x300.jpg 300w, https:\/\/www.thietbidienlama.com\/wp-content\/uploads\/2026\/02\/Den-Tuong-Phong-Khach-Dep-150x150.jpg 150w, https:\/\/www.thietbidienlama.com\/wp-content\/uploads\/2026\/02\/Den-Tuong-Phong-Khach-Dep-12x12.jpg 12w\" sizes=\"(max-width: 500px) 100vw, 500px\" \/><p id=\"caption-attachment-14245\" class=\"wp-caption-text\">\u0110\u00e8n T\u01b0\u1eddng Ph\u00f2ng Kh\u00e1ch \u0110\u1eb9p<\/p><\/div>\n<\/div>\n<h2 role=\"heading\" aria-level=\"3\" data-complete=\"true\" data-processed=\"true\"><span style=\"color: #ff6600; font-size: 18pt; font-family: 'times new roman', times, serif;\">\u0110\u1eb7c \u0111i\u1ec3m thi\u1ebft k\u1ebf v\u00e0 \u1ee9ng d\u1ee5ng<\/span><\/h2>\n<ul data-complete=\"true\" data-processed=\"true\">\n<li data-hveid=\"CAEIChAA\" data-complete=\"true\" data-sae=\"\"><span style=\"color: #000000; font-family: 'times new roman', times, serif; font-size: 14pt;\"><strong>Ki\u1ec3u d\u00e1ng:<\/strong> T\u01b0\u01a1ng t\u1ef1 nh\u01b0 d\u00f2ng CN-37, m\u1eabu CN-39 c\u00f3 thi\u1ebft k\u1ebf\u00a0h\u00ecnh kh\u1ed1i t\u1ed1i gi\u1ea3n, hi\u1ec7n \u0111\u1ea1i v\u1edbi c\u01a1 ch\u1ebf h\u1eaft s\u00e1ng hai \u0111\u1ea7u ho\u1eb7c h\u1eaft m\u1ed9t m\u1eb7t (t\u00f9y bi\u1ebfn th\u1ec3 c\u1ee5 th\u1ec3), t\u1ea1o ra c\u00e1c d\u1ea3i s\u00e1ng s\u1eafc n\u00e9t tr\u00ean t\u01b0\u1eddng.<\/span><\/li>\n<li data-hveid=\"CAEIChAB\" data-complete=\"true\" data-sae=\"\"><span style=\"color: #000000; font-family: 'times new roman', times, serif; font-size: 14pt;\"><strong>V\u1ecb tr\u00ed l\u1eafp \u0111\u1eb7t:<\/strong> Ph\u00f9 h\u1ee3p cho v\u00e1ch ph\u00f2ng kh\u00e1ch, h\u00e0nh lang kh\u00e1ch s\u1ea1n, ho\u1eb7c trang tr\u00ed v\u00e1ch c\u1ea7u thang trong nh\u00e0.<\/span><\/li>\n<li data-hveid=\"CAEIChAC\" data-complete=\"true\" data-sae=\"\"><span style=\"color: #000000; font-family: 'times new roman', times, serif; font-size: 14pt;\"><strong>\u01afu \u0111i\u1ec3m:<\/strong> S\u1eed d\u1ee5ng chip LED hi\u1ec7n \u0111\u1ea1i gi\u00fap ti\u1ebft ki\u1ec7m \u0111i\u1ec7n n\u0103ng v\u00e0 kh\u00f4ng g\u00e2y ch\u00f3i m\u1eaft nh\u1edd c\u00f4ng ngh\u1ec7 h\u1eaft s\u00e1ng gi\u00e1n ti\u1ebfp.<\/span><\/li>\n<\/ul>\n<p class=\"Y3BBE\" data-hveid=\"CAEICBAA\" data-complete=\"true\" data-processed=\"true\"><span style=\"font-size: 14pt; color: #000000; font-family: 'times new roman', times, serif;\"><strong>LI\u00caN H\u1ec6 : Hotline: 0935 228 204 ( Ms Lam )<\/strong><\/span><\/p>\n<p><span style=\"font-size: 14pt; color: #000000; font-family: 'times new roman', times, serif;\"><strong>Facebook:\u00a0<span style=\"color: #ff6600;\"><a style=\"color: #ff6600;\" href=\"https:\/\/www.facebook.com\/thietbidienlama\" target=\"_blank\" rel=\"noopener\">THI\u1ebeT\u00a0B\u1eca \u0110I\u1ec6N LAMA<\/a><\/span><\/strong><\/span><\/p>\n<p><span style=\"font-size: 14pt; color: #000000; font-family: 'times new roman', times, serif;\"><strong>Tiktok:\u00a0<span style=\"color: #ff6600;\"><a style=\"color: #ff6600;\" href=\"https:\/\/www.tiktok.com\/@thietbidienlama\" target=\"_blank\" rel=\"noopener\">THI\u1ebeT\u00a0B\u1eca \u0110I\u1ec6N LAMA<\/a><\/span><\/strong><\/span><\/p>\n<p><span style=\"font-size: 14pt; color: #000000; font-family: 'times new roman', times, serif;\"><strong>Youtube: <span style=\"color: #ff6600;\"><a style=\"color: #ff6600;\" href=\"https:\/\/www.youtube.com\/@thietbidienlama\" target=\"_blank\" rel=\"noopener\">THI\u1ebeT\u00a0B\u1eca \u0110I\u1ec6N LAMA<\/a><\/span><\/strong><\/span><\/p>","protected":false},"excerpt":{"rendered":"<p>\u0110\u00e8n Treo T\u01b0\u1eddng Trong Nh\u00e0 CN-39 Euroto \u0110\u00e8n treo t\u01b0\u1eddng trong nh\u00e0 Euroto CN-39\u00a0l\u00e0 m\u1eabu \u0111\u00e8n h\u1eaft t\u01b0\u1eddng hi\u1ec7n \u0111\u1ea1i<\/p>","protected":false},"featured_media":14244,"comment_status":"closed","ping_status":"closed","template":"","meta":[],"product_brand":[],"product_cat":[505,848,845],"product_tag":[1043],"class_list":{"0":"post-13916","1":"product","2":"type-product","3":"status-publish","4":"has-post-thumbnail","6":"product_cat-den-trang-tri","7":"product_cat-den-tuong-euroto","8":"product_cat-den-tuong-trang-tri","9":"product_tag-den-treo-tuong-trong-nha","11":"first","12":"instock","13":"sale","14":"shipping-taxable","15":"purchasable","16":"product-type-simple"},"_links":{"self":[{"href":"https:\/\/www.thietbidienlama.com\/en\/wp-json\/wp\/v2\/product\/13916","targetHints":{"allow":["GET"]}}],"collection":[{"href":"https:\/\/www.thietbidienlama.com\/en\/wp-json\/wp\/v2\/product"}],"about":[{"href":"https:\/\/www.thietbidienlama.com\/en\/wp-json\/wp\/v2\/types\/product"}],"replies":[{"embeddable":true,"href":"https:\/\/www.thietbidienlama.com\/en\/wp-json\/wp\/v2\/comments?post=13916"}],"version-history":[{"count":6,"href":"https:\/\/www.thietbidienlama.com\/en\/wp-json\/wp\/v2\/product\/13916\/revisions"}],"predecessor-version":[{"id":14247,"href":"https:\/\/www.thietbidienlama.com\/en\/wp-json\/wp\/v2\/product\/13916\/revisions\/14247"}],"wp:featuredmedia":[{"embeddable":true,"href":"https:\/\/www.thietbidienlama.com\/en\/wp-json\/wp\/v2\/media\/14244"}],"wp:attachment":[{"href":"https:\/\/www.thietbidienlama.com\/en\/wp-json\/wp\/v2\/media?parent=13916"}],"wp:term":[{"taxonomy":"product_brand","embeddable":true,"href":"https:\/\/www.thietbidienlama.com\/en\/wp-json\/wp\/v2\/product_brand?post=13916"},{"taxonomy":"product_cat","embeddable":true,"href":"https:\/\/www.thietbidienlama.com\/en\/wp-json\/wp\/v2\/product_cat?post=13916"},{"taxonomy":"product_tag","embeddable":true,"href":"https:\/\/www.thietbidienlama.com\/en\/wp-json\/wp\/v2\/product_tag?post=13916"}],"curies":[{"name":"wp","href":"https:\/\/api.w.org\/{rel}","templated":true}]}}