{"id":13914,"date":"2026-02-23T11:09:59","date_gmt":"2026-02-23T04:09:59","guid":{"rendered":"https:\/\/thietbidienlama.com\/?post_type=product&#038;p=13914"},"modified":"2026-04-03T13:13:46","modified_gmt":"2026-04-03T06:13:46","slug":"den-trang-tri-trong-nha-cn-37-euroto","status":"publish","type":"product","link":"https:\/\/www.thietbidienlama.com\/en\/den-trang-tri-trong-nha-cn-37-euroto\/","title":{"rendered":"\u0110\u00e8n Trang Tr\u00ed Trong Nh\u00e0 CN-37 Euroto"},"content":{"rendered":"<h1 style=\"text-align: center;\"><span style=\"color: #000000; font-family: 'times new roman', times, serif; font-size: 18pt;\">\u0110\u00e8n Trang Tr\u00ed Trong Nh\u00e0 CN-37 Euroto<\/span><\/h1>\n<div data-sfc-cp=\"\" data-hveid=\"CAEIAhAA\" data-complete=\"true\" data-processed=\"true\"><span style=\"color: #000000; font-family: 'times new roman', times, serif; font-size: 14pt;\"><span style=\"color: #ff6600;\"><a style=\"color: #ff6600;\" href=\"https:\/\/thietbidienlama.com\/den-trang-tri-phong-khach\/\"><strong>\u0110\u00e8n trang tr\u00ed trong nh\u00e0<\/strong><\/a><\/span>\u00a0Euroto CN-37\u00a0(c\u00f2n \u0111\u01b0\u1ee3c bi\u1ebft \u0111\u1ebfn l\u00e0 \u0111\u00e8n v\u00e1ch t\u01b0\u1eddng 3000K IP54) l\u00e0 m\u1eabu \u0111\u00e8n h\u1eaft t\u01b0\u1eddng hi\u1ec7n \u0111\u1ea1i v\u1edbi thi\u1ebft k\u1ebf t\u1ed1i gi\u1ea3n, th\u01b0\u1eddng \u0111\u01b0\u1ee3c s\u1eed d\u1ee5ng \u0111\u1ec3 chi\u1ebfu s\u00e1ng trang tr\u00ed v\u00e1ch h\u00e0nh lang, ph\u00f2ng kh\u00e1ch ho\u1eb7c c\u00e1c khu v\u1ef1c c\u1ea7n \u0111i\u1ec3m nh\u1ea5n \u00e1nh s\u00e1ng nh\u1eb9 nh\u00e0ng.<\/span><\/div>\n<div data-sfc-cp=\"\" data-complete=\"true\" data-processed=\"true\">\n<div id=\"attachment_14244\" style=\"width: 510px\" class=\"wp-caption aligncenter\"><img fetchpriority=\"high\" decoding=\"async\" aria-describedby=\"caption-attachment-14244\" class=\"wp-image-14244 size-full\" src=\"http:\/\/thietbidienlama.com\/wp-content\/uploads\/2026\/02\/Den-Tuong-Phong-Khach-Dep-CN-41-Euroto-3.jpg\" alt=\"\u0110\u00e8n T\u01b0\u1eddng Ph\u00f2ng Kh\u00e1ch \u0110\u1eb9p\" width=\"500\" height=\"500\" srcset=\"https:\/\/www.thietbidienlama.com\/wp-content\/uploads\/2026\/02\/Den-Tuong-Phong-Khach-Dep-CN-41-Euroto-3.jpg 500w, https:\/\/www.thietbidienlama.com\/wp-content\/uploads\/2026\/02\/Den-Tuong-Phong-Khach-Dep-CN-41-Euroto-3-300x300.jpg 300w, https:\/\/www.thietbidienlama.com\/wp-content\/uploads\/2026\/02\/Den-Tuong-Phong-Khach-Dep-CN-41-Euroto-3-150x150.jpg 150w, https:\/\/www.thietbidienlama.com\/wp-content\/uploads\/2026\/02\/Den-Tuong-Phong-Khach-Dep-CN-41-Euroto-3-12x12.jpg 12w\" sizes=\"(max-width: 500px) 100vw, 500px\" \/><p id=\"caption-attachment-14244\" class=\"wp-caption-text\"><span style=\"font-family: 'times new roman', times, serif; font-size: 14pt;\">\u0110\u00e8n T\u01b0\u1eddng Ph\u00f2ng Kh\u00e1ch \u0110\u1eb9p<\/span><\/p><\/div>\n<\/div>\n<h2 role=\"heading\" aria-level=\"3\" data-complete=\"true\" data-processed=\"true\"><span style=\"color: #000000; font-size: 18pt; font-family: 'times new roman', times, serif;\">Th\u00f4ng s\u1ed1 k\u1ef9 thu\u1eadt<\/span><\/h2>\n<ul data-processed=\"true\" data-complete=\"true\">\n<li data-hveid=\"CAEIBRAA\" data-complete=\"true\" data-sae=\"\"><span style=\"color: #000000; font-family: 'times new roman', times, serif; font-size: 14pt;\">C\u00f4ng su\u1ea5t: 5W.<\/span><\/li>\n<li data-hveid=\"CAEIBRAA\" data-complete=\"true\" data-sae=\"\"><span style=\"font-family: 'times new roman', times, serif; font-size: 14pt;\">G\u00f3c chi\u1ebfu : 24 \u0111\u1ed9<\/span><\/li>\n<li data-hveid=\"CAEIBRAB\" data-complete=\"true\" data-sae=\"\"><span style=\"color: #000000; font-family: 'times new roman', times, serif; font-size: 14pt;\">\u00c1nh s\u00e1ng: 3000K (V\u00e0ng \u1ea5m).<\/span><\/li>\n<li data-hveid=\"CAEIBRAC\" data-complete=\"true\" data-sae=\"\"><span style=\"color: #000000; font-family: 'times new roman', times, serif; font-size: 14pt;\">Ch\u1ec9 s\u1ed1 b\u1ea3o v\u1ec7: IP54 (Kh\u00e1ng b\u1ee5i v\u00e0 ch\u1ed1ng n\u01b0\u1edbc b\u1eafn, gi\u00fap \u0111\u00e8n b\u1ec1n b\u1ec9 khi s\u1eed d\u1ee5ng trong m\u00f4i tr\u01b0\u1eddng c\u00f3 \u0111\u1ed9 \u1ea9m nh\u1eb9).<\/span><\/li>\n<li data-hveid=\"CAEIBRAD\" data-complete=\"true\" data-sae=\"\"><span style=\"color: #000000; font-family: 'times new roman', times, serif; font-size: 14pt;\">Th\u01b0\u01a1ng hi\u1ec7u: Euroto Lighting.<\/span><\/li>\n<li data-hveid=\"CAEIBRAE\" data-sae=\"\" data-complete=\"true\"><span style=\"color: #000000; font-family: 'times new roman', times, serif; font-size: 14pt;\">B\u1ea3o h\u00e0nh: 2 n\u0103m theo ch\u00ednh s\u00e1ch c\u1ee7a h\u00e3ng.<\/span><\/li>\n<\/ul>\n<div id=\"attachment_14245\" style=\"width: 510px\" class=\"wp-caption aligncenter\"><img decoding=\"async\" aria-describedby=\"caption-attachment-14245\" class=\"wp-image-14245 size-full\" src=\"http:\/\/thietbidienlama.com\/wp-content\/uploads\/2026\/02\/Den-Tuong-Phong-Khach-Dep.jpg\" alt=\"\u0110\u00e8n T\u01b0\u1eddng Ph\u00f2ng Kh\u00e1ch \u0110\u1eb9p\" width=\"500\" height=\"500\" srcset=\"https:\/\/www.thietbidienlama.com\/wp-content\/uploads\/2026\/02\/Den-Tuong-Phong-Khach-Dep.jpg 500w, https:\/\/www.thietbidienlama.com\/wp-content\/uploads\/2026\/02\/Den-Tuong-Phong-Khach-Dep-300x300.jpg 300w, https:\/\/www.thietbidienlama.com\/wp-content\/uploads\/2026\/02\/Den-Tuong-Phong-Khach-Dep-150x150.jpg 150w, https:\/\/www.thietbidienlama.com\/wp-content\/uploads\/2026\/02\/Den-Tuong-Phong-Khach-Dep-12x12.jpg 12w\" sizes=\"(max-width: 500px) 100vw, 500px\" \/><p id=\"caption-attachment-14245\" class=\"wp-caption-text\">\u0110\u00e8n T\u01b0\u1eddng Ph\u00f2ng Kh\u00e1ch \u0110\u1eb9p<\/p><\/div>\n<p class=\"Y3BBE\" data-hveid=\"CAEICBAA\" data-complete=\"true\" data-processed=\"true\"><span style=\"font-size: 14pt; color: #000000; font-family: 'times new roman', times, serif;\"><strong>LI\u00caN H\u1ec6 : Hotline: 0935 228 204 ( Ms Lam )<\/strong><\/span><\/p>\n<p><span style=\"font-size: 14pt; color: #000000; font-family: 'times new roman', times, serif;\"><strong>Facebook:\u00a0<span style=\"color: #ff6600;\"><a style=\"color: #ff6600;\" href=\"https:\/\/www.facebook.com\/thietbidienlama\" target=\"_blank\" rel=\"noopener\">THI\u1ebeT\u00a0B\u1eca \u0110I\u1ec6N LAMA<\/a><\/span><\/strong><\/span><\/p>\n<p><span style=\"font-size: 14pt; color: #000000; font-family: 'times new roman', times, serif;\"><strong>Tiktok:\u00a0<span style=\"color: #ff6600;\"><a style=\"color: #ff6600;\" href=\"https:\/\/www.tiktok.com\/@thietbidienlama\" target=\"_blank\" rel=\"noopener\">THI\u1ebeT\u00a0B\u1eca \u0110I\u1ec6N LAMA<\/a><\/span><\/strong><\/span><\/p>\n<p><span style=\"font-size: 14pt; color: #000000; font-family: 'times new roman', times, serif;\"><strong>Youtube: <span style=\"color: #ff6600;\"><a style=\"color: #ff6600;\" href=\"https:\/\/www.youtube.com\/@thietbidienlama\" target=\"_blank\" rel=\"noopener\">THI\u1ebeT\u00a0B\u1eca \u0110I\u1ec6N LAMA<\/a><\/span><\/strong><\/span><\/p>","protected":false},"excerpt":{"rendered":"<p>\u0110\u00e8n Trang Tr\u00ed Trong Nh\u00e0 CN-37 Euroto \u0110\u00e8n trang tr\u00ed trong nh\u00e0\u00a0Euroto CN-37\u00a0(c\u00f2n \u0111\u01b0\u1ee3c bi\u1ebft \u0111\u1ebfn l\u00e0 \u0111\u00e8n v\u00e1ch t\u01b0\u1eddng<\/p>","protected":false},"featured_media":14244,"comment_status":"closed","ping_status":"closed","template":"","meta":[],"product_brand":[],"product_cat":[505,1057,850,848,845],"product_tag":[1042],"class_list":{"0":"post-13914","1":"product","2":"type-product","3":"status-publish","4":"has-post-thumbnail","6":"product_cat-den-trang-tri","7":"product_cat-den-trang-tri-cau-thang","8":"product_cat-den-trang-tri-phong-khach","9":"product_cat-den-tuong-euroto","10":"product_cat-den-tuong-trang-tri","11":"product_tag-den-trang-tri-trong-nha","13":"first","14":"instock","15":"sale","16":"shipping-taxable","17":"purchasable","18":"product-type-simple"},"_links":{"self":[{"href":"https:\/\/www.thietbidienlama.com\/en\/wp-json\/wp\/v2\/product\/13914","targetHints":{"allow":["GET"]}}],"collection":[{"href":"https:\/\/www.thietbidienlama.com\/en\/wp-json\/wp\/v2\/product"}],"about":[{"href":"https:\/\/www.thietbidienlama.com\/en\/wp-json\/wp\/v2\/types\/product"}],"replies":[{"embeddable":true,"href":"https:\/\/www.thietbidienlama.com\/en\/wp-json\/wp\/v2\/comments?post=13914"}],"version-history":[{"count":4,"href":"https:\/\/www.thietbidienlama.com\/en\/wp-json\/wp\/v2\/product\/13914\/revisions"}],"predecessor-version":[{"id":14249,"href":"https:\/\/www.thietbidienlama.com\/en\/wp-json\/wp\/v2\/product\/13914\/revisions\/14249"}],"wp:featuredmedia":[{"embeddable":true,"href":"https:\/\/www.thietbidienlama.com\/en\/wp-json\/wp\/v2\/media\/14244"}],"wp:attachment":[{"href":"https:\/\/www.thietbidienlama.com\/en\/wp-json\/wp\/v2\/media?parent=13914"}],"wp:term":[{"taxonomy":"product_brand","embeddable":true,"href":"https:\/\/www.thietbidienlama.com\/en\/wp-json\/wp\/v2\/product_brand?post=13914"},{"taxonomy":"product_cat","embeddable":true,"href":"https:\/\/www.thietbidienlama.com\/en\/wp-json\/wp\/v2\/product_cat?post=13914"},{"taxonomy":"product_tag","embeddable":true,"href":"https:\/\/www.thietbidienlama.com\/en\/wp-json\/wp\/v2\/product_tag?post=13914"}],"curies":[{"name":"wp","href":"https:\/\/api.w.org\/{rel}","templated":true}]}}