{"id":13911,"date":"2026-02-23T10:17:11","date_gmt":"2026-02-23T03:17:11","guid":{"rendered":"https:\/\/thietbidienlama.com\/?post_type=product&#038;p=13911"},"modified":"2026-04-03T15:49:49","modified_gmt":"2026-04-03T08:49:49","slug":"den-trang-tri-tuong-cau-thang-cn-16-euroto","status":"publish","type":"product","link":"https:\/\/www.thietbidienlama.com\/en\/den-trang-tri-tuong-cau-thang-cn-16-euroto\/","title":{"rendered":"\u0110\u00e8n Trang Tr\u00ed T\u01b0\u1eddng C\u1ea7u Thang CN-16 Euroto"},"content":{"rendered":"<h2 style=\"text-align: center;\" data-hveid=\"CAEIAhAA\" data-complete=\"true\" data-processed=\"true\"><span style=\"color: #000000;\">\u0110\u00e8n Trang Tr\u00ed T\u01b0\u1eddng C\u1ea7u Thang CN-16 Euroto<\/span><\/h2>\n<div data-sfc-cp=\"\" data-hveid=\"CAEIAhAA\" data-complete=\"true\" data-processed=\"true\"><\/div>\n<div data-sfc-cp=\"\" data-hveid=\"CAEIAhAA\" data-complete=\"true\" data-processed=\"true\"><span style=\"color: #000000;\"><span style=\"color: #ff6600;\"><strong><a style=\"color: #ff6600;\" href=\"https:\/\/thietbidienlama.com\/den-tuong-trang-tri\/\">\u0110\u00e8n trang tr\u00ed t\u01b0\u1eddng c\u1ea7u thang<\/a><\/strong><\/span>\u00a0Euroto CN-16 l\u00e0 phi\u00ean b\u1ea3n c\u00f3 k\u00edch th\u01b0\u1edbc l\u1edbn h\u01a1n c\u1ee7a d\u00f2ng CN-15, \u0111\u01b0\u1ee3c thi\u1ebft k\u1ebf chuy\u00ean bi\u1ec7t \u0111\u1ec3 chi\u1ebfu s\u00e1ng \u0111i\u1ec3m xuy\u1ebft cho l\u1ed1i \u0111i, c\u1ea7u thang ho\u1eb7c v\u00e1ch t\u01b0\u1eddng n\u1ed9i\/ngo\u1ea1i th\u1ea5t.<\/span><\/div>\n<div data-sfc-cp=\"\" data-complete=\"true\" data-processed=\"true\"><img fetchpriority=\"high\" decoding=\"async\" class=\"aligncenter wp-image-13912\" src=\"http:\/\/thietbidienlama.com\/wp-content\/uploads\/2026\/02\/Den-Trang-Tri-Tuong-Cau-Thang-CN-16-Euroto-300x300.jpg\" alt=\"\" width=\"500\" height=\"500\" srcset=\"https:\/\/www.thietbidienlama.com\/wp-content\/uploads\/2026\/02\/Den-Trang-Tri-Tuong-Cau-Thang-CN-16-Euroto-300x300.jpg 300w, https:\/\/www.thietbidienlama.com\/wp-content\/uploads\/2026\/02\/Den-Trang-Tri-Tuong-Cau-Thang-CN-16-Euroto-150x150.jpg 150w, https:\/\/www.thietbidienlama.com\/wp-content\/uploads\/2026\/02\/Den-Trang-Tri-Tuong-Cau-Thang-CN-16-Euroto-12x12.jpg 12w, https:\/\/www.thietbidienlama.com\/wp-content\/uploads\/2026\/02\/Den-Trang-Tri-Tuong-Cau-Thang-CN-16-Euroto-600x600.jpg 600w, https:\/\/www.thietbidienlama.com\/wp-content\/uploads\/2026\/02\/Den-Trang-Tri-Tuong-Cau-Thang-CN-16-Euroto.jpg 645w\" sizes=\"(max-width: 500px) 100vw, 500px\" \/><\/div>\n<h3 role=\"heading\" aria-level=\"3\" data-complete=\"true\" data-processed=\"true\"><span style=\"color: #000000; font-size: 14pt;\">Th\u00f4ng s\u1ed1 k\u1ef9 thu\u1eadt<\/span><\/h3>\n<ul data-complete=\"true\" data-processed=\"true\">\n<li data-hveid=\"CAEIBRAA\" data-complete=\"true\" data-sae=\"\"><span style=\"color: #000000;\">M\u00e3 s\u1ea3n ph\u1ea9m: CN-16.<\/span><\/li>\n<li data-hveid=\"CAEIBRAB\" data-complete=\"true\" data-sae=\"\"><span style=\"color: #000000;\">C\u00f4ng su\u1ea5t: 10W &#8211; 12W (t\u00f9y phi\u00ean b\u1ea3n chip LED \u0111\u01b0\u1ee3c s\u1eed d\u1ee5ng).<\/span><\/li>\n<li data-hveid=\"CAEIBRAC\" data-complete=\"true\" data-sae=\"\"><span style=\"color: #000000;\">K\u00edch th\u01b0\u1edbc: L100 x W70 x H210 mm (Cao h\u01a1n so v\u1edbi d\u00f2ng CN-15 c\u00f3 chi\u1ec1u cao 160mm).<\/span><\/li>\n<li data-hveid=\"CAEIBRAD\" data-complete=\"true\" data-sae=\"\"><span style=\"color: #000000;\">\u00c1nh s\u00e1ng: 3000K (V\u00e0ng \u1ea5m), t\u1ea1o c\u1ea3m gi\u00e1c d\u1ec5 ch\u1ecbu v\u00e0 sang tr\u1ecdng cho khu v\u1ef1c c\u1ea7u thang.<\/span><\/li>\n<li data-hveid=\"CAEIBRAE\" data-complete=\"true\" data-sae=\"\"><span style=\"color: #000000;\">Ch\u1ec9 s\u1ed1 b\u1ea3o v\u1ec7: IP54 (Ch\u1ed1ng b\u1ee5i v\u00e0 n\u01b0\u1edbc b\u1eafn, an to\u00e0n khi l\u1eafp \u0111\u1eb7t t\u1ea1i c\u00e1c khu v\u1ef1c b\u00e1n l\u1ed9 thi\u00ean nh\u01b0 h\u00e0nh lang, ban c\u00f4ng).<\/span><\/li>\n<li data-hveid=\"CAEIBRAF\" data-complete=\"true\" data-sae=\"\"><span style=\"color: #000000;\">Ch\u1ea5t li\u1ec7u: Th\u00e2n b\u1eb1ng h\u1ee3p kim s\u01a1n t\u0129nh \u0111i\u1ec7n cao c\u1ea5p, ch\u1ed1ng oxy h\u00f3a.<\/span><\/li>\n<\/ul>\n<div data-sfc-cp=\"\" data-complete=\"true\" data-processed=\"true\">\n<div id=\"attachment_14250\" style=\"width: 510px\" class=\"wp-caption aligncenter\"><img decoding=\"async\" aria-describedby=\"caption-attachment-14250\" class=\"wp-image-14250 size-full\" src=\"http:\/\/thietbidienlama.com\/wp-content\/uploads\/2026\/02\/Den-Trang-Tri-Tuong-Cau-Thang-CN-16.jpg\" alt=\"\u0110\u00e8n Trang Tr\u00ed T\u01b0\u1eddng C\u1ea7u Thang CN-16\" width=\"500\" height=\"500\" srcset=\"https:\/\/www.thietbidienlama.com\/wp-content\/uploads\/2026\/02\/Den-Trang-Tri-Tuong-Cau-Thang-CN-16.jpg 500w, https:\/\/www.thietbidienlama.com\/wp-content\/uploads\/2026\/02\/Den-Trang-Tri-Tuong-Cau-Thang-CN-16-300x300.jpg 300w, https:\/\/www.thietbidienlama.com\/wp-content\/uploads\/2026\/02\/Den-Trang-Tri-Tuong-Cau-Thang-CN-16-150x150.jpg 150w, https:\/\/www.thietbidienlama.com\/wp-content\/uploads\/2026\/02\/Den-Trang-Tri-Tuong-Cau-Thang-CN-16-12x12.jpg 12w\" sizes=\"(max-width: 500px) 100vw, 500px\" \/><p id=\"caption-attachment-14250\" class=\"wp-caption-text\">\u0110\u00e8n Trang Tr\u00ed T\u01b0\u1eddng C\u1ea7u Thang CN-16<\/p><\/div>\n<\/div>\n<h3 role=\"heading\" aria-level=\"3\" data-complete=\"true\" data-processed=\"true\"><span style=\"color: #000000; font-size: 14pt;\">\u0110\u1eb7c \u0111i\u1ec3m n\u1ed5i b\u1eadt<\/span><\/h3>\n<ul data-complete=\"true\" data-processed=\"true\">\n<li data-hveid=\"CAEIChAA\" data-complete=\"true\" data-sae=\"\"><span style=\"color: #000000;\">Thi\u1ebft k\u1ebf hi\u1ec7n \u0111\u1ea1i: Ki\u1ec3u d\u00e1ng h\u00ecnh kh\u1ed1i t\u1ed1i gi\u1ea3n, h\u1eaft s\u00e1ng hai \u0111\u1ea7u (tr\u00ean v\u00e0 d\u01b0\u1edbi) gi\u00fap t\u1ea1o hi\u1ec7u \u1ee9ng th\u1ecb gi\u00e1c m\u1ea1nh m\u1ebd tr\u00ean b\u1ec1 m\u1eb7t t\u01b0\u1eddng.<\/span><\/li>\n<li data-hveid=\"CAEIChAB\" data-complete=\"true\" data-sae=\"\"><span style=\"color: #000000;\">\u0110\u1ed9 b\u1ec1n cao: S\u1eed d\u1ee5ng chip LED COB ho\u1eb7c SMD th\u1ebf h\u1ec7 m\u1edbi, cho tu\u1ed5i th\u1ecd chi\u1ebfu s\u00e1ng l\u00ean \u0111\u1ebfn 20.000 &#8211; 30.000 gi\u1edd.<\/span><\/li>\n<li data-hveid=\"CAEIChAB\" data-complete=\"true\" data-sae=\"\"><span style=\"color: #000000;\">\u1ee8ng d\u1ee5ng linh ho\u1ea1t: Ngo\u00e0i c\u1ea7u thang, \u0111\u00e8n c\u00f2n ph\u00f9 h\u1ee3p cho v\u00e1ch ph\u00f2ng kh\u00e1ch, tr\u1ee5 c\u1ed5ng ho\u1eb7c trang tr\u00ed s\u1ea3nh kh\u00e1ch s\u1ea1n.<\/span><\/li>\n<\/ul>\n<p class=\"Y3BBE\" data-hveid=\"CAEICBAA\" data-complete=\"true\" data-processed=\"true\"><span style=\"font-size: 12pt; color: #000000;\"><strong>LI\u00caN H\u1ec6 : Hotline: 0935 228 204 ( Ms Lam )<\/strong><\/span><\/p>\n<p><span style=\"font-size: 12pt; color: #000000;\"><strong>Facebook:\u00a0<span style=\"color: #ff6600;\"><a style=\"color: #ff6600;\" href=\"https:\/\/www.facebook.com\/thietbidienlama\" target=\"_blank\" rel=\"noopener\">THI\u1ebeT\u00a0B\u1eca \u0110I\u1ec6N LAMA<\/a><\/span><\/strong><\/span><\/p>\n<p><span style=\"font-size: 12pt; color: #000000;\"><strong>Tiktok:\u00a0<span style=\"color: #ff6600;\"><a style=\"color: #ff6600;\" href=\"https:\/\/www.tiktok.com\/@thietbidienlama\" target=\"_blank\" rel=\"noopener\">THI\u1ebeT\u00a0B\u1eca \u0110I\u1ec6N LAMA<\/a><\/span><\/strong><\/span><\/p>\n<p><span style=\"font-size: 12pt; color: #000000;\"><strong>Youtube: <span style=\"color: #ff6600;\"><a style=\"color: #ff6600;\" href=\"https:\/\/www.youtube.com\/@thietbidienlama\" target=\"_blank\" rel=\"noopener\">THI\u1ebeT\u00a0B\u1eca \u0110I\u1ec6N LAMA<\/a><\/span><\/strong><\/span><\/p>","protected":false},"excerpt":{"rendered":"<p>\u0110\u00e8n Trang Tr\u00ed T\u01b0\u1eddng C\u1ea7u Thang CN-16 Euroto \u0110\u00e8n trang tr\u00ed t\u01b0\u1eddng c\u1ea7u thang\u00a0Euroto CN-16 l\u00e0 phi\u00ean b\u1ea3n c\u00f3 k\u00edch<\/p>","protected":false},"featured_media":13912,"comment_status":"closed","ping_status":"closed","template":"","meta":[],"product_brand":[],"product_cat":[505,848,845],"product_tag":[1067],"class_list":{"0":"post-13911","1":"product","2":"type-product","3":"status-publish","4":"has-post-thumbnail","6":"product_cat-den-trang-tri","7":"product_cat-den-tuong-euroto","8":"product_cat-den-tuong-trang-tri","9":"product_tag-den-trang-tri-tuong-cau-thang","11":"first","12":"instock","13":"sale","14":"shipping-taxable","15":"purchasable","16":"product-type-simple"},"_links":{"self":[{"href":"https:\/\/www.thietbidienlama.com\/en\/wp-json\/wp\/v2\/product\/13911","targetHints":{"allow":["GET"]}}],"collection":[{"href":"https:\/\/www.thietbidienlama.com\/en\/wp-json\/wp\/v2\/product"}],"about":[{"href":"https:\/\/www.thietbidienlama.com\/en\/wp-json\/wp\/v2\/types\/product"}],"replies":[{"embeddable":true,"href":"https:\/\/www.thietbidienlama.com\/en\/wp-json\/wp\/v2\/comments?post=13911"}],"version-history":[{"count":3,"href":"https:\/\/www.thietbidienlama.com\/en\/wp-json\/wp\/v2\/product\/13911\/revisions"}],"predecessor-version":[{"id":14252,"href":"https:\/\/www.thietbidienlama.com\/en\/wp-json\/wp\/v2\/product\/13911\/revisions\/14252"}],"wp:featuredmedia":[{"embeddable":true,"href":"https:\/\/www.thietbidienlama.com\/en\/wp-json\/wp\/v2\/media\/13912"}],"wp:attachment":[{"href":"https:\/\/www.thietbidienlama.com\/en\/wp-json\/wp\/v2\/media?parent=13911"}],"wp:term":[{"taxonomy":"product_brand","embeddable":true,"href":"https:\/\/www.thietbidienlama.com\/en\/wp-json\/wp\/v2\/product_brand?post=13911"},{"taxonomy":"product_cat","embeddable":true,"href":"https:\/\/www.thietbidienlama.com\/en\/wp-json\/wp\/v2\/product_cat?post=13911"},{"taxonomy":"product_tag","embeddable":true,"href":"https:\/\/www.thietbidienlama.com\/en\/wp-json\/wp\/v2\/product_tag?post=13911"}],"curies":[{"name":"wp","href":"https:\/\/api.w.org\/{rel}","templated":true}]}}