{"id":13908,"date":"2026-02-23T10:06:03","date_gmt":"2026-02-23T03:06:03","guid":{"rendered":"https:\/\/thietbidienlama.com\/?post_type=product&#038;p=13908"},"modified":"2026-04-03T15:55:21","modified_gmt":"2026-04-03T08:55:21","slug":"den-trang-tri-tuong-trong-nha-cn-15","status":"publish","type":"product","link":"https:\/\/www.thietbidienlama.com\/en\/den-trang-tri-tuong-trong-nha-cn-15\/","title":{"rendered":"\u0110\u00e8n Trang Tr\u00ed T\u01b0\u1eddng Trong Nh\u00e0 CN-15 Euroto"},"content":{"rendered":"<h1 style=\"text-align: center;\"><span style=\"color: #000000; font-family: 'times new roman', times, serif; font-size: 18pt;\">\u0110\u00e8n Trang Tr\u00ed T\u01b0\u1eddng Trong Nh\u00e0 CN-15 Euroto<\/span><\/h1>\n<div data-sfc-cp=\"\" data-hveid=\"CAEIAhAA\" data-complete=\"true\" data-processed=\"true\"><span style=\"color: #000000; font-family: 'times new roman', times, serif; font-size: 14pt;\"><span style=\"color: #ff6600;\"><strong><a style=\"color: #ff6600;\" href=\"https:\/\/thietbidienlama.com\/den-trang-tri-phong-khach\/\">\u0110\u00e8n trang tr\u00ed t\u01b0\u1eddng trong nh\u00e0<\/a><\/strong><\/span>\u00a0CN-15 Euroto l\u00e0 m\u1eabu \u0111\u00e8n v\u00e1ch t\u01b0\u1eddng hi\u1ec7n \u0111\u1ea1i, th\u01b0\u1eddng \u0111\u01b0\u1ee3c s\u1eed d\u1ee5ng \u0111\u1ec3 chi\u1ebfu s\u00e1ng trang tr\u00ed h\u00e0nh lang, ph\u00f2ng kh\u00e1ch ho\u1eb7c ph\u00f2ng ng\u1ee7.<\/span><\/div>\n<div data-sfc-cp=\"\" data-hveid=\"CAEIAhAA\" data-complete=\"true\" data-processed=\"true\"><\/div>\n<div data-sfc-cp=\"\" data-complete=\"true\" data-processed=\"true\">\n<div id=\"attachment_13909\" style=\"width: 510px\" class=\"wp-caption aligncenter\"><img fetchpriority=\"high\" decoding=\"async\" aria-describedby=\"caption-attachment-13909\" class=\"wp-image-13909\" src=\"http:\/\/thietbidienlama.com\/wp-content\/uploads\/2026\/02\/den-trang-tri-tuong-trong-nha-CN-15-Euroto-300x300.jpg\" alt=\"\u0111\u00e8n Trang Tr\u00ed T\u01b0\u1eddng Trong Nh\u00e0 CN 15 Euroto\" width=\"500\" height=\"500\" srcset=\"https:\/\/www.thietbidienlama.com\/wp-content\/uploads\/2026\/02\/den-trang-tri-tuong-trong-nha-CN-15-Euroto-300x300.jpg 300w, https:\/\/www.thietbidienlama.com\/wp-content\/uploads\/2026\/02\/den-trang-tri-tuong-trong-nha-CN-15-Euroto-150x150.jpg 150w, https:\/\/www.thietbidienlama.com\/wp-content\/uploads\/2026\/02\/den-trang-tri-tuong-trong-nha-CN-15-Euroto-12x12.jpg 12w, https:\/\/www.thietbidienlama.com\/wp-content\/uploads\/2026\/02\/den-trang-tri-tuong-trong-nha-CN-15-Euroto-600x600.jpg 600w, https:\/\/www.thietbidienlama.com\/wp-content\/uploads\/2026\/02\/den-trang-tri-tuong-trong-nha-CN-15-Euroto.jpg 645w\" sizes=\"(max-width: 500px) 100vw, 500px\" \/><p id=\"caption-attachment-13909\" class=\"wp-caption-text\"><\/span> <span style=\"font-family: 'times new roman', times, serif; font-size: 14pt;\">\u0111\u00e8n Trang Tr\u00ed T\u01b0\u1eddng Trong Nh\u00e0 CN 15 Euroto<\/span><\/p><\/div>\n<\/div>\n<h2 role=\"heading\" aria-level=\"3\" data-complete=\"true\" data-processed=\"true\"><span style=\"color: #ff6600; font-size: 18pt; font-family: 'times new roman', times, serif;\">Th\u00f4ng s\u1ed1 k\u1ef9 thu\u1eadt<\/span><\/h2>\n<div data-sfc-cp=\"\" data-hveid=\"CAEIBBAA\" data-complete=\"true\" data-processed=\"true\"><span style=\"color: #000000; font-family: 'times new roman', times, serif; font-size: 14pt;\">C\u00e1c \u0111\u1eb7c t\u00ednh k\u1ef9 thu\u1eadt sau:<\/span><\/div>\n<ul data-complete=\"true\" data-processed=\"true\">\n<li data-hveid=\"CAEIBRAA\" data-complete=\"true\" data-sae=\"\"><span style=\"color: #000000; font-family: 'times new roman', times, serif; font-size: 14pt;\">C\u00f4ng su\u1ea5t: 8W.<\/span><\/li>\n<li data-hveid=\"CAEIBRAB\" data-complete=\"true\" data-sae=\"\"><span style=\"color: #000000; font-family: 'times new roman', times, serif; font-size: 14pt;\">\u00c1nh s\u00e1ng: 3000K (V\u00e0ng \u1ea5m).<\/span><\/li>\n<li data-hveid=\"CAEIBRAC\" data-complete=\"true\" data-sae=\"\"><span style=\"color: #000000; font-family: 'times new roman', times, serif; font-size: 14pt;\">K\u00edch th\u01b0\u1edbc: L100 x W70 x H160 mm.<\/span><\/li>\n<li data-hveid=\"CAEIBRAD\" data-complete=\"true\" data-sae=\"\"><span style=\"color: #000000; font-family: 'times new roman', times, serif; font-size: 14pt;\">Ch\u1ec9 s\u1ed1 b\u1ea3o v\u1ec7: IP54 (Ch\u1ed1ng b\u1ee5i v\u00e0 tia n\u01b0\u1edbc t\u1eeb m\u1ecdi h\u01b0\u1edbng, ph\u00f9 h\u1ee3p l\u1eafp \u0111\u1eb7t trong nh\u00e0 ho\u1eb7c khu v\u1ef1c c\u00f3 m\u00e1i che).<\/span><\/li>\n<li data-hveid=\"CAEIBRAE\" data-complete=\"true\" data-sae=\"\"><span style=\"color: #000000; font-family: 'times new roman', times, serif; font-size: 14pt;\" data-sfc-cp=\"\" data-complete=\"true\" aria-owns=\"action-menu-parent-container\">Ch\u1ea5t li\u1ec7u: Th\u00e2n \u0111\u00e8n ch\u1eafc ch\u1eafn, thi\u1ebft k\u1ebf t\u1ed1i gi\u1ea3n h\u00ecnh kh\u1ed1i.<\/span><\/li>\n<\/ul>\n<div id=\"attachment_14253\" style=\"width: 510px\" class=\"wp-caption aligncenter\"><img decoding=\"async\" aria-describedby=\"caption-attachment-14253\" class=\"wp-image-14253 size-full\" src=\"http:\/\/thietbidienlama.com\/wp-content\/uploads\/2026\/02\/Den-Trang-Tri-Tuong-Cau-Thang-CN-16-Euroto-1.jpg\" alt=\"\u0110\u00e8n Trang Tr\u00ed T\u01b0\u1eddng C\u1ea7u Thang CN 16 Euroto\" width=\"500\" height=\"500\" srcset=\"https:\/\/www.thietbidienlama.com\/wp-content\/uploads\/2026\/02\/Den-Trang-Tri-Tuong-Cau-Thang-CN-16-Euroto-1.jpg 500w, https:\/\/www.thietbidienlama.com\/wp-content\/uploads\/2026\/02\/Den-Trang-Tri-Tuong-Cau-Thang-CN-16-Euroto-1-300x300.jpg 300w, https:\/\/www.thietbidienlama.com\/wp-content\/uploads\/2026\/02\/Den-Trang-Tri-Tuong-Cau-Thang-CN-16-Euroto-1-150x150.jpg 150w, https:\/\/www.thietbidienlama.com\/wp-content\/uploads\/2026\/02\/Den-Trang-Tri-Tuong-Cau-Thang-CN-16-Euroto-1-12x12.jpg 12w\" sizes=\"(max-width: 500px) 100vw, 500px\" \/><p id=\"caption-attachment-14253\" class=\"wp-caption-text\"><\/span> <span style=\"font-family: 'times new roman', times, serif; font-size: 14pt;\">\u0110\u00e8n Trang Tr\u00ed T\u01b0\u1eddng C\u1ea7u Thang CN 16 Euroto<\/span><\/p><\/div>\n<p class=\"Y3BBE\" data-hveid=\"CAEICBAA\" data-complete=\"true\" data-processed=\"true\"><span style=\"font-size: 14pt; color: #000000; font-family: 'times new roman', times, serif;\"><strong>LI\u00caN H\u1ec6 : Hotline: 0935 228 204 ( Ms Lam )<\/strong><\/span><\/p>\n<p><span style=\"font-size: 14pt; color: #000000; font-family: 'times new roman', times, serif;\"><strong>Facebook:\u00a0<span style=\"color: #ff6600;\"><a style=\"color: #ff6600;\" href=\"https:\/\/www.facebook.com\/thietbidienlama\" target=\"_blank\" rel=\"noopener\">THI\u1ebeT\u00a0B\u1eca \u0110I\u1ec6N LAMA<\/a><\/span><\/strong><\/span><\/p>\n<p><span style=\"font-size: 14pt; color: #000000; font-family: 'times new roman', times, serif;\"><strong>Tiktok:\u00a0<span style=\"color: #ff6600;\"><a style=\"color: #ff6600;\" href=\"https:\/\/www.tiktok.com\/@thietbidienlama\" target=\"_blank\" rel=\"noopener\">THI\u1ebeT\u00a0B\u1eca \u0110I\u1ec6N LAMA<\/a><\/span><\/strong><\/span><\/p>\n<p><span style=\"font-size: 14pt; color: #000000; font-family: 'times new roman', times, serif;\"><strong>Youtube: <span style=\"color: #ff6600;\"><a style=\"color: #ff6600;\" href=\"https:\/\/www.youtube.com\/@thietbidienlama\" target=\"_blank\" rel=\"noopener\">THI\u1ebeT\u00a0B\u1eca \u0110I\u1ec6N LAMA<\/a><\/span><\/strong><\/span><\/p>","protected":false},"excerpt":{"rendered":"<p>\u0110\u00e8n Trang Tr\u00ed T\u01b0\u1eddng Trong Nh\u00e0 CN-15 Euroto \u0110\u00e8n trang tr\u00ed t\u01b0\u1eddng trong nh\u00e0\u00a0CN-15 Euroto l\u00e0 m\u1eabu \u0111\u00e8n v\u00e1ch t\u01b0\u1eddng<\/p>","protected":false},"featured_media":13909,"comment_status":"closed","ping_status":"closed","template":"","meta":[],"product_brand":[],"product_cat":[505,848,845],"product_tag":[1041],"class_list":{"0":"post-13908","1":"product","2":"type-product","3":"status-publish","4":"has-post-thumbnail","6":"product_cat-den-trang-tri","7":"product_cat-den-tuong-euroto","8":"product_cat-den-tuong-trang-tri","9":"product_tag-den-trang-tri-tuong-trong-nha","11":"first","12":"instock","13":"sale","14":"shipping-taxable","15":"purchasable","16":"product-type-simple"},"_links":{"self":[{"href":"https:\/\/www.thietbidienlama.com\/en\/wp-json\/wp\/v2\/product\/13908","targetHints":{"allow":["GET"]}}],"collection":[{"href":"https:\/\/www.thietbidienlama.com\/en\/wp-json\/wp\/v2\/product"}],"about":[{"href":"https:\/\/www.thietbidienlama.com\/en\/wp-json\/wp\/v2\/types\/product"}],"replies":[{"embeddable":true,"href":"https:\/\/www.thietbidienlama.com\/en\/wp-json\/wp\/v2\/comments?post=13908"}],"version-history":[{"count":3,"href":"https:\/\/www.thietbidienlama.com\/en\/wp-json\/wp\/v2\/product\/13908\/revisions"}],"predecessor-version":[{"id":14255,"href":"https:\/\/www.thietbidienlama.com\/en\/wp-json\/wp\/v2\/product\/13908\/revisions\/14255"}],"wp:featuredmedia":[{"embeddable":true,"href":"https:\/\/www.thietbidienlama.com\/en\/wp-json\/wp\/v2\/media\/13909"}],"wp:attachment":[{"href":"https:\/\/www.thietbidienlama.com\/en\/wp-json\/wp\/v2\/media?parent=13908"}],"wp:term":[{"taxonomy":"product_brand","embeddable":true,"href":"https:\/\/www.thietbidienlama.com\/en\/wp-json\/wp\/v2\/product_brand?post=13908"},{"taxonomy":"product_cat","embeddable":true,"href":"https:\/\/www.thietbidienlama.com\/en\/wp-json\/wp\/v2\/product_cat?post=13908"},{"taxonomy":"product_tag","embeddable":true,"href":"https:\/\/www.thietbidienlama.com\/en\/wp-json\/wp\/v2\/product_tag?post=13908"}],"curies":[{"name":"wp","href":"https:\/\/api.w.org\/{rel}","templated":true}]}}