{"id":13904,"date":"2026-02-05T14:08:27","date_gmt":"2026-02-05T07:08:27","guid":{"rendered":"https:\/\/thietbidienlama.com\/?post_type=product&#038;p=13904"},"modified":"2026-02-05T14:08:27","modified_gmt":"2026-02-05T07:08:27","slug":"den-panel-op-tran-noi-loai-tron-30w-doi-mau","status":"publish","type":"product","link":"https:\/\/www.thietbidienlama.com\/en\/den-panel-op-tran-noi-loai-tron-30w-doi-mau\/","title":{"rendered":"\u0110\u00e8n Panel \u1ed0p Tr\u1ea7n N\u1ed5i Lo\u1ea1i Tr\u00f2n 30W \u0110\u1ed5i M\u00e0u Nanoco NRP30C1R"},"content":{"rendered":"<h2 style=\"text-align: center;\"><span style=\"font-family: arial, helvetica, sans-serif; font-size: 18pt; color: #000000;\">\u0110\u00e8n Panel \u1ed0p Tr\u1ea7n N\u1ed5i Lo\u1ea1i Tr\u00f2n 30W \u0110\u1ed5i M\u00e0u Nanoco NRP30C1R<\/span><\/h2>\n<div data-sfc-cp=\"\" data-hveid=\"CAEIAhAA\" data-processed=\"true\" data-complete=\"true\"><span style=\"font-family: arial, helvetica, sans-serif; font-size: 12pt; color: #000000;\"><strong><span style=\"color: #ff6600;\"><a style=\"color: #ff6600;\" href=\"https:\/\/thietbidienlama.com\/den-panel-op-tran-noi-loai-tron-30w-doi-mau\/\">\u0110\u00e8n Panel \u1ed0p Tr\u1ea7n N\u1ed5i Lo\u1ea1i Tr\u00f2n 30W<\/a><\/span><\/strong> Nanoco NRP30C1R\u00a0l\u00e0 s\u1ea3n ph\u1ea9m thu\u1ed9c d\u00f2ng Nancy Series, c\u00f3 thi\u1ebft k\u1ebf tr\u00e0n vi\u1ec1n hi\u1ec7n \u0111\u1ea1i v\u00e0 kh\u1ea3 n\u0103ng \u0111i\u1ec1u ch\u1ec9nh\u00a0ba ch\u1ebf \u0111\u1ed9 m\u00e0u\u00a0s\u1eafc \u00e1nh s\u00e1ng, ph\u00f9 h\u1ee3p cho nhi\u1ec1u kh\u00f4ng gian n\u1ed9i th\u1ea5t kh\u00e1c nhau.<\/span><\/div>\n<div data-sfc-cp=\"\" data-complete=\"true\" data-processed=\"true\"><img fetchpriority=\"high\" decoding=\"async\" class=\"alignnone size-medium wp-image-13905 aligncenter\" src=\"http:\/\/thietbidienlama.com\/wp-content\/uploads\/2026\/02\/Den-Panel-Op-Tran-Noi-Loai-Tron-30W-Doi-Mau-Nanoco-NRP30C1R-300x300.jpg\" alt=\"\" width=\"300\" height=\"300\" srcset=\"https:\/\/www.thietbidienlama.com\/wp-content\/uploads\/2026\/02\/Den-Panel-Op-Tran-Noi-Loai-Tron-30W-Doi-Mau-Nanoco-NRP30C1R-300x300.jpg 300w, https:\/\/www.thietbidienlama.com\/wp-content\/uploads\/2026\/02\/Den-Panel-Op-Tran-Noi-Loai-Tron-30W-Doi-Mau-Nanoco-NRP30C1R-150x150.jpg 150w, https:\/\/www.thietbidienlama.com\/wp-content\/uploads\/2026\/02\/Den-Panel-Op-Tran-Noi-Loai-Tron-30W-Doi-Mau-Nanoco-NRP30C1R-12x12.jpg 12w, https:\/\/www.thietbidienlama.com\/wp-content\/uploads\/2026\/02\/Den-Panel-Op-Tran-Noi-Loai-Tron-30W-Doi-Mau-Nanoco-NRP30C1R.jpg 600w\" sizes=\"(max-width: 300px) 100vw, 300px\" \/><\/div>\n<h3 role=\"heading\" aria-level=\"3\" data-processed=\"true\" data-complete=\"true\"><span style=\"font-family: arial, helvetica, sans-serif; font-size: 14pt; color: #000000;\">Th\u00f4ng s\u1ed1 k\u1ef9 thu\u1eadt<\/span><\/h3>\n<div data-sfc-cp=\"\" data-hveid=\"CAEIBBAA\" data-complete=\"true\" data-processed=\"true\"><span style=\"font-family: arial, helvetica, sans-serif; font-size: 12pt; color: #000000;\">\u0110\u00e8n\u00a0Nanoco NRP30C1R mang \u0111\u1ebfn hi\u1ec7u su\u1ea5t chi\u1ebfu s\u00e1ng cao v\u00e0 c\u00e1c t\u00ednh n\u0103ng b\u1ec1n b\u1ec9:<\/span><\/div>\n<div data-sfc-cp=\"\" data-complete=\"true\" data-processed=\"true\"><\/div>\n<div data-sfc-cp=\"\" data-ved=\"2ahUKEwjX0q7r48GSAxWKiK8BHbDTD4kQ-q4QegYIAQgFEAA\" data-processed=\"true\" data-complete=\"true\">\n<table data-animation-nesting=\"\" data-sae=\"\">\n<tbody>\n<tr data-sfc-cp=\"\" data-complete=\"true\">\n<th colspan=\"undefined\" data-sfc-cp=\"\" data-complete=\"true\"><span style=\"font-family: arial, helvetica, sans-serif; font-size: 12pt; color: #000000;\">Thu\u1ed9c t\u00ednh<span aria-hidden=\"true\">\u00a0<\/span><button tabindex=\"0\" data-amic=\"true\" data-icl-uuid=\"30815a0b-3993-40c0-ab86-dbc74ba99c5c\" aria-label=\"Xem c\u00e1c \u0111\u01b0\u1eddng li\u00ean k\u1ebft c\u00f3 li\u00ean quan\" data-wiz-attrbind=\"disabled=y7GOBb_y\/C5gNJc;aria-label=y7GOBb_y\/bOjMyf;class=y7GOBb_y\/UpSNec\" data-ved=\"2ahUKEwjX0q7r48GSAxWKiK8BHbDTD4kQye0OegYIAQgFEAE\"><\/button><\/span><\/th>\n<th colspan=\"undefined\" data-sfc-cp=\"\" data-complete=\"true\"><span style=\"font-family: arial, helvetica, sans-serif; font-size: 12pt; color: #000000;\">Chi ti\u1ebft<\/span><\/th>\n<\/tr>\n<tr data-sfc-cp=\"\" data-complete=\"true\">\n<td colspan=\"undefined\" data-sfc-cp=\"\" data-complete=\"true\"><span style=\"font-family: arial, helvetica, sans-serif; font-size: 12pt; color: #000000;\">C\u00f4ng su\u1ea5t<\/span><\/td>\n<td colspan=\"undefined\" data-sfc-cp=\"\" data-complete=\"true\"><span style=\"font-family: arial, helvetica, sans-serif; font-size: 12pt; color: #000000;\">30W<\/span><\/td>\n<\/tr>\n<tr data-sfc-cp=\"\" data-complete=\"true\">\n<td colspan=\"undefined\" data-sfc-cp=\"\" data-complete=\"true\"><span style=\"font-family: arial, helvetica, sans-serif; font-size: 12pt; color: #000000;\">\u0110i\u1ec7n \u00e1p<\/span><\/td>\n<td colspan=\"undefined\" data-sfc-cp=\"\" data-complete=\"true\"><span style=\"font-family: arial, helvetica, sans-serif; font-size: 12pt; color: #000000;\">220Vac<\/span><\/td>\n<\/tr>\n<tr data-sfc-cp=\"\" data-complete=\"true\">\n<td colspan=\"undefined\" data-sfc-cp=\"\" data-complete=\"true\"><span style=\"font-family: arial, helvetica, sans-serif; font-size: 12pt; color: #000000;\">Quang th\u00f4ng<\/span><\/td>\n<td colspan=\"undefined\" data-sfc-cp=\"\" data-complete=\"true\"><span style=\"font-family: arial, helvetica, sans-serif; font-size: 12pt; color: #000000;\">2700lm<\/span><\/td>\n<\/tr>\n<tr data-sfc-cp=\"\" data-complete=\"true\">\n<td colspan=\"undefined\" data-sfc-cp=\"\" data-complete=\"true\"><span style=\"font-family: arial, helvetica, sans-serif; font-size: 12pt; color: #000000;\">Nhi\u1ec7t \u0111\u1ed9 m\u00e0u<\/span><\/td>\n<td colspan=\"undefined\" data-sfc-cp=\"\" data-complete=\"true\"><span style=\"font-family: arial, helvetica, sans-serif; font-size: 12pt; color: #000000;\">\u0110\u1ed5i 3 m\u00e0u: 3000K (v\u00e0ng), 4000K (trung t\u00ednh), 6500K (tr\u1eafng)<\/span><\/td>\n<\/tr>\n<tr data-sfc-cp=\"\" data-complete=\"true\">\n<td colspan=\"undefined\" data-sfc-cp=\"\" data-complete=\"true\"><span style=\"font-family: arial, helvetica, sans-serif; font-size: 12pt; color: #000000;\">Ch\u1ec9 s\u1ed1 ho\u00e0n m\u00e0u (CRI)<\/span><\/td>\n<td colspan=\"undefined\" data-sfc-cp=\"\" data-complete=\"true\"><span style=\"font-family: arial, helvetica, sans-serif; font-size: 12pt; color: #000000;\">Ra80<\/span><\/td>\n<\/tr>\n<tr data-sfc-cp=\"\" data-complete=\"true\">\n<td colspan=\"undefined\" data-sfc-cp=\"\" data-complete=\"true\"><span style=\"font-family: arial, helvetica, sans-serif; font-size: 12pt; color: #000000;\">K\u00edch th\u01b0\u1edbc<\/span><\/td>\n<td colspan=\"undefined\" data-sfc-cp=\"\" data-complete=\"true\"><span style=\"font-family: arial, helvetica, sans-serif; font-size: 12pt; color: #000000;\">\u00d8300\u00a0\/ H36 mm<\/span><\/td>\n<\/tr>\n<tr data-sfc-cp=\"\" data-complete=\"true\">\n<td colspan=\"undefined\" data-sfc-cp=\"\" data-complete=\"true\"><span style=\"font-family: arial, helvetica, sans-serif; font-size: 12pt; color: #000000;\">Tu\u1ed5i th\u1ecd<\/span><\/td>\n<td colspan=\"undefined\" data-sfc-cp=\"\" data-complete=\"true\"><span style=\"font-family: arial, helvetica, sans-serif; font-size: 12pt; color: #000000;\">25.000 gi\u1edd<\/span><\/td>\n<\/tr>\n<tr data-sfc-cp=\"\" data-complete=\"true\">\n<td colspan=\"undefined\" data-sfc-cp=\"\" data-complete=\"true\"><span style=\"font-family: arial, helvetica, sans-serif; font-size: 12pt; color: #000000;\">C\u1ea5p b\u1ea3o v\u1ec7<\/span><\/td>\n<td colspan=\"undefined\" data-sfc-cp=\"\" data-complete=\"true\"><span style=\"font-family: arial, helvetica, sans-serif; font-size: 12pt; color: #000000;\">IP54 (ch\u1ed1ng b\u1ee5i v\u00e0 \u1ea9m t\u1ed1t)<\/span><\/td>\n<\/tr>\n<tr data-sfc-cp=\"\" data-complete=\"true\">\n<td colspan=\"undefined\" data-sfc-cp=\"\" data-complete=\"true\"><span style=\"font-family: arial, helvetica, sans-serif; font-size: 12pt; color: #000000;\">Ch\u1ea5t li\u1ec7u<\/span><\/td>\n<td colspan=\"undefined\" data-sfc-cp=\"\" data-complete=\"true\"><span style=\"font-family: arial, helvetica, sans-serif; font-size: 12pt; color: #000000;\">Th\u00e2n \u0111\u00e8n nh\u1ef1a cao c\u1ea5p, ch\u00f3a \u0111\u00e8n nh\u1ef1a<\/span><\/td>\n<\/tr>\n<tr data-sfc-cp=\"\" data-complete=\"true\">\n<td colspan=\"undefined\" data-sfc-cp=\"\" data-complete=\"true\"><span style=\"font-family: arial, helvetica, sans-serif; font-size: 12pt; color: #000000;\">G\u00f3c chi\u1ebfu<\/span><\/td>\n<td colspan=\"undefined\" data-sfc-cp=\"\" data-complete=\"true\"><span style=\"font-family: arial, helvetica, sans-serif; font-size: 12pt; color: #000000;\">120\u00b0<\/span><\/td>\n<\/tr>\n<\/tbody>\n<\/table>\n<\/div>\n<div data-sfc-cp=\"\" data-complete=\"true\" data-processed=\"true\"><\/div>\n<h3 role=\"heading\" aria-level=\"3\" data-complete=\"true\" data-processed=\"true\"><span style=\"font-family: arial, helvetica, sans-serif; font-size: 14pt; color: #000000;\">\u01afu \u0111i\u1ec3m<\/span><\/h3>\n<ul data-complete=\"true\" data-processed=\"true\">\n<li data-hveid=\"CAEIBxAA\" data-complete=\"true\" data-sae=\"\"><span style=\"font-family: arial, helvetica, sans-serif; font-size: 12pt; color: #000000;\">Linh ho\u1ea1t chi\u1ebfu s\u00e1ng: Kh\u1ea3 n\u0103ng \u0111\u1ed5i 3 m\u00e0u cho ph\u00e9p ng\u01b0\u1eddi d\u00f9ng d\u1ec5 d\u00e0ng thay \u0111\u1ed5i kh\u00f4ng kh\u00ed kh\u00f4ng gian t\u1eeb \u1ea5m c\u00fang sang hi\u1ec7n \u0111\u1ea1i ch\u1ec9 v\u1edbi m\u1ed9t c\u00f4ng t\u1eafc (ho\u1eb7c \u0111i\u1ec1u khi\u1ec3n t\u00f9y phi\u00ean b\u1ea3n, th\u00f4ng tin kh\u00f4ng r\u00f5 t\u1eeb ngu\u1ed3n).<\/span><\/li>\n<li data-hveid=\"CAEIBxAB\" data-complete=\"true\" data-sae=\"\"><span style=\"font-family: arial, helvetica, sans-serif; font-size: 12pt; color: #000000;\">Thi\u1ebft k\u1ebf th\u1ea9m m\u1ef9: Thi\u1ebft k\u1ebf\u00a0tr\u00e0n vi\u1ec1n\u00a0t\u1ea1o hi\u1ec7u \u1ee9ng &#8220;\u1ea9n&#8221; \u0111\u00e8n, mang l\u1ea1i v\u1ebb \u0111\u1eb9p tinh t\u1ebf, hi\u1ec7n \u0111\u1ea1i, v\u00e0 g\u1ecdn g\u00e0ng cho tr\u1ea7n nh\u00e0.<\/span><\/li>\n<li data-hveid=\"CAEIBxAC\" data-complete=\"true\" data-sae=\"\"><span style=\"font-family: arial, helvetica, sans-serif; font-size: 12pt; color: #000000;\">B\u1ec1n b\u1ec9: V\u1ecf \u0111\u00e8n l\u00e0m t\u1eeb nh\u1ef1a cao c\u1ea5p gi\u00fap ch\u1ed1ng \u1ea9m, ch\u1ed1ng b\u1ee5i v\u00e0 h\u1ea1n ch\u1ebf t\u00ecnh tr\u1ea1ng \u1ed1 v\u00e0ng theo th\u1eddi gian.<\/span><\/li>\n<li data-hveid=\"CAEIBxAD\" data-complete=\"true\" data-sae=\"\"><span style=\"font-family: arial, helvetica, sans-serif; font-size: 12pt; color: #000000;\">Ti\u1ebft ki\u1ec7m \u0111i\u1ec7n: \u1ee8ng d\u1ee5ng c\u00f4ng ngh\u1ec7 LED gi\u00fap ti\u1ebft ki\u1ec7m n\u0103ng l\u01b0\u1ee3ng m\u00e0 v\u1eabn \u0111\u1ea3m b\u1ea3o \u0111\u1ed9 s\u00e1ng m\u1ea1nh m\u1ebd 2700lm.<\/span><\/li>\n<\/ul>\n<p class=\"Y3BBE\" data-hveid=\"CAEICBAA\" data-complete=\"true\" data-processed=\"true\"><span style=\"font-size: 12pt; color: #000000;\"><strong>LI\u00caN H\u1ec6 : Hotline: 0935 228 204 ( Ms Lam )<\/strong><\/span><\/p>\n<p><span style=\"font-size: 12pt; color: #000000;\"><strong>Facebook:\u00a0<span style=\"color: #ff6600;\"><a style=\"color: #ff6600;\" href=\"https:\/\/www.facebook.com\/thietbidienlama\" target=\"_blank\" rel=\"noopener\">THI\u1ebeT\u00a0B\u1eca \u0110I\u1ec6N LAMA<\/a><\/span><\/strong><\/span><\/p>\n<p><span style=\"font-size: 12pt; color: #000000;\"><strong>Tiktok:\u00a0<span style=\"color: #ff6600;\"><a style=\"color: #ff6600;\" href=\"https:\/\/www.tiktok.com\/@thietbidienlama\" target=\"_blank\" rel=\"noopener\">THI\u1ebeT\u00a0B\u1eca \u0110I\u1ec6N LAMA<\/a><\/span><\/strong><\/span><\/p>\n<p><span style=\"font-size: 12pt; color: #000000;\"><strong>Youtube: <span style=\"color: #ff6600;\"><a style=\"color: #ff6600;\" href=\"https:\/\/www.youtube.com\/@thietbidienlama\" target=\"_blank\" rel=\"noopener\">THI\u1ebeT\u00a0B\u1eca \u0110I\u1ec6N LAMA<\/a><\/span><\/strong><\/span><\/p>","protected":false},"excerpt":{"rendered":"<p>\u0110\u00e8n Panel \u1ed0p Tr\u1ea7n N\u1ed5i Lo\u1ea1i Tr\u00f2n 30W \u0110\u1ed5i M\u00e0u Nanoco NRP30C1R \u0110\u00e8n Panel \u1ed0p Tr\u1ea7n N\u1ed5i Lo\u1ea1i Tr\u00f2n 30W<\/p>","protected":false},"featured_media":13905,"comment_status":"closed","ping_status":"closed","template":"","meta":[],"product_brand":[],"product_cat":[851,872,850],"product_tag":[1040],"class_list":{"0":"post-13904","1":"product","2":"type-product","3":"status-publish","4":"has-post-thumbnail","6":"product_cat-den-tran-phong-khach","7":"product_cat-den-tran-nanoco","8":"product_cat-den-trang-tri-phong-khach","9":"product_tag-den-panel-op-tran-noi-loai-tron-30w","11":"first","12":"instock","13":"sale","14":"shipping-taxable","15":"purchasable","16":"product-type-simple"},"_links":{"self":[{"href":"https:\/\/www.thietbidienlama.com\/en\/wp-json\/wp\/v2\/product\/13904","targetHints":{"allow":["GET"]}}],"collection":[{"href":"https:\/\/www.thietbidienlama.com\/en\/wp-json\/wp\/v2\/product"}],"about":[{"href":"https:\/\/www.thietbidienlama.com\/en\/wp-json\/wp\/v2\/types\/product"}],"replies":[{"embeddable":true,"href":"https:\/\/www.thietbidienlama.com\/en\/wp-json\/wp\/v2\/comments?post=13904"}],"version-history":[{"count":1,"href":"https:\/\/www.thietbidienlama.com\/en\/wp-json\/wp\/v2\/product\/13904\/revisions"}],"predecessor-version":[{"id":13906,"href":"https:\/\/www.thietbidienlama.com\/en\/wp-json\/wp\/v2\/product\/13904\/revisions\/13906"}],"wp:featuredmedia":[{"embeddable":true,"href":"https:\/\/www.thietbidienlama.com\/en\/wp-json\/wp\/v2\/media\/13905"}],"wp:attachment":[{"href":"https:\/\/www.thietbidienlama.com\/en\/wp-json\/wp\/v2\/media?parent=13904"}],"wp:term":[{"taxonomy":"product_brand","embeddable":true,"href":"https:\/\/www.thietbidienlama.com\/en\/wp-json\/wp\/v2\/product_brand?post=13904"},{"taxonomy":"product_cat","embeddable":true,"href":"https:\/\/www.thietbidienlama.com\/en\/wp-json\/wp\/v2\/product_cat?post=13904"},{"taxonomy":"product_tag","embeddable":true,"href":"https:\/\/www.thietbidienlama.com\/en\/wp-json\/wp\/v2\/product_tag?post=13904"}],"curies":[{"name":"wp","href":"https:\/\/api.w.org\/{rel}","templated":true}]}}