{"id":13901,"date":"2026-02-05T13:53:01","date_gmt":"2026-02-05T06:53:01","guid":{"rendered":"https:\/\/thietbidienlama.com\/?post_type=product&#038;p=13901"},"modified":"2026-02-05T13:53:01","modified_gmt":"2026-02-05T06:53:01","slug":"den-led-ban-nguyet-panasonic-600mm-20w","status":"publish","type":"product","link":"https:\/\/www.thietbidienlama.com\/en\/den-led-ban-nguyet-panasonic-600mm-20w\/","title":{"rendered":"\u0110\u00e8n Led B\u00e1n Nguy\u1ec7t Panasonic 600mm 20W NVV20063\/64\/66WE1"},"content":{"rendered":"<h2 style=\"text-align: center;\"><span style=\"font-family: arial, helvetica, sans-serif; font-size: 18pt; color: #000000;\">\u0110\u00e8n Led B\u00e1n Nguy\u1ec7t Panasonic 600mm 20W NVV20063\/64\/66WE1<\/span><\/h2>\n<div data-sfc-cp=\"\" data-hveid=\"CAEIAhAA\" data-complete=\"true\" data-processed=\"true\"><span style=\"font-family: arial, helvetica, sans-serif; font-size: 12pt; color: #000000;\"><strong><span style=\"color: #ff6600;\"><a style=\"color: #ff6600;\" href=\"https:\/\/thietbidienlama.com\/den-led-ban-nguyet-panasonic-600mm-20w\/\">\u0110\u00e8n LED B\u00e1n Nguy\u1ec7t\u00a0Panasonic<\/a><\/span><\/strong>\u00a0600mm 20W\u00a0thu\u1ed9c d\u00f2ng V-Series (m\u00e3 s\u1ea3n ph\u1ea9m NVV20063WE1, NVV20064WE1, NVV20066WE1) l\u00e0 gi\u1ea3i ph\u00e1p chi\u1ebfu s\u00e1ng hi\u1ec7n \u0111\u1ea1i, ti\u1ebft ki\u1ec7m n\u0103ng l\u01b0\u1ee3ng v\u1edbi nhi\u1ec1u t\u00f9y ch\u1ecdn nhi\u1ec7t \u0111\u1ed9 m\u00e0u \u00e1nh s\u00e1ng kh\u00e1c nhau.<\/span><\/div>\n<div data-sfc-cp=\"\" data-complete=\"true\" data-processed=\"true\"><img fetchpriority=\"high\" decoding=\"async\" class=\"alignnone size-full wp-image-13902 aligncenter\" src=\"http:\/\/thietbidienlama.com\/wp-content\/uploads\/2026\/02\/Den-Led-Ban-Nguyet-Panasonic-600mm-20W-NVV200636466WE1.jpg\" alt=\"\" width=\"300\" height=\"300\" srcset=\"https:\/\/www.thietbidienlama.com\/wp-content\/uploads\/2026\/02\/Den-Led-Ban-Nguyet-Panasonic-600mm-20W-NVV200636466WE1.jpg 300w, https:\/\/www.thietbidienlama.com\/wp-content\/uploads\/2026\/02\/Den-Led-Ban-Nguyet-Panasonic-600mm-20W-NVV200636466WE1-150x150.jpg 150w, https:\/\/www.thietbidienlama.com\/wp-content\/uploads\/2026\/02\/Den-Led-Ban-Nguyet-Panasonic-600mm-20W-NVV200636466WE1-12x12.jpg 12w\" sizes=\"(max-width: 300px) 100vw, 300px\" \/><\/div>\n<h3 role=\"heading\" aria-level=\"3\" data-complete=\"true\" data-processed=\"true\"><span style=\"font-family: arial, helvetica, sans-serif; font-size: 14pt; color: #000000;\">Th\u00f4ng s\u1ed1 k\u1ef9 thu\u1eadt chung<\/span><\/h3>\n<div data-sfc-cp=\"\" data-hveid=\"CAEIBBAA\" data-complete=\"true\" data-processed=\"true\"><span style=\"font-family: arial, helvetica, sans-serif; font-size: 12pt; color: #000000;\">C\u00e1c m\u1eabu \u0111\u00e8n n\u00e0y c\u00f3 th\u00f4ng s\u1ed1 k\u1ef9 thu\u1eadt v\u00e0 t\u00ednh n\u0103ng t\u01b0\u01a1ng t\u1ef1 nhau, \u0111i\u1ec3m kh\u00e1c bi\u1ec7t ch\u00ednh n\u1eb1m \u1edf nhi\u1ec7t \u0111\u1ed9 m\u00e0u \u00e1nh s\u00e1ng.<\/span><\/div>\n<div data-sfc-cp=\"\" data-complete=\"true\" data-processed=\"true\"><\/div>\n<div data-sfc-cp=\"\" data-ved=\"2ahUKEwiE8ovw4MGSAxWkklYBHZyQJCoQ-q4QegYIAQgFEAA\" data-complete=\"true\" data-processed=\"true\">\n<table style=\"width: 53.6071%; height: 271px;\" data-animation-nesting=\"\" data-sae=\"\">\n<tbody>\n<tr data-sfc-cp=\"\" data-complete=\"true\">\n<th colspan=\"undefined\" data-sfc-cp=\"\" data-complete=\"true\"><span style=\"font-family: arial, helvetica, sans-serif; font-size: 12pt; color: #000000;\">Thu\u1ed9c t\u00ednh<span aria-hidden=\"true\">\u00a0<\/span><button tabindex=\"0\" data-amic=\"true\" data-icl-uuid=\"61923be7-e08c-4eaa-b78b-b9a2f113dbee\" aria-label=\"Xem c\u00e1c \u0111\u01b0\u1eddng li\u00ean k\u1ebft c\u00f3 li\u00ean quan\" data-wiz-attrbind=\"disabled=IiHEBd_w\/C5gNJc;aria-label=IiHEBd_w\/bOjMyf;class=IiHEBd_w\/UpSNec\" data-ved=\"2ahUKEwiE8ovw4MGSAxWkklYBHZyQJCoQye0OegYIAQgFEAE\"><\/button><\/span><\/th>\n<th colspan=\"undefined\" data-sfc-cp=\"\" data-complete=\"true\"><span style=\"font-family: arial, helvetica, sans-serif; font-size: 12pt; color: #000000;\">Chi ti\u1ebft<\/span><\/th>\n<\/tr>\n<tr data-sfc-cp=\"\" data-complete=\"true\">\n<td colspan=\"undefined\" data-sfc-cp=\"\" data-complete=\"true\"><span style=\"font-family: arial, helvetica, sans-serif; font-size: 12pt; color: #000000;\">C\u00f4ng su\u1ea5t<\/span><\/td>\n<td colspan=\"undefined\" data-sfc-cp=\"\" data-complete=\"true\"><span style=\"font-family: arial, helvetica, sans-serif; font-size: 12pt; color: #000000;\">20W<\/span><\/td>\n<\/tr>\n<tr data-sfc-cp=\"\" data-complete=\"true\">\n<td colspan=\"undefined\" data-sfc-cp=\"\" data-complete=\"true\"><span style=\"font-family: arial, helvetica, sans-serif; font-size: 12pt; color: #000000;\">\u0110i\u1ec7n \u00e1p<\/span><\/td>\n<td colspan=\"undefined\" data-sfc-cp=\"\" data-complete=\"true\"><span style=\"font-family: arial, helvetica, sans-serif; font-size: 12pt; color: #000000;\">220V-240V<\/span><\/td>\n<\/tr>\n<tr data-sfc-cp=\"\" data-complete=\"true\">\n<td colspan=\"undefined\" data-sfc-cp=\"\" data-complete=\"true\"><span style=\"font-family: arial, helvetica, sans-serif; font-size: 12pt; color: #000000;\">Quang th\u00f4ng<\/span><\/td>\n<td colspan=\"undefined\" data-sfc-cp=\"\" data-complete=\"true\"><span style=\"font-family: arial, helvetica, sans-serif; font-size: 12pt; color: #000000;\">2000 lm<\/span><\/td>\n<\/tr>\n<tr data-sfc-cp=\"\" data-complete=\"true\">\n<td colspan=\"undefined\" data-sfc-cp=\"\" data-complete=\"true\"><span style=\"font-family: arial, helvetica, sans-serif; font-size: 12pt; color: #000000;\">K\u00edch th\u01b0\u1edbc<\/span><\/td>\n<td colspan=\"undefined\" data-sfc-cp=\"\" data-complete=\"true\"><span style=\"font-family: arial, helvetica, sans-serif; font-size: 12pt; color: #000000;\">D\u00e0i 600mm, R\u1ed9ng 63mm, Cao 28mm<\/span><\/td>\n<\/tr>\n<tr data-sfc-cp=\"\" data-complete=\"true\">\n<td colspan=\"undefined\" data-sfc-cp=\"\" data-complete=\"true\"><span style=\"font-family: arial, helvetica, sans-serif; font-size: 12pt; color: #000000;\">Ch\u1ec9 s\u1ed1 ho\u00e0n m\u00e0u (CRI)<\/span><\/td>\n<td colspan=\"undefined\" data-sfc-cp=\"\" data-complete=\"true\"><span style=\"font-family: arial, helvetica, sans-serif; font-size: 12pt; color: #000000;\">Ra 80<\/span><\/td>\n<\/tr>\n<tr data-sfc-cp=\"\" data-complete=\"true\">\n<td colspan=\"undefined\" data-sfc-cp=\"\" data-complete=\"true\"><span style=\"font-family: arial, helvetica, sans-serif; font-size: 12pt; color: #000000;\">Tu\u1ed5i th\u1ecd<\/span><\/td>\n<td colspan=\"undefined\" data-sfc-cp=\"\" data-complete=\"true\"><span style=\"font-family: arial, helvetica, sans-serif; font-size: 12pt; color: #000000;\">Kho\u1ea3ng\u00a030.000 gi\u1edd\u00a0(theo Tuy\u1ebft Lights v\u00e0 hungvietautomation.com, trong khi m\u1ed9t s\u1ed1 ngu\u1ed3n kh\u00e1c nh\u01b0 Ch\u00e1nh H\u00e3ng \u0111\u01b0a ra 25.000 gi\u1edd)<\/span><\/td>\n<\/tr>\n<tr data-sfc-cp=\"\" data-complete=\"true\">\n<td colspan=\"undefined\" data-sfc-cp=\"\" data-complete=\"true\"><span style=\"font-family: arial, helvetica, sans-serif; font-size: 12pt; color: #000000;\">Ch\u1ea5t li\u1ec7u th\u00e2n \u0111\u00e8n<\/span><\/td>\n<td colspan=\"undefined\" data-sfc-cp=\"\" data-complete=\"true\"><span style=\"font-family: arial, helvetica, sans-serif; font-size: 12pt; color: #000000;\">Nh\u1ef1a PC cao c\u1ea5p, \u0111\u1ed9 b\u1ec1n cao<\/span><\/td>\n<\/tr>\n<tr data-sfc-cp=\"\" data-complete=\"true\">\n<td colspan=\"undefined\" data-sfc-cp=\"\" data-complete=\"true\"><span style=\"font-family: arial, helvetica, sans-serif; font-size: 12pt; color: #000000;\">C\u1ea5p b\u1ea3o v\u1ec7 IP<\/span><\/td>\n<td colspan=\"undefined\" data-sfc-cp=\"\" data-complete=\"true\"><span style=\"font-family: arial, helvetica, sans-serif; font-size: 12pt; color: #000000;\">IP20<\/span><\/td>\n<\/tr>\n<\/tbody>\n<\/table>\n<\/div>\n<div data-sfc-cp=\"\" data-complete=\"true\" data-processed=\"true\"><\/div>\n<h3 role=\"heading\" aria-level=\"3\" data-complete=\"true\" data-processed=\"true\"><span style=\"font-family: arial, helvetica, sans-serif; font-size: 14pt; color: #000000;\">T\u00f9y ch\u1ecdn nhi\u1ec7t \u0111\u1ed9 m\u00e0u (M\u00e3 s\u1ea3n ph\u1ea9m)<\/span><\/h3>\n<div data-sfc-cp=\"\" data-hveid=\"CAEIBxAA\" data-complete=\"true\" data-processed=\"true\"><span style=\"font-family: arial, helvetica, sans-serif; font-size: 12pt; color: #000000;\">Ng\u01b0\u1eddi d\u00f9ng c\u00f3 th\u1ec3 l\u1ef1a ch\u1ecdn nhi\u1ec7t \u0111\u1ed9 m\u00e0u ph\u00f9 h\u1ee3p v\u1edbi nhu c\u1ea7u s\u1eed d\u1ee5ng:<\/span><\/div>\n<ul data-complete=\"true\" data-processed=\"true\">\n<li data-hveid=\"CAEICBAA\" data-complete=\"true\" data-sae=\"\"><span style=\"font-family: arial, helvetica, sans-serif; font-size: 12pt; color: #000000;\">NVV20063WE1: \u00c1nh s\u00e1ng\u00a0v\u00e0ng\u00a0(\u1ea5m) 3000K, t\u1ea1o c\u1ea3m gi\u00e1c \u1ea5m c\u00fang, th\u01b0 gi\u00e3n.<\/span><\/li>\n<li data-hveid=\"CAEICBAB\" data-complete=\"true\" data-sae=\"\"><span style=\"font-family: arial, helvetica, sans-serif; font-size: 12pt; color: #000000;\">NVV20064WE1: \u00c1nh s\u00e1ng\u00a0trung t\u00ednh\u00a04000K, mang l\u1ea1i \u00e1nh s\u00e1ng t\u1ef1 nhi\u00ean, d\u1ec5 ch\u1ecbu.<\/span><\/li>\n<li data-hveid=\"CAEICBAC\" data-complete=\"true\" data-sae=\"\"><span style=\"font-family: arial, helvetica, sans-serif; font-size: 12pt; color: #000000;\" data-sfc-cp=\"\" data-complete=\"true\" aria-owns=\"action-menu-parent-container\">NVV20066WE1: \u00c1nh s\u00e1ng\u00a0tr\u1eafng\u00a0(ban ng\u00e0y) 6500K, cung c\u1ea5p \u00e1nh s\u00e1ng m\u1ea1nh m\u1ebd, ph\u00f9 h\u1ee3p kh\u00f4ng gian c\u1ea7n \u0111\u1ed9 s\u00e1ng cao.<\/span><\/li>\n<\/ul>\n<p class=\"Y3BBE\" data-hveid=\"CAEICBAA\" data-complete=\"true\" data-processed=\"true\"><span style=\"font-size: 12pt; color: #000000;\"><strong>LI\u00caN H\u1ec6 : Hotline: 0935 228 204 ( Ms Lam )<\/strong><\/span><\/p>\n<p><span style=\"font-size: 12pt; color: #000000;\"><strong>Facebook:\u00a0<span style=\"color: #ff6600;\"><a style=\"color: #ff6600;\" href=\"https:\/\/www.facebook.com\/thietbidienlama\" target=\"_blank\" rel=\"noopener\">THI\u1ebeT\u00a0B\u1eca \u0110I\u1ec6N LAMA<\/a><\/span><\/strong><\/span><\/p>\n<p><span style=\"font-size: 12pt; color: #000000;\"><strong>Tiktok:\u00a0<span style=\"color: #ff6600;\"><a style=\"color: #ff6600;\" href=\"https:\/\/www.tiktok.com\/@thietbidienlama\" target=\"_blank\" rel=\"noopener\">THI\u1ebeT\u00a0B\u1eca \u0110I\u1ec6N LAMA<\/a><\/span><\/strong><\/span><\/p>\n<p><span style=\"font-size: 12pt; color: #000000;\"><strong>Youtube: <span style=\"color: #ff6600;\"><a style=\"color: #ff6600;\" href=\"https:\/\/www.youtube.com\/@thietbidienlama\" target=\"_blank\" rel=\"noopener\">THI\u1ebeT\u00a0B\u1eca \u0110I\u1ec6N LAMA<\/a><\/span><\/strong><\/span><\/p>","protected":false},"excerpt":{"rendered":"<p>\u0110\u00e8n Led B\u00e1n Nguy\u1ec7t Panasonic 600mm 20W NVV20063\/64\/66WE1 \u0110\u00e8n LED B\u00e1n Nguy\u1ec7t\u00a0Panasonic\u00a0600mm 20W\u00a0thu\u1ed9c d\u00f2ng V-Series (m\u00e3 s\u1ea3n ph\u1ea9m NVV20063WE1, NVV20064WE1,<\/p>","protected":false},"featured_media":13902,"comment_status":"closed","ping_status":"closed","template":"","meta":[],"product_brand":[],"product_cat":[731,1036],"product_tag":[767],"class_list":{"0":"post-13901","1":"product","2":"type-product","3":"status-publish","4":"has-post-thumbnail","6":"product_cat-den-led-panasonic","7":"product_cat-den-ban-nguyet-panasonic","8":"product_tag-den-led-ban-nguyet-panasonic","10":"first","11":"instock","12":"sale","13":"shipping-taxable","14":"purchasable","15":"product-type-simple"},"_links":{"self":[{"href":"https:\/\/www.thietbidienlama.com\/en\/wp-json\/wp\/v2\/product\/13901","targetHints":{"allow":["GET"]}}],"collection":[{"href":"https:\/\/www.thietbidienlama.com\/en\/wp-json\/wp\/v2\/product"}],"about":[{"href":"https:\/\/www.thietbidienlama.com\/en\/wp-json\/wp\/v2\/types\/product"}],"replies":[{"embeddable":true,"href":"https:\/\/www.thietbidienlama.com\/en\/wp-json\/wp\/v2\/comments?post=13901"}],"version-history":[{"count":1,"href":"https:\/\/www.thietbidienlama.com\/en\/wp-json\/wp\/v2\/product\/13901\/revisions"}],"predecessor-version":[{"id":13903,"href":"https:\/\/www.thietbidienlama.com\/en\/wp-json\/wp\/v2\/product\/13901\/revisions\/13903"}],"wp:featuredmedia":[{"embeddable":true,"href":"https:\/\/www.thietbidienlama.com\/en\/wp-json\/wp\/v2\/media\/13902"}],"wp:attachment":[{"href":"https:\/\/www.thietbidienlama.com\/en\/wp-json\/wp\/v2\/media?parent=13901"}],"wp:term":[{"taxonomy":"product_brand","embeddable":true,"href":"https:\/\/www.thietbidienlama.com\/en\/wp-json\/wp\/v2\/product_brand?post=13901"},{"taxonomy":"product_cat","embeddable":true,"href":"https:\/\/www.thietbidienlama.com\/en\/wp-json\/wp\/v2\/product_cat?post=13901"},{"taxonomy":"product_tag","embeddable":true,"href":"https:\/\/www.thietbidienlama.com\/en\/wp-json\/wp\/v2\/product_tag?post=13901"}],"curies":[{"name":"wp","href":"https:\/\/api.w.org\/{rel}","templated":true}]}}