{"id":13898,"date":"2026-02-04T15:35:04","date_gmt":"2026-02-04T08:35:04","guid":{"rendered":"https:\/\/thietbidienlama.com\/?post_type=product&#038;p=13898"},"modified":"2026-03-27T10:42:57","modified_gmt":"2026-03-27T03:42:57","slug":"den-tuong-trang-tri-hien-dai-cn-72-euroto","status":"publish","type":"product","link":"https:\/\/www.thietbidienlama.com\/en\/den-tuong-trang-tri-hien-dai-cn-72-euroto\/","title":{"rendered":"\u0110\u00e8n T\u01b0\u1eddng Trang Tr\u00ed Hi\u1ec7n \u0110\u1ea1i CN-72 Euroto"},"content":{"rendered":"<h2 style=\"text-align: center;\" data-hveid=\"CAEIAhAA\" data-complete=\"true\" data-processed=\"true\"><span style=\"font-family: arial, helvetica, sans-serif; font-size: 18pt; color: #000000;\">\u0110\u00e8n T\u01b0\u1eddng Trang Tr\u00ed Hi\u1ec7n \u0110\u1ea1i CN-72 Euroto<\/span><\/h2>\n<div data-sfc-cp=\"\" data-hveid=\"CAEIAhAA\" data-complete=\"true\" data-processed=\"true\"><span style=\"font-family: arial, helvetica, sans-serif; font-size: 12pt; color: #000000;\"><strong><span style=\"color: #ff6600;\"><a style=\"color: #ff6600;\" href=\"https:\/\/thietbidienlama.com\/den-tuong-trang-tri-hien-dai-cn-72-euroto\/\">\u0110\u00e8n t\u01b0\u1eddng trang tr\u00ed hi\u1ec7n \u0111\u1ea1i<\/a><\/span><\/strong>\u00a0Euroto CN-72\u00a0l\u00e0 m\u1eabu \u0111\u00e8n g\u1eafn t\u01b0\u1eddng ngo\u00e0i tr\u1eddi \u0111\u01b0\u1ee3c thi\u1ebft k\u1ebf v\u1edbi phong c\u00e1ch t\u1ed1i gi\u1ea3n, hi\u1ec7n \u0111\u1ea1i, th\u00edch h\u1ee3p cho vi\u1ec7c chi\u1ebfu s\u00e1ng v\u00e0 trang tr\u00ed kh\u00f4ng gian ngo\u1ea1i th\u1ea5t nh\u01b0 s\u00e2n v\u01b0\u1eddn, h\u00e0nh lang, v\u00e0 tr\u1ee5 c\u1ed5ng.<\/span><\/div>\n<div data-sfc-cp=\"\" data-complete=\"true\" data-processed=\"true\"><img fetchpriority=\"high\" decoding=\"async\" class=\"alignnone size-medium wp-image-13899 aligncenter\" src=\"http:\/\/thietbidienlama.com\/wp-content\/uploads\/2026\/02\/Den-Tuong-Trang-Tri-Hien-Dai-CN-72-Euroto-300x300.jpg\" alt=\"\" width=\"300\" height=\"300\" srcset=\"https:\/\/www.thietbidienlama.com\/wp-content\/uploads\/2026\/02\/Den-Tuong-Trang-Tri-Hien-Dai-CN-72-Euroto-300x300.jpg 300w, https:\/\/www.thietbidienlama.com\/wp-content\/uploads\/2026\/02\/Den-Tuong-Trang-Tri-Hien-Dai-CN-72-Euroto-150x150.jpg 150w, https:\/\/www.thietbidienlama.com\/wp-content\/uploads\/2026\/02\/Den-Tuong-Trang-Tri-Hien-Dai-CN-72-Euroto-12x12.jpg 12w, https:\/\/www.thietbidienlama.com\/wp-content\/uploads\/2026\/02\/Den-Tuong-Trang-Tri-Hien-Dai-CN-72-Euroto.jpg 600w\" sizes=\"(max-width: 300px) 100vw, 300px\" \/><\/div>\n<h3 role=\"heading\" aria-level=\"3\" data-complete=\"true\" data-processed=\"true\"><span style=\"font-family: arial, helvetica, sans-serif; font-size: 14pt; color: #000000;\">Th\u00f4ng s\u1ed1 k\u1ef9 thu\u1eadt<\/span><\/h3>\n<div data-sfc-cp=\"\" data-hveid=\"CAEIBBAA\" data-complete=\"true\" data-processed=\"true\"><span style=\"font-family: arial, helvetica, sans-serif; font-size: 12pt; color: #000000;\">\u0110\u00e8n Euroto CN-72 c\u00f3 c\u00e1c th\u00f4ng s\u1ed1 k\u1ef9 thu\u1eadt ch\u00ednh nh\u01b0 sau:<\/span><\/div>\n<div data-sfc-cp=\"\" data-complete=\"true\" data-processed=\"true\"><\/div>\n<div data-sfc-cp=\"\" data-ved=\"2ahUKEwiO27Hmtb-SAxX9rlYBHZGeOu0Q-q4QegYIAQgFEAA\" data-complete=\"true\" data-processed=\"true\">\n<table data-animation-nesting=\"\" data-sae=\"\">\n<tbody>\n<tr data-sfc-cp=\"\" data-complete=\"true\">\n<th colspan=\"undefined\" data-sfc-cp=\"\" data-complete=\"true\"><span style=\"font-family: arial, helvetica, sans-serif; font-size: 12pt; color: #000000;\">Thu\u1ed9c t\u00ednh<span aria-hidden=\"true\">\u00a0<\/span><button tabindex=\"0\" data-amic=\"true\" data-icl-uuid=\"3c490af7-4b77-420a-98ce-9258d431db29\" aria-label=\"Xem c\u00e1c \u0111\u01b0\u1eddng li\u00ean k\u1ebft c\u00f3 li\u00ean quan\" data-wiz-attrbind=\"disabled=uHcSKe_w\/C5gNJc;aria-label=uHcSKe_w\/bOjMyf;class=uHcSKe_w\/UpSNec\" data-ved=\"2ahUKEwiO27Hmtb-SAxX9rlYBHZGeOu0Qye0OegYIAQgFEAE\"><\/button><\/span><\/th>\n<th colspan=\"undefined\" data-sfc-cp=\"\" data-complete=\"true\"><span style=\"font-family: arial, helvetica, sans-serif; font-size: 12pt; color: #000000;\">Chi ti\u1ebft<\/span><\/th>\n<\/tr>\n<tr data-sfc-cp=\"\" data-complete=\"true\">\n<td colspan=\"undefined\" data-sfc-cp=\"\" data-complete=\"true\"><span style=\"font-family: arial, helvetica, sans-serif; font-size: 12pt; color: #000000;\">Th\u01b0\u01a1ng hi\u1ec7u<\/span><\/td>\n<td colspan=\"undefined\" data-sfc-cp=\"\" data-complete=\"true\"><span style=\"font-family: arial, helvetica, sans-serif; font-size: 12pt; color: #000000;\">Euroto<\/span><\/td>\n<\/tr>\n<tr data-sfc-cp=\"\" data-complete=\"true\">\n<td colspan=\"undefined\" data-sfc-cp=\"\" data-complete=\"true\"><span style=\"font-family: arial, helvetica, sans-serif; font-size: 12pt; color: #000000;\">M\u00e3 s\u1ea3n ph\u1ea9m<\/span><\/td>\n<td colspan=\"undefined\" data-sfc-cp=\"\" data-complete=\"true\"><span style=\"font-family: arial, helvetica, sans-serif; font-size: 12pt; color: #000000;\">CN-72<\/span><\/td>\n<\/tr>\n<tr data-sfc-cp=\"\" data-complete=\"true\">\n<td colspan=\"undefined\" data-sfc-cp=\"\" data-complete=\"true\"><span style=\"font-family: arial, helvetica, sans-serif; font-size: 12pt; color: #000000;\">K\u00edch th\u01b0\u1edbc<\/span><\/td>\n<td colspan=\"undefined\" data-sfc-cp=\"\" data-complete=\"true\"><span style=\"font-family: arial, helvetica, sans-serif; font-size: 12pt; color: #000000;\">W110 x L110 x H340 mm\u00a0(r\u1ed9ng x d\u00e0i x cao)<\/span><\/td>\n<\/tr>\n<tr data-sfc-cp=\"\" data-complete=\"true\">\n<td colspan=\"undefined\" data-sfc-cp=\"\" data-complete=\"true\"><span style=\"font-family: arial, helvetica, sans-serif; font-size: 12pt; color: #000000;\">Lo\u1ea1i b\u00f3ng s\u1eed d\u1ee5ng<\/span><\/td>\n<td colspan=\"undefined\" data-sfc-cp=\"\" data-complete=\"true\"><span style=\"font-family: arial, helvetica, sans-serif; font-size: 12pt; color: #000000;\">\u0110u\u00f4i \u0111\u00e8n\u00a0E27\u00a0(ch\u01b0a bao g\u1ed3m b\u00f3ng)<\/span><\/td>\n<\/tr>\n<tr data-sfc-cp=\"\" data-complete=\"true\">\n<td colspan=\"undefined\" data-sfc-cp=\"\" data-complete=\"true\"><span style=\"font-family: arial, helvetica, sans-serif; font-size: 12pt; color: #000000;\">\u0110i\u1ec7n \u00e1p<\/span><\/td>\n<td colspan=\"undefined\" data-sfc-cp=\"\" data-complete=\"true\"><span style=\"font-family: arial, helvetica, sans-serif; font-size: 12pt; color: #000000;\">220V &#8211; 240V<\/span><\/td>\n<\/tr>\n<tr data-sfc-cp=\"\" data-complete=\"true\">\n<td colspan=\"undefined\" data-sfc-cp=\"\" data-complete=\"true\"><span style=\"font-family: arial, helvetica, sans-serif; font-size: 12pt; color: #000000;\">Ch\u1ea5t li\u1ec7u<\/span><\/td>\n<td colspan=\"undefined\" data-sfc-cp=\"\" data-complete=\"true\"><span style=\"font-family: arial, helvetica, sans-serif; font-size: 12pt; color: #000000;\">Th\u00e2n \u0111\u00e8n b\u1eb1ng\u00a0kim lo\u1ea1i s\u01a1n t\u0129nh \u0111i\u1ec7n\u00a0v\u00e0 chao \u0111\u00e8n b\u1eb1ng\u00a0acrylic\u00a0ho\u1eb7c\u00a0th\u1ee7y tinh<\/span><\/td>\n<\/tr>\n<tr data-sfc-cp=\"\" data-complete=\"true\">\n<td colspan=\"undefined\" data-sfc-cp=\"\" data-complete=\"true\"><span style=\"font-family: arial, helvetica, sans-serif; font-size: 12pt; color: #000000;\">Ch\u1ec9 s\u1ed1 b\u1ea3o v\u1ec7<\/span><\/td>\n<td colspan=\"undefined\" data-sfc-cp=\"\" data-complete=\"true\"><span style=\"font-family: arial, helvetica, sans-serif; font-size: 12pt; color: #000000;\">IP65\u00a0(ch\u1ed1ng b\u1ee5i v\u00e0 ch\u1ed1ng n\u01b0\u1edbc ho\u00e0n to\u00e0n, th\u00edch h\u1ee3p s\u1eed d\u1ee5ng ngo\u00e0i tr\u1eddi)<\/span><\/td>\n<\/tr>\n<tr data-sfc-cp=\"\" data-complete=\"true\">\n<td colspan=\"undefined\" data-sfc-cp=\"\" data-complete=\"true\"><span style=\"font-family: arial, helvetica, sans-serif; font-size: 12pt; color: #000000;\">M\u00e0u \u00e1nh s\u00e1ng<\/span><\/td>\n<td colspan=\"undefined\" data-sfc-cp=\"\" data-complete=\"true\"><span style=\"font-family: arial, helvetica, sans-serif; font-size: 12pt; color: #000000;\">Ph\u1ee5 thu\u1ed9c v\u00e0o b\u00f3ng\u00a0E27\u00a0b\u1ea1n ch\u1ecdn (c\u00f3 th\u1ec3 ch\u1ecdn \u00e1nh s\u00e1ng tr\u1eafng ho\u1eb7c v\u00e0ng)<\/span><\/td>\n<\/tr>\n<tr data-sfc-cp=\"\" data-complete=\"true\">\n<td colspan=\"undefined\" data-sfc-cp=\"\" data-complete=\"true\"><span style=\"font-family: arial, helvetica, sans-serif; font-size: 12pt; color: #000000;\">Xu\u1ea5t x\u1ee9<\/span><\/td>\n<td colspan=\"undefined\" data-sfc-cp=\"\" data-complete=\"true\"><span style=\"font-family: arial, helvetica, sans-serif; font-size: 12pt; color: #000000;\">H\u00e0ng nh\u1eadp kh\u1ea9u<\/span><\/td>\n<\/tr>\n<\/tbody>\n<\/table>\n<\/div>\n<div data-sfc-cp=\"\" data-complete=\"true\" data-processed=\"true\"><\/div>\n<h3 role=\"heading\" aria-level=\"3\" data-complete=\"true\" data-processed=\"true\"><span style=\"font-family: arial, helvetica, sans-serif; font-size: 14pt; color: #000000;\">\u0110\u00e1nh gi\u00e1 v\u00e0 \u1ee8ng d\u1ee5ng<\/span><\/h3>\n<div data-sfc-cp=\"\" data-hveid=\"CAEIBxAA\" data-complete=\"true\" data-processed=\"true\"><span style=\"font-family: arial, helvetica, sans-serif; font-size: 12pt; color: #000000;\">\u0110\u00e8n t\u01b0\u1eddng trang tr\u00ed hi\u1ec7n \u0111\u1ea1i CN-72 l\u00e0 l\u1ef1a ch\u1ecdn ph\u1ed5 bi\u1ebfn cho c\u00e1c c\u00f4ng tr\u00ecnh hi\u1ec7n \u0111\u1ea1i nh\u1edd nh\u1eefng \u01b0u \u0111i\u1ec3m sau:<\/span><\/div>\n<ul data-complete=\"true\" data-processed=\"true\">\n<li data-hveid=\"CAEICBAA\" data-complete=\"true\" data-sae=\"\"><span style=\"font-family: arial, helvetica, sans-serif; font-size: 12pt; color: #000000;\">T\u00ednh linh ho\u1ea1t: V\u00ec \u0111\u00e8n s\u1eed d\u1ee5ng \u0111ui E27 ph\u1ed5 th\u00f4ng, ng\u01b0\u1eddi d\u00f9ng c\u00f3 th\u1ec3 d\u1ec5 d\u00e0ng l\u1ef1a ch\u1ecdn lo\u1ea1i b\u00f3ng \u0111\u00e8n LED v\u1edbi c\u00f4ng su\u1ea5t v\u00e0 m\u00e0u \u00e1nh s\u00e1ng (v\u00e0ng ho\u1eb7c tr\u1eafng) t\u00f9y theo s\u1edf th\u00edch v\u00e0 kh\u00f4ng gian s\u1eed d\u1ee5ng.<\/span><\/li>\n<li data-hveid=\"CAEICBAB\" data-complete=\"true\" data-sae=\"\"><span style=\"font-family: arial, helvetica, sans-serif; font-size: 12pt; color: #000000;\">\u0110\u1ed9 b\u1ec1n cao: Th\u00e2n \u0111\u00e8n l\u00e0m b\u1eb1ng kim lo\u1ea1i s\u01a1n t\u0129nh \u0111i\u1ec7n v\u00e0 chao \u0111\u00e8n b\u1eb1ng acrylic\/th\u1ee7y tinh gi\u00fap s\u1ea3n ph\u1ea9m b\u1ec1n b\u1ec9 d\u01b0\u1edbi t\u00e1c \u0111\u1ed9ng c\u1ee7a th\u1eddi ti\u1ebft. Ti\u00eau chu\u1ea9n IP65 \u0111\u1ea3m b\u1ea3o kh\u1ea3 n\u0103ng ch\u1ed1ng n\u01b0\u1edbc v\u00e0 ch\u1ed1ng b\u1ee5i hi\u1ec7u qu\u1ea3, ph\u00f9 h\u1ee3p cho l\u1eafp \u0111\u1eb7t ngo\u1ea1i th\u1ea5t.<\/span><\/li>\n<li data-hveid=\"CAEICBAC\" data-complete=\"true\" data-sae=\"\"><span style=\"font-family: arial, helvetica, sans-serif; font-size: 12pt; color: #000000;\">Thi\u1ebft k\u1ebf th\u1ea9m m\u1ef9: V\u1edbi ki\u1ec3u d\u00e1ng vu\u00f4ng v\u1eafn, hi\u1ec7n \u0111\u1ea1i, \u0111\u00e8n t\u1ea1o \u0111i\u1ec3m nh\u1ea5n sang tr\u1ecdng cho c\u00e1c b\u1ee9c t\u01b0\u1eddng r\u00e0o, tr\u1ee5 c\u1ed5ng, ho\u1eb7c m\u1eb7t ti\u1ec1n bi\u1ec7t th\u1ef1.<\/span><\/li>\n<li data-hveid=\"CAEICBAD\" data-complete=\"true\" data-sae=\"\"><span style=\"font-family: arial, helvetica, sans-serif; font-size: 12pt; color: #000000;\">\u1ee8ng d\u1ee5ng \u0111a n\u0103ng: M\u1eb7c d\u00f9 \u0111\u01b0\u1ee3c thi\u1ebft k\u1ebf cho ngo\u1ea1i th\u1ea5t, \u0111\u00e8n c\u0169ng c\u00f3 th\u1ec3 \u0111\u01b0\u1ee3c s\u1eed d\u1ee5ng trong c\u00e1c kh\u00f4ng gian n\u1ed9i th\u1ea5t c\u00f3 phong c\u00e1ch t\u01b0\u01a1ng t\u1ef1 nh\u01b0 h\u00e0nh lang, ban c\u00f4ng trong nh\u00e0, ho\u1eb7c c\u00e1c khu v\u1ef1c \u1ea9m \u01b0\u1edbt nh\u1edd kh\u1ea3 n\u0103ng ch\u1ed1ng n\u01b0\u1edbc t\u1ed1t.<\/span><\/li>\n<\/ul>\n<p class=\"Y3BBE\" data-hveid=\"CAEICBAA\" data-complete=\"true\" data-processed=\"true\"><span style=\"font-size: 12pt; color: #000000;\"><strong>LI\u00caN H\u1ec6 : Hotline: 0935 228 204 ( Ms Lam )<\/strong><\/span><\/p>\n<p><span style=\"font-size: 12pt; color: #000000;\"><strong>Facebook:\u00a0<span style=\"color: #ff6600;\"><a style=\"color: #ff6600;\" href=\"https:\/\/www.facebook.com\/thietbidienlama\" target=\"_blank\" rel=\"noopener\">THI\u1ebeT\u00a0B\u1eca \u0110I\u1ec6N LAMA<\/a><\/span><\/strong><\/span><\/p>\n<p><span style=\"font-size: 12pt; color: #000000;\"><strong>Tiktok:\u00a0<span style=\"color: #ff6600;\"><a style=\"color: #ff6600;\" href=\"https:\/\/www.tiktok.com\/@thietbidienlama\" target=\"_blank\" rel=\"noopener\">THI\u1ebeT\u00a0B\u1eca \u0110I\u1ec6N LAMA<\/a><\/span><\/strong><\/span><\/p>\n<p><span style=\"font-size: 12pt; color: #000000;\"><strong>Youtube: <span style=\"color: #ff6600;\"><a style=\"color: #ff6600;\" href=\"https:\/\/www.youtube.com\/@thietbidienlama\" target=\"_blank\" rel=\"noopener\">THI\u1ebeT\u00a0B\u1eca \u0110I\u1ec6N LAMA<\/a><\/span><\/strong><\/span><\/p>","protected":false},"excerpt":{"rendered":"<p>\u0110\u00e8n T\u01b0\u1eddng Trang Tr\u00ed Hi\u1ec7n \u0110\u1ea1i CN-72 Euroto \u0110\u00e8n t\u01b0\u1eddng trang tr\u00ed hi\u1ec7n \u0111\u1ea1i\u00a0Euroto CN-72\u00a0l\u00e0 m\u1eabu \u0111\u00e8n g\u1eafn t\u01b0\u1eddng ngo\u00e0i<\/p>","protected":false},"featured_media":13899,"comment_status":"closed","ping_status":"closed","template":"","meta":[],"product_brand":[],"product_cat":[505,847,848,845],"product_tag":[1039],"class_list":{"0":"post-13898","1":"product","2":"type-product","3":"status-publish","4":"has-post-thumbnail","6":"product_cat-den-trang-tri","7":"product_cat-den-trang-tri-ngoai-troi","8":"product_cat-den-tuong-euroto","9":"product_cat-den-tuong-trang-tri","10":"product_tag-den-tuong-trang-tri-hien-dai-cn-72","12":"first","13":"instock","14":"sale","15":"shipping-taxable","16":"purchasable","17":"product-type-simple"},"_links":{"self":[{"href":"https:\/\/www.thietbidienlama.com\/en\/wp-json\/wp\/v2\/product\/13898","targetHints":{"allow":["GET"]}}],"collection":[{"href":"https:\/\/www.thietbidienlama.com\/en\/wp-json\/wp\/v2\/product"}],"about":[{"href":"https:\/\/www.thietbidienlama.com\/en\/wp-json\/wp\/v2\/types\/product"}],"replies":[{"embeddable":true,"href":"https:\/\/www.thietbidienlama.com\/en\/wp-json\/wp\/v2\/comments?post=13898"}],"version-history":[{"count":1,"href":"https:\/\/www.thietbidienlama.com\/en\/wp-json\/wp\/v2\/product\/13898\/revisions"}],"predecessor-version":[{"id":13900,"href":"https:\/\/www.thietbidienlama.com\/en\/wp-json\/wp\/v2\/product\/13898\/revisions\/13900"}],"wp:featuredmedia":[{"embeddable":true,"href":"https:\/\/www.thietbidienlama.com\/en\/wp-json\/wp\/v2\/media\/13899"}],"wp:attachment":[{"href":"https:\/\/www.thietbidienlama.com\/en\/wp-json\/wp\/v2\/media?parent=13898"}],"wp:term":[{"taxonomy":"product_brand","embeddable":true,"href":"https:\/\/www.thietbidienlama.com\/en\/wp-json\/wp\/v2\/product_brand?post=13898"},{"taxonomy":"product_cat","embeddable":true,"href":"https:\/\/www.thietbidienlama.com\/en\/wp-json\/wp\/v2\/product_cat?post=13898"},{"taxonomy":"product_tag","embeddable":true,"href":"https:\/\/www.thietbidienlama.com\/en\/wp-json\/wp\/v2\/product_tag?post=13898"}],"curies":[{"name":"wp","href":"https:\/\/api.w.org\/{rel}","templated":true}]}}