{"id":13892,"date":"2026-02-04T15:02:22","date_gmt":"2026-02-04T08:02:22","guid":{"rendered":"https:\/\/thietbidienlama.com\/?post_type=product&#038;p=13892"},"modified":"2026-03-27T10:57:33","modified_gmt":"2026-03-27T03:57:33","slug":"den-trang-tri-cau-thang-nbls016w-nanoco","status":"publish","type":"product","link":"https:\/\/www.thietbidienlama.com\/en\/den-trang-tri-cau-thang-nbls016w-nanoco\/","title":{"rendered":"\u0110\u00e8n Trang Tr\u00ed C\u1ea7u Thang NBLS016W Nanoco"},"content":{"rendered":"<h2 style=\"text-align: center;\"><span style=\"font-family: arial, helvetica, sans-serif; font-size: 18pt; color: #000000;\">\u0110\u00e8n Trang Tr\u00ed C\u1ea7u Thang NBLS016W Nanoco<\/span><\/h2>\n<div data-sfc-cp=\"\" data-hveid=\"CAEIAhAA\" data-complete=\"true\" data-processed=\"true\"><span style=\"font-family: arial, helvetica, sans-serif; font-size: 12pt; color: #000000;\"><strong><span style=\"color: #ff6600;\"><a style=\"color: #ff6600;\" href=\"https:\/\/thietbidienlama.com\/den-trang-tri-cau-thang-nbls016w-nanoco\/\">\u0110\u00e8n trang tr\u00ed c\u1ea7u thang\u00a0NBLS016W<\/a><\/span><\/strong> Nanoco\u00a0(m\u00e3 s\u1ea3n ph\u1ea9m \u0111\u1ea7y \u0111\u1ee7 l\u00e0\u00a0Nanoco \u0110\u00e8n T\u01b0\u1eddng Ngo\u00e0i Tr\u1eddi NBLS016W &#8211; Stella Series) l\u00e0 m\u1eabu \u0111\u00e8n LED g\u1eafn t\u01b0\u1eddng 6W m\u00e0u tr\u1eafng, thu\u1ed9c d\u00f2ng Stella Series cao c\u1ea5p, th\u01b0\u1eddng \u0111\u01b0\u1ee3c s\u1eed d\u1ee5ng \u0111\u1ec3 t\u1ea1o \u0111i\u1ec3m nh\u1ea5n \u00e1nh s\u00e1ng tinh t\u1ebf v\u00e0 d\u1eabn h\u01b0\u1edbng an to\u00e0n cho khu v\u1ef1c c\u1ea7u thang ho\u1eb7c h\u00e0nh lang.<\/span><\/div>\n<div data-sfc-cp=\"\" data-complete=\"true\" data-processed=\"true\"><img fetchpriority=\"high\" decoding=\"async\" class=\"alignnone size-medium wp-image-13893 aligncenter\" src=\"http:\/\/thietbidienlama.com\/wp-content\/uploads\/2026\/02\/Den-Trang-Tri-Cau-Thang-NBLS016W-294x300.jpg\" alt=\"\" width=\"294\" height=\"300\" srcset=\"https:\/\/www.thietbidienlama.com\/wp-content\/uploads\/2026\/02\/Den-Trang-Tri-Cau-Thang-NBLS016W-294x300.jpg 294w, https:\/\/www.thietbidienlama.com\/wp-content\/uploads\/2026\/02\/Den-Trang-Tri-Cau-Thang-NBLS016W-12x12.jpg 12w, https:\/\/www.thietbidienlama.com\/wp-content\/uploads\/2026\/02\/Den-Trang-Tri-Cau-Thang-NBLS016W-150x153.jpg 150w, https:\/\/www.thietbidienlama.com\/wp-content\/uploads\/2026\/02\/Den-Trang-Tri-Cau-Thang-NBLS016W.jpg 340w\" sizes=\"(max-width: 294px) 100vw, 294px\" \/><\/div>\n<h3 role=\"heading\" aria-level=\"3\" data-complete=\"true\" data-processed=\"true\"><span style=\"font-family: arial, helvetica, sans-serif; font-size: 14pt; color: #000000;\">Th\u00f4ng s\u1ed1 k\u1ef9 thu\u1eadt<\/span><\/h3>\n<div data-sfc-cp=\"\" data-hveid=\"CAEIBBAA\" data-complete=\"true\" data-processed=\"true\"><span style=\"font-family: arial, helvetica, sans-serif; font-size: 12pt; color: #000000;\">D\u01b0\u1edbi \u0111\u00e2y l\u00e0 b\u1ea3ng th\u00f4ng s\u1ed1 k\u1ef9 thu\u1eadt chi ti\u1ebft c\u1ee7a \u0111\u00e8n Nanoco NBLS016W:<\/span><\/div>\n<div data-sfc-cp=\"\" data-complete=\"true\" data-processed=\"true\"><\/div>\n<div data-sfc-cp=\"\" data-ved=\"2ahUKEwj51pK0rr-SAxXHiK8BHa1hHR8Q-q4QegYIAQgFEAA\" data-processed=\"true\" data-complete=\"true\">\n<table data-animation-nesting=\"\" data-sae=\"\">\n<tbody>\n<tr data-sfc-cp=\"\" data-complete=\"true\">\n<th colspan=\"undefined\" data-sfc-cp=\"\" data-complete=\"true\"><span style=\"font-family: arial, helvetica, sans-serif; font-size: 12pt; color: #000000;\">Thu\u1ed9c t\u00ednh<span aria-hidden=\"true\">\u00a0<\/span><button tabindex=\"0\" data-amic=\"true\" data-icl-uuid=\"dd493c96-03d5-47e0-a7e0-d481a62c73bc\" aria-label=\"Xem c\u00e1c \u0111\u01b0\u1eddng li\u00ean k\u1ebft c\u00f3 li\u00ean quan\" data-wiz-attrbind=\"disabled=TUbHdf_x\/C5gNJc;aria-label=TUbHdf_x\/bOjMyf;class=TUbHdf_x\/UpSNec\" data-ved=\"2ahUKEwj51pK0rr-SAxXHiK8BHa1hHR8Qye0OegYIAQgFEAE\"><\/button><\/span><\/th>\n<th colspan=\"undefined\" data-sfc-cp=\"\" data-complete=\"true\"><span style=\"font-family: arial, helvetica, sans-serif; font-size: 12pt; color: #000000;\">Chi ti\u1ebft<\/span><\/th>\n<\/tr>\n<tr data-sfc-cp=\"\" data-complete=\"true\">\n<td colspan=\"undefined\" data-sfc-cp=\"\" data-complete=\"true\"><span style=\"font-family: arial, helvetica, sans-serif; font-size: 12pt; color: #000000;\">M\u00e3 s\u1ea3n ph\u1ea9m<\/span><\/td>\n<td colspan=\"undefined\" data-sfc-cp=\"\" data-complete=\"true\"><span style=\"font-family: arial, helvetica, sans-serif; font-size: 12pt; color: #000000;\">NBLS016W\u00a0(m\u00e0u tr\u1eafng)<\/span><\/td>\n<\/tr>\n<tr data-sfc-cp=\"\" data-complete=\"true\">\n<td colspan=\"undefined\" data-sfc-cp=\"\" data-complete=\"true\"><span style=\"font-family: arial, helvetica, sans-serif; font-size: 12pt; color: #000000;\">C\u00f4ng su\u1ea5t<\/span><\/td>\n<td colspan=\"undefined\" data-sfc-cp=\"\" data-complete=\"true\"><span style=\"font-family: arial, helvetica, sans-serif; font-size: 12pt; color: #000000;\">6W<\/span><\/td>\n<\/tr>\n<tr data-sfc-cp=\"\" data-complete=\"true\">\n<td colspan=\"undefined\" data-sfc-cp=\"\" data-complete=\"true\"><span style=\"font-family: arial, helvetica, sans-serif; font-size: 12pt; color: #000000;\">\u0110i\u1ec7n th\u1ebf s\u1eed d\u1ee5ng<\/span><\/td>\n<td colspan=\"undefined\" data-sfc-cp=\"\" data-complete=\"true\"><span style=\"font-family: arial, helvetica, sans-serif; font-size: 12pt; color: #000000;\">AC85-265V<\/span><\/td>\n<\/tr>\n<tr data-sfc-cp=\"\" data-complete=\"true\">\n<td colspan=\"undefined\" data-sfc-cp=\"\" data-complete=\"true\"><span style=\"font-family: arial, helvetica, sans-serif; font-size: 12pt; color: #000000;\">K\u00edch th\u01b0\u1edbc s\u1ea3n ph\u1ea9m<\/span><\/td>\n<td colspan=\"undefined\" data-sfc-cp=\"\" data-complete=\"true\"><span style=\"font-family: arial, helvetica, sans-serif; font-size: 12pt; color: #000000;\">175 x 80 x 40 mm<\/span><\/td>\n<\/tr>\n<tr data-sfc-cp=\"\" data-complete=\"true\">\n<td colspan=\"undefined\" data-sfc-cp=\"\" data-complete=\"true\"><span style=\"font-family: arial, helvetica, sans-serif; font-size: 12pt; color: #000000;\">M\u00e0u \u00e1nh s\u00e1ng<\/span><\/td>\n<td colspan=\"undefined\" data-sfc-cp=\"\" data-complete=\"true\"><span style=\"font-family: arial, helvetica, sans-serif; font-size: 12pt; color: #000000;\">V\u00e0ng\u00a0(3000K)<\/span><\/td>\n<\/tr>\n<tr data-sfc-cp=\"\" data-complete=\"true\">\n<td colspan=\"undefined\" data-sfc-cp=\"\" data-complete=\"true\"><span style=\"font-family: arial, helvetica, sans-serif; font-size: 12pt; color: #000000;\">Quang th\u00f4ng<\/span><\/td>\n<td colspan=\"undefined\" data-sfc-cp=\"\" data-complete=\"true\"><span style=\"font-family: arial, helvetica, sans-serif; font-size: 12pt; color: #000000;\">420 Lm<\/span><\/td>\n<\/tr>\n<tr data-sfc-cp=\"\" data-complete=\"true\">\n<td colspan=\"undefined\" data-sfc-cp=\"\" data-complete=\"true\"><span style=\"font-family: arial, helvetica, sans-serif; font-size: 12pt; color: #000000;\">Ch\u1ec9 s\u1ed1 ho\u00e0n m\u00e0u (CRI)<\/span><\/td>\n<td colspan=\"undefined\" data-sfc-cp=\"\" data-complete=\"true\"><span style=\"font-family: arial, helvetica, sans-serif; font-size: 12pt; color: #000000;\">Ra 80<\/span><\/td>\n<\/tr>\n<tr data-sfc-cp=\"\" data-complete=\"true\">\n<td colspan=\"undefined\" data-sfc-cp=\"\" data-complete=\"true\"><span style=\"font-family: arial, helvetica, sans-serif; font-size: 12pt; color: #000000;\">Tu\u1ed5i th\u1ecd<\/span><\/td>\n<td colspan=\"undefined\" data-sfc-cp=\"\" data-complete=\"true\"><span style=\"font-family: arial, helvetica, sans-serif; font-size: 12pt; color: #000000;\">30.000 gi\u1edd<\/span><\/td>\n<\/tr>\n<tr data-sfc-cp=\"\" data-complete=\"true\">\n<td colspan=\"undefined\" data-sfc-cp=\"\" data-complete=\"true\"><span style=\"font-family: arial, helvetica, sans-serif; font-size: 12pt; color: #000000;\">Ch\u1ea5t li\u1ec7u<\/span><\/td>\n<td colspan=\"undefined\" data-sfc-cp=\"\" data-complete=\"true\"><span style=\"font-family: arial, helvetica, sans-serif; font-size: 12pt; color: #000000;\">Th\u00e2n \u0111\u00e8n b\u1eb1ng\u00a0nh\u00f4m m\u00e0u tr\u1eafng<\/span><\/td>\n<\/tr>\n<tr data-sfc-cp=\"\" data-complete=\"true\">\n<td colspan=\"undefined\" data-sfc-cp=\"\" data-complete=\"true\"><span style=\"font-family: arial, helvetica, sans-serif; font-size: 12pt; color: #000000;\">Chip LED<\/span><\/td>\n<td colspan=\"undefined\" data-sfc-cp=\"\" data-complete=\"true\"><span style=\"font-family: arial, helvetica, sans-serif; font-size: 12pt; color: #000000;\">Bridgelux 3030<\/span><\/td>\n<\/tr>\n<tr data-sfc-cp=\"\" data-complete=\"true\">\n<td colspan=\"undefined\" data-sfc-cp=\"\" data-complete=\"true\"><span style=\"font-family: arial, helvetica, sans-serif; font-size: 12pt; color: #000000;\">G\u00f3c chi\u1ebfu<\/span><\/td>\n<td colspan=\"undefined\" data-sfc-cp=\"\" data-complete=\"true\"><span style=\"font-family: arial, helvetica, sans-serif; font-size: 12pt; color: #000000;\">60\u00b0<\/span><\/td>\n<\/tr>\n<tr data-sfc-cp=\"\" data-complete=\"true\">\n<td colspan=\"undefined\" data-sfc-cp=\"\" data-complete=\"true\"><span style=\"font-family: arial, helvetica, sans-serif; font-size: 12pt; color: #000000;\">Ch\u1ec9 s\u1ed1 b\u1ea3o v\u1ec7<\/span><\/td>\n<td colspan=\"undefined\" data-sfc-cp=\"\" data-complete=\"true\"><span style=\"font-family: arial, helvetica, sans-serif; font-size: 12pt; color: #000000;\">IP65\u00a0(ch\u1ed1ng b\u1ee5i ho\u00e0n to\u00e0n v\u00e0 ch\u1ed1ng n\u01b0\u1edbc phun)<\/span><\/td>\n<\/tr>\n<\/tbody>\n<\/table>\n<\/div>\n<div data-sfc-cp=\"\" data-complete=\"true\" data-processed=\"true\"><\/div>\n<h3 role=\"heading\" aria-level=\"3\" data-complete=\"true\" data-processed=\"true\"><span style=\"font-family: arial, helvetica, sans-serif; font-size: 14pt; color: #000000;\">\u0110\u00e1nh gi\u00e1 v\u00e0 \u1ee8ng d\u1ee5ng<\/span><\/h3>\n<div data-sfc-cp=\"\" data-hveid=\"CAEIBxAA\" data-complete=\"true\" data-processed=\"true\"><span style=\"font-family: arial, helvetica, sans-serif; font-size: 12pt; color: #000000;\">\u0110\u00e8n NBLS016W l\u00e0 gi\u1ea3i ph\u00e1p chi\u1ebfu s\u00e1ng hi\u1ec7n \u0111\u1ea1i, \u0111\u01b0\u1ee3c \u0111\u00e1nh gi\u00e1 cao nh\u1edd s\u1ef1 k\u1ebft h\u1ee3p gi\u1eefa thi\u1ebft k\u1ebf t\u1ed1i gi\u1ea3n v\u00e0 hi\u1ec7u n\u0103ng b\u1ec1n b\u1ec9:<\/span><\/div>\n<ul data-complete=\"true\" data-processed=\"true\">\n<li data-hveid=\"CAEICBAA\" data-complete=\"true\" data-sae=\"\"><span style=\"font-family: arial, helvetica, sans-serif; font-size: 12pt; color: #000000;\">Thi\u1ebft k\u1ebf hi\u1ec7n \u0111\u1ea1i: S\u1ea3n ph\u1ea9m c\u00f3 ki\u1ec3u d\u00e1ng vu\u00f4ng v\u1eafn, m\u00e0u tr\u1eafng trang nh\u00e3, d\u1ec5 d\u00e0ng ph\u1ed1i h\u1ee3p v\u1edbi nhi\u1ec1u phong c\u00e1ch n\u1ed9i th\u1ea5t v\u00e0 ngo\u1ea1i th\u1ea5t kh\u00e1c nhau, \u0111\u1eb7c bi\u1ec7t ph\u00f9 h\u1ee3p v\u1edbi kh\u00f4ng gian c\u1ea7u thang hi\u1ec7n \u0111\u1ea1i, sang tr\u1ecdng.<\/span><\/li>\n<li data-hveid=\"CAEICBAB\" data-complete=\"true\" data-sae=\"\"><span style=\"font-family: arial, helvetica, sans-serif; font-size: 12pt; color: #000000;\">Hi\u1ec7u \u1ee9ng \u00e1nh s\u00e1ng: \u0110\u00e8n n\u1ed5i b\u1eadt v\u1edbi c\u1ea5u tr\u00fac 3 ch\u00f3a \u0111\u00e8n t\u1ea1o hi\u1ec7u \u1ee9ng \u00e1nh s\u00e1ng \u0111an xen m\u1ec1m m\u1ea1i, gi\u00fap b\u1ec1 m\u1eb7t t\u01b0\u1eddng tr\u1edf n\u00ean c\u00f3 chi\u1ec1u s\u00e2u v\u00e0 t\u00ednh th\u1ea9m m\u1ef9 cao h\u01a1n.<\/span><\/li>\n<li data-hveid=\"CAEICBAC\" data-complete=\"true\" data-sae=\"\"><span style=\"font-family: arial, helvetica, sans-serif; font-size: 12pt; color: #000000;\">\u0110\u1ed9 b\u1ec1n v\u00e0 an to\u00e0n: Ti\u00eau chu\u1ea9n IP65 \u0111\u1ea3m b\u1ea3o \u0111\u00e8n ho\u1ea1t \u0111\u1ed9ng \u1ed5n \u0111\u1ecbnh v\u00e0 b\u1ec1n b\u1ec9, ch\u1ed1ng l\u1ea1i b\u1ee5i b\u1ea9n v\u00e0 n\u01b0\u1edbc, gi\u00fap \u0111\u00e8n ph\u00f9 h\u1ee3p kh\u00f4ng ch\u1ec9 cho c\u1ea7u thang trong nh\u00e0 m\u00e0 c\u00f2n cho c\u00e1c khu v\u1ef1c ngo\u00e0i tr\u1eddi nh\u01b0 tr\u1ee5 c\u1ed5ng, h\u00e0nh lang, ho\u1eb7c ban c\u00f4ng.<\/span><\/li>\n<li data-hveid=\"CAEICBAD\" data-complete=\"true\" data-sae=\"\"><span style=\"font-family: arial, helvetica, sans-serif; font-size: 12pt; color: #000000;\" data-sfc-cp=\"\" data-complete=\"true\" aria-owns=\"action-menu-parent-container\">Ch\u1ea5t l\u01b0\u1ee3ng \u00e1nh s\u00e1ng: \u00c1nh s\u00e1ng v\u00e0ng 3000K d\u1ecbu nh\u1eb9, t\u1ea1o c\u1ea3m gi\u00e1c \u1ea5m c\u00fang, d\u1ec5 ch\u1ecbu, kh\u00f4ng g\u00e2y ch\u00f3i m\u1eaft khi s\u1eed d\u1ee5ng \u1edf khu v\u1ef1c \u0111i l\u1ea1i th\u01b0\u1eddng xuy\u00ean nh\u01b0 c\u1ea7u thang.<\/span><\/li>\n<\/ul>\n<p class=\"Y3BBE\" data-hveid=\"CAEICBAA\" data-complete=\"true\" data-processed=\"true\"><span style=\"font-size: 12pt; color: #000000;\"><strong>LI\u00caN H\u1ec6 : Hotline: 0935 228 204 ( Ms Lam )<\/strong><\/span><\/p>\n<p><span style=\"font-size: 12pt; color: #000000;\"><strong>Facebook:\u00a0<span style=\"color: #ff6600;\"><a style=\"color: #ff6600;\" href=\"https:\/\/www.facebook.com\/thietbidienlama\" target=\"_blank\" rel=\"noopener\">THI\u1ebeT\u00a0B\u1eca \u0110I\u1ec6N LAMA<\/a><\/span><\/strong><\/span><\/p>\n<p><span style=\"font-size: 12pt; color: #000000;\"><strong>Tiktok:\u00a0<span style=\"color: #ff6600;\"><a style=\"color: #ff6600;\" href=\"https:\/\/www.tiktok.com\/@thietbidienlama\" target=\"_blank\" rel=\"noopener\">THI\u1ebeT\u00a0B\u1eca \u0110I\u1ec6N LAMA<\/a><\/span><\/strong><\/span><\/p>\n<p><span style=\"font-size: 12pt; color: #000000;\"><strong>Youtube: <span style=\"color: #ff6600;\"><a style=\"color: #ff6600;\" href=\"https:\/\/www.youtube.com\/@thietbidienlama\" target=\"_blank\" rel=\"noopener\">THI\u1ebeT\u00a0B\u1eca \u0110I\u1ec6N LAMA<\/a><\/span><\/strong><\/span><\/p>","protected":false},"excerpt":{"rendered":"<p>\u0110\u00e8n Trang Tr\u00ed C\u1ea7u Thang NBLS016W Nanoco \u0110\u00e8n trang tr\u00ed c\u1ea7u thang\u00a0NBLS016W Nanoco\u00a0(m\u00e3 s\u1ea3n ph\u1ea9m \u0111\u1ea7y \u0111\u1ee7 l\u00e0\u00a0Nanoco \u0110\u00e8n T\u01b0\u1eddng<\/p>","protected":false},"featured_media":13893,"comment_status":"closed","ping_status":"closed","template":"","meta":[],"product_brand":[],"product_cat":[505,1057,868,850,845],"product_tag":[1037],"class_list":{"0":"post-13892","1":"product","2":"type-product","3":"status-publish","4":"has-post-thumbnail","6":"product_cat-den-trang-tri","7":"product_cat-den-trang-tri-cau-thang","8":"product_cat-den-trang-tri-nanoco","9":"product_cat-den-trang-tri-phong-khach","10":"product_cat-den-tuong-trang-tri","11":"product_tag-den-trang-tri-cau-thang","13":"first","14":"instock","15":"sale","16":"shipping-taxable","17":"purchasable","18":"product-type-simple"},"_links":{"self":[{"href":"https:\/\/www.thietbidienlama.com\/en\/wp-json\/wp\/v2\/product\/13892","targetHints":{"allow":["GET"]}}],"collection":[{"href":"https:\/\/www.thietbidienlama.com\/en\/wp-json\/wp\/v2\/product"}],"about":[{"href":"https:\/\/www.thietbidienlama.com\/en\/wp-json\/wp\/v2\/types\/product"}],"replies":[{"embeddable":true,"href":"https:\/\/www.thietbidienlama.com\/en\/wp-json\/wp\/v2\/comments?post=13892"}],"version-history":[{"count":1,"href":"https:\/\/www.thietbidienlama.com\/en\/wp-json\/wp\/v2\/product\/13892\/revisions"}],"predecessor-version":[{"id":13894,"href":"https:\/\/www.thietbidienlama.com\/en\/wp-json\/wp\/v2\/product\/13892\/revisions\/13894"}],"wp:featuredmedia":[{"embeddable":true,"href":"https:\/\/www.thietbidienlama.com\/en\/wp-json\/wp\/v2\/media\/13893"}],"wp:attachment":[{"href":"https:\/\/www.thietbidienlama.com\/en\/wp-json\/wp\/v2\/media?parent=13892"}],"wp:term":[{"taxonomy":"product_brand","embeddable":true,"href":"https:\/\/www.thietbidienlama.com\/en\/wp-json\/wp\/v2\/product_brand?post=13892"},{"taxonomy":"product_cat","embeddable":true,"href":"https:\/\/www.thietbidienlama.com\/en\/wp-json\/wp\/v2\/product_cat?post=13892"},{"taxonomy":"product_tag","embeddable":true,"href":"https:\/\/www.thietbidienlama.com\/en\/wp-json\/wp\/v2\/product_tag?post=13892"}],"curies":[{"name":"wp","href":"https:\/\/api.w.org\/{rel}","templated":true}]}}