{"id":13888,"date":"2026-02-04T14:52:40","date_gmt":"2026-02-04T07:52:40","guid":{"rendered":"https:\/\/thietbidienlama.com\/?post_type=product&#038;p=13888"},"modified":"2026-02-04T15:03:46","modified_gmt":"2026-02-04T08:03:46","slug":"den-trang-tri-ngoai-troi-nbls8004-nanoco","status":"publish","type":"product","link":"https:\/\/www.thietbidienlama.com\/en\/den-trang-tri-ngoai-troi-nbls8004-nanoco\/","title":{"rendered":"\u0110\u00e8n Trang Tr\u00ed Ngo\u00e0i Tr\u1eddi NBLS8004 Nanoco"},"content":{"rendered":"<h2 style=\"text-align: center;\" data-hveid=\"CAEIAhAA\" data-complete=\"true\" data-processed=\"true\"><span style=\"font-family: arial, helvetica, sans-serif; font-size: 18pt; color: #000000;\">\u0110\u00e8n Trang Tr\u00ed Ngo\u00e0i Tr\u1eddi NBLS8004 Nanoco<\/span><\/h2>\n<div data-sfc-cp=\"\" data-hveid=\"CAEIAhAA\" data-complete=\"true\" data-processed=\"true\"><span style=\"font-family: arial, helvetica, sans-serif; font-size: 12pt; color: #000000;\"><strong><span style=\"color: #ff6600;\"><a style=\"color: #ff6600;\" href=\"https:\/\/thietbidienlama.com\/den-trang-tri-ngoai-troi-nbls8004-nanoco\/\">\u0110\u00e8n trang tr\u00ed ngo\u00e0i tr\u1eddi\u00a0NBLS8004<\/a><\/span><\/strong> Nanoco\u00a0l\u00e0 m\u1eabu \u0111\u00e8n LED g\u1eafn t\u01b0\u1eddng d\u00f2ng Stella Series, \u0111\u01b0\u1ee3c thi\u1ebft k\u1ebf v\u1edbi h\u00ecnh vu\u00f4ng, nh\u1ecf g\u1ecdn, l\u00fd t\u01b0\u1edfng cho vi\u1ec7c chi\u1ebfu s\u00e1ng v\u00e0 trang tr\u00ed kh\u00f4ng gian ngo\u1ea1i th\u1ea5t. \u0110\u00e8n s\u1eed d\u1ee5ng \u00e1nh s\u00e1ng v\u00e0ng 3000K, mang l\u1ea1i t\u00ednh th\u1ea9m m\u1ef9 cao cho khu v\u1ef1c l\u1eafp \u0111\u1eb7t.<\/span><\/div>\n<div data-sfc-cp=\"\" data-complete=\"true\" data-processed=\"true\"><img fetchpriority=\"high\" decoding=\"async\" class=\"alignnone size-medium wp-image-13889 aligncenter\" src=\"http:\/\/thietbidienlama.com\/wp-content\/uploads\/2026\/02\/Den-LED-Ngoai-Troi-Gan-Tuong-Stella-Series-NBLS8004-300x288.jpg\" alt=\"\" width=\"300\" height=\"288\" srcset=\"https:\/\/www.thietbidienlama.com\/wp-content\/uploads\/2026\/02\/Den-LED-Ngoai-Troi-Gan-Tuong-Stella-Series-NBLS8004-300x288.jpg 300w, https:\/\/www.thietbidienlama.com\/wp-content\/uploads\/2026\/02\/Den-LED-Ngoai-Troi-Gan-Tuong-Stella-Series-NBLS8004-13x12.jpg 13w, https:\/\/www.thietbidienlama.com\/wp-content\/uploads\/2026\/02\/Den-LED-Ngoai-Troi-Gan-Tuong-Stella-Series-NBLS8004-150x144.jpg 150w, https:\/\/www.thietbidienlama.com\/wp-content\/uploads\/2026\/02\/Den-LED-Ngoai-Troi-Gan-Tuong-Stella-Series-NBLS8004.jpg 314w\" sizes=\"(max-width: 300px) 100vw, 300px\" \/><\/div>\n<h3 role=\"heading\" aria-level=\"3\" data-complete=\"true\" data-processed=\"true\"><span style=\"font-family: arial, helvetica, sans-serif; font-size: 14pt; color: #000000;\">Th\u00f4ng s\u1ed1 k\u1ef9 thu\u1eadt<\/span><\/h3>\n<div data-sfc-cp=\"\" data-hveid=\"CAEIBBAA\" data-processed=\"true\" data-complete=\"true\"><span style=\"font-family: arial, helvetica, sans-serif; font-size: 12pt; color: #000000;\">D\u01b0\u1edbi \u0111\u00e2y l\u00e0 c\u00e1c th\u00f4ng s\u1ed1 k\u1ef9 thu\u1eadt chi ti\u1ebft c\u1ee7a \u0111\u00e8n Nanoco NBLS8004:<\/span><\/div>\n<div data-sfc-cp=\"\" data-complete=\"true\" data-processed=\"true\"><\/div>\n<div data-sfc-cp=\"\" data-ved=\"2ahUKEwiPyrKFrL-SAxVlc_UHHfbeKr4Q-q4QegYIAQgFEAA\" data-processed=\"true\" data-complete=\"true\">\n<table data-animation-nesting=\"\" data-sae=\"\">\n<tbody>\n<tr data-sfc-cp=\"\" data-complete=\"true\">\n<th colspan=\"undefined\" data-sfc-cp=\"\" data-complete=\"true\"><span style=\"font-family: arial, helvetica, sans-serif; font-size: 12pt; color: #000000;\">Thu\u1ed9c t\u00ednh<span aria-hidden=\"true\">\u00a0<\/span><button tabindex=\"0\" data-amic=\"true\" data-icl-uuid=\"b5f16558-4473-437f-8ada-93442b968161\" aria-label=\"Xem c\u00e1c \u0111\u01b0\u1eddng li\u00ean k\u1ebft c\u00f3 li\u00ean quan\" data-wiz-attrbind=\"disabled=FrIquc_w\/C5gNJc;aria-label=FrIquc_w\/bOjMyf;class=FrIquc_w\/UpSNec\" data-ved=\"2ahUKEwiPyrKFrL-SAxVlc_UHHfbeKr4Qye0OegYIAQgFEAE\"><\/button><\/span><\/th>\n<th colspan=\"undefined\" data-sfc-cp=\"\" data-complete=\"true\"><span style=\"font-family: arial, helvetica, sans-serif; font-size: 12pt; color: #000000;\">Chi ti\u1ebft<\/span><\/th>\n<\/tr>\n<tr data-sfc-cp=\"\" data-complete=\"true\">\n<td colspan=\"undefined\" data-sfc-cp=\"\" data-complete=\"true\"><span style=\"font-family: arial, helvetica, sans-serif; font-size: 12pt; color: #000000;\">C\u00f4ng su\u1ea5t<\/span><\/td>\n<td colspan=\"undefined\" data-sfc-cp=\"\" data-complete=\"true\"><span style=\"font-family: arial, helvetica, sans-serif; font-size: 12pt; color: #000000;\">6W<\/span><\/td>\n<\/tr>\n<tr data-sfc-cp=\"\" data-complete=\"true\">\n<td colspan=\"undefined\" data-sfc-cp=\"\" data-complete=\"true\"><span style=\"font-family: arial, helvetica, sans-serif; font-size: 12pt; color: #000000;\">\u0110i\u1ec7n th\u1ebf s\u1eed d\u1ee5ng<\/span><\/td>\n<td colspan=\"undefined\" data-sfc-cp=\"\" data-complete=\"true\"><span style=\"font-family: arial, helvetica, sans-serif; font-size: 12pt; color: #000000;\">AC85-265V<\/span><\/td>\n<\/tr>\n<tr data-sfc-cp=\"\" data-complete=\"true\">\n<td colspan=\"undefined\" data-sfc-cp=\"\" data-complete=\"true\"><span style=\"font-family: arial, helvetica, sans-serif; font-size: 12pt; color: #000000;\">K\u00edch th\u01b0\u1edbc s\u1ea3n ph\u1ea9m<\/span><\/td>\n<td colspan=\"undefined\" data-sfc-cp=\"\" data-complete=\"true\"><span style=\"font-family: arial, helvetica, sans-serif; font-size: 12pt; color: #000000;\">150 x 65 x 70 mm<\/span><\/td>\n<\/tr>\n<tr data-sfc-cp=\"\" data-complete=\"true\">\n<td colspan=\"undefined\" data-sfc-cp=\"\" data-complete=\"true\"><span style=\"font-family: arial, helvetica, sans-serif; font-size: 12pt; color: #000000;\">M\u00e0u \u00e1nh s\u00e1ng<\/span><\/td>\n<td colspan=\"undefined\" data-sfc-cp=\"\" data-complete=\"true\"><span style=\"font-family: arial, helvetica, sans-serif; font-size: 12pt; color: #000000;\">V\u00e0ng\u00a0(3000K)<\/span><\/td>\n<\/tr>\n<tr data-sfc-cp=\"\" data-complete=\"true\">\n<td colspan=\"undefined\" data-sfc-cp=\"\" data-complete=\"true\"><span style=\"font-family: arial, helvetica, sans-serif; font-size: 12pt; color: #000000;\">Quang th\u00f4ng<\/span><\/td>\n<td colspan=\"undefined\" data-sfc-cp=\"\" data-complete=\"true\"><span style=\"font-family: arial, helvetica, sans-serif; font-size: 12pt; color: #000000;\">360 Lm<\/span><\/td>\n<\/tr>\n<tr data-sfc-cp=\"\" data-complete=\"true\">\n<td colspan=\"undefined\" data-sfc-cp=\"\" data-complete=\"true\"><span style=\"font-family: arial, helvetica, sans-serif; font-size: 12pt; color: #000000;\">Ch\u1ec9 s\u1ed1 ho\u00e0n m\u00e0u (CRI)<\/span><\/td>\n<td colspan=\"undefined\" data-sfc-cp=\"\" data-complete=\"true\"><span style=\"font-family: arial, helvetica, sans-serif; font-size: 12pt; color: #000000;\">Ra 80<\/span><\/td>\n<\/tr>\n<tr data-sfc-cp=\"\" data-complete=\"true\">\n<td colspan=\"undefined\" data-sfc-cp=\"\" data-complete=\"true\"><span style=\"font-family: arial, helvetica, sans-serif; font-size: 12pt; color: #000000;\">Tu\u1ed5i th\u1ecd<\/span><\/td>\n<td colspan=\"undefined\" data-sfc-cp=\"\" data-complete=\"true\"><span style=\"font-family: arial, helvetica, sans-serif; font-size: 12pt; color: #000000;\">30.000 gi\u1edd<\/span><\/td>\n<\/tr>\n<tr data-sfc-cp=\"\" data-complete=\"true\">\n<td colspan=\"undefined\" data-sfc-cp=\"\" data-complete=\"true\"><span style=\"font-family: arial, helvetica, sans-serif; font-size: 12pt; color: #000000;\">Ch\u1ea5t li\u1ec7u<\/span><\/td>\n<td colspan=\"undefined\" data-sfc-cp=\"\" data-complete=\"true\"><span style=\"font-family: arial, helvetica, sans-serif; font-size: 12pt; color: #000000;\">Th\u00e2n \u0111\u00e8n b\u1eb1ng\u00a0nh\u00f4m m\u00e0u \u0111en<\/span><\/td>\n<\/tr>\n<tr data-sfc-cp=\"\" data-complete=\"true\">\n<td colspan=\"undefined\" data-sfc-cp=\"\" data-complete=\"true\"><span style=\"font-family: arial, helvetica, sans-serif; font-size: 12pt; color: #000000;\">Chip LED<\/span><\/td>\n<td colspan=\"undefined\" data-sfc-cp=\"\" data-complete=\"true\"><span style=\"font-family: arial, helvetica, sans-serif; font-size: 12pt; color: #000000;\">Bridgelux 3030<\/span><\/td>\n<\/tr>\n<tr data-sfc-cp=\"\" data-complete=\"true\">\n<td colspan=\"undefined\" data-sfc-cp=\"\" data-complete=\"true\"><span style=\"font-family: arial, helvetica, sans-serif; font-size: 12pt; color: #000000;\">G\u00f3c chi\u1ebfu<\/span><\/td>\n<td colspan=\"undefined\" data-sfc-cp=\"\" data-complete=\"true\"><span style=\"font-family: arial, helvetica, sans-serif; font-size: 12pt; color: #000000;\">60\u00b0<\/span><\/td>\n<\/tr>\n<tr data-sfc-cp=\"\" data-complete=\"true\">\n<td colspan=\"undefined\" data-sfc-cp=\"\" data-complete=\"true\"><span style=\"font-family: arial, helvetica, sans-serif; font-size: 12pt; color: #000000;\">Ch\u1ec9 s\u1ed1 b\u1ea3o v\u1ec7<\/span><\/td>\n<td colspan=\"undefined\" data-sfc-cp=\"\" data-complete=\"true\"><span style=\"font-family: arial, helvetica, sans-serif; font-size: 12pt; color: #000000;\">IP65\u00a0(ch\u1ed1ng n\u01b0\u1edbc, th\u00edch h\u1ee3p l\u1eafp \u0111\u1eb7t ngo\u00e0i tr\u1eddi)<\/span><\/td>\n<\/tr>\n<\/tbody>\n<\/table>\n<\/div>\n<div data-sfc-cp=\"\" data-complete=\"true\" data-processed=\"true\"><\/div>\n<div data-sfc-cp=\"\" data-complete=\"true\" data-processed=\"true\"><img decoding=\"async\" class=\"alignnone size-medium wp-image-13890 aligncenter\" src=\"http:\/\/thietbidienlama.com\/wp-content\/uploads\/2026\/02\/Den-Trang-Tri-Ngoai-Troi-NBLS8004-Nanoco-300x300.jpg\" alt=\"\" width=\"300\" height=\"300\" srcset=\"https:\/\/www.thietbidienlama.com\/wp-content\/uploads\/2026\/02\/Den-Trang-Tri-Ngoai-Troi-NBLS8004-Nanoco-300x300.jpg 300w, https:\/\/www.thietbidienlama.com\/wp-content\/uploads\/2026\/02\/Den-Trang-Tri-Ngoai-Troi-NBLS8004-Nanoco-150x150.jpg 150w, https:\/\/www.thietbidienlama.com\/wp-content\/uploads\/2026\/02\/Den-Trang-Tri-Ngoai-Troi-NBLS8004-Nanoco-12x12.jpg 12w, https:\/\/www.thietbidienlama.com\/wp-content\/uploads\/2026\/02\/Den-Trang-Tri-Ngoai-Troi-NBLS8004-Nanoco.jpg 470w\" sizes=\"(max-width: 300px) 100vw, 300px\" \/><\/div>\n<h3 role=\"heading\" aria-level=\"3\" data-complete=\"true\" data-processed=\"true\"><span style=\"font-family: arial, helvetica, sans-serif; font-size: 14pt; color: #000000;\">\u0110\u00e1nh gi\u00e1 v\u00e0 \u1ee8ng d\u1ee5ng<\/span><\/h3>\n<div data-sfc-cp=\"\" data-hveid=\"CAEIBxAA\" data-complete=\"true\" data-processed=\"true\"><span style=\"font-family: arial, helvetica, sans-serif; font-size: 12pt; color: #000000;\">\u0110\u00e8n NBLS8004 \u0111\u01b0\u1ee3c c\u00e1c nh\u00e0 th\u1ea7u v\u00e0 gia ch\u1ee7 tin d\u00f9ng nh\u1edd nh\u1eefng \u0111\u1eb7c \u0111i\u1ec3m n\u1ed5i b\u1eadt sau:<\/span><\/div>\n<ul data-processed=\"true\" data-complete=\"true\">\n<li data-hveid=\"CAEICBAA\" data-complete=\"true\" data-sae=\"\"><span style=\"font-family: arial, helvetica, sans-serif; font-size: 12pt; color: #000000;\">Hi\u1ec7u su\u1ea5t cao: M\u1eb7c d\u00f9 ch\u1ec9 c\u00f3 c\u00f4ng su\u1ea5t 6W, \u0111\u00e8n c\u00f3 hi\u1ec7u su\u1ea5t ph\u00e1t quang cao, t\u1ed1i \u01b0u n\u0103ng l\u01b0\u1ee3ng ti\u00eau th\u1ee5, gi\u00fap ti\u1ebft ki\u1ec7m chi ph\u00ed \u0111i\u1ec7n n\u0103ng.<\/span><\/li>\n<li data-hveid=\"CAEICBAB\" data-complete=\"true\" data-sae=\"\"><span style=\"font-family: arial, helvetica, sans-serif; font-size: 12pt; color: #000000;\">\u0110\u1ed9 b\u1ec1n: Th\u00e2n \u0111\u00e8n l\u00e0m t\u1eeb ch\u1ea5t li\u1ec7u nh\u00f4m b\u1ec1n b\u1ec9. Ti\u00eau chu\u1ea9n ch\u1ed1ng n\u01b0\u1edbc IP65 cho ph\u00e9p l\u1eafp \u0111\u1eb7t an to\u00e0n \u1edf khu v\u1ef1c ngo\u00e0i tr\u1eddi nh\u01b0 s\u00e2n v\u01b0\u1eddn, h\u00e0nh lang, v\u00e0 c\u00e1c khu v\u1ef1c ti\u1ebfp kh\u00e1ch m\u00e0 kh\u00f4ng lo ng\u1ea1i m\u01b0a gi\u00f3.<\/span><\/li>\n<li data-hveid=\"CAEICBAC\" data-complete=\"true\" data-sae=\"\"><span style=\"font-family: arial, helvetica, sans-serif; font-size: 12pt; color: #000000;\">T\u00ednh th\u1ea9m m\u1ef9: Thi\u1ebft k\u1ebf vu\u00f4ng v\u1eafn, hi\u1ec7n \u0111\u1ea1i thu\u1ed9c d\u00f2ng Stella Series mang l\u1ea1i gi\u1ea3i ph\u00e1p chi\u1ebfu s\u00e1ng ngo\u1ea1i th\u1ea5t tinh t\u1ebf, ph\u00f9 h\u1ee3p v\u1edbi c\u00e1c kh\u00f4ng gian cao c\u1ea5p, sang tr\u1ecdng.<\/span><\/li>\n<li data-hveid=\"CAEICBAD\" data-sae=\"\" data-complete=\"true\"><span style=\"font-family: arial, helvetica, sans-serif; font-size: 12pt; color: #000000;\">Ch\u1ea5t l\u01b0\u1ee3ng \u00e1nh s\u00e1ng: S\u1eed d\u1ee5ng chip LED Bridgelux 3030 hi\u1ec7n \u0111\u1ea1i v\u00e0 ch\u1ec9 s\u1ed1 ho\u00e0n m\u00e0u cao (CRI&gt;80) cho \u00e1nh s\u00e1ng trung th\u1ef1c, d\u1ec5 ch\u1ecbu.<\/span><\/li>\n<\/ul>\n<p class=\"Y3BBE\" data-hveid=\"CAEICBAA\" data-complete=\"true\" data-processed=\"true\"><span style=\"font-size: 12pt; color: #000000;\"><strong>LI\u00caN H\u1ec6 : Hotline: 0935 228 204 ( Ms Lam )<\/strong><\/span><\/p>\n<p><span style=\"font-size: 12pt; color: #000000;\"><strong>Facebook:\u00a0<span style=\"color: #ff6600;\"><a style=\"color: #ff6600;\" href=\"https:\/\/www.facebook.com\/thietbidienlama\" target=\"_blank\" rel=\"noopener\">THI\u1ebeT\u00a0B\u1eca \u0110I\u1ec6N LAMA<\/a><\/span><\/strong><\/span><\/p>\n<p><span style=\"font-size: 12pt; color: #000000;\"><strong>Tiktok:\u00a0<span style=\"color: #ff6600;\"><a style=\"color: #ff6600;\" href=\"https:\/\/www.tiktok.com\/@thietbidienlama\" target=\"_blank\" rel=\"noopener\">THI\u1ebeT\u00a0B\u1eca \u0110I\u1ec6N LAMA<\/a><\/span><\/strong><\/span><\/p>\n<p><span style=\"font-size: 12pt; color: #000000;\"><strong>Youtube: <span style=\"color: #ff6600;\"><a style=\"color: #ff6600;\" href=\"https:\/\/www.youtube.com\/@thietbidienlama\" target=\"_blank\" rel=\"noopener\">THI\u1ebeT\u00a0B\u1eca \u0110I\u1ec6N LAMA<\/a><\/span><\/strong><\/span><\/p>","protected":false},"excerpt":{"rendered":"<p>\u0110\u00e8n Trang Tr\u00ed Ngo\u00e0i Tr\u1eddi NBLS8004 Nanoco \u0110\u00e8n trang tr\u00ed ngo\u00e0i tr\u1eddi\u00a0NBLS8004 Nanoco\u00a0l\u00e0 m\u1eabu \u0111\u00e8n LED g\u1eafn t\u01b0\u1eddng d\u00f2ng Stella<\/p>","protected":false},"featured_media":13890,"comment_status":"closed","ping_status":"closed","template":"","meta":[],"product_brand":[],"product_cat":[505,868,847,845],"product_tag":[785],"class_list":{"0":"post-13888","1":"product","2":"type-product","3":"status-publish","4":"has-post-thumbnail","6":"product_cat-den-trang-tri","7":"product_cat-den-trang-tri-nanoco","8":"product_cat-den-trang-tri-ngoai-troi","9":"product_cat-den-tuong-trang-tri","10":"product_tag-den-trang-tri-ngoai-troi","12":"first","13":"instock","14":"sale","15":"shipping-taxable","16":"purchasable","17":"product-type-simple"},"_links":{"self":[{"href":"https:\/\/www.thietbidienlama.com\/en\/wp-json\/wp\/v2\/product\/13888","targetHints":{"allow":["GET"]}}],"collection":[{"href":"https:\/\/www.thietbidienlama.com\/en\/wp-json\/wp\/v2\/product"}],"about":[{"href":"https:\/\/www.thietbidienlama.com\/en\/wp-json\/wp\/v2\/types\/product"}],"replies":[{"embeddable":true,"href":"https:\/\/www.thietbidienlama.com\/en\/wp-json\/wp\/v2\/comments?post=13888"}],"version-history":[{"count":1,"href":"https:\/\/www.thietbidienlama.com\/en\/wp-json\/wp\/v2\/product\/13888\/revisions"}],"predecessor-version":[{"id":13891,"href":"https:\/\/www.thietbidienlama.com\/en\/wp-json\/wp\/v2\/product\/13888\/revisions\/13891"}],"wp:featuredmedia":[{"embeddable":true,"href":"https:\/\/www.thietbidienlama.com\/en\/wp-json\/wp\/v2\/media\/13890"}],"wp:attachment":[{"href":"https:\/\/www.thietbidienlama.com\/en\/wp-json\/wp\/v2\/media?parent=13888"}],"wp:term":[{"taxonomy":"product_brand","embeddable":true,"href":"https:\/\/www.thietbidienlama.com\/en\/wp-json\/wp\/v2\/product_brand?post=13888"},{"taxonomy":"product_cat","embeddable":true,"href":"https:\/\/www.thietbidienlama.com\/en\/wp-json\/wp\/v2\/product_cat?post=13888"},{"taxonomy":"product_tag","embeddable":true,"href":"https:\/\/www.thietbidienlama.com\/en\/wp-json\/wp\/v2\/product_tag?post=13888"}],"curies":[{"name":"wp","href":"https:\/\/api.w.org\/{rel}","templated":true}]}}