{"id":13869,"date":"2026-02-04T10:54:29","date_gmt":"2026-02-04T03:54:29","guid":{"rendered":"https:\/\/thietbidienlama.com\/?post_type=product&#038;p=13869"},"modified":"2026-02-04T10:54:30","modified_gmt":"2026-02-04T03:54:30","slug":"den-tru-cong-dt36-o200-e271-355-decor","status":"publish","type":"product","link":"https:\/\/www.thietbidienlama.com\/en\/den-tru-cong-dt36-o200-e271-355-decor\/","title":{"rendered":"\u0110\u00e8n Tr\u1ee5 C\u1ed5ng DT36 \u00d8200 E27*1 355 Decor"},"content":{"rendered":"<h2 style=\"text-align: center;\" data-hveid=\"CAEIAhAA\" data-complete=\"true\" data-processed=\"true\"><span style=\"font-family: arial, helvetica, sans-serif; font-size: 18pt; color: #000000;\">\u0110\u00e8n Tr\u1ee5 C\u1ed5ng DT36 \u00d8200 E27*1 355 Decor<\/span><\/h2>\n<div class=\"Y3BBE\" data-sfc-cp=\"\" data-hveid=\"CAEIAhAA\" data-complete=\"true\" data-processed=\"true\"><span style=\"font-family: arial, helvetica, sans-serif; font-size: 12pt; color: #000000;\"><strong><span style=\"color: #ff6600;\"><a style=\"color: #ff6600;\" href=\"https:\/\/thietbidienlama.com\/den-tru-cong-dt36-o200-e271-355-decor\/\">\u0110\u00e8n tr\u1ee5 c\u1ed5ng DT36 <strong class=\"Yjhzub\" data-complete=\"true\" data-processed=\"true\">\u00d8200<\/strong><\/a><\/span><\/strong><strong class=\"Yjhzub\" data-complete=\"true\" data-processed=\"true\">\u00a0355 Decor E27*1<\/strong>\u00a0l\u00e0 phi\u00ean b\u1ea3n nh\u1ecf nh\u1ea5t c\u1ee7a d\u00f2ng s\u1ea3n ph\u1ea9m DT36, c\u00f3 k\u00edch th\u01b0\u1edbc\u00a0<strong class=\"Yjhzub\" data-complete=\"true\" data-processed=\"true\">\u0111\u01b0\u1eddng k\u00ednh v\u00e0 chi\u1ec1u cao \u0111\u1ec1u l\u00e0 200mm<\/strong>, s\u1eed d\u1ee5ng m\u1ed9t b\u00f3ng \u0111\u00e8n chu\u1ea9n E27 \u0111\u1ec3 chi\u1ebfu s\u00e1ng v\u00e0 trang tr\u00ed kh\u00f4ng gian ngo\u1ea1i th\u1ea5t.<\/span><\/div>\n<div data-sfc-cp=\"\" data-hveid=\"CAEIAhAA\" data-complete=\"true\" data-processed=\"true\"><img fetchpriority=\"high\" decoding=\"async\" class=\"alignnone size-medium wp-image-13872 aligncenter\" src=\"http:\/\/thietbidienlama.com\/wp-content\/uploads\/2026\/02\/Den-Tru-Cong-DT36-355-Decor-O200-300x300.jpg\" alt=\"\" width=\"300\" height=\"300\" srcset=\"https:\/\/www.thietbidienlama.com\/wp-content\/uploads\/2026\/02\/Den-Tru-Cong-DT36-355-Decor-O200-300x300.jpg 300w, https:\/\/www.thietbidienlama.com\/wp-content\/uploads\/2026\/02\/Den-Tru-Cong-DT36-355-Decor-O200-150x150.jpg 150w, https:\/\/www.thietbidienlama.com\/wp-content\/uploads\/2026\/02\/Den-Tru-Cong-DT36-355-Decor-O200-12x12.jpg 12w, https:\/\/www.thietbidienlama.com\/wp-content\/uploads\/2026\/02\/Den-Tru-Cong-DT36-355-Decor-O200-600x600.jpg 600w, https:\/\/www.thietbidienlama.com\/wp-content\/uploads\/2026\/02\/Den-Tru-Cong-DT36-355-Decor-O200.jpg 628w\" sizes=\"(max-width: 300px) 100vw, 300px\" \/><\/div>\n<div class=\"Fsg96\" data-sfc-cp=\"\" data-complete=\"true\" data-processed=\"true\"><\/div>\n<h3 class=\"otQkpb\" role=\"heading\" aria-level=\"3\" data-complete=\"true\" data-processed=\"true\"><span style=\"font-family: arial, helvetica, sans-serif; font-size: 14pt; color: #000000;\">Th\u00f4ng s\u1ed1 k\u1ef9 thu\u1eadt<\/span><\/h3>\n<div class=\"Y3BBE\" data-sfc-cp=\"\" data-hveid=\"CAEIBBAA\" data-complete=\"true\" data-processed=\"true\"><span style=\"font-family: arial, helvetica, sans-serif; font-size: 12pt; color: #000000;\">Phi\u00ean b\u1ea3n DT36 T200 n\u00e0y c\u00f3 c\u00e1c th\u00f4ng s\u1ed1 k\u1ef9 thu\u1eadt \u0111\u01b0\u1ee3c li\u1ec7t k\u00ea b\u1edfi nh\u00e0 b\u00e1n l\u1ebb COKA.VN nh\u01b0 sau:<\/span><\/div>\n<div class=\"Fsg96\" data-sfc-cp=\"\" data-complete=\"true\" data-processed=\"true\"><\/div>\n<div class=\"Fv6NCb\" data-sfc-cp=\"\" data-ved=\"2ahUKEwifw_es9r6SAxU3hlYBHQdtEm4Q-q4QegYIAQgFEAA\" data-complete=\"true\" data-processed=\"true\">\n<table class=\"NRefec\" data-animation-nesting=\"\" data-sae=\"\">\n<tbody>\n<tr class=\"cZCYO\" data-sfc-cp=\"\" data-complete=\"true\">\n<th class=\"iry6k\" colspan=\"undefined\" data-sfc-cp=\"\" data-complete=\"true\"><span style=\"font-family: arial, helvetica, sans-serif; font-size: 12pt; color: #000000;\"><strong class=\"Yjhzub\" data-complete=\"true\">Thu\u1ed9c t\u00ednh<\/strong><span class=\"uJ19be notranslate\" data-wiz-uids=\"A0jZxc_y,A0jZxc_z\" data-complete=\"true\"><span class=\"vKEkVd\" data-animation-atomic=\"\" data-wiz-attrbind=\"class=A0jZxc_x\/TKHnVd\" data-sae=\"\"><span aria-hidden=\"true\">\u00a0<\/span><button class=\"rBl3me\" tabindex=\"0\" data-amic=\"true\" data-icl-uuid=\"9c13c9f3-003e-430c-94d9-c44780ba1b95\" aria-label=\"Xem c\u00e1c \u0111\u01b0\u1eddng li\u00ean k\u1ebft c\u00f3 li\u00ean quan\" data-wiz-attrbind=\"disabled=A0jZxc_x\/C5gNJc;aria-label=A0jZxc_x\/bOjMyf;class=A0jZxc_x\/UpSNec\" data-ved=\"2ahUKEwifw_es9r6SAxU3hlYBHQdtEm4Qye0OegYIAQgFEAE\"><\/button><\/span><\/span><\/span><\/th>\n<th class=\"iry6k\" colspan=\"undefined\" data-sfc-cp=\"\" data-complete=\"true\"><span style=\"font-family: arial, helvetica, sans-serif; font-size: 12pt; color: #000000;\"><strong class=\"Yjhzub\" data-complete=\"true\">Chi ti\u1ebft<\/strong><\/span><\/th>\n<\/tr>\n<tr class=\"cZCYO\" data-sfc-cp=\"\" data-complete=\"true\">\n<td class=\"cOeeGf\" colspan=\"undefined\" data-sfc-cp=\"\" data-complete=\"true\"><span style=\"font-family: arial, helvetica, sans-serif; font-size: 12pt; color: #000000;\"><strong class=\"Yjhzub\" data-complete=\"true\">M\u00e3 s\u1ea3n ph\u1ea9m<\/strong><\/span><\/td>\n<td class=\"cOeeGf\" colspan=\"undefined\" data-sfc-cp=\"\" data-complete=\"true\"><span style=\"font-family: arial, helvetica, sans-serif; font-size: 12pt; color: #000000;\">DT36T200<\/span><\/td>\n<\/tr>\n<tr class=\"cZCYO\" data-sfc-cp=\"\" data-complete=\"true\">\n<td class=\"cOeeGf\" colspan=\"undefined\" data-sfc-cp=\"\" data-complete=\"true\"><span style=\"font-family: arial, helvetica, sans-serif; font-size: 12pt; color: #000000;\"><strong class=\"Yjhzub\" data-complete=\"true\">K\u00edch th\u01b0\u1edbc<\/strong><\/span><\/td>\n<td class=\"cOeeGf\" colspan=\"undefined\" data-sfc-cp=\"\" data-complete=\"true\"><span style=\"font-family: arial, helvetica, sans-serif; font-size: 12pt; color: #000000;\"><strong class=\"Yjhzub\" data-complete=\"true\">\u00d8200 x H200 (mm)<\/strong><\/span><\/td>\n<\/tr>\n<tr class=\"cZCYO\" data-sfc-cp=\"\" data-complete=\"true\">\n<td class=\"cOeeGf\" colspan=\"undefined\" data-sfc-cp=\"\" data-complete=\"true\"><span style=\"font-family: arial, helvetica, sans-serif; font-size: 12pt; color: #000000;\"><strong class=\"Yjhzub\" data-complete=\"true\">Lo\u1ea1i b\u00f3ng<\/strong><\/span><\/td>\n<td class=\"cOeeGf\" colspan=\"undefined\" data-sfc-cp=\"\" data-complete=\"true\"><span style=\"font-family: arial, helvetica, sans-serif; font-size: 12pt; color: #000000;\">E27 x 1 (ch\u01b0a bao g\u1ed3m b\u00f3ng)<\/span><\/td>\n<\/tr>\n<tr class=\"cZCYO\" data-sfc-cp=\"\" data-complete=\"true\">\n<td class=\"cOeeGf\" colspan=\"undefined\" data-sfc-cp=\"\" data-complete=\"true\"><span style=\"font-family: arial, helvetica, sans-serif; font-size: 12pt; color: #000000;\"><strong class=\"Yjhzub\" data-complete=\"true\">Ch\u1ea5t li\u1ec7u<\/strong><\/span><\/td>\n<td class=\"cOeeGf\" colspan=\"undefined\" data-sfc-cp=\"\" data-complete=\"true\"><span style=\"font-family: arial, helvetica, sans-serif; font-size: 12pt; color: #000000;\">Nh\u1ef1a (m\u1ed9t s\u1ed1 ngu\u1ed3n kh\u00e1c ghi kim lo\u1ea1i + k\u00ednh)<\/span><\/td>\n<\/tr>\n<tr class=\"cZCYO\" data-sfc-cp=\"\" data-complete=\"true\">\n<td class=\"cOeeGf\" colspan=\"undefined\" data-sfc-cp=\"\" data-complete=\"true\"><span style=\"font-family: arial, helvetica, sans-serif; font-size: 12pt; color: #000000;\"><strong class=\"Yjhzub\" data-complete=\"true\">Ngu\u1ed3n \u0111i\u1ec7n \u00e1p<\/strong><\/span><\/td>\n<td class=\"cOeeGf\" colspan=\"undefined\" data-sfc-cp=\"\" data-complete=\"true\"><span style=\"font-family: arial, helvetica, sans-serif; font-size: 12pt; color: #000000;\">AC\/DC<\/span><\/td>\n<\/tr>\n<tr class=\"cZCYO\" data-sfc-cp=\"\" data-complete=\"true\">\n<td class=\"cOeeGf\" colspan=\"undefined\" data-sfc-cp=\"\" data-complete=\"true\"><span style=\"font-family: arial, helvetica, sans-serif; font-size: 12pt; color: #000000;\"><strong class=\"Yjhzub\" data-complete=\"true\">\u1ee8ng d\u1ee5ng<\/strong><\/span><\/td>\n<td class=\"cOeeGf\" colspan=\"undefined\" data-sfc-cp=\"\" data-complete=\"true\" aria-owns=\"action-menu-parent-container\"><span style=\"font-family: arial, helvetica, sans-serif; font-size: 12pt; color: #000000;\">Chi\u1ebfu s\u00e1ng v\u00e0 trang tr\u00ed s\u00e2n v\u01b0\u1eddn, l\u1ed1i \u0111i, tr\u1ee5 c\u1ed5ng<\/span><\/td>\n<\/tr>\n<\/tbody>\n<\/table>\n<p><img decoding=\"async\" class=\"alignnone size-medium wp-image-13870 aligncenter\" src=\"http:\/\/thietbidienlama.com\/wp-content\/uploads\/2026\/02\/Den-Tru-Cong-DT36-355-Decor-E27-D200-300x286.jpg\" alt=\"\" width=\"300\" height=\"286\" srcset=\"https:\/\/www.thietbidienlama.com\/wp-content\/uploads\/2026\/02\/Den-Tru-Cong-DT36-355-Decor-E27-D200-300x286.jpg 300w, https:\/\/www.thietbidienlama.com\/wp-content\/uploads\/2026\/02\/Den-Tru-Cong-DT36-355-Decor-E27-D200-13x12.jpg 13w, https:\/\/www.thietbidienlama.com\/wp-content\/uploads\/2026\/02\/Den-Tru-Cong-DT36-355-Decor-E27-D200-150x143.jpg 150w, https:\/\/www.thietbidienlama.com\/wp-content\/uploads\/2026\/02\/Den-Tru-Cong-DT36-355-Decor-E27-D200.jpg 631w\" sizes=\"(max-width: 300px) 100vw, 300px\" \/><\/p>\n<p class=\"Y3BBE\" data-hveid=\"CAEICBAA\" data-complete=\"true\" data-processed=\"true\"><span style=\"font-size: 12pt; color: #000000;\"><strong>LI\u00caN H\u1ec6 : Hotline: 0935 228 204 ( Ms Lam )<\/strong><\/span><\/p>\n<p><span style=\"font-size: 12pt; color: #000000;\"><strong>Facebook:\u00a0<span style=\"color: #ff6600;\"><a style=\"color: #ff6600;\" href=\"https:\/\/www.facebook.com\/thietbidienlama\" target=\"_blank\" rel=\"noopener\">THI\u1ebeT\u00a0B\u1eca \u0110I\u1ec6N LAMA<\/a><\/span><\/strong><\/span><\/p>\n<p><span style=\"font-size: 12pt; color: #000000;\"><strong>Tiktok:\u00a0<span style=\"color: #ff6600;\"><a style=\"color: #ff6600;\" href=\"https:\/\/www.tiktok.com\/@thietbidienlama\" target=\"_blank\" rel=\"noopener\">THI\u1ebeT\u00a0B\u1eca \u0110I\u1ec6N LAMA<\/a><\/span><\/strong><\/span><\/p>\n<p><span style=\"font-size: 12pt; color: #000000;\"><strong>Youtube: <span style=\"color: #ff6600;\"><a style=\"color: #ff6600;\" href=\"https:\/\/www.youtube.com\/@thietbidienlama\" target=\"_blank\" rel=\"noopener\">THI\u1ebeT\u00a0B\u1eca \u0110I\u1ec6N LAMA<\/a><\/span><\/strong><\/span><\/p>\n<\/div>","protected":false},"excerpt":{"rendered":"<p>\u0110\u00e8n Tr\u1ee5 C\u1ed5ng DT36 \u00d8200 E27*1 355 Decor \u0110\u00e8n tr\u1ee5 c\u1ed5ng DT36 \u00d8200\u00a0355 Decor E27*1\u00a0l\u00e0 phi\u00ean b\u1ea3n nh\u1ecf nh\u1ea5t c\u1ee7a<\/p>","protected":false},"featured_media":13871,"comment_status":"closed","ping_status":"closed","template":"","meta":[],"product_brand":[],"product_cat":[505,1030],"product_tag":[],"class_list":{"0":"post-13869","1":"product","2":"type-product","3":"status-publish","4":"has-post-thumbnail","6":"product_cat-den-trang-tri","7":"product_cat-den-tru-cong","9":"first","10":"instock","11":"sale","12":"shipping-taxable","13":"purchasable","14":"product-type-simple"},"_links":{"self":[{"href":"https:\/\/www.thietbidienlama.com\/en\/wp-json\/wp\/v2\/product\/13869","targetHints":{"allow":["GET"]}}],"collection":[{"href":"https:\/\/www.thietbidienlama.com\/en\/wp-json\/wp\/v2\/product"}],"about":[{"href":"https:\/\/www.thietbidienlama.com\/en\/wp-json\/wp\/v2\/types\/product"}],"replies":[{"embeddable":true,"href":"https:\/\/www.thietbidienlama.com\/en\/wp-json\/wp\/v2\/comments?post=13869"}],"version-history":[{"count":1,"href":"https:\/\/www.thietbidienlama.com\/en\/wp-json\/wp\/v2\/product\/13869\/revisions"}],"predecessor-version":[{"id":13875,"href":"https:\/\/www.thietbidienlama.com\/en\/wp-json\/wp\/v2\/product\/13869\/revisions\/13875"}],"wp:featuredmedia":[{"embeddable":true,"href":"https:\/\/www.thietbidienlama.com\/en\/wp-json\/wp\/v2\/media\/13871"}],"wp:attachment":[{"href":"https:\/\/www.thietbidienlama.com\/en\/wp-json\/wp\/v2\/media?parent=13869"}],"wp:term":[{"taxonomy":"product_brand","embeddable":true,"href":"https:\/\/www.thietbidienlama.com\/en\/wp-json\/wp\/v2\/product_brand?post=13869"},{"taxonomy":"product_cat","embeddable":true,"href":"https:\/\/www.thietbidienlama.com\/en\/wp-json\/wp\/v2\/product_cat?post=13869"},{"taxonomy":"product_tag","embeddable":true,"href":"https:\/\/www.thietbidienlama.com\/en\/wp-json\/wp\/v2\/product_tag?post=13869"}],"curies":[{"name":"wp","href":"https:\/\/api.w.org\/{rel}","templated":true}]}}