{"id":13845,"date":"2025-12-05T16:48:23","date_gmt":"2025-12-05T09:48:23","guid":{"rendered":"https:\/\/thietbidienlama.com\/?post_type=product&#038;p=13845"},"modified":"2025-12-05T16:48:23","modified_gmt":"2025-12-05T09:48:23","slug":"den-spotlight-chieu-diem-am-tran-10w-la-12","status":"publish","type":"product","link":"https:\/\/www.thietbidienlama.com\/en\/den-spotlight-chieu-diem-am-tran-10w-la-12\/","title":{"rendered":"\u0110\u00e8n Spotlight Chi\u1ebfu \u0110i\u1ec3m \u00c2m Tr\u1ea7n 10W LA-12 Euroto"},"content":{"rendered":"<h2 style=\"text-align: center;\"><span style=\"color: #000000;\">\u0110\u00e8n Spotlight Chi\u1ebfu \u0110i\u1ec3m \u00c2m Tr\u1ea7n 10W LA-12 Euroto<\/span><\/h2>\n<p data-hveid=\"CAEIAhAA\" data-processed=\"true\" data-complete=\"true\"><span style=\"font-size: 12pt; color: #000000;\"><strong><span style=\"color: #ff6600;\"><a style=\"color: #ff6600;\" href=\"https:\/\/thietbidienlama.com\/den-spotlight-chieu-diem-am-tran-10w-la-12\/\">\u0110\u00e8n Spotlight Chi\u1ebfu \u0110i\u1ec3m<\/a><\/span><\/strong> \u00c2m Tr\u1ea7n 10W LA-12 Euroto\u00a0l\u00e0 m\u1ed9t s\u1ea3n ph\u1ea9m chi\u1ebfu s\u00e1ng ch\u1ea5t l\u01b0\u1ee3ng, n\u1ed5i b\u1eadt v\u1edbi chip LED\u00a0Cree USA\u00a0cao c\u1ea5p, mang l\u1ea1i hi\u1ec7u su\u1ea5t \u00e1nh s\u00e1ng m\u1ea1nh m\u1ebd v\u00e0 \u0111\u1ed9 b\u1ec1n cao.<\/span><\/p>\n<p data-complete=\"true\" data-processed=\"true\"><img fetchpriority=\"high\" decoding=\"async\" class=\"aligncenter wp-image-13846 size-medium\" src=\"http:\/\/thietbidienlama.com\/wp-content\/uploads\/2025\/12\/Den-Led-Spotlight-Am-Tran-10W-LA-12-Euroto-Chip-Led-Cree-USA-300x300.jpg\" alt=\"\u0110\u00e8n Spotlight Chi\u1ebfu \u0110i\u1ec3m \u00c2m Tr\u1ea7n 10W LA-12 Euroto\" width=\"300\" height=\"300\" srcset=\"https:\/\/www.thietbidienlama.com\/wp-content\/uploads\/2025\/12\/Den-Led-Spotlight-Am-Tran-10W-LA-12-Euroto-Chip-Led-Cree-USA-300x300.jpg 300w, https:\/\/www.thietbidienlama.com\/wp-content\/uploads\/2025\/12\/Den-Led-Spotlight-Am-Tran-10W-LA-12-Euroto-Chip-Led-Cree-USA-150x150.jpg 150w, https:\/\/www.thietbidienlama.com\/wp-content\/uploads\/2025\/12\/Den-Led-Spotlight-Am-Tran-10W-LA-12-Euroto-Chip-Led-Cree-USA-12x12.jpg 12w, https:\/\/www.thietbidienlama.com\/wp-content\/uploads\/2025\/12\/Den-Led-Spotlight-Am-Tran-10W-LA-12-Euroto-Chip-Led-Cree-USA.jpg 550w\" sizes=\"(max-width: 300px) 100vw, 300px\" \/><\/p>\n<h3 role=\"heading\" aria-level=\"3\" data-processed=\"true\" data-complete=\"true\"><span style=\"font-size: 14pt; color: #000000;\">Th\u00f4ng s\u1ed1 k\u1ef9 thu\u1eadt ch\u00ednh<\/span><\/h3>\n<ul data-complete=\"true\" data-processed=\"true\">\n<li data-hveid=\"CAEIBBAA\" data-complete=\"true\" data-sae=\"\"><span style=\"font-size: 12pt; color: #000000;\">M\u00e3 s\u1ea3n ph\u1ea9m:\u00a0LA-12<\/span><\/li>\n<li data-hveid=\"CAEIBBAB\" data-complete=\"true\" data-sae=\"\"><span style=\"font-size: 12pt; color: #000000;\">C\u00f4ng su\u1ea5t:\u00a010W<\/span><\/li>\n<li data-hveid=\"CAEIBBAC\" data-complete=\"true\" data-sae=\"\"><span style=\"font-size: 12pt; color: #000000;\">\u0110i\u1ec7n \u00e1p:\u00a0220V<\/span><\/li>\n<li data-hveid=\"CAEIBBAD\" data-complete=\"true\" data-sae=\"\"><span style=\"font-size: 12pt; color: #000000;\">Quang th\u00f4ng:\u00a0Kho\u1ea3ng 90 Lm\/W, t\u01b0\u01a1ng \u0111\u01b0\u01a1ng 900-1000 Lumen (c\u00e1c d\u00f2ng 10W kh\u00e1c c\u1ee7a Euroto c\u00f3 quang th\u00f4ng 1200lm)<\/span><\/li>\n<li data-hveid=\"CAEIBBAE\" data-complete=\"true\" data-sae=\"\"><span style=\"font-size: 12pt; color: #000000;\">Ch\u1ec9 s\u1ed1 ho\u00e0n m\u00e0u (CRI):\u00a0Ra &gt;= 90, \u0111\u1ea3m b\u1ea3o m\u00e0u s\u1eafc v\u1eadt th\u1ec3 \u0111\u01b0\u1ee3c chi\u1ebfu s\u00e1ng r\u1ea5t trung th\u1ef1c<\/span><\/li>\n<li data-hveid=\"CAEIBBAF\" data-complete=\"true\" data-sae=\"\"><span style=\"font-size: 12pt; color: #000000;\">Nhi\u1ec7t \u0111\u1ed9 m\u00e0u (\u00c1nh s\u00e1ng):\u00a0C\u00f3 c\u00e1c l\u1ef1a ch\u1ecdn\u00a0Tr\u1eafng\u00a0(6000K),\u00a0Trung t\u00ednh\u00a0(4000K), v\u00e0\u00a0V\u00e0ng\u00a0(3000K)<\/span><\/li>\n<li data-hveid=\"CAEIBBAG\" data-complete=\"true\" data-sae=\"\"><span style=\"font-size: 12pt; color: #000000;\">G\u00f3c chi\u1ebfu:\u00a024\u2070, t\u1ea1o ch\u00f9m s\u00e1ng t\u1eadp trung \u0111\u1ec3 l\u00e0m n\u1ed5i b\u1eadt \u0111\u1ed1i t\u01b0\u1ee3ng<\/span><\/li>\n<li data-hveid=\"CAEIBBAH\" data-complete=\"true\" data-sae=\"\"><span style=\"font-size: 12pt; color: #000000;\">K\u00edch th\u01b0\u1edbc ph\u1ee7 b\u00ec:\u00a0\u00d885 x H85 mm<\/span><\/li>\n<li data-hveid=\"CAEIBBAI\" data-complete=\"true\" data-sae=\"\"><span style=\"font-size: 12pt; color: #000000;\">K\u00edch th\u01b0\u1edbc l\u1ed7 kho\u00e9t (\u00c2m tr\u1ea7n):\u00a0\u00d875 mm<\/span><\/li>\n<li data-hveid=\"CAEIBBAJ\" data-complete=\"true\" data-sae=\"\"><span style=\"font-size: 12pt; color: #000000;\">Chip LED:\u00a0S\u1eed d\u1ee5ng chip LED\u00a0Cree USA<\/span><\/li>\n<li data-hveid=\"CAEIBBAK\" data-complete=\"true\" data-sae=\"\"><span style=\"font-size: 12pt; color: #000000;\">Tu\u1ed5i th\u1ecd:\u00a0Kho\u1ea3ng 50.000 gi\u1edd<\/span><\/li>\n<li data-hveid=\"CAEIBBAL\" data-complete=\"true\" data-sae=\"\"><span style=\"font-size: 12pt; color: #000000;\">Ch\u1ea5t li\u1ec7u:\u00a0Th\u00e2n \u0111\u00e8n b\u1eb1ng h\u1ee3p kim nh\u00f4m t\u1ea3n nhi\u1ec7t t\u1ed1t<\/span><\/li>\n<li data-hveid=\"CAEIBBAM\" data-complete=\"true\" data-sae=\"\"><span style=\"font-size: 12pt; color: #000000;\">T\u00ednh n\u0103ng b\u1ed5 sung: C\u00f3 th\u1ec3 \u0111i\u1ec1u ch\u1ec9nh \u0111\u1ed9 s\u00e1ng (dimmable) n\u1ebfu chuy\u1ec3n \u0111\u1ed5i b\u1ed9 driver t\u01b0\u01a1ng th\u00edch.<\/span><\/li>\n<\/ul>\n<p data-complete=\"true\" data-processed=\"true\">\n<h3 role=\"heading\" aria-level=\"3\" data-processed=\"true\" data-complete=\"true\"><span style=\"font-size: 14pt; color: #000000;\">\u01afu \u0111i\u1ec3m n\u1ed5i b\u1eadt \u0111\u00e8n spotlight chi\u1ebfu \u0111i\u1ec3m<\/span><\/h3>\n<ul data-complete=\"true\" data-processed=\"true\">\n<li data-hveid=\"CAEIBhAA\" data-complete=\"true\" data-sae=\"\"><span style=\"font-size: 12pt; color: #000000;\">Ch\u1ea5t l\u01b0\u1ee3ng \u00e1nh s\u00e1ng cao:\u00a0Ch\u1ec9 s\u1ed1 ho\u00e0n m\u00e0u CRI &gt; 90 l\u00e0 \u0111i\u1ec3m m\u1ea1nh, gi\u00fap t\u00e1i t\u1ea1o m\u00e0u s\u1eafc t\u1ef1 nhi\u00ean c\u1ee7a s\u1ea3n ph\u1ea9m tr\u01b0ng b\u00e0y, tranh \u1ea3nh, ho\u1eb7c n\u1ed9i th\u1ea5t trong gia \u0111\u00ecnh.<\/span><\/li>\n<li data-hveid=\"CAEIBhAB\" data-complete=\"true\" data-sae=\"\"><span style=\"font-size: 12pt; color: #000000;\">\u0110\u1ed9 b\u1ec1n v\u00e0 \u1ed5n \u0111\u1ecbnh:\u00a0Vi\u1ec7c s\u1eed d\u1ee5ng chip LED Cree t\u1eeb M\u1ef9 l\u00e0 m\u1ed9t l\u1ee3i th\u1ebf l\u1edbn, \u0111\u1ea3m b\u1ea3o hi\u1ec7u su\u1ea5t ho\u1ea1t \u0111\u1ed9ng \u1ed5n \u0111\u1ecbnh v\u00e0 tu\u1ed5i th\u1ecd s\u1ea3n ph\u1ea9m l\u00e2u d\u00e0i.<\/span><\/li>\n<li data-hveid=\"CAEIBhAC\" data-complete=\"true\" data-sae=\"\"><span style=\"font-size: 12pt; color: #000000;\">Ti\u1ebft ki\u1ec7m n\u0103ng l\u01b0\u1ee3ng:\u00a0M\u1eb7c d\u00f9 c\u00f4ng su\u1ea5t ch\u1ec9 10W, \u0111\u00e8n v\u1eabn cho \u0111\u1ed9 s\u00e1ng m\u1ea1nh m\u1ebd, gi\u00fap ti\u1ebft ki\u1ec7m \u0111i\u1ec7n n\u0103ng so v\u1edbi c\u00e1c lo\u1ea1i \u0111\u00e8n truy\u1ec1n th\u1ed1ng.<\/span><\/li>\n<li data-hveid=\"CAEIBhAD\" data-complete=\"true\" data-sae=\"\"><span style=\"font-size: 12pt; color: #000000;\">Thi\u1ebft k\u1ebf th\u1ea9m m\u1ef9:\u00a0Thi\u1ebft k\u1ebf \u00e2m tr\u1ea7n g\u1ecdn g\u00e0ng, hi\u1ec7n \u0111\u1ea1i, c\u00f9ng g\u00f3c chi\u1ebfu h\u1eb9p 24\u2070 t\u1eadp trung \u00e1nh s\u00e1ng hi\u1ec7u qu\u1ea3, gi\u1ea3m ch\u00f3i m\u1eaft v\u00e0 ph\u00f9 h\u1ee3p v\u1edbi nhi\u1ec1u phong c\u00e1ch n\u1ed9i th\u1ea5t.\u00a0<button tabindex=\"0\" data-amic=\"true\" data-icl-uuid=\"43d1b0f8-350b-457e-8580-616c1369003d\" aria-label=\"Xem c\u00e1c \u0111\u01b0\u1eddng li\u00ean k\u1ebft c\u00f3 li\u00ean quan\" data-wiz-attrbind=\"disabled=HNgyfc_2j_C5gNJc;class=HNgyfc_2j_UpSNec;\" data-ved=\"2ahUKEwiHl_fglKaRAxXV1TQHHZEHIJ4Qye0OegYIAQgGEAQ\"><\/button><\/span><\/li>\n<\/ul>\n<p data-hveid=\"CAEIBxAA\" data-complete=\"true\" data-processed=\"true\"><span style=\"font-size: 12pt; color: #000000;\">S\u1ea3n ph\u1ea9m n\u00e0y l\u00e0 l\u1ef1a ch\u1ecdn tuy\u1ec7t v\u1eddi cho c\u00e1c kh\u00f4ng gian c\u1ea7n s\u1ef1 t\u1eadp trung \u00e1nh s\u00e1ng v\u00e0 t\u00ednh th\u1ea9m m\u1ef9 cao.<\/span><\/p>\n<p class=\"Y3BBE\" data-hveid=\"CAEICBAA\" data-complete=\"true\" data-processed=\"true\"><span style=\"font-size: 12pt; color: #000000;\"><strong>LI\u00caN H\u1ec6 : Hotline: 0935 228 204 ( Ms Lam )<\/strong><\/span><\/p>\n<p><span style=\"font-size: 12pt; color: #000000;\"><strong>Facebook:\u00a0<span style=\"color: #ff6600;\"><a style=\"color: #ff6600;\" href=\"https:\/\/www.facebook.com\/thietbidienlama\" target=\"_blank\" rel=\"noopener\">THI\u1ebeT\u00a0B\u1eca \u0110I\u1ec6N LAMA<\/a><\/span><\/strong><\/span><\/p>\n<p><span style=\"font-size: 12pt; color: #000000;\"><strong>Tiktok:\u00a0<span style=\"color: #ff6600;\"><a style=\"color: #ff6600;\" href=\"https:\/\/www.tiktok.com\/@thietbidienlama\" target=\"_blank\" rel=\"noopener\">THI\u1ebeT\u00a0B\u1eca \u0110I\u1ec6N LAMA<\/a><\/span><\/strong><\/span><\/p>\n<p><span style=\"font-size: 12pt; color: #000000;\"><strong>Youtube: <span style=\"color: #ff6600;\"><a style=\"color: #ff6600;\" href=\"https:\/\/www.youtube.com\/@thietbidienlama\" target=\"_blank\" rel=\"noopener\">THI\u1ebeT\u00a0B\u1eca \u0110I\u1ec6N LAMA<\/a><\/span><\/strong><\/span><\/p>","protected":false},"excerpt":{"rendered":"<p>\u0110\u00e8n Spotlight Chi\u1ebfu \u0110i\u1ec3m \u00c2m Tr\u1ea7n 10W LA-12 Euroto \u0110\u00e8n Spotlight Chi\u1ebfu \u0110i\u1ec3m \u00c2m Tr\u1ea7n 10W LA-12 Euroto\u00a0l\u00e0 m\u1ed9t s\u1ea3n<\/p>","protected":false},"featured_media":13846,"comment_status":"closed","ping_status":"closed","template":"","meta":[],"product_brand":[],"product_cat":[862,1022],"product_tag":[1029],"class_list":{"0":"post-13845","1":"product","2":"type-product","3":"status-publish","4":"has-post-thumbnail","6":"product_cat-den-spotlight","7":"product_cat-den-spotlight-euroto","8":"product_tag-den-spotlight-chieu-diem","10":"first","11":"instock","12":"sale","13":"shipping-taxable","14":"purchasable","15":"product-type-simple"},"_links":{"self":[{"href":"https:\/\/www.thietbidienlama.com\/en\/wp-json\/wp\/v2\/product\/13845","targetHints":{"allow":["GET"]}}],"collection":[{"href":"https:\/\/www.thietbidienlama.com\/en\/wp-json\/wp\/v2\/product"}],"about":[{"href":"https:\/\/www.thietbidienlama.com\/en\/wp-json\/wp\/v2\/types\/product"}],"replies":[{"embeddable":true,"href":"https:\/\/www.thietbidienlama.com\/en\/wp-json\/wp\/v2\/comments?post=13845"}],"version-history":[{"count":1,"href":"https:\/\/www.thietbidienlama.com\/en\/wp-json\/wp\/v2\/product\/13845\/revisions"}],"predecessor-version":[{"id":13847,"href":"https:\/\/www.thietbidienlama.com\/en\/wp-json\/wp\/v2\/product\/13845\/revisions\/13847"}],"wp:featuredmedia":[{"embeddable":true,"href":"https:\/\/www.thietbidienlama.com\/en\/wp-json\/wp\/v2\/media\/13846"}],"wp:attachment":[{"href":"https:\/\/www.thietbidienlama.com\/en\/wp-json\/wp\/v2\/media?parent=13845"}],"wp:term":[{"taxonomy":"product_brand","embeddable":true,"href":"https:\/\/www.thietbidienlama.com\/en\/wp-json\/wp\/v2\/product_brand?post=13845"},{"taxonomy":"product_cat","embeddable":true,"href":"https:\/\/www.thietbidienlama.com\/en\/wp-json\/wp\/v2\/product_cat?post=13845"},{"taxonomy":"product_tag","embeddable":true,"href":"https:\/\/www.thietbidienlama.com\/en\/wp-json\/wp\/v2\/product_tag?post=13845"}],"curies":[{"name":"wp","href":"https:\/\/api.w.org\/{rel}","templated":true}]}}