{"id":13840,"date":"2025-12-05T15:17:32","date_gmt":"2025-12-05T08:17:32","guid":{"rendered":"https:\/\/thietbidienlama.com\/?post_type=product&#038;p=13840"},"modified":"2025-12-05T15:17:32","modified_gmt":"2025-12-05T08:17:32","slug":"den-led-spotlight-am-tran-7w-la-11-euroto","status":"publish","type":"product","link":"https:\/\/www.thietbidienlama.com\/en\/den-led-spotlight-am-tran-7w-la-11-euroto\/","title":{"rendered":"\u0110\u00e8n Led Spotlight \u00c2m Tr\u1ea7n 7W LA-11 Euroto Chip Led Cree USA"},"content":{"rendered":"<h2 style=\"text-align: center;\">\u0110\u00e8n Led Spotlight \u00c2m Tr\u1ea7n 7W LA-11 Euroto Chip Led Cree USA<\/h2>\n<p data-hveid=\"CAEIAhAA\" data-processed=\"true\" data-complete=\"true\"><span style=\"font-size: 12pt; color: #000000;\"><strong><span style=\"color: #ff6600;\"><a style=\"color: #ff6600;\" href=\"https:\/\/thietbidienlama.com\/den-led-spotlight-am-tran-7w-la-11-euroto\/\">\u0110\u00e8n Led Spotlight<\/a><\/span><\/strong> \u00c2m Tr\u1ea7n 7W LA-11 Euroto\u00a0l\u00e0 m\u1ed9t l\u1ef1a ch\u1ecdn ph\u1ed5 bi\u1ebfn cho chi\u1ebfu s\u00e1ng \u0111i\u1ec3m nh\u1ea5n, n\u1ed5i b\u1eadt v\u1edbi vi\u1ec7c s\u1eed d\u1ee5ng\u00a0chip LED Cree USA\u00a0ch\u1ea5t l\u01b0\u1ee3ng cao, mang l\u1ea1i hi\u1ec7u su\u1ea5t \u00e1nh s\u00e1ng m\u1ea1nh m\u1ebd v\u00e0 \u0111\u1ed9 b\u1ec1n b\u1ec9.<\/span><\/p>\n<p data-complete=\"true\" data-processed=\"true\"><img fetchpriority=\"high\" decoding=\"async\" class=\"alignnone size-medium wp-image-13841 aligncenter\" src=\"http:\/\/thietbidienlama.com\/wp-content\/uploads\/2025\/12\/Den-Led-Spotlight-Am-Tran-7W-LA-11-Euroto-Chip-Led-Cree-USA-300x300.jpg\" alt=\"\" width=\"300\" height=\"300\" srcset=\"https:\/\/www.thietbidienlama.com\/wp-content\/uploads\/2025\/12\/Den-Led-Spotlight-Am-Tran-7W-LA-11-Euroto-Chip-Led-Cree-USA-300x300.jpg 300w, https:\/\/www.thietbidienlama.com\/wp-content\/uploads\/2025\/12\/Den-Led-Spotlight-Am-Tran-7W-LA-11-Euroto-Chip-Led-Cree-USA-150x150.jpg 150w, https:\/\/www.thietbidienlama.com\/wp-content\/uploads\/2025\/12\/Den-Led-Spotlight-Am-Tran-7W-LA-11-Euroto-Chip-Led-Cree-USA-12x12.jpg 12w, https:\/\/www.thietbidienlama.com\/wp-content\/uploads\/2025\/12\/Den-Led-Spotlight-Am-Tran-7W-LA-11-Euroto-Chip-Led-Cree-USA.jpg 550w\" sizes=\"(max-width: 300px) 100vw, 300px\" \/><\/p>\n<h3 role=\"heading\" aria-level=\"3\" data-processed=\"true\" data-complete=\"true\"><span style=\"font-size: 14pt; color: #000000;\">Th\u00f4ng s\u1ed1 k\u1ef9 thu\u1eadt ch\u00ednh<\/span><\/h3>\n<ul data-complete=\"true\" data-processed=\"true\">\n<li data-hveid=\"CAEIBBAA\" data-complete=\"true\" data-sae=\"\"><span style=\"font-size: 12pt; color: #000000;\">M\u00e3 s\u1ea3n ph\u1ea9m:\u00a0LA-11<\/span><\/li>\n<li data-hveid=\"CAEIBBAB\" data-complete=\"true\" data-sae=\"\"><span style=\"font-size: 12pt; color: #000000;\">C\u00f4ng su\u1ea5t:\u00a07W<\/span><\/li>\n<li data-hveid=\"CAEIBBAC\" data-complete=\"true\" data-sae=\"\"><span style=\"font-size: 12pt; color: #000000;\">\u0110i\u1ec7n \u00e1p:\u00a0220V (ho\u1ea1t \u0111\u1ed9ng trong d\u1ea3i r\u1ed9ng)<\/span><\/li>\n<li data-hveid=\"CAEIBBAD\" data-complete=\"true\" data-sae=\"\"><span style=\"font-size: 12pt; color: #000000;\">Quang th\u00f4ng:\u00a0840 lumen (hi\u1ec7u su\u1ea5t quang h\u1ecdc kho\u1ea3ng 90 lm\/W)<\/span><\/li>\n<li data-hveid=\"CAEIBBAE\" data-complete=\"true\" data-sae=\"\"><span style=\"font-size: 12pt; color: #000000;\">Nhi\u1ec7t \u0111\u1ed9 m\u00e0u (\u00c1nh s\u00e1ng):\u00a0C\u00f3 c\u00e1c l\u1ef1a ch\u1ecdn \u00e1nh s\u00e1ng\u00a0Tr\u1eafng\u00a0(6500K ho\u1eb7c 6000K),\u00a0Trung t\u00ednh\u00a0(4000K), v\u00e0\u00a0V\u00e0ng\u00a0(3000K)<\/span><\/li>\n<li data-hveid=\"CAEIBBAF\" data-complete=\"true\" data-sae=\"\"><span style=\"font-size: 12pt; color: #000000;\">Ch\u1ec9 s\u1ed1 ho\u00e0n m\u00e0u (CRI):\u00a0Ra &gt; 90, cho m\u00e0u s\u1eafc v\u1eadt th\u1ec3 \u0111\u01b0\u1ee3c chi\u1ebfu s\u00e1ng r\u1ea5t trung th\u1ef1c<\/span><\/li>\n<li data-hveid=\"CAEIBBAG\" data-complete=\"true\" data-sae=\"\"><span style=\"font-size: 12pt; color: #000000;\">G\u00f3c chi\u1ebfu:\u00a024\u2070, t\u1ea1o ch\u00f9m s\u00e1ng t\u1eadp trung l\u00fd t\u01b0\u1edfng cho vi\u1ec7c t\u1ea1o \u0111i\u1ec3m nh\u1ea5n<\/span><\/li>\n<li data-hveid=\"CAEIBBAH\" data-complete=\"true\" data-sae=\"\"><span style=\"font-size: 12pt; color: #000000;\">K\u00edch th\u01b0\u1edbc ph\u1ee7 b\u00ec:\u00a0\u00d865 x H85 mm<\/span><\/li>\n<li data-hveid=\"CAEIBBAI\" data-complete=\"true\" data-sae=\"\"><span style=\"font-size: 12pt; color: #000000;\">K\u00edch th\u01b0\u1edbc l\u1ed7 kho\u00e9t (\u00c2m tr\u1ea7n):\u00a0\u00d855 mm<\/span><\/li>\n<li data-hveid=\"CAEIBBAJ\" data-complete=\"true\" data-sae=\"\"><span style=\"font-size: 12pt; color: #000000;\">Chip LED:\u00a0S\u1eed d\u1ee5ng chip LED\u00a0Cree USA<\/span><\/li>\n<li data-hveid=\"CAEIBBAK\" data-complete=\"true\" data-sae=\"\"><span style=\"font-size: 12pt; color: #000000;\">Tu\u1ed5i th\u1ecd:\u00a0Kho\u1ea3ng 50.000 gi\u1edd<\/span><\/li>\n<li data-hveid=\"CAEIBBAL\" data-complete=\"true\" data-sae=\"\"><span style=\"font-size: 12pt; color: #000000;\">T\u00ednh n\u0103ng b\u1ed5 sung: C\u00f3 th\u1ec3 \u0111i\u1ec1u ch\u1ec9nh \u0111\u1ed9 s\u00e1ng (dimmable) n\u1ebfu chuy\u1ec3n \u0111\u1ed5i b\u1ed9 driver t\u01b0\u01a1ng th\u00edch<\/span><\/li>\n<\/ul>\n<p data-complete=\"true\" data-processed=\"true\">\n<h3 role=\"heading\" aria-level=\"3\" data-processed=\"true\" data-complete=\"true\"><span style=\"font-size: 14pt; color: #000000;\">\u01afu \u0111i\u1ec3m n\u1ed5i b\u1eadt<\/span><\/h3>\n<ul data-processed=\"true\" data-complete=\"true\">\n<li data-hveid=\"CAEIBhAA\" data-complete=\"true\" data-sae=\"\"><span style=\"font-size: 12pt; color: #000000;\">Ch\u1ea5t l\u01b0\u1ee3ng chip LED cao c\u1ea5p:\u00a0Vi\u1ec7c s\u1eed d\u1ee5ng chip LED Cree t\u1eeb M\u1ef9 \u0111\u01b0\u1ee3c nhi\u1ec1u ngu\u1ed3n tin x\u00e1c nh\u1eadn, \u0111\u1ea3m b\u1ea3o ch\u1ea5t l\u01b0\u1ee3ng, \u0111\u1ed9 tin c\u1eady v\u00e0 tu\u1ed5i th\u1ecd cao cho s\u1ea3n ph\u1ea9m.<\/span><\/li>\n<li data-hveid=\"CAEIBhAB\" data-complete=\"true\" data-sae=\"\"><span style=\"font-size: 12pt; color: #000000;\">Ch\u1ea5t l\u01b0\u1ee3ng \u00e1nh s\u00e1ng ho\u00e0n h\u1ea3o:\u00a0V\u1edbi ch\u1ec9 s\u1ed1 ho\u00e0n m\u00e0u CRI &gt; 90, \u0111\u00e8n LA-11 l\u00e0m n\u1ed5i b\u1eadt m\u00e0u s\u1eafc t\u1ef1 nhi\u00ean c\u1ee7a \u0111\u1ed3 v\u1eadt, r\u1ea5t ph\u00f9 h\u1ee3p cho showroom, c\u1eeda h\u00e0ng th\u1eddi trang ho\u1eb7c kh\u00f4ng gian s\u1ed1ng c\u1ea7n t\u00ednh th\u1ea9m m\u1ef9 cao.<\/span><\/li>\n<li data-hveid=\"CAEIBhAC\" data-sae=\"\" data-complete=\"true\"><span style=\"font-size: 12pt; color: #000000;\">Thi\u1ebft k\u1ebf ch\u1ed1ng ch\u00f3i:\u00a0Thi\u1ebft k\u1ebf \u00e2m tr\u1ea7n c\u00f9ng g\u00f3c chi\u1ebfu h\u1eb9p gi\u00fap t\u1eadp trung \u00e1nh s\u00e1ng hi\u1ec7u qu\u1ea3 m\u00e0 kh\u00f4ng g\u00e2y ch\u00f3i m\u1eaft, t\u1ea1o c\u1ea3m gi\u00e1c d\u1ec5 ch\u1ecbu.<\/span><\/li>\n<li data-hveid=\"CAEIBhAD\" data-complete=\"true\" data-processed=\"true\" data-sae=\"\"><span style=\"font-size: 12pt; color: #000000;\">\u0110\u1ed9 b\u1ec1n v\u00e0 hi\u1ec7u su\u1ea5t:\u00a0Tu\u1ed5i th\u1ecd l\u00ean \u0111\u1ebfn 50.000 gi\u1edd v\u00e0 quang th\u00f4ng cao (840lm) cho th\u1ea5y hi\u1ec7u qu\u1ea3 kinh t\u1ebf l\u00e2u d\u00e0i v\u00e0 kh\u1ea3 n\u0103ng ti\u1ebft ki\u1ec7m \u0111i\u1ec7n n\u0103ng.<\/span><\/li>\n<\/ul>\n<p class=\"Y3BBE\" data-hveid=\"CAEICBAA\" data-complete=\"true\" data-processed=\"true\"><span style=\"font-size: 12pt; color: #000000;\"><strong>LI\u00caN H\u1ec6 : Hotline: 0935 228 204 ( Ms Lam )<\/strong><\/span><\/p>\n<p><span style=\"font-size: 12pt; color: #000000;\"><strong>Facebook:\u00a0<span style=\"color: #ff6600;\"><a style=\"color: #ff6600;\" href=\"https:\/\/www.facebook.com\/thietbidienlama\" target=\"_blank\" rel=\"noopener\">THI\u1ebeT\u00a0B\u1eca \u0110I\u1ec6N LAMA<\/a><\/span><\/strong><\/span><\/p>\n<p><span style=\"font-size: 12pt; color: #000000;\"><strong>Tiktok:\u00a0<span style=\"color: #ff6600;\"><a style=\"color: #ff6600;\" href=\"https:\/\/www.tiktok.com\/@thietbidienlama\" target=\"_blank\" rel=\"noopener\">THI\u1ebeT\u00a0B\u1eca \u0110I\u1ec6N LAMA<\/a><\/span><\/strong><\/span><\/p>\n<p><span style=\"font-size: 12pt; color: #000000;\"><strong>Youtube: <span style=\"color: #ff6600;\"><a style=\"color: #ff6600;\" href=\"https:\/\/www.youtube.com\/@thietbidienlama\" target=\"_blank\" rel=\"noopener\">THI\u1ebeT\u00a0B\u1eca \u0110I\u1ec6N LAMA<\/a><\/span><\/strong><\/span><\/p>","protected":false},"excerpt":{"rendered":"<p>\u0110\u00e8n Led Spotlight \u00c2m Tr\u1ea7n 7W LA-11 Euroto Chip Led Cree USA \u0110\u00e8n Led Spotlight \u00c2m Tr\u1ea7n 7W LA-11 Euroto\u00a0l\u00e0<\/p>","protected":false},"featured_media":13841,"comment_status":"closed","ping_status":"closed","template":"","meta":[],"product_brand":[],"product_cat":[862,1022],"product_tag":[1028],"class_list":{"0":"post-13840","1":"product","2":"type-product","3":"status-publish","4":"has-post-thumbnail","6":"product_cat-den-spotlight","7":"product_cat-den-spotlight-euroto","8":"product_tag-den-led-spotlight","10":"first","11":"instock","12":"sale","13":"shipping-taxable","14":"purchasable","15":"product-type-simple"},"_links":{"self":[{"href":"https:\/\/www.thietbidienlama.com\/en\/wp-json\/wp\/v2\/product\/13840","targetHints":{"allow":["GET"]}}],"collection":[{"href":"https:\/\/www.thietbidienlama.com\/en\/wp-json\/wp\/v2\/product"}],"about":[{"href":"https:\/\/www.thietbidienlama.com\/en\/wp-json\/wp\/v2\/types\/product"}],"replies":[{"embeddable":true,"href":"https:\/\/www.thietbidienlama.com\/en\/wp-json\/wp\/v2\/comments?post=13840"}],"version-history":[{"count":3,"href":"https:\/\/www.thietbidienlama.com\/en\/wp-json\/wp\/v2\/product\/13840\/revisions"}],"predecessor-version":[{"id":13844,"href":"https:\/\/www.thietbidienlama.com\/en\/wp-json\/wp\/v2\/product\/13840\/revisions\/13844"}],"wp:featuredmedia":[{"embeddable":true,"href":"https:\/\/www.thietbidienlama.com\/en\/wp-json\/wp\/v2\/media\/13841"}],"wp:attachment":[{"href":"https:\/\/www.thietbidienlama.com\/en\/wp-json\/wp\/v2\/media?parent=13840"}],"wp:term":[{"taxonomy":"product_brand","embeddable":true,"href":"https:\/\/www.thietbidienlama.com\/en\/wp-json\/wp\/v2\/product_brand?post=13840"},{"taxonomy":"product_cat","embeddable":true,"href":"https:\/\/www.thietbidienlama.com\/en\/wp-json\/wp\/v2\/product_cat?post=13840"},{"taxonomy":"product_tag","embeddable":true,"href":"https:\/\/www.thietbidienlama.com\/en\/wp-json\/wp\/v2\/product_tag?post=13840"}],"curies":[{"name":"wp","href":"https:\/\/api.w.org\/{rel}","templated":true}]}}