{"id":13836,"date":"2025-12-05T14:52:31","date_gmt":"2025-12-05T07:52:31","guid":{"rendered":"https:\/\/thietbidienlama.com\/?post_type=product&#038;p=13836"},"modified":"2025-12-05T15:06:27","modified_gmt":"2025-12-05T08:06:27","slug":"den-spotlight-am-tran-12w-la-532-euroto","status":"publish","type":"product","link":"https:\/\/www.thietbidienlama.com\/en\/den-spotlight-am-tran-12w-la-532-euroto\/","title":{"rendered":"\u0110\u00e8n Spotlight \u00c2m Tr\u1ea7n 12W LA-532 Euroto"},"content":{"rendered":"<h2 style=\"text-align: center;\"><span style=\"color: #000000;\">\u0110\u00e8n Spotlight \u00c2m Tr\u1ea7n 12W LA-532 Euroto<\/span><\/h2>\n<p data-hveid=\"CAEIARAA\" data-processed=\"true\" data-complete=\"true\"><span style=\"color: #000000; font-size: 12pt;\"><strong><span style=\"color: #ff6600;\"><a style=\"color: #ff6600;\" href=\"https:\/\/thietbidienlama.com\/den-spotlight-am-tran-12w-la-532-euroto\/\">\u0110\u00e8n Spotlight \u00c2m Tr\u1ea7n 12W<\/a><\/span><\/strong> LA-532 Euroto l\u00e0 d\u00f2ng \u0111\u00e8n LED chi\u1ebfu \u0111i\u1ec3m c\u00f4ng su\u1ea5t l\u1edbn, \u0111\u01b0\u1ee3c thi\u1ebft k\u1ebf cho c\u00e1c kh\u00f4ng gian c\u1ea7n hi\u1ec7u \u1ee9ng \u00e1nh s\u00e1ng nh\u1ea5n m\u1ea1nh m\u1ebd v\u00e0 ch\u1ea5t l\u01b0\u1ee3ng cao, th\u01b0\u1eddng \u0111\u01b0\u1ee3c l\u1eafp \u0111\u1eb7t t\u1ea1i showroom, c\u1eeda h\u00e0ng b\u00e1n l\u1ebb, ph\u00f2ng tr\u01b0ng b\u00e0y ngh\u1ec7 thu\u1eadt ho\u1eb7c kh\u00f4ng gian s\u1ed1ng hi\u1ec7n \u0111\u1ea1i.<\/span><\/p>\n<p data-complete=\"true\" data-processed=\"true\"><img fetchpriority=\"high\" decoding=\"async\" class=\"alignnone size-medium wp-image-13837 aligncenter\" src=\"http:\/\/thietbidienlama.com\/wp-content\/uploads\/2025\/12\/Den-Spotlight-Am-Tran-12W-LA-532-Euroto-300x300.jpg\" alt=\"\" width=\"300\" height=\"300\" srcset=\"https:\/\/www.thietbidienlama.com\/wp-content\/uploads\/2025\/12\/Den-Spotlight-Am-Tran-12W-LA-532-Euroto-300x300.jpg 300w, https:\/\/www.thietbidienlama.com\/wp-content\/uploads\/2025\/12\/Den-Spotlight-Am-Tran-12W-LA-532-Euroto-150x150.jpg 150w, https:\/\/www.thietbidienlama.com\/wp-content\/uploads\/2025\/12\/Den-Spotlight-Am-Tran-12W-LA-532-Euroto-12x12.jpg 12w, https:\/\/www.thietbidienlama.com\/wp-content\/uploads\/2025\/12\/Den-Spotlight-Am-Tran-12W-LA-532-Euroto.jpg 500w\" sizes=\"(max-width: 300px) 100vw, 300px\" \/><\/p>\n<h3 role=\"heading\" aria-level=\"3\" data-processed=\"true\" data-complete=\"true\"><span style=\"color: #000000; font-size: 14pt;\">Th\u00f4ng s\u1ed1 k\u1ef9 thu\u1eadt ch\u00ednh<\/span><\/h3>\n<ul data-processed=\"true\" data-complete=\"true\">\n<li data-hveid=\"CAEIAxAA\" data-complete=\"true\" data-sae=\"\"><span style=\"color: #000000; font-size: 12pt;\">M\u00e3 s\u1ea3n ph\u1ea9m:\u00a0LA-532<\/span><\/li>\n<li data-hveid=\"CAEIAxAB\" data-complete=\"true\" data-sae=\"\"><span style=\"color: #000000; font-size: 12pt;\">C\u00f4ng su\u1ea5t:\u00a012W<\/span><\/li>\n<li data-hveid=\"CAEIAxAC\" data-complete=\"true\" data-sae=\"\"><span style=\"color: #000000; font-size: 12pt;\">\u0110i\u1ec7n \u00e1p:\u00a0220V (ho\u1ea1t \u0111\u1ed9ng d\u1ea3i r\u1ed9ng 85V &#8211; 265V)<\/span><\/li>\n<li data-hveid=\"CAEIAxAD\" data-complete=\"true\" data-sae=\"\"><span style=\"color: #000000; font-size: 12pt;\">Quang th\u00f4ng:\u00a01440 lumen, cung c\u1ea5p \u00e1nh s\u00e1ng m\u1ea1nh<\/span><\/li>\n<li data-hveid=\"CAEIAxAE\" data-complete=\"true\" data-sae=\"\"><span style=\"color: #000000; font-size: 12pt;\">Ch\u1ec9 s\u1ed1 ho\u00e0n m\u00e0u (CRI):\u00a0Ra &gt; 90, t\u00e1i t\u1ea1o m\u00e0u s\u1eafc v\u1eadt th\u1ec3 c\u1ef1c k\u1ef3 trung th\u1ef1c v\u00e0 s\u1ed1ng \u0111\u1ed9ng<\/span><\/li>\n<li data-hveid=\"CAEIAxAF\" data-complete=\"true\" data-sae=\"\"><span style=\"color: #000000; font-size: 12pt;\">Nhi\u1ec7t \u0111\u1ed9 m\u00e0u:\u00a0T\u00f9y ch\u1ecdn \u00e1nh s\u00e1ng\u00a0Tr\u1eafng\u00a0(6500K),\u00a0Trung t\u00ednh\u00a0(4000K), v\u00e0\u00a0V\u00e0ng\u00a0(3000K)<\/span><\/li>\n<li data-hveid=\"CAEIAxAG\" data-complete=\"true\" data-sae=\"\"><span style=\"color: #000000; font-size: 12pt;\">G\u00f3c chi\u1ebfu:\u00a024\u2070, t\u1ea1o ch\u00f9m s\u00e1ng t\u1eadp trung, r\u00f5 n\u00e9t<\/span><\/li>\n<li data-hveid=\"CAEIAxAH\" data-complete=\"true\" data-sae=\"\"><span style=\"color: #000000; font-size: 12pt;\">K\u00edch th\u01b0\u1edbc ph\u1ee7 b\u00ec (M\u1eb7t \u0111\u00e8n):\u00a0\u00d890 x H73 mm<\/span><\/li>\n<li data-hveid=\"CAEIAxAI\" data-complete=\"true\" data-sae=\"\"><span style=\"color: #000000; font-size: 12pt;\">K\u00edch th\u01b0\u1edbc l\u1ed7 kho\u00e9t (\u00c2m tr\u1ea7n):\u00a0\u00d875 mm<\/span><\/li>\n<li data-hveid=\"CAEIAxAJ\" data-complete=\"true\" data-sae=\"\"><span style=\"color: #000000; font-size: 12pt;\">Chip LED:\u00a0S\u1eed d\u1ee5ng c\u00f4ng ngh\u1ec7 COB, chip LED ch\u1ea5t l\u01b0\u1ee3ng cao (th\u01b0\u1eddng l\u00e0 Bridgelux &#8211; USA)<\/span><\/li>\n<li data-hveid=\"CAEIAxAK\" data-complete=\"true\" data-sae=\"\"><span style=\"color: #000000; font-size: 12pt;\">Tu\u1ed5i th\u1ecd:\u00a0Kho\u1ea3ng 40.000 gi\u1edd<\/span><\/li>\n<li data-hveid=\"CAEIAxAL\" data-complete=\"true\" data-sae=\"\"><span style=\"color: #000000; font-size: 12pt;\">Ch\u1ea5t li\u1ec7u:\u00a0Th\u00e2n \u0111\u00e8n b\u1eb1ng nh\u00f4m \u0111\u00fac nguy\u00ean kh\u1ed1i, t\u1ea3n nhi\u1ec7t hi\u1ec7u qu\u1ea3<\/span><\/li>\n<li data-hveid=\"CAEIAxAM\" data-complete=\"true\" data-sae=\"\"><span style=\"color: #000000; font-size: 12pt;\">B\u1ea3o h\u00e0nh: Th\u00f4ng th\u01b0\u1eddng 12 th\u00e1ng<\/span><\/li>\n<\/ul>\n<h3 role=\"heading\" aria-level=\"3\" data-complete=\"true\" data-processed=\"true\"><span style=\"color: #000000; font-size: 14pt;\">\u01afu \u0111i\u1ec3m n\u1ed5i b\u1eadt<\/span><\/h3>\n<ul data-processed=\"true\" data-complete=\"true\">\n<li data-hveid=\"CAEIBRAA\" data-complete=\"true\" data-sae=\"\"><span style=\"color: #000000; font-size: 12pt;\">Hi\u1ec7u su\u1ea5t chi\u1ebfu s\u00e1ng m\u1ea1nh:\u00a0C\u00f4ng su\u1ea5t 12W v\u1edbi quang th\u00f4ng cao \u0111\u00e1p \u1ee9ng nhu c\u1ea7u chi\u1ebfu s\u00e1ng \u0111i\u1ec3m m\u1ea1nh m\u1ebd.<\/span><\/li>\n<li data-hveid=\"CAEIBRAB\" data-complete=\"true\" data-sae=\"\"><span style=\"color: #000000; font-size: 12pt;\">Ch\u1ea5t l\u01b0\u1ee3ng \u00e1nh s\u00e1ng ho\u00e0n h\u1ea3o:\u00a0CRI tr\u00ean 90 l\u00e0 \u0111i\u1ec3m m\u1ea1nh, l\u00e0m cho s\u1ea3n ph\u1ea9m tr\u01b0ng b\u00e0y tr\u1edf n\u00ean n\u1ed5i b\u1eadt v\u00e0 ch\u00e2n th\u1ef1c h\u01a1n.<\/span><\/li>\n<li data-hveid=\"CAEIBRAC\" data-complete=\"true\" data-sae=\"\"><span style=\"color: #000000; font-size: 12pt;\">Thi\u1ebft k\u1ebf ch\u1ed1ng ch\u00f3i:\u00a0Thi\u1ebft k\u1ebf quang h\u1ecdc t\u1ed1i \u01b0u gi\u00fap gi\u1ea3m ch\u00f3i l\u00f2a, t\u1ea1o m\u00f4i tr\u01b0\u1eddng th\u1ecb gi\u00e1c tho\u1ea3i m\u00e1i.<\/span><\/li>\n<li data-hveid=\"CAEIBRAD\" data-complete=\"true\" data-sae=\"\"><span style=\"color: #000000; font-size: 12pt;\">\u0110\u1ed9 b\u1ec1n cao v\u00e0 t\u1ea3n nhi\u1ec7t t\u1ed1t:\u00a0Th\u00e2n nh\u00f4m gi\u00fap k\u00e9o d\u00e0i tu\u1ed5i th\u1ecd c\u1ee7a chip LED v\u00e0 \u0111\u1ea3m b\u1ea3o hi\u1ec7u su\u1ea5t ho\u1ea1t \u0111\u1ed9ng \u1ed5n \u0111\u1ecbnh.<\/span><\/li>\n<\/ul>\n<p class=\"Y3BBE\" data-hveid=\"CAEICBAA\" data-complete=\"true\" data-processed=\"true\"><span style=\"font-size: 12pt; color: #000000;\"><strong>LI\u00caN H\u1ec6 : Hotline: 0935 228 204 ( Ms Lam )<\/strong><\/span><\/p>\n<p><span style=\"font-size: 12pt; color: #000000;\"><strong>Facebook:\u00a0<span style=\"color: #ff6600;\"><a style=\"color: #ff6600;\" href=\"https:\/\/www.facebook.com\/thietbidienlama\" target=\"_blank\" rel=\"noopener\">THI\u1ebeT\u00a0B\u1eca \u0110I\u1ec6N LAMA<\/a><\/span><\/strong><\/span><\/p>\n<p><span style=\"font-size: 12pt; color: #000000;\"><strong>Tiktok:\u00a0<span style=\"color: #ff6600;\"><a style=\"color: #ff6600;\" href=\"https:\/\/www.tiktok.com\/@thietbidienlama\" target=\"_blank\" rel=\"noopener\">THI\u1ebeT\u00a0B\u1eca \u0110I\u1ec6N LAMA<\/a><\/span><\/strong><\/span><\/p>\n<p><span style=\"font-size: 12pt; color: #000000;\"><strong>Youtube: <span style=\"color: #ff6600;\"><a style=\"color: #ff6600;\" href=\"https:\/\/www.youtube.com\/@thietbidienlama\" target=\"_blank\" rel=\"noopener\">THI\u1ebeT\u00a0B\u1eca \u0110I\u1ec6N LAMA<\/a><\/span><\/strong><\/span><\/p>","protected":false},"excerpt":{"rendered":"<p>\u0110\u00e8n Spotlight \u00c2m Tr\u1ea7n 12W LA-532 Euroto \u0110\u00e8n Spotlight \u00c2m Tr\u1ea7n 12W LA-532 Euroto l\u00e0 d\u00f2ng \u0111\u00e8n LED chi\u1ebfu \u0111i\u1ec3m<\/p>","protected":false},"featured_media":13837,"comment_status":"closed","ping_status":"closed","template":"","meta":[],"product_brand":[],"product_cat":[862,1022],"product_tag":[1027],"class_list":{"0":"post-13836","1":"product","2":"type-product","3":"status-publish","4":"has-post-thumbnail","6":"product_cat-den-spotlight","7":"product_cat-den-spotlight-euroto","8":"product_tag-den-spotlight-am-tran-12w","10":"first","11":"instock","12":"sale","13":"shipping-taxable","14":"purchasable","15":"product-type-simple"},"_links":{"self":[{"href":"https:\/\/www.thietbidienlama.com\/en\/wp-json\/wp\/v2\/product\/13836","targetHints":{"allow":["GET"]}}],"collection":[{"href":"https:\/\/www.thietbidienlama.com\/en\/wp-json\/wp\/v2\/product"}],"about":[{"href":"https:\/\/www.thietbidienlama.com\/en\/wp-json\/wp\/v2\/types\/product"}],"replies":[{"embeddable":true,"href":"https:\/\/www.thietbidienlama.com\/en\/wp-json\/wp\/v2\/comments?post=13836"}],"version-history":[{"count":2,"href":"https:\/\/www.thietbidienlama.com\/en\/wp-json\/wp\/v2\/product\/13836\/revisions"}],"predecessor-version":[{"id":13839,"href":"https:\/\/www.thietbidienlama.com\/en\/wp-json\/wp\/v2\/product\/13836\/revisions\/13839"}],"wp:featuredmedia":[{"embeddable":true,"href":"https:\/\/www.thietbidienlama.com\/en\/wp-json\/wp\/v2\/media\/13837"}],"wp:attachment":[{"href":"https:\/\/www.thietbidienlama.com\/en\/wp-json\/wp\/v2\/media?parent=13836"}],"wp:term":[{"taxonomy":"product_brand","embeddable":true,"href":"https:\/\/www.thietbidienlama.com\/en\/wp-json\/wp\/v2\/product_brand?post=13836"},{"taxonomy":"product_cat","embeddable":true,"href":"https:\/\/www.thietbidienlama.com\/en\/wp-json\/wp\/v2\/product_cat?post=13836"},{"taxonomy":"product_tag","embeddable":true,"href":"https:\/\/www.thietbidienlama.com\/en\/wp-json\/wp\/v2\/product_tag?post=13836"}],"curies":[{"name":"wp","href":"https:\/\/api.w.org\/{rel}","templated":true}]}}