{"id":13832,"date":"2025-12-05T11:58:44","date_gmt":"2025-12-05T04:58:44","guid":{"rendered":"https:\/\/thietbidienlama.com\/?post_type=product&#038;p=13832"},"modified":"2025-12-05T11:58:44","modified_gmt":"2025-12-05T04:58:44","slug":"den-spotlight-am-tran-7w-la-531-euroto","status":"publish","type":"product","link":"https:\/\/www.thietbidienlama.com\/en\/den-spotlight-am-tran-7w-la-531-euroto\/","title":{"rendered":"\u0110\u00e8n Spotlight \u00c2m Tr\u1ea7n 7W LA-531 Euroto"},"content":{"rendered":"<h2 style=\"text-align: center;\" data-hveid=\"CAEIAhAA\" data-processed=\"true\" data-complete=\"true\"><span style=\"color: #000000;\">\u0110\u00e8n Spotlight \u00c2m Tr\u1ea7n 7W LA-531 Euroto<\/span><\/h2>\n<p data-hveid=\"CAEIAhAA\" data-processed=\"true\" data-complete=\"true\"><span style=\"font-size: 12pt; color: #000000;\"><strong><span style=\"color: #ff6600;\"><a style=\"color: #ff6600;\" href=\"https:\/\/thietbidienlama.com\/den-spotlight-am-tran-7w-la-531-euroto\/\">\u0110\u00e8n Spotlight \u00c2m Tr\u1ea7n<\/a><\/span><\/strong> 7W LA-531 Euroto l\u00e0 d\u00f2ng \u0111\u00e8n LED chi\u1ebfu \u0111i\u1ec3m cao c\u1ea5p, thi\u1ebft k\u1ebf nh\u1ecf g\u1ecdn v\u00e0 hi\u1ec7n \u0111\u1ea1i, ph\u00f9 h\u1ee3p cho c\u00e1c kh\u00f4ng gian c\u1ea7n t\u1ea1o \u0111i\u1ec3m nh\u1ea5n \u00e1nh s\u00e1ng tinh t\u1ebf nh\u01b0 nh\u00e0 \u1edf, c\u1eeda h\u00e0ng, showroom, v\u00e0 kh\u00e1ch s\u1ea1n.<\/span><\/p>\n<p data-complete=\"true\" data-processed=\"true\"><img fetchpriority=\"high\" decoding=\"async\" class=\"alignnone size-medium wp-image-13833 aligncenter\" src=\"http:\/\/thietbidienlama.com\/wp-content\/uploads\/2025\/12\/Den-Spotlight-Am-Tran-7W-LA-531-Euroto-300x300.jpg\" alt=\"\" width=\"300\" height=\"300\" srcset=\"https:\/\/www.thietbidienlama.com\/wp-content\/uploads\/2025\/12\/Den-Spotlight-Am-Tran-7W-LA-531-Euroto-300x300.jpg 300w, https:\/\/www.thietbidienlama.com\/wp-content\/uploads\/2025\/12\/Den-Spotlight-Am-Tran-7W-LA-531-Euroto-150x150.jpg 150w, https:\/\/www.thietbidienlama.com\/wp-content\/uploads\/2025\/12\/Den-Spotlight-Am-Tran-7W-LA-531-Euroto-12x12.jpg 12w, https:\/\/www.thietbidienlama.com\/wp-content\/uploads\/2025\/12\/Den-Spotlight-Am-Tran-7W-LA-531-Euroto.jpg 500w\" sizes=\"(max-width: 300px) 100vw, 300px\" \/><\/p>\n<h3 role=\"heading\" aria-level=\"3\" data-processed=\"true\" data-complete=\"true\"><span style=\"font-size: 14pt; color: #000000;\">Th\u00f4ng s\u1ed1 k\u1ef9 thu\u1eadt ch\u00ednh<\/span><\/h3>\n<ul data-processed=\"true\" data-complete=\"true\">\n<li data-hveid=\"CAEIBBAA\" data-complete=\"true\" data-sae=\"\"><span style=\"font-size: 12pt; color: #000000;\">M\u00e3 s\u1ea3n ph\u1ea9m:\u00a0LA-531<\/span><\/li>\n<li data-hveid=\"CAEIBBAB\" data-complete=\"true\" data-sae=\"\"><span style=\"font-size: 12pt; color: #000000;\">C\u00f4ng su\u1ea5t:\u00a07W<\/span><\/li>\n<li data-hveid=\"CAEIBBAC\" data-complete=\"true\" data-sae=\"\"><span style=\"font-size: 12pt; color: #000000;\">\u0110i\u1ec7n \u00e1p:\u00a0220V (ho\u1ea1t \u0111\u1ed9ng trong d\u1ea3i r\u1ed9ng)<\/span><\/li>\n<li data-hveid=\"CAEIBBAD\" data-complete=\"true\" data-sae=\"\"><span style=\"font-size: 12pt; color: #000000;\">Quang th\u00f4ng:\u00a0840 lumen<\/span><\/li>\n<li data-hveid=\"CAEIBBAE\" data-complete=\"true\" data-sae=\"\"><span style=\"font-size: 12pt; color: #000000;\">Ch\u1ec9 s\u1ed1 ho\u00e0n m\u00e0u (CRI):\u00a0Ra &gt; 90, cho ch\u1ea5t l\u01b0\u1ee3ng \u00e1nh s\u00e1ng trung th\u1ef1c v\u00e0 s\u1ed1ng \u0111\u1ed9ng<\/span><\/li>\n<li data-hveid=\"CAEIBBAF\" data-complete=\"true\" data-sae=\"\"><span style=\"font-size: 12pt; color: #000000;\">Nhi\u1ec7t \u0111\u1ed9 m\u00e0u (\u00c1nh s\u00e1ng):\u00a0T\u00f9y ch\u1ecdn 3 ch\u1ebf \u0111\u1ed9 m\u00e0u (Tr\u1eafng 6500K, Trung t\u00ednh 4000K, V\u00e0ng 3000K)<\/span><\/li>\n<li data-hveid=\"CAEIBBAG\" data-complete=\"true\" data-sae=\"\"><span style=\"font-size: 12pt; color: #000000;\">G\u00f3c chi\u1ebfu:\u00a024\u2070, t\u1eadp trung \u00e1nh s\u00e1ng m\u1ea1nh m\u1ebd v\u00e0o v\u1eadt th\u1ec3 \u0111\u01b0\u1ee3c chi\u1ebfu s\u00e1ng<\/span><\/li>\n<li data-hveid=\"CAEIBBAH\" data-complete=\"true\" data-sae=\"\"><span style=\"font-size: 12pt; color: #000000;\">K\u00edch th\u01b0\u1edbc ph\u1ee7 b\u00ec (M\u1eb7t \u0111\u00e8n):\u00a0\u00d863 x H63 mm<\/span><\/li>\n<li data-hveid=\"CAEIBBAI\" data-complete=\"true\" data-sae=\"\"><span style=\"font-size: 12pt; color: #000000;\">K\u00edch th\u01b0\u1edbc l\u1ed7 kho\u00e9t (\u00c2m tr\u1ea7n):\u00a0\u00d855 mm<\/span><\/li>\n<li data-hveid=\"CAEIBBAJ\" data-complete=\"true\" data-sae=\"\"><span style=\"font-size: 12pt; color: #000000;\">Chip LED:\u00a0S\u1eed d\u1ee5ng chip COB cao c\u1ea5p t\u1eeb Bridgelux (USA)<\/span><\/li>\n<li data-hveid=\"CAEIBBAK\" data-complete=\"true\" data-sae=\"\"><span style=\"font-size: 12pt; color: #000000;\">Tu\u1ed5i th\u1ecd:\u00a0Kho\u1ea3ng 40.000 gi\u1edd<\/span><\/li>\n<li data-hveid=\"CAEIBBAL\" data-complete=\"true\" data-sae=\"\"><span style=\"font-size: 12pt; color: #000000;\">Ch\u1ea5t li\u1ec7u:\u00a0Th\u00e2n \u0111\u00e8n b\u1eb1ng nh\u00f4m, t\u1ea3n nhi\u1ec7t t\u1ed1t\u00a0<button tabindex=\"0\" data-amic=\"true\" data-icl-uuid=\"d51cb94b-fe05-4481-9437-4bdba3d4bc52\" aria-label=\"Xem c\u00e1c \u0111\u01b0\u1eddng li\u00ean k\u1ebft c\u00f3 li\u00ean quan\" data-wiz-attrbind=\"disabled=Avcjxe_1n_C5gNJc;class=Avcjxe_1n_UpSNec;\" data-ved=\"2ahUKEwjSnbGk06WRAxVDlFYBHYzXMlkQye0OegYIAQgEEAw\"><\/button><\/span><\/li>\n<\/ul>\n<p data-complete=\"true\" data-processed=\"true\">\n<h3 role=\"heading\" aria-level=\"3\" data-processed=\"true\" data-complete=\"true\"><span style=\"font-size: 14pt; color: #000000;\">\u01afu \u0111i\u1ec3m<\/span><\/h3>\n<ul data-complete=\"true\" data-processed=\"true\">\n<li data-hveid=\"CAEIBhAA\" data-complete=\"true\" data-sae=\"\"><span style=\"font-size: 12pt; color: #000000;\">Ch\u1ea5t l\u01b0\u1ee3ng \u00e1nh s\u00e1ng v\u01b0\u1ee3t tr\u1ed9i:\u00a0CRI cao (&gt;90) gi\u00fap t\u00f4n l\u00ean v\u1ebb \u0111\u1eb9p t\u1ef1 nhi\u00ean c\u1ee7a \u0111\u1ed3 v\u1eadt, kh\u00f4ng gian.<\/span><\/li>\n<li data-hveid=\"CAEIBhAB\" data-complete=\"true\" data-sae=\"\"><span style=\"font-size: 12pt; color: #000000;\">Thi\u1ebft k\u1ebf th\u1ea9m m\u1ef9:\u00a0K\u00edch th\u01b0\u1edbc nh\u1ecf g\u1ecdn, l\u1eafp \u00e2m tr\u1ea7n t\u1ea1o s\u1ef1 li\u1ec1n m\u1ea1ch cho tr\u1ea7n th\u1ea1ch cao, ch\u1ed1ng ch\u00f3i hi\u1ec7u qu\u1ea3.<\/span><\/li>\n<li data-hveid=\"CAEIBhAC\" data-complete=\"true\" data-sae=\"\"><span style=\"font-size: 12pt; color: #000000;\">\u0110\u1ed9 b\u1ec1n cao:\u00a0S\u1eed d\u1ee5ng chip LED th\u01b0\u01a1ng hi\u1ec7u l\u1edbn v\u00e0 ch\u1ea5t li\u1ec7u nh\u00f4m t\u1ea3n nhi\u1ec7t t\u1ed1t, k\u00e9o d\u00e0i tu\u1ed5i th\u1ecd s\u1ea3n ph\u1ea9m.<\/span><\/li>\n<li data-hveid=\"CAEIBhAD\" data-complete=\"true\" data-sae=\"\"><span style=\"font-size: 12pt; color: #000000;\">Linh ho\u1ea1t \u1ee9ng d\u1ee5ng:\u00a0Ph\u00f9 h\u1ee3p l\u00e0m \u0111\u00e8n chi\u1ebfu \u0111i\u1ec3m cho tranh \u1ea3nh, t\u1ee7 tr\u01b0ng b\u00e0y, qu\u1ea7y bar ho\u1eb7c c\u00e1c khu v\u1ef1c nh\u1ea5n nh\u00e1 trong nh\u00e0 \u1edf.<\/span><\/li>\n<\/ul>\n<p class=\"Y3BBE\" data-hveid=\"CAEICBAA\" data-complete=\"true\" data-processed=\"true\"><span style=\"font-size: 12pt; color: #000000;\"><strong>LI\u00caN H\u1ec6 : Hotline: 0935 228 204 ( Ms Lam )<\/strong><\/span><\/p>\n<p><span style=\"font-size: 12pt; color: #000000;\"><strong>Facebook:\u00a0<span style=\"color: #ff6600;\"><a style=\"color: #ff6600;\" href=\"https:\/\/www.facebook.com\/thietbidienlama\" target=\"_blank\" rel=\"noopener\">THI\u1ebeT\u00a0B\u1eca \u0110I\u1ec6N LAMA<\/a><\/span><\/strong><\/span><\/p>\n<p><span style=\"font-size: 12pt; color: #000000;\"><strong>Tiktok:\u00a0<span style=\"color: #ff6600;\"><a style=\"color: #ff6600;\" href=\"https:\/\/www.tiktok.com\/@thietbidienlama\" target=\"_blank\" rel=\"noopener\">THI\u1ebeT\u00a0B\u1eca \u0110I\u1ec6N LAMA<\/a><\/span><\/strong><\/span><\/p>\n<p><span style=\"font-size: 12pt; color: #000000;\"><strong>Youtube: <span style=\"color: #ff6600;\"><a style=\"color: #ff6600;\" href=\"https:\/\/www.youtube.com\/@thietbidienlama\" target=\"_blank\" rel=\"noopener\">THI\u1ebeT\u00a0B\u1eca \u0110I\u1ec6N LAMA<\/a><\/span><\/strong><\/span><\/p>","protected":false},"excerpt":{"rendered":"<p>\u0110\u00e8n Spotlight \u00c2m Tr\u1ea7n 7W LA-531 Euroto \u0110\u00e8n Spotlight \u00c2m Tr\u1ea7n 7W LA-531 Euroto l\u00e0 d\u00f2ng \u0111\u00e8n LED chi\u1ebfu \u0111i\u1ec3m<\/p>","protected":false},"featured_media":13833,"comment_status":"closed","ping_status":"closed","template":"","meta":[],"product_brand":[],"product_cat":[862,1022],"product_tag":[1026],"class_list":{"0":"post-13832","1":"product","2":"type-product","3":"status-publish","4":"has-post-thumbnail","6":"product_cat-den-spotlight","7":"product_cat-den-spotlight-euroto","8":"product_tag-den-spotlight-am-tran","10":"first","11":"instock","12":"sale","13":"shipping-taxable","14":"purchasable","15":"product-type-simple"},"_links":{"self":[{"href":"https:\/\/www.thietbidienlama.com\/en\/wp-json\/wp\/v2\/product\/13832","targetHints":{"allow":["GET"]}}],"collection":[{"href":"https:\/\/www.thietbidienlama.com\/en\/wp-json\/wp\/v2\/product"}],"about":[{"href":"https:\/\/www.thietbidienlama.com\/en\/wp-json\/wp\/v2\/types\/product"}],"replies":[{"embeddable":true,"href":"https:\/\/www.thietbidienlama.com\/en\/wp-json\/wp\/v2\/comments?post=13832"}],"version-history":[{"count":2,"href":"https:\/\/www.thietbidienlama.com\/en\/wp-json\/wp\/v2\/product\/13832\/revisions"}],"predecessor-version":[{"id":13835,"href":"https:\/\/www.thietbidienlama.com\/en\/wp-json\/wp\/v2\/product\/13832\/revisions\/13835"}],"wp:featuredmedia":[{"embeddable":true,"href":"https:\/\/www.thietbidienlama.com\/en\/wp-json\/wp\/v2\/media\/13833"}],"wp:attachment":[{"href":"https:\/\/www.thietbidienlama.com\/en\/wp-json\/wp\/v2\/media?parent=13832"}],"wp:term":[{"taxonomy":"product_brand","embeddable":true,"href":"https:\/\/www.thietbidienlama.com\/en\/wp-json\/wp\/v2\/product_brand?post=13832"},{"taxonomy":"product_cat","embeddable":true,"href":"https:\/\/www.thietbidienlama.com\/en\/wp-json\/wp\/v2\/product_cat?post=13832"},{"taxonomy":"product_tag","embeddable":true,"href":"https:\/\/www.thietbidienlama.com\/en\/wp-json\/wp\/v2\/product_tag?post=13832"}],"curies":[{"name":"wp","href":"https:\/\/api.w.org\/{rel}","templated":true}]}}