{"id":13828,"date":"2025-12-05T11:49:48","date_gmt":"2025-12-05T04:49:48","guid":{"rendered":"https:\/\/thietbidienlama.com\/?post_type=product&#038;p=13828"},"modified":"2025-12-05T11:49:48","modified_gmt":"2025-12-05T04:49:48","slug":"den-spotlight-12w-am-tran-la-498-euroto","status":"publish","type":"product","link":"https:\/\/www.thietbidienlama.com\/en\/den-spotlight-12w-am-tran-la-498-euroto\/","title":{"rendered":"\u0110\u00e8n Spotlight 12W \u00c2m Tr\u1ea7n LA-498 Euroto"},"content":{"rendered":"<h2 style=\"text-align: center;\"><span style=\"color: #000000;\">\u0110\u00e8n Spotlight 12W \u00c2m Tr\u1ea7n LA-498 Euroto<\/span><\/h2>\n<p data-hveid=\"CAEIAhAA\" data-complete=\"true\" data-processed=\"true\"><span style=\"font-size: 12pt; color: #000000;\"><strong><span style=\"color: #ff6600;\"><a style=\"color: #ff6600;\" href=\"https:\/\/thietbidienlama.com\/den-spotlight-12w-am-tran-la-498-euroto\/\">\u0110\u00e8n Spotlight 12W<\/a><\/span><\/strong> \u00c2m Tr\u1ea7n LA-498 Euroto l\u00e0 m\u1ed9t gi\u1ea3i ph\u00e1p chi\u1ebfu s\u00e1ng \u0111i\u1ec3m m\u1ea1nh m\u1ebd, ch\u1ea5t l\u01b0\u1ee3ng cao, th\u01b0\u1eddng \u0111\u01b0\u1ee3c d\u00f9ng \u0111\u1ec3 t\u1ea1o \u0111i\u1ec3m nh\u1ea5n trong c\u00e1c kh\u00f4ng gian n\u1ed9i th\u1ea5t nh\u01b0 nh\u00e0 \u1edf, c\u1eeda h\u00e0ng th\u1eddi trang v\u00e0 kh\u00e1ch s\u1ea1n.<\/span><\/p>\n<p data-complete=\"true\" data-processed=\"true\"><img fetchpriority=\"high\" decoding=\"async\" class=\"alignnone size-medium wp-image-13829 aligncenter\" src=\"http:\/\/thietbidienlama.com\/wp-content\/uploads\/2025\/12\/Den-Spotlight-12W-Am-Tran-LA-498-Euroto-300x300.jpg\" alt=\"\" width=\"300\" height=\"300\" srcset=\"https:\/\/www.thietbidienlama.com\/wp-content\/uploads\/2025\/12\/Den-Spotlight-12W-Am-Tran-LA-498-Euroto-300x300.jpg 300w, https:\/\/www.thietbidienlama.com\/wp-content\/uploads\/2025\/12\/Den-Spotlight-12W-Am-Tran-LA-498-Euroto-150x150.jpg 150w, https:\/\/www.thietbidienlama.com\/wp-content\/uploads\/2025\/12\/Den-Spotlight-12W-Am-Tran-LA-498-Euroto-12x12.jpg 12w, https:\/\/www.thietbidienlama.com\/wp-content\/uploads\/2025\/12\/Den-Spotlight-12W-Am-Tran-LA-498-Euroto.jpg 500w\" sizes=\"(max-width: 300px) 100vw, 300px\" \/><\/p>\n<h3 role=\"heading\" aria-level=\"3\" data-processed=\"true\" data-complete=\"true\"><span style=\"font-size: 14pt; color: #000000;\">Th\u00f4ng s\u1ed1 k\u1ef9 thu\u1eadt<\/span><\/h3>\n<ul data-processed=\"true\" data-complete=\"true\">\n<li data-hveid=\"CAEIBBAA\" data-complete=\"true\" data-sae=\"\"><span style=\"font-size: 12pt; color: #000000;\">M\u00e3 s\u1ea3n ph\u1ea9m:\u00a0LA-498<\/span><\/li>\n<li data-hveid=\"CAEIBBAB\" data-complete=\"true\" data-sae=\"\"><span style=\"font-size: 12pt; color: #000000;\">C\u00f4ng su\u1ea5t:\u00a012W<\/span><\/li>\n<li data-hveid=\"CAEIBBAC\" data-complete=\"true\" data-sae=\"\"><span style=\"font-size: 12pt; color: #000000;\">Quang th\u00f4ng:\u00a01440 lumen<\/span><\/li>\n<li data-hveid=\"CAEIBBAD\" data-complete=\"true\" data-sae=\"\"><span style=\"font-size: 12pt; color: #000000;\">Ch\u1ec9 s\u1ed1 ho\u00e0n m\u00e0u (CRI):\u00a0Ra &gt; 90, mang l\u1ea1i \u00e1nh s\u00e1ng trung th\u1ef1c, s\u1ed1ng \u0111\u1ed9ng<\/span><\/li>\n<li data-hveid=\"CAEIBBAE\" data-complete=\"true\" data-sae=\"\"><span style=\"font-size: 12pt; color: #000000;\">Nhi\u1ec7t \u0111\u1ed9 m\u00e0u (M\u00e0u \u00e1nh s\u00e1ng):\u00a0C\u00f3 c\u00e1c t\u00f9y ch\u1ecdn\u00a0Tr\u1eafng\u00a0(6500K),\u00a0Trung t\u00ednh\u00a0(4000K), v\u00e0\u00a0V\u00e0ng\u00a0(3000K)<\/span><\/li>\n<li data-hveid=\"CAEIBBAF\" data-sae=\"\" data-complete=\"true\"><span style=\"font-size: 12pt; color: #000000;\">G\u00f3c chi\u1ebfu:\u00a024\u2070, t\u1eadp trung \u00e1nh s\u00e1ng \u0111\u1ec3 t\u1ea1o hi\u1ec7u \u1ee9ng \u0111i\u1ec3m nh\u1ea5n hi\u1ec7u qu\u1ea3<\/span><\/li>\n<li data-hveid=\"CAEIBBAG\" data-complete=\"true\" data-processed=\"true\" data-sae=\"\"><span style=\"font-size: 12pt; color: #000000;\">K\u00edch th\u01b0\u1edbc ph\u1ee7 b\u00ec:\u00a0\u00d890 x H100 mm<\/span><\/li>\n<li data-hveid=\"CAEIBBAH\" data-complete=\"true\" data-processed=\"true\" data-sae=\"\"><span style=\"font-size: 12pt; color: #000000;\">K\u00edch th\u01b0\u1edbc l\u1ed7 kho\u00e9t:\u00a0\u00d875 mm<\/span><\/li>\n<li data-hveid=\"CAEIBBAI\" data-complete=\"true\" data-processed=\"true\" data-sae=\"\"><span style=\"font-size: 12pt; color: #000000;\">Chip LED:\u00a0S\u1eed d\u1ee5ng c\u00f4ng ngh\u1ec7 COB, ngu\u1ed3n chip t\u1eeb Bridgelux (USA) ho\u1eb7c Epistar<\/span><\/li>\n<li data-hveid=\"CAEIBBAJ\" data-complete=\"true\" data-processed=\"true\" data-sae=\"\"><span style=\"font-size: 12pt; color: #000000;\">Ch\u1ea5t li\u1ec7u:\u00a0Th\u00e2n \u0111\u00e8n b\u1eb1ng Nh\u00f4m (Aluminum) k\u1ebft h\u1ee3p nh\u1ef1a ABS<\/span><\/li>\n<li data-hveid=\"CAEIBBAK\" data-complete=\"true\" data-processed=\"true\" data-sae=\"\"><span style=\"font-size: 12pt; color: #000000;\">Tu\u1ed5i th\u1ecd:\u00a0Kho\u1ea3ng 40.000 gi\u1edd<\/span><\/li>\n<li data-hveid=\"CAEIBBAL\" data-complete=\"true\" data-processed=\"true\" data-sae=\"\"><span style=\"font-size: 12pt; color: #000000;\">\u0110i\u1ec7n \u00e1p: 220V (ho\u1ea1t \u0111\u1ed9ng trong d\u1ea3i 85 -&gt; 265V)<\/span><\/li>\n<\/ul>\n<p data-complete=\"true\" data-processed=\"true\">\n<h3 role=\"heading\" aria-level=\"3\" data-processed=\"true\" data-complete=\"true\"><span style=\"font-size: 14pt; color: #000000;\">\u01afu \u0111i\u1ec3m \u0111\u00e8n spotlight 12w<\/span><\/h3>\n<ul data-complete=\"true\" data-processed=\"true\">\n<li data-hveid=\"CAEIBhAA\" data-complete=\"true\" data-sae=\"\"><span style=\"font-size: 12pt; color: #000000;\">Hi\u1ec7u su\u1ea5t \u00e1nh s\u00e1ng cao:\u00a0C\u01b0\u1eddng \u0111\u1ed9 s\u00e1ng m\u1ea1nh 1440lm, ph\u00f9 h\u1ee3p cho c\u00e1c khu v\u1ef1c c\u1ea7n chi\u1ebfu s\u00e1ng \u0111i\u1ec3m nh\u1ea5n r\u00f5 r\u00e0ng.<\/span><\/li>\n<li data-hveid=\"CAEIBhAB\" data-complete=\"true\" data-sae=\"\"><span style=\"font-size: 12pt; color: #000000;\">Ch\u1ea5t l\u01b0\u1ee3ng m\u00e0u s\u1eafc:\u00a0Ch\u1ec9 s\u1ed1 ho\u00e0n m\u00e0u cao (CRI &gt; 90) gi\u00fap v\u1eadt th\u1ec3 d\u01b0\u1edbi \u00e1nh \u0111\u00e8n gi\u1eef \u0111\u01b0\u1ee3c m\u00e0u s\u1eafc t\u1ef1 nhi\u00ean, ch\u00e2n th\u1ef1c.<\/span><\/li>\n<li data-hveid=\"CAEIBhAC\" data-complete=\"true\" data-sae=\"\"><span style=\"font-size: 12pt; color: #000000;\">Thi\u1ebft k\u1ebf ch\u1ed1ng ch\u00f3i:\u00a0Thi\u1ebft k\u1ebf \u0111\u00e8n gi\u00fap gi\u1ea3m thi\u1ec3u t\u00ecnh tr\u1ea1ng ch\u00f3i m\u1eaft, t\u1ea1o c\u1ea3m gi\u00e1c tho\u1ea3i m\u00e1i cho ng\u01b0\u1eddi nh\u00ecn.<\/span><\/li>\n<li data-hveid=\"CAEIBhAD\" data-complete=\"true\" data-sae=\"\"><span style=\"font-size: 12pt; color: #000000;\">Ti\u1ebft ki\u1ec7m \u0111i\u1ec7n:\u00a0L\u00e0 \u0111\u00e8n LED n\u00ean s\u1ea3n ph\u1ea9m gi\u00fap ti\u1ebft ki\u1ec7m \u0111i\u1ec7n n\u0103ng \u0111\u00e1ng k\u1ec3 so v\u1edbi c\u00e1c lo\u1ea1i \u0111\u00e8n truy\u1ec1n th\u1ed1ng.<\/span><\/li>\n<\/ul>\n<p class=\"Y3BBE\" data-hveid=\"CAEICBAA\" data-complete=\"true\" data-processed=\"true\"><span style=\"font-size: 12pt; color: #000000;\"><strong>LI\u00caN H\u1ec6 : Hotline: 0935 228 204 ( Ms Lam )<\/strong><\/span><\/p>\n<p><span style=\"font-size: 12pt; color: #000000;\"><strong>Facebook:\u00a0<span style=\"color: #ff6600;\"><a style=\"color: #ff6600;\" href=\"https:\/\/www.facebook.com\/thietbidienlama\" target=\"_blank\" rel=\"noopener\">THI\u1ebeT\u00a0B\u1eca \u0110I\u1ec6N LAMA<\/a><\/span><\/strong><\/span><\/p>\n<p><span style=\"font-size: 12pt; color: #000000;\"><strong>Tiktok:\u00a0<span style=\"color: #ff6600;\"><a style=\"color: #ff6600;\" href=\"https:\/\/www.tiktok.com\/@thietbidienlama\" target=\"_blank\" rel=\"noopener\">THI\u1ebeT\u00a0B\u1eca \u0110I\u1ec6N LAMA<\/a><\/span><\/strong><\/span><\/p>\n<p><span style=\"font-size: 12pt; color: #000000;\"><strong>Youtube: <span style=\"color: #ff6600;\"><a style=\"color: #ff6600;\" href=\"https:\/\/www.youtube.com\/@thietbidienlama\" target=\"_blank\" rel=\"noopener\">THI\u1ebeT\u00a0B\u1eca \u0110I\u1ec6N LAMA<\/a><\/span><\/strong><\/span><\/p>","protected":false},"excerpt":{"rendered":"<p>\u0110\u00e8n Spotlight 12W \u00c2m Tr\u1ea7n LA-498 Euroto \u0110\u00e8n Spotlight 12W \u00c2m Tr\u1ea7n LA-498 Euroto l\u00e0 m\u1ed9t gi\u1ea3i ph\u00e1p chi\u1ebfu s\u00e1ng<\/p>","protected":false},"featured_media":13829,"comment_status":"closed","ping_status":"closed","template":"","meta":[],"product_brand":[],"product_cat":[862,1022],"product_tag":[1024],"class_list":{"0":"post-13828","1":"product","2":"type-product","3":"status-publish","4":"has-post-thumbnail","6":"product_cat-den-spotlight","7":"product_cat-den-spotlight-euroto","8":"product_tag-den-spotlight-12w","10":"first","11":"instock","12":"sale","13":"shipping-taxable","14":"purchasable","15":"product-type-simple"},"_links":{"self":[{"href":"https:\/\/www.thietbidienlama.com\/en\/wp-json\/wp\/v2\/product\/13828","targetHints":{"allow":["GET"]}}],"collection":[{"href":"https:\/\/www.thietbidienlama.com\/en\/wp-json\/wp\/v2\/product"}],"about":[{"href":"https:\/\/www.thietbidienlama.com\/en\/wp-json\/wp\/v2\/types\/product"}],"replies":[{"embeddable":true,"href":"https:\/\/www.thietbidienlama.com\/en\/wp-json\/wp\/v2\/comments?post=13828"}],"version-history":[{"count":2,"href":"https:\/\/www.thietbidienlama.com\/en\/wp-json\/wp\/v2\/product\/13828\/revisions"}],"predecessor-version":[{"id":13831,"href":"https:\/\/www.thietbidienlama.com\/en\/wp-json\/wp\/v2\/product\/13828\/revisions\/13831"}],"wp:featuredmedia":[{"embeddable":true,"href":"https:\/\/www.thietbidienlama.com\/en\/wp-json\/wp\/v2\/media\/13829"}],"wp:attachment":[{"href":"https:\/\/www.thietbidienlama.com\/en\/wp-json\/wp\/v2\/media?parent=13828"}],"wp:term":[{"taxonomy":"product_brand","embeddable":true,"href":"https:\/\/www.thietbidienlama.com\/en\/wp-json\/wp\/v2\/product_brand?post=13828"},{"taxonomy":"product_cat","embeddable":true,"href":"https:\/\/www.thietbidienlama.com\/en\/wp-json\/wp\/v2\/product_cat?post=13828"},{"taxonomy":"product_tag","embeddable":true,"href":"https:\/\/www.thietbidienlama.com\/en\/wp-json\/wp\/v2\/product_tag?post=13828"}],"curies":[{"name":"wp","href":"https:\/\/api.w.org\/{rel}","templated":true}]}}