{"id":13824,"date":"2025-12-05T11:44:16","date_gmt":"2025-12-05T04:44:16","guid":{"rendered":"https:\/\/thietbidienlama.com\/?post_type=product&#038;p=13824"},"modified":"2025-12-05T11:44:16","modified_gmt":"2025-12-05T04:44:16","slug":"den-spotlight-7w-am-tran-la-497-euroto","status":"publish","type":"product","link":"https:\/\/www.thietbidienlama.com\/en\/den-spotlight-7w-am-tran-la-497-euroto\/","title":{"rendered":"\u0110\u00e8n Spotlight 7W \u00c2m Tr\u1ea7n LA-497 Euroto"},"content":{"rendered":"<h2 style=\"text-align: center;\" data-hveid=\"CAIQAA\" data-processed=\"true\" data-complete=\"true\"><span style=\"color: #000000;\">\u0110\u00e8n Spotlight 7W \u00c2m Tr\u1ea7n LA-497 Euroto<\/span><\/h2>\n<p data-hveid=\"CAIQAA\" data-processed=\"true\" data-complete=\"true\"><span style=\"font-size: 12pt; color: #000000;\"><strong><span style=\"color: #ff6600;\"><a style=\"color: #ff6600;\" href=\"https:\/\/thietbidienlama.com\/den-spotlight-7w-am-tran-la-497-euroto\/\">\u0110\u00e8n Spotlight 7W<\/a><\/span><\/strong> \u00c2m Tr\u1ea7n LA-497 Euroto l\u00e0 d\u00f2ng \u0111\u00e8n LED chi\u1ebfu \u0111i\u1ec3m \u0111\u01b0\u1ee3c s\u1eed d\u1ee5ng r\u1ed9ng r\u00e3i cho c\u00e1c kh\u00f4ng gian n\u1ed9i th\u1ea5t nh\u01b0 nh\u00e0 \u1edf, c\u1eeda h\u00e0ng, trung t\u00e2m th\u01b0\u01a1ng m\u1ea1i, nh\u00e0 h\u00e0ng v\u00e0 kh\u00e1ch s\u1ea1n, nh\u1eb1m t\u1ea1o \u0111i\u1ec3m nh\u1ea5n \u00e1nh s\u00e1ng tinh t\u1ebf.<\/span><\/p>\n<p data-complete=\"true\" data-processed=\"true\"><img fetchpriority=\"high\" decoding=\"async\" class=\"alignnone size-medium wp-image-13825 aligncenter\" src=\"http:\/\/thietbidienlama.com\/wp-content\/uploads\/2025\/12\/Den-Spotlight-7W-Am-Tran-LA-497-Euroto-300x300.jpg\" alt=\"\" width=\"300\" height=\"300\" srcset=\"https:\/\/www.thietbidienlama.com\/wp-content\/uploads\/2025\/12\/Den-Spotlight-7W-Am-Tran-LA-497-Euroto-300x300.jpg 300w, https:\/\/www.thietbidienlama.com\/wp-content\/uploads\/2025\/12\/Den-Spotlight-7W-Am-Tran-LA-497-Euroto-150x150.jpg 150w, https:\/\/www.thietbidienlama.com\/wp-content\/uploads\/2025\/12\/Den-Spotlight-7W-Am-Tran-LA-497-Euroto-12x12.jpg 12w, https:\/\/www.thietbidienlama.com\/wp-content\/uploads\/2025\/12\/Den-Spotlight-7W-Am-Tran-LA-497-Euroto.jpg 500w\" sizes=\"(max-width: 300px) 100vw, 300px\" \/><\/p>\n<h3 role=\"heading\" aria-level=\"3\" data-processed=\"true\" data-complete=\"true\"><span style=\"font-size: 14pt; color: #000000;\">Th\u00f4ng s\u1ed1 k\u1ef9 thu\u1eadt ch\u00ednh<\/span><\/h3>\n<ul data-processed=\"true\" data-complete=\"true\">\n<li data-hveid=\"CAQQAA\" data-complete=\"true\" data-sae=\"\"><span style=\"font-size: 12pt; color: #000000;\">M\u00e3 s\u1ea3n ph\u1ea9m:\u00a0LA-497<\/span><\/li>\n<li data-hveid=\"CAQQAQ\" data-complete=\"true\" data-sae=\"\"><span style=\"font-size: 12pt; color: #000000;\">C\u00f4ng su\u1ea5t:\u00a07W<\/span><\/li>\n<li data-hveid=\"CAQQAg\" data-complete=\"true\" data-sae=\"\"><span style=\"font-size: 12pt; color: #000000;\">\u0110i\u1ec7n \u00e1p:\u00a0220V (ho\u1ea1t \u0111\u1ed9ng trong d\u1ea3i 85 -&gt; 265V)<\/span><\/li>\n<li data-hveid=\"CAQQAw\" data-complete=\"true\" data-sae=\"\"><span style=\"font-size: 12pt; color: #000000;\">Quang th\u00f4ng:\u00a0840 lumen<\/span><\/li>\n<li data-hveid=\"CAQQBA\" data-complete=\"true\" data-sae=\"\"><span style=\"font-size: 12pt; color: #000000;\">Ch\u1ec9 s\u1ed1 ho\u00e0n m\u00e0u (CRI):\u00a0Ra &gt; 90, cho \u00e1nh s\u00e1ng trung th\u1ef1c, \u0111\u1eb9p m\u1eaft<\/span><\/li>\n<li data-hveid=\"CAQQBQ\" data-complete=\"true\" data-sae=\"\"><span style=\"font-size: 12pt; color: #000000;\">Nhi\u1ec7t \u0111\u1ed9 m\u00e0u:\u00a0C\u00f3 s\u1eb5n c\u00e1c l\u1ef1a ch\u1ecdn \u00e1nh s\u00e1ng Tr\u1eafng (6500K), Trung t\u00ednh (4000K), v\u00e0 V\u00e0ng (3000K)<\/span><\/li>\n<li data-hveid=\"CAQQBg\" data-sae=\"\" data-complete=\"true\"><span style=\"font-size: 12pt; color: #000000;\">G\u00f3c chi\u1ebfu:\u00a024\u2070, t\u1eadp trung \u00e1nh s\u00e1ng v\u00e0o m\u1ed9t \u0111i\u1ec3m c\u1ee5 th\u1ec3<\/span><\/li>\n<li data-hveid=\"CAQQBw\" data-complete=\"true\" data-processed=\"true\" data-sae=\"\"><span style=\"font-size: 12pt; color: #000000;\">K\u00edch th\u01b0\u1edbc ph\u1ee7 b\u00ec:\u00a0\u00d868 x H90 mm<\/span><\/li>\n<li data-hveid=\"CAQQCA\" data-complete=\"true\" data-processed=\"true\" data-sae=\"\"><span style=\"font-size: 12pt; color: #000000;\">K\u00edch th\u01b0\u1edbc l\u1ed7 kho\u00e9t:\u00a0\u00d855 mm<\/span><\/li>\n<li data-hveid=\"CAQQCQ\" data-complete=\"true\" data-processed=\"true\" data-sae=\"\"><span style=\"font-size: 12pt; color: #000000;\">Chip LED:\u00a0S\u1eed d\u1ee5ng c\u00f4ng ngh\u1ec7 COB (Chip on Board), c\u00f3 ngu\u1ed3n g\u1ed1c t\u1eeb Bridgelux (USA) ho\u1eb7c Epistar\/Sanan<\/span><\/li>\n<li data-hveid=\"CAQQCg\" data-complete=\"true\" data-processed=\"true\" data-sae=\"\"><span style=\"font-size: 12pt; color: #000000;\">Ch\u1ea5t li\u1ec7u:\u00a0Th\u00e2n \u0111\u00e8n l\u00e0m b\u1eb1ng Nh\u00f4m (Aluminum) k\u1ebft h\u1ee3p nh\u1ef1a ABS<\/span><\/li>\n<li data-hveid=\"CAQQCw\" data-complete=\"true\" data-processed=\"true\" data-sae=\"\"><span style=\"font-size: 12pt; color: #000000;\">Tu\u1ed5i th\u1ecd:\u00a0Kho\u1ea3ng 40.000 gi\u1edd<\/span><\/li>\n<li data-hveid=\"CAQQDA\" data-complete=\"true\" data-processed=\"true\" data-sae=\"\"><span style=\"font-size: 12pt; color: #000000;\">B\u1ea3o h\u00e0nh: Th\u00f4ng th\u01b0\u1eddng 12 th\u00e1ng ho\u1eb7c 24 th\u00e1ng t\u00f9y nh\u00e0 ph\u00e2n ph\u1ed1i<\/span><\/li>\n<\/ul>\n<p data-complete=\"true\" data-processed=\"true\">\n<h3 role=\"heading\" aria-level=\"3\" data-processed=\"true\" data-complete=\"true\"><span style=\"font-size: 14pt; color: #000000;\">\u01afu \u0111i\u1ec3m n\u1ed5i b\u1eadt<\/span><\/h3>\n<ul data-processed=\"true\" data-complete=\"true\">\n<li data-hveid=\"CAYQAA\" data-complete=\"true\" data-sae=\"\"><span style=\"font-size: 12pt; color: #000000;\">Ch\u1ea5t l\u01b0\u1ee3ng \u00e1nh s\u00e1ng cao:\u00a0V\u1edbi CRI &gt; 90, \u0111\u00e8n t\u00e1i t\u1ea1o m\u00e0u s\u1eafc v\u1eadt th\u1ec3 \u0111\u01b0\u1ee3c chi\u1ebfu s\u00e1ng m\u1ed9t c\u00e1ch s\u1ed1ng \u0111\u1ed9ng v\u00e0 ch\u00e2n th\u1ef1c.<\/span><\/li>\n<li data-hveid=\"CAYQAQ\" data-complete=\"true\" data-sae=\"\"><span style=\"font-size: 12pt; color: #000000;\">Ti\u1ebft ki\u1ec7m n\u0103ng l\u01b0\u1ee3ng:\u00a0S\u1eed d\u1ee5ng c\u00f4ng ngh\u1ec7 LED hi\u1ec7u su\u1ea5t cao, gi\u00fap gi\u1ea3m chi ph\u00ed \u0111i\u1ec7n n\u0103ng.<\/span><\/li>\n<li data-hveid=\"CAYQAg\" data-complete=\"true\" data-sae=\"\"><span style=\"font-size: 12pt; color: #000000;\">T\u00ednh th\u1ea9m m\u1ef9:\u00a0Thi\u1ebft k\u1ebf nh\u1ecf g\u1ecdn, hi\u1ec7n \u0111\u1ea1i, l\u1eafp \u0111\u1eb7t \u00e2m tr\u1ea7n mang l\u1ea1i v\u1ebb \u0111\u1eb9p tinh t\u1ebf, kh\u00f4ng g\u00e2y ch\u00f3i m\u1eaft.<\/span><\/li>\n<li data-hveid=\"CAYQAw\" data-complete=\"true\" data-sae=\"\"><span style=\"font-size: 12pt; color: #000000;\">\u1ee8ng d\u1ee5ng linh ho\u1ea1t:\u00a0Ph\u00f9 h\u1ee3p cho nhi\u1ec1u m\u1ee5c \u0111\u00edch chi\u1ebfu s\u00e1ng \u0111i\u1ec3m, t\u1ea1o \u0111i\u1ec3m nh\u1ea5n cho c\u00e1c khu v\u1ef1c tr\u01b0ng b\u00e0y s\u1ea3n ph\u1ea9m ho\u1eb7c kh\u00f4ng gian s\u1ed1ng.<\/span><\/li>\n<\/ul>\n<p class=\"Y3BBE\" data-hveid=\"CAEICBAA\" data-complete=\"true\" data-processed=\"true\"><span style=\"font-size: 12pt; color: #000000;\"><strong>LI\u00caN H\u1ec6 : Hotline: 0935 228 204 ( Ms Lam )<\/strong><\/span><\/p>\n<p><span style=\"font-size: 12pt; color: #000000;\"><strong>Facebook:\u00a0<span style=\"color: #ff6600;\"><a style=\"color: #ff6600;\" href=\"https:\/\/www.facebook.com\/thietbidienlama\" target=\"_blank\" rel=\"noopener\">THI\u1ebeT\u00a0B\u1eca \u0110I\u1ec6N LAMA<\/a><\/span><\/strong><\/span><\/p>\n<p><span style=\"font-size: 12pt; color: #000000;\"><strong>Tiktok:\u00a0<span style=\"color: #ff6600;\"><a style=\"color: #ff6600;\" href=\"https:\/\/www.tiktok.com\/@thietbidienlama\" target=\"_blank\" rel=\"noopener\">THI\u1ebeT\u00a0B\u1eca \u0110I\u1ec6N LAMA<\/a><\/span><\/strong><\/span><\/p>\n<p><span style=\"font-size: 12pt; color: #000000;\"><strong>Youtube: <span style=\"color: #ff6600;\"><a style=\"color: #ff6600;\" href=\"https:\/\/www.youtube.com\/@thietbidienlama\" target=\"_blank\" rel=\"noopener\">THI\u1ebeT\u00a0B\u1eca \u0110I\u1ec6N LAMA<\/a><\/span><\/strong><\/span><\/p>","protected":false},"excerpt":{"rendered":"<p>\u0110\u00e8n Spotlight 7W \u00c2m Tr\u1ea7n LA-497 Euroto \u0110\u00e8n Spotlight 7W \u00c2m Tr\u1ea7n LA-497 Euroto l\u00e0 d\u00f2ng \u0111\u00e8n LED chi\u1ebfu \u0111i\u1ec3m<\/p>","protected":false},"featured_media":13825,"comment_status":"closed","ping_status":"closed","template":"","meta":[],"product_brand":[],"product_cat":[862,1022],"product_tag":[1025],"class_list":{"0":"post-13824","1":"product","2":"type-product","3":"status-publish","4":"has-post-thumbnail","6":"product_cat-den-spotlight","7":"product_cat-den-spotlight-euroto","8":"product_tag-den-spotlight-7w","10":"first","11":"instock","12":"sale","13":"shipping-taxable","14":"purchasable","15":"product-type-simple"},"_links":{"self":[{"href":"https:\/\/www.thietbidienlama.com\/en\/wp-json\/wp\/v2\/product\/13824","targetHints":{"allow":["GET"]}}],"collection":[{"href":"https:\/\/www.thietbidienlama.com\/en\/wp-json\/wp\/v2\/product"}],"about":[{"href":"https:\/\/www.thietbidienlama.com\/en\/wp-json\/wp\/v2\/types\/product"}],"replies":[{"embeddable":true,"href":"https:\/\/www.thietbidienlama.com\/en\/wp-json\/wp\/v2\/comments?post=13824"}],"version-history":[{"count":2,"href":"https:\/\/www.thietbidienlama.com\/en\/wp-json\/wp\/v2\/product\/13824\/revisions"}],"predecessor-version":[{"id":13827,"href":"https:\/\/www.thietbidienlama.com\/en\/wp-json\/wp\/v2\/product\/13824\/revisions\/13827"}],"wp:featuredmedia":[{"embeddable":true,"href":"https:\/\/www.thietbidienlama.com\/en\/wp-json\/wp\/v2\/media\/13825"}],"wp:attachment":[{"href":"https:\/\/www.thietbidienlama.com\/en\/wp-json\/wp\/v2\/media?parent=13824"}],"wp:term":[{"taxonomy":"product_brand","embeddable":true,"href":"https:\/\/www.thietbidienlama.com\/en\/wp-json\/wp\/v2\/product_brand?post=13824"},{"taxonomy":"product_cat","embeddable":true,"href":"https:\/\/www.thietbidienlama.com\/en\/wp-json\/wp\/v2\/product_cat?post=13824"},{"taxonomy":"product_tag","embeddable":true,"href":"https:\/\/www.thietbidienlama.com\/en\/wp-json\/wp\/v2\/product_tag?post=13824"}],"curies":[{"name":"wp","href":"https:\/\/api.w.org\/{rel}","templated":true}]}}