{"id":13820,"date":"2025-12-04T16:23:05","date_gmt":"2025-12-04T09:23:05","guid":{"rendered":"https:\/\/thietbidienlama.com\/?post_type=product&#038;p=13820"},"modified":"2025-12-04T16:24:24","modified_gmt":"2025-12-04T09:24:24","slug":"den-spotlight-12w-am-tran-la-492-euroto","status":"publish","type":"product","link":"https:\/\/www.thietbidienlama.com\/en\/den-spotlight-12w-am-tran-la-492-euroto\/","title":{"rendered":"\u0110\u00e8n Spotlight 12W \u00c2m Tr\u1ea7n LA-492 Euroto"},"content":{"rendered":"<h2 style=\"text-align: center;\"><span style=\"color: #000000;\">\u0110\u00e8n Spotlight \u00c2m Tr\u1ea7n 12W LA-492 Euroto<\/span><\/h2>\n<p data-hveid=\"CAEIAhAA\" data-processed=\"true\" data-complete=\"true\"><span style=\"font-size: 12pt; color: #000000;\"><strong><span style=\"color: #ff6600;\"><a style=\"color: #ff6600;\" href=\"https:\/\/thietbidienlama.com\/den-spotlight-12w-am-tran-la-492-euroto\/\">\u0110\u00e8n Spotlight 12W<\/a><\/span><\/strong> \u00c2m Tr\u1ea7n LA-492 c\u1ee7a Euroto l\u00e0 m\u1ed9t s\u1ea3n ph\u1ea9m chi\u1ebfu \u0111i\u1ec3m c\u00f4ng su\u1ea5t l\u1edbn h\u01a1n so v\u1edbi m\u00e3 LA-491, th\u01b0\u1eddng \u0111\u01b0\u1ee3c s\u1eed d\u1ee5ng cho c\u00e1c kh\u00f4ng gian c\u1ea7n \u0111\u1ed9 s\u00e1ng m\u1ea1nh h\u01a1n ho\u1eb7c chi\u1ec1u cao tr\u1ea7n l\u1edbn h\u01a1n nh\u01b0 showroom, c\u1eeda h\u00e0ng, kh\u00e1ch s\u1ea1n v\u00e0 nh\u00e0 \u1edf.<\/span><\/p>\n<p data-complete=\"true\" data-processed=\"true\"><img fetchpriority=\"high\" decoding=\"async\" class=\"alignnone size-medium wp-image-13822 aligncenter\" src=\"http:\/\/thietbidienlama.com\/wp-content\/uploads\/2025\/12\/Den-Spotlight-Am-Tran-12W-LA-492-Euroto-300x300.jpg\" alt=\"\" width=\"300\" height=\"300\" srcset=\"https:\/\/www.thietbidienlama.com\/wp-content\/uploads\/2025\/12\/Den-Spotlight-Am-Tran-12W-LA-492-Euroto-300x300.jpg 300w, https:\/\/www.thietbidienlama.com\/wp-content\/uploads\/2025\/12\/Den-Spotlight-Am-Tran-12W-LA-492-Euroto-150x150.jpg 150w, https:\/\/www.thietbidienlama.com\/wp-content\/uploads\/2025\/12\/Den-Spotlight-Am-Tran-12W-LA-492-Euroto-12x12.jpg 12w, https:\/\/www.thietbidienlama.com\/wp-content\/uploads\/2025\/12\/Den-Spotlight-Am-Tran-12W-LA-492-Euroto.jpg 500w\" sizes=\"(max-width: 300px) 100vw, 300px\" \/><\/p>\n<h3 role=\"heading\" aria-level=\"3\" data-processed=\"true\" data-complete=\"true\"><span style=\"font-size: 14pt; color: #000000;\">Th\u00f4ng s\u1ed1 k\u1ef9 thu\u1eadt ch\u00ednh<\/span><\/h3>\n<ul data-processed=\"true\" data-complete=\"true\">\n<li data-hveid=\"CAEIBRAA\" data-complete=\"true\" data-sae=\"\"><span style=\"font-size: 12pt; color: #000000;\">M\u00e3 s\u1ea3n ph\u1ea9m:\u00a0LA-492<\/span><\/li>\n<li data-hveid=\"CAEIBRAB\" data-complete=\"true\" data-sae=\"\"><span style=\"font-size: 12pt; color: #000000;\">C\u00f4ng su\u1ea5t:\u00a012W<\/span><\/li>\n<li data-hveid=\"CAEIBRAC\" data-complete=\"true\" data-sae=\"\"><span style=\"font-size: 12pt; color: #000000;\">Chip LED:\u00a0S\u1eed d\u1ee5ng chip LED COB t\u1eeb th\u01b0\u01a1ng hi\u1ec7u n\u1ed5i ti\u1ebfng Bridgelux (USA), \u0111\u1ea3m b\u1ea3o ch\u1ea5t l\u01b0\u1ee3ng v\u00e0 hi\u1ec7u su\u1ea5t chi\u1ebfu s\u00e1ng cao.<\/span><\/li>\n<li data-hveid=\"CAEIBRAD\" data-complete=\"true\" data-sae=\"\"><span style=\"font-size: 12pt; color: #000000;\">Quang th\u00f4ng:\u00a0Kho\u1ea3ng 1.440 lumen (hi\u1ec7u su\u1ea5t 120 lm\/W).<\/span><\/li>\n<li data-hveid=\"CAEIBRAE\" data-complete=\"true\" data-sae=\"\"><span style=\"font-size: 12pt; color: #000000;\">Ch\u1ec9 s\u1ed1 ho\u00e0n m\u00e0u (CRI):\u00a0Ra &gt; 90, mang l\u1ea1i \u00e1nh s\u00e1ng ch\u00e2n th\u1ef1c, gi\u00fap v\u1eadt th\u1ec3 \u0111\u01b0\u1ee3c chi\u1ebfu s\u00e1ng c\u00f3 m\u00e0u s\u1eafc s\u1ed1ng \u0111\u1ed9ng v\u00e0 t\u1ef1 nhi\u00ean.<\/span><\/li>\n<li data-hveid=\"CAEIBRAF\" data-complete=\"true\" data-sae=\"\"><span style=\"font-size: 12pt; color: #000000;\">Nhi\u1ec7t \u0111\u1ed9 m\u00e0u: C\u00f3 s\u1eb5n c\u00e1c t\u00f9y ch\u1ecdn \u00e1nh s\u00e1ng v\u00e0ng (3000K), v\u00e0 \u00e1nh s\u00e1ng tr\u1eafng (6000K\/6500K).<\/span><\/li>\n<li data-hveid=\"CAEIBRAG\" data-complete=\"true\" data-sae=\"\"><span style=\"font-size: 12pt; color: #000000;\">G\u00f3c chi\u1ebfu:\u00a024\u00b0, t\u1ea1o hi\u1ec7u \u1ee9ng chi\u1ebfu \u0111i\u1ec3m t\u1eadp trung, l\u00fd t\u01b0\u1edfng \u0111\u1ec3 l\u00e0m n\u1ed5i b\u1eadt c\u00e1c khu v\u1ef1c ho\u1eb7c v\u1eadt ph\u1ea9m c\u1ee5 th\u1ec3.<\/span><\/li>\n<li data-hveid=\"CAEIBRAH\" data-complete=\"true\" data-sae=\"\"><span style=\"font-size: 12pt; color: #000000;\">K\u00edch th\u01b0\u1edbc b\u1ec1 m\u1eb7t (ph\u1ee7 b\u00ec):\u00a0\u00d890 x H100 mm.<\/span><\/li>\n<li data-hveid=\"CAEIBRAI\" data-complete=\"true\" data-sae=\"\"><span style=\"font-size: 12pt; color: #000000;\">K\u00edch th\u01b0\u1edbc kho\u00e9t l\u1ed7:\u00a0\u00d875 mm (\u0111\u01b0\u1eddng k\u00ednh l\u1ed7 kho\u00e9t tr\u1ea7n).<\/span><\/li>\n<li data-hveid=\"CAEIBRAJ\" data-complete=\"true\" data-sae=\"\"><span style=\"font-size: 12pt; color: #000000;\">Tu\u1ed5i th\u1ecd:\u00a0Kho\u1ea3ng 40.000 gi\u1edd.<\/span><\/li>\n<li data-hveid=\"CAEIBRAK\" data-complete=\"true\" data-sae=\"\"><span style=\"font-size: 12pt; color: #000000;\">\u0110i\u1ec7n \u00e1p:\u00a0220V AC.<\/span><\/li>\n<li data-hveid=\"CAEIBRAL\" data-complete=\"true\" data-sae=\"\"><span style=\"font-size: 12pt; color: #000000;\">Ch\u1ea5t li\u1ec7u:\u00a0Th\u00e2n \u0111\u00e8n l\u00e0m t\u1eeb nh\u00f4m (aluminum) k\u1ebft h\u1ee3p nh\u1ef1a ABS, t\u1ea3n nhi\u1ec7t t\u1ed1t, b\u1ec1n b\u1ec9.<\/span><\/li>\n<li data-hveid=\"CAEIBRAM\" data-sae=\"\" data-complete=\"true\"><span style=\"font-size: 12pt; color: #000000;\">C\u1ea5p b\u1ea3o v\u1ec7: IP 20, ch\u1ec9 ph\u00f9 h\u1ee3p l\u1eafp \u0111\u1eb7t trong m\u00f4i tr\u01b0\u1eddng n\u1ed9i th\u1ea5t, kh\u00f4 r\u00e1o.<\/span><\/li>\n<\/ul>\n<p data-complete=\"true\" data-processed=\"true\"><img decoding=\"async\" class=\"alignnone size-medium wp-image-13821 aligncenter\" src=\"http:\/\/thietbidienlama.com\/wp-content\/uploads\/2025\/12\/Den-Spotlight-Am-Tran-12W-LA-492-Euroto-2-300x300.jpg\" alt=\"\" width=\"300\" height=\"300\" srcset=\"https:\/\/www.thietbidienlama.com\/wp-content\/uploads\/2025\/12\/Den-Spotlight-Am-Tran-12W-LA-492-Euroto-2-300x300.jpg 300w, https:\/\/www.thietbidienlama.com\/wp-content\/uploads\/2025\/12\/Den-Spotlight-Am-Tran-12W-LA-492-Euroto-2-150x150.jpg 150w, https:\/\/www.thietbidienlama.com\/wp-content\/uploads\/2025\/12\/Den-Spotlight-Am-Tran-12W-LA-492-Euroto-2-12x12.jpg 12w, https:\/\/www.thietbidienlama.com\/wp-content\/uploads\/2025\/12\/Den-Spotlight-Am-Tran-12W-LA-492-Euroto-2.jpg 350w\" sizes=\"(max-width: 300px) 100vw, 300px\" \/><\/p>\n<h3 role=\"heading\" aria-level=\"3\" data-processed=\"true\" data-complete=\"true\"><span style=\"font-size: 14pt; color: #000000;\">T\u00ednh n\u0103ng v\u00e0 \u1ee9ng d\u1ee5ng<\/span><\/h3>\n<ul data-processed=\"true\" data-complete=\"true\">\n<li data-hveid=\"CAEIBxAA\" data-complete=\"true\" data-sae=\"\"><span style=\"font-size: 12pt; color: #000000;\">Ti\u1ebft ki\u1ec7m \u0111i\u1ec7n:\u00a0C\u00f4ng ngh\u1ec7 LED COB gi\u00fap ti\u1ebft ki\u1ec7m \u0111i\u1ec7n n\u0103ng \u0111\u00e1ng k\u1ec3 so v\u1edbi \u0111\u00e8n truy\u1ec1n th\u1ed1ng.<\/span><\/li>\n<li data-hveid=\"CAEIBxAB\" data-complete=\"true\" data-sae=\"\"><span style=\"font-size: 12pt; color: #000000;\">Ch\u1ed1ng ch\u00f3i:\u00a0Thi\u1ebft k\u1ebf quang h\u1ecdc hi\u1ec7n \u0111\u1ea1i gi\u1ea3m thi\u1ec3u t\u00ecnh tr\u1ea1ng ch\u00f3i m\u1eaft, t\u1ea1o c\u1ea3m gi\u00e1c d\u1ec5 ch\u1ecbu khi nh\u00ecn v\u00e0o kh\u00f4ng gian.<\/span><\/li>\n<li data-hveid=\"CAEIBxAC\" data-complete=\"true\" data-sae=\"\"><span style=\"font-size: 12pt; color: #000000;\">T\u00ednh th\u1ea9m m\u1ef9 cao:\u00a0L\u1eafp \u0111\u1eb7t \u00e2m tr\u1ea7n mang l\u1ea1i v\u1ebb \u0111\u1eb9p tinh t\u1ebf, hi\u1ec7n \u0111\u1ea1i cho kh\u00f4ng gian.<\/span><\/li>\n<li data-hveid=\"CAEIBxAD\" data-complete=\"true\" data-sae=\"\"><span style=\"font-size: 12pt; color: #000000;\">\u1ee8ng d\u1ee5ng:\u00a0Th\u01b0\u1eddng d\u00f9ng cho ph\u00f2ng kh\u00e1ch, ph\u00f2ng tr\u01b0ng b\u00e0y s\u1ea3n ph\u1ea9m, h\u00e0nh lang, nh\u00e0 h\u00e0ng, kh\u00e1ch s\u1ea1n \u0111\u1ec3 t\u1ea1o \u0111i\u1ec3m nh\u1ea5n \u00e1nh s\u00e1ng.<\/span><\/li>\n<\/ul>\n<p class=\"Y3BBE\" data-hveid=\"CAEICBAA\" data-complete=\"true\" data-processed=\"true\"><span style=\"font-size: 12pt; color: #000000;\"><strong>LI\u00caN H\u1ec6 : Hotline: 0935 228 204 ( Ms Lam )<\/strong><\/span><\/p>\n<p><span style=\"font-size: 12pt; color: #000000;\"><strong>Facebook:\u00a0<span style=\"color: #ff6600;\"><a style=\"color: #ff6600;\" href=\"https:\/\/www.facebook.com\/thietbidienlama\" target=\"_blank\" rel=\"noopener\">THI\u1ebeT\u00a0B\u1eca \u0110I\u1ec6N LAMA<\/a><\/span><\/strong><\/span><\/p>\n<p><span style=\"font-size: 12pt; color: #000000;\"><strong>Tiktok:\u00a0<span style=\"color: #ff6600;\"><a style=\"color: #ff6600;\" href=\"https:\/\/www.tiktok.com\/@thietbidienlama\" target=\"_blank\" rel=\"noopener\">THI\u1ebeT\u00a0B\u1eca \u0110I\u1ec6N LAMA<\/a><\/span><\/strong><\/span><\/p>\n<p><span style=\"font-size: 12pt; color: #000000;\"><strong>Youtube: <span style=\"color: #ff6600;\"><a style=\"color: #ff6600;\" href=\"https:\/\/www.youtube.com\/@thietbidienlama\" target=\"_blank\" rel=\"noopener\">THI\u1ebeT\u00a0B\u1eca \u0110I\u1ec6N LAMA<\/a><\/span><\/strong><\/span><\/p>","protected":false},"excerpt":{"rendered":"<p>\u0110\u00e8n Spotlight \u00c2m Tr\u1ea7n 12W LA-492 Euroto \u0110\u00e8n Spotlight 12W \u00c2m Tr\u1ea7n LA-492 c\u1ee7a Euroto l\u00e0 m\u1ed9t s\u1ea3n ph\u1ea9m chi\u1ebfu<\/p>","protected":false},"featured_media":13821,"comment_status":"closed","ping_status":"closed","template":"","meta":[],"product_brand":[],"product_cat":[862,1022],"product_tag":[1024],"class_list":{"0":"post-13820","1":"product","2":"type-product","3":"status-publish","4":"has-post-thumbnail","6":"product_cat-den-spotlight","7":"product_cat-den-spotlight-euroto","8":"product_tag-den-spotlight-12w","10":"first","11":"instock","12":"sale","13":"shipping-taxable","14":"purchasable","15":"product-type-simple"},"_links":{"self":[{"href":"https:\/\/www.thietbidienlama.com\/en\/wp-json\/wp\/v2\/product\/13820","targetHints":{"allow":["GET"]}}],"collection":[{"href":"https:\/\/www.thietbidienlama.com\/en\/wp-json\/wp\/v2\/product"}],"about":[{"href":"https:\/\/www.thietbidienlama.com\/en\/wp-json\/wp\/v2\/types\/product"}],"replies":[{"embeddable":true,"href":"https:\/\/www.thietbidienlama.com\/en\/wp-json\/wp\/v2\/comments?post=13820"}],"version-history":[{"count":1,"href":"https:\/\/www.thietbidienlama.com\/en\/wp-json\/wp\/v2\/product\/13820\/revisions"}],"predecessor-version":[{"id":13823,"href":"https:\/\/www.thietbidienlama.com\/en\/wp-json\/wp\/v2\/product\/13820\/revisions\/13823"}],"wp:featuredmedia":[{"embeddable":true,"href":"https:\/\/www.thietbidienlama.com\/en\/wp-json\/wp\/v2\/media\/13821"}],"wp:attachment":[{"href":"https:\/\/www.thietbidienlama.com\/en\/wp-json\/wp\/v2\/media?parent=13820"}],"wp:term":[{"taxonomy":"product_brand","embeddable":true,"href":"https:\/\/www.thietbidienlama.com\/en\/wp-json\/wp\/v2\/product_brand?post=13820"},{"taxonomy":"product_cat","embeddable":true,"href":"https:\/\/www.thietbidienlama.com\/en\/wp-json\/wp\/v2\/product_cat?post=13820"},{"taxonomy":"product_tag","embeddable":true,"href":"https:\/\/www.thietbidienlama.com\/en\/wp-json\/wp\/v2\/product_tag?post=13820"}],"curies":[{"name":"wp","href":"https:\/\/api.w.org\/{rel}","templated":true}]}}