{"id":13815,"date":"2025-12-04T16:12:20","date_gmt":"2025-12-04T09:12:20","guid":{"rendered":"https:\/\/thietbidienlama.com\/?post_type=product&#038;p=13815"},"modified":"2025-12-04T16:12:21","modified_gmt":"2025-12-04T09:12:21","slug":"den-led-spotlight-am-tran-7w","status":"publish","type":"product","link":"https:\/\/www.thietbidienlama.com\/en\/den-led-spotlight-am-tran-7w\/","title":{"rendered":"\u0110\u00e8n Led Spotlight \u00c2m Tr\u1ea7n 7W LA-491 Euroto"},"content":{"rendered":"<h2 style=\"text-align: center;\"><span style=\"color: #000000;\">\u0110\u00e8n Led Spotlight \u00c2m Tr\u1ea7n 7W LA-491 Euroto<\/span><\/h2>\n<p data-hveid=\"CAIQAA\" data-complete=\"true\" data-processed=\"true\"><span style=\"color: #000000;\"><strong><span style=\"color: #ff6600;\"><a style=\"color: #ff6600;\" href=\"https:\/\/thietbidienlama.com\/den-led-spotlight-am-tran-7w\/\">\u0110\u00e8n LED Spotlight \u00c2m Tr\u1ea7n<\/a><\/span><\/strong> 7W LA-491 c\u1ee7a Euroto l\u00e0 d\u00f2ng s\u1ea3n ph\u1ea9m chi\u1ebfu \u0111i\u1ec3m ch\u1ea5t l\u01b0\u1ee3ng cao, th\u01b0\u1eddng \u0111\u01b0\u1ee3c s\u1eed d\u1ee5ng trong c\u00e1c kh\u00f4ng gian nh\u01b0 nh\u00e0 \u1edf, c\u1eeda h\u00e0ng th\u1eddi trang, trung t\u00e2m th\u01b0\u01a1ng m\u1ea1i, nh\u00e0 h\u00e0ng v\u00e0 kh\u00e1ch s\u1ea1n.<\/span><\/p>\n<p data-complete=\"true\" data-processed=\"true\"><img fetchpriority=\"high\" decoding=\"async\" class=\"alignnone size-medium wp-image-13816 aligncenter\" src=\"http:\/\/thietbidienlama.com\/wp-content\/uploads\/2025\/12\/Den-Led-Spotlight-Am-Tran-7W-LA-491-Euroto-2-300x300.jpg\" alt=\"\" width=\"300\" height=\"300\" srcset=\"https:\/\/www.thietbidienlama.com\/wp-content\/uploads\/2025\/12\/Den-Led-Spotlight-Am-Tran-7W-LA-491-Euroto-2-300x300.jpg 300w, https:\/\/www.thietbidienlama.com\/wp-content\/uploads\/2025\/12\/Den-Led-Spotlight-Am-Tran-7W-LA-491-Euroto-2-150x150.jpg 150w, https:\/\/www.thietbidienlama.com\/wp-content\/uploads\/2025\/12\/Den-Led-Spotlight-Am-Tran-7W-LA-491-Euroto-2-12x12.jpg 12w, https:\/\/www.thietbidienlama.com\/wp-content\/uploads\/2025\/12\/Den-Led-Spotlight-Am-Tran-7W-LA-491-Euroto-2.jpg 350w\" sizes=\"(max-width: 300px) 100vw, 300px\" \/><\/p>\n<h3 role=\"heading\" aria-level=\"3\" data-processed=\"true\" data-complete=\"true\"><span style=\"color: #000000; font-size: 14pt;\">Th\u00f4ng s\u1ed1 k\u1ef9 thu\u1eadt ch\u00ednh<\/span><\/h3>\n<ul data-complete=\"true\" data-processed=\"true\">\n<li data-hveid=\"CAUQAA\" data-complete=\"true\" data-sae=\"\"><span style=\"color: #000000;\">M\u00e3 s\u1ea3n ph\u1ea9m:\u00a0LA-491<\/span><\/li>\n<li data-hveid=\"CAUQAQ\" data-complete=\"true\" data-sae=\"\"><span style=\"color: #000000;\">C\u00f4ng su\u1ea5t:\u00a07W<\/span><\/li>\n<li data-hveid=\"CAUQAg\" data-complete=\"true\" data-sae=\"\"><span style=\"color: #000000;\">Chip LED:\u00a0S\u1eed d\u1ee5ng chip LED Cree ho\u1eb7c Bridgelux USA, cho hi\u1ec7u su\u1ea5t v\u00e0 \u0111\u1ed9 b\u1ec1n cao<\/span><\/li>\n<li data-hveid=\"CAUQAw\" data-complete=\"true\" data-sae=\"\"><span style=\"color: #000000;\">Quang th\u00f4ng:\u00a0Kho\u1ea3ng 840 lumen<\/span><\/li>\n<li data-hveid=\"CAUQBA\" data-complete=\"true\" data-sae=\"\"><span style=\"color: #000000;\">Ch\u1ec9 s\u1ed1 ho\u00e0n m\u00e0u (CRI):\u00a0Ra &gt; 90, cung c\u1ea5p \u00e1nh s\u00e1ng ch\u00e2n th\u1ef1c, s\u1ed1ng \u0111\u1ed9ng, g\u1ea7n v\u1edbi \u00e1nh s\u00e1ng t\u1ef1 nhi\u00ean<\/span><\/li>\n<li data-hveid=\"CAUQBQ\" data-complete=\"true\" data-sae=\"\"><span style=\"color: #000000;\">Nhi\u1ec7t \u0111\u1ed9 m\u00e0u:\u00a0C\u00f3 c\u00e1c t\u00f9y ch\u1ecdn \u00e1nh s\u00e1ng tr\u1eafng (kho\u1ea3ng 6500K) v\u00e0 \u00e1nh s\u00e1ng v\u00e0ng (kho\u1ea3ng 3000K)<\/span><\/li>\n<li data-hveid=\"CAUQBg\" data-complete=\"true\" data-sae=\"\"><span style=\"color: #000000;\">G\u00f3c chi\u1ebfu:\u00a024\u00b0, t\u1ea1o hi\u1ec7u \u1ee9ng chi\u1ebfu \u0111i\u1ec3m t\u1eadp trung, l\u00e0m n\u1ed5i b\u1eadt v\u1eadt th\u1ec3 ho\u1eb7c khu v\u1ef1c c\u1ea7n nh\u1ea5n m\u1ea1nh<\/span><\/li>\n<li data-hveid=\"CAUQBw\" data-complete=\"true\" data-sae=\"\"><span style=\"color: #000000;\">K\u00edch th\u01b0\u1edbc ph\u1ee7 b\u00ec:\u00a0\u00d868 x H90 mm<\/span><\/li>\n<li data-hveid=\"CAUQCA\" data-complete=\"true\" data-sae=\"\"><span style=\"color: #000000;\">K\u00edch th\u01b0\u1edbc kho\u00e9t l\u1ed7:\u00a0\u00d855 mm (\u0111\u01b0\u1eddng k\u00ednh l\u1ed7 kho\u00e9t tr\u1ea7n)<\/span><\/li>\n<li data-hveid=\"CAUQCQ\" data-complete=\"true\" data-sae=\"\"><span style=\"color: #000000;\">Tu\u1ed5i th\u1ecd:\u00a0L\u00ean \u0111\u1ebfn 50.000 gi\u1edd<\/span><\/li>\n<li data-hveid=\"CAUQCg\" data-complete=\"true\" data-sae=\"\"><span style=\"color: #000000;\">\u0110i\u1ec7n \u00e1p:\u00a0220V AC<\/span><\/li>\n<li data-hveid=\"CAUQCw\" data-complete=\"true\" data-sae=\"\"><span style=\"color: #000000;\">Ch\u1ea5t li\u1ec7u:\u00a0Th\u00e2n \u0111\u00e8n l\u00e0m t\u1eeb nh\u00f4m (aluminum) k\u1ebft h\u1ee3p nh\u1ef1a ABS<\/span><\/li>\n<li data-hveid=\"CAUQDA\" data-complete=\"true\" data-sae=\"\"><span style=\"color: #000000;\">C\u1ea5p b\u1ea3o v\u1ec7: IP 20, ch\u1ec9 th\u00edch h\u1ee3p l\u1eafp \u0111\u1eb7t trong nh\u00e0<\/span><\/li>\n<\/ul>\n<p data-complete=\"true\" data-processed=\"true\">\n<h3 role=\"heading\" aria-level=\"3\" data-processed=\"true\" data-complete=\"true\"><span style=\"color: #000000; font-size: 14pt;\">T\u00ednh n\u0103ng v\u00e0 \u1ee9ng d\u1ee5ng<\/span><\/h3>\n<ul data-complete=\"true\" data-processed=\"true\">\n<li data-hveid=\"CAcQAA\" data-complete=\"true\" data-sae=\"\"><span style=\"color: #000000;\">Thi\u1ebft k\u1ebf hi\u1ec7n \u0111\u1ea1i:\u00a0\u0110\u00e8n c\u00f3 thi\u1ebft k\u1ebf nh\u1ecf g\u1ecdn, hi\u1ec7n \u0111\u1ea1i, \u00e2m tr\u1ea7n mang l\u1ea1i t\u00ednh th\u1ea9m m\u1ef9 cao cho kh\u00f4ng gian l\u1eafp \u0111\u1eb7t.<\/span><\/li>\n<li data-hveid=\"CAcQAQ\" data-complete=\"true\" data-sae=\"\"><span style=\"color: #000000;\">Ti\u1ebft ki\u1ec7m \u0111i\u1ec7n n\u0103ng:\u00a0S\u1eed d\u1ee5ng c\u00f4ng ngh\u1ec7 LED ti\u00ean ti\u1ebfn gi\u00fap ti\u1ebft ki\u1ec7m \u0111i\u1ec7n n\u0103ng t\u1ed1i \u0111a so v\u1edbi c\u00e1c lo\u1ea1i \u0111\u00e8n truy\u1ec1n th\u1ed1ng.<\/span><\/li>\n<li data-hveid=\"CAcQAg\" data-complete=\"true\" data-sae=\"\"><span style=\"color: #000000;\">\u00c1nh s\u00e1ng d\u1ecbu nh\u1eb9:\u00a0Cung c\u1ea5p \u00e1nh s\u00e1ng ch\u1ea5t l\u01b0\u1ee3ng cao, kh\u00f4ng g\u00e2y ch\u00f3i m\u1eaft.<\/span><\/li>\n<li data-hveid=\"CAcQAw\" data-complete=\"true\" data-sae=\"\"><span style=\"color: #000000;\">\u1ee8ng d\u1ee5ng \u0111a d\u1ea1ng:\u00a0L\u00fd t\u01b0\u1edfng cho vi\u1ec7c chi\u1ebfu s\u00e1ng nh\u1ea5n m\u1ea1nh trong nhi\u1ec1u kh\u00f4ng gian kh\u00e1c nhau, t\u1eeb ph\u00f2ng kh\u00e1ch gia \u0111\u00ecnh \u0111\u1ebfn c\u00e1c khu v\u1ef1c th\u01b0\u01a1ng m\u1ea1i.<\/span><\/li>\n<\/ul>\n<p><img decoding=\"async\" class=\"alignnone size-medium wp-image-13817 aligncenter\" src=\"http:\/\/thietbidienlama.com\/wp-content\/uploads\/2025\/12\/Den-Led-Spotlight-Am-Tran-7W-LA-491-Euroto-300x300.jpg\" alt=\"\" width=\"300\" height=\"300\" srcset=\"https:\/\/www.thietbidienlama.com\/wp-content\/uploads\/2025\/12\/Den-Led-Spotlight-Am-Tran-7W-LA-491-Euroto-300x300.jpg 300w, https:\/\/www.thietbidienlama.com\/wp-content\/uploads\/2025\/12\/Den-Led-Spotlight-Am-Tran-7W-LA-491-Euroto-150x150.jpg 150w, https:\/\/www.thietbidienlama.com\/wp-content\/uploads\/2025\/12\/Den-Led-Spotlight-Am-Tran-7W-LA-491-Euroto-12x12.jpg 12w, https:\/\/www.thietbidienlama.com\/wp-content\/uploads\/2025\/12\/Den-Led-Spotlight-Am-Tran-7W-LA-491-Euroto.jpg 500w\" sizes=\"(max-width: 300px) 100vw, 300px\" \/><\/p>\n<p class=\"Y3BBE\" data-hveid=\"CAEICBAA\" data-complete=\"true\" data-processed=\"true\"><span style=\"font-size: 12pt; color: #000000;\"><strong>LI\u00caN H\u1ec6 : Hotline: 0935 228 204 ( Ms Lam )<\/strong><\/span><\/p>\n<p><span style=\"font-size: 12pt; color: #000000;\"><strong>Facebook:\u00a0<span style=\"color: #ff6600;\"><a style=\"color: #ff6600;\" href=\"https:\/\/www.facebook.com\/thietbidienlama\" target=\"_blank\" rel=\"noopener\">THI\u1ebeT\u00a0B\u1eca \u0110I\u1ec6N LAMA<\/a><\/span><\/strong><\/span><\/p>\n<p><span style=\"font-size: 12pt; color: #000000;\"><strong>Tiktok:\u00a0<span style=\"color: #ff6600;\"><a style=\"color: #ff6600;\" href=\"https:\/\/www.tiktok.com\/@thietbidienlama\" target=\"_blank\" rel=\"noopener\">THI\u1ebeT\u00a0B\u1eca \u0110I\u1ec6N LAMA<\/a><\/span><\/strong><\/span><\/p>\n<p><span style=\"font-size: 12pt; color: #000000;\"><strong>Youtube: <span style=\"color: #ff6600;\"><a style=\"color: #ff6600;\" href=\"https:\/\/www.youtube.com\/@thietbidienlama\" target=\"_blank\" rel=\"noopener\">THI\u1ebeT\u00a0B\u1eca \u0110I\u1ec6N LAMA<\/a><\/span><\/strong><\/span><\/p>","protected":false},"excerpt":{"rendered":"<p>\u0110\u00e8n Led Spotlight \u00c2m Tr\u1ea7n 7W LA-491 Euroto \u0110\u00e8n LED Spotlight \u00c2m Tr\u1ea7n 7W LA-491 c\u1ee7a Euroto l\u00e0 d\u00f2ng s\u1ea3n<\/p>","protected":false},"featured_media":13817,"comment_status":"closed","ping_status":"closed","template":"","meta":[],"product_brand":[],"product_cat":[862,1022],"product_tag":[1023],"class_list":{"0":"post-13815","1":"product","2":"type-product","3":"status-publish","4":"has-post-thumbnail","6":"product_cat-den-spotlight","7":"product_cat-den-spotlight-euroto","8":"product_tag-den-led-spotlight-am-tran","10":"first","11":"instock","12":"sale","13":"shipping-taxable","14":"purchasable","15":"product-type-simple"},"_links":{"self":[{"href":"https:\/\/www.thietbidienlama.com\/en\/wp-json\/wp\/v2\/product\/13815","targetHints":{"allow":["GET"]}}],"collection":[{"href":"https:\/\/www.thietbidienlama.com\/en\/wp-json\/wp\/v2\/product"}],"about":[{"href":"https:\/\/www.thietbidienlama.com\/en\/wp-json\/wp\/v2\/types\/product"}],"replies":[{"embeddable":true,"href":"https:\/\/www.thietbidienlama.com\/en\/wp-json\/wp\/v2\/comments?post=13815"}],"version-history":[{"count":2,"href":"https:\/\/www.thietbidienlama.com\/en\/wp-json\/wp\/v2\/product\/13815\/revisions"}],"predecessor-version":[{"id":13819,"href":"https:\/\/www.thietbidienlama.com\/en\/wp-json\/wp\/v2\/product\/13815\/revisions\/13819"}],"wp:featuredmedia":[{"embeddable":true,"href":"https:\/\/www.thietbidienlama.com\/en\/wp-json\/wp\/v2\/media\/13817"}],"wp:attachment":[{"href":"https:\/\/www.thietbidienlama.com\/en\/wp-json\/wp\/v2\/media?parent=13815"}],"wp:term":[{"taxonomy":"product_brand","embeddable":true,"href":"https:\/\/www.thietbidienlama.com\/en\/wp-json\/wp\/v2\/product_brand?post=13815"},{"taxonomy":"product_cat","embeddable":true,"href":"https:\/\/www.thietbidienlama.com\/en\/wp-json\/wp\/v2\/product_cat?post=13815"},{"taxonomy":"product_tag","embeddable":true,"href":"https:\/\/www.thietbidienlama.com\/en\/wp-json\/wp\/v2\/product_tag?post=13815"}],"curies":[{"name":"wp","href":"https:\/\/api.w.org\/{rel}","templated":true}]}}