{"id":13807,"date":"2025-12-02T19:56:38","date_gmt":"2025-12-02T12:56:38","guid":{"rendered":"https:\/\/thietbidienlama.com\/?post_type=product&#038;p=13807"},"modified":"2025-12-02T19:57:35","modified_gmt":"2025-12-02T12:57:35","slug":"o-cam-doi-3-chau-uten-v6-0-mau-bac","status":"publish","type":"product","link":"https:\/\/www.thietbidienlama.com\/en\/o-cam-doi-3-chau-uten-v6-0-mau-bac\/","title":{"rendered":"\u1ed4 C\u1eafm \u0110\u00f4i 3 Ch\u1ea5u UTEN V6.0 M\u00e0u B\u1ea1c"},"content":{"rendered":"<h2 style=\"text-align: center;\"><span style=\"font-size: 18pt; color: #000000;\">\u1ed4 C\u1eafm \u0110\u00f4i 3 Ch\u1ea5u UTEN V6.0 M\u00e0u B\u1ea1c<\/span><\/h2>\n<p data-hveid=\"CAEIAhAA\" data-complete=\"true\" data-processed=\"true\"><span style=\"font-size: 12pt; color: #000000;\"><strong><span style=\"color: #ff6600;\"><a style=\"color: #ff6600;\" href=\"https:\/\/thietbidienlama.com\/o-cam-doi-3-chau-uten-v6-0-mau-bac\/\">\u1ed4 c\u1eafm \u0111\u00f4i 3 ch\u1ea5u UTEN V6.0<\/a><\/span><\/strong> M\u00e0u B\u1ea1c l\u00e0 s\u1ea3n ph\u1ea9m thi\u1ebft b\u1ecb \u0111i\u1ec7n cao c\u1ea5p, n\u1ed5i b\u1eadt v\u1edbi thi\u1ebft k\u1ebf sang tr\u1ecdng v\u00e0 ch\u1ea5t l\u01b0\u1ee3ng ti\u00eau chu\u1ea9n \u0110\u1ee9c. S\u1ea3n ph\u1ea9m c\u00f3 m\u00e3 h\u00e0ng l\u00e0 V6.0GZ12Z13\/N.<\/span><\/p>\n<p data-complete=\"true\" data-processed=\"true\"><img fetchpriority=\"high\" decoding=\"async\" class=\"alignnone size-medium wp-image-13809 aligncenter\" src=\"http:\/\/thietbidienlama.com\/wp-content\/uploads\/2025\/12\/O-Cam-Doi-3-Chau-UTEN-V6.0-Mau-Bac-3-300x300.jpg\" alt=\"\" width=\"300\" height=\"300\" srcset=\"https:\/\/www.thietbidienlama.com\/wp-content\/uploads\/2025\/12\/O-Cam-Doi-3-Chau-UTEN-V6.0-Mau-Bac-3-300x300.jpg 300w, https:\/\/www.thietbidienlama.com\/wp-content\/uploads\/2025\/12\/O-Cam-Doi-3-Chau-UTEN-V6.0-Mau-Bac-3-150x150.jpg 150w, https:\/\/www.thietbidienlama.com\/wp-content\/uploads\/2025\/12\/O-Cam-Doi-3-Chau-UTEN-V6.0-Mau-Bac-3-12x12.jpg 12w, https:\/\/www.thietbidienlama.com\/wp-content\/uploads\/2025\/12\/O-Cam-Doi-3-Chau-UTEN-V6.0-Mau-Bac-3.jpg 500w\" sizes=\"(max-width: 300px) 100vw, 300px\" \/><\/p>\n<h3 role=\"heading\" aria-level=\"3\" data-processed=\"true\" data-complete=\"true\"><span style=\"font-size: 14pt; color: #000000;\">Th\u00f4ng s\u1ed1 k\u1ef9 thu\u1eadt ch\u00ednh<\/span><\/h3>\n<ul data-processed=\"true\" data-complete=\"true\">\n<li data-hveid=\"CAEIBBAA\" data-complete=\"true\" data-sae=\"\"><span style=\"font-size: 12pt; color: #000000;\">M\u00e3 s\u1ea3n ph\u1ea9m:\u00a0V6.0GZ12Z13\/N.<\/span><\/li>\n<li data-hveid=\"CAEIBBAB\" data-complete=\"true\" data-sae=\"\"><span style=\"font-size: 12pt; color: #000000;\">Lo\u1ea1i s\u1ea3n ph\u1ea9m:\u00a0B\u1ed9 \u1ed5 c\u1eafm \u0111\u00f4i (g\u1ed3m 1 \u1ed5 2 ch\u1ea5u v\u00e0 1 \u1ed5 3 ch\u1ea5u \u0111a n\u0103ng) c\u00f3 ti\u1ebfp \u0111\u1ecba.<\/span><\/li>\n<li data-hveid=\"CAEIBBAC\" data-complete=\"true\" data-sae=\"\"><span style=\"font-size: 12pt; color: #000000;\">M\u00e0u s\u1eafc:\u00a0M\u1eb7t c\u00f4ng t\u1eafc m\u00e0u ghi (x\u00e1m), m\u1eb7t vi\u1ec1n \u1ed1p nh\u00f4m x\u01b0\u1edbc m\u00e0u b\u1ea1c.<\/span><\/li>\n<li data-hveid=\"CAEIBBAD\" data-complete=\"true\" data-sae=\"\"><span style=\"font-size: 12pt; color: #000000;\">D\u00f2ng \u0111i\u1ec7n\/ \u0110i\u1ec7n \u00e1p \u0111\u1ecbnh m\u1ee9c:\u00a016A \/ 250V ~ 50\/60Hz.<\/span><\/li>\n<li data-hveid=\"CAEIBBAE\" data-complete=\"true\" data-sae=\"\"><span style=\"font-size: 12pt; color: #000000;\">C\u01a1 ch\u1ebf ho\u1ea1t \u0111\u1ed9ng:\u00a0\u1ed4 c\u1eafm \u0111a n\u0103ng, t\u01b0\u01a1ng th\u00edch v\u1edbi nhi\u1ec1u lo\u1ea1i ph\u00edch c\u1eafm kh\u00e1c nhau.<\/span><\/li>\n<li data-hveid=\"CAEIBBAF\" data-complete=\"true\" data-sae=\"\"><span style=\"font-size: 12pt; color: #000000;\">Ch\u1ea5t li\u1ec7u:\u00a0Th\u00e2n l\u00e0m t\u1eeb nh\u1ef1a PC ch\u1ea5t l\u01b0\u1ee3ng cao, ch\u1ea5u \u0111\u1ed3ng nguy\u00ean ch\u1ea5t (\u0111\u1ed3ng t\u00edm 65%).<\/span><\/li>\n<li data-hveid=\"CAEIBBAG\" data-complete=\"true\" data-sae=\"\"><span style=\"font-size: 12pt; color: #000000;\">K\u00edch th\u01b0\u1edbc:\u00a086 x 86mm, s\u1eed d\u1ee5ng \u0111\u1ebf \u00e2m vu\u00f4ng.<\/span><\/li>\n<li data-hveid=\"CAEIBBAH\" data-complete=\"true\" data-sae=\"\"><span style=\"font-size: 12pt; color: #000000;\">\u0110\u1ed9 b\u1ec1n (Tu\u1ed5i th\u1ecd):\u00a0Kho\u1ea3ng 10.000 l\u1ea7n c\u1eafm\/r\u00fat.<\/span><\/li>\n<li data-hveid=\"CAEIBBAI\" data-complete=\"true\" data-sae=\"\"><span style=\"font-size: 12pt; color: #000000;\">Nhi\u1ec7t \u0111\u1ed9 l\u00e0m vi\u1ec7c:\u00a0T\u1eeb -20\u00b0C \u0111\u1ebfn 70\u00b0C.<\/span><\/li>\n<li data-hveid=\"CAEIBBAJ\" data-sae=\"\" data-complete=\"true\"><span style=\"font-size: 12pt; color: #000000;\">B\u1ea3o h\u00e0nh: S\u1ea3n ph\u1ea9m th\u01b0\u1eddng \u0111\u01b0\u1ee3c b\u1ea3o h\u00e0nh 12 n\u0103m theo h\u00e3ng.<\/span><\/li>\n<\/ul>\n<p style=\"text-align: center;\" data-complete=\"true\" data-processed=\"true\"><img decoding=\"async\" class=\"alignnone size-medium wp-image-13808\" src=\"http:\/\/thietbidienlama.com\/wp-content\/uploads\/2025\/12\/O-Cam-Doi-3-Chau-UTEN-V6.0-Mau-Bac-2-300x300.jpg\" alt=\"\" width=\"300\" height=\"300\" srcset=\"https:\/\/www.thietbidienlama.com\/wp-content\/uploads\/2025\/12\/O-Cam-Doi-3-Chau-UTEN-V6.0-Mau-Bac-2-300x300.jpg 300w, https:\/\/www.thietbidienlama.com\/wp-content\/uploads\/2025\/12\/O-Cam-Doi-3-Chau-UTEN-V6.0-Mau-Bac-2-150x150.jpg 150w, https:\/\/www.thietbidienlama.com\/wp-content\/uploads\/2025\/12\/O-Cam-Doi-3-Chau-UTEN-V6.0-Mau-Bac-2-12x12.jpg 12w, https:\/\/www.thietbidienlama.com\/wp-content\/uploads\/2025\/12\/O-Cam-Doi-3-Chau-UTEN-V6.0-Mau-Bac-2.jpg 500w\" sizes=\"(max-width: 300px) 100vw, 300px\" \/> <img decoding=\"async\" class=\"alignnone size-medium wp-image-13811\" src=\"http:\/\/thietbidienlama.com\/wp-content\/uploads\/2025\/12\/O-Cam-Doi-3-Chau-UTEN-V6.0-Mau-Bac-300x300.jpg\" alt=\"\" width=\"300\" height=\"300\" srcset=\"https:\/\/www.thietbidienlama.com\/wp-content\/uploads\/2025\/12\/O-Cam-Doi-3-Chau-UTEN-V6.0-Mau-Bac-300x300.jpg 300w, https:\/\/www.thietbidienlama.com\/wp-content\/uploads\/2025\/12\/O-Cam-Doi-3-Chau-UTEN-V6.0-Mau-Bac-150x150.jpg 150w, https:\/\/www.thietbidienlama.com\/wp-content\/uploads\/2025\/12\/O-Cam-Doi-3-Chau-UTEN-V6.0-Mau-Bac-12x12.jpg 12w, https:\/\/www.thietbidienlama.com\/wp-content\/uploads\/2025\/12\/O-Cam-Doi-3-Chau-UTEN-V6.0-Mau-Bac.jpg 500w\" sizes=\"(max-width: 300px) 100vw, 300px\" \/> <img loading=\"lazy\" decoding=\"async\" class=\"alignnone size-medium wp-image-13810\" src=\"http:\/\/thietbidienlama.com\/wp-content\/uploads\/2025\/12\/O-Cam-Doi-3-Chau-UTEN-V6.0-Mau-Bac-4-300x300.jpg\" alt=\"\" width=\"300\" height=\"300\" srcset=\"https:\/\/www.thietbidienlama.com\/wp-content\/uploads\/2025\/12\/O-Cam-Doi-3-Chau-UTEN-V6.0-Mau-Bac-4-300x300.jpg 300w, https:\/\/www.thietbidienlama.com\/wp-content\/uploads\/2025\/12\/O-Cam-Doi-3-Chau-UTEN-V6.0-Mau-Bac-4-150x150.jpg 150w, https:\/\/www.thietbidienlama.com\/wp-content\/uploads\/2025\/12\/O-Cam-Doi-3-Chau-UTEN-V6.0-Mau-Bac-4-12x12.jpg 12w, https:\/\/www.thietbidienlama.com\/wp-content\/uploads\/2025\/12\/O-Cam-Doi-3-Chau-UTEN-V6.0-Mau-Bac-4.jpg 500w\" sizes=\"(max-width: 300px) 100vw, 300px\" \/><\/p>\n<h3 role=\"heading\" aria-level=\"3\" data-processed=\"true\" data-complete=\"true\"><span style=\"font-size: 14pt; color: #000000;\">\u0110\u1eb7c \u0111i\u1ec3m n\u1ed5i b\u1eadt<\/span><\/h3>\n<ul data-complete=\"true\" data-processed=\"true\">\n<li data-hveid=\"CAEIBhAA\" data-complete=\"true\" data-sae=\"\"><span style=\"font-size: 12pt; color: #000000;\">Thi\u1ebft k\u1ebf:\u00a0Vi\u1ec1n nh\u00f4m x\u01b0\u1edbc bo vi\u1ec1n m\u00e0u b\u1ea1c mang l\u1ea1i v\u1ebb \u0111\u1eb9p hi\u1ec7n \u0111\u1ea1i, tinh t\u1ebf, t\u1ea1o \u0111i\u1ec3m nh\u1ea5n sang tr\u1ecdng cho kh\u00f4ng gian l\u1eafp \u0111\u1eb7t.<\/span><\/li>\n<li data-hveid=\"CAEIBhAB\" data-complete=\"true\" data-sae=\"\"><span style=\"font-size: 12pt; color: #000000;\">An to\u00e0n:\u00a0\u1ed4 c\u1eafm 3 ch\u1ea5u c\u00f3 t\u00ednh n\u0103ng ti\u1ebfp \u0111\u1ecba (n\u1ed1i \u0111\u1ea5t) gi\u00fap gi\u1ea3m nguy c\u01a1 gi\u1eadt \u0111i\u1ec7n v\u00e0 \u0111\u1ea3m b\u1ea3o an to\u00e0n cho ng\u01b0\u1eddi s\u1eed d\u1ee5ng v\u00e0 thi\u1ebft b\u1ecb \u0111i\u1ec7n.<\/span><\/li>\n<li data-hveid=\"CAEIBhAC\" data-complete=\"true\" data-sae=\"\"><span style=\"font-size: 12pt; color: #000000;\">Ch\u1ea5t l\u01b0\u1ee3ng:\u00a0S\u1ea3n ph\u1ea9m \u0111\u01b0\u1ee3c nh\u1eadp kh\u1ea9u v\u00e0 s\u1ea3n xu\u1ea5t tr\u00ean d\u00e2y chuy\u1ec1n c\u00f4ng ngh\u1ec7 \u0110\u1ee9c, \u0111\u1ea3m b\u1ea3o \u0111\u1ed9 b\u1ec1n cao v\u00e0 ho\u1ea1t \u0111\u1ed9ng \u1ed5n \u0111\u1ecbnh.<\/span><\/li>\n<\/ul>\n<p class=\"Y3BBE\" data-hveid=\"CAEICBAA\" data-complete=\"true\" data-processed=\"true\"><span style=\"font-size: 12pt; color: #000000;\"><strong>LI\u00caN H\u1ec6 : Hotline: 0935 228 204 ( Ms Lam )<\/strong><\/span><\/p>\n<p><span style=\"font-size: 12pt; color: #000000;\"><strong>Facebook:\u00a0<span style=\"color: #ff6600;\"><a style=\"color: #ff6600;\" href=\"https:\/\/www.facebook.com\/thietbidienlama\" target=\"_blank\" rel=\"noopener\">THI\u1ebeT\u00a0B\u1eca \u0110I\u1ec6N LAMA<\/a><\/span><\/strong><\/span><\/p>\n<p><span style=\"font-size: 12pt; color: #000000;\"><strong>Tiktok:\u00a0<span style=\"color: #ff6600;\"><a style=\"color: #ff6600;\" href=\"https:\/\/www.tiktok.com\/@thietbidienlama\" target=\"_blank\" rel=\"noopener\">THI\u1ebeT\u00a0B\u1eca \u0110I\u1ec6N LAMA<\/a><\/span><\/strong><\/span><\/p>\n<p><span style=\"font-size: 12pt; color: #000000;\"><strong>Youtube: <span style=\"color: #ff6600;\"><a style=\"color: #ff6600;\" href=\"https:\/\/www.youtube.com\/@thietbidienlama\" target=\"_blank\" rel=\"noopener\">THI\u1ebeT\u00a0B\u1eca \u0110I\u1ec6N LAMA<\/a><\/span><\/strong><\/span><\/p>","protected":false},"excerpt":{"rendered":"<p>\u1ed4 C\u1eafm \u0110\u00f4i 3 Ch\u1ea5u UTEN V6.0 M\u00e0u B\u1ea1c \u1ed4 c\u1eafm \u0111\u00f4i 3 ch\u1ea5u UTEN V6.0 M\u00e0u B\u1ea1c l\u00e0 s\u1ea3n<\/p>","protected":false},"featured_media":13808,"comment_status":"closed","ping_status":"closed","template":"","meta":[],"product_brand":[],"product_cat":[1021,978],"product_tag":[],"class_list":{"0":"post-13807","1":"product","2":"type-product","3":"status-publish","4":"has-post-thumbnail","6":"product_cat-uten-v6","7":"product_cat-thiet-bi-dien-uten","9":"first","10":"instock","11":"sale","12":"shipping-taxable","13":"purchasable","14":"product-type-simple"},"_links":{"self":[{"href":"https:\/\/www.thietbidienlama.com\/en\/wp-json\/wp\/v2\/product\/13807","targetHints":{"allow":["GET"]}}],"collection":[{"href":"https:\/\/www.thietbidienlama.com\/en\/wp-json\/wp\/v2\/product"}],"about":[{"href":"https:\/\/www.thietbidienlama.com\/en\/wp-json\/wp\/v2\/types\/product"}],"replies":[{"embeddable":true,"href":"https:\/\/www.thietbidienlama.com\/en\/wp-json\/wp\/v2\/comments?post=13807"}],"version-history":[{"count":2,"href":"https:\/\/www.thietbidienlama.com\/en\/wp-json\/wp\/v2\/product\/13807\/revisions"}],"predecessor-version":[{"id":13813,"href":"https:\/\/www.thietbidienlama.com\/en\/wp-json\/wp\/v2\/product\/13807\/revisions\/13813"}],"wp:featuredmedia":[{"embeddable":true,"href":"https:\/\/www.thietbidienlama.com\/en\/wp-json\/wp\/v2\/media\/13808"}],"wp:attachment":[{"href":"https:\/\/www.thietbidienlama.com\/en\/wp-json\/wp\/v2\/media?parent=13807"}],"wp:term":[{"taxonomy":"product_brand","embeddable":true,"href":"https:\/\/www.thietbidienlama.com\/en\/wp-json\/wp\/v2\/product_brand?post=13807"},{"taxonomy":"product_cat","embeddable":true,"href":"https:\/\/www.thietbidienlama.com\/en\/wp-json\/wp\/v2\/product_cat?post=13807"},{"taxonomy":"product_tag","embeddable":true,"href":"https:\/\/www.thietbidienlama.com\/en\/wp-json\/wp\/v2\/product_tag?post=13807"}],"curies":[{"name":"wp","href":"https:\/\/api.w.org\/{rel}","templated":true}]}}