{"id":13798,"date":"2025-12-02T19:43:29","date_gmt":"2025-12-02T12:43:29","guid":{"rendered":"https:\/\/thietbidienlama.com\/?post_type=product&#038;p=13798"},"modified":"2025-12-02T19:43:29","modified_gmt":"2025-12-02T12:43:29","slug":"bo-3-cong-tac-don-1-chieu-uten-v6-0-mau-bac","status":"publish","type":"product","link":"https:\/\/www.thietbidienlama.com\/en\/bo-3-cong-tac-don-1-chieu-uten-v6-0-mau-bac\/","title":{"rendered":"B\u1ed9 3 C\u00f4ng T\u1eafc \u0110\u01a1n 1 Chi\u1ec1u UTEN V6.0 M\u00e0u B\u1ea1c"},"content":{"rendered":"<h2 style=\"text-align: center;\"><span style=\"color: #000000;\">B\u1ed9 3 C\u00f4ng T\u1eafc \u0110\u01a1n 1 Chi\u1ec1u UTEN V6.0 M\u00e0u B\u1ea1c<\/span><\/h2>\n<p data-hveid=\"CAIQAA\" data-complete=\"true\" data-processed=\"true\"><span style=\"font-size: 12pt; color: #000000;\"><strong><span style=\"color: #ff6600;\"><a style=\"color: #ff6600;\" href=\"https:\/\/thietbidienlama.com\/bo-3-cong-tac-don-1-chieu-uten-v6-0-mau-bac\/\">B\u1ed9 3 c\u00f4ng t\u1eafc \u0111\u01a1n 1 chi\u1ec1u UTEN V6.0<\/a><\/span><\/strong> M\u00e0u B\u1ea1c l\u00e0 s\u1ea3n ph\u1ea9m thi\u1ebft b\u1ecb \u0111i\u1ec7n d\u00e2n d\u1ee5ng cao c\u1ea5p, \u0111\u01b0\u1ee3c nh\u1eadp kh\u1ea9u v\u00e0 ph\u00e2n ph\u1ed1i b\u1edfi C\u00f4ng ty C\u1ed5 ph\u1ea7n UTEN Vi\u1ec7t &#8211; \u0110\u1ee9c. S\u1ea3n ph\u1ea9m c\u00f3 m\u00e3 h\u00e0ng l\u00e0\u00a0V6.0GK31.<\/span><\/p>\n<p data-complete=\"true\" data-processed=\"true\"><img fetchpriority=\"high\" decoding=\"async\" class=\"alignnone size-medium wp-image-13803 aligncenter\" src=\"http:\/\/thietbidienlama.com\/wp-content\/uploads\/2025\/12\/Bo-3-Cong-Tac-Don-1-Chieu-UTEN-V6.0-Mau-Bac-3-1-300x300.jpg\" alt=\"\" width=\"300\" height=\"300\" srcset=\"https:\/\/www.thietbidienlama.com\/wp-content\/uploads\/2025\/12\/Bo-3-Cong-Tac-Don-1-Chieu-UTEN-V6.0-Mau-Bac-3-1-300x300.jpg 300w, https:\/\/www.thietbidienlama.com\/wp-content\/uploads\/2025\/12\/Bo-3-Cong-Tac-Don-1-Chieu-UTEN-V6.0-Mau-Bac-3-1-150x150.jpg 150w, https:\/\/www.thietbidienlama.com\/wp-content\/uploads\/2025\/12\/Bo-3-Cong-Tac-Don-1-Chieu-UTEN-V6.0-Mau-Bac-3-1-12x12.jpg 12w, https:\/\/www.thietbidienlama.com\/wp-content\/uploads\/2025\/12\/Bo-3-Cong-Tac-Don-1-Chieu-UTEN-V6.0-Mau-Bac-3-1.jpg 500w\" sizes=\"(max-width: 300px) 100vw, 300px\" \/><\/p>\n<h3 role=\"heading\" aria-level=\"3\" data-processed=\"true\" data-complete=\"true\"><span style=\"font-size: 14pt; color: #000000;\">Th\u00f4ng s\u1ed1 k\u1ef9 thu\u1eadt ch\u00ednh<\/span><\/h3>\n<ul data-processed=\"true\" data-complete=\"true\">\n<li data-hveid=\"CAQQAA\" data-complete=\"true\" data-sae=\"\"><span style=\"font-size: 12pt; color: #000000;\">M\u00e3 s\u1ea3n ph\u1ea9m:\u00a0V6.0GK31.<\/span><\/li>\n<li data-hveid=\"CAQQAQ\" data-complete=\"true\" data-sae=\"\"><span style=\"font-size: 12pt; color: #000000;\">Lo\u1ea1i s\u1ea3n ph\u1ea9m:\u00a0B\u1ed9 ba (3) c\u00f4ng t\u1eafc \u0111\u01a1n 1 chi\u1ec1u.<\/span><\/li>\n<li data-hveid=\"CAQQAg\" data-complete=\"true\" data-sae=\"\"><span style=\"font-size: 12pt; color: #000000;\">M\u00e0u s\u1eafc:\u00a0M\u1eb7t c\u00f4ng t\u1eafc m\u00e0u ghi (x\u00e1m), vi\u1ec1n \u1ed1p nh\u00f4m x\u01b0\u1edbc m\u00e0u b\u1ea1c.<\/span><\/li>\n<li data-hveid=\"CAQQAw\" data-complete=\"true\" data-sae=\"\"><span style=\"font-size: 12pt; color: #000000;\">D\u00f2ng \u0111i\u1ec7n\/ \u0110i\u1ec7n \u00e1p \u0111\u1ecbnh m\u1ee9c:\u00a016A \/ 250V ~ 50\/60Hz.<\/span><\/li>\n<li data-hveid=\"CAQQBA\" data-complete=\"true\" data-sae=\"\"><span style=\"font-size: 12pt; color: #000000;\">C\u01a1 ch\u1ebf ho\u1ea1t \u0111\u1ed9ng:\u00a0Ki\u1ec3u b\u1eadp b\u00eanh (rocker switch).<\/span><\/li>\n<li data-hveid=\"CAQQBQ\" data-complete=\"true\" data-sae=\"\"><span style=\"font-size: 12pt; color: #000000;\">Ti\u1ebfp \u0111i\u1ec3m:\u00a0M\u1ea1 b\u1ea1c 0,35mm, gi\u00fap d\u1eabn \u0111i\u1ec7n t\u1ed1t v\u00e0 t\u0103ng \u0111\u1ed9 b\u1ec1n.<\/span><\/li>\n<li data-hveid=\"CAQQBg\" data-sae=\"\" data-complete=\"true\"><span style=\"font-size: 12pt; color: #000000;\">Ch\u1ea5t li\u1ec7u:\u00a0Th\u00e2n l\u00e0m t\u1eeb nh\u1ef1a PC ch\u1ea5t l\u01b0\u1ee3ng cao, \u0111\u1ed3ng t\u00edm 65%.<\/span><\/li>\n<li data-hveid=\"CAQQBw\" data-complete=\"true\" data-processed=\"true\" data-sae=\"\"><span style=\"font-size: 12pt; color: #000000;\">\u0110\u1ed9 b\u1ec1n:\u00a0Kho\u1ea3ng 40.000 l\u1ea7n ho\u1ea1t \u0111\u1ed9ng.<\/span><\/li>\n<li data-hveid=\"CAQQCA\" data-complete=\"true\" data-processed=\"true\" data-sae=\"\"><span style=\"font-size: 12pt; color: #000000;\">Nhi\u1ec7t \u0111\u1ed9 l\u00e0m vi\u1ec7c:\u00a0T\u1eeb -20\u00b0C \u0111\u1ebfn 70\u00b0C.<\/span><\/li>\n<li data-hveid=\"CAQQCQ\" data-complete=\"true\" data-processed=\"true\" data-sae=\"\"><span style=\"font-size: 12pt; color: #000000;\">\u0110\u1ebf l\u1eafp \u0111\u1eb7t:\u00a0S\u1eed d\u1ee5ng \u0111\u1ebf \u00e2m vu\u00f4ng.<\/span><\/li>\n<li data-hveid=\"CAQQCg\" data-complete=\"true\" data-processed=\"true\" data-sae=\"\"><span style=\"font-size: 12pt; color: #000000;\">B\u1ea3o h\u00e0nh: S\u1ea3n ph\u1ea9m th\u01b0\u1eddng \u0111\u01b0\u1ee3c b\u1ea3o h\u00e0nh 12 n\u0103m theo h\u00e3ng.<\/span><\/li>\n<\/ul>\n<p style=\"text-align: center;\" data-processed=\"true\" data-complete=\"true\"><img decoding=\"async\" class=\"alignnone size-medium wp-image-13800\" src=\"http:\/\/thietbidienlama.com\/wp-content\/uploads\/2025\/12\/Bo-3-Cong-Tac-Don-1-Chieu-UTEN-V6.0-Mau-Bac-2-300x300.jpg\" alt=\"\" width=\"300\" height=\"300\" srcset=\"https:\/\/www.thietbidienlama.com\/wp-content\/uploads\/2025\/12\/Bo-3-Cong-Tac-Don-1-Chieu-UTEN-V6.0-Mau-Bac-2-300x300.jpg 300w, https:\/\/www.thietbidienlama.com\/wp-content\/uploads\/2025\/12\/Bo-3-Cong-Tac-Don-1-Chieu-UTEN-V6.0-Mau-Bac-2-150x150.jpg 150w, https:\/\/www.thietbidienlama.com\/wp-content\/uploads\/2025\/12\/Bo-3-Cong-Tac-Don-1-Chieu-UTEN-V6.0-Mau-Bac-2-12x12.jpg 12w, https:\/\/www.thietbidienlama.com\/wp-content\/uploads\/2025\/12\/Bo-3-Cong-Tac-Don-1-Chieu-UTEN-V6.0-Mau-Bac-2.jpg 500w\" sizes=\"(max-width: 300px) 100vw, 300px\" \/> <img decoding=\"async\" class=\"alignnone size-medium wp-image-13804\" src=\"http:\/\/thietbidienlama.com\/wp-content\/uploads\/2025\/12\/Bo-3-Cong-Tac-Don-1-Chieu-UTEN-V6.0-Mau-Bac-300x300.jpg\" alt=\"\" width=\"300\" height=\"300\" srcset=\"https:\/\/www.thietbidienlama.com\/wp-content\/uploads\/2025\/12\/Bo-3-Cong-Tac-Don-1-Chieu-UTEN-V6.0-Mau-Bac-300x300.jpg 300w, https:\/\/www.thietbidienlama.com\/wp-content\/uploads\/2025\/12\/Bo-3-Cong-Tac-Don-1-Chieu-UTEN-V6.0-Mau-Bac-150x150.jpg 150w, https:\/\/www.thietbidienlama.com\/wp-content\/uploads\/2025\/12\/Bo-3-Cong-Tac-Don-1-Chieu-UTEN-V6.0-Mau-Bac-12x12.jpg 12w, https:\/\/www.thietbidienlama.com\/wp-content\/uploads\/2025\/12\/Bo-3-Cong-Tac-Don-1-Chieu-UTEN-V6.0-Mau-Bac.jpg 500w\" sizes=\"(max-width: 300px) 100vw, 300px\" \/><\/p>\n<h3 role=\"heading\" aria-level=\"3\" data-processed=\"true\" data-complete=\"true\"><span style=\"font-size: 14pt; color: #000000;\">\u0110\u1eb7c \u0111i\u1ec3m n\u1ed5i b\u1eadt<\/span><\/h3>\n<ul data-complete=\"true\" data-processed=\"true\">\n<li data-hveid=\"CAYQAA\" data-complete=\"true\" data-sae=\"\"><span style=\"font-size: 12pt; color: #000000;\">Thi\u1ebft k\u1ebf sang tr\u1ecdng:\u00a0V\u1edbi m\u1eb7t vi\u1ec1n nh\u00f4m x\u01b0\u1edbc m\u00e0u b\u1ea1c, s\u1ea3n ph\u1ea9m mang l\u1ea1i v\u1ebb \u0111\u1eb9p hi\u1ec7n \u0111\u1ea1i, tinh t\u1ebf, ph\u00f9 h\u1ee3p v\u1edbi nhi\u1ec1u kh\u00f4ng gian n\u1ed9i th\u1ea5t kh\u00e1c nhau.<\/span><\/li>\n<li data-hveid=\"CAYQAQ\" data-complete=\"true\" data-sae=\"\"><span style=\"font-size: 12pt; color: #000000;\">Ch\u1ea5t l\u01b0\u1ee3ng ti\u00eau chu\u1ea9n \u0110\u1ee9c:\u00a0S\u1ea3n ph\u1ea9m \u0111\u01b0\u1ee3c s\u1ea3n xu\u1ea5t tr\u00ean d\u00e2y chuy\u1ec1n c\u00f4ng ngh\u1ec7 hi\u1ec7n \u0111\u1ea1i, \u0111\u1ea3m b\u1ea3o ch\u1ea5t l\u01b0\u1ee3ng v\u00e0 \u0111\u1ed9 an to\u00e0n cao.<\/span><\/li>\n<li data-hveid=\"CAYQAg\" data-complete=\"true\" data-sae=\"\"><span style=\"font-size: 12pt; color: #000000;\">Ti\u1ebfp \u0111i\u1ec3m m\u1ea1 b\u1ea1c:\u00a0Gi\u00fap gi\u1ea3m ma s\u00e1t, t\u0103ng tu\u1ed5i th\u1ecd v\u00e0 \u0111\u1ed9 nh\u1ea1y khi s\u1eed d\u1ee5ng.<\/span><\/li>\n<\/ul>\n<p class=\"Y3BBE\" data-hveid=\"CAEICBAA\" data-complete=\"true\" data-processed=\"true\"><span style=\"font-size: 12pt; color: #000000;\"><strong>LI\u00caN H\u1ec6 : Hotline: 0935 228 204 ( Ms Lam )<\/strong><\/span><\/p>\n<p><span style=\"font-size: 12pt; color: #000000;\"><strong>Facebook:\u00a0<span style=\"color: #ff6600;\"><a style=\"color: #ff6600;\" href=\"https:\/\/www.facebook.com\/thietbidienlama\" target=\"_blank\" rel=\"noopener\">THI\u1ebeT\u00a0B\u1eca \u0110I\u1ec6N LAMA<\/a><\/span><\/strong><\/span><\/p>\n<p><span style=\"font-size: 12pt; color: #000000;\"><strong>Tiktok:\u00a0<span style=\"color: #ff6600;\"><a style=\"color: #ff6600;\" href=\"https:\/\/www.tiktok.com\/@thietbidienlama\" target=\"_blank\" rel=\"noopener\">THI\u1ebeT\u00a0B\u1eca \u0110I\u1ec6N LAMA<\/a><\/span><\/strong><\/span><\/p>\n<p><span style=\"font-size: 12pt; color: #000000;\"><strong>Youtube: <span style=\"color: #ff6600;\"><a style=\"color: #ff6600;\" href=\"https:\/\/www.youtube.com\/@thietbidienlama\" target=\"_blank\" rel=\"noopener\">THI\u1ebeT\u00a0B\u1eca \u0110I\u1ec6N LAMA<\/a><\/span><\/strong><\/span><\/p>","protected":false},"excerpt":{"rendered":"<p>B\u1ed9 3 C\u00f4ng T\u1eafc \u0110\u01a1n 1 Chi\u1ec1u UTEN V6.0 M\u00e0u B\u1ea1c B\u1ed9 3 c\u00f4ng t\u1eafc \u0111\u01a1n 1 chi\u1ec1u UTEN V6.0<\/p>","protected":false},"featured_media":13800,"comment_status":"closed","ping_status":"closed","template":"","meta":[],"product_brand":[],"product_cat":[978,1021],"product_tag":[],"class_list":{"0":"post-13798","1":"product","2":"type-product","3":"status-publish","4":"has-post-thumbnail","6":"product_cat-thiet-bi-dien-uten","7":"product_cat-uten-v6","9":"first","10":"instock","11":"sale","12":"shipping-taxable","13":"purchasable","14":"product-type-simple"},"_links":{"self":[{"href":"https:\/\/www.thietbidienlama.com\/en\/wp-json\/wp\/v2\/product\/13798","targetHints":{"allow":["GET"]}}],"collection":[{"href":"https:\/\/www.thietbidienlama.com\/en\/wp-json\/wp\/v2\/product"}],"about":[{"href":"https:\/\/www.thietbidienlama.com\/en\/wp-json\/wp\/v2\/types\/product"}],"replies":[{"embeddable":true,"href":"https:\/\/www.thietbidienlama.com\/en\/wp-json\/wp\/v2\/comments?post=13798"}],"version-history":[{"count":2,"href":"https:\/\/www.thietbidienlama.com\/en\/wp-json\/wp\/v2\/product\/13798\/revisions"}],"predecessor-version":[{"id":13806,"href":"https:\/\/www.thietbidienlama.com\/en\/wp-json\/wp\/v2\/product\/13798\/revisions\/13806"}],"wp:featuredmedia":[{"embeddable":true,"href":"https:\/\/www.thietbidienlama.com\/en\/wp-json\/wp\/v2\/media\/13800"}],"wp:attachment":[{"href":"https:\/\/www.thietbidienlama.com\/en\/wp-json\/wp\/v2\/media?parent=13798"}],"wp:term":[{"taxonomy":"product_brand","embeddable":true,"href":"https:\/\/www.thietbidienlama.com\/en\/wp-json\/wp\/v2\/product_brand?post=13798"},{"taxonomy":"product_cat","embeddable":true,"href":"https:\/\/www.thietbidienlama.com\/en\/wp-json\/wp\/v2\/product_cat?post=13798"},{"taxonomy":"product_tag","embeddable":true,"href":"https:\/\/www.thietbidienlama.com\/en\/wp-json\/wp\/v2\/product_tag?post=13798"}],"curies":[{"name":"wp","href":"https:\/\/api.w.org\/{rel}","templated":true}]}}