{"id":13781,"date":"2025-12-02T09:53:20","date_gmt":"2025-12-02T02:53:20","guid":{"rendered":"https:\/\/thietbidienlama.com\/?post_type=product&#038;p=13781"},"modified":"2025-12-02T10:00:01","modified_gmt":"2025-12-02T03:00:01","slug":"bo-1-cong-tac-don-1-chieu-uten-v6-0","status":"publish","type":"product","link":"https:\/\/www.thietbidienlama.com\/en\/bo-1-cong-tac-don-1-chieu-uten-v6-0\/","title":{"rendered":"B\u1ed9 1 C\u00f4ng T\u1eafc \u0110\u01a1n 1 Chi\u1ec1u UTEN V6.0 M\u00e0u B\u1ea1c V6K1\/1"},"content":{"rendered":"<h2 style=\"text-align: center;\" data-hveid=\"CAIQAA\" data-complete=\"true\" data-processed=\"true\"><span style=\"color: #000000;\">B\u1ed9 1 C\u00f4ng T\u1eafc \u0110\u01a1n 1 Chi\u1ec1u UTEN V6.0 M\u00e0u B\u1ea1c V6K1\/1<\/span><\/h2>\n<p data-hveid=\"CAIQAA\" data-complete=\"true\" data-processed=\"true\"><span style=\"color: #000000; font-size: 12pt;\">B\u1ed9 1 <strong><span style=\"color: #ff6600;\"><a style=\"color: #ff6600;\" href=\"https:\/\/thietbidienlama.com\/bo-1-cong-tac-don-1-chieu-uten-v6-0\/\">c\u00f4ng t\u1eafc \u0111\u01a1n 1 chi\u1ec1u UTEN V6.0<\/a><\/span><\/strong> m\u00e0u b\u1ea1c, m\u00e3 s\u1ea3n ph\u1ea9m V6.0GK11 (ho\u1eb7c V6K1\/1 t\u00f9y nh\u00e0 b\u00e1n l\u1ebb), l\u00e0 d\u00f2ng thi\u1ebft b\u1ecb \u0111i\u1ec7n cao c\u1ea5p \u0111\u01b0\u1ee3c nh\u1eadp kh\u1ea9u theo c\u00f4ng ngh\u1ec7 \u0110\u1ee9c. S\u1ea3n ph\u1ea9m n\u00e0y n\u1ed5i b\u1eadt v\u1edbi thi\u1ebft k\u1ebf sang tr\u1ecdng, ph\u00f9 h\u1ee3p cho c\u00e1c c\u00f4ng tr\u00ecnh hi\u1ec7n \u0111\u1ea1i nh\u01b0 kh\u00e1ch s\u1ea1n, bi\u1ec7t th\u1ef1 v\u00e0 c\u0103n h\u1ed9 cao c\u1ea5p.<\/span><\/p>\n<p data-complete=\"true\" data-processed=\"true\"><img fetchpriority=\"high\" decoding=\"async\" class=\"alignnone size-medium wp-image-13785 aligncenter\" src=\"http:\/\/thietbidienlama.com\/wp-content\/uploads\/2025\/12\/Bo-1-Cong-Tac-Don-1-Chieu-UTEN-V6.0-Mau-Bac-V6K11-300x300.jpg\" alt=\"\" width=\"300\" height=\"300\" srcset=\"https:\/\/www.thietbidienlama.com\/wp-content\/uploads\/2025\/12\/Bo-1-Cong-Tac-Don-1-Chieu-UTEN-V6.0-Mau-Bac-V6K11-300x300.jpg 300w, https:\/\/www.thietbidienlama.com\/wp-content\/uploads\/2025\/12\/Bo-1-Cong-Tac-Don-1-Chieu-UTEN-V6.0-Mau-Bac-V6K11-150x150.jpg 150w, https:\/\/www.thietbidienlama.com\/wp-content\/uploads\/2025\/12\/Bo-1-Cong-Tac-Don-1-Chieu-UTEN-V6.0-Mau-Bac-V6K11-12x12.jpg 12w, https:\/\/www.thietbidienlama.com\/wp-content\/uploads\/2025\/12\/Bo-1-Cong-Tac-Don-1-Chieu-UTEN-V6.0-Mau-Bac-V6K11.jpg 500w\" sizes=\"(max-width: 300px) 100vw, 300px\" \/><\/p>\n<h3 role=\"heading\" aria-level=\"3\" data-processed=\"true\" data-complete=\"true\"><span style=\"color: #000000; font-size: 14pt;\">Th\u00f4ng s\u1ed1 k\u1ef9 thu\u1eadt ch\u00ednh<\/span><\/h3>\n<ul data-processed=\"true\" data-complete=\"true\">\n<li data-hveid=\"CAQQAA\" data-complete=\"true\" data-sae=\"\"><span style=\"color: #000000; font-size: 12pt;\">M\u00e3 s\u1ea3n ph\u1ea9m:\u00a0V6.0GK11<\/span><\/li>\n<li data-hveid=\"CAQQAQ\" data-complete=\"true\" data-sae=\"\"><span style=\"color: #000000; font-size: 12pt;\">M\u00e0u s\u1eafc:\u00a0M\u1eb7t c\u00f4ng t\u1eafc m\u00e0u ghi, vi\u1ec1n \u1ed1p nh\u00f4m x\u01b0\u1edbc m\u00e0u b\u1ea1c s\u00e1ng<\/span><\/li>\n<li data-hveid=\"CAQQAg\" data-complete=\"true\" data-sae=\"\"><span style=\"color: #000000; font-size: 12pt;\">Ch\u1ea5t li\u1ec7u:\u00a0Nh\u1ef1a PC cao c\u1ea5p v\u00e0 \u0111\u1ed3ng t\u00edm 65%<\/span><\/li>\n<li data-hveid=\"CAQQAw\" data-complete=\"true\" data-sae=\"\"><span style=\"color: #000000; font-size: 12pt;\">D\u00f2ng \u0111i\u1ec7n\/ \u0110i\u1ec7n \u00e1p \u0111\u1ecbnh m\u1ee9c:\u00a016A \/ 250V ~ 50\/60Hz<\/span><\/li>\n<li data-hveid=\"CAQQBA\" data-sae=\"\" data-complete=\"true\"><span style=\"color: #000000; font-size: 12pt;\">C\u01a1 ch\u1ebf ho\u1ea1t \u0111\u1ed9ng:\u00a0B\u1eadp b\u00eanh<\/span><\/li>\n<li data-hveid=\"CAQQBQ\" data-complete=\"true\" data-processed=\"true\" data-sae=\"\"><span style=\"color: #000000; font-size: 12pt;\">Ti\u1ebfp \u0111i\u1ec3m:\u00a0M\u1ea1 b\u1ea1c 0,35mm, gi\u00fap d\u1eabn \u0111i\u1ec7n t\u1ed1t v\u00e0 t\u0103ng tu\u1ed5i th\u1ecd s\u1ea3n ph\u1ea9m<\/span><\/li>\n<li data-hveid=\"CAQQBg\" data-complete=\"true\" data-processed=\"true\" data-sae=\"\"><span style=\"color: #000000; font-size: 12pt;\">Tu\u1ed5i th\u1ecd:\u00a0Kho\u1ea3ng 40.000 \u0111\u1ebfn 60.000 l\u1ea7n b\u1eadt\/t\u1eaft<\/span><\/li>\n<li data-hveid=\"CAQQBw\" data-complete=\"true\" data-processed=\"true\" data-sae=\"\"><span style=\"color: #000000; font-size: 12pt;\">K\u00edch th\u01b0\u1edbc:\u00a086 x 86 mm, s\u1eed d\u1ee5ng v\u1edbi \u0111\u1ebf \u00e2m vu\u00f4ng ti\u00eau chu\u1ea9n<\/span><\/li>\n<li data-hveid=\"CAQQCA\" data-complete=\"true\" data-processed=\"true\" data-sae=\"\"><span style=\"color: #000000; font-size: 12pt;\">Nhi\u1ec7t \u0111\u1ed9 l\u00e0m vi\u1ec7c:\u00a0T\u1eeb -20\u00b0C \u0111\u1ebfn 70\u00b0C<\/span><\/li>\n<li data-hveid=\"CAQQCQ\" data-complete=\"true\" data-processed=\"true\" data-sae=\"\"><span style=\"color: #000000; font-size: 12pt;\">B\u1ea3o h\u00e0nh: Th\u01b0\u1eddng \u0111\u01b0\u1ee3c b\u1ea3o h\u00e0nh 12 n\u0103m<\/span><\/li>\n<\/ul>\n<p data-hveid=\"CAUQAA\" data-complete=\"true\" data-processed=\"true\"><span style=\"color: #000000; font-size: 12pt;\">S\u1ea3n ph\u1ea9m \u0111\u01b0\u1ee3c \u0111\u00e1nh gi\u00e1 cao v\u1ec1 ch\u1ea5t l\u01b0\u1ee3ng v\u00e0 \u0111\u1ed9 b\u1ec1n, mang l\u1ea1i v\u1ebb \u0111\u1eb9p tinh t\u1ebf cho kh\u00f4ng gian l\u1eafp \u0111\u1eb7t.<\/span><\/p>\n<p style=\"text-align: center;\" data-hveid=\"CAUQAA\" data-complete=\"true\" data-processed=\"true\"><img decoding=\"async\" class=\"alignnone size-medium wp-image-13783\" src=\"http:\/\/thietbidienlama.com\/wp-content\/uploads\/2025\/12\/Bo-1-Cong-Tac-Don-1-Chieu-UTEN-V6.0-Mau-Bac-V6K11-3-300x300.jpg\" alt=\"\" width=\"300\" height=\"300\" srcset=\"https:\/\/www.thietbidienlama.com\/wp-content\/uploads\/2025\/12\/Bo-1-Cong-Tac-Don-1-Chieu-UTEN-V6.0-Mau-Bac-V6K11-3-300x300.jpg 300w, https:\/\/www.thietbidienlama.com\/wp-content\/uploads\/2025\/12\/Bo-1-Cong-Tac-Don-1-Chieu-UTEN-V6.0-Mau-Bac-V6K11-3-150x150.jpg 150w, https:\/\/www.thietbidienlama.com\/wp-content\/uploads\/2025\/12\/Bo-1-Cong-Tac-Don-1-Chieu-UTEN-V6.0-Mau-Bac-V6K11-3-12x12.jpg 12w, https:\/\/www.thietbidienlama.com\/wp-content\/uploads\/2025\/12\/Bo-1-Cong-Tac-Don-1-Chieu-UTEN-V6.0-Mau-Bac-V6K11-3.jpg 500w\" sizes=\"(max-width: 300px) 100vw, 300px\" \/> <img decoding=\"async\" class=\"alignnone size-medium wp-image-13784\" src=\"http:\/\/thietbidienlama.com\/wp-content\/uploads\/2025\/12\/Bo-1-Cong-Tac-Don-1-Chieu-UTEN-V6.0-Mau-Bac-V6K11-4-300x300.jpg\" alt=\"\" width=\"300\" height=\"300\" srcset=\"https:\/\/www.thietbidienlama.com\/wp-content\/uploads\/2025\/12\/Bo-1-Cong-Tac-Don-1-Chieu-UTEN-V6.0-Mau-Bac-V6K11-4-300x300.jpg 300w, https:\/\/www.thietbidienlama.com\/wp-content\/uploads\/2025\/12\/Bo-1-Cong-Tac-Don-1-Chieu-UTEN-V6.0-Mau-Bac-V6K11-4-150x150.jpg 150w, https:\/\/www.thietbidienlama.com\/wp-content\/uploads\/2025\/12\/Bo-1-Cong-Tac-Don-1-Chieu-UTEN-V6.0-Mau-Bac-V6K11-4-12x12.jpg 12w, https:\/\/www.thietbidienlama.com\/wp-content\/uploads\/2025\/12\/Bo-1-Cong-Tac-Don-1-Chieu-UTEN-V6.0-Mau-Bac-V6K11-4.jpg 500w\" sizes=\"(max-width: 300px) 100vw, 300px\" \/> <img loading=\"lazy\" decoding=\"async\" class=\"alignnone size-medium wp-image-13785\" src=\"http:\/\/thietbidienlama.com\/wp-content\/uploads\/2025\/12\/Bo-1-Cong-Tac-Don-1-Chieu-UTEN-V6.0-Mau-Bac-V6K11-300x300.jpg\" alt=\"\" width=\"300\" height=\"300\" srcset=\"https:\/\/www.thietbidienlama.com\/wp-content\/uploads\/2025\/12\/Bo-1-Cong-Tac-Don-1-Chieu-UTEN-V6.0-Mau-Bac-V6K11-300x300.jpg 300w, https:\/\/www.thietbidienlama.com\/wp-content\/uploads\/2025\/12\/Bo-1-Cong-Tac-Don-1-Chieu-UTEN-V6.0-Mau-Bac-V6K11-150x150.jpg 150w, https:\/\/www.thietbidienlama.com\/wp-content\/uploads\/2025\/12\/Bo-1-Cong-Tac-Don-1-Chieu-UTEN-V6.0-Mau-Bac-V6K11-12x12.jpg 12w, https:\/\/www.thietbidienlama.com\/wp-content\/uploads\/2025\/12\/Bo-1-Cong-Tac-Don-1-Chieu-UTEN-V6.0-Mau-Bac-V6K11.jpg 500w\" sizes=\"(max-width: 300px) 100vw, 300px\" \/><\/p>\n<p class=\"Y3BBE\" data-hveid=\"CAEICBAA\" data-complete=\"true\" data-processed=\"true\"><span style=\"font-size: 12pt; color: #000000;\"><strong>LI\u00caN H\u1ec6 : Hotline: 0935 228 204 ( Ms Lam )<\/strong><\/span><\/p>\n<p><span style=\"font-size: 12pt; color: #000000;\"><strong>Facebook:\u00a0<span style=\"color: #ff6600;\"><a style=\"color: #ff6600;\" href=\"https:\/\/www.facebook.com\/thietbidienlama\" target=\"_blank\" rel=\"noopener\">THI\u1ebeT\u00a0B\u1eca \u0110I\u1ec6N LAMA<\/a><\/span><\/strong><\/span><\/p>\n<p><span style=\"font-size: 12pt; color: #000000;\"><strong>Tiktok:\u00a0<span style=\"color: #ff6600;\"><a style=\"color: #ff6600;\" href=\"https:\/\/www.tiktok.com\/@thietbidienlama\" target=\"_blank\" rel=\"noopener\">THI\u1ebeT\u00a0B\u1eca \u0110I\u1ec6N LAMA<\/a><\/span><\/strong><\/span><\/p>\n<p><span style=\"font-size: 12pt; color: #000000;\"><strong>Youtube: <span style=\"color: #ff6600;\"><a style=\"color: #ff6600;\" href=\"https:\/\/www.youtube.com\/@thietbidienlama\" target=\"_blank\" rel=\"noopener\">THI\u1ebeT\u00a0B\u1eca \u0110I\u1ec6N LAMA<\/a><\/span><\/strong><\/span><\/p>","protected":false},"excerpt":{"rendered":"<p>B\u1ed9 1 C\u00f4ng T\u1eafc \u0110\u01a1n 1 Chi\u1ec1u UTEN V6.0 M\u00e0u B\u1ea1c V6K1\/1 B\u1ed9 1 c\u00f4ng t\u1eafc \u0111\u01a1n 1 chi\u1ec1u UTEN<\/p>","protected":false},"featured_media":13782,"comment_status":"closed","ping_status":"closed","template":"","meta":[],"product_brand":[],"product_cat":[1021,978],"product_tag":[],"class_list":{"0":"post-13781","1":"product","2":"type-product","3":"status-publish","4":"has-post-thumbnail","6":"product_cat-uten-v6","7":"product_cat-thiet-bi-dien-uten","9":"first","10":"instock","11":"sale","12":"shipping-taxable","13":"purchasable","14":"product-type-simple"},"_links":{"self":[{"href":"https:\/\/www.thietbidienlama.com\/en\/wp-json\/wp\/v2\/product\/13781","targetHints":{"allow":["GET"]}}],"collection":[{"href":"https:\/\/www.thietbidienlama.com\/en\/wp-json\/wp\/v2\/product"}],"about":[{"href":"https:\/\/www.thietbidienlama.com\/en\/wp-json\/wp\/v2\/types\/product"}],"replies":[{"embeddable":true,"href":"https:\/\/www.thietbidienlama.com\/en\/wp-json\/wp\/v2\/comments?post=13781"}],"version-history":[{"count":2,"href":"https:\/\/www.thietbidienlama.com\/en\/wp-json\/wp\/v2\/product\/13781\/revisions"}],"predecessor-version":[{"id":13787,"href":"https:\/\/www.thietbidienlama.com\/en\/wp-json\/wp\/v2\/product\/13781\/revisions\/13787"}],"wp:featuredmedia":[{"embeddable":true,"href":"https:\/\/www.thietbidienlama.com\/en\/wp-json\/wp\/v2\/media\/13782"}],"wp:attachment":[{"href":"https:\/\/www.thietbidienlama.com\/en\/wp-json\/wp\/v2\/media?parent=13781"}],"wp:term":[{"taxonomy":"product_brand","embeddable":true,"href":"https:\/\/www.thietbidienlama.com\/en\/wp-json\/wp\/v2\/product_brand?post=13781"},{"taxonomy":"product_cat","embeddable":true,"href":"https:\/\/www.thietbidienlama.com\/en\/wp-json\/wp\/v2\/product_cat?post=13781"},{"taxonomy":"product_tag","embeddable":true,"href":"https:\/\/www.thietbidienlama.com\/en\/wp-json\/wp\/v2\/product_tag?post=13781"}],"curies":[{"name":"wp","href":"https:\/\/api.w.org\/{rel}","templated":true}]}}