{"id":13775,"date":"2025-11-28T15:13:14","date_gmt":"2025-11-28T08:13:14","guid":{"rendered":"https:\/\/thietbidienlama.com\/?post_type=product&#038;p=13775"},"modified":"2025-11-28T15:13:14","modified_gmt":"2025-11-28T08:13:14","slug":"den-lon-tran-noi-am-12w-2-trong-1","status":"publish","type":"product","link":"https:\/\/www.thietbidienlama.com\/en\/den-lon-tran-noi-am-12w-2-trong-1\/","title":{"rendered":"\u0110\u00e8n Lon Tr\u1ea7n N\u1ed5i \u00c2m 12W 2 Trong 1 LNA-151 Euroto"},"content":{"rendered":"<h2 style=\"text-align: center;\"><span style=\"color: #000000;\">\u0110\u00e8n Lon Tr\u1ea7n N\u1ed5i \u00c2m 12W 2 Trong 1 LNA-151 Euroto<\/span><\/h2>\n<p class=\"Y3BBE\" data-hveid=\"CAEIAhAA\" data-processed=\"true\" data-complete=\"true\"><span style=\"font-size: 12pt; color: #000000;\"><strong><span style=\"color: #ff6600;\"><a style=\"color: #ff6600;\" href=\"https:\/\/thietbidienlama.com\/den-lon-tran-noi-am-12w-2-trong-1\/\">\u0110\u00e8n Lon Tr\u1ea7n<\/a><\/span><\/strong> N\u1ed5i \u00c2m 12W 2 Trong 1 LNA-151 Euroto l\u00e0 d\u00f2ng\u00a0<strong class=\"Yjhzub\" data-complete=\"true\" data-processed=\"true\">\u0111\u00e8n LED chi\u1ebfu \u0111i\u1ec3m \u0111a n\u0103ng<\/strong>\u00a0c\u00f3 th\u1ec3 l\u1eafp \u0111\u1eb7t theo c\u1ea3 hai c\u00e1ch:\u00a0<strong class=\"Yjhzub\" data-complete=\"true\" data-processed=\"true\">g\u1eafn n\u1ed5i<\/strong>\u00a0tr\u00ean b\u1ec1 m\u1eb7t tr\u1ea7n ho\u1eb7c\u00a0<strong class=\"Yjhzub\" data-complete=\"true\" data-processed=\"true\">g\u1eafn \u00e2m<\/strong>\u00a0v\u00e0o tr\u1ea7n, mang l\u1ea1i gi\u1ea3i ph\u00e1p chi\u1ebfu s\u00e1ng linh ho\u1ea1t v\u00e0 th\u1ea9m m\u1ef9 cao.<\/span><\/p>\n<p data-hveid=\"CAEIAhAA\" data-processed=\"true\" data-complete=\"true\"><img fetchpriority=\"high\" decoding=\"async\" class=\"alignnone size-medium wp-image-13776 aligncenter\" src=\"http:\/\/thietbidienlama.com\/wp-content\/uploads\/2025\/11\/Den-Lon-Tran-Noi-Am-12W-2-Trong-1-LNA-151-Euroto-2-300x300.jpg\" alt=\"\" width=\"300\" height=\"300\" srcset=\"https:\/\/www.thietbidienlama.com\/wp-content\/uploads\/2025\/11\/Den-Lon-Tran-Noi-Am-12W-2-Trong-1-LNA-151-Euroto-2-300x300.jpg 300w, https:\/\/www.thietbidienlama.com\/wp-content\/uploads\/2025\/11\/Den-Lon-Tran-Noi-Am-12W-2-Trong-1-LNA-151-Euroto-2-150x150.jpg 150w, https:\/\/www.thietbidienlama.com\/wp-content\/uploads\/2025\/11\/Den-Lon-Tran-Noi-Am-12W-2-Trong-1-LNA-151-Euroto-2-12x12.jpg 12w, https:\/\/www.thietbidienlama.com\/wp-content\/uploads\/2025\/11\/Den-Lon-Tran-Noi-Am-12W-2-Trong-1-LNA-151-Euroto-2.jpg 500w\" sizes=\"(max-width: 300px) 100vw, 300px\" \/><\/p>\n<h3 class=\"otQkpb\" role=\"heading\" aria-level=\"3\" data-processed=\"true\" data-complete=\"true\"><span style=\"font-size: 14pt; color: #000000;\">Th\u00f4ng S\u1ed1 K\u1ef9 Thu\u1eadt Ch\u00ednh<\/span><\/h3>\n<p class=\"Y3BBE\" data-hveid=\"CAEIBBAA\" data-complete=\"true\" data-processed=\"true\"><span style=\"font-size: 12pt; color: #000000;\">\u0110\u00e8n Euroto LNA-151 \u0111\u01b0\u1ee3c \u01b0a chu\u1ed9ng nh\u1edd thi\u1ebft k\u1ebf hi\u1ec7n \u0111\u1ea1i v\u00e0 ch\u1ea5t l\u01b0\u1ee3ng \u00e1nh s\u00e1ng t\u1ed1t.<span class=\"uJ19be notranslate\" data-wiz-uids=\"HfPC7c_p,HfPC7c_q,HfPC7c_r\" data-complete=\"true\" data-processed=\"true\"><span class=\"vKEkVd\" data-animation-atomic=\"\" data-sae=\"\">\u00a0<\/span><\/span><\/span><\/p>\n<table class=\"NRefec\" style=\"width: 45.1542%; height: 397px;\" data-animation-nesting=\"\" data-complete=\"true\" data-sae=\"\">\n<tbody data-complete=\"true\">\n<tr class=\"cZCYO\" data-sfc-cp=\"\" data-complete=\"true\">\n<th class=\"iry6k\" colspan=\"undefined\" data-sfc-cp=\"\" data-complete=\"true\"><span style=\"font-size: 12pt; color: #000000;\"><strong class=\"Yjhzub\" data-complete=\"true\">Thu\u1ed9c t\u00ednh<\/strong><span class=\"uJ19be notranslate\" data-wiz-uids=\"HfPC7c_y,HfPC7c_z,HfPC7c_10\" data-complete=\"true\"><span class=\"vKEkVd\" data-animation-atomic=\"\" data-sae=\"\">\u00a0<\/span><\/span><\/span><\/th>\n<th class=\"iry6k\" colspan=\"undefined\" data-sfc-cp=\"\" data-complete=\"true\"><span style=\"font-size: 12pt; color: #000000;\"><strong class=\"Yjhzub\" data-complete=\"true\">Chi ti\u1ebft<\/strong><\/span><\/th>\n<\/tr>\n<tr class=\"cZCYO\" data-sfc-cp=\"\" data-complete=\"true\">\n<td class=\"cOeeGf\" colspan=\"undefined\" data-sfc-cp=\"\" data-complete=\"true\"><span style=\"font-size: 12pt; color: #000000;\"><strong class=\"Yjhzub\" data-complete=\"true\">M\u00e3 s\u1ea3n ph\u1ea9m<\/strong><\/span><\/td>\n<td class=\"cOeeGf\" colspan=\"undefined\" data-sfc-cp=\"\" data-complete=\"true\"><span style=\"font-size: 12pt; color: #000000;\"><strong class=\"Yjhzub\" data-complete=\"true\">LNA-151<\/strong><\/span><\/td>\n<\/tr>\n<tr class=\"cZCYO\" data-sfc-cp=\"\" data-complete=\"true\">\n<td class=\"cOeeGf\" colspan=\"undefined\" data-sfc-cp=\"\" data-complete=\"true\"><span style=\"font-size: 12pt; color: #000000;\"><strong class=\"Yjhzub\" data-complete=\"true\">Th\u01b0\u01a1ng hi\u1ec7u<\/strong><\/span><\/td>\n<td class=\"cOeeGf\" colspan=\"undefined\" data-sfc-cp=\"\" data-complete=\"true\"><span style=\"font-size: 12pt; color: #000000;\"><strong class=\"Yjhzub\" data-complete=\"true\">Euroto<\/strong><\/span><\/td>\n<\/tr>\n<tr class=\"cZCYO\" data-sfc-cp=\"\" data-complete=\"true\">\n<td class=\"cOeeGf\" colspan=\"undefined\" data-sfc-cp=\"\" data-complete=\"true\"><span style=\"font-size: 12pt; color: #000000;\"><strong class=\"Yjhzub\" data-complete=\"true\">C\u00f4ng su\u1ea5t<\/strong><\/span><\/td>\n<td class=\"cOeeGf\" colspan=\"undefined\" data-sfc-cp=\"\" data-complete=\"true\"><span style=\"font-size: 12pt; color: #000000;\"><strong class=\"Yjhzub\" data-complete=\"true\">12W<\/strong><\/span><\/td>\n<\/tr>\n<tr class=\"cZCYO\" data-sfc-cp=\"\" data-complete=\"true\">\n<td class=\"cOeeGf\" colspan=\"undefined\" data-sfc-cp=\"\" data-complete=\"true\"><span style=\"font-size: 12pt; color: #000000;\"><strong class=\"Yjhzub\" data-complete=\"true\">Ki\u1ec3u l\u1eafp \u0111\u1eb7t<\/strong><\/span><\/td>\n<td class=\"cOeeGf\" colspan=\"undefined\" data-sfc-cp=\"\" data-complete=\"true\"><span style=\"font-size: 12pt; color: #000000;\">2 trong 1 (C\u00f3 th\u1ec3 l\u1eafp\u00a0<strong class=\"Yjhzub\" data-complete=\"true\">n\u1ed5i<\/strong>\u00a0ho\u1eb7c\u00a0<strong class=\"Yjhzub\" data-complete=\"true\">\u00e2m tr\u1ea7n<\/strong>)<\/span><\/td>\n<\/tr>\n<tr class=\"cZCYO\" data-sfc-cp=\"\" data-complete=\"true\">\n<td class=\"cOeeGf\" colspan=\"undefined\" data-sfc-cp=\"\" data-complete=\"true\"><span style=\"font-size: 12pt; color: #000000;\"><strong class=\"Yjhzub\" data-complete=\"true\">Lo\u1ea1i b\u00f3ng<\/strong><\/span><\/td>\n<td class=\"cOeeGf\" colspan=\"undefined\" data-sfc-cp=\"\" data-complete=\"true\"><span style=\"font-size: 12pt; color: #000000;\">LED COB<\/span><\/td>\n<\/tr>\n<tr class=\"cZCYO\" data-sfc-cp=\"\" data-complete=\"true\">\n<td class=\"cOeeGf\" colspan=\"undefined\" data-sfc-cp=\"\" data-complete=\"true\"><span style=\"font-size: 12pt; color: #000000;\"><strong class=\"Yjhzub\" data-complete=\"true\">Chip LED<\/strong><\/span><\/td>\n<td class=\"cOeeGf\" colspan=\"undefined\" data-sfc-cp=\"\" data-complete=\"true\"><span style=\"font-size: 12pt; color: #000000;\"><strong class=\"Yjhzub\" data-complete=\"true\">Bridgelux<\/strong>\u00a0(USA)<\/span><\/td>\n<\/tr>\n<tr class=\"cZCYO\" data-sfc-cp=\"\" data-complete=\"true\">\n<td class=\"cOeeGf\" colspan=\"undefined\" data-sfc-cp=\"\" data-complete=\"true\"><span style=\"font-size: 12pt; color: #000000;\"><strong class=\"Yjhzub\" data-complete=\"true\">T\u00f9y ch\u1ecdn \u00e1nh s\u00e1ng<\/strong><\/span><\/td>\n<td class=\"cOeeGf\" colspan=\"undefined\" data-sfc-cp=\"\" data-complete=\"true\"><span style=\"font-size: 12pt; color: #000000;\">3000K (v\u00e0ng), 4000K (trung t\u00ednh), 6500K (tr\u1eafng)<\/span><\/td>\n<\/tr>\n<tr class=\"cZCYO\" data-sfc-cp=\"\" data-complete=\"true\">\n<td class=\"cOeeGf\" colspan=\"undefined\" data-sfc-cp=\"\" data-complete=\"true\"><span style=\"font-size: 12pt; color: #000000;\"><strong class=\"Yjhzub\" data-complete=\"true\">G\u00f3c chi\u1ebfu<\/strong><\/span><\/td>\n<td class=\"cOeeGf\" colspan=\"undefined\" data-sfc-cp=\"\" data-complete=\"true\"><span style=\"font-size: 12pt; color: #000000;\"><strong class=\"Yjhzub\" data-complete=\"true\">45\u00b0<\/strong><\/span><\/td>\n<\/tr>\n<tr class=\"cZCYO\" data-sfc-cp=\"\" data-complete=\"true\">\n<td class=\"cOeeGf\" colspan=\"undefined\" data-sfc-cp=\"\" data-complete=\"true\"><span style=\"font-size: 12pt; color: #000000;\"><strong class=\"Yjhzub\" data-complete=\"true\">M\u00e0u v\u1ecf<\/strong><\/span><\/td>\n<td class=\"cOeeGf\" colspan=\"undefined\" data-sfc-cp=\"\" data-complete=\"true\"><span style=\"font-size: 12pt; color: #000000;\"><strong class=\"Yjhzub\" data-complete=\"true\">Tr\u1eafng<\/strong><\/span><\/td>\n<\/tr>\n<tr class=\"cZCYO\" data-sfc-cp=\"\" data-complete=\"true\">\n<td class=\"cOeeGf\" colspan=\"undefined\" data-sfc-cp=\"\" data-complete=\"true\"><span style=\"font-size: 12pt; color: #000000;\"><strong class=\"Yjhzub\" data-complete=\"true\">\u0110\u1eb7c \u0111i\u1ec3m<\/strong><\/span><\/td>\n<td class=\"cOeeGf\" colspan=\"undefined\" data-sfc-cp=\"\" data-complete=\"true\"><span style=\"font-size: 12pt; color: #000000;\">Ch\u00f3a \u0111\u00e8n c\u00f3 th\u1ec3\u00a0<strong class=\"Yjhzub\" data-complete=\"true\">ch\u1ec9nh h\u01b0\u1edbng<\/strong><\/span><\/td>\n<\/tr>\n<tr class=\"cZCYO\" data-sfc-cp=\"\" data-complete=\"true\">\n<td class=\"cOeeGf\" colspan=\"undefined\" data-sfc-cp=\"\" data-complete=\"true\"><span style=\"font-size: 12pt; color: #000000;\"><strong class=\"Yjhzub\" data-complete=\"true\">K\u00edch th\u01b0\u1edbc<\/strong><\/span><\/td>\n<td class=\"cOeeGf\" colspan=\"undefined\" data-sfc-cp=\"\" data-complete=\"true\"><span style=\"font-size: 12pt; color: #000000;\">97 x 97 x H140 mm (k\u00edch th\u01b0\u1edbc n\u1ed5i)<\/span><\/td>\n<\/tr>\n<tr class=\"cZCYO\" data-sfc-cp=\"\" data-complete=\"true\">\n<td class=\"cOeeGf\" colspan=\"undefined\" data-sfc-cp=\"\" data-complete=\"true\"><span style=\"font-size: 12pt; color: #000000;\"><strong class=\"Yjhzub\" data-complete=\"true\">K\u00edch th\u01b0\u1edbc kho\u00e9t l\u1ed7<\/strong><\/span><\/td>\n<td class=\"cOeeGf\" colspan=\"undefined\" data-sfc-cp=\"\" data-complete=\"true\"><span style=\"font-size: 12pt; color: #000000;\">100 x 100 mm (khi l\u1eafp \u00e2m)<\/span><\/td>\n<\/tr>\n<tr class=\"cZCYO\" data-sfc-cp=\"\" data-complete=\"true\">\n<td class=\"cOeeGf\" colspan=\"undefined\" data-sfc-cp=\"\" data-complete=\"true\"><span style=\"font-size: 12pt; color: #000000;\"><strong class=\"Yjhzub\" data-complete=\"true\">B\u1ea3o h\u00e0nh<\/strong><\/span><\/td>\n<td class=\"cOeeGf\" colspan=\"undefined\" data-sfc-cp=\"\" data-complete=\"true\"><span style=\"font-size: 12pt; color: #000000;\">24 th\u00e1ng (t\u00f9y nh\u00e0 b\u00e1n l\u1ebb, c\u00f3 th\u1ec3 l\u00ean t\u1edbi 3 n\u0103m)<\/span><\/td>\n<\/tr>\n<\/tbody>\n<\/table>\n<p><img decoding=\"async\" class=\"alignnone size-medium wp-image-13777 aligncenter\" src=\"http:\/\/thietbidienlama.com\/wp-content\/uploads\/2025\/11\/Den-Lon-Tran-Noi-Am-12W-2-Trong-1-LNA-151-Euroto-300x300.jpg\" alt=\"\" width=\"300\" height=\"300\" srcset=\"https:\/\/www.thietbidienlama.com\/wp-content\/uploads\/2025\/11\/Den-Lon-Tran-Noi-Am-12W-2-Trong-1-LNA-151-Euroto-300x300.jpg 300w, https:\/\/www.thietbidienlama.com\/wp-content\/uploads\/2025\/11\/Den-Lon-Tran-Noi-Am-12W-2-Trong-1-LNA-151-Euroto-150x150.jpg 150w, https:\/\/www.thietbidienlama.com\/wp-content\/uploads\/2025\/11\/Den-Lon-Tran-Noi-Am-12W-2-Trong-1-LNA-151-Euroto-12x12.jpg 12w, https:\/\/www.thietbidienlama.com\/wp-content\/uploads\/2025\/11\/Den-Lon-Tran-Noi-Am-12W-2-Trong-1-LNA-151-Euroto.jpg 500w\" sizes=\"(max-width: 300px) 100vw, 300px\" \/><\/p>\n<h3 class=\"otQkpb\" role=\"heading\" aria-level=\"3\" data-processed=\"true\" data-complete=\"true\"><span style=\"font-size: 14pt; color: #000000;\">\u1ee8ng D\u1ee5ng Ph\u1ed5 Bi\u1ebfn<\/span><\/h3>\n<p class=\"Y3BBE\" data-hveid=\"CAEIBxAA\" data-complete=\"true\" data-processed=\"true\"><span style=\"font-size: 12pt; color: #000000;\">\u0110\u00e8n LNA-151 \u0111\u01b0\u1ee3c s\u1eed d\u1ee5ng r\u1ed9ng r\u00e3i trong nhi\u1ec1u kh\u00f4ng gian kh\u00e1c nhau do kh\u1ea3 n\u0103ng chi\u1ebfu \u0111i\u1ec3m linh ho\u1ea1t v\u00e0 thi\u1ebft k\u1ebf \u0111\u1eb9p m\u1eaft.<\/span><\/p>\n<ul class=\"KsbFXc U6u95\" data-processed=\"true\" data-complete=\"true\">\n<li data-hveid=\"CAEICBAA\" data-complete=\"true\" data-sae=\"\"><span class=\"T286Pc\" style=\"font-size: 12pt; color: #000000;\" data-sfc-cp=\"\" data-complete=\"true\"><strong class=\"Yjhzub\" data-complete=\"true\">Nh\u00e0 \u1edf:<\/strong>\u00a0L\u1eafp \u0111\u1eb7t \u1edf ph\u00f2ng kh\u00e1ch, h\u00e0nh lang, ho\u1eb7c c\u00e1c khe lam g\u1ed7 tr\u00ean tr\u1ea7n nh\u00e0.<\/span><\/li>\n<li data-hveid=\"CAEICBAB\" data-complete=\"true\" data-sae=\"\"><span class=\"T286Pc\" style=\"font-size: 12pt; color: #000000;\" data-sfc-cp=\"\" data-complete=\"true\"><strong class=\"Yjhzub\" data-complete=\"true\">Th\u01b0\u01a1ng m\u1ea1i:<\/strong>\u00a0Chi\u1ebfu s\u00e1ng shop th\u1eddi trang, nh\u00e0 h\u00e0ng, qu\u00e1n cafe, s\u1ea3nh kh\u00e1ch s\u1ea1n, v\u0103n ph\u00f2ng \u0111\u1ec3 t\u1ea1o \u0111i\u1ec3m nh\u1ea5n cho s\u1ea3n ph\u1ea9m ho\u1eb7c kh\u00f4ng gian.<\/span><\/li>\n<\/ul>\n<p class=\"Y3BBE\" data-hveid=\"CAEICBAA\" data-complete=\"true\" data-processed=\"true\"><span style=\"font-size: 12pt; color: #000000;\"><strong>LI\u00caN H\u1ec6 : Hotline: 0935 228 204 ( Ms Lam )<\/strong><\/span><\/p>\n<p><span style=\"font-size: 12pt; color: #000000;\"><strong>Facebook:\u00a0<span style=\"color: #ff6600;\"><a style=\"color: #ff6600;\" href=\"https:\/\/www.facebook.com\/thietbidienlama\" target=\"_blank\" rel=\"noopener\">THI\u1ebeT\u00a0B\u1eca \u0110I\u1ec6N LAMA<\/a><\/span><\/strong><\/span><\/p>\n<p><span style=\"font-size: 12pt; color: #000000;\"><strong>Tiktok:\u00a0<span style=\"color: #ff6600;\"><a style=\"color: #ff6600;\" href=\"https:\/\/www.tiktok.com\/@thietbidienlama\" target=\"_blank\" rel=\"noopener\">THI\u1ebeT\u00a0B\u1eca \u0110I\u1ec6N LAMA<\/a><\/span><\/strong><\/span><\/p>\n<p><span style=\"font-size: 12pt; color: #000000;\"><strong>Youtube: <span style=\"color: #ff6600;\"><a style=\"color: #ff6600;\" href=\"https:\/\/www.youtube.com\/@thietbidienlama\" target=\"_blank\" rel=\"noopener\">THI\u1ebeT\u00a0B\u1eca \u0110I\u1ec6N LAMA<\/a><\/span><\/strong><\/span><\/p>","protected":false},"excerpt":{"rendered":"<p>\u0110\u00e8n Lon Tr\u1ea7n N\u1ed5i \u00c2m 12W 2 Trong 1 LNA-151 Euroto \u0110\u00e8n Lon Tr\u1ea7n N\u1ed5i \u00c2m 12W 2 Trong 1<\/p>","protected":false},"featured_media":13777,"comment_status":"closed","ping_status":"closed","template":"","meta":[],"product_brand":[],"product_cat":[505,846],"product_tag":[894,871],"class_list":{"0":"post-13775","1":"product","2":"type-product","3":"status-publish","4":"has-post-thumbnail","6":"product_cat-den-trang-tri","7":"product_cat-den-lon-trang-tri","8":"product_tag-den-lon-tran","9":"product_tag-den-lon-trang-tri","11":"first","12":"instock","13":"shipping-taxable","14":"product-type-simple"},"_links":{"self":[{"href":"https:\/\/www.thietbidienlama.com\/en\/wp-json\/wp\/v2\/product\/13775","targetHints":{"allow":["GET"]}}],"collection":[{"href":"https:\/\/www.thietbidienlama.com\/en\/wp-json\/wp\/v2\/product"}],"about":[{"href":"https:\/\/www.thietbidienlama.com\/en\/wp-json\/wp\/v2\/types\/product"}],"replies":[{"embeddable":true,"href":"https:\/\/www.thietbidienlama.com\/en\/wp-json\/wp\/v2\/comments?post=13775"}],"version-history":[{"count":2,"href":"https:\/\/www.thietbidienlama.com\/en\/wp-json\/wp\/v2\/product\/13775\/revisions"}],"predecessor-version":[{"id":13779,"href":"https:\/\/www.thietbidienlama.com\/en\/wp-json\/wp\/v2\/product\/13775\/revisions\/13779"}],"wp:featuredmedia":[{"embeddable":true,"href":"https:\/\/www.thietbidienlama.com\/en\/wp-json\/wp\/v2\/media\/13777"}],"wp:attachment":[{"href":"https:\/\/www.thietbidienlama.com\/en\/wp-json\/wp\/v2\/media?parent=13775"}],"wp:term":[{"taxonomy":"product_brand","embeddable":true,"href":"https:\/\/www.thietbidienlama.com\/en\/wp-json\/wp\/v2\/product_brand?post=13775"},{"taxonomy":"product_cat","embeddable":true,"href":"https:\/\/www.thietbidienlama.com\/en\/wp-json\/wp\/v2\/product_cat?post=13775"},{"taxonomy":"product_tag","embeddable":true,"href":"https:\/\/www.thietbidienlama.com\/en\/wp-json\/wp\/v2\/product_tag?post=13775"}],"curies":[{"name":"wp","href":"https:\/\/api.w.org\/{rel}","templated":true}]}}