{"id":13771,"date":"2025-11-28T14:54:56","date_gmt":"2025-11-28T07:54:56","guid":{"rendered":"https:\/\/thietbidienlama.com\/?post_type=product&#038;p=13771"},"modified":"2025-11-28T14:59:51","modified_gmt":"2025-11-28T07:59:51","slug":"den-lon-noi-tran-spotlight-15w-euroto-ln-136","status":"publish","type":"product","link":"https:\/\/www.thietbidienlama.com\/en\/den-lon-noi-tran-spotlight-15w-euroto-ln-136\/","title":{"rendered":"\u0110\u00e8n Lon N\u1ed5i Tr\u1ea7n Spotlight 15W Euroto LN-136"},"content":{"rendered":"<h2 style=\"text-align: center;\"><span style=\"color: #000000;\">\u0110\u00e8n Lon N\u1ed5i Tr\u1ea7n Spotlight 15W Euroto LN-136<\/span><\/h2>\n<p class=\"Y3BBE\" data-hveid=\"CAEIAhAA\" data-complete=\"true\" data-processed=\"true\"><span style=\"font-size: 12pt; color: #000000;\"><span class=\"T286Pc\" data-sfc-cp=\"\" data-complete=\"true\" data-processed=\"true\"><span style=\"color: #ff6600;\"><a style=\"color: #ff6600;\" href=\"https:\/\/thietbidienlama.com\/den-lon-noi-tran-spotlight-15w-euroto-ln-136\/\"><strong>\u0110\u00e8n Lon N\u1ed5i<\/strong><\/a><\/span> Tr\u1ea7n Spotlight Euroto LN-136 l\u00e0 lo\u1ea1i \u0111\u00e8n LED \u1ed1p n\u1ed5i h\u00ecnh vu\u00f4ng, th\u01b0\u1eddng c\u00f3\u00a0<\/span><strong class=\"Yjhzub\" data-complete=\"true\" data-processed=\"true\">c\u00f4ng su\u1ea5t 15W<\/strong>, \u0111\u01b0\u1ee3c s\u1eed d\u1ee5ng r\u1ed9ng r\u00e3i \u0111\u1ec3 chi\u1ebfu s\u00e1ng v\u00e0 t\u1ea1o \u0111i\u1ec3m nh\u1ea5n cho nhi\u1ec1u kh\u00f4ng gian n\u1ed9i th\u1ea5t nh\u01b0 nh\u00e0 \u1edf, v\u0103n ph\u00f2ng, v\u00e0 c\u1eeda h\u00e0ng.<\/span><\/p>\n<p class=\"Fsg96\" data-complete=\"true\" data-processed=\"true\"><img fetchpriority=\"high\" decoding=\"async\" class=\"aligncenter wp-image-13772 size-medium\" src=\"http:\/\/thietbidienlama.com\/wp-content\/uploads\/2025\/11\/Den-Lon-Tran-Spotlight-15W-Euroto-LN-136-300x300.jpg\" alt=\"\u0110\u00e8n Lon N\u1ed5i Tr\u1ea7n Spotlight 15W Euroto LN-136\" width=\"300\" height=\"300\" srcset=\"https:\/\/www.thietbidienlama.com\/wp-content\/uploads\/2025\/11\/Den-Lon-Tran-Spotlight-15W-Euroto-LN-136-300x300.jpg 300w, https:\/\/www.thietbidienlama.com\/wp-content\/uploads\/2025\/11\/Den-Lon-Tran-Spotlight-15W-Euroto-LN-136-150x150.jpg 150w, https:\/\/www.thietbidienlama.com\/wp-content\/uploads\/2025\/11\/Den-Lon-Tran-Spotlight-15W-Euroto-LN-136-12x12.jpg 12w, https:\/\/www.thietbidienlama.com\/wp-content\/uploads\/2025\/11\/Den-Lon-Tran-Spotlight-15W-Euroto-LN-136.jpg 500w\" sizes=\"(max-width: 300px) 100vw, 300px\" \/><\/p>\n<h3 class=\"otQkpb\" role=\"heading\" aria-level=\"3\" data-processed=\"true\" data-complete=\"true\"><span style=\"font-size: 14pt; color: #000000;\">Th\u00f4ng s\u1ed1 k\u1ef9 thu\u1eadt<\/span><\/h3>\n<p class=\"Y3BBE\" data-hveid=\"CAEIBBAA\" data-processed=\"true\" data-complete=\"true\"><span style=\"font-size: 12pt; color: #000000;\">th\u00f4ng s\u1ed1 k\u1ef9 thu\u1eadt ch\u00ednh c\u1ee7a \u0110\u00e8n Lon N\u1ed5i Tr\u1ea7n Spotlight Euroto LN-136 nh\u01b0 sau:<\/span><\/p>\n<ul class=\"KsbFXc U6u95\" data-complete=\"true\" data-processed=\"true\">\n<li data-hveid=\"CAEIBRAA\" data-complete=\"true\" data-sae=\"\"><span class=\"T286Pc\" style=\"font-size: 12pt; color: #000000;\" data-sfc-cp=\"\" data-complete=\"true\"><strong class=\"Yjhzub\" data-complete=\"true\">C\u00f4ng su\u1ea5t:<\/strong>\u00a015W<\/span><\/li>\n<li data-hveid=\"CAEIBRAB\" data-complete=\"true\" data-sae=\"\"><span class=\"T286Pc\" style=\"font-size: 12pt; color: #000000;\" data-sfc-cp=\"\" data-complete=\"true\"><strong class=\"Yjhzub\" data-complete=\"true\">\u0110i\u1ec7n \u00e1p:<\/strong>\u00a085V \u2013 265V<\/span><\/li>\n<li data-hveid=\"CAEIBRAC\" data-complete=\"true\" data-sae=\"\"><span class=\"T286Pc\" style=\"font-size: 12pt; color: #000000;\" data-sfc-cp=\"\" data-complete=\"true\"><strong class=\"Yjhzub\" data-complete=\"true\">Chip LED:<\/strong>\u00a0Bridgelux (USA)<\/span><\/li>\n<li data-hveid=\"CAEIBRAD\" data-complete=\"true\" data-sae=\"\"><span class=\"T286Pc\" style=\"font-size: 12pt; color: #000000;\" data-sfc-cp=\"\" data-complete=\"true\"><strong class=\"Yjhzub\" data-complete=\"true\">Quang th\u00f4ng:<\/strong>\u00a01800 lumen<\/span><\/li>\n<li data-hveid=\"CAEIBRAE\" data-complete=\"true\" data-sae=\"\"><span class=\"T286Pc\" style=\"font-size: 12pt; color: #000000;\" data-sfc-cp=\"\" data-complete=\"true\"><strong class=\"Yjhzub\" data-complete=\"true\">G\u00f3c chi\u1ebfu:<\/strong>\u00a045 \u0111\u1ed9<\/span><\/li>\n<li data-hveid=\"CAEIBRAF\" data-complete=\"true\" data-sae=\"\"><span class=\"T286Pc\" style=\"font-size: 12pt; color: #000000;\" data-sfc-cp=\"\" data-complete=\"true\"><strong class=\"Yjhzub\" data-complete=\"true\">Nhi\u1ec7t \u0111\u1ed9 m\u00e0u (M\u00e0u \u00e1nh s\u00e1ng):<\/strong>\u00a03 t\u00f9y ch\u1ecdn (tr\u1eafng: 6500K, trung t\u00ednh: 4000K, v\u00e0ng: 3000K)<\/span><\/li>\n<li data-hveid=\"CAEIBRAG\" data-complete=\"true\" data-sae=\"\"><span class=\"T286Pc\" style=\"font-size: 12pt; color: #000000;\" data-sfc-cp=\"\" data-complete=\"true\"><strong class=\"Yjhzub\" data-complete=\"true\">K\u00edch th\u01b0\u1edbc:<\/strong>\u00a0\u03a6110 x H124 mm<\/span><\/li>\n<li data-hveid=\"CAEIBRAH\" data-complete=\"true\" data-sae=\"\"><span class=\"T286Pc\" style=\"font-size: 12pt; color: #000000;\" data-sfc-cp=\"\" data-complete=\"true\"><strong class=\"Yjhzub\" data-complete=\"true\">Ch\u1ec9 s\u1ed1 ho\u00e0n m\u00e0u (CRI):<\/strong>\u00a0&gt;90<\/span><\/li>\n<li data-hveid=\"CAEIBRAI\" data-complete=\"true\" data-sae=\"\"><span class=\"T286Pc\" style=\"font-size: 12pt; color: #000000;\" data-sfc-cp=\"\" data-complete=\"true\"><strong class=\"Yjhzub\" data-complete=\"true\">Tu\u1ed5i th\u1ecd:<\/strong>\u00a040.000 gi\u1edd<\/span><\/li>\n<li data-hveid=\"CAEIBRAJ\" data-complete=\"true\" data-sae=\"\"><span class=\"T286Pc\" style=\"font-size: 12pt; color: #000000;\" data-sfc-cp=\"\" data-complete=\"true\"><strong class=\"Yjhzub\" data-complete=\"true\">Ch\u1ea5t li\u1ec7u:<\/strong>\u00a0Th\u00e2n \u0111\u00e8n b\u1eb1ng h\u1ee3p kim nh\u00f4m s\u01a1n t\u0129nh \u0111i\u1ec7n v\u00e0 ABS<\/span><\/li>\n<li data-hveid=\"CAEIBRAK\" data-complete=\"true\" data-sae=\"\"><span class=\"T286Pc\" style=\"font-size: 12pt; color: #000000;\" data-sfc-cp=\"\" data-complete=\"true\"><strong class=\"Yjhzub\" data-complete=\"true\">M\u00e0u s\u1eafc v\u1ecf \u0111\u00e8n:<\/strong>\u00a0\u0111en<\/span><\/li>\n<li data-hveid=\"CAEIBRAL\" data-complete=\"true\" data-sae=\"\"><span style=\"font-size: 12pt; color: #000000;\"><span class=\"T286Pc\" data-sfc-cp=\"\" data-complete=\"true\"><strong class=\"Yjhzub\" data-complete=\"true\">Ch\u1ec9 s\u1ed1 IP:<\/strong>\u00a0IP54 (ch\u1ed1ng b\u1ee5i v\u00e0 ch\u1ed1ng n\u01b0\u1edbc b\u1eafn v\u00e0o)<\/span><span class=\"uJ19be notranslate\" data-wiz-uids=\"JljBp_1u,JljBp_1v,JljBp_1w\" data-complete=\"true\"><span class=\"vKEkVd\" data-animation-atomic=\"\" data-sae=\"\">\u00a0<\/span><\/span><\/span><\/li>\n<\/ul>\n<p class=\"Fsg96\" data-complete=\"true\" data-processed=\"true\"><img decoding=\"async\" class=\"alignnone size-medium wp-image-13584 aligncenter\" src=\"http:\/\/thietbidienlama.com\/wp-content\/uploads\/2025\/11\/Den-Lon-Tran-Spotlight-Euroto-LN-132-Khang-Nuoc-300x108.jpg\" alt=\"\" width=\"300\" height=\"108\" srcset=\"https:\/\/www.thietbidienlama.com\/wp-content\/uploads\/2025\/11\/Den-Lon-Tran-Spotlight-Euroto-LN-132-Khang-Nuoc-300x108.jpg 300w, https:\/\/www.thietbidienlama.com\/wp-content\/uploads\/2025\/11\/Den-Lon-Tran-Spotlight-Euroto-LN-132-Khang-Nuoc-18x7.jpg 18w, https:\/\/www.thietbidienlama.com\/wp-content\/uploads\/2025\/11\/Den-Lon-Tran-Spotlight-Euroto-LN-132-Khang-Nuoc-150x54.jpg 150w, https:\/\/www.thietbidienlama.com\/wp-content\/uploads\/2025\/11\/Den-Lon-Tran-Spotlight-Euroto-LN-132-Khang-Nuoc.jpg 606w\" sizes=\"(max-width: 300px) 100vw, 300px\" \/><\/p>\n<h3 class=\"otQkpb\" role=\"heading\" aria-level=\"3\" data-processed=\"true\" data-complete=\"true\"><span style=\"font-size: 14pt; color: #000000;\">\u1ee8ng d\u1ee5ng<\/span><\/h3>\n<p class=\"Y3BBE\" data-hveid=\"CAEIBxAA\" data-complete=\"true\" data-processed=\"true\"><span style=\"font-size: 12pt; color: #000000;\">\u0110\u00e8n LN-136 \u0111\u01b0\u1ee3c thi\u1ebft k\u1ebf \u0111\u1ec3 l\u1eafp \u0111\u1eb7t n\u1ed5i tr\u00ean b\u1ec1 m\u1eb7t tr\u1ea7n, ph\u00f9 h\u1ee3p v\u1edbi nhi\u1ec1u lo\u1ea1i tr\u1ea7n kh\u00e1c nhau m\u00e0 kh\u00f4ng c\u1ea7n c\u1eaft kho\u00e9t ph\u1ee9c t\u1ea1p.<\/span><\/p>\n<ul class=\"KsbFXc U6u95\" data-complete=\"true\" data-processed=\"true\">\n<li data-hveid=\"CAEICBAA\" data-complete=\"true\" data-sae=\"\"><span class=\"T286Pc\" style=\"font-size: 12pt; color: #000000;\" data-sfc-cp=\"\" data-complete=\"true\"><strong class=\"Yjhzub\" data-complete=\"true\">Chi\u1ebfu s\u00e1ng nh\u00e0 \u1edf:<\/strong>\u00a0Th\u00edch h\u1ee3p cho c\u00e1c khu v\u1ef1c nh\u01b0 ban c\u00f4ng, h\u00e0nh lang, m\u00e1i hi\u00ean, gara, ph\u00f2ng ng\u1ee7, ph\u00f2ng kh\u00e1ch.<\/span><\/li>\n<li data-hveid=\"CAEICBAB\" data-complete=\"true\" data-sae=\"\"><span class=\"T286Pc\" style=\"font-size: 12pt; color: #000000;\" data-sfc-cp=\"\" data-complete=\"true\"><strong class=\"Yjhzub\" data-complete=\"true\">Chi\u1ebfu s\u00e1ng th\u01b0\u01a1ng m\u1ea1i:<\/strong>\u00a0S\u1eed d\u1ee5ng hi\u1ec7u qu\u1ea3 trong c\u00e1c c\u1eeda h\u00e0ng th\u1eddi trang, showroom, s\u1ea3nh kh\u00e1ch s\u1ea1n, nh\u00e0 h\u00e0ng \u0111\u1ec3 l\u00e0m n\u1ed5i b\u1eadt s\u1ea3n ph\u1ea9m ho\u1eb7c t\u1ea1o \u0111i\u1ec3m nh\u1ea5n kh\u00f4ng gian.<\/span><\/li>\n<li data-hveid=\"CAEICBAC\" data-complete=\"true\" data-sae=\"\"><span class=\"T286Pc\" style=\"font-size: 12pt; color: #000000;\" data-sfc-cp=\"\" data-complete=\"true\"><strong class=\"Yjhzub\" data-complete=\"true\">\u0110\u1eb7c \u0111i\u1ec3m n\u1ed5i b\u1eadt:<\/strong>\u00a0Thi\u1ebft k\u1ebf d\u1ea1ng spotlight (chi\u1ebfu r\u1ecdi) v\u1edbi g\u00f3c chi\u1ebfu 45 \u0111\u1ed9 gi\u00fap t\u1eadp trung \u00e1nh s\u00e1ng v\u00e0o c\u00e1c khu v\u1ef1c c\u1ee5 th\u1ec3, t\u1ea1o hi\u1ec7u \u1ee9ng \u00e1nh s\u00e1ng \u0111\u1eb9p m\u1eaft v\u00e0 sang tr\u1ecdng. Ch\u1ec9 s\u1ed1 ho\u00e0n m\u00e0u cao (CRI &gt; 90) \u0111\u1ea3m b\u1ea3o \u00e1nh s\u00e1ng ch\u00e2n th\u1ef1c, kh\u00f4ng g\u00e2y h\u1ea1i m\u1eaft.<\/span><\/li>\n<\/ul>\n<p class=\"Y3BBE\" data-hveid=\"CAEICBAA\" data-complete=\"true\" data-processed=\"true\"><span style=\"font-size: 12pt; color: #000000;\"><strong>LI\u00caN H\u1ec6 : Hotline: 0935 228 204 ( Ms Lam )<\/strong><\/span><\/p>\n<p><span style=\"font-size: 12pt; color: #000000;\"><strong>Facebook:\u00a0<span style=\"color: #ff6600;\"><a style=\"color: #ff6600;\" href=\"https:\/\/www.facebook.com\/thietbidienlama\" target=\"_blank\" rel=\"noopener\">THI\u1ebeT\u00a0B\u1eca \u0110I\u1ec6N LAMA<\/a><\/span><\/strong><\/span><\/p>\n<p><span style=\"font-size: 12pt; color: #000000;\"><strong>Tiktok:\u00a0<span style=\"color: #ff6600;\"><a style=\"color: #ff6600;\" href=\"https:\/\/www.tiktok.com\/@thietbidienlama\" target=\"_blank\" rel=\"noopener\">THI\u1ebeT\u00a0B\u1eca \u0110I\u1ec6N LAMA<\/a><\/span><\/strong><\/span><\/p>\n<p><span style=\"font-size: 12pt; color: #000000;\"><strong>Youtube: <span style=\"color: #ff6600;\"><a style=\"color: #ff6600;\" href=\"https:\/\/www.youtube.com\/@thietbidienlama\" target=\"_blank\" rel=\"noopener\">THI\u1ebeT\u00a0B\u1eca \u0110I\u1ec6N LAMA<\/a><\/span><\/strong><\/span><\/p>","protected":false},"excerpt":{"rendered":"<p>\u0110\u00e8n Lon N\u1ed5i Tr\u1ea7n Spotlight 15W Euroto LN-136 \u0110\u00e8n Lon N\u1ed5i Tr\u1ea7n Spotlight Euroto LN-136 l\u00e0 lo\u1ea1i \u0111\u00e8n LED \u1ed1p<\/p>","protected":false},"featured_media":13772,"comment_status":"closed","ping_status":"closed","template":"","meta":[],"product_brand":[],"product_cat":[505,846],"product_tag":[870],"class_list":{"0":"post-13771","1":"product","2":"type-product","3":"status-publish","4":"has-post-thumbnail","6":"product_cat-den-trang-tri","7":"product_cat-den-lon-trang-tri","8":"product_tag-den-lon-noi","10":"first","11":"instock","12":"sale","13":"shipping-taxable","14":"purchasable","15":"product-type-simple"},"_links":{"self":[{"href":"https:\/\/www.thietbidienlama.com\/en\/wp-json\/wp\/v2\/product\/13771","targetHints":{"allow":["GET"]}}],"collection":[{"href":"https:\/\/www.thietbidienlama.com\/en\/wp-json\/wp\/v2\/product"}],"about":[{"href":"https:\/\/www.thietbidienlama.com\/en\/wp-json\/wp\/v2\/types\/product"}],"replies":[{"embeddable":true,"href":"https:\/\/www.thietbidienlama.com\/en\/wp-json\/wp\/v2\/comments?post=13771"}],"version-history":[{"count":2,"href":"https:\/\/www.thietbidienlama.com\/en\/wp-json\/wp\/v2\/product\/13771\/revisions"}],"predecessor-version":[{"id":13774,"href":"https:\/\/www.thietbidienlama.com\/en\/wp-json\/wp\/v2\/product\/13771\/revisions\/13774"}],"wp:featuredmedia":[{"embeddable":true,"href":"https:\/\/www.thietbidienlama.com\/en\/wp-json\/wp\/v2\/media\/13772"}],"wp:attachment":[{"href":"https:\/\/www.thietbidienlama.com\/en\/wp-json\/wp\/v2\/media?parent=13771"}],"wp:term":[{"taxonomy":"product_brand","embeddable":true,"href":"https:\/\/www.thietbidienlama.com\/en\/wp-json\/wp\/v2\/product_brand?post=13771"},{"taxonomy":"product_cat","embeddable":true,"href":"https:\/\/www.thietbidienlama.com\/en\/wp-json\/wp\/v2\/product_cat?post=13771"},{"taxonomy":"product_tag","embeddable":true,"href":"https:\/\/www.thietbidienlama.com\/en\/wp-json\/wp\/v2\/product_tag?post=13771"}],"curies":[{"name":"wp","href":"https:\/\/api.w.org\/{rel}","templated":true}]}}