{"id":13760,"date":"2025-11-28T13:20:54","date_gmt":"2025-11-28T06:20:54","guid":{"rendered":"https:\/\/thietbidienlama.com\/?post_type=product&#038;p=13760"},"modified":"2025-11-28T13:20:54","modified_gmt":"2025-11-28T06:20:54","slug":"mat-2-uten-dong-vpro-mau-nau-mat-kinh-sapphire","status":"publish","type":"product","link":"https:\/\/www.thietbidienlama.com\/en\/mat-2-uten-dong-vpro-mau-nau-mat-kinh-sapphire\/","title":{"rendered":"M\u1eb7t 2 UTEN D\u00f2ng VPRO M\u00e0u N\u00e2u M\u1eb7t k\u00ednh sapphire"},"content":{"rendered":"<h2 style=\"text-align: center;\"><span style=\"color: #000000;\">M\u1eb7t 2 UTEN D\u00f2ng VPRO M\u00e0u N\u00e2u M\u1eb7t k\u00ednh sapphire<\/span><\/h2>\n<p data-hveid=\"CAEIARAA\" data-processed=\"true\" data-complete=\"true\"><span style=\"font-size: 12pt; color: #000000;\"><strong><span style=\"color: #ff6600;\"><a style=\"color: #ff6600;\" href=\"https:\/\/thietbidienlama.com\/mat-2-uten-dong-vpro-mau-nau-mat-kinh-sapphire\/\">M\u1eb7t 2 UTEN D\u00f2ng VPRO M\u00e0u N\u00e2u<\/a><\/span><\/strong> M\u1eb7t k\u00ednh sapphire&#8221;\u00a0l\u00e0\u00a0m\u1eb7t che cao c\u1ea5p\u00a0d\u00f9ng trong h\u1ec7 th\u1ed1ng thi\u1ebft b\u1ecb \u0111i\u1ec7n modular c\u1ee7a th\u01b0\u01a1ng hi\u1ec7u UTEN, m\u00e3 s\u1ea3n ph\u1ea9m l\u00e0\u00a0VPRO-PM2(BROWN).<\/span><\/p>\n<p data-hveid=\"CAEIARAA\" data-processed=\"true\" data-complete=\"true\"><img fetchpriority=\"high\" decoding=\"async\" class=\"aligncenter wp-image-13755 size-medium\" src=\"http:\/\/thietbidienlama.com\/wp-content\/uploads\/2025\/11\/Mat-1-UTEN-Dong-VPRO-Mau-Nau-Mat-kinh-sapphire-300x300.jpg\" alt=\"M\u1eb7t 2 UTEN D\u00f2ng VPRO M\u00e0u N\u00e2u M\u1eb7t k\u00ednh sapphire\" width=\"300\" height=\"300\" srcset=\"https:\/\/www.thietbidienlama.com\/wp-content\/uploads\/2025\/11\/Mat-1-UTEN-Dong-VPRO-Mau-Nau-Mat-kinh-sapphire-300x300.jpg 300w, https:\/\/www.thietbidienlama.com\/wp-content\/uploads\/2025\/11\/Mat-1-UTEN-Dong-VPRO-Mau-Nau-Mat-kinh-sapphire-150x150.jpg 150w, https:\/\/www.thietbidienlama.com\/wp-content\/uploads\/2025\/11\/Mat-1-UTEN-Dong-VPRO-Mau-Nau-Mat-kinh-sapphire-12x12.jpg 12w, https:\/\/www.thietbidienlama.com\/wp-content\/uploads\/2025\/11\/Mat-1-UTEN-Dong-VPRO-Mau-Nau-Mat-kinh-sapphire.jpg 500w\" sizes=\"(max-width: 300px) 100vw, 300px\" \/><\/p>\n<p data-hveid=\"CAEIAhAA\" data-processed=\"true\" data-complete=\"true\"><span style=\"font-size: 12pt; color: #000000;\">S\u1ea3n ph\u1ea9m n\u00e0y mang \u0111\u1ebfn phong c\u00e1ch sang tr\u1ecdng, c\u1ed5 \u0111i\u1ec3n cho kh\u00f4ng gian n\u1ed9i th\u1ea5t, v\u1edbi c\u00e1c th\u00f4ng s\u1ed1 k\u1ef9 thu\u1eadt ch\u00ednh nh\u01b0 sau:<\/span><\/p>\n<ul data-processed=\"true\" data-complete=\"true\">\n<li data-hveid=\"CAEIAxAA\" data-complete=\"true\" data-sae=\"\"><span style=\"font-size: 12pt; color: #000000;\">Ch\u1ee9c n\u0103ng:\u00a0D\u00f9ng l\u00e0m m\u1eb7t che th\u1ea9m m\u1ef9 cho\u00a0hai thi\u1ebft b\u1ecb\u00a0c\u00f3 k\u00edch th\u01b0\u1edbc c\u1ee1 S (Standard size, v\u00ed d\u1ee5: hai c\u00f4ng t\u1eafc \u0111\u01a1n ho\u1eb7c m\u1ed9t c\u00f4ng t\u1eafc \u0111\u00f4i) \u0111\u01b0\u1ee3c l\u1eafp \u0111\u1eb7t trong c\u00f9ng m\u1ed9t khung.<\/span><\/li>\n<li data-hveid=\"CAEIAxAB\" data-complete=\"true\" data-sae=\"\"><span style=\"font-size: 12pt; color: #000000;\">Ch\u1ea5t li\u1ec7u:<\/span>\n<ul data-complete=\"true\">\n<li data-hveid=\"CAEIAxAC\" data-complete=\"true\" data-sae=\"\"><span style=\"font-size: 12pt; color: #000000;\">M\u1eb7t k\u00ednh sapphire:\u00a0\u0110\u01b0\u1ee3c ph\u1ee7 l\u1edbp k\u00ednh sapphire theo c\u00f4ng ngh\u1ec7 cao c\u1ea5p, mang l\u1ea1i \u0111\u1ed9 c\u1ee9ng, \u0111\u1ed9 b\u1ec1n v\u01b0\u1ee3t tr\u1ed9i, ch\u1ed1ng tr\u1ea7y x\u01b0\u1edbc v\u00e0 t\u1ea1o hi\u1ec7u \u1ee9ng b\u00f3ng lo\u00e1ng.<\/span><\/li>\n<li data-hveid=\"CAEIAxAD\" data-complete=\"true\" data-sae=\"\"><span style=\"font-size: 12pt; color: #000000;\">Th\u00e2n v\u00e0 vi\u1ec1n: S\u1eed d\u1ee5ng v\u1eadt li\u1ec7u nh\u1ef1a PC ch\u1ea5t l\u01b0\u1ee3ng cao, m\u00e0u n\u00e2u c\u1ed5 \u0111i\u1ec3n (Brown Glass), ch\u1ecbu nhi\u1ec7t v\u00e0 ch\u1ed1ng va \u0111\u1eadp t\u1ed1t.<\/span><\/li>\n<\/ul>\n<\/li>\n<li data-hveid=\"CAEIAxAE\" data-complete=\"true\" data-sae=\"\"><span style=\"font-size: 12pt; color: #000000;\">Thi\u1ebft k\u1ebf:\u00a0M\u00e0u n\u00e2u tr\u1ea7m \u1ea5m, vi\u1ec1n b\u00f3ng (th\u01b0\u1eddng l\u00e0 m\u00e0u v\u00e0ng ho\u1eb7c m\u00e0u crom), thi\u1ebft k\u1ebf d\u1ea1ng ph\u1eb3ng, tinh t\u1ebf, d\u1ec5 d\u00e0ng v\u1ec7 sinh.<\/span><\/li>\n<li data-hveid=\"CAEIAxAF\" data-complete=\"true\" data-sae=\"\"><span style=\"font-size: 12pt; color: #000000;\">K\u00edch th\u01b0\u1edbc:\u00a0K\u00edch th\u01b0\u1edbc ti\u00eau chu\u1ea9n chung c\u1ee7a m\u1eb7t che VPRO l\u00e0\u00a0117 x 74 mm.<\/span><\/li>\n<li data-hveid=\"CAEIAxAG\" data-complete=\"true\" data-sae=\"\"><span style=\"font-size: 12pt; color: #000000;\">B\u1ea3o h\u00e0nh: S\u1ea3n ph\u1ea9m \u0111\u01b0\u1ee3c b\u1ea3o h\u00e0nh ch\u00ednh h\u00e3ng 12 n\u0103m t\u1eeb nh\u00e0 s\u1ea3n xu\u1ea5t.<\/span><\/li>\n<\/ul>\n<p data-hveid=\"CAEIBBAA\" data-processed=\"true\" data-complete=\"true\"><span style=\"font-size: 12pt; color: #000000;\">\u0110\u00e2y l\u00e0 m\u1ed9t th\u00e0nh ph\u1ea7n trong h\u1ec7 th\u1ed1ng modular v\u00e0 c\u1ea7n \u0111\u01b0\u1ee3c l\u1eafp \u0111\u1eb7t k\u1ebft h\u1ee3p v\u1edbi c\u00e1c &#8220;C\u01a1 c\u1ea5u Module&#8221; (h\u1ea1t c\u00f4ng t\u1eafc, h\u1ea1t \u1ed5 c\u1eafm) v\u00e0 &#8220;\u0110\u1ebf \u00e2m\/n\u1ed5i&#8221; t\u01b0\u01a1ng th\u00edch c\u1ee7a UTEN \u0111\u1ec3 t\u1ea1o th\u00e0nh m\u1ed9t b\u1ed9 s\u1ea3n ph\u1ea9m ho\u00e0n ch\u1ec9nh.<\/span><\/p>\n<p class=\"Y3BBE\" data-hveid=\"CAEICBAA\" data-complete=\"true\" data-processed=\"true\"><span style=\"font-size: 12pt; color: #000000;\"><strong>LI\u00caN H\u1ec6 : Hotline: 0935 228 204 ( Ms Lam )<\/strong><\/span><\/p>\n<p><span style=\"font-size: 12pt; color: #000000;\"><strong>Facebook:\u00a0<span style=\"color: #ff6600;\"><a style=\"color: #ff6600;\" href=\"https:\/\/www.facebook.com\/thietbidienlama\" target=\"_blank\" rel=\"noopener\">THI\u1ebeT\u00a0B\u1eca \u0110I\u1ec6N LAMA<\/a><\/span><\/strong><\/span><\/p>\n<p><span style=\"font-size: 12pt; color: #000000;\"><strong>Tiktok:\u00a0<span style=\"color: #ff6600;\"><a style=\"color: #ff6600;\" href=\"https:\/\/www.tiktok.com\/@thietbidienlama\" target=\"_blank\" rel=\"noopener\">THI\u1ebeT\u00a0B\u1eca \u0110I\u1ec6N LAMA<\/a><\/span><\/strong><\/span><\/p>\n<p><span style=\"font-size: 12pt; color: #000000;\"><strong>Youtube: <span style=\"color: #ff6600;\"><a style=\"color: #ff6600;\" href=\"https:\/\/www.youtube.com\/@thietbidienlama\" target=\"_blank\" rel=\"noopener\">THI\u1ebeT\u00a0B\u1eca \u0110I\u1ec6N LAMA<\/a><\/span><\/strong><\/span><\/p>","protected":false},"excerpt":{"rendered":"<p>M\u1eb7t 2 UTEN D\u00f2ng VPRO M\u00e0u N\u00e2u M\u1eb7t k\u00ednh sapphire M\u1eb7t 2 UTEN D\u00f2ng VPRO M\u00e0u N\u00e2u M\u1eb7t k\u00ednh sapphire&#8221;\u00a0l\u00e0\u00a0m\u1eb7t<\/p>","protected":false},"featured_media":13755,"comment_status":"closed","ping_status":"closed","template":"","meta":[],"product_brand":[],"product_cat":[991,992],"product_tag":[998,993,1018,1017],"class_list":{"0":"post-13760","1":"product","2":"type-product","3":"status-publish","4":"has-post-thumbnail","6":"product_cat-mat-cong-tac-uten","7":"product_cat-mat-kinh-vpro-uten","8":"product_tag-mat-2-uten","9":"product_tag-mat-2-uten-dong-vpro","10":"product_tag-mat-2-uten-dong-vpro-mau-nau","11":"product_tag-mat-2-uten-dong-vpro-mau-nau-mat-kinh-sapphire","13":"first","14":"instock","15":"sale","16":"shipping-taxable","17":"purchasable","18":"product-type-simple"},"_links":{"self":[{"href":"https:\/\/www.thietbidienlama.com\/en\/wp-json\/wp\/v2\/product\/13760","targetHints":{"allow":["GET"]}}],"collection":[{"href":"https:\/\/www.thietbidienlama.com\/en\/wp-json\/wp\/v2\/product"}],"about":[{"href":"https:\/\/www.thietbidienlama.com\/en\/wp-json\/wp\/v2\/types\/product"}],"replies":[{"embeddable":true,"href":"https:\/\/www.thietbidienlama.com\/en\/wp-json\/wp\/v2\/comments?post=13760"}],"version-history":[{"count":2,"href":"https:\/\/www.thietbidienlama.com\/en\/wp-json\/wp\/v2\/product\/13760\/revisions"}],"predecessor-version":[{"id":13762,"href":"https:\/\/www.thietbidienlama.com\/en\/wp-json\/wp\/v2\/product\/13760\/revisions\/13762"}],"wp:featuredmedia":[{"embeddable":true,"href":"https:\/\/www.thietbidienlama.com\/en\/wp-json\/wp\/v2\/media\/13755"}],"wp:attachment":[{"href":"https:\/\/www.thietbidienlama.com\/en\/wp-json\/wp\/v2\/media?parent=13760"}],"wp:term":[{"taxonomy":"product_brand","embeddable":true,"href":"https:\/\/www.thietbidienlama.com\/en\/wp-json\/wp\/v2\/product_brand?post=13760"},{"taxonomy":"product_cat","embeddable":true,"href":"https:\/\/www.thietbidienlama.com\/en\/wp-json\/wp\/v2\/product_cat?post=13760"},{"taxonomy":"product_tag","embeddable":true,"href":"https:\/\/www.thietbidienlama.com\/en\/wp-json\/wp\/v2\/product_tag?post=13760"}],"curies":[{"name":"wp","href":"https:\/\/api.w.org\/{rel}","templated":true}]}}