{"id":13754,"date":"2025-11-28T13:17:38","date_gmt":"2025-11-28T06:17:38","guid":{"rendered":"https:\/\/thietbidienlama.com\/?post_type=product&#038;p=13754"},"modified":"2025-11-28T13:17:38","modified_gmt":"2025-11-28T06:17:38","slug":"mat-1-uten-dong-vpro-mau-nau-mat-kinh-sapphire","status":"publish","type":"product","link":"https:\/\/www.thietbidienlama.com\/en\/mat-1-uten-dong-vpro-mau-nau-mat-kinh-sapphire\/","title":{"rendered":"M\u1eb7t 1 UTEN D\u00f2ng VPRO M\u00e0u N\u00e2u M\u1eb7t k\u00ednh sapphire"},"content":{"rendered":"<h2 style=\"text-align: center;\"><span style=\"color: #000000;\">M\u1eb7t 1 UTEN D\u00f2ng VPRO M\u00e0u N\u00e2u M\u1eb7t k\u00ednh sapphire<\/span><\/h2>\n<p data-hveid=\"CAEIAhAA\" data-complete=\"true\" data-processed=\"true\"><span style=\"font-size: 12pt; color: #000000;\"><strong><span style=\"color: #ff6600;\"><a style=\"color: #ff6600;\" href=\"https:\/\/thietbidienlama.com\/mat-1-uten-dong-vpro-mau-nau-mat-kinh-sapphire\/\">M\u1eb7t 1 UTEN D\u00f2ng VPRO M\u00e0u N\u00e2u<\/a><\/span><\/strong> M\u1eb7t k\u00ednh sapphire&#8221;\u00a0l\u00e0\u00a0m\u1eb7t che cao c\u1ea5p\u00a0trong h\u1ec7 th\u1ed1ng thi\u1ebft b\u1ecb \u0111i\u1ec7n modular c\u1ee7a UTEN, m\u00e3 s\u1ea3n ph\u1ea9m l\u00e0\u00a0VPRO-PM1(BROWN).<\/span><\/p>\n<p><img fetchpriority=\"high\" decoding=\"async\" class=\"aligncenter wp-image-13756 size-medium\" src=\"http:\/\/thietbidienlama.com\/wp-content\/uploads\/2025\/11\/Mat-2-UTEN-Dong-VPRO-Mau-Nau-Mat-kinh-sapphire-300x300.jpg\" alt=\"M\u1eb7t 1 UTEN D\u00f2ng VPRO M\u00e0u N\u00e2u M\u1eb7t k\u00ednh sapphire\" width=\"300\" height=\"300\" srcset=\"https:\/\/www.thietbidienlama.com\/wp-content\/uploads\/2025\/11\/Mat-2-UTEN-Dong-VPRO-Mau-Nau-Mat-kinh-sapphire-300x300.jpg 300w, https:\/\/www.thietbidienlama.com\/wp-content\/uploads\/2025\/11\/Mat-2-UTEN-Dong-VPRO-Mau-Nau-Mat-kinh-sapphire-150x150.jpg 150w, https:\/\/www.thietbidienlama.com\/wp-content\/uploads\/2025\/11\/Mat-2-UTEN-Dong-VPRO-Mau-Nau-Mat-kinh-sapphire-12x12.jpg 12w, https:\/\/www.thietbidienlama.com\/wp-content\/uploads\/2025\/11\/Mat-2-UTEN-Dong-VPRO-Mau-Nau-Mat-kinh-sapphire.jpg 500w\" sizes=\"(max-width: 300px) 100vw, 300px\" \/><\/p>\n<h3 data-hveid=\"CAEIAxAA\" data-processed=\"true\" data-complete=\"true\"><span style=\"font-size: 14pt; color: #000000;\">S\u1ea3n ph\u1ea9m n\u00e0y mang phong c\u00e1ch c\u1ed5 \u0111i\u1ec3n v\u00e0 sang tr\u1ecdng, v\u1edbi c\u00e1c th\u00f4ng tin chi ti\u1ebft nh\u01b0 sau:<\/span><\/h3>\n<ul data-complete=\"true\" data-processed=\"true\">\n<li data-hveid=\"CAEIBBAA\" data-complete=\"true\" data-sae=\"\"><span style=\"font-size: 12pt; color: #000000;\">Ch\u1ee9c n\u0103ng:\u00a0D\u00f9ng l\u00e0m m\u1eb7t che th\u1ea9m m\u1ef9 cho\u00a0m\u1ed9t thi\u1ebft b\u1ecb\u00a0c\u1ee1 S (Standard size, v\u00ed d\u1ee5: m\u1ed9t h\u1ea1t c\u00f4ng t\u1eafc \u0111\u01a1n ho\u1eb7c m\u1ed9t \u1ed5 c\u1eafm \u0111\u01a1n) trong h\u1ec7 th\u1ed1ng d\u00f2ng VPRO.<\/span><\/li>\n<li data-hveid=\"CAEIBBAB\" data-complete=\"true\" data-sae=\"\"><span style=\"font-size: 12pt; color: #000000;\">Ch\u1ea5t li\u1ec7u:<\/span>\n<ul data-complete=\"true\">\n<li data-hveid=\"CAEIBBAC\" data-complete=\"true\" data-sae=\"\"><span style=\"font-size: 12pt; color: #000000;\">M\u1eb7t k\u00ednh sapphire:\u00a0\u0110\u01b0\u1ee3c ph\u1ee7 l\u1edbp k\u00ednh sapphire theo c\u00f4ng ngh\u1ec7 ch\u00ednh x\u00e1c tinh vi, mang l\u1ea1i \u0111\u1ed9 c\u1ee9ng, \u0111\u1ed9 b\u1ec1n cao, ch\u1ed1ng tr\u1ea7y x\u01b0\u1edbc v\u00e0 t\u1ea1o hi\u1ec7u \u1ee9ng b\u00f3ng lo\u00e1ng.<\/span><\/li>\n<li data-hveid=\"CAEIBBAD\" data-complete=\"true\" data-sae=\"\"><span style=\"font-size: 12pt; color: #000000;\">Th\u00e2n v\u00e0 vi\u1ec1n: S\u1eed d\u1ee5ng v\u1eadt li\u1ec7u nh\u1ef1a PC ch\u1ea5t l\u01b0\u1ee3ng cao, m\u00e0u n\u00e2u c\u1ed5 \u0111i\u1ec3n, vi\u1ec1n nh\u1ef1a \u1ed1p m\u1eb7t k\u00ednh b\u00f3ng, ch\u1ecbu nhi\u1ec7t v\u00e0 ch\u1ed1ng va \u0111\u1eadp t\u1ed1t.<\/span><\/li>\n<\/ul>\n<\/li>\n<li data-hveid=\"CAEIBBAE\" data-complete=\"true\" data-sae=\"\"><span style=\"font-size: 12pt; color: #000000;\">Thi\u1ebft k\u1ebf:\u00a0M\u00e0u n\u00e2u c\u1ed5 \u0111i\u1ec3n (Brown Glass), thi\u1ebft k\u1ebf d\u1ea1ng ph\u1eb3ng, hi\u1ec7n \u0111\u1ea1i v\u00e0 tinh t\u1ebf, ph\u00f9 h\u1ee3p v\u1edbi kh\u00f4ng gian n\u1ed9i th\u1ea5t c\u00f3 t\u00f4ng m\u00e0u \u1ea5m ho\u1eb7c c\u1ed5 \u0111i\u1ec3n.<\/span><\/li>\n<li data-hveid=\"CAEIBBAF\" data-complete=\"true\" data-sae=\"\"><span style=\"font-size: 12pt; color: #000000;\">K\u00edch th\u01b0\u1edbc:\u00a0K\u00edch th\u01b0\u1edbc ti\u00eau chu\u1ea9n c\u1ee7a m\u1eb7t VPRO l\u00e0\u00a0117 x 74 mm.<\/span><\/li>\n<li data-hveid=\"CAEIBBAG\" data-complete=\"true\" data-sae=\"\"><span style=\"font-size: 12pt; color: #000000;\">B\u1ea3o h\u00e0nh: S\u1ea3n ph\u1ea9m \u0111\u01b0\u1ee3c b\u1ea3o h\u00e0nh ch\u00ednh h\u00e3ng 12 n\u0103m t\u1eeb nh\u00e0 s\u1ea3n xu\u1ea5t.<\/span><\/li>\n<\/ul>\n<p data-hveid=\"CAEIBRAA\" data-complete=\"true\" data-processed=\"true\"><span style=\"font-size: 12pt; color: #000000;\">\u0110\u00e2y l\u00e0 m\u1ed9t th\u00e0nh ph\u1ea7n trong h\u1ec7 th\u1ed1ng modular, c\u1ea7n \u0111\u01b0\u1ee3c l\u1eafp \u0111\u1eb7t k\u1ebft h\u1ee3p v\u1edbi c\u00e1c &#8220;C\u01a1 c\u1ea5u Module&#8221; (h\u1ea1t c\u00f4ng t\u1eafc, h\u1ea1t \u1ed5 c\u1eafm) v\u00e0 &#8220;\u0110\u1ebf \u00e2m\/n\u1ed5i&#8221; t\u01b0\u01a1ng th\u00edch c\u1ee7a UTEN \u0111\u1ec3 t\u1ea1o th\u00e0nh m\u1ed9t b\u1ed9 s\u1ea3n ph\u1ea9m ho\u00e0n ch\u1ec9nh.<\/span><\/p>\n<p class=\"Y3BBE\" data-hveid=\"CAEICBAA\" data-complete=\"true\" data-processed=\"true\"><span style=\"font-size: 12pt; color: #000000;\"><strong>LI\u00caN H\u1ec6 : Hotline: 0935 228 204 ( Ms Lam )<\/strong><\/span><\/p>\n<p><span style=\"font-size: 12pt; color: #000000;\"><strong>Facebook:\u00a0<span style=\"color: #ff6600;\"><a style=\"color: #ff6600;\" href=\"https:\/\/www.facebook.com\/thietbidienlama\" target=\"_blank\" rel=\"noopener\">THI\u1ebeT\u00a0B\u1eca \u0110I\u1ec6N LAMA<\/a><\/span><\/strong><\/span><\/p>\n<p><span style=\"font-size: 12pt; color: #000000;\"><strong>Tiktok:\u00a0<span style=\"color: #ff6600;\"><a style=\"color: #ff6600;\" href=\"https:\/\/www.tiktok.com\/@thietbidienlama\" target=\"_blank\" rel=\"noopener\">THI\u1ebeT\u00a0B\u1eca \u0110I\u1ec6N LAMA<\/a><\/span><\/strong><\/span><\/p>\n<p><span style=\"font-size: 12pt; color: #000000;\"><strong>Youtube: <span style=\"color: #ff6600;\"><a style=\"color: #ff6600;\" href=\"https:\/\/www.youtube.com\/@thietbidienlama\" target=\"_blank\" rel=\"noopener\">THI\u1ebeT\u00a0B\u1eca \u0110I\u1ec6N LAMA<\/a><\/span><\/strong><\/span><\/p>","protected":false},"excerpt":{"rendered":"<p>M\u1eb7t 1 UTEN D\u00f2ng VPRO M\u00e0u N\u00e2u M\u1eb7t k\u00ednh sapphire M\u1eb7t 1 UTEN D\u00f2ng VPRO M\u00e0u N\u00e2u M\u1eb7t k\u00ednh sapphire&#8221;\u00a0l\u00e0\u00a0m\u1eb7t<\/p>","protected":false},"featured_media":13756,"comment_status":"closed","ping_status":"closed","template":"","meta":[],"product_brand":[],"product_cat":[991,992],"product_tag":[1005,997,1016,1015],"class_list":{"0":"post-13754","1":"product","2":"type-product","3":"status-publish","4":"has-post-thumbnail","6":"product_cat-mat-cong-tac-uten","7":"product_cat-mat-kinh-vpro-uten","8":"product_tag-mat-1-uten","9":"product_tag-mat-1-uten-dong-vpro","10":"product_tag-mat-1-uten-dong-vpro-mau-nau","11":"product_tag-mat-1-uten-dong-vpro-mau-nau-mat-kinh-sapphire","13":"first","14":"instock","15":"sale","16":"shipping-taxable","17":"purchasable","18":"product-type-simple"},"_links":{"self":[{"href":"https:\/\/www.thietbidienlama.com\/en\/wp-json\/wp\/v2\/product\/13754","targetHints":{"allow":["GET"]}}],"collection":[{"href":"https:\/\/www.thietbidienlama.com\/en\/wp-json\/wp\/v2\/product"}],"about":[{"href":"https:\/\/www.thietbidienlama.com\/en\/wp-json\/wp\/v2\/types\/product"}],"replies":[{"embeddable":true,"href":"https:\/\/www.thietbidienlama.com\/en\/wp-json\/wp\/v2\/comments?post=13754"}],"version-history":[{"count":2,"href":"https:\/\/www.thietbidienlama.com\/en\/wp-json\/wp\/v2\/product\/13754\/revisions"}],"predecessor-version":[{"id":13759,"href":"https:\/\/www.thietbidienlama.com\/en\/wp-json\/wp\/v2\/product\/13754\/revisions\/13759"}],"wp:featuredmedia":[{"embeddable":true,"href":"https:\/\/www.thietbidienlama.com\/en\/wp-json\/wp\/v2\/media\/13756"}],"wp:attachment":[{"href":"https:\/\/www.thietbidienlama.com\/en\/wp-json\/wp\/v2\/media?parent=13754"}],"wp:term":[{"taxonomy":"product_brand","embeddable":true,"href":"https:\/\/www.thietbidienlama.com\/en\/wp-json\/wp\/v2\/product_brand?post=13754"},{"taxonomy":"product_cat","embeddable":true,"href":"https:\/\/www.thietbidienlama.com\/en\/wp-json\/wp\/v2\/product_cat?post=13754"},{"taxonomy":"product_tag","embeddable":true,"href":"https:\/\/www.thietbidienlama.com\/en\/wp-json\/wp\/v2\/product_tag?post=13754"}],"curies":[{"name":"wp","href":"https:\/\/api.w.org\/{rel}","templated":true}]}}