{"id":13742,"date":"2025-11-28T12:59:04","date_gmt":"2025-11-28T05:59:04","guid":{"rendered":"https:\/\/thietbidienlama.com\/?post_type=product&#038;p=13742"},"modified":"2025-11-28T12:59:04","modified_gmt":"2025-11-28T05:59:04","slug":"mat-1-uten-dong-vpro-mau-den","status":"publish","type":"product","link":"https:\/\/www.thietbidienlama.com\/en\/mat-1-uten-dong-vpro-mau-den\/","title":{"rendered":"M\u1eb7t 1 UTEN D\u00f2ng VPRO M\u00e0u \u0110en M\u1eb7t k\u00ednh sapphire"},"content":{"rendered":"<h2 style=\"text-align: center;\"><span style=\"color: #000000;\">M\u1eb7t 1 UTEN D\u00f2ng VPRO M\u00e0u \u0110en M\u1eb7t k\u00ednh sapphire<\/span><\/h2>\n<p data-hveid=\"CAEIARAA\" data-processed=\"true\" data-complete=\"true\"><span style=\"font-size: 12pt; color: #000000;\"><span style=\"color: #ff6600;\"><strong><a style=\"color: #ff6600;\" href=\"https:\/\/thietbidienlama.com\/mat-1-uten-dong-vpro-mau-den\/\">M\u1eb7t 1 UTEN D\u00f2ng VPRO M\u00e0u \u0110en<\/a><\/strong><\/span> M\u1eb7t k\u00ednh sapphire l\u00e0 m\u1ed9t m\u1eabu\u00a0m\u1eb7t che cao c\u1ea5p\u00a0trong h\u1ec7 th\u1ed1ng thi\u1ebft b\u1ecb \u0111i\u1ec7n modular c\u1ee7a UTEN, m\u00e3 s\u1ea3n ph\u1ea9m th\u01b0\u1eddng l\u00e0\u00a0VPRO-PM1(B)\u00a0ho\u1eb7c t\u01b0\u01a1ng t\u1ef1, v\u1edbi m\u00e0u s\u1eafc kh\u00e1c bi\u1ec7t so v\u1edbi c\u00e1c m\u1eabu m\u00e0u tr\u1eafng \u0111\u00e3 \u0111\u1ec1 c\u1eadp.<\/span><\/p>\n<p data-hveid=\"CAEIARAA\" data-processed=\"true\" data-complete=\"true\"><img fetchpriority=\"high\" decoding=\"async\" class=\"alignnone size-medium wp-image-13743 aligncenter\" src=\"http:\/\/thietbidienlama.com\/wp-content\/uploads\/2025\/11\/Mat-1-UTEN-Dong-VPRO-Mau-Den-Mat-kinh-sapphire-300x300.jpg\" alt=\"\" width=\"300\" height=\"300\" srcset=\"https:\/\/www.thietbidienlama.com\/wp-content\/uploads\/2025\/11\/Mat-1-UTEN-Dong-VPRO-Mau-Den-Mat-kinh-sapphire-300x300.jpg 300w, https:\/\/www.thietbidienlama.com\/wp-content\/uploads\/2025\/11\/Mat-1-UTEN-Dong-VPRO-Mau-Den-Mat-kinh-sapphire-150x150.jpg 150w, https:\/\/www.thietbidienlama.com\/wp-content\/uploads\/2025\/11\/Mat-1-UTEN-Dong-VPRO-Mau-Den-Mat-kinh-sapphire-12x12.jpg 12w, https:\/\/www.thietbidienlama.com\/wp-content\/uploads\/2025\/11\/Mat-1-UTEN-Dong-VPRO-Mau-Den-Mat-kinh-sapphire.jpg 500w\" sizes=\"(max-width: 300px) 100vw, 300px\" \/><\/p>\n<h3 data-hveid=\"CAEIAhAA\" data-processed=\"true\" data-complete=\"true\"><span style=\"font-size: 14pt; color: #000000;\">Th\u00f4ng tin chi ti\u1ebft v\u1ec1 s\u1ea3n ph\u1ea9m n\u00e0y:<\/span><\/h3>\n<ul data-processed=\"true\" data-complete=\"true\">\n<li data-hveid=\"CAEIAxAA\" data-complete=\"true\" data-sae=\"\"><span style=\"font-size: 12pt; color: #000000;\">Ch\u1ee9c n\u0103ng:\u00a0D\u00f9ng l\u00e0m m\u1eb7t che cho\u00a0m\u1ed9t thi\u1ebft b\u1ecb\u00a0c\u1ee1 S (Standard size, v\u00ed d\u1ee5: m\u1ed9t h\u1ea1t c\u00f4ng t\u1eafc \u0111\u01a1n, m\u1ed9t \u1ed5 c\u1eafm \u0111\u01a1n, v.v.) trong h\u1ec7 th\u1ed1ng d\u00f2ng VPRO.<\/span><\/li>\n<li data-hveid=\"CAEIAxAB\" data-complete=\"true\" data-sae=\"\"><span style=\"font-size: 12pt; color: #000000;\">Ch\u1ea5t li\u1ec7u:<\/span>\n<ul data-complete=\"true\">\n<li data-hveid=\"CAEIAxAC\" data-complete=\"true\" data-sae=\"\"><span style=\"font-size: 12pt; color: #000000;\">M\u1eb7t k\u00ednh sapphire:\u00a0Cung c\u1ea5p \u0111\u1ed9 c\u1ee9ng v\u00e0 \u0111\u1ed9 b\u1ec1n cao, ch\u1ed1ng tr\u1ea7y x\u01b0\u1edbc, t\u1ea1o v\u1ebb ngo\u00e0i b\u00f3ng b\u1ea9y, sang tr\u1ecdng.<\/span><\/li>\n<li data-hveid=\"CAEIAxAD\" data-complete=\"true\" data-sae=\"\"><span style=\"font-size: 12pt; color: #000000;\">Th\u00e2n v\u00e0 vi\u1ec1n: S\u1eed d\u1ee5ng v\u1eadt li\u1ec7u nh\u1ef1a PC cao c\u1ea5p, ch\u1ecbu nhi\u1ec7t, ch\u1ed1ng va \u0111\u1eadp, v\u1edbi m\u00e0u \u0111en ng\u1ecdc trai (Black Pearl Glass).<\/span><\/li>\n<\/ul>\n<\/li>\n<li data-hveid=\"CAEIAxAE\" data-complete=\"true\" data-sae=\"\"><span style=\"font-size: 12pt; color: #000000;\">Thi\u1ebft k\u1ebf:\u00a0M\u00e0u \u0111en hi\u1ec7n \u0111\u1ea1i, vi\u1ec1n b\u00f3ng (th\u01b0\u1eddng l\u00e0 m\u00e0u b\u1ea1c ho\u1eb7c crom), thi\u1ebft k\u1ebf ph\u1eb3ng, ph\u00f9 h\u1ee3p v\u1edbi n\u1ed9i th\u1ea5t cao c\u1ea5p.<\/span><\/li>\n<li data-hveid=\"CAEIAxAF\" data-complete=\"true\" data-sae=\"\"><span style=\"font-size: 12pt; color: #000000;\">K\u00edch th\u01b0\u1edbc:\u00a0K\u00edch th\u01b0\u1edbc ti\u00eau chu\u1ea9n c\u1ee7a m\u1eb7t VPRO l\u00e0\u00a0117 x 74 mm.<\/span><\/li>\n<li data-hveid=\"CAEIAxAG\" data-complete=\"true\" data-sae=\"\"><span style=\"font-size: 12pt; color: #000000;\">B\u1ea3o h\u00e0nh: S\u1ea3n ph\u1ea9m \u0111\u01b0\u1ee3c b\u1ea3o h\u00e0nh ch\u00ednh h\u00e3ng 12 n\u0103m.<\/span><\/li>\n<\/ul>\n<p data-hveid=\"CAEIBBAA\" data-processed=\"true\" data-complete=\"true\"><span style=\"font-size: 12pt; color: #000000;\">Gi\u1ed1ng nh\u01b0 c\u00e1c s\u1ea3n ph\u1ea9m VPRO kh\u00e1c, \u0111\u00e2y l\u00e0 m\u1ed9t th\u00e0nh ph\u1ea7n trong h\u1ec7 th\u1ed1ng modular v\u00e0 c\u1ea7n \u0111\u01b0\u1ee3c l\u1eafp \u0111\u1eb7t c\u00f9ng v\u1edbi c\u00e1c &#8220;C\u01a1 c\u1ea5u Module&#8221; (h\u1ea1t c\u00f4ng t\u1eafc, h\u1ea1t \u1ed5 c\u1eafm) v\u00e0 &#8220;\u0110\u1ebf \u00e2m\/n\u1ed5i&#8221; t\u01b0\u01a1ng th\u00edch \u0111\u1ec3 t\u1ea1o th\u00e0nh m\u1ed9t b\u1ed9 s\u1ea3n ph\u1ea9m ho\u00e0n ch\u1ec9nh.<\/span><\/p>\n<p class=\"Y3BBE\" data-hveid=\"CAEICBAA\" data-complete=\"true\" data-processed=\"true\"><span style=\"font-size: 12pt; color: #000000;\"><strong>LI\u00caN H\u1ec6 : Hotline: 0935 228 204 ( Ms Lam )<\/strong><\/span><\/p>\n<p><span style=\"font-size: 12pt; color: #000000;\"><strong>Facebook:\u00a0<span style=\"color: #ff6600;\"><a style=\"color: #ff6600;\" href=\"https:\/\/www.facebook.com\/thietbidienlama\" target=\"_blank\" rel=\"noopener\">THI\u1ebeT\u00a0B\u1eca \u0110I\u1ec6N LAMA<\/a><\/span><\/strong><\/span><\/p>\n<p><span style=\"font-size: 12pt; color: #000000;\"><strong>Tiktok:\u00a0<span style=\"color: #ff6600;\"><a style=\"color: #ff6600;\" href=\"https:\/\/www.tiktok.com\/@thietbidienlama\" target=\"_blank\" rel=\"noopener\">THI\u1ebeT\u00a0B\u1eca \u0110I\u1ec6N LAMA<\/a><\/span><\/strong><\/span><\/p>\n<p><span style=\"font-size: 12pt; color: #000000;\"><strong>Youtube: <span style=\"color: #ff6600;\"><a style=\"color: #ff6600;\" href=\"https:\/\/www.youtube.com\/@thietbidienlama\" target=\"_blank\" rel=\"noopener\">THI\u1ebeT\u00a0B\u1eca \u0110I\u1ec6N LAMA<\/a><\/span><\/strong><\/span><\/p>","protected":false},"excerpt":{"rendered":"<p>M\u1eb7t 1 UTEN D\u00f2ng VPRO M\u00e0u \u0110en M\u1eb7t k\u00ednh sapphire M\u1eb7t 1 UTEN D\u00f2ng VPRO M\u00e0u \u0110en M\u1eb7t k\u00ednh sapphire<\/p>","protected":false},"featured_media":13743,"comment_status":"closed","ping_status":"closed","template":"","meta":[],"product_brand":[],"product_cat":[991,992],"product_tag":[1005,997,1011,1010],"class_list":{"0":"post-13742","1":"product","2":"type-product","3":"status-publish","4":"has-post-thumbnail","6":"product_cat-mat-cong-tac-uten","7":"product_cat-mat-kinh-vpro-uten","8":"product_tag-mat-1-uten","9":"product_tag-mat-1-uten-dong-vpro","10":"product_tag-mat-1-uten-dong-vpro-mau-den","11":"product_tag-mat-1-uten-dong-vpro-mau-den-mat-kinh-sapphire","13":"first","14":"instock","15":"sale","16":"shipping-taxable","17":"purchasable","18":"product-type-simple"},"_links":{"self":[{"href":"https:\/\/www.thietbidienlama.com\/en\/wp-json\/wp\/v2\/product\/13742","targetHints":{"allow":["GET"]}}],"collection":[{"href":"https:\/\/www.thietbidienlama.com\/en\/wp-json\/wp\/v2\/product"}],"about":[{"href":"https:\/\/www.thietbidienlama.com\/en\/wp-json\/wp\/v2\/types\/product"}],"replies":[{"embeddable":true,"href":"https:\/\/www.thietbidienlama.com\/en\/wp-json\/wp\/v2\/comments?post=13742"}],"version-history":[{"count":2,"href":"https:\/\/www.thietbidienlama.com\/en\/wp-json\/wp\/v2\/product\/13742\/revisions"}],"predecessor-version":[{"id":13745,"href":"https:\/\/www.thietbidienlama.com\/en\/wp-json\/wp\/v2\/product\/13742\/revisions\/13745"}],"wp:featuredmedia":[{"embeddable":true,"href":"https:\/\/www.thietbidienlama.com\/en\/wp-json\/wp\/v2\/media\/13743"}],"wp:attachment":[{"href":"https:\/\/www.thietbidienlama.com\/en\/wp-json\/wp\/v2\/media?parent=13742"}],"wp:term":[{"taxonomy":"product_brand","embeddable":true,"href":"https:\/\/www.thietbidienlama.com\/en\/wp-json\/wp\/v2\/product_brand?post=13742"},{"taxonomy":"product_cat","embeddable":true,"href":"https:\/\/www.thietbidienlama.com\/en\/wp-json\/wp\/v2\/product_cat?post=13742"},{"taxonomy":"product_tag","embeddable":true,"href":"https:\/\/www.thietbidienlama.com\/en\/wp-json\/wp\/v2\/product_tag?post=13742"}],"curies":[{"name":"wp","href":"https:\/\/api.w.org\/{rel}","templated":true}]}}