{"id":13738,"date":"2025-11-28T12:50:34","date_gmt":"2025-11-28T05:50:34","guid":{"rendered":"https:\/\/thietbidienlama.com\/?post_type=product&#038;p=13738"},"modified":"2025-11-28T12:50:35","modified_gmt":"2025-11-28T05:50:35","slug":"mat-3-uten-dong-vpro-mau-trang","status":"publish","type":"product","link":"https:\/\/www.thietbidienlama.com\/en\/mat-3-uten-dong-vpro-mau-trang\/","title":{"rendered":"M\u1eb7t 3 UTEN D\u00f2ng VPRO M\u00e0u Tr\u1eafng M\u1eb7t k\u00ednh sapphire"},"content":{"rendered":"<h2 style=\"text-align: center;\"><span style=\"color: #000000;\">M\u1eb7t 3 UTEN D\u00f2ng VPRO M\u00e0u Tr\u1eafng M\u1eb7t k\u00ednh sapphire<\/span><\/h2>\n<p data-hveid=\"CAEIAhAA\" data-complete=\"true\" data-processed=\"true\"><span style=\"font-size: 12pt; color: #000000;\"><strong><span style=\"color: #ff6600;\"><a style=\"color: #ff6600;\" href=\"https:\/\/thietbidienlama.com\/mat-3-uten-dong-vpro-mau-trang\/\">M\u1eb7t 3 UTEN D\u00f2ng VPRO M\u00e0u Tr\u1eafng<\/a><\/span><\/strong> M\u1eb7t k\u00ednh sapphire l\u00e0\u00a0m\u1eb7t che cao c\u1ea5p\u00a0d\u00f9ng trong h\u1ec7 th\u1ed1ng thi\u1ebft b\u1ecb \u0111i\u1ec7n modular c\u1ee7a th\u01b0\u01a1ng hi\u1ec7u UTEN, m\u00e3 s\u1ea3n ph\u1ea9m l\u00e0\u00a0VPRO-PM3.<\/span><\/p>\n<p data-hveid=\"CAEIAhAA\" data-complete=\"true\" data-processed=\"true\"><img fetchpriority=\"high\" decoding=\"async\" class=\"alignnone size-medium wp-image-13739 aligncenter\" src=\"http:\/\/thietbidienlama.com\/wp-content\/uploads\/2025\/11\/Mat-3-UTEN-Dong-VPRO-Mau-Trang-Mat-kinh-sapphire-300x300.jpg\" alt=\"\" width=\"300\" height=\"300\" srcset=\"https:\/\/www.thietbidienlama.com\/wp-content\/uploads\/2025\/11\/Mat-3-UTEN-Dong-VPRO-Mau-Trang-Mat-kinh-sapphire-300x300.jpg 300w, https:\/\/www.thietbidienlama.com\/wp-content\/uploads\/2025\/11\/Mat-3-UTEN-Dong-VPRO-Mau-Trang-Mat-kinh-sapphire-150x150.jpg 150w, https:\/\/www.thietbidienlama.com\/wp-content\/uploads\/2025\/11\/Mat-3-UTEN-Dong-VPRO-Mau-Trang-Mat-kinh-sapphire-12x12.jpg 12w, https:\/\/www.thietbidienlama.com\/wp-content\/uploads\/2025\/11\/Mat-3-UTEN-Dong-VPRO-Mau-Trang-Mat-kinh-sapphire.jpg 500w\" sizes=\"(max-width: 300px) 100vw, 300px\" \/><\/p>\n<p data-hveid=\"CAEIAxAA\" data-processed=\"true\" data-complete=\"true\"><span style=\"font-size: 12pt; color: #000000;\">Th\u00f4ng tin chi ti\u1ebft v\u1ec1 s\u1ea3n ph\u1ea9m n\u00e0y nh\u01b0 sau:<\/span><\/p>\n<ul data-processed=\"true\" data-complete=\"true\">\n<li data-hveid=\"CAEIBBAA\" data-complete=\"true\" data-sae=\"\"><span style=\"font-size: 12pt; color: #000000;\">Ch\u1ee9c n\u0103ng:\u00a0D\u00f9ng l\u00e0m m\u1eb7t che th\u1ea9m m\u1ef9 cho\u00a0ba thi\u1ebft b\u1ecb\u00a0c\u00f3 k\u00edch th\u01b0\u1edbc c\u1ee1 S (Standard size, v\u00ed d\u1ee5: ba c\u00f4ng t\u1eafc \u0111\u01a1n ho\u1eb7c m\u1ed9t s\u1ef1 k\u1ebft h\u1ee3p c\u00e1c thi\u1ebft b\u1ecb kh\u00e1c) \u0111\u01b0\u1ee3c l\u1eafp \u0111\u1eb7t trong c\u00f9ng m\u1ed9t khung.<\/span><\/li>\n<li data-hveid=\"CAEIBBAB\" data-complete=\"true\" data-sae=\"\"><span style=\"font-size: 12pt; color: #000000;\">Ch\u1ea5t li\u1ec7u:<\/span>\n<ul data-complete=\"true\">\n<li data-hveid=\"CAEIBBAC\" data-complete=\"true\" data-sae=\"\"><span style=\"font-size: 12pt; color: #000000;\">M\u1eb7t k\u00ednh sapphire:\u00a0C\u00f4ng ngh\u1ec7 k\u00ednh cao c\u1ea5p, mang l\u1ea1i \u0111\u1ed9 b\u1ec1n cao, kh\u1ea3 n\u0103ng ch\u1ed1ng tr\u1ea7y x\u01b0\u1edbc t\u1ed1t v\u00e0 v\u1ebb ngo\u00e0i c\u1ef1c k\u1ef3 sang tr\u1ecdng, b\u00f3ng b\u1ea9y.<\/span><\/li>\n<li data-hveid=\"CAEIBBAD\" data-complete=\"true\" data-sae=\"\"><span style=\"font-size: 12pt; color: #000000;\">Th\u00e2n v\u00e0 vi\u1ec1n: L\u00e0m t\u1eeb v\u1eadt li\u1ec7u nh\u1ef1a PC ch\u1ea5t l\u01b0\u1ee3ng cao, m\u00e0u tr\u1eafng ng\u1ecdc trai (White Pearl Glass), ch\u1ecbu nhi\u1ec7t v\u00e0 ch\u1ed1ng va \u0111\u1eadp t\u1ed1t.<\/span><\/li>\n<\/ul>\n<\/li>\n<li data-hveid=\"CAEIBBAE\" data-complete=\"true\" data-sae=\"\"><span style=\"font-size: 12pt; color: #000000;\">Thi\u1ebft k\u1ebf:\u00a0M\u00e0u tr\u1eafng hi\u1ec7n \u0111\u1ea1i, vi\u1ec1n b\u00f3ng m\u1ea1 crom (ho\u1eb7c m\u00e0u v\u00e0ng t\u00f9y phi\u00ean b\u1ea3n), thi\u1ebft k\u1ebf d\u1ea1ng ph\u1eb3ng, d\u1ec5 d\u00e0ng v\u1ec7 sinh v\u00e0 l\u1eafp \u0111\u1eb7t.<\/span><\/li>\n<li data-hveid=\"CAEIBBAF\" data-sae=\"\" data-complete=\"true\"><span style=\"font-size: 12pt; color: #000000;\">K\u00edch th\u01b0\u1edbc:\u00a0K\u00edch th\u01b0\u1edbc ti\u00eau chu\u1ea9n chung c\u1ee7a m\u1eb7t che VPRO l\u00e0\u00a0117 x 74 mm.<\/span><\/li>\n<li data-hveid=\"CAEIBBAG\" data-complete=\"true\" data-processed=\"true\" data-sae=\"\"><span style=\"font-size: 12pt; color: #000000;\">B\u1ea3o h\u00e0nh:\u00a0S\u1ea3n ph\u1ea9m \u0111\u01b0\u1ee3c b\u1ea3o h\u00e0nh ch\u00ednh h\u00e3ng 12 n\u0103m.\u00a0<button tabindex=\"0\" data-amic=\"true\" data-icl-uuid=\"cecb04e2-84f7-4e01-b205-018276d1124d\" aria-label=\"Xem c\u00e1c \u0111\u01b0\u1eddng li\u00ean k\u1ebft c\u00f3 li\u00ean quan\" data-wiz-attrbind=\"disabled=ebWS1e_1c_C5gNJc;class=ebWS1e_1c_UpSNec;\" data-ved=\"2ahUKEwjw58-_kpSRAxULefUHHbiLAGkQye0OegYIAQgEEAc\"><\/button><\/span><\/li>\n<\/ul>\n<p data-hveid=\"CAEIBRAA\" data-processed=\"true\" data-complete=\"true\"><span style=\"font-size: 12pt; color: #000000;\">S\u1ea3n ph\u1ea9m n\u00e0y l\u00e0 m\u1ed9t ph\u1ea7n c\u1ee7a h\u1ec7 sinh th\u00e1i VPRO, y\u00eau c\u1ea7u c\u00e1c &#8220;C\u01a1 c\u1ea5u Module&#8221; (h\u1ea1t c\u00f4ng t\u1eafc, \u1ed5 c\u1eafm) v\u00e0 &#8220;\u0110\u1ebf \u00e2m\/n\u1ed5i&#8221; t\u01b0\u01a1ng th\u00edch \u0111\u1ec3 t\u1ea1o th\u00e0nh m\u1ed9t b\u1ed9 s\u1ea3n ph\u1ea9m ho\u00e0n ch\u1ec9nh.<\/span><\/p>\n<p data-hveid=\"CAEIBRAA\" data-processed=\"true\" data-complete=\"true\">\n<p class=\"Y3BBE\" data-hveid=\"CAEICBAA\" data-complete=\"true\" data-processed=\"true\"><span style=\"font-size: 12pt; color: #000000;\"><strong>LI\u00caN H\u1ec6 : Hotline: 0935 228 204 ( Ms Lam )<\/strong><\/span><\/p>\n<p><span style=\"font-size: 12pt; color: #000000;\"><strong>Facebook:\u00a0<span style=\"color: #ff6600;\"><a style=\"color: #ff6600;\" href=\"https:\/\/www.facebook.com\/thietbidienlama\" target=\"_blank\" rel=\"noopener\">THI\u1ebeT\u00a0B\u1eca \u0110I\u1ec6N LAMA<\/a><\/span><\/strong><\/span><\/p>\n<p><span style=\"font-size: 12pt; color: #000000;\"><strong>Tiktok:\u00a0<span style=\"color: #ff6600;\"><a style=\"color: #ff6600;\" href=\"https:\/\/www.tiktok.com\/@thietbidienlama\" target=\"_blank\" rel=\"noopener\">THI\u1ebeT\u00a0B\u1eca \u0110I\u1ec6N LAMA<\/a><\/span><\/strong><\/span><\/p>\n<p><span style=\"font-size: 12pt; color: #000000;\"><strong>Youtube: <span style=\"color: #ff6600;\"><a style=\"color: #ff6600;\" href=\"https:\/\/www.youtube.com\/@thietbidienlama\" target=\"_blank\" rel=\"noopener\">THI\u1ebeT\u00a0B\u1eca \u0110I\u1ec6N LAMA<\/a><\/span><\/strong><\/span><\/p>","protected":false},"excerpt":{"rendered":"<p>M\u1eb7t 3 UTEN D\u00f2ng VPRO M\u00e0u Tr\u1eafng M\u1eb7t k\u00ednh sapphire M\u1eb7t 3 UTEN D\u00f2ng VPRO M\u00e0u Tr\u1eafng M\u1eb7t k\u00ednh sapphire<\/p>","protected":false},"featured_media":13739,"comment_status":"closed","ping_status":"closed","template":"","meta":[],"product_brand":[],"product_cat":[991,992],"product_tag":[994,1009,1008,1007],"class_list":{"0":"post-13738","1":"product","2":"type-product","3":"status-publish","4":"has-post-thumbnail","6":"product_cat-mat-cong-tac-uten","7":"product_cat-mat-kinh-vpro-uten","8":"product_tag-mat-3-uten","9":"product_tag-mat-3-uten-dong-vpro","10":"product_tag-mat-3-uten-dong-vpro-mau-trang","11":"product_tag-mat-3-uten-dong-vpro-mau-trang-mat-kinh-sapphire","13":"first","14":"instock","15":"sale","16":"shipping-taxable","17":"purchasable","18":"product-type-simple"},"_links":{"self":[{"href":"https:\/\/www.thietbidienlama.com\/en\/wp-json\/wp\/v2\/product\/13738","targetHints":{"allow":["GET"]}}],"collection":[{"href":"https:\/\/www.thietbidienlama.com\/en\/wp-json\/wp\/v2\/product"}],"about":[{"href":"https:\/\/www.thietbidienlama.com\/en\/wp-json\/wp\/v2\/types\/product"}],"replies":[{"embeddable":true,"href":"https:\/\/www.thietbidienlama.com\/en\/wp-json\/wp\/v2\/comments?post=13738"}],"version-history":[{"count":2,"href":"https:\/\/www.thietbidienlama.com\/en\/wp-json\/wp\/v2\/product\/13738\/revisions"}],"predecessor-version":[{"id":13741,"href":"https:\/\/www.thietbidienlama.com\/en\/wp-json\/wp\/v2\/product\/13738\/revisions\/13741"}],"wp:featuredmedia":[{"embeddable":true,"href":"https:\/\/www.thietbidienlama.com\/en\/wp-json\/wp\/v2\/media\/13739"}],"wp:attachment":[{"href":"https:\/\/www.thietbidienlama.com\/en\/wp-json\/wp\/v2\/media?parent=13738"}],"wp:term":[{"taxonomy":"product_brand","embeddable":true,"href":"https:\/\/www.thietbidienlama.com\/en\/wp-json\/wp\/v2\/product_brand?post=13738"},{"taxonomy":"product_cat","embeddable":true,"href":"https:\/\/www.thietbidienlama.com\/en\/wp-json\/wp\/v2\/product_cat?post=13738"},{"taxonomy":"product_tag","embeddable":true,"href":"https:\/\/www.thietbidienlama.com\/en\/wp-json\/wp\/v2\/product_tag?post=13738"}],"curies":[{"name":"wp","href":"https:\/\/api.w.org\/{rel}","templated":true}]}}