{"id":13735,"date":"2025-11-28T12:45:28","date_gmt":"2025-11-28T05:45:28","guid":{"rendered":"https:\/\/thietbidienlama.com\/?post_type=product&#038;p=13735"},"modified":"2025-11-28T12:45:29","modified_gmt":"2025-11-28T05:45:29","slug":"mat-2-uten-dong-vpro-mau-trang","status":"publish","type":"product","link":"https:\/\/www.thietbidienlama.com\/en\/mat-2-uten-dong-vpro-mau-trang\/","title":{"rendered":"M\u1eb7t 2 UTEN D\u00f2ng VPRO M\u00e0u Tr\u1eafng M\u1eb7t k\u00ednh sapphire"},"content":{"rendered":"<h2 style=\"text-align: center;\"><span style=\"color: #000000;\">M\u1eb7t 2 UTEN D\u00f2ng VPRO M\u00e0u Tr\u1eafng M\u1eb7t k\u00ednh sapphire<\/span><\/h2>\n<p data-hveid=\"CAEIARAA\" data-processed=\"true\" data-complete=\"true\"><span style=\"color: #000000; font-size: 12pt;\"><span style=\"color: #ff6600;\"><strong><a style=\"color: #ff6600;\" href=\"https:\/\/thietbidienlama.com\/mat-2-uten-dong-vpro-mau-trang\/\">M\u1eb7t 2 UTEN D\u00f2ng VPRO M\u00e0u Tr\u1eafng<\/a><\/strong><\/span> M\u1eb7t k\u00ednh sapphire l\u00e0\u00a0m\u1eb7t che cao c\u1ea5p\u00a0d\u00e0nh cho h\u1ec7 th\u1ed1ng thi\u1ebft b\u1ecb \u0111i\u1ec7n (c\u00f4ng t\u1eafc, \u1ed5 c\u1eafm) d\u1ea1ng modular c\u1ee7a th\u01b0\u01a1ng hi\u1ec7u UTEN.<\/span><\/p>\n<p data-hveid=\"CAEIARAA\" data-processed=\"true\" data-complete=\"true\"><img fetchpriority=\"high\" decoding=\"async\" class=\"alignnone size-medium wp-image-13736 aligncenter\" src=\"http:\/\/thietbidienlama.com\/wp-content\/uploads\/2025\/11\/Mat-2-UTEN-Dong-VPRO-Mau-Trang-Mat-kinh-sapphire-300x300.jpg\" alt=\"\" width=\"300\" height=\"300\" srcset=\"https:\/\/www.thietbidienlama.com\/wp-content\/uploads\/2025\/11\/Mat-2-UTEN-Dong-VPRO-Mau-Trang-Mat-kinh-sapphire-300x300.jpg 300w, https:\/\/www.thietbidienlama.com\/wp-content\/uploads\/2025\/11\/Mat-2-UTEN-Dong-VPRO-Mau-Trang-Mat-kinh-sapphire-150x150.jpg 150w, https:\/\/www.thietbidienlama.com\/wp-content\/uploads\/2025\/11\/Mat-2-UTEN-Dong-VPRO-Mau-Trang-Mat-kinh-sapphire-12x12.jpg 12w, https:\/\/www.thietbidienlama.com\/wp-content\/uploads\/2025\/11\/Mat-2-UTEN-Dong-VPRO-Mau-Trang-Mat-kinh-sapphire.jpg 500w\" sizes=\"(max-width: 300px) 100vw, 300px\" \/><\/p>\n<h3 data-hveid=\"CAEIAhAA\" data-complete=\"true\" data-processed=\"true\"><span style=\"color: #000000; font-size: 14pt;\">S\u1ea3n ph\u1ea9m n\u00e0y c\u00f3 th\u00f4ng tin chi ti\u1ebft nh\u01b0 sau:<button tabindex=\"0\" data-amic=\"true\" data-icl-uuid=\"dc173fc1-9cd5-48bd-b859-a1e3ab66265e\" aria-label=\"Xem c\u00e1c \u0111\u01b0\u1eddng li\u00ean k\u1ebft c\u00f3 li\u00ean quan\" data-wiz-attrbind=\"disabled=cAXmfe_h_C5gNJc;class=cAXmfe_h_UpSNec;\" data-ved=\"2ahUKEwjFhfT0kJSRAxWjk1YBHdxiHekQye0OegYIAQgCEAE\"><\/button><\/span><\/h3>\n<ul data-processed=\"true\" data-complete=\"true\">\n<li data-hveid=\"CAEIAxAA\" data-complete=\"true\" data-sae=\"\"><span style=\"color: #000000; font-size: 12pt;\">Ch\u1ee9c n\u0103ng:\u00a0D\u00f9ng \u0111\u1ec3 che\u00a0hai thi\u1ebft b\u1ecb\u00a0c\u00f3 k\u00edch th\u01b0\u1edbc c\u1ee1 S (nh\u01b0 hai c\u00f4ng t\u1eafc \u0111\u01a1n ho\u1eb7c m\u1ed9t c\u00f4ng t\u1eafc \u0111\u00f4i) trong c\u00f9ng m\u1ed9t khung l\u1eafp c\u1ee7a d\u00f2ng VPRO.<\/span><\/li>\n<li data-hveid=\"CAEIAxAB\" data-complete=\"true\" data-sae=\"\"><span style=\"color: #000000; font-size: 12pt;\">Ch\u1ea5t li\u1ec7u:<\/span>\n<ul data-complete=\"true\">\n<li data-hveid=\"CAEIAxAC\" data-complete=\"true\" data-sae=\"\"><span style=\"color: #000000; font-size: 12pt;\">M\u1eb7t k\u00ednh sapphire:\u00a0\u0110\u00e2y l\u00e0 \u0111i\u1ec3m nh\u1ea5n cao c\u1ea5p nh\u1ea5t, mang l\u1ea1i \u0111\u1ed9 b\u00f3ng, \u0111\u1ed9 c\u1ee9ng cao, ch\u1ed1ng tr\u1ea7y x\u01b0\u1edbc v\u00e0 t\u1ea1o c\u1ea3m gi\u00e1c sang tr\u1ecdng.<\/span><\/li>\n<li data-hveid=\"CAEIAxAD\" data-complete=\"true\" data-sae=\"\"><span style=\"color: #000000; font-size: 12pt;\">Vi\u1ec1n v\u00e0 khung: S\u1eed d\u1ee5ng nh\u1ef1a PC ch\u1ea5t l\u01b0\u1ee3ng cao, m\u00e0u tr\u1eafng ng\u1ecdc trai, ch\u1ecbu nhi\u1ec7t t\u1ed1t v\u00e0 b\u1ec1n b\u1ec9.<\/span><\/li>\n<\/ul>\n<\/li>\n<li data-hveid=\"CAEIAxAE\" data-complete=\"true\" data-sae=\"\"><span style=\"color: #000000; font-size: 12pt;\">Thi\u1ebft k\u1ebf:\u00a0M\u00e0u tr\u1eafng (White Pearl Glass) v\u1edbi vi\u1ec1n b\u00f3ng, thi\u1ebft k\u1ebf ph\u1eb3ng, hi\u1ec7n \u0111\u1ea1i v\u00e0 tinh t\u1ebf.<\/span><\/li>\n<li data-hveid=\"CAEIAxAF\" data-complete=\"true\" data-sae=\"\"><span style=\"color: #000000; font-size: 12pt;\">K\u00edch th\u01b0\u1edbc:\u00a0K\u00edch th\u01b0\u1edbc ti\u00eau chu\u1ea9n th\u01b0\u1eddng l\u00e0 117 x 74 mm, nh\u01b0ng thi\u1ebft k\u1ebf kho\u00e9t l\u1ed7 d\u00e0nh cho hai module.<\/span><\/li>\n<li data-hveid=\"CAEIAxAG\" data-complete=\"true\" data-sae=\"\"><span style=\"color: #000000; font-size: 12pt;\">B\u1ea3o h\u00e0nh: S\u1ea3n ph\u1ea9m \u0111\u01b0\u1ee3c b\u1ea3o h\u00e0nh ch\u00ednh h\u00e3ng 12 n\u0103m t\u1eeb nh\u00e0 s\u1ea3n xu\u1ea5t.<\/span><\/li>\n<\/ul>\n<p data-hveid=\"CAEIBBAA\" data-processed=\"true\" data-complete=\"true\"><span style=\"color: #000000; font-size: 12pt;\">S\u1ea3n ph\u1ea9m n\u00e0y c\u1ea7n \u0111\u01b0\u1ee3c l\u1eafp \u0111\u1eb7t c\u00f9ng v\u1edbi &#8220;C\u01a1 c\u1ea5u Module&#8221; (Mechanism Module) v\u00e0 &#8220;\u0110\u1ebf \u00e2m&#8221; ho\u1eb7c &#8220;\u0110\u1ebf n\u1ed5i&#8221; t\u01b0\u01a1ng th\u00edch c\u1ee7a UTEN \u0111\u1ec3 t\u1ea1o th\u00e0nh m\u1ed9t b\u1ed9 c\u00f4ng t\u1eafc ho\u1eb7c \u1ed5 c\u1eafm ho\u00e0n ch\u1ec9nh.<\/span><\/p>\n<p class=\"Y3BBE\" data-hveid=\"CAEICBAA\" data-complete=\"true\" data-processed=\"true\"><span style=\"font-size: 12pt; color: #000000;\"><strong>LI\u00caN H\u1ec6 : Hotline: 0935 228 204 ( Ms Lam )<\/strong><\/span><\/p>\n<p><span style=\"font-size: 12pt; color: #000000;\"><strong>Facebook:\u00a0<span style=\"color: #ff6600;\"><a style=\"color: #ff6600;\" href=\"https:\/\/www.facebook.com\/thietbidienlama\" target=\"_blank\" rel=\"noopener\">THI\u1ebeT\u00a0B\u1eca \u0110I\u1ec6N LAMA<\/a><\/span><\/strong><\/span><\/p>\n<p><span style=\"font-size: 12pt; color: #000000;\"><strong>Tiktok:\u00a0<span style=\"color: #ff6600;\"><a style=\"color: #ff6600;\" href=\"https:\/\/www.tiktok.com\/@thietbidienlama\" target=\"_blank\" rel=\"noopener\">THI\u1ebeT\u00a0B\u1eca \u0110I\u1ec6N LAMA<\/a><\/span><\/strong><\/span><\/p>\n<p><span style=\"font-size: 12pt; color: #000000;\"><strong>Youtube: <span style=\"color: #ff6600;\"><a style=\"color: #ff6600;\" href=\"https:\/\/www.youtube.com\/@thietbidienlama\" target=\"_blank\" rel=\"noopener\">THI\u1ebeT\u00a0B\u1eca \u0110I\u1ec6N LAMA<\/a><\/span><\/strong><\/span><\/p>","protected":false},"excerpt":{"rendered":"<p>M\u1eb7t 2 UTEN D\u00f2ng VPRO M\u00e0u Tr\u1eafng M\u1eb7t k\u00ednh sapphire M\u1eb7t 2 UTEN D\u00f2ng VPRO M\u00e0u Tr\u1eafng M\u1eb7t k\u00ednh sapphire<\/p>","protected":false},"featured_media":13736,"comment_status":"closed","ping_status":"closed","template":"","meta":[],"product_brand":[],"product_cat":[991,992],"product_tag":[998,993,1006],"class_list":{"0":"post-13735","1":"product","2":"type-product","3":"status-publish","4":"has-post-thumbnail","6":"product_cat-mat-cong-tac-uten","7":"product_cat-mat-kinh-vpro-uten","8":"product_tag-mat-2-uten","9":"product_tag-mat-2-uten-dong-vpro","10":"product_tag-mat-2-uten-dong-vpro-mau-trang","12":"first","13":"instock","14":"sale","15":"shipping-taxable","16":"purchasable","17":"product-type-simple"},"_links":{"self":[{"href":"https:\/\/www.thietbidienlama.com\/en\/wp-json\/wp\/v2\/product\/13735","targetHints":{"allow":["GET"]}}],"collection":[{"href":"https:\/\/www.thietbidienlama.com\/en\/wp-json\/wp\/v2\/product"}],"about":[{"href":"https:\/\/www.thietbidienlama.com\/en\/wp-json\/wp\/v2\/types\/product"}],"replies":[{"embeddable":true,"href":"https:\/\/www.thietbidienlama.com\/en\/wp-json\/wp\/v2\/comments?post=13735"}],"version-history":[{"count":1,"href":"https:\/\/www.thietbidienlama.com\/en\/wp-json\/wp\/v2\/product\/13735\/revisions"}],"predecessor-version":[{"id":13737,"href":"https:\/\/www.thietbidienlama.com\/en\/wp-json\/wp\/v2\/product\/13735\/revisions\/13737"}],"wp:featuredmedia":[{"embeddable":true,"href":"https:\/\/www.thietbidienlama.com\/en\/wp-json\/wp\/v2\/media\/13736"}],"wp:attachment":[{"href":"https:\/\/www.thietbidienlama.com\/en\/wp-json\/wp\/v2\/media?parent=13735"}],"wp:term":[{"taxonomy":"product_brand","embeddable":true,"href":"https:\/\/www.thietbidienlama.com\/en\/wp-json\/wp\/v2\/product_brand?post=13735"},{"taxonomy":"product_cat","embeddable":true,"href":"https:\/\/www.thietbidienlama.com\/en\/wp-json\/wp\/v2\/product_cat?post=13735"},{"taxonomy":"product_tag","embeddable":true,"href":"https:\/\/www.thietbidienlama.com\/en\/wp-json\/wp\/v2\/product_tag?post=13735"}],"curies":[{"name":"wp","href":"https:\/\/api.w.org\/{rel}","templated":true}]}}