{"id":13731,"date":"2025-11-28T12:04:24","date_gmt":"2025-11-28T05:04:24","guid":{"rendered":"https:\/\/thietbidienlama.com\/?post_type=product&#038;p=13731"},"modified":"2025-11-28T12:04:24","modified_gmt":"2025-11-28T05:04:24","slug":"mat-1-uten-dong-vpro-mau-trang","status":"publish","type":"product","link":"https:\/\/www.thietbidienlama.com\/en\/mat-1-uten-dong-vpro-mau-trang\/","title":{"rendered":"M\u1eb7t 1 UTEN D\u00f2ng VPRO M\u00e0u Tr\u1eafng M\u1eb7t k\u00ednh sapphire"},"content":{"rendered":"<h2 style=\"text-align: center;\" data-hveid=\"CAIQAA\" data-complete=\"true\" data-processed=\"true\"><span style=\"color: #000000;\">M\u1eb7t 1 UTEN D\u00f2ng VPRO M\u00e0u Tr\u1eafng M\u1eb7t k\u00ednh sapphire<\/span><\/h2>\n<div data-sfc-cp=\"\" data-hveid=\"CAIQAA\" data-complete=\"true\" data-processed=\"true\"><span style=\"color: #000000;\"><span style=\"color: #ff6600;\"><strong><a style=\"color: #ff6600;\" href=\"https:\/\/thietbidienlama.com\/mat-1-uten-dong-vpro-mau-trang\/\">M\u1eb7t 1 UTEN D\u00f2ng VPRO<\/a><\/strong><\/span> M\u00e0u Tr\u1eafng M\u1eb7t k\u00ednh sapphire l\u00e0 m\u1eb7t che cao c\u1ea5p cho thi\u1ebft b\u1ecb \u0111i\u1ec7n (c\u00f4ng t\u1eafc, \u1ed5 c\u1eafm, v.v.) c\u1ee7a th\u01b0\u01a1ng hi\u1ec7u UTEN, kh\u00f4ng ph\u1ea3i m\u1eb7t \u0111\u1ed3ng h\u1ed3.<\/span><\/div>\n<div data-sfc-cp=\"\" data-hveid=\"CAIQAA\" data-complete=\"true\" data-processed=\"true\"><img fetchpriority=\"high\" decoding=\"async\" class=\"alignnone size-medium wp-image-13732 aligncenter\" src=\"http:\/\/thietbidienlama.com\/wp-content\/uploads\/2025\/11\/Mat-1-UTEN-Dong-VPRO-Mau-Trang-Mat-kinh-sapphire-300x300.jpg\" alt=\"\" width=\"300\" height=\"300\" srcset=\"https:\/\/www.thietbidienlama.com\/wp-content\/uploads\/2025\/11\/Mat-1-UTEN-Dong-VPRO-Mau-Trang-Mat-kinh-sapphire-300x300.jpg 300w, https:\/\/www.thietbidienlama.com\/wp-content\/uploads\/2025\/11\/Mat-1-UTEN-Dong-VPRO-Mau-Trang-Mat-kinh-sapphire-150x150.jpg 150w, https:\/\/www.thietbidienlama.com\/wp-content\/uploads\/2025\/11\/Mat-1-UTEN-Dong-VPRO-Mau-Trang-Mat-kinh-sapphire-12x12.jpg 12w, https:\/\/www.thietbidienlama.com\/wp-content\/uploads\/2025\/11\/Mat-1-UTEN-Dong-VPRO-Mau-Trang-Mat-kinh-sapphire.jpg 500w\" sizes=\"(max-width: 300px) 100vw, 300px\" \/><\/div>\n<h3 data-hveid=\"CAMQAA\" data-processed=\"true\" data-complete=\"true\"><span style=\"color: #000000; font-size: 18pt;\">Th\u00f4ng tin chi ti\u1ebft v\u1ec1 s\u1ea3n ph\u1ea9m n\u00e0y nh\u01b0 sau:<\/span><\/h3>\n<ul data-complete=\"true\" data-processed=\"true\">\n<li data-hveid=\"CAQQAA\" data-complete=\"true\" data-sae=\"\"><span style=\"color: #000000;\">Ch\u1ee9c n\u0103ng:\u00a0D\u00f9ng l\u00e0m m\u1eb7t che cho m\u1ed9t thi\u1ebft b\u1ecb c\u1ee1 S (v\u00ed d\u1ee5: m\u1ed9t c\u00f4ng t\u1eafc \u0111\u01a1n ho\u1eb7c m\u1ed9t \u1ed5 c\u1eafm \u0111\u01a1n) trong h\u1ec7 th\u1ed1ng modular VPRO c\u1ee7a UTEN.<\/span><\/li>\n<li data-hveid=\"CAQQAQ\" data-complete=\"true\" data-sae=\"\"><span style=\"color: #000000;\">Ch\u1ea5t li\u1ec7u:<\/span>\n<ul data-complete=\"true\">\n<li data-hveid=\"CAQQAg\" data-complete=\"true\" data-sae=\"\"><span style=\"color: #000000;\">M\u1eb7t k\u00ednh: S\u1eed d\u1ee5ng\u00a0k\u00ednh sapphire\u00a0theo c\u00f4ng ngh\u1ec7 cao c\u1ea5p, mang l\u1ea1i v\u1ebb ngo\u00e0i sang tr\u1ecdng v\u00e0 \u0111\u1ed9 b\u1ec1n cao.<\/span><\/li>\n<li data-hveid=\"CAQQAw\" data-complete=\"true\" data-sae=\"\"><span style=\"color: #000000;\">Vi\u1ec1n v\u00e0 th\u00e2n: L\u00e0m t\u1eeb nh\u1ef1a PC ch\u1ea5t l\u01b0\u1ee3ng cao, m\u00e0u tr\u1eafng ng\u1ecdc trai, vi\u1ec1n b\u00f3ng.<\/span><\/li>\n<\/ul>\n<\/li>\n<li data-hveid=\"CAQQBA\" data-complete=\"true\" data-sae=\"\"><span style=\"color: #000000;\">Thi\u1ebft k\u1ebf:\u00a0M\u00e0u tr\u1eafng (White Pearl Glass), vi\u1ec1n m\u1ea1 crom (\u0111\u00f4i khi c\u00f3 m\u00e0u v\u00e0ng t\u00f9y phi\u00ean b\u1ea3n), thi\u1ebft k\u1ebf hi\u1ec7n \u0111\u1ea1i, d\u1ec5 d\u00e0ng l\u1eafp \u0111\u1eb7t v\u00e0 s\u1eed d\u1ee5ng.<\/span><\/li>\n<li data-hveid=\"CAQQBQ\" data-complete=\"true\" data-sae=\"\"><span style=\"color: #000000;\">K\u00edch th\u01b0\u1edbc:\u00a0Th\u01b0\u1eddng c\u00f3 k\u00edch th\u01b0\u1edbc ti\u00eau chu\u1ea9n l\u00e0 117 x 74mm.<\/span><\/li>\n<li data-hveid=\"CAQQBg\" data-complete=\"true\" data-sae=\"\"><span style=\"color: #000000;\">B\u1ea3o h\u00e0nh:\u00a0S\u1ea3n ph\u1ea9m \u0111\u01b0\u1ee3c b\u1ea3o h\u00e0nh ch\u00ednh h\u00e3ng 12 n\u0103m.<\/span><\/li>\n<\/ul>\n<p class=\"Y3BBE\" data-hveid=\"CAEICBAA\" data-complete=\"true\" data-processed=\"true\"><span style=\"font-size: 12pt; color: #000000;\"><strong>LI\u00caN H\u1ec6 : Hotline: 0935 228 204 ( Ms Lam )<\/strong><\/span><\/p>\n<p><span style=\"font-size: 12pt; color: #000000;\"><strong>Facebook:\u00a0<span style=\"color: #ff6600;\"><a style=\"color: #ff6600;\" href=\"https:\/\/www.facebook.com\/thietbidienlama\" target=\"_blank\" rel=\"noopener\">THI\u1ebeT\u00a0B\u1eca \u0110I\u1ec6N LAMA<\/a><\/span><\/strong><\/span><\/p>\n<p><span style=\"font-size: 12pt; color: #000000;\"><strong>Tiktok:\u00a0<span style=\"color: #ff6600;\"><a style=\"color: #ff6600;\" href=\"https:\/\/www.tiktok.com\/@thietbidienlama\" target=\"_blank\" rel=\"noopener\">THI\u1ebeT\u00a0B\u1eca \u0110I\u1ec6N LAMA<\/a><\/span><\/strong><\/span><\/p>\n<p><span style=\"font-size: 12pt; color: #000000;\"><strong>Youtube: <span style=\"color: #ff6600;\"><a style=\"color: #ff6600;\" href=\"https:\/\/www.youtube.com\/@thietbidienlama\" target=\"_blank\" rel=\"noopener\">THI\u1ebeT\u00a0B\u1eca \u0110I\u1ec6N LAMA<\/a><\/span><\/strong><\/span><\/p>","protected":false},"excerpt":{"rendered":"<p>M\u1eb7t 1 UTEN D\u00f2ng VPRO M\u00e0u Tr\u1eafng M\u1eb7t k\u00ednh sapphire M\u1eb7t 1 UTEN D\u00f2ng VPRO M\u00e0u Tr\u1eafng M\u1eb7t k\u00ednh sapphire<\/p>","protected":false},"featured_media":13732,"comment_status":"closed","ping_status":"closed","template":"","meta":[],"product_brand":[],"product_cat":[991,992],"product_tag":[1005,997,1004],"class_list":{"0":"post-13731","1":"product","2":"type-product","3":"status-publish","4":"has-post-thumbnail","6":"product_cat-mat-cong-tac-uten","7":"product_cat-mat-kinh-vpro-uten","8":"product_tag-mat-1-uten","9":"product_tag-mat-1-uten-dong-vpro","10":"product_tag-mat-1-uten-dong-vpro-mau-trang","12":"first","13":"instock","14":"sale","15":"shipping-taxable","16":"purchasable","17":"product-type-simple"},"_links":{"self":[{"href":"https:\/\/www.thietbidienlama.com\/en\/wp-json\/wp\/v2\/product\/13731","targetHints":{"allow":["GET"]}}],"collection":[{"href":"https:\/\/www.thietbidienlama.com\/en\/wp-json\/wp\/v2\/product"}],"about":[{"href":"https:\/\/www.thietbidienlama.com\/en\/wp-json\/wp\/v2\/types\/product"}],"replies":[{"embeddable":true,"href":"https:\/\/www.thietbidienlama.com\/en\/wp-json\/wp\/v2\/comments?post=13731"}],"version-history":[{"count":2,"href":"https:\/\/www.thietbidienlama.com\/en\/wp-json\/wp\/v2\/product\/13731\/revisions"}],"predecessor-version":[{"id":13734,"href":"https:\/\/www.thietbidienlama.com\/en\/wp-json\/wp\/v2\/product\/13731\/revisions\/13734"}],"wp:featuredmedia":[{"embeddable":true,"href":"https:\/\/www.thietbidienlama.com\/en\/wp-json\/wp\/v2\/media\/13732"}],"wp:attachment":[{"href":"https:\/\/www.thietbidienlama.com\/en\/wp-json\/wp\/v2\/media?parent=13731"}],"wp:term":[{"taxonomy":"product_brand","embeddable":true,"href":"https:\/\/www.thietbidienlama.com\/en\/wp-json\/wp\/v2\/product_brand?post=13731"},{"taxonomy":"product_cat","embeddable":true,"href":"https:\/\/www.thietbidienlama.com\/en\/wp-json\/wp\/v2\/product_cat?post=13731"},{"taxonomy":"product_tag","embeddable":true,"href":"https:\/\/www.thietbidienlama.com\/en\/wp-json\/wp\/v2\/product_tag?post=13731"}],"curies":[{"name":"wp","href":"https:\/\/api.w.org\/{rel}","templated":true}]}}