{"id":13726,"date":"2025-11-23T14:17:13","date_gmt":"2025-11-23T07:17:13","guid":{"rendered":"https:\/\/thietbidienlama.com\/?post_type=product&#038;p=13726"},"modified":"2025-11-28T10:02:48","modified_gmt":"2025-11-28T03:02:48","slug":"hat-cong-tac-2-chieu-co-s-uten-v3-v3ck2","status":"publish","type":"product","link":"https:\/\/www.thietbidienlama.com\/en\/hat-cong-tac-2-chieu-co-s-uten-v3-v3ck2\/","title":{"rendered":"H\u1ea1t C\u00f4ng T\u1eafc 2 Chi\u1ec1u C\u1ee1 S UTEN V3 V3CK2"},"content":{"rendered":"<h2 style=\"text-align: center;\"><span style=\"color: #000000;\">H\u1ea1t C\u00f4ng T\u1eafc 2 Chi\u1ec1u C\u1ee1 S UTEN V3 V3CK2<\/span><\/h2>\n<p class=\"Y3BBE\" data-hveid=\"CAIQAA\" data-processed=\"true\" data-complete=\"true\"><span style=\"font-size: 12pt; color: #000000;\"><span class=\"T286Pc\" data-sfc-cp=\"\" data-complete=\"true\" data-processed=\"true\">H\u1ea1t c\u00f4ng t\u1eafc 2 chi\u1ec1u c\u1ee1\u00a0S <span style=\"color: #ff6600;\"><strong><a style=\"color: #ff6600;\" href=\"https:\/\/thietbidienlama.com\/hat-cong-tac-2-chieu-co-s-uten-v3-v3ck2\/\">UTEN V3<\/a><\/strong><\/span>\u00a0c\u00f3 m\u00e3 s\u1ea3n ph\u1ea9m l\u00e0\u00a0<\/span><strong class=\"Yjhzub\" data-complete=\"true\" data-processed=\"true\"><span class=\"T286Pc\" data-sfc-cp=\"\" data-complete=\"true\" data-processed=\"true\">V3.0PGK1\/2-SS<\/span><\/strong>\u00a0(h\u1ea1t c\u00f4ng t\u1eafc ri\u00eang) ho\u1eb7c c\u00f3 th\u1ec3 xu\u1ea5t hi\u1ec7n trong c\u00e1c b\u1ed9 s\u1ea3n ph\u1ea9m ho\u00e0n ch\u1ec9nh nh\u01b0 V3.0PGK1\/2-SS + V3.0PMx (v\u1edbi PMx l\u00e0 m\u00e3 m\u1eb7t che t\u01b0\u01a1ng \u1ee9ng). M\u00e3 V3CK2 kh\u00f4ng ph\u1ea3i m\u00e3 ch\u00ednh x\u00e1c m\u00e0 ng\u01b0\u1eddi d\u00f9ng th\u01b0\u1eddng t\u00ecm ki\u1ebfm, m\u00e3 ch\u00ednh x\u00e1c l\u00e0 m\u1ed9t ph\u1ea7n c\u1ee7a d\u00f2ng V3.0.<\/span><\/p>\n<p class=\"Fsg96\" data-complete=\"true\" data-processed=\"true\"><img fetchpriority=\"high\" decoding=\"async\" class=\"alignnone size-medium wp-image-13727 aligncenter\" src=\"http:\/\/thietbidienlama.com\/wp-content\/uploads\/2025\/11\/Hat-Cong-Tac-2-Chieu-Co-S-UTEN-V3-V3CK2-300x300.jpg\" alt=\"\" width=\"300\" height=\"300\" srcset=\"https:\/\/www.thietbidienlama.com\/wp-content\/uploads\/2025\/11\/Hat-Cong-Tac-2-Chieu-Co-S-UTEN-V3-V3CK2-300x300.jpg 300w, https:\/\/www.thietbidienlama.com\/wp-content\/uploads\/2025\/11\/Hat-Cong-Tac-2-Chieu-Co-S-UTEN-V3-V3CK2-150x150.jpg 150w, https:\/\/www.thietbidienlama.com\/wp-content\/uploads\/2025\/11\/Hat-Cong-Tac-2-Chieu-Co-S-UTEN-V3-V3CK2-12x12.jpg 12w, https:\/\/www.thietbidienlama.com\/wp-content\/uploads\/2025\/11\/Hat-Cong-Tac-2-Chieu-Co-S-UTEN-V3-V3CK2.jpg 500w\" sizes=\"(max-width: 300px) 100vw, 300px\" \/><\/p>\n<h3 class=\"otQkpb\" role=\"heading\" aria-level=\"3\" data-processed=\"true\" data-complete=\"true\"><span style=\"font-size: 14pt; color: #000000;\">Th\u00f4ng s\u1ed1 k\u1ef9 thu\u1eadt UTEN V3:<\/span><\/h3>\n<ul class=\"KsbFXc U6u95\" data-complete=\"true\" data-processed=\"true\">\n<li data-hveid=\"CAQQAA\" data-complete=\"true\" data-sae=\"\"><span class=\"T286Pc\" style=\"font-size: 12pt; color: #000000;\" data-sfc-cp=\"\" data-complete=\"true\"><strong class=\"Yjhzub\" data-complete=\"true\">Lo\u1ea1i s\u1ea3n ph\u1ea9m:<\/strong>\u00a0H\u1ea1t c\u00f4ng t\u1eafc 2 chi\u1ec1u (c\u00f2n g\u1ecdi l\u00e0 c\u00f4ng t\u1eafc \u0111\u1ea3o chi\u1ec1u).<\/span><\/li>\n<li data-hveid=\"CAQQAQ\" data-complete=\"true\" data-sae=\"\"><span class=\"T286Pc\" style=\"font-size: 12pt; color: #000000;\" data-sfc-cp=\"\" data-complete=\"true\"><strong class=\"Yjhzub\" data-complete=\"true\">D\u00f2ng \u0111i\u1ec7n\/ \u0110i\u1ec7n \u00e1p \u0111\u1ecbnh m\u1ee9c:<\/strong>\u00a016A\/250V.<\/span><\/li>\n<li data-hveid=\"CAQQAg\" data-complete=\"true\" data-sae=\"\"><span class=\"T286Pc\" style=\"font-size: 12pt; color: #000000;\" data-sfc-cp=\"\" data-complete=\"true\"><strong class=\"Yjhzub\" data-complete=\"true\">K\u00edch th\u01b0\u1edbc:<\/strong>\u00a0C\u1ee1 S (nh\u1ecf), d\u00f9ng \u0111\u1ec3 l\u1eafp v\u00e0o c\u00e1c m\u1eb7t che (panel) t\u01b0\u01a1ng \u1ee9ng c\u1ee7a d\u00f2ng V3.0 (v\u00ed d\u1ee5 m\u1eb7t 2 l\u1ed7 c\u1ee1 S, 3 l\u1ed7 c\u1ee1 S&#8230;).<\/span><\/li>\n<li data-hveid=\"CAQQAw\" data-complete=\"true\" data-sae=\"\"><span class=\"T286Pc\" style=\"font-size: 12pt; color: #000000;\" data-sfc-cp=\"\" data-complete=\"true\"><strong class=\"Yjhzub\" data-complete=\"true\">Ch\u1ea5t li\u1ec7u:<\/strong><\/span>\n<ul class=\"KsbFXc U6u95\" data-complete=\"true\">\n<li data-hveid=\"CAQQBA\" data-complete=\"true\" data-sae=\"\"><span class=\"T286Pc\" style=\"font-size: 12pt; color: #000000;\" data-sfc-cp=\"\" data-complete=\"true\">Th\u00e2n: Nh\u1ef1a PC ch\u1ea5t l\u01b0\u1ee3ng cao.<\/span><\/li>\n<li data-hveid=\"CAQQBQ\" data-complete=\"true\" data-sae=\"\"><span class=\"T286Pc\" style=\"font-size: 12pt; color: #000000;\" data-sfc-cp=\"\" data-complete=\"true\">Ti\u1ebfp \u0111i\u1ec3m: \u0110\u1ed3ng t\u00edm 65% v\u00e0 m\u1ea1 b\u1ea1c 0,35mm cho kh\u1ea3 n\u0103ng d\u1eabn \u0111i\u1ec7n t\u1ed1t v\u00e0 b\u1ec1n b\u1ec9.<\/span><\/li>\n<\/ul>\n<\/li>\n<li data-hveid=\"CAQQBg\" data-complete=\"true\" data-sae=\"\"><span class=\"T286Pc\" style=\"font-size: 12pt; color: #000000;\" data-sfc-cp=\"\" data-complete=\"true\"><strong class=\"Yjhzub\" data-complete=\"true\">C\u01a1 ch\u1ebf ho\u1ea1t \u0111\u1ed9ng:<\/strong>\u00a0Ki\u1ec3u b\u1eadp b\u00eanh (seesaw).<\/span><\/li>\n<li data-hveid=\"CAQQBw\" data-complete=\"true\" data-sae=\"\"><span class=\"T286Pc\" style=\"font-size: 12pt; color: #000000;\" data-sfc-cp=\"\" data-complete=\"true\"><strong class=\"Yjhzub\" data-complete=\"true\">Tu\u1ed5i th\u1ecd:<\/strong>\u00a0Kho\u1ea3ng 40.000 l\u1ea7n b\u1eadt t\u1eaft.<\/span><\/li>\n<li data-hveid=\"CAQQCA\" data-complete=\"true\" data-sae=\"\"><span class=\"T286Pc\" style=\"font-size: 12pt; color: #000000;\" data-sfc-cp=\"\" data-complete=\"true\"><strong class=\"Yjhzub\" data-complete=\"true\">M\u00e0u s\u1eafc:<\/strong>\u00a0Th\u01b0\u1eddng l\u00e0 m\u00e0u tr\u1eafng tinh khi\u1ebft.<\/span><\/li>\n<li data-hveid=\"CAQQCQ\" data-complete=\"true\" data-sae=\"\"><span class=\"T286Pc\" style=\"font-size: 12pt; color: #000000;\" data-sfc-cp=\"\" data-complete=\"true\"><strong class=\"Yjhzub\" data-complete=\"true\">Xu\u1ea5t x\u1ee9:<\/strong>\u00a0S\u1ea3n xu\u1ea5t tr\u00ean d\u00e2y chuy\u1ec1n c\u00f4ng ngh\u1ec7 \u0110\u1ee9c, \u0111\u1ea1t ti\u00eau chu\u1ea9n ch\u1ea5t l\u01b0\u1ee3ng Ch\u00e2u \u00c2u.<\/span><\/li>\n<li data-hveid=\"CAQQCg\" data-complete=\"true\" data-sae=\"\"><span style=\"font-size: 12pt; color: #000000;\"><span class=\"T286Pc\" data-sfc-cp=\"\" data-complete=\"true\"><strong class=\"Yjhzub\" data-complete=\"true\">B\u1ea3o h\u00e0nh:<\/strong>\u00a012 n\u0103m.<\/span><\/span><\/li>\n<\/ul>\n<p class=\"Y3BBE\" data-hveid=\"CAUQAA\" data-complete=\"true\" data-processed=\"true\"><span style=\"font-size: 12pt; color: #000000;\">C\u00f4ng t\u1eafc 2 chi\u1ec1u th\u01b0\u1eddng c\u00f3 3 ch\u00e2n n\u1ed1i d\u00e2y, cho ph\u00e9p \u0111i\u1ec1u khi\u1ec3n m\u1ed9t thi\u1ebft b\u1ecb (v\u00ed d\u1ee5: \u0111\u00e8n) \u1edf hai v\u1ecb tr\u00ed kh\u00e1c nhau trong nh\u00e0 (v\u00ed d\u1ee5: c\u1ea7u thang). S\u1ea3n ph\u1ea9m \u0111\u01b0\u1ee3c tin d\u00f9ng r\u1ed9ng r\u00e3i trong c\u00e1c c\u00f4ng tr\u00ecnh d\u00e2n d\u1ee5ng v\u00e0 cao c\u1ea5p t\u1ea1i Vi\u1ec7t Nam.<\/span><\/p>\n<p class=\"Y3BBE\" data-hveid=\"CAEICBAA\" data-complete=\"true\" data-processed=\"true\"><span style=\"font-size: 12pt; color: #000000;\"><strong>LI\u00caN H\u1ec6 : Hotline: 0935 228 204 ( Ms Lam )<\/strong><\/span><\/p>\n<p><span style=\"font-size: 12pt; color: #000000;\"><strong>Facebook:\u00a0<span style=\"color: #ff6600;\"><a style=\"color: #ff6600;\" href=\"https:\/\/www.facebook.com\/thietbidienlama\" target=\"_blank\" rel=\"noopener\">THI\u1ebeT\u00a0B\u1eca \u0110I\u1ec6N LAMA<\/a><\/span><\/strong><\/span><\/p>\n<p><span style=\"font-size: 12pt; color: #000000;\"><strong>Tiktok:\u00a0<span style=\"color: #ff6600;\"><a style=\"color: #ff6600;\" href=\"https:\/\/www.tiktok.com\/@thietbidienlama\" target=\"_blank\" rel=\"noopener\">THI\u1ebeT\u00a0B\u1eca \u0110I\u1ec6N LAMA<\/a><\/span><\/strong><\/span><\/p>\n<p><span style=\"font-size: 12pt; color: #000000;\"><strong>Youtube: <span style=\"color: #ff6600;\"><a style=\"color: #ff6600;\" href=\"https:\/\/www.youtube.com\/@thietbidienlama\" target=\"_blank\" rel=\"noopener\">THI\u1ebeT\u00a0B\u1eca \u0110I\u1ec6N LAMA<\/a><\/span><\/strong><\/span><\/p>","protected":false},"excerpt":{"rendered":"<p>H\u1ea1t C\u00f4ng T\u1eafc 2 Chi\u1ec1u C\u1ee1 S UTEN V3 V3CK2 H\u1ea1t c\u00f4ng t\u1eafc 2 chi\u1ec1u c\u1ee1\u00a0S UTEN V3\u00a0c\u00f3 m\u00e3 s\u1ea3n<\/p>","protected":false},"featured_media":13727,"comment_status":"closed","ping_status":"closed","template":"","meta":[],"product_brand":[],"product_cat":[1002,979,978],"product_tag":[1003],"class_list":{"0":"post-13726","1":"product","2":"type-product","3":"status-publish","4":"has-post-thumbnail","6":"product_cat-cong-tac-uten-v3","7":"product_cat-cong-tac-uten","8":"product_cat-thiet-bi-dien-uten","9":"product_tag-uten-v3","11":"first","12":"instock","13":"sale","14":"shipping-taxable","15":"purchasable","16":"product-type-simple"},"_links":{"self":[{"href":"https:\/\/www.thietbidienlama.com\/en\/wp-json\/wp\/v2\/product\/13726","targetHints":{"allow":["GET"]}}],"collection":[{"href":"https:\/\/www.thietbidienlama.com\/en\/wp-json\/wp\/v2\/product"}],"about":[{"href":"https:\/\/www.thietbidienlama.com\/en\/wp-json\/wp\/v2\/types\/product"}],"replies":[{"embeddable":true,"href":"https:\/\/www.thietbidienlama.com\/en\/wp-json\/wp\/v2\/comments?post=13726"}],"version-history":[{"count":2,"href":"https:\/\/www.thietbidienlama.com\/en\/wp-json\/wp\/v2\/product\/13726\/revisions"}],"predecessor-version":[{"id":13730,"href":"https:\/\/www.thietbidienlama.com\/en\/wp-json\/wp\/v2\/product\/13726\/revisions\/13730"}],"wp:featuredmedia":[{"embeddable":true,"href":"https:\/\/www.thietbidienlama.com\/en\/wp-json\/wp\/v2\/media\/13727"}],"wp:attachment":[{"href":"https:\/\/www.thietbidienlama.com\/en\/wp-json\/wp\/v2\/media?parent=13726"}],"wp:term":[{"taxonomy":"product_brand","embeddable":true,"href":"https:\/\/www.thietbidienlama.com\/en\/wp-json\/wp\/v2\/product_brand?post=13726"},{"taxonomy":"product_cat","embeddable":true,"href":"https:\/\/www.thietbidienlama.com\/en\/wp-json\/wp\/v2\/product_cat?post=13726"},{"taxonomy":"product_tag","embeddable":true,"href":"https:\/\/www.thietbidienlama.com\/en\/wp-json\/wp\/v2\/product_tag?post=13726"}],"curies":[{"name":"wp","href":"https:\/\/api.w.org\/{rel}","templated":true}]}}