{"id":13719,"date":"2025-11-23T12:50:54","date_gmt":"2025-11-23T05:50:54","guid":{"rendered":"https:\/\/thietbidienlama.com\/?post_type=product&#038;p=13719"},"modified":"2025-11-23T14:09:30","modified_gmt":"2025-11-23T07:09:30","slug":"hat-cong-tac-1-chieu-co-s-uten-v3-v3ck1","status":"publish","type":"product","link":"https:\/\/www.thietbidienlama.com\/en\/hat-cong-tac-1-chieu-co-s-uten-v3-v3ck1\/","title":{"rendered":"H\u1ea1t C\u00f4ng T\u1eafc 1 Chi\u1ec1u C\u1ee1 S UTEN V3 V3CK1"},"content":{"rendered":"<h2 style=\"text-align: center;\"><span style=\"color: #000000;\">H\u1ea1t C\u00f4ng T\u1eafc 1 Chi\u1ec1u C\u1ee1 S UTEN V3 V3CK1<\/span><\/h2>\n<p data-hveid=\"CAEIARAA\" data-processed=\"true\" data-complete=\"true\"><span style=\"font-size: 12pt; color: #000000;\">H\u1ea1t c\u00f4ng t\u1eafc 1 chi\u1ec1u c\u1ee1 S <strong><span style=\"color: #ff6600;\"><a style=\"color: #ff6600;\" href=\"https:\/\/thietbidienlama.com\/hat-cong-tac-1-chieu-co-s-uten-v3-v3ck1\/\">UTEN V3<\/a><\/span><\/strong> V3CK1 l\u00e0 m\u1ed9t ph\u1ee5 ki\u1ec7n \u0111i\u1ec7n d\u00e2n d\u1ee5ng thu\u1ed9c d\u00f2ng s\u1ea3n ph\u1ea9m UTEN V3, \u0111\u01b0\u1ee3c thi\u1ebft k\u1ebf \u0111\u1ec3 s\u1eed d\u1ee5ng trong c\u00e1c h\u1ec7 th\u1ed1ng \u0111i\u1ec7n gia \u0111\u00ecnh v\u00e0 th\u01b0\u01a1ng m\u1ea1i.<\/span><\/p>\n<p data-complete=\"true\" data-processed=\"true\"><img fetchpriority=\"high\" decoding=\"async\" class=\"alignnone size-medium wp-image-13720 aligncenter\" src=\"http:\/\/thietbidienlama.com\/wp-content\/uploads\/2025\/11\/Hat-Cong-Tac-1-Chieu-Co-S-UTEN-V3-V3CK1-300x300.jpg\" alt=\"\" width=\"300\" height=\"300\" srcset=\"https:\/\/www.thietbidienlama.com\/wp-content\/uploads\/2025\/11\/Hat-Cong-Tac-1-Chieu-Co-S-UTEN-V3-V3CK1-300x300.jpg 300w, https:\/\/www.thietbidienlama.com\/wp-content\/uploads\/2025\/11\/Hat-Cong-Tac-1-Chieu-Co-S-UTEN-V3-V3CK1-150x150.jpg 150w, https:\/\/www.thietbidienlama.com\/wp-content\/uploads\/2025\/11\/Hat-Cong-Tac-1-Chieu-Co-S-UTEN-V3-V3CK1-12x12.jpg 12w, https:\/\/www.thietbidienlama.com\/wp-content\/uploads\/2025\/11\/Hat-Cong-Tac-1-Chieu-Co-S-UTEN-V3-V3CK1.jpg 500w\" sizes=\"(max-width: 300px) 100vw, 300px\" \/><\/p>\n<h3 role=\"heading\" aria-level=\"3\" data-processed=\"true\" data-complete=\"true\"><span style=\"font-size: 14pt; color: #000000;\">Th\u00f4ng tin chi ti\u1ebft s\u1ea3n ph\u1ea9m:<\/span><\/h3>\n<ul data-processed=\"true\" data-complete=\"true\">\n<li data-hveid=\"CAEIAxAA\" data-complete=\"true\" data-sae=\"\"><span style=\"font-size: 12pt; color: #000000;\"><strong>T\u00ean s\u1ea3n ph\u1ea9m:\u00a0<\/strong>H\u1ea1t c\u00f4ng t\u1eafc 1 chi\u1ec1u (h\u1ea1t nh\u1ecf &#8211; c\u1ee1 S).<\/span><\/li>\n<li data-hveid=\"CAEIAxAB\" data-complete=\"true\" data-sae=\"\"><span style=\"font-size: 12pt; color: #000000;\"><strong>M\u00e3 s\u1ea3n ph\u1ea9m:<\/strong>\u00a0V3CK1.<\/span><\/li>\n<li data-hveid=\"CAEIAxAC\" data-complete=\"true\" data-sae=\"\"><span style=\"font-size: 12pt; color: #000000;\"><strong>D\u00f2ng s\u1ea3n ph\u1ea9m:<\/strong>\u00a0UTEN V3.<\/span><\/li>\n<li data-hveid=\"CAEIAxAD\" data-complete=\"true\" data-sae=\"\"><span style=\"font-size: 12pt; color: #000000;\"><strong>Lo\u1ea1i c\u00f4ng t\u1eafc:\u00a0<\/strong>C\u00f4ng t\u1eafc 1 chi\u1ec1u (hay c\u00f4ng t\u1eafc \u0111\u01a1n), d\u00f9ng \u0111\u1ec3 b\u1eadt\/t\u1eaft m\u1ed9t thi\u1ebft b\u1ecb \u0111i\u1ec7n t\u1eeb m\u1ed9t v\u1ecb tr\u00ed duy nh\u1ea5t.<\/span><\/li>\n<li data-hveid=\"CAEIAxAE\" data-complete=\"true\" data-sae=\"\"><span style=\"font-size: 12pt; color: #000000;\">C\u1ee1 h\u1ea1t:\u00a0C\u1ee1 S (nh\u1ecf). H\u1ea1t n\u00e0y c\u1ea7n \u0111\u01b0\u1ee3c l\u1eafp v\u00e0o m\u1eb7t che t\u01b0\u01a1ng \u1ee9ng c\u00f3 l\u1ed7 kho\u00e9t c\u1ee1 S, v\u00ed d\u1ee5 nh\u01b0 m\u1eb7t 1 c\u1ee1 S (V3PM1), m\u1eb7t 2 c\u1ee1 S (V3PM2), ho\u1eb7c m\u1eb7t 3 c\u1ee1 S (V3PM3) c\u1ee7a d\u00f2ng V3 ho\u1eb7c VPRO (n\u1ebfu m\u1eb7t VPRO c\u00f3 l\u1ed7 kho\u00e9t c\u1ee1 S).<\/span><\/li>\n<li data-hveid=\"CAEIAxAF\" data-complete=\"true\" data-sae=\"\"><strong><span style=\"font-size: 12pt; color: #000000;\">Ch\u1ea5t li\u1ec7u:<\/span><\/strong>\n<ul data-complete=\"true\">\n<li data-hveid=\"CAEIAxAG\" data-complete=\"true\" data-sae=\"\"><span style=\"font-size: 12pt; color: #000000;\">V\u1ecf ngo\u00e0i: Nh\u1ef1a PC cao c\u1ea5p, c\u00f3 kh\u1ea3 n\u0103ng ch\u1ed1ng ch\u00e1y, ch\u1ecbu nhi\u1ec7t t\u1ed1t v\u00e0 \u0111\u1ed9 b\u1ec1n cao.<\/span><\/li>\n<li data-hveid=\"CAEIAxAH\" data-complete=\"true\" data-sae=\"\"><span style=\"font-size: 12pt; color: #000000;\">Ti\u1ebfp \u0111i\u1ec3m: H\u1ee3p kim \u0111\u1ed3ng, \u0111\u1ea3m b\u1ea3o d\u1eabn \u0111i\u1ec7n t\u1ed1t v\u00e0 tu\u1ed5i th\u1ecd cao khi s\u1eed d\u1ee5ng.<\/span><\/li>\n<\/ul>\n<\/li>\n<li data-hveid=\"CAEIAxAI\" data-complete=\"true\" data-sae=\"\"><strong><span style=\"font-size: 12pt; color: #000000;\">Th\u00f4ng s\u1ed1 k\u1ef9 thu\u1eadt:<\/span><\/strong>\n<ul data-complete=\"true\">\n<li data-hveid=\"CAEIAxAJ\" data-complete=\"true\" data-sae=\"\"><span style=\"font-size: 12pt; color: #000000;\">\u0110i\u1ec7n \u00e1p \u0111\u1ecbnh m\u1ee9c: 220V~250V AC.<\/span><\/li>\n<li data-hveid=\"CAEIAxAK\" data-complete=\"true\" data-sae=\"\"><span style=\"font-size: 12pt; color: #000000;\">D\u00f2ng \u0111i\u1ec7n \u0111\u1ecbnh m\u1ee9c: 10A ho\u1eb7c 16A (t\u00f9y theo l\u00f4 s\u1ea3n xu\u1ea5t, 10A l\u00e0 ph\u1ed5 bi\u1ebfn).<\/span><\/li>\n<li data-hveid=\"CAEIAxAL\" data-complete=\"true\" data-sae=\"\"><span style=\"font-size: 12pt; color: #000000;\">T\u1ea7n s\u1ed1: 50\/60Hz.<\/span><\/li>\n<\/ul>\n<\/li>\n<li data-hveid=\"CAEIAxAM\" data-complete=\"true\" data-sae=\"\"><strong><span style=\"font-size: 12pt; color: #000000;\">\u0110\u1eb7c \u0111i\u1ec3m n\u1ed5i b\u1eadt:<\/span><\/strong>\n<ul data-complete=\"true\">\n<li data-hveid=\"CAEIAxAN\" data-complete=\"true\" data-sae=\"\"><span style=\"font-size: 12pt; color: #000000;\">An to\u00e0n:\u00a0\u0110\u01b0\u1ee3c s\u1ea3n xu\u1ea5t theo ti\u00eau chu\u1ea9n ch\u1ea5t l\u01b0\u1ee3ng qu\u1ed1c t\u1ebf (th\u01b0\u1eddng l\u00e0 IEC), \u0111\u1ea3m b\u1ea3o an to\u00e0n khi s\u1eed d\u1ee5ng.<\/span><\/li>\n<li data-hveid=\"CAEIAxAO\" data-complete=\"true\" data-sae=\"\"><span style=\"font-size: 12pt; color: #000000;\">\u0110\u1ed9 b\u1ec1n:\u00a0Ch\u1ea5t li\u1ec7u cao c\u1ea5p gi\u00fap s\u1ea3n ph\u1ea9m c\u00f3 tu\u1ed5i th\u1ecd cao.<\/span><\/li>\n<li data-hveid=\"CAEIAxAP\" data-complete=\"true\" data-sae=\"\"><span style=\"font-size: 12pt; color: #000000;\">Thi\u1ebft k\u1ebf \u0111\u01a1n gi\u1ea3n:\u00a0D\u1ec5 d\u00e0ng l\u1eafp \u0111\u1eb7t v\u00e0 s\u1eed d\u1ee5ng.<\/span><\/li>\n<li data-hveid=\"CAEIAxAQ\" data-complete=\"true\" data-sae=\"\"><span style=\"font-size: 12pt; color: #000000;\">T\u00ednh linh ho\u1ea1t:\u00a0C\u00f3 th\u1ec3 k\u1ebft h\u1ee3p linh ho\u1ea1t v\u1edbi c\u00e1c lo\u1ea1i m\u1eb7t che kh\u00e1c nhau trong c\u00f9ng d\u00f2ng s\u1ea3n ph\u1ea9m.<\/span><\/li>\n<\/ul>\n<\/li>\n<li data-hveid=\"CAEIAxAR\" data-complete=\"true\" data-sae=\"\"><span style=\"font-size: 12pt; color: #000000;\"><strong>B\u1ea3o h\u00e0nh:<\/strong>\u00a0Th\u01b0\u1eddng \u0111\u01b0\u1ee3c b\u1ea3o h\u00e0nh trong th\u1eddi gian d\u00e0i (l\u00ean \u0111\u1ebfn 12 n\u0103m).<button tabindex=\"0\" data-amic=\"true\" data-icl-uuid=\"075acff9-9754-4618-b997-cc24c0b5d5d0\" aria-label=\"Xem c\u00e1c \u0111\u01b0\u1eddng li\u00ean k\u1ebft c\u00f3 li\u00ean quan\" data-wiz-attrbind=\"disabled=pyo5jb_20_C5gNJc;class=pyo5jb_20_UpSNec;\" data-ved=\"2ahUKEwjblc_fqoeRAxX4cPUHHZELM08Qye0OegYIAQgDEBI\"><\/button><\/span><\/li>\n<\/ul>\n<p data-hveid=\"CAEIBRAA\" data-complete=\"true\" data-processed=\"true\"><span style=\"font-size: 12pt; color: #000000;\">S\u1ea3n ph\u1ea9m n\u00e0y l\u00e0 m\u1ed9t gi\u1ea3i ph\u00e1p kinh t\u1ebf v\u00e0 hi\u1ec7u qu\u1ea3 cho nhu c\u1ea7u b\u1eadt\/t\u1eaft thi\u1ebft b\u1ecb \u0111i\u1ec7n c\u01a1 b\u1ea3n, ph\u00f9 h\u1ee3p cho m\u1ecdi lo\u1ea1i c\u00f4ng tr\u00ecnh t\u1eeb nh\u00e0 \u1edf \u0111\u1ebfn v\u0103n ph\u00f2ng.<\/span><\/p>\n<p class=\"Y3BBE\" data-hveid=\"CAEICBAA\" data-complete=\"true\" data-processed=\"true\"><span style=\"font-size: 12pt; color: #000000;\"><strong>LI\u00caN H\u1ec6 : Hotline: 0935 228 204 ( Ms Lam )<\/strong><\/span><\/p>\n<p><span style=\"font-size: 12pt; color: #000000;\"><strong>Facebook:\u00a0<span style=\"color: #ff6600;\"><a style=\"color: #ff6600;\" href=\"https:\/\/www.facebook.com\/thietbidienlama\" target=\"_blank\" rel=\"noopener\">THI\u1ebeT\u00a0B\u1eca \u0110I\u1ec6N LAMA<\/a><\/span><\/strong><\/span><\/p>\n<p><span style=\"font-size: 12pt; color: #000000;\"><strong>Tiktok:\u00a0<span style=\"color: #ff6600;\"><a style=\"color: #ff6600;\" href=\"https:\/\/www.tiktok.com\/@thietbidienlama\" target=\"_blank\" rel=\"noopener\">THI\u1ebeT\u00a0B\u1eca \u0110I\u1ec6N LAMA<\/a><\/span><\/strong><\/span><\/p>\n<p><span style=\"font-size: 12pt; color: #000000;\"><strong>Youtube: <span style=\"color: #ff6600;\"><a style=\"color: #ff6600;\" href=\"https:\/\/www.youtube.com\/@thietbidienlama\" target=\"_blank\" rel=\"noopener\">THI\u1ebeT\u00a0B\u1eca \u0110I\u1ec6N LAMA<\/a><\/span><\/strong><\/span><\/p>","protected":false},"excerpt":{"rendered":"<p>H\u1ea1t C\u00f4ng T\u1eafc 1 Chi\u1ec1u C\u1ee1 S UTEN V3 V3CK1 H\u1ea1t c\u00f4ng t\u1eafc 1 chi\u1ec1u c\u1ee1 S UTEN V3 V3CK1<\/p>","protected":false},"featured_media":13720,"comment_status":"closed","ping_status":"closed","template":"","meta":[],"product_brand":[],"product_cat":[979,1002],"product_tag":[],"class_list":{"0":"post-13719","1":"product","2":"type-product","3":"status-publish","4":"has-post-thumbnail","6":"product_cat-cong-tac-uten","7":"product_cat-cong-tac-uten-v3","9":"first","10":"instock","11":"sale","12":"shipping-taxable","13":"purchasable","14":"product-type-simple"},"_links":{"self":[{"href":"https:\/\/www.thietbidienlama.com\/en\/wp-json\/wp\/v2\/product\/13719","targetHints":{"allow":["GET"]}}],"collection":[{"href":"https:\/\/www.thietbidienlama.com\/en\/wp-json\/wp\/v2\/product"}],"about":[{"href":"https:\/\/www.thietbidienlama.com\/en\/wp-json\/wp\/v2\/types\/product"}],"replies":[{"embeddable":true,"href":"https:\/\/www.thietbidienlama.com\/en\/wp-json\/wp\/v2\/comments?post=13719"}],"version-history":[{"count":3,"href":"https:\/\/www.thietbidienlama.com\/en\/wp-json\/wp\/v2\/product\/13719\/revisions"}],"predecessor-version":[{"id":13725,"href":"https:\/\/www.thietbidienlama.com\/en\/wp-json\/wp\/v2\/product\/13719\/revisions\/13725"}],"wp:featuredmedia":[{"embeddable":true,"href":"https:\/\/www.thietbidienlama.com\/en\/wp-json\/wp\/v2\/media\/13720"}],"wp:attachment":[{"href":"https:\/\/www.thietbidienlama.com\/en\/wp-json\/wp\/v2\/media?parent=13719"}],"wp:term":[{"taxonomy":"product_brand","embeddable":true,"href":"https:\/\/www.thietbidienlama.com\/en\/wp-json\/wp\/v2\/product_brand?post=13719"},{"taxonomy":"product_cat","embeddable":true,"href":"https:\/\/www.thietbidienlama.com\/en\/wp-json\/wp\/v2\/product_cat?post=13719"},{"taxonomy":"product_tag","embeddable":true,"href":"https:\/\/www.thietbidienlama.com\/en\/wp-json\/wp\/v2\/product_tag?post=13719"}],"curies":[{"name":"wp","href":"https:\/\/api.w.org\/{rel}","templated":true}]}}