{"id":13714,"date":"2025-11-23T10:14:05","date_gmt":"2025-11-23T03:14:05","guid":{"rendered":"https:\/\/thietbidienlama.com\/?post_type=product&#038;p=13714"},"modified":"2025-11-23T10:14:05","modified_gmt":"2025-11-23T03:14:05","slug":"mat-3-uten-dong-vpro-mau-vang","status":"publish","type":"product","link":"https:\/\/www.thietbidienlama.com\/en\/mat-3-uten-dong-vpro-mau-vang\/","title":{"rendered":"M\u1eb7t 3 UTEN D\u00f2ng VPRO M\u00e0u V\u00e0ng M\u1eb7t k\u00ednh sapphire"},"content":{"rendered":"<h2 style=\"text-align: center;\"><span style=\"color: #000000;\">M\u1eb7t 3 UTEN D\u00f2ng VPRO M\u00e0u V\u00e0ng M\u1eb7t k\u00ednh sapphire<\/span><\/h2>\n<p class=\"Y3BBE\" data-hveid=\"CAEIARAA\" data-processed=\"true\" data-complete=\"true\"><span style=\"color: #000000;\"><strong><span style=\"color: #ff6600;\"><a style=\"color: #ff6600;\" href=\"https:\/\/thietbidienlama.com\/mat-3-uten-dong-vpro-mau-vang\/\">M\u1eb7t 3 UTEN D\u00f2ng VPRO M\u00e0u V\u00e0ng<\/a><\/span><\/strong> M\u1eb7t k\u00ednh sapphire <\/span><span style=\"font-size: 12pt; color: #000000;\">l\u00e0 m\u1ed9t s\u1ea3n ph\u1ea9m ph\u1ee5 ki\u1ec7n \u0111i\u1ec7n cao c\u1ea5p, mang \u0111\u1ebfn s\u1ef1 sang tr\u1ecdng v\u00e0 hi\u1ec7n \u0111\u1ea1i cho kh\u00f4ng gian s\u1ed1ng v\u00e0 l\u00e0m vi\u1ec7c.<\/span><\/p>\n<p class=\"Fsg96\" data-complete=\"true\" data-processed=\"true\"><img fetchpriority=\"high\" decoding=\"async\" class=\"alignnone size-medium wp-image-13715 aligncenter\" src=\"http:\/\/thietbidienlama.com\/wp-content\/uploads\/2025\/11\/Mat-3-UTEN-Dong-VPRO-Mau-Vang-Mat-kinh-sapphire-300x300.jpg\" alt=\"\" width=\"300\" height=\"300\" srcset=\"https:\/\/www.thietbidienlama.com\/wp-content\/uploads\/2025\/11\/Mat-3-UTEN-Dong-VPRO-Mau-Vang-Mat-kinh-sapphire-300x300.jpg 300w, https:\/\/www.thietbidienlama.com\/wp-content\/uploads\/2025\/11\/Mat-3-UTEN-Dong-VPRO-Mau-Vang-Mat-kinh-sapphire-150x150.jpg 150w, https:\/\/www.thietbidienlama.com\/wp-content\/uploads\/2025\/11\/Mat-3-UTEN-Dong-VPRO-Mau-Vang-Mat-kinh-sapphire-12x12.jpg 12w, https:\/\/www.thietbidienlama.com\/wp-content\/uploads\/2025\/11\/Mat-3-UTEN-Dong-VPRO-Mau-Vang-Mat-kinh-sapphire.jpg 500w\" sizes=\"(max-width: 300px) 100vw, 300px\" \/><\/p>\n<h3 class=\"otQkpb\" role=\"heading\" aria-level=\"3\" data-processed=\"true\" data-complete=\"true\"><span style=\"font-size: 14pt; color: #000000;\">Th\u00f4ng tin chi ti\u1ebft s\u1ea3n ph\u1ea9m:<\/span><\/h3>\n<ul class=\"KsbFXc U6u95\" data-processed=\"true\" data-complete=\"true\">\n<li data-hveid=\"CAEIAxAA\" data-complete=\"true\" data-sae=\"\"><span class=\"T286Pc\" style=\"font-size: 12pt; color: #000000;\" data-sfc-cp=\"\" data-complete=\"true\"><strong class=\"Yjhzub\" data-complete=\"true\">T\u00ean s\u1ea3n ph\u1ea9m:<\/strong>\u00a0M\u1eb7t k\u00ednh UTEN VPRO GOLD GLASS (d\u00f9ng cho 3 thi\u1ebft b\u1ecb).<\/span><\/li>\n<li data-hveid=\"CAEIAxAB\" data-complete=\"true\" data-sae=\"\"><span class=\"T286Pc\" style=\"font-size: 12pt; color: #000000;\" data-sfc-cp=\"\" data-complete=\"true\"><strong class=\"Yjhzub\" data-complete=\"true\">M\u00e3 s\u1ea3n ph\u1ea9m:<\/strong>\u00a0VPRO-PM3.<\/span><\/li>\n<li data-hveid=\"CAEIAxAC\" data-complete=\"true\" data-sae=\"\"><span class=\"T286Pc\" style=\"font-size: 12pt; color: #000000;\" data-sfc-cp=\"\" data-complete=\"true\"><strong class=\"Yjhzub\" data-complete=\"true\">Ch\u1ea5t li\u1ec7u:<\/strong>\u00a0Nh\u1ef1a PC cao c\u1ea5p k\u1ebft h\u1ee3p v\u1edbi m\u1eb7t k\u00ednh sapphire b\u00f3ng b\u1ea9y.<\/span><\/li>\n<li data-hveid=\"CAEIAxAD\" data-complete=\"true\" data-sae=\"\"><span class=\"T286Pc\" style=\"font-size: 12pt; color: #000000;\" data-sfc-cp=\"\" data-complete=\"true\"><strong class=\"Yjhzub\" data-complete=\"true\">M\u00e0u s\u1eafc:<\/strong>\u00a0M\u00e0u v\u00e0ng (gold), vi\u1ec1n nh\u1ef1a \u1ed1p m\u1eb7t k\u00ednh.<\/span><\/li>\n<li data-hveid=\"CAEIAxAE\" data-complete=\"true\" data-sae=\"\"><span class=\"T286Pc\" style=\"font-size: 12pt; color: #000000;\" data-sfc-cp=\"\" data-complete=\"true\"><strong class=\"Yjhzub\" data-complete=\"true\">K\u00edch th\u01b0\u1edbc:<\/strong>\u00a0117 x 74mm (k\u00edch th\u01b0\u1edbc ti\u00eau chu\u1ea9n cho \u0111\u1ebf \u00e2m \u0111\u01a1n).<\/span><\/li>\n<li data-hveid=\"CAEIAxAF\" data-complete=\"true\" data-sae=\"\"><span class=\"T286Pc\" style=\"font-size: 12pt; color: #000000;\" data-sfc-cp=\"\" data-complete=\"true\"><strong class=\"Yjhzub\" data-complete=\"true\">\u0110\u1eb7c t\u00ednh:<\/strong><\/span>\n<ul class=\"KsbFXc U6u95\" data-complete=\"true\">\n<li data-hveid=\"CAEIAxAG\" data-complete=\"true\" data-sae=\"\"><span class=\"T286Pc\" style=\"font-size: 12pt; color: #000000;\" data-sfc-cp=\"\" data-complete=\"true\"><strong class=\"Yjhzub\" data-complete=\"true\">Thi\u1ebft k\u1ebf \u0111\u1eb3ng c\u1ea5p:<\/strong>\u00a0T\u00f4ng m\u00e0u v\u00e0ng gold k\u1ebft h\u1ee3p m\u1eb7t k\u00ednh sapphire t\u1ea1o v\u1ebb ngo\u00e0i c\u1ef1c k\u1ef3 sang tr\u1ecdng, ph\u00f9 h\u1ee3p v\u1edbi c\u00e1c kh\u00f4ng gian n\u1ed9i th\u1ea5t cao c\u1ea5p, kh\u00e1ch s\u1ea1n 5 sao, bi\u1ec7t th\u1ef1, v.v.<\/span><\/li>\n<li data-hveid=\"CAEIAxAH\" data-complete=\"true\" data-sae=\"\"><span class=\"T286Pc\" style=\"font-size: 12pt; color: #000000;\" data-sfc-cp=\"\" data-complete=\"true\"><strong class=\"Yjhzub\" data-complete=\"true\">Ch\u1ed1ng tr\u1ea7y x\u01b0\u1edbc v\u01b0\u1ee3t tr\u1ed9i:<\/strong>\u00a0K\u00ednh sapphire c\u00f3 \u0111\u1ed9 c\u1ee9ng r\u1ea5t cao, gi\u00fap b\u1ec1 m\u1eb7t s\u1ea3n ph\u1ea9m ch\u1ed1ng tr\u1ea7y x\u01b0\u1edbc hi\u1ec7u qu\u1ea3, gi\u1eef \u0111\u01b0\u1ee3c \u0111\u1ed9 m\u1edbi v\u00e0 v\u1ebb \u0111\u1eb9p l\u00e2u d\u00e0i.<\/span><\/li>\n<li data-hveid=\"CAEIAxAI\" data-complete=\"true\" data-sae=\"\"><span class=\"T286Pc\" style=\"font-size: 12pt; color: #000000;\" data-sfc-cp=\"\" data-complete=\"true\"><strong class=\"Yjhzub\" data-complete=\"true\">\u0110\u1ed9 b\u1ec1n v\u00e0 an to\u00e0n:<\/strong>\u00a0Ch\u1ea5t li\u1ec7u PC cao c\u1ea5p ch\u1ecbu \u0111\u01b0\u1ee3c nhi\u1ec7t \u0111\u1ed9 t\u1eeb -20 \u0111\u1ebfn 70 \u0111\u1ed9 C, c\u00e1ch \u0111i\u1ec7n t\u1ed1t, \u0111\u1ea3m b\u1ea3o an to\u00e0n cho ng\u01b0\u1eddi s\u1eed d\u1ee5ng.<\/span><\/li>\n<li data-hveid=\"CAEIAxAJ\" data-complete=\"true\" data-sae=\"\"><span class=\"T286Pc\" style=\"font-size: 12pt; color: #000000;\" data-sfc-cp=\"\" data-complete=\"true\"><strong class=\"Yjhzub\" data-complete=\"true\">T\u01b0\u01a1ng th\u00edch:<\/strong>\u00a0S\u1ea3n ph\u1ea9m l\u00e0 m\u1eb7t che, c\u1ea7n l\u1eafp \u0111\u1eb7t k\u00e8m v\u1edbi c\u00e1c h\u1ea1t c\u00f4ng t\u1eafc, \u1ed5 c\u1eafm d\u00f2ng VPRO (c\u1ee1 M) t\u01b0\u01a1ng \u1ee9ng \u0111\u1ec3 ho\u00e0n thi\u1ec7n b\u1ed9 s\u1ea3n ph\u1ea9m.<\/span><\/li>\n<\/ul>\n<\/li>\n<li data-hveid=\"CAEIAxAK\" data-complete=\"true\" data-sae=\"\"><span style=\"font-size: 12pt; color: #000000;\"><span class=\"T286Pc\" data-sfc-cp=\"\" data-complete=\"true\"><strong class=\"Yjhzub\" data-complete=\"true\">B\u1ea3o h\u00e0nh:<\/strong> S\u1ea3n ph\u1ea9m th\u01b0\u1eddng \u0111\u01b0\u1ee3c b\u1ea3o h\u00e0nh ch\u00ednh h\u00e3ng l\u00ean \u0111\u1ebfn 12 n\u0103m.<\/span><\/span><\/li>\n<\/ul>\n<p class=\"Y3BBE\" data-hveid=\"CAEIBBAA\" data-complete=\"true\" data-processed=\"true\"><span style=\"font-size: 12pt; color: #000000;\">S\u1ea3n ph\u1ea9m n\u00e0y l\u00e0 l\u1ef1a ch\u1ecdn l\u00fd t\u01b0\u1edfng cho nh\u1eefng ai ch\u00fa tr\u1ecdng \u0111\u1ebfn th\u1ea9m m\u1ef9 v\u00e0 ch\u1ea5t l\u01b0\u1ee3ng, mong mu\u1ed1n mang l\u1ea1i s\u1ef1 ti\u1ec7n nghi v\u00e0 \u0111\u1eb3ng c\u1ea5p cho kh\u00f4ng gian n\u1ed9i th\u1ea5t.<\/span><\/p>\n<p class=\"Y3BBE\" data-hveid=\"CAEICBAA\" data-complete=\"true\" data-processed=\"true\"><span style=\"font-size: 12pt; color: #000000;\"><strong>LI\u00caN H\u1ec6 : Hotline: 0935 228 204 ( Ms Lam )<\/strong><\/span><\/p>\n<p><span style=\"font-size: 12pt; color: #000000;\"><strong>Facebook:\u00a0<span style=\"color: #ff6600;\"><a style=\"color: #ff6600;\" href=\"https:\/\/www.facebook.com\/thietbidienlama\" target=\"_blank\" rel=\"noopener\">THI\u1ebeT\u00a0B\u1eca \u0110I\u1ec6N LAMA<\/a><\/span><\/strong><\/span><\/p>\n<p><span style=\"font-size: 12pt; color: #000000;\"><strong>Tiktok:\u00a0<span style=\"color: #ff6600;\"><a style=\"color: #ff6600;\" href=\"https:\/\/www.tiktok.com\/@thietbidienlama\" target=\"_blank\" rel=\"noopener\">THI\u1ebeT\u00a0B\u1eca \u0110I\u1ec6N LAMA<\/a><\/span><\/strong><\/span><\/p>\n<p><span style=\"font-size: 12pt; color: #000000;\"><strong>Youtube: <span style=\"color: #ff6600;\"><a style=\"color: #ff6600;\" href=\"https:\/\/www.youtube.com\/@thietbidienlama\" target=\"_blank\" rel=\"noopener\">THI\u1ebeT\u00a0B\u1eca \u0110I\u1ec6N LAMA<\/a><\/span><\/strong><\/span><\/p>","protected":false},"excerpt":{"rendered":"<p>M\u1eb7t 3 UTEN D\u00f2ng VPRO M\u00e0u V\u00e0ng M\u1eb7t k\u00ednh sapphire M\u1eb7t 3 UTEN D\u00f2ng VPRO M\u00e0u V\u00e0ng M\u1eb7t k\u00ednh sapphire<\/p>","protected":false},"featured_media":13715,"comment_status":"closed","ping_status":"closed","template":"","meta":[],"product_brand":[],"product_cat":[992,991],"product_tag":[994,1000,995,1001],"class_list":{"0":"post-13714","1":"product","2":"type-product","3":"status-publish","4":"has-post-thumbnail","6":"product_cat-mat-kinh-vpro-uten","7":"product_cat-mat-cong-tac-uten","8":"product_tag-mat-3-uten","9":"product_tag-mat-3-uten-mau-vang","10":"product_tag-mat-3-uten-vpro","11":"product_tag-mat-3-uten-vpro-mau-vang","13":"first","14":"instock","15":"sale","16":"shipping-taxable","17":"purchasable","18":"product-type-simple"},"_links":{"self":[{"href":"https:\/\/www.thietbidienlama.com\/en\/wp-json\/wp\/v2\/product\/13714","targetHints":{"allow":["GET"]}}],"collection":[{"href":"https:\/\/www.thietbidienlama.com\/en\/wp-json\/wp\/v2\/product"}],"about":[{"href":"https:\/\/www.thietbidienlama.com\/en\/wp-json\/wp\/v2\/types\/product"}],"replies":[{"embeddable":true,"href":"https:\/\/www.thietbidienlama.com\/en\/wp-json\/wp\/v2\/comments?post=13714"}],"version-history":[{"count":1,"href":"https:\/\/www.thietbidienlama.com\/en\/wp-json\/wp\/v2\/product\/13714\/revisions"}],"predecessor-version":[{"id":13716,"href":"https:\/\/www.thietbidienlama.com\/en\/wp-json\/wp\/v2\/product\/13714\/revisions\/13716"}],"wp:featuredmedia":[{"embeddable":true,"href":"https:\/\/www.thietbidienlama.com\/en\/wp-json\/wp\/v2\/media\/13715"}],"wp:attachment":[{"href":"https:\/\/www.thietbidienlama.com\/en\/wp-json\/wp\/v2\/media?parent=13714"}],"wp:term":[{"taxonomy":"product_brand","embeddable":true,"href":"https:\/\/www.thietbidienlama.com\/en\/wp-json\/wp\/v2\/product_brand?post=13714"},{"taxonomy":"product_cat","embeddable":true,"href":"https:\/\/www.thietbidienlama.com\/en\/wp-json\/wp\/v2\/product_cat?post=13714"},{"taxonomy":"product_tag","embeddable":true,"href":"https:\/\/www.thietbidienlama.com\/en\/wp-json\/wp\/v2\/product_tag?post=13714"}],"curies":[{"name":"wp","href":"https:\/\/api.w.org\/{rel}","templated":true}]}}