{"id":13699,"date":"2025-11-23T08:43:19","date_gmt":"2025-11-23T01:43:19","guid":{"rendered":"https:\/\/thietbidienlama.com\/?post_type=product&#038;p=13699"},"modified":"2025-11-23T08:43:19","modified_gmt":"2025-11-23T01:43:19","slug":"mat-2-uten-dong-vpro-mau-vang","status":"publish","type":"product","link":"https:\/\/www.thietbidienlama.com\/en\/mat-2-uten-dong-vpro-mau-vang\/","title":{"rendered":"M\u1eb7t 2 UTEN D\u00f2ng VPRO M\u00e0u V\u00e0ng M\u1eb7t k\u00ednh sapphire"},"content":{"rendered":"<h2 class=\"Y3BBE\" style=\"text-align: center;\" data-hveid=\"CAEIAhAA\" data-processed=\"true\" data-complete=\"true\"><span class=\"T286Pc\" style=\"color: #000000;\" data-sfc-cp=\"\" data-complete=\"true\" data-processed=\"true\">M\u1eb7t 2 UTEN D\u00f2ng VPRO M\u00e0u V\u00e0ng M\u1eb7t k\u00ednh sapphire<\/span><\/h2>\n<p class=\"Y3BBE\" data-hveid=\"CAEIAhAA\" data-processed=\"true\" data-complete=\"true\"><span style=\"color: #000000; font-size: 12pt;\"><span class=\"T286Pc\" data-sfc-cp=\"\" data-complete=\"true\" data-processed=\"true\"><strong><span style=\"color: #ff6600;\"><a style=\"color: #ff6600;\" href=\"https:\/\/thietbidienlama.com\/mat-2-uten-dong-vpro-mau-vang\/\">M\u1eb7t 2 UTEN D\u00f2ng VPRO M\u00e0u V\u00e0ng<\/a><\/span><\/strong> M\u1eb7t k\u00ednh sapphire l\u00e0 m\u1ed9t s\u1ea3n ph\u1ea9m ph\u1ee5 ki\u1ec7n \u0111i\u1ec7n cao c\u1ea5p, n\u1ed5i b\u1eadt v\u1edbi thi\u1ebft k\u1ebf sang tr\u1ecdng, hi\u1ec7n \u0111\u1ea1i, ph\u00f9 h\u1ee3p cho c\u00e1c kh\u00f4ng gian n\u1ed9i th\u1ea5t \u0111\u1eb3ng c\u1ea5p.<\/span><\/span><\/p>\n<p class=\"Fsg96\" data-complete=\"true\" data-processed=\"true\"><img fetchpriority=\"high\" decoding=\"async\" class=\"alignnone size-medium wp-image-13700 aligncenter\" src=\"http:\/\/thietbidienlama.com\/wp-content\/uploads\/2025\/11\/Mat-2-UTEN-Dong-VPRO-Mau-Vang-Mat-kinh-sapphire-300x300.jpg\" alt=\"\" width=\"300\" height=\"300\" srcset=\"https:\/\/www.thietbidienlama.com\/wp-content\/uploads\/2025\/11\/Mat-2-UTEN-Dong-VPRO-Mau-Vang-Mat-kinh-sapphire-300x300.jpg 300w, https:\/\/www.thietbidienlama.com\/wp-content\/uploads\/2025\/11\/Mat-2-UTEN-Dong-VPRO-Mau-Vang-Mat-kinh-sapphire-150x150.jpg 150w, https:\/\/www.thietbidienlama.com\/wp-content\/uploads\/2025\/11\/Mat-2-UTEN-Dong-VPRO-Mau-Vang-Mat-kinh-sapphire-12x12.jpg 12w, https:\/\/www.thietbidienlama.com\/wp-content\/uploads\/2025\/11\/Mat-2-UTEN-Dong-VPRO-Mau-Vang-Mat-kinh-sapphire.jpg 500w\" sizes=\"(max-width: 300px) 100vw, 300px\" \/><\/p>\n<h3 class=\"otQkpb\" role=\"heading\" aria-level=\"3\" data-processed=\"true\" data-complete=\"true\"><span style=\"color: #000000; font-size: 14pt;\">Th\u00f4ng tin chi ti\u1ebft s\u1ea3n ph\u1ea9m:<\/span><\/h3>\n<ul class=\"KsbFXc U6u95\" data-processed=\"true\" data-complete=\"true\">\n<li data-hveid=\"CAEIBBAA\" data-complete=\"true\" data-sae=\"\"><span class=\"T286Pc\" style=\"color: #000000; font-size: 12pt;\" data-sfc-cp=\"\" data-complete=\"true\"><strong class=\"Yjhzub\" data-complete=\"true\">T\u00ean s\u1ea3n ph\u1ea9m:<\/strong>\u00a0M\u1eb7t k\u00ednh UTEN VPRO GOLD GLASS\u00a0(d\u00f9ng cho 2 thi\u1ebft b\u1ecb c\u1ee1 S).<\/span><\/li>\n<li data-hveid=\"CAEIBBAB\" data-complete=\"true\" data-sae=\"\"><span class=\"T286Pc\" style=\"color: #000000; font-size: 12pt;\" data-sfc-cp=\"\" data-complete=\"true\"><strong class=\"Yjhzub\" data-complete=\"true\">M\u00e3 s\u1ea3n ph\u1ea9m:<\/strong>\u00a0VPRO-PM2 GOLD.<\/span><\/li>\n<li data-hveid=\"CAEIBBAC\" data-complete=\"true\" data-sae=\"\"><span class=\"T286Pc\" style=\"color: #000000; font-size: 12pt;\" data-sfc-cp=\"\" data-complete=\"true\"><strong class=\"Yjhzub\" data-complete=\"true\">Ch\u1ea5t li\u1ec7u:<\/strong>\u00a0Nh\u1ef1a PC cao c\u1ea5p k\u1ebft h\u1ee3p v\u1edbi m\u1eb7t k\u00ednh sapphire b\u00f3ng.<\/span><\/li>\n<li data-hveid=\"CAEIBBAD\" data-complete=\"true\" data-sae=\"\"><span class=\"T286Pc\" style=\"color: #000000; font-size: 12pt;\" data-sfc-cp=\"\" data-complete=\"true\"><strong class=\"Yjhzub\" data-complete=\"true\">M\u00e0u s\u1eafc:<\/strong>\u00a0M\u00e0u v\u00e0ng trang nh\u00e3 (gold), vi\u1ec1n nh\u1ef1a \u1ed1p m\u1eb7t k\u00ednh sapphire.<\/span><\/li>\n<li data-hveid=\"CAEIBBAE\" data-complete=\"true\" data-sae=\"\"><span class=\"T286Pc\" style=\"color: #000000; font-size: 12pt;\" data-sfc-cp=\"\" data-complete=\"true\"><strong class=\"Yjhzub\" data-complete=\"true\">K\u00edch th\u01b0\u1edbc:<\/strong>\u00a0117 x 74mm.<\/span><\/li>\n<li data-hveid=\"CAEIBBAF\" data-complete=\"true\" data-sae=\"\"><span class=\"T286Pc\" style=\"color: #000000; font-size: 12pt;\" data-sfc-cp=\"\" data-complete=\"true\"><strong class=\"Yjhzub\" data-complete=\"true\">\u0110\u1eb7c t\u00ednh n\u1ed5i b\u1eadt:<\/strong><\/span>\n<ul class=\"KsbFXc U6u95\" data-complete=\"true\">\n<li data-hveid=\"CAEIBBAG\" data-complete=\"true\" data-sae=\"\"><span class=\"T286Pc\" style=\"color: #000000; font-size: 12pt;\" data-sfc-cp=\"\" data-complete=\"true\"><strong class=\"Yjhzub\" data-complete=\"true\">Sang tr\u1ecdng v\u00e0 th\u1ea9m m\u1ef9:<\/strong>\u00a0B\u1ec1 m\u1eb7t k\u00ednh sapphire m\u00e0u v\u00e0ng gold mang l\u1ea1i v\u1ebb ngo\u00e0i b\u00f3ng b\u1ea9y, \u0111\u1eb3ng c\u1ea5p, t\u1ea1o \u0111i\u1ec3m nh\u1ea5n n\u1ed5i b\u1eadt cho m\u1ecdi c\u00f4ng tr\u00ecnh.<\/span><\/li>\n<li data-hveid=\"CAEIBBAH\" data-complete=\"true\" data-sae=\"\"><span class=\"T286Pc\" style=\"color: #000000; font-size: 12pt;\" data-sfc-cp=\"\" data-complete=\"true\"><strong class=\"Yjhzub\" data-complete=\"true\">Ch\u1ed1ng tr\u1ea7y x\u01b0\u1edbc:<\/strong>\u00a0K\u00ednh sapphire n\u1ed5i ti\u1ebfng v\u1edbi \u0111\u1ed9 c\u1ee9ng v\u00e0 kh\u1ea3 n\u0103ng ch\u1ed1ng tr\u1ea7y x\u01b0\u1edbc hi\u1ec7u qu\u1ea3, gi\u1eef cho s\u1ea3n ph\u1ea9m lu\u00f4n nh\u01b0 m\u1edbi trong th\u1eddi gian d\u00e0i s\u1eed d\u1ee5ng.<\/span><\/li>\n<li data-hveid=\"CAEIBBAI\" data-complete=\"true\" data-sae=\"\"><span class=\"T286Pc\" style=\"color: #000000; font-size: 12pt;\" data-sfc-cp=\"\" data-complete=\"true\"><strong class=\"Yjhzub\" data-complete=\"true\">\u0110\u1ed9 b\u1ec1n cao:<\/strong>\u00a0Ch\u1ea5t li\u1ec7u PC cao c\u1ea5p ch\u1ecbu \u0111\u01b0\u1ee3c nhi\u1ec7t \u0111\u1ed9 t\u1eeb -20 \u0111\u1ebfn 70 \u0111\u1ed9 C, \u0111\u1ea3m b\u1ea3o \u0111\u1ed9 b\u1ec1n v\u00e0 an to\u00e0n khi s\u1eed d\u1ee5ng.<\/span><\/li>\n<li data-hveid=\"CAEIBBAJ\" data-complete=\"true\" data-sae=\"\"><span class=\"T286Pc\" style=\"color: #000000; font-size: 12pt;\" data-sfc-cp=\"\" data-complete=\"true\"><strong class=\"Yjhzub\" data-complete=\"true\">T\u01b0\u01a1ng th\u00edch:<\/strong>\u00a0S\u1ea3n ph\u1ea9m l\u00e0 m\u1eb7t che, c\u1ea7n l\u1eafp \u0111\u1eb7t k\u00e8m v\u1edbi c\u00e1c h\u1ea1t c\u00f4ng t\u1eafc, \u1ed5 c\u1eafm d\u00f2ng VPRO (c\u1ee1 S) t\u01b0\u01a1ng \u1ee9ng \u0111\u1ec3 ho\u00e0n thi\u1ec7n b\u1ed9 s\u1ea3n ph\u1ea9m.<\/span><\/li>\n<\/ul>\n<\/li>\n<li data-hveid=\"CAEIBBAK\" data-sae=\"\" data-complete=\"true\"><span style=\"color: #000000; font-size: 12pt;\"><span class=\"T286Pc\" data-sfc-cp=\"\" data-complete=\"true\"><strong class=\"Yjhzub\" data-complete=\"true\">B\u1ea3o h\u00e0nh:<\/strong>\u00a0S\u1ea3n ph\u1ea9m th\u01b0\u1eddng \u0111\u01b0\u1ee3c b\u1ea3o h\u00e0nh ch\u00ednh h\u00e3ng l\u00ean \u0111\u1ebfn 12 n\u0103m.<\/span><\/span><\/li>\n<\/ul>\n<p class=\"Y3BBE\" data-hveid=\"CAEIBRAA\" data-complete=\"true\" data-processed=\"true\"><span style=\"color: #000000; font-size: 12pt;\">S\u1ea3n ph\u1ea9m n\u00e0y l\u00e0 l\u1ef1a ch\u1ecdn l\u00fd t\u01b0\u1edfng cho c\u00e1c d\u1ef1 \u00e1n kh\u00e1ch s\u1ea1n cao c\u1ea5p, bi\u1ec7t th\u1ef1 ho\u1eb7c c\u0103n h\u1ed9 chung c\u01b0 hi\u1ec7n \u0111\u1ea1i, n\u01a1i m\u00e0 y\u00eau c\u1ea7u v\u1ec1 th\u1ea9m m\u1ef9 v\u00e0 ch\u1ea5t l\u01b0\u1ee3ng \u0111\u01b0\u1ee3c \u0111\u1eb7t l\u00ean h\u00e0ng \u0111\u1ea7u.<\/span><\/p>\n<p class=\"Y3BBE\" data-hveid=\"CAEICBAA\" data-complete=\"true\" data-processed=\"true\"><span style=\"font-size: 12pt; color: #000000;\"><strong>LI\u00caN H\u1ec6 : Hotline: 0935 228 204 ( Ms Lam )<\/strong><\/span><\/p>\n<p><span style=\"font-size: 12pt; color: #000000;\"><strong>Facebook:\u00a0<span style=\"color: #ff6600;\"><a style=\"color: #ff6600;\" href=\"https:\/\/www.facebook.com\/thietbidienlama\" target=\"_blank\" rel=\"noopener\">THI\u1ebeT\u00a0B\u1eca \u0110I\u1ec6N LAMA<\/a><\/span><\/strong><\/span><\/p>\n<p><span style=\"font-size: 12pt; color: #000000;\"><strong>Tiktok:\u00a0<span style=\"color: #ff6600;\"><a style=\"color: #ff6600;\" href=\"https:\/\/www.tiktok.com\/@thietbidienlama\" target=\"_blank\" rel=\"noopener\">THI\u1ebeT\u00a0B\u1eca \u0110I\u1ec6N LAMA<\/a><\/span><\/strong><\/span><\/p>\n<p><span style=\"font-size: 12pt; color: #000000;\"><strong>Youtube: <span style=\"color: #ff6600;\"><a style=\"color: #ff6600;\" href=\"https:\/\/www.youtube.com\/@thietbidienlama\" target=\"_blank\" rel=\"noopener\">THI\u1ebeT\u00a0B\u1eca \u0110I\u1ec6N LAMA<\/a><\/span><\/strong><\/span><\/p>","protected":false},"excerpt":{"rendered":"<p>M\u1eb7t 2 UTEN D\u00f2ng VPRO M\u00e0u V\u00e0ng M\u1eb7t k\u00ednh sapphire M\u1eb7t 2 UTEN D\u00f2ng VPRO M\u00e0u V\u00e0ng M\u1eb7t k\u00ednh sapphire<\/p>","protected":false},"featured_media":13700,"comment_status":"closed","ping_status":"closed","template":"","meta":[],"product_brand":[],"product_cat":[991,992],"product_tag":[998,993,999],"class_list":{"0":"post-13699","1":"product","2":"type-product","3":"status-publish","4":"has-post-thumbnail","6":"product_cat-mat-cong-tac-uten","7":"product_cat-mat-kinh-vpro-uten","8":"product_tag-mat-2-uten","9":"product_tag-mat-2-uten-dong-vpro","10":"product_tag-mat-2-uten-dong-vpro-mau-vang","12":"first","13":"instock","14":"sale","15":"shipping-taxable","16":"purchasable","17":"product-type-simple"},"_links":{"self":[{"href":"https:\/\/www.thietbidienlama.com\/en\/wp-json\/wp\/v2\/product\/13699","targetHints":{"allow":["GET"]}}],"collection":[{"href":"https:\/\/www.thietbidienlama.com\/en\/wp-json\/wp\/v2\/product"}],"about":[{"href":"https:\/\/www.thietbidienlama.com\/en\/wp-json\/wp\/v2\/types\/product"}],"replies":[{"embeddable":true,"href":"https:\/\/www.thietbidienlama.com\/en\/wp-json\/wp\/v2\/comments?post=13699"}],"version-history":[{"count":2,"href":"https:\/\/www.thietbidienlama.com\/en\/wp-json\/wp\/v2\/product\/13699\/revisions"}],"predecessor-version":[{"id":13702,"href":"https:\/\/www.thietbidienlama.com\/en\/wp-json\/wp\/v2\/product\/13699\/revisions\/13702"}],"wp:featuredmedia":[{"embeddable":true,"href":"https:\/\/www.thietbidienlama.com\/en\/wp-json\/wp\/v2\/media\/13700"}],"wp:attachment":[{"href":"https:\/\/www.thietbidienlama.com\/en\/wp-json\/wp\/v2\/media?parent=13699"}],"wp:term":[{"taxonomy":"product_brand","embeddable":true,"href":"https:\/\/www.thietbidienlama.com\/en\/wp-json\/wp\/v2\/product_brand?post=13699"},{"taxonomy":"product_cat","embeddable":true,"href":"https:\/\/www.thietbidienlama.com\/en\/wp-json\/wp\/v2\/product_cat?post=13699"},{"taxonomy":"product_tag","embeddable":true,"href":"https:\/\/www.thietbidienlama.com\/en\/wp-json\/wp\/v2\/product_tag?post=13699"}],"curies":[{"name":"wp","href":"https:\/\/api.w.org\/{rel}","templated":true}]}}